{"id":18423,"date":"2018-01-11T11:03:37","date_gmt":"2018-01-11T09:03:37","guid":{"rendered":"http:\/\/www.ledizioni.it\/?post_type=product&#038;p=18423"},"modified":"2021-05-25T15:33:35","modified_gmt":"2021-05-25T13:33:35","slug":"africana-rivista-di-studi-extraeuropei-2017","status":"publish","type":"product","link":"https:\/\/www.ledizioni.it\/en\/product\/africana-rivista-di-studi-extraeuropei-2017\/","title":{"rendered":"Africana &#8211; Rivista di studi extraeuropei 2017"},"content":{"rendered":"<p>ISBN: 9788867056811<br \/>\nISSN: 15929639<br \/>\nPrezzo cartaceo: 15,00\u00a0\u20ac<\/p>\n<p style=\"text-align: left;\"><strong>INDICE<\/strong><\/p>\n<ul>\n<li style=\"text-align: justify;\">NADUA ANTONELLI, Le origini e l\u2019evoluzione delle scienze fisiche in Africa, America Latina, Asia e Oceania<\/li>\n<li style=\"text-align: justify;\">GIOVANNI ARMILLOTTA, Da Pietrogrado alla Camciatca. Le elezioni democratiche euroasiatiche russe di cent\u2019anni fa e la Flotta del Baltico<\/li>\n<li style=\"text-align: justify;\">CHIARA D\u2019AURIA, Fascismo e Santa Sede in Cina. Uno studio preliminare dei rapporti tra fascismo e Vaticano nella Cina tra gli anni Venti e Trenta<\/li>\n<li style=\"text-align: justify;\">WILLAM BAVONE, Venezuela: radiografia di una crisi cronica<\/li>\n<li style=\"text-align: justify;\">ALESSANDRO BEDINI, Alcune riflessioni sul fenomeno del populismo e del peronismo nelle Americhe<\/li>\n<li style=\"text-align: justify;\">MARCO COCHI, Biafra fifty years on. The heritage of the conflict that shook Nigeria\u2019s Federation<\/li>\n<li style=\"text-align: justify;\">MASSIMILIANO FERRARA,\u00a0Sudafrica: tra fertilit\u00e0 e stratificazioni razziali<\/li>\n<li style=\"text-align: justify;\">LUIGI GUARNIERI CAL\u00d3 CARDUCCI,\u00a0Naci\u00f3n e historia en el pensamiento peruano de la Generaci\u00f3n del \u2019900: V\u00edctor Andr\u00e9s Bela\u00fande<\/li>\n<li style=\"text-align: justify;\">FLORA LILIANA MENICOCCI, Somalia: alle origini del conflitto<\/li>\n<li style=\"text-align: justify;\">NICOLA NERI, Guglielmo Massaja e la spedizione di Magdala<\/li>\n<li style=\"text-align: justify;\">MASSIMILIANO PEZZI, La diplomazia europea a Costantinopoli fra Sette e Ottocento<\/li>\n<li style=\"text-align: justify;\">FRANCESCO TAMBURINI,\u00a0The Maghreb countries between hybrid regimes, constitutionalism and the instrumentalization of Isl\u0101m<\/li>\n<li style=\"text-align: justify;\">ALESSIA TORTOLINI,\u00a0La Repubblica Islamica dell\u2019Iran tra secolarizzazione istituzionale e ierocrazia<\/li>\n<li style=\"text-align: justify;\">MAURIZIO VERNASSA,\u00a0\u2018Principi mercanti\u2019: Pilade Del Buono e l\u2019impresa mineraria italiana <em>Lanzoni, Martini &amp; C.<\/em> in Venezuela (1898-1905)<\/li>\n<li style=\"text-align: justify;\">ALESSANDRO VOLTERRA, L\u2019VIII Olimpiade di Parigi del 1924 con la partecipazione di alcuni ascari e la nascita dello sport in Eritrea<\/li>\n<\/ul>\n<p><a href=\"https:\/\/www.torrossa.com\/it\/resources\/an\/4314854\"><img decoding=\"async\" class=\"aligncenter wp-image-23912\" src=\"https:\/\/www.ledizioni.it\/stag\/wp-content\/uploads\/2019\/07\/torrossa_web-150x80.jpg\" alt=\"\" width=\"200\" height=\"60\" \/><\/a><\/p>","protected":false},"excerpt":{"rendered":"<p>ISBN: 9788867056811 ISSN: 15929639 Prezzo cartaceo: 15,00\u00a0\u20ac INDICE NADUA ANTONELLI, Le origini e l\u2019evoluzione delle scienze fisiche in Africa, America<\/p>","protected":false},"featured_media":18424,"comment_status":"open","ping_status":"closed","template":"","meta":{"_acf_changed":false},"product_brand":[],"product_cat":[1303],"product_tag":[982,2261,2482,1865],"class_list":{"0":"post-18423","1":"product","2":"type-product","3":"status-publish","4":"has-post-thumbnail","6":"product_cat-africana","7":"product_tag-africa","8":"product_tag-asia","9":"product_tag-extraeuropa","10":"product_tag-medioriente","12":"first","13":"instock","14":"featured","15":"shipping-taxable","16":"purchasable","17":"product-type-simple"},"acf":[],"yoast_head":"<!-- This site is optimized with the Yoast SEO plugin v27.3 - https:\/\/yoast.com\/product\/yoast-seo-wordpress\/ -->\n<title>Africana - Rivista di studi extraeuropei 2017 -<\/title>\n<meta name=\"description\" content=\"Ledizioni - Innovative Publishing. Casa editrice universitaria. Open Access. eBook, ePub. Creative Commons.\" \/>\n<meta name=\"robots\" content=\"index, follow, max-snippet:-1, max-image-preview:large, max-video-preview:-1\" \/>\n<link rel=\"canonical\" href=\"https:\/\/www.ledizioni.it\/en\/product\/africana-rivista-di-studi-extraeuropei-2017\/\" \/>\n<meta property=\"og:locale\" content=\"en_GB\" \/>\n<meta property=\"og:type\" content=\"article\" \/>\n<meta property=\"og:title\" content=\"Africana - Rivista di studi extraeuropei 2017 -\" \/>\n<meta property=\"og:description\" content=\"Ledizioni - Innovative Publishing. Casa editrice universitaria. Open Access. eBook, ePub. Creative Commons.\" \/>\n<meta property=\"og:url\" content=\"https:\/\/www.ledizioni.it\/en\/product\/africana-rivista-di-studi-extraeuropei-2017\/\" \/>\n<meta property=\"og:site_name\" content=\"Ledizioni\" \/>\n<meta property=\"article:publisher\" content=\"https:\/\/www.facebook.com\/pages\/Ledizioni-LediPublishing\/109120559173329\" \/>\n<meta property=\"article:modified_time\" content=\"2021-05-25T13:33:35+00:00\" \/>\n<meta property=\"og:image\" content=\"https:\/\/www.ledizioni.it\/stag\/wp-content\/uploads\/2018\/01\/cover_3D-1.jpg\" \/>\n\t<meta property=\"og:image:width\" content=\"1510\" \/>\n\t<meta property=\"og:image:height\" content=\"1944\" \/>\n\t<meta property=\"og:image:type\" content=\"image\/jpeg\" \/>\n<meta name=\"twitter:card\" content=\"summary_large_image\" \/>\n<meta name=\"twitter:site\" content=\"@ledizioni\" \/>\n<meta name=\"twitter:label1\" content=\"Estimated reading time\" \/>\n\t<meta name=\"twitter:data1\" content=\"1 minute\" \/>\n<script type=\"application\/ld+json\" class=\"yoast-schema-graph\">{\"@context\":\"https:\\\/\\\/schema.org\",\"@graph\":[{\"@type\":\"WebPage\",\"@id\":\"https:\\\/\\\/www.ledizioni.it\\\/prodotto\\\/africana-rivista-di-studi-extraeuropei-2017\\\/\",\"url\":\"https:\\\/\\\/www.ledizioni.it\\\/prodotto\\\/africana-rivista-di-studi-extraeuropei-2017\\\/\",\"name\":\"Africana - Rivista di studi extraeuropei 2017 -\",\"isPartOf\":{\"@id\":\"https:\\\/\\\/www.ledizioni.it\\\/#website\"},\"primaryImageOfPage\":{\"@id\":\"https:\\\/\\\/www.ledizioni.it\\\/prodotto\\\/africana-rivista-di-studi-extraeuropei-2017\\\/#primaryimage\"},\"image\":{\"@id\":\"https:\\\/\\\/www.ledizioni.it\\\/prodotto\\\/africana-rivista-di-studi-extraeuropei-2017\\\/#primaryimage\"},\"thumbnailUrl\":\"https:\\\/\\\/www.ledizioni.it\\\/stag\\\/wp-content\\\/uploads\\\/2018\\\/01\\\/cover_3D-1.jpg\",\"datePublished\":\"2018-01-11T09:03:37+00:00\",\"dateModified\":\"2021-05-25T13:33:35+00:00\",\"description\":\"Ledizioni - Innovative Publishing. Casa editrice universitaria. Open Access. eBook, ePub. Creative Commons.\",\"breadcrumb\":{\"@id\":\"https:\\\/\\\/www.ledizioni.it\\\/prodotto\\\/africana-rivista-di-studi-extraeuropei-2017\\\/#breadcrumb\"},\"inLanguage\":\"en-GB\",\"potentialAction\":[{\"@type\":\"ReadAction\",\"target\":[\"https:\\\/\\\/www.ledizioni.it\\\/prodotto\\\/africana-rivista-di-studi-extraeuropei-2017\\\/\"]}]},{\"@type\":\"ImageObject\",\"inLanguage\":\"en-GB\",\"@id\":\"https:\\\/\\\/www.ledizioni.it\\\/prodotto\\\/africana-rivista-di-studi-extraeuropei-2017\\\/#primaryimage\",\"url\":\"https:\\\/\\\/www.ledizioni.it\\\/stag\\\/wp-content\\\/uploads\\\/2018\\\/01\\\/cover_3D-1.jpg\",\"contentUrl\":\"https:\\\/\\\/www.ledizioni.it\\\/stag\\\/wp-content\\\/uploads\\\/2018\\\/01\\\/cover_3D-1.jpg\",\"width\":1510,\"height\":1944},{\"@type\":\"BreadcrumbList\",\"@id\":\"https:\\\/\\\/www.ledizioni.it\\\/prodotto\\\/africana-rivista-di-studi-extraeuropei-2017\\\/#breadcrumb\",\"itemListElement\":[{\"@type\":\"ListItem\",\"position\":1,\"name\":\"Shop\",\"item\":\"https:\\\/\\\/www.ledizioni.it\\\/shop-2\\\/\"},{\"@type\":\"ListItem\",\"position\":2,\"name\":\"Africana &#8211; Rivista di studi extraeuropei 2017\"}]},{\"@type\":\"WebSite\",\"@id\":\"https:\\\/\\\/www.ledizioni.it\\\/#website\",\"url\":\"https:\\\/\\\/www.ledizioni.it\\\/\",\"name\":\"Ledizioni\",\"description\":\"The Innovative LediPublishing Company - Casa Editrice Universitaria\",\"publisher\":{\"@id\":\"https:\\\/\\\/www.ledizioni.it\\\/#organization\"},\"potentialAction\":[{\"@type\":\"SearchAction\",\"target\":{\"@type\":\"EntryPoint\",\"urlTemplate\":\"https:\\\/\\\/www.ledizioni.it\\\/?s={search_term_string}\"},\"query-input\":{\"@type\":\"PropertyValueSpecification\",\"valueRequired\":true,\"valueName\":\"search_term_string\"}}],\"inLanguage\":\"en-GB\"},{\"@type\":\"Organization\",\"@id\":\"https:\\\/\\\/www.ledizioni.it\\\/#organization\",\"name\":\"Ledizioni\",\"url\":\"https:\\\/\\\/www.ledizioni.it\\\/\",\"logo\":{\"@type\":\"ImageObject\",\"inLanguage\":\"en-GB\",\"@id\":\"https:\\\/\\\/www.ledizioni.it\\\/#\\\/schema\\\/logo\\\/image\\\/\",\"url\":\"https:\\\/\\\/www.ledizioni.it\\\/stag\\\/wp-content\\\/uploads\\\/2023\\\/10\\\/newlogoledizioni500x110_2-1.jpg\",\"contentUrl\":\"https:\\\/\\\/www.ledizioni.it\\\/stag\\\/wp-content\\\/uploads\\\/2023\\\/10\\\/newlogoledizioni500x110_2-1.jpg\",\"width\":354,\"height\":87,\"caption\":\"Ledizioni\"},\"image\":{\"@id\":\"https:\\\/\\\/www.ledizioni.it\\\/#\\\/schema\\\/logo\\\/image\\\/\"},\"sameAs\":[\"https:\\\/\\\/www.facebook.com\\\/pages\\\/Ledizioni-LediPublishing\\\/109120559173329\",\"https:\\\/\\\/x.com\\\/ledizioni\"]}]}<\/script>\n<!-- \/ Yoast SEO plugin. -->","yoast_head_json":{"title":"Africana - Rivista di studi extraeuropei 2017 -","description":"Ledizioni - Innovative Publishing. Casa editrice universitaria. Open Access. eBook, ePub. Creative Commons.","robots":{"index":"index","follow":"follow","max-snippet":"max-snippet:-1","max-image-preview":"max-image-preview:large","max-video-preview":"max-video-preview:-1"},"canonical":"https:\/\/www.ledizioni.it\/en\/product\/africana-rivista-di-studi-extraeuropei-2017\/","og_locale":"en_GB","og_type":"article","og_title":"Africana - Rivista di studi extraeuropei 2017 -","og_description":"Ledizioni - Innovative Publishing. Casa editrice universitaria. Open Access. eBook, ePub. Creative Commons.","og_url":"https:\/\/www.ledizioni.it\/en\/product\/africana-rivista-di-studi-extraeuropei-2017\/","og_site_name":"Ledizioni","article_publisher":"https:\/\/www.facebook.com\/pages\/Ledizioni-LediPublishing\/109120559173329","article_modified_time":"2021-05-25T13:33:35+00:00","og_image":[{"width":1510,"height":1944,"url":"https:\/\/www.ledizioni.it\/stag\/wp-content\/uploads\/2018\/01\/cover_3D-1.jpg","type":"image\/jpeg"}],"twitter_card":"summary_large_image","twitter_site":"@ledizioni","twitter_misc":{"Estimated reading time":"1 minute"},"schema":{"@context":"https:\/\/schema.org","@graph":[{"@type":"WebPage","@id":"https:\/\/www.ledizioni.it\/prodotto\/africana-rivista-di-studi-extraeuropei-2017\/","url":"https:\/\/www.ledizioni.it\/prodotto\/africana-rivista-di-studi-extraeuropei-2017\/","name":"Africana - Rivista di studi extraeuropei 2017 -","isPartOf":{"@id":"https:\/\/www.ledizioni.it\/#website"},"primaryImageOfPage":{"@id":"https:\/\/www.ledizioni.it\/prodotto\/africana-rivista-di-studi-extraeuropei-2017\/#primaryimage"},"image":{"@id":"https:\/\/www.ledizioni.it\/prodotto\/africana-rivista-di-studi-extraeuropei-2017\/#primaryimage"},"thumbnailUrl":"https:\/\/www.ledizioni.it\/stag\/wp-content\/uploads\/2018\/01\/cover_3D-1.jpg","datePublished":"2018-01-11T09:03:37+00:00","dateModified":"2021-05-25T13:33:35+00:00","description":"Ledizioni - Innovative Publishing. Casa editrice universitaria. Open Access. eBook, ePub. Creative Commons.","breadcrumb":{"@id":"https:\/\/www.ledizioni.it\/prodotto\/africana-rivista-di-studi-extraeuropei-2017\/#breadcrumb"},"inLanguage":"en-GB","potentialAction":[{"@type":"ReadAction","target":["https:\/\/www.ledizioni.it\/prodotto\/africana-rivista-di-studi-extraeuropei-2017\/"]}]},{"@type":"ImageObject","inLanguage":"en-GB","@id":"https:\/\/www.ledizioni.it\/prodotto\/africana-rivista-di-studi-extraeuropei-2017\/#primaryimage","url":"https:\/\/www.ledizioni.it\/stag\/wp-content\/uploads\/2018\/01\/cover_3D-1.jpg","contentUrl":"https:\/\/www.ledizioni.it\/stag\/wp-content\/uploads\/2018\/01\/cover_3D-1.jpg","width":1510,"height":1944},{"@type":"BreadcrumbList","@id":"https:\/\/www.ledizioni.it\/prodotto\/africana-rivista-di-studi-extraeuropei-2017\/#breadcrumb","itemListElement":[{"@type":"ListItem","position":1,"name":"Shop","item":"https:\/\/www.ledizioni.it\/shop-2\/"},{"@type":"ListItem","position":2,"name":"Africana &#8211; Rivista di studi extraeuropei 2017"}]},{"@type":"WebSite","@id":"https:\/\/www.ledizioni.it\/#website","url":"https:\/\/www.ledizioni.it\/","name":"Ledizioni","description":"The Innovative LediPublishing Company - Casa Editrice Universitaria","publisher":{"@id":"https:\/\/www.ledizioni.it\/#organization"},"potentialAction":[{"@type":"SearchAction","target":{"@type":"EntryPoint","urlTemplate":"https:\/\/www.ledizioni.it\/?s={search_term_string}"},"query-input":{"@type":"PropertyValueSpecification","valueRequired":true,"valueName":"search_term_string"}}],"inLanguage":"en-GB"},{"@type":"Organization","@id":"https:\/\/www.ledizioni.it\/#organization","name":"Ledizioni","url":"https:\/\/www.ledizioni.it\/","logo":{"@type":"ImageObject","inLanguage":"en-GB","@id":"https:\/\/www.ledizioni.it\/#\/schema\/logo\/image\/","url":"https:\/\/www.ledizioni.it\/stag\/wp-content\/uploads\/2023\/10\/newlogoledizioni500x110_2-1.jpg","contentUrl":"https:\/\/www.ledizioni.it\/stag\/wp-content\/uploads\/2023\/10\/newlogoledizioni500x110_2-1.jpg","width":354,"height":87,"caption":"Ledizioni"},"image":{"@id":"https:\/\/www.ledizioni.it\/#\/schema\/logo\/image\/"},"sameAs":["https:\/\/www.facebook.com\/pages\/Ledizioni-LediPublishing\/109120559173329","https:\/\/x.com\/ledizioni"]}]}},"jetpack_sharing_enabled":true,"_links":{"self":[{"href":"https:\/\/www.ledizioni.it\/en\/wp-json\/wp\/v2\/product\/18423","targetHints":{"allow":["GET"]}}],"collection":[{"href":"https:\/\/www.ledizioni.it\/en\/wp-json\/wp\/v2\/product"}],"about":[{"href":"https:\/\/www.ledizioni.it\/en\/wp-json\/wp\/v2\/types\/product"}],"replies":[{"embeddable":true,"href":"https:\/\/www.ledizioni.it\/en\/wp-json\/wp\/v2\/comments?post=18423"}],"version-history":[{"count":0,"href":"https:\/\/www.ledizioni.it\/en\/wp-json\/wp\/v2\/product\/18423\/revisions"}],"wp:featuredmedia":[{"embeddable":true,"href":"https:\/\/www.ledizioni.it\/en\/wp-json\/wp\/v2\/media\/18424"}],"wp:attachment":[{"href":"https:\/\/www.ledizioni.it\/en\/wp-json\/wp\/v2\/media?parent=18423"}],"wp:term":[{"taxonomy":"product_brand","embeddable":true,"href":"https:\/\/www.ledizioni.it\/en\/wp-json\/wp\/v2\/product_brand?post=18423"},{"taxonomy":"product_cat","embeddable":true,"href":"https:\/\/www.ledizioni.it\/en\/wp-json\/wp\/v2\/product_cat?post=18423"},{"taxonomy":"product_tag","embeddable":true,"href":"https:\/\/www.ledizioni.it\/en\/wp-json\/wp\/v2\/product_tag?post=18423"}],"curies":[{"name":"wp","href":"https:\/\/api.w.org\/{rel}","templated":true}]}}