{"id":18492,"date":"2018-01-29T11:26:09","date_gmt":"2018-01-29T09:26:09","guid":{"rendered":"http:\/\/www.ledizioni.it\/?post_type=product&#038;p=18492"},"modified":"2021-06-11T17:30:52","modified_gmt":"2021-06-11T15:30:52","slug":"s-ligato-servizio-google-apps-trucchi-fantastici-dove-trovarli","status":"publish","type":"product","link":"https:\/\/www.ledizioni.it\/en\/product\/s-ligato-servizio-google-apps-trucchi-fantastici-dove-trovarli\/","title":{"rendered":"SERVIZIO GOOGLE APPS: TRUCCHI FANTASTICI E DOVE TROVARLI"},"content":{"rendered":"<div style=\"text-align: justify;\">Sei davvero sicuro di conoscere tutte le potenzialit\u00e0 del Servizio Google Apps&#x2122;?<\/div>\n<div style=\"text-align: justify;\">La tentazione di provare a racchiudere in un semplice ebook la miriade di trucchi o &#8220;tips and tricks&#8221; che si trovano in rete o si scoprono per caso, \u00e8 stata forte. Le applicazioni web si evolvono di continuo, si arricchiscono di nuove funzioni ed estensioni e appare evidente che porsi un simile obiettivo costituirebbe per chiunque una sfida impossibile da vincere.<\/div>\n<div style=\"text-align: justify;\">Il proposito di questa guida \u00e8 invece quello di offrirti numerosi spunti affinch\u00e9 tu possa, da questo momento in avanti, ottenere il massimo dalla suite di applicazioni Google nel lavoro di tutti i giorni e sapere come e dove cercare nuovi stimoli per utilizzarle in modo creativo nella didattica.<\/div>\n<div style=\"text-align: justify;\">Un \u201csemplice\u201d elaboratore testi come il Programma di elaborazione testi basato sul Web Google Docs&#x2122;, o pi\u00f9 semplicemente Google Documenti, pu\u00f2 infatti trasformarsi in un ottimo strumento compensativo per la scrittura mediante dettatura, o in un editor di documenti da esportare e di cui fruire in forma di ebook, o ancora in un documento su cui verbalizzare in modo collaborativo i punti salienti di una riunione. Un semplice strumento per la creazione di presentazioni elettroniche pu\u00f2 invece diventare, grazie ad alcuni accorgimenti, la tecnologia di base per esperienze di realt\u00e0 virtuale, di narrativa interattiva o di storytelling in stop motion.<\/div>\n<div style=\"text-align: justify;\">Il testo \u00e8 adatto a chi \u00e8 alle prime armi ma anche a chi ha gi\u00e0 esperienza in questo ambito, poich\u00e9 mostra come estendere le funzionalit\u00e0 delle applicazioni e aumentare in modo significativo il livello di produttivit\u00e0, soprattutto in relazione ad attivit\u00e0 ripetitive come la creazione in serie di documenti personalizzati o la gestione di una newsletter.<\/div>\n<div style=\"text-align: justify;\">Vuoi ottenere il massimo nel lavoro e nella didattica? \u201cServizio Google Apps&#x2122;: Trucchi Fantastici e Dove Trovarli\u201d merita un posto nella tua collezione di ebook!<\/div>\n<div><\/div>\n<div><a href=\"http:\/\/www.ledizioni.it\/stag\/wp-content\/uploads\/2018\/06\/Primo-cap_GoogleApps.pdf\"><strong>Scarica gratuitamente il primo capitolo<\/strong><\/a><\/div>\n<div><strong>DATI BIBLIOGRAFICI<\/strong><br \/>\nAutore: Sergio Ligato<br \/>\nEditore: Ledizioni<br \/>\nPubblicato nel: gennaio 2018<br \/>\nFormato: brossura, 135 p. &#8211; ePub<br \/>\nISBN ePub: 9788867057184<br \/>\nISBN cartaceo: 9788867057221<br \/>\nPrezzo ePub: 4.99 \u20ac<br \/>\nPrezzo cartaceo: 16 \u20ac<\/div>\n<p><a href=\"https:\/\/www.torrossa.com\/it\/resources\/an\/4375895\"><img decoding=\"async\" class=\"aligncenter wp-image-23912\" src=\"https:\/\/www.ledizioni.it\/stag\/wp-content\/uploads\/2019\/07\/torrossa_web-150x80.jpg\" alt=\"\" width=\"200\" height=\"60\" \/><\/a><\/p>","protected":false},"excerpt":{"rendered":"<p>Sei davvero sicuro di conoscere tutte le potenzialit\u00e0 del Servizio Google Apps&#x2122;? La tentazione di provare a racchiudere in un<\/p>","protected":false},"featured_media":18493,"comment_status":"open","ping_status":"closed","template":"","meta":{"_acf_changed":false},"product_brand":[],"product_cat":[763],"product_tag":[805,934,722,853,1018],"class_list":{"0":"post-18492","1":"product","2":"type-product","3":"status-publish","4":"has-post-thumbnail","6":"product_cat-didattica-scienze-umane-2","7":"product_tag-digitale-2","8":"product_tag-google","9":"product_tag-informatica-2","10":"product_tag-social-media","11":"product_tag-tecnologia","12":"pa_formato-cartaceo","13":"pa_formato-ebook-in-epub","15":"first","16":"instock","17":"shipping-taxable","18":"purchasable","19":"product-type-variable","20":"has-default-attributes"},"acf":[],"yoast_head":"<!-- This site is optimized with the Yoast SEO plugin v27.3 - https:\/\/yoast.com\/product\/yoast-seo-wordpress\/ -->\n<title>SERVIZIO GOOGLE APPS: TRUCCHI FANTASTICI E DOVE TROVARLI -<\/title>\n<meta name=\"description\" content=\"Ledizioni - Innovative Publishing. Casa editrice universitaria. Open Access. eBook, ePub. Creative Commons.\" \/>\n<meta name=\"robots\" content=\"index, follow, max-snippet:-1, max-image-preview:large, max-video-preview:-1\" \/>\n<link rel=\"canonical\" href=\"https:\/\/www.ledizioni.it\/en\/product\/s-ligato-servizio-google-apps-trucchi-fantastici-dove-trovarli\/\" \/>\n<meta property=\"og:locale\" content=\"en_GB\" \/>\n<meta property=\"og:type\" content=\"article\" \/>\n<meta property=\"og:title\" content=\"SERVIZIO GOOGLE APPS: TRUCCHI FANTASTICI E DOVE TROVARLI -\" \/>\n<meta property=\"og:description\" content=\"Ledizioni - Innovative Publishing. Casa editrice universitaria. Open Access. eBook, ePub. Creative Commons.\" \/>\n<meta property=\"og:url\" content=\"https:\/\/www.ledizioni.it\/en\/product\/s-ligato-servizio-google-apps-trucchi-fantastici-dove-trovarli\/\" \/>\n<meta property=\"og:site_name\" content=\"Ledizioni\" \/>\n<meta property=\"article:publisher\" content=\"https:\/\/www.facebook.com\/pages\/Ledizioni-LediPublishing\/109120559173329\" \/>\n<meta property=\"article:modified_time\" content=\"2021-06-11T15:30:52+00:00\" \/>\n<meta property=\"og:image\" content=\"https:\/\/www.ledizioni.it\/stag\/wp-content\/uploads\/2018\/01\/Ligato_3D1.jpg\" \/>\n\t<meta property=\"og:image:width\" content=\"472\" \/>\n\t<meta property=\"og:image:height\" content=\"709\" \/>\n\t<meta property=\"og:image:type\" content=\"image\/jpeg\" \/>\n<meta name=\"twitter:card\" content=\"summary_large_image\" \/>\n<meta name=\"twitter:site\" content=\"@ledizioni\" \/>\n<meta name=\"twitter:label1\" content=\"Estimated reading time\" \/>\n\t<meta name=\"twitter:data1\" content=\"2 minutes\" \/>\n<script type=\"application\/ld+json\" class=\"yoast-schema-graph\">{\"@context\":\"https:\\\/\\\/schema.org\",\"@graph\":[{\"@type\":\"WebPage\",\"@id\":\"https:\\\/\\\/www.ledizioni.it\\\/prodotto\\\/s-ligato-servizio-google-apps-trucchi-fantastici-dove-trovarli\\\/\",\"url\":\"https:\\\/\\\/www.ledizioni.it\\\/prodotto\\\/s-ligato-servizio-google-apps-trucchi-fantastici-dove-trovarli\\\/\",\"name\":\"SERVIZIO GOOGLE APPS: TRUCCHI FANTASTICI E DOVE TROVARLI -\",\"isPartOf\":{\"@id\":\"https:\\\/\\\/www.ledizioni.it\\\/#website\"},\"primaryImageOfPage\":{\"@id\":\"https:\\\/\\\/www.ledizioni.it\\\/prodotto\\\/s-ligato-servizio-google-apps-trucchi-fantastici-dove-trovarli\\\/#primaryimage\"},\"image\":{\"@id\":\"https:\\\/\\\/www.ledizioni.it\\\/prodotto\\\/s-ligato-servizio-google-apps-trucchi-fantastici-dove-trovarli\\\/#primaryimage\"},\"thumbnailUrl\":\"https:\\\/\\\/www.ledizioni.it\\\/stag\\\/wp-content\\\/uploads\\\/2018\\\/01\\\/Ligato_3D1.jpg\",\"datePublished\":\"2018-01-29T09:26:09+00:00\",\"dateModified\":\"2021-06-11T15:30:52+00:00\",\"description\":\"Ledizioni - Innovative Publishing. Casa editrice universitaria. Open Access. eBook, ePub. Creative Commons.\",\"breadcrumb\":{\"@id\":\"https:\\\/\\\/www.ledizioni.it\\\/prodotto\\\/s-ligato-servizio-google-apps-trucchi-fantastici-dove-trovarli\\\/#breadcrumb\"},\"inLanguage\":\"en-GB\",\"potentialAction\":[{\"@type\":\"ReadAction\",\"target\":[\"https:\\\/\\\/www.ledizioni.it\\\/prodotto\\\/s-ligato-servizio-google-apps-trucchi-fantastici-dove-trovarli\\\/\"]}]},{\"@type\":\"ImageObject\",\"inLanguage\":\"en-GB\",\"@id\":\"https:\\\/\\\/www.ledizioni.it\\\/prodotto\\\/s-ligato-servizio-google-apps-trucchi-fantastici-dove-trovarli\\\/#primaryimage\",\"url\":\"https:\\\/\\\/www.ledizioni.it\\\/stag\\\/wp-content\\\/uploads\\\/2018\\\/01\\\/Ligato_3D1.jpg\",\"contentUrl\":\"https:\\\/\\\/www.ledizioni.it\\\/stag\\\/wp-content\\\/uploads\\\/2018\\\/01\\\/Ligato_3D1.jpg\",\"width\":472,\"height\":709},{\"@type\":\"BreadcrumbList\",\"@id\":\"https:\\\/\\\/www.ledizioni.it\\\/prodotto\\\/s-ligato-servizio-google-apps-trucchi-fantastici-dove-trovarli\\\/#breadcrumb\",\"itemListElement\":[{\"@type\":\"ListItem\",\"position\":1,\"name\":\"Shop\",\"item\":\"https:\\\/\\\/www.ledizioni.it\\\/shop-2\\\/\"},{\"@type\":\"ListItem\",\"position\":2,\"name\":\"SERVIZIO GOOGLE APPS: TRUCCHI FANTASTICI E DOVE TROVARLI\"}]},{\"@type\":\"WebSite\",\"@id\":\"https:\\\/\\\/www.ledizioni.it\\\/#website\",\"url\":\"https:\\\/\\\/www.ledizioni.it\\\/\",\"name\":\"Ledizioni\",\"description\":\"The Innovative LediPublishing Company - Casa Editrice Universitaria\",\"publisher\":{\"@id\":\"https:\\\/\\\/www.ledizioni.it\\\/#organization\"},\"potentialAction\":[{\"@type\":\"SearchAction\",\"target\":{\"@type\":\"EntryPoint\",\"urlTemplate\":\"https:\\\/\\\/www.ledizioni.it\\\/?s={search_term_string}\"},\"query-input\":{\"@type\":\"PropertyValueSpecification\",\"valueRequired\":true,\"valueName\":\"search_term_string\"}}],\"inLanguage\":\"en-GB\"},{\"@type\":\"Organization\",\"@id\":\"https:\\\/\\\/www.ledizioni.it\\\/#organization\",\"name\":\"Ledizioni\",\"url\":\"https:\\\/\\\/www.ledizioni.it\\\/\",\"logo\":{\"@type\":\"ImageObject\",\"inLanguage\":\"en-GB\",\"@id\":\"https:\\\/\\\/www.ledizioni.it\\\/#\\\/schema\\\/logo\\\/image\\\/\",\"url\":\"https:\\\/\\\/www.ledizioni.it\\\/stag\\\/wp-content\\\/uploads\\\/2023\\\/10\\\/newlogoledizioni500x110_2-1.jpg\",\"contentUrl\":\"https:\\\/\\\/www.ledizioni.it\\\/stag\\\/wp-content\\\/uploads\\\/2023\\\/10\\\/newlogoledizioni500x110_2-1.jpg\",\"width\":354,\"height\":87,\"caption\":\"Ledizioni\"},\"image\":{\"@id\":\"https:\\\/\\\/www.ledizioni.it\\\/#\\\/schema\\\/logo\\\/image\\\/\"},\"sameAs\":[\"https:\\\/\\\/www.facebook.com\\\/pages\\\/Ledizioni-LediPublishing\\\/109120559173329\",\"https:\\\/\\\/x.com\\\/ledizioni\"]}]}<\/script>\n<!-- \/ Yoast SEO plugin. -->","yoast_head_json":{"title":"SERVIZIO GOOGLE APPS: TRUCCHI FANTASTICI E DOVE TROVARLI -","description":"Ledizioni - Innovative Publishing. Casa editrice universitaria. Open Access. eBook, ePub. Creative Commons.","robots":{"index":"index","follow":"follow","max-snippet":"max-snippet:-1","max-image-preview":"max-image-preview:large","max-video-preview":"max-video-preview:-1"},"canonical":"https:\/\/www.ledizioni.it\/en\/product\/s-ligato-servizio-google-apps-trucchi-fantastici-dove-trovarli\/","og_locale":"en_GB","og_type":"article","og_title":"SERVIZIO GOOGLE APPS: TRUCCHI FANTASTICI E DOVE TROVARLI -","og_description":"Ledizioni - Innovative Publishing. Casa editrice universitaria. Open Access. eBook, ePub. Creative Commons.","og_url":"https:\/\/www.ledizioni.it\/en\/product\/s-ligato-servizio-google-apps-trucchi-fantastici-dove-trovarli\/","og_site_name":"Ledizioni","article_publisher":"https:\/\/www.facebook.com\/pages\/Ledizioni-LediPublishing\/109120559173329","article_modified_time":"2021-06-11T15:30:52+00:00","og_image":[{"width":472,"height":709,"url":"https:\/\/www.ledizioni.it\/stag\/wp-content\/uploads\/2018\/01\/Ligato_3D1.jpg","type":"image\/jpeg"}],"twitter_card":"summary_large_image","twitter_site":"@ledizioni","twitter_misc":{"Estimated reading time":"2 minutes"},"schema":{"@context":"https:\/\/schema.org","@graph":[{"@type":"WebPage","@id":"https:\/\/www.ledizioni.it\/prodotto\/s-ligato-servizio-google-apps-trucchi-fantastici-dove-trovarli\/","url":"https:\/\/www.ledizioni.it\/prodotto\/s-ligato-servizio-google-apps-trucchi-fantastici-dove-trovarli\/","name":"SERVIZIO GOOGLE APPS: TRUCCHI FANTASTICI E DOVE TROVARLI -","isPartOf":{"@id":"https:\/\/www.ledizioni.it\/#website"},"primaryImageOfPage":{"@id":"https:\/\/www.ledizioni.it\/prodotto\/s-ligato-servizio-google-apps-trucchi-fantastici-dove-trovarli\/#primaryimage"},"image":{"@id":"https:\/\/www.ledizioni.it\/prodotto\/s-ligato-servizio-google-apps-trucchi-fantastici-dove-trovarli\/#primaryimage"},"thumbnailUrl":"https:\/\/www.ledizioni.it\/stag\/wp-content\/uploads\/2018\/01\/Ligato_3D1.jpg","datePublished":"2018-01-29T09:26:09+00:00","dateModified":"2021-06-11T15:30:52+00:00","description":"Ledizioni - Innovative Publishing. Casa editrice universitaria. Open Access. eBook, ePub. Creative Commons.","breadcrumb":{"@id":"https:\/\/www.ledizioni.it\/prodotto\/s-ligato-servizio-google-apps-trucchi-fantastici-dove-trovarli\/#breadcrumb"},"inLanguage":"en-GB","potentialAction":[{"@type":"ReadAction","target":["https:\/\/www.ledizioni.it\/prodotto\/s-ligato-servizio-google-apps-trucchi-fantastici-dove-trovarli\/"]}]},{"@type":"ImageObject","inLanguage":"en-GB","@id":"https:\/\/www.ledizioni.it\/prodotto\/s-ligato-servizio-google-apps-trucchi-fantastici-dove-trovarli\/#primaryimage","url":"https:\/\/www.ledizioni.it\/stag\/wp-content\/uploads\/2018\/01\/Ligato_3D1.jpg","contentUrl":"https:\/\/www.ledizioni.it\/stag\/wp-content\/uploads\/2018\/01\/Ligato_3D1.jpg","width":472,"height":709},{"@type":"BreadcrumbList","@id":"https:\/\/www.ledizioni.it\/prodotto\/s-ligato-servizio-google-apps-trucchi-fantastici-dove-trovarli\/#breadcrumb","itemListElement":[{"@type":"ListItem","position":1,"name":"Shop","item":"https:\/\/www.ledizioni.it\/shop-2\/"},{"@type":"ListItem","position":2,"name":"SERVIZIO GOOGLE APPS: TRUCCHI FANTASTICI E DOVE TROVARLI"}]},{"@type":"WebSite","@id":"https:\/\/www.ledizioni.it\/#website","url":"https:\/\/www.ledizioni.it\/","name":"Ledizioni","description":"The Innovative LediPublishing Company - Casa Editrice Universitaria","publisher":{"@id":"https:\/\/www.ledizioni.it\/#organization"},"potentialAction":[{"@type":"SearchAction","target":{"@type":"EntryPoint","urlTemplate":"https:\/\/www.ledizioni.it\/?s={search_term_string}"},"query-input":{"@type":"PropertyValueSpecification","valueRequired":true,"valueName":"search_term_string"}}],"inLanguage":"en-GB"},{"@type":"Organization","@id":"https:\/\/www.ledizioni.it\/#organization","name":"Ledizioni","url":"https:\/\/www.ledizioni.it\/","logo":{"@type":"ImageObject","inLanguage":"en-GB","@id":"https:\/\/www.ledizioni.it\/#\/schema\/logo\/image\/","url":"https:\/\/www.ledizioni.it\/stag\/wp-content\/uploads\/2023\/10\/newlogoledizioni500x110_2-1.jpg","contentUrl":"https:\/\/www.ledizioni.it\/stag\/wp-content\/uploads\/2023\/10\/newlogoledizioni500x110_2-1.jpg","width":354,"height":87,"caption":"Ledizioni"},"image":{"@id":"https:\/\/www.ledizioni.it\/#\/schema\/logo\/image\/"},"sameAs":["https:\/\/www.facebook.com\/pages\/Ledizioni-LediPublishing\/109120559173329","https:\/\/x.com\/ledizioni"]}]}},"jetpack_sharing_enabled":true,"_links":{"self":[{"href":"https:\/\/www.ledizioni.it\/en\/wp-json\/wp\/v2\/product\/18492","targetHints":{"allow":["GET"]}}],"collection":[{"href":"https:\/\/www.ledizioni.it\/en\/wp-json\/wp\/v2\/product"}],"about":[{"href":"https:\/\/www.ledizioni.it\/en\/wp-json\/wp\/v2\/types\/product"}],"replies":[{"embeddable":true,"href":"https:\/\/www.ledizioni.it\/en\/wp-json\/wp\/v2\/comments?post=18492"}],"version-history":[{"count":1,"href":"https:\/\/www.ledizioni.it\/en\/wp-json\/wp\/v2\/product\/18492\/revisions"}],"predecessor-version":[{"id":19789,"href":"https:\/\/www.ledizioni.it\/en\/wp-json\/wp\/v2\/product\/18492\/revisions\/19789"}],"wp:featuredmedia":[{"embeddable":true,"href":"https:\/\/www.ledizioni.it\/en\/wp-json\/wp\/v2\/media\/18493"}],"wp:attachment":[{"href":"https:\/\/www.ledizioni.it\/en\/wp-json\/wp\/v2\/media?parent=18492"}],"wp:term":[{"taxonomy":"product_brand","embeddable":true,"href":"https:\/\/www.ledizioni.it\/en\/wp-json\/wp\/v2\/product_brand?post=18492"},{"taxonomy":"product_cat","embeddable":true,"href":"https:\/\/www.ledizioni.it\/en\/wp-json\/wp\/v2\/product_cat?post=18492"},{"taxonomy":"product_tag","embeddable":true,"href":"https:\/\/www.ledizioni.it\/en\/wp-json\/wp\/v2\/product_tag?post=18492"}],"curies":[{"name":"wp","href":"https:\/\/api.w.org\/{rel}","templated":true}]}}