{"id":18520,"date":"2018-02-07T09:28:32","date_gmt":"2018-02-07T09:28:32","guid":{"rendered":"http:\/\/www.ledizioni.it\/?post_type=product&#038;p=18520"},"modified":"2018-02-07T09:44:16","modified_gmt":"2018-02-07T09:44:16","slug":"cuadernos-aispi-n-102017-criterios-de-analisis-nuevas-perspectivas-en-el-estudio-de-particulas","status":"publish","type":"product","link":"https:\/\/www.ledizioni.it\/en\/product\/cuadernos-aispi-n-102017-criterios-de-analisis-nuevas-perspectivas-en-el-estudio-de-particulas\/","title":{"rendered":"Cuadernos AISPI  n. 10\/2017, CRITERIOS DE AN\u00c1LISIS Y NUEVAS PERSPECTIVAS EN EL ESTUDIO DE PART\u00cdCULAS"},"content":{"rendered":"<h3><strong>Cuadernos AISPI: Revista semestral de la Associazione Ispanisti Italiani<br \/>\n<\/strong><\/h3>\n<h3><strong>10\/2017. CRITERIOS DE AN\u00c1LISIS Y NUEVAS PERSPECTIVAS EN EL ESTUDIO DE PART\u00cdCULAS<br \/>\n<\/strong><\/h3>\n<p>&nbsp;<\/p>\n<p style=\"text-align: justify;\"><strong>Editores<\/strong><br \/>\nInmaculada Sol\u00eds Garc\u00eda<br \/>\nVictoriano Gavi\u00f1o Rodr\u00edguez<\/p>\n<ul style=\"text-align: justify;\">\n<li>Introducci\u00f3n<\/li>\n<li>Ignacio Arroyo Hern\u00e1ndez, <em>Las construcciones \u201ccausales\u201d asind\u00e9ticas<\/em> <em>en espa\u00f1ol e italiano: la perspectiva metaoperacional<\/em><\/li>\n<li>Mar\u00eda Soledad Funes, <em>Las construcciones nominales con preposici\u00f3n de en espa\u00f1ol. Un estudio desde la Ling\u00fc\u00edstica cognitiva<\/em><\/li>\n<li>Iraide Ibarretxe-Antu\u00f1ano, Alberto Hijazo-Gasc\u00f3n, Susana Mendo Murillo, <em>Preposiciones, part\u00edculas del movimiento y estilo ret\u00f3rico en ELE: un an\u00e1lisis desde la ling\u00fc\u00edstica cognitiva<\/em><\/li>\n<li>Tom\u00e1s Jim\u00e9nez Juli\u00e1,<em> Notas sobre locuciones y construcciones sint\u00e1cticas<\/em><\/li>\n<li>Elena Landone, <em>Inferencias relacionales y valores culturales en el estudio de los marcadores del discurso<\/em><\/li>\n<li>Mar\u00eda Victoria Pav\u00f3n Lucero, Avel\u00b7lina Su\u00f1er Gratac\u00f3s,<em> Usos locativos de seg\u00fan y conforme<\/em><\/li>\n<li>Salvador Pons Border\u00eda, <em>Volviendo sobre un solo tipo de reformulaci\u00f3n: una respuesta a Silvia Murillo<\/em><\/li>\n<li>Teresa Mar\u00eda Rodr\u00edguez Ramalle, P<em>art\u00edculas reformulativas y consecutivas: relaciones y convergencias<\/em><\/li>\n<li>Mar\u00eda Eugenia Sainz Gonz\u00e1lez, <em>Un problema de an\u00e1lisis procedimental: el denominado encima contraargumentativo<\/em><\/li>\n<\/ul>\n<p style=\"text-align: justify;\"><strong>SECCION GENERAL<\/strong><\/p>\n<ul style=\"text-align: justify;\">\n<li>Debora Vaccari, <em>El l\u00e9xico de los poemas de San Juan de la Cruz<\/em><\/li>\n<\/ul>\n<p style=\"text-align: justify;\"><em><br \/>\n<\/em><strong>RESE\u00d1AS<\/strong><\/p>\n<ul>\n<li style=\"text-align: justify;\"><em>Jacobo Cortines, Passione e Paesaggio (Poesie 1974-2016),<br \/>\ntraduzione a cura di Matteo Lef\u00e8vre <\/em>(Maria Caterina Ruta)<\/li>\n<li style=\"text-align: justify;\"><em>Luis de G\u00f3ngora, Il Polifemo. La Tisbe, a cura di Pietro Taravacci e Giulia Poggi<\/em> (Antonio Candeloro)<\/li>\n<li style=\"text-align: justify;\"><em>Jos\u00e9 Ram\u00f3n Fern\u00e1ndez, La terra, studio e traduzione di Enrico Di Pastena<\/em> (Simone Trecca)<\/li>\n<li style=\"text-align: justify;\"><em>Inmaculada Sol\u00eds Garc\u00eda; Elena Carpi (eds.), An\u00e1lisis y comparaci\u00f3n de las lenguas desde la perspectiva de la enunciaci\u00f3n<\/em> (Giuseppe Trovato)<\/li>\n<\/ul>\n<p>&nbsp;<\/p>\n<h3><strong>DATI BIBLIOGRAFICI<\/strong><\/h3>\n<p>Curatori: Inmaculada Sol\u00eds Garc\u00eda, Victoriano Gavi\u00f1o Rodr\u00edguez<br \/>\nEditore: Ledizioni<br \/>\nCollana: <a href=\"http:\/\/www.ledizioni.it\/en\/collane\/letteratura\/cuadernos-aispi\/\" target=\"_blank\" rel=\"noopener\">Cuadernos AISPI<\/a><br \/>\nFormato: Brossura<br \/>\nPubblicato in: dicembre 2017<br \/>\nISSN cartaceo: 2283981X<br \/>\nPrezzo cartaceo: 25.00 \u20ac<\/p>","protected":false},"excerpt":{"rendered":"<p>Cuaderno AISPI n.10\/2017<\/p>","protected":false},"featured_media":18522,"comment_status":"open","ping_status":"closed","template":"","meta":{"_acf_changed":false},"product_brand":[],"product_cat":[767],"product_tag":[768],"class_list":{"0":"post-18520","1":"product","2":"type-product","3":"status-publish","4":"has-post-thumbnail","6":"product_cat-cuadernos-aispi","7":"product_tag-ispanisti","8":"pa_formato-cartaceo","9":"pa_lingua-spagnolo","11":"first","12":"instock","13":"featured","14":"shipping-taxable","15":"purchasable","16":"product-type-simple"},"acf":[],"yoast_head":"<!-- This site is optimized with the Yoast SEO plugin v27.3 - https:\/\/yoast.com\/product\/yoast-seo-wordpress\/ -->\n<title>Cuadernos AISPI n. 10\/2017, CRITERIOS DE AN\u00c1LISIS Y NUEVAS PERSPECTIVAS EN EL ESTUDIO DE PART\u00cdCULAS -<\/title>\n<meta name=\"description\" content=\"Cuaderno AISPI n.8\/2016. Editores: Roc\u00edo Caravedo, Francisco Moreno Fern\u00e1ndez\" \/>\n<meta name=\"robots\" content=\"index, follow, max-snippet:-1, max-image-preview:large, max-video-preview:-1\" \/>\n<link rel=\"canonical\" href=\"https:\/\/www.ledizioni.it\/en\/product\/cuadernos-aispi-n-102017-criterios-de-analisis-nuevas-perspectivas-en-el-estudio-de-particulas\/\" \/>\n<meta property=\"og:locale\" content=\"en_GB\" \/>\n<meta property=\"og:type\" content=\"article\" \/>\n<meta property=\"og:title\" content=\"Cuadernos AISPI n. 10\/2017, CRITERIOS DE AN\u00c1LISIS Y NUEVAS PERSPECTIVAS EN EL ESTUDIO DE PART\u00cdCULAS -\" \/>\n<meta property=\"og:description\" content=\"Cuaderno AISPI n.8\/2016. Editores: Roc\u00edo Caravedo, Francisco Moreno Fern\u00e1ndez\" \/>\n<meta property=\"og:url\" content=\"https:\/\/www.ledizioni.it\/en\/product\/cuadernos-aispi-n-102017-criterios-de-analisis-nuevas-perspectivas-en-el-estudio-de-particulas\/\" \/>\n<meta property=\"og:site_name\" content=\"Ledizioni\" \/>\n<meta property=\"article:publisher\" content=\"https:\/\/www.facebook.com\/pages\/Ledizioni-LediPublishing\/109120559173329\" \/>\n<meta property=\"article:modified_time\" content=\"2018-02-07T09:44:16+00:00\" \/>\n<meta property=\"og:image\" content=\"https:\/\/www.ledizioni.it\/stag\/wp-content\/uploads\/2018\/02\/cover_3D.jpg\" \/>\n\t<meta property=\"og:image:width\" content=\"1480\" \/>\n\t<meta property=\"og:image:height\" content=\"1926\" \/>\n\t<meta property=\"og:image:type\" content=\"image\/jpeg\" \/>\n<meta name=\"twitter:card\" content=\"summary_large_image\" \/>\n<meta name=\"twitter:site\" content=\"@ledizioni\" \/>\n<meta name=\"twitter:label1\" content=\"Estimated reading time\" \/>\n\t<meta name=\"twitter:data1\" content=\"2 minutes\" \/>\n<script type=\"application\/ld+json\" class=\"yoast-schema-graph\">{\"@context\":\"https:\\\/\\\/schema.org\",\"@graph\":[{\"@type\":\"WebPage\",\"@id\":\"https:\\\/\\\/www.ledizioni.it\\\/prodotto\\\/cuadernos-aispi-n-102017-criterios-de-analisis-nuevas-perspectivas-en-el-estudio-de-particulas\\\/\",\"url\":\"https:\\\/\\\/www.ledizioni.it\\\/prodotto\\\/cuadernos-aispi-n-102017-criterios-de-analisis-nuevas-perspectivas-en-el-estudio-de-particulas\\\/\",\"name\":\"Cuadernos AISPI n. 10\\\/2017, CRITERIOS DE AN\u00c1LISIS Y NUEVAS PERSPECTIVAS EN EL ESTUDIO DE PART\u00cdCULAS -\",\"isPartOf\":{\"@id\":\"https:\\\/\\\/www.ledizioni.it\\\/#website\"},\"primaryImageOfPage\":{\"@id\":\"https:\\\/\\\/www.ledizioni.it\\\/prodotto\\\/cuadernos-aispi-n-102017-criterios-de-analisis-nuevas-perspectivas-en-el-estudio-de-particulas\\\/#primaryimage\"},\"image\":{\"@id\":\"https:\\\/\\\/www.ledizioni.it\\\/prodotto\\\/cuadernos-aispi-n-102017-criterios-de-analisis-nuevas-perspectivas-en-el-estudio-de-particulas\\\/#primaryimage\"},\"thumbnailUrl\":\"https:\\\/\\\/www.ledizioni.it\\\/stag\\\/wp-content\\\/uploads\\\/2018\\\/02\\\/cover_3D.jpg\",\"datePublished\":\"2018-02-07T09:28:32+00:00\",\"dateModified\":\"2018-02-07T09:44:16+00:00\",\"description\":\"Cuaderno AISPI n.8\\\/2016. Editores: Roc\u00edo Caravedo, Francisco Moreno Fern\u00e1ndez\",\"breadcrumb\":{\"@id\":\"https:\\\/\\\/www.ledizioni.it\\\/prodotto\\\/cuadernos-aispi-n-102017-criterios-de-analisis-nuevas-perspectivas-en-el-estudio-de-particulas\\\/#breadcrumb\"},\"inLanguage\":\"en-GB\",\"potentialAction\":[{\"@type\":\"ReadAction\",\"target\":[\"https:\\\/\\\/www.ledizioni.it\\\/prodotto\\\/cuadernos-aispi-n-102017-criterios-de-analisis-nuevas-perspectivas-en-el-estudio-de-particulas\\\/\"]}]},{\"@type\":\"ImageObject\",\"inLanguage\":\"en-GB\",\"@id\":\"https:\\\/\\\/www.ledizioni.it\\\/prodotto\\\/cuadernos-aispi-n-102017-criterios-de-analisis-nuevas-perspectivas-en-el-estudio-de-particulas\\\/#primaryimage\",\"url\":\"https:\\\/\\\/www.ledizioni.it\\\/stag\\\/wp-content\\\/uploads\\\/2018\\\/02\\\/cover_3D.jpg\",\"contentUrl\":\"https:\\\/\\\/www.ledizioni.it\\\/stag\\\/wp-content\\\/uploads\\\/2018\\\/02\\\/cover_3D.jpg\",\"width\":1480,\"height\":1926},{\"@type\":\"BreadcrumbList\",\"@id\":\"https:\\\/\\\/www.ledizioni.it\\\/prodotto\\\/cuadernos-aispi-n-102017-criterios-de-analisis-nuevas-perspectivas-en-el-estudio-de-particulas\\\/#breadcrumb\",\"itemListElement\":[{\"@type\":\"ListItem\",\"position\":1,\"name\":\"Shop\",\"item\":\"https:\\\/\\\/www.ledizioni.it\\\/shop-2\\\/\"},{\"@type\":\"ListItem\",\"position\":2,\"name\":\"Cuadernos AISPI n. 10\\\/2017, CRITERIOS DE AN\u00c1LISIS Y NUEVAS PERSPECTIVAS EN EL ESTUDIO DE PART\u00cdCULAS\"}]},{\"@type\":\"WebSite\",\"@id\":\"https:\\\/\\\/www.ledizioni.it\\\/#website\",\"url\":\"https:\\\/\\\/www.ledizioni.it\\\/\",\"name\":\"Ledizioni\",\"description\":\"The Innovative LediPublishing Company - Casa Editrice Universitaria\",\"publisher\":{\"@id\":\"https:\\\/\\\/www.ledizioni.it\\\/#organization\"},\"potentialAction\":[{\"@type\":\"SearchAction\",\"target\":{\"@type\":\"EntryPoint\",\"urlTemplate\":\"https:\\\/\\\/www.ledizioni.it\\\/?s={search_term_string}\"},\"query-input\":{\"@type\":\"PropertyValueSpecification\",\"valueRequired\":true,\"valueName\":\"search_term_string\"}}],\"inLanguage\":\"en-GB\"},{\"@type\":\"Organization\",\"@id\":\"https:\\\/\\\/www.ledizioni.it\\\/#organization\",\"name\":\"Ledizioni\",\"url\":\"https:\\\/\\\/www.ledizioni.it\\\/\",\"logo\":{\"@type\":\"ImageObject\",\"inLanguage\":\"en-GB\",\"@id\":\"https:\\\/\\\/www.ledizioni.it\\\/#\\\/schema\\\/logo\\\/image\\\/\",\"url\":\"https:\\\/\\\/www.ledizioni.it\\\/stag\\\/wp-content\\\/uploads\\\/2023\\\/10\\\/newlogoledizioni500x110_2-1.jpg\",\"contentUrl\":\"https:\\\/\\\/www.ledizioni.it\\\/stag\\\/wp-content\\\/uploads\\\/2023\\\/10\\\/newlogoledizioni500x110_2-1.jpg\",\"width\":354,\"height\":87,\"caption\":\"Ledizioni\"},\"image\":{\"@id\":\"https:\\\/\\\/www.ledizioni.it\\\/#\\\/schema\\\/logo\\\/image\\\/\"},\"sameAs\":[\"https:\\\/\\\/www.facebook.com\\\/pages\\\/Ledizioni-LediPublishing\\\/109120559173329\",\"https:\\\/\\\/x.com\\\/ledizioni\"]}]}<\/script>\n<!-- \/ Yoast SEO plugin. -->","yoast_head_json":{"title":"Cuadernos AISPI n. 10\/2017, CRITERIOS DE AN\u00c1LISIS Y NUEVAS PERSPECTIVAS EN EL ESTUDIO DE PART\u00cdCULAS -","description":"Cuaderno AISPI n.8\/2016. Editores: Roc\u00edo Caravedo, Francisco Moreno Fern\u00e1ndez","robots":{"index":"index","follow":"follow","max-snippet":"max-snippet:-1","max-image-preview":"max-image-preview:large","max-video-preview":"max-video-preview:-1"},"canonical":"https:\/\/www.ledizioni.it\/en\/product\/cuadernos-aispi-n-102017-criterios-de-analisis-nuevas-perspectivas-en-el-estudio-de-particulas\/","og_locale":"en_GB","og_type":"article","og_title":"Cuadernos AISPI n. 10\/2017, CRITERIOS DE AN\u00c1LISIS Y NUEVAS PERSPECTIVAS EN EL ESTUDIO DE PART\u00cdCULAS -","og_description":"Cuaderno AISPI n.8\/2016. Editores: Roc\u00edo Caravedo, Francisco Moreno Fern\u00e1ndez","og_url":"https:\/\/www.ledizioni.it\/en\/product\/cuadernos-aispi-n-102017-criterios-de-analisis-nuevas-perspectivas-en-el-estudio-de-particulas\/","og_site_name":"Ledizioni","article_publisher":"https:\/\/www.facebook.com\/pages\/Ledizioni-LediPublishing\/109120559173329","article_modified_time":"2018-02-07T09:44:16+00:00","og_image":[{"width":1480,"height":1926,"url":"https:\/\/www.ledizioni.it\/stag\/wp-content\/uploads\/2018\/02\/cover_3D.jpg","type":"image\/jpeg"}],"twitter_card":"summary_large_image","twitter_site":"@ledizioni","twitter_misc":{"Estimated reading time":"2 minutes"},"schema":{"@context":"https:\/\/schema.org","@graph":[{"@type":"WebPage","@id":"https:\/\/www.ledizioni.it\/prodotto\/cuadernos-aispi-n-102017-criterios-de-analisis-nuevas-perspectivas-en-el-estudio-de-particulas\/","url":"https:\/\/www.ledizioni.it\/prodotto\/cuadernos-aispi-n-102017-criterios-de-analisis-nuevas-perspectivas-en-el-estudio-de-particulas\/","name":"Cuadernos AISPI n. 10\/2017, CRITERIOS DE AN\u00c1LISIS Y NUEVAS PERSPECTIVAS EN EL ESTUDIO DE PART\u00cdCULAS -","isPartOf":{"@id":"https:\/\/www.ledizioni.it\/#website"},"primaryImageOfPage":{"@id":"https:\/\/www.ledizioni.it\/prodotto\/cuadernos-aispi-n-102017-criterios-de-analisis-nuevas-perspectivas-en-el-estudio-de-particulas\/#primaryimage"},"image":{"@id":"https:\/\/www.ledizioni.it\/prodotto\/cuadernos-aispi-n-102017-criterios-de-analisis-nuevas-perspectivas-en-el-estudio-de-particulas\/#primaryimage"},"thumbnailUrl":"https:\/\/www.ledizioni.it\/stag\/wp-content\/uploads\/2018\/02\/cover_3D.jpg","datePublished":"2018-02-07T09:28:32+00:00","dateModified":"2018-02-07T09:44:16+00:00","description":"Cuaderno AISPI n.8\/2016. Editores: Roc\u00edo Caravedo, Francisco Moreno Fern\u00e1ndez","breadcrumb":{"@id":"https:\/\/www.ledizioni.it\/prodotto\/cuadernos-aispi-n-102017-criterios-de-analisis-nuevas-perspectivas-en-el-estudio-de-particulas\/#breadcrumb"},"inLanguage":"en-GB","potentialAction":[{"@type":"ReadAction","target":["https:\/\/www.ledizioni.it\/prodotto\/cuadernos-aispi-n-102017-criterios-de-analisis-nuevas-perspectivas-en-el-estudio-de-particulas\/"]}]},{"@type":"ImageObject","inLanguage":"en-GB","@id":"https:\/\/www.ledizioni.it\/prodotto\/cuadernos-aispi-n-102017-criterios-de-analisis-nuevas-perspectivas-en-el-estudio-de-particulas\/#primaryimage","url":"https:\/\/www.ledizioni.it\/stag\/wp-content\/uploads\/2018\/02\/cover_3D.jpg","contentUrl":"https:\/\/www.ledizioni.it\/stag\/wp-content\/uploads\/2018\/02\/cover_3D.jpg","width":1480,"height":1926},{"@type":"BreadcrumbList","@id":"https:\/\/www.ledizioni.it\/prodotto\/cuadernos-aispi-n-102017-criterios-de-analisis-nuevas-perspectivas-en-el-estudio-de-particulas\/#breadcrumb","itemListElement":[{"@type":"ListItem","position":1,"name":"Shop","item":"https:\/\/www.ledizioni.it\/shop-2\/"},{"@type":"ListItem","position":2,"name":"Cuadernos AISPI n. 10\/2017, CRITERIOS DE AN\u00c1LISIS Y NUEVAS PERSPECTIVAS EN EL ESTUDIO DE PART\u00cdCULAS"}]},{"@type":"WebSite","@id":"https:\/\/www.ledizioni.it\/#website","url":"https:\/\/www.ledizioni.it\/","name":"Ledizioni","description":"The Innovative LediPublishing Company - Casa Editrice Universitaria","publisher":{"@id":"https:\/\/www.ledizioni.it\/#organization"},"potentialAction":[{"@type":"SearchAction","target":{"@type":"EntryPoint","urlTemplate":"https:\/\/www.ledizioni.it\/?s={search_term_string}"},"query-input":{"@type":"PropertyValueSpecification","valueRequired":true,"valueName":"search_term_string"}}],"inLanguage":"en-GB"},{"@type":"Organization","@id":"https:\/\/www.ledizioni.it\/#organization","name":"Ledizioni","url":"https:\/\/www.ledizioni.it\/","logo":{"@type":"ImageObject","inLanguage":"en-GB","@id":"https:\/\/www.ledizioni.it\/#\/schema\/logo\/image\/","url":"https:\/\/www.ledizioni.it\/stag\/wp-content\/uploads\/2023\/10\/newlogoledizioni500x110_2-1.jpg","contentUrl":"https:\/\/www.ledizioni.it\/stag\/wp-content\/uploads\/2023\/10\/newlogoledizioni500x110_2-1.jpg","width":354,"height":87,"caption":"Ledizioni"},"image":{"@id":"https:\/\/www.ledizioni.it\/#\/schema\/logo\/image\/"},"sameAs":["https:\/\/www.facebook.com\/pages\/Ledizioni-LediPublishing\/109120559173329","https:\/\/x.com\/ledizioni"]}]}},"jetpack_sharing_enabled":true,"_links":{"self":[{"href":"https:\/\/www.ledizioni.it\/en\/wp-json\/wp\/v2\/product\/18520","targetHints":{"allow":["GET"]}}],"collection":[{"href":"https:\/\/www.ledizioni.it\/en\/wp-json\/wp\/v2\/product"}],"about":[{"href":"https:\/\/www.ledizioni.it\/en\/wp-json\/wp\/v2\/types\/product"}],"replies":[{"embeddable":true,"href":"https:\/\/www.ledizioni.it\/en\/wp-json\/wp\/v2\/comments?post=18520"}],"version-history":[{"count":1,"href":"https:\/\/www.ledizioni.it\/en\/wp-json\/wp\/v2\/product\/18520\/revisions"}],"predecessor-version":[{"id":21091,"href":"https:\/\/www.ledizioni.it\/en\/wp-json\/wp\/v2\/product\/18520\/revisions\/21091"}],"wp:featuredmedia":[{"embeddable":true,"href":"https:\/\/www.ledizioni.it\/en\/wp-json\/wp\/v2\/media\/18522"}],"wp:attachment":[{"href":"https:\/\/www.ledizioni.it\/en\/wp-json\/wp\/v2\/media?parent=18520"}],"wp:term":[{"taxonomy":"product_brand","embeddable":true,"href":"https:\/\/www.ledizioni.it\/en\/wp-json\/wp\/v2\/product_brand?post=18520"},{"taxonomy":"product_cat","embeddable":true,"href":"https:\/\/www.ledizioni.it\/en\/wp-json\/wp\/v2\/product_cat?post=18520"},{"taxonomy":"product_tag","embeddable":true,"href":"https:\/\/www.ledizioni.it\/en\/wp-json\/wp\/v2\/product_tag?post=18520"}],"curies":[{"name":"wp","href":"https:\/\/api.w.org\/{rel}","templated":true}]}}