{"id":18533,"date":"2018-02-09T12:01:21","date_gmt":"2018-02-09T10:01:21","guid":{"rendered":"http:\/\/www.ledizioni.it\/?post_type=product&#038;p=18533"},"modified":"2021-06-15T17:36:54","modified_gmt":"2021-06-15T15:36:54","slug":"sara-cerneaz-onegin-di-giovanni-giudici","status":"publish","type":"product","link":"https:\/\/www.ledizioni.it\/en\/product\/sara-cerneaz-onegin-di-giovanni-giudici\/","title":{"rendered":"L&#8217;ONEGIN DI GIOVANNI GIUDICI"},"content":{"rendered":"<p style=\"text-align: justify;\">[amazon_link asins=&#8217;8867057219&#8242; template=&#8217;PriceLink1&#8242; store=&#8217;ledizioni-21&#8242; marketplace=&#8217;IT&#8217; link_id=&#8217;90e7a461-d37e-11e8-aded-d5a16853601a&#8217;]<\/p>\n<p style=\"text-align: justify;\">L\u2019inclusione ideale dell\u2019<em>Eugenio Onieghin di Aleksandr S. Pu\u0161kin in versi italiani<\/em> nell\u2019opera in versi di Giovanni Giudici \u00e8 per noi, e da tempo, un dato di fatto (posso testimoniare che solo ragioni esterne hanno fatto s\u00ec che <em>I versi della vita<\/em>, il \u00abMeridiano\u00bb che raccoglie i suoi \u201cCollected Poems\u201d, non contenga l\u2019\u00abimpresa di parole\u00bb alla quale il nostro poeta si dedic\u00f2 per almeno un trentennio). In ci\u00f2, in fondo, al di l\u00e0 delle diversit\u00e0 di gusto dei lettori, sta la differenza tra il \u201cnostro\u201d (intendo generazionalmente) <em>Eugenio Onieghin<\/em> e l\u2019<em>Evgenij Onegin<\/em> tradotto da Ettore Lo Gatto: l\u2019appartenenza indiscussa del primo alla letteratura nella nostra lingua, il suo corrispondere a una \u00abvolont\u00e0 di dire\u00bb (giusta la formula dantesca) autorale che \u00e8 di natura sorgivamente poetica. Il libro di Sara Cerneaz ci mette ora, nei confronti dei suoi primi lettori (rispondano anche ai nomi di Folena e Contini), nella condizione incomparabilmente privilegiata di chi pu\u00f2 assistere alle visitazioni, nell\u2019officina del poema, di colei che Giudici chiamava \u00abLa Dama non cercata\u00bb: quella \u00abche ebbe un tempo nome di Ispirazione\u00bb. Comincia cos\u00ec, felicemente, una nuova fase nella vita dell\u2019<em>Eugenio Onieghin<\/em> dentro la nostra letteratura. (Rodolfo Zucco)<\/p>\n<h3><strong><span style=\"color: #000000;\">DATI BIBLIOGRAFICI<\/span><\/strong><\/h3>\n<p>Autrice: Sara Cerneaz<br \/>\nEditore: Ledizioni<br \/>\nCollana: <a href=\"https:\/\/www.ledizioni.it\/en\/product-category\/umanistici\/la-ragione-critica\/\">LA RAGIONE CRITICA \/15<\/a><br \/>\nPubblicato in: Febbraio 2018<br \/>\nFormato: brossura, 386 p.<br \/>\nISBN cartaceo: 9788867057214<br \/>\nPrezzo cartaceo: 22,00 \u20ac<\/p>\n<p><a href=\"https:\/\/www.torrossa.com\/it\/resources\/an\/4376235\"><img decoding=\"async\" class=\"aligncenter wp-image-23912\" src=\"https:\/\/www.ledizioni.it\/stag\/wp-content\/uploads\/2019\/07\/torrossa_web-150x80.jpg\" alt=\"\" width=\"200\" height=\"60\" \/><\/a><\/p>","protected":false},"excerpt":{"rendered":"<p>[amazon_link asins=&#8217;8867057219&#8242; template=&#8217;PriceLink1&#8242; store=&#8217;ledizioni-21&#8242; marketplace=&#8217;IT&#8217; link_id=&#8217;90e7a461-d37e-11e8-aded-d5a16853601a&#8217;] L\u2019inclusione ideale dell\u2019Eugenio Onieghin di Aleksandr S. Pu\u0161kin in versi italiani nell\u2019opera in versi<\/p>","protected":false},"featured_media":18534,"comment_status":"open","ping_status":"closed","template":"","meta":{"_acf_changed":false},"product_brand":[],"product_cat":[370],"product_tag":[1092,764],"class_list":{"0":"post-18533","1":"product","2":"type-product","3":"status-publish","4":"has-post-thumbnail","6":"product_cat-la-ragione-critica","7":"product_tag-critica-letteraria","8":"product_tag-open-access-2","9":"pa_formato-cartaceo","10":"pa_formato-ebook-in-pdf","11":"pa_lingua-italiano","13":"first","14":"instock","15":"featured","16":"shipping-taxable","17":"purchasable","18":"product-type-variable"},"acf":[],"yoast_head":"<!-- This site is optimized with the Yoast SEO plugin v27.3 - https:\/\/yoast.com\/product\/yoast-seo-wordpress\/ -->\n<title>Sara Cerneaz, L&#039;ONEGIN DI GIOVANNI GIUDICI<\/title>\n<meta name=\"description\" content=\"Un\u2019analisi metrico-variantistica\" \/>\n<meta name=\"robots\" content=\"index, follow, max-snippet:-1, max-image-preview:large, max-video-preview:-1\" \/>\n<link rel=\"canonical\" href=\"https:\/\/www.ledizioni.it\/en\/product\/sara-cerneaz-onegin-di-giovanni-giudici\/\" \/>\n<meta property=\"og:locale\" content=\"en_GB\" \/>\n<meta property=\"og:type\" content=\"article\" \/>\n<meta property=\"og:title\" content=\"Sara Cerneaz, L&#039;ONEGIN DI GIOVANNI GIUDICI\" \/>\n<meta property=\"og:description\" content=\"Un\u2019analisi metrico-variantistica\" \/>\n<meta property=\"og:url\" content=\"https:\/\/www.ledizioni.it\/en\/product\/sara-cerneaz-onegin-di-giovanni-giudici\/\" \/>\n<meta property=\"og:site_name\" content=\"Ledizioni\" \/>\n<meta property=\"article:publisher\" content=\"https:\/\/www.facebook.com\/pages\/Ledizioni-LediPublishing\/109120559173329\" \/>\n<meta property=\"article:modified_time\" content=\"2021-06-15T15:36:54+00:00\" \/>\n<meta property=\"og:image\" content=\"https:\/\/www.ledizioni.it\/stag\/wp-content\/uploads\/2018\/02\/Cerneaz_cover3D.jpg\" \/>\n\t<meta property=\"og:image:width\" content=\"1498\" \/>\n\t<meta property=\"og:image:height\" content=\"1950\" \/>\n\t<meta property=\"og:image:type\" content=\"image\/jpeg\" \/>\n<meta name=\"twitter:card\" content=\"summary_large_image\" \/>\n<meta name=\"twitter:site\" content=\"@ledizioni\" \/>\n<meta name=\"twitter:label1\" content=\"Estimated reading time\" \/>\n\t<meta name=\"twitter:data1\" content=\"1 minute\" \/>\n<script type=\"application\/ld+json\" class=\"yoast-schema-graph\">{\"@context\":\"https:\\\/\\\/schema.org\",\"@graph\":[{\"@type\":\"WebPage\",\"@id\":\"https:\\\/\\\/www.ledizioni.it\\\/prodotto\\\/sara-cerneaz-onegin-di-giovanni-giudici\\\/\",\"url\":\"https:\\\/\\\/www.ledizioni.it\\\/prodotto\\\/sara-cerneaz-onegin-di-giovanni-giudici\\\/\",\"name\":\"Sara Cerneaz, L'ONEGIN DI GIOVANNI GIUDICI\",\"isPartOf\":{\"@id\":\"https:\\\/\\\/www.ledizioni.it\\\/#website\"},\"primaryImageOfPage\":{\"@id\":\"https:\\\/\\\/www.ledizioni.it\\\/prodotto\\\/sara-cerneaz-onegin-di-giovanni-giudici\\\/#primaryimage\"},\"image\":{\"@id\":\"https:\\\/\\\/www.ledizioni.it\\\/prodotto\\\/sara-cerneaz-onegin-di-giovanni-giudici\\\/#primaryimage\"},\"thumbnailUrl\":\"https:\\\/\\\/www.ledizioni.it\\\/stag\\\/wp-content\\\/uploads\\\/2018\\\/02\\\/Cerneaz_cover3D.jpg\",\"datePublished\":\"2018-02-09T10:01:21+00:00\",\"dateModified\":\"2021-06-15T15:36:54+00:00\",\"description\":\"Un\u2019analisi metrico-variantistica\",\"breadcrumb\":{\"@id\":\"https:\\\/\\\/www.ledizioni.it\\\/prodotto\\\/sara-cerneaz-onegin-di-giovanni-giudici\\\/#breadcrumb\"},\"inLanguage\":\"en-GB\",\"potentialAction\":[{\"@type\":\"ReadAction\",\"target\":[\"https:\\\/\\\/www.ledizioni.it\\\/prodotto\\\/sara-cerneaz-onegin-di-giovanni-giudici\\\/\"]}]},{\"@type\":\"ImageObject\",\"inLanguage\":\"en-GB\",\"@id\":\"https:\\\/\\\/www.ledizioni.it\\\/prodotto\\\/sara-cerneaz-onegin-di-giovanni-giudici\\\/#primaryimage\",\"url\":\"https:\\\/\\\/www.ledizioni.it\\\/stag\\\/wp-content\\\/uploads\\\/2018\\\/02\\\/Cerneaz_cover3D.jpg\",\"contentUrl\":\"https:\\\/\\\/www.ledizioni.it\\\/stag\\\/wp-content\\\/uploads\\\/2018\\\/02\\\/Cerneaz_cover3D.jpg\",\"width\":1498,\"height\":1950},{\"@type\":\"BreadcrumbList\",\"@id\":\"https:\\\/\\\/www.ledizioni.it\\\/prodotto\\\/sara-cerneaz-onegin-di-giovanni-giudici\\\/#breadcrumb\",\"itemListElement\":[{\"@type\":\"ListItem\",\"position\":1,\"name\":\"Shop\",\"item\":\"https:\\\/\\\/www.ledizioni.it\\\/shop-2\\\/\"},{\"@type\":\"ListItem\",\"position\":2,\"name\":\"L&#8217;ONEGIN DI GIOVANNI GIUDICI\"}]},{\"@type\":\"WebSite\",\"@id\":\"https:\\\/\\\/www.ledizioni.it\\\/#website\",\"url\":\"https:\\\/\\\/www.ledizioni.it\\\/\",\"name\":\"Ledizioni\",\"description\":\"The Innovative LediPublishing Company - Casa Editrice Universitaria\",\"publisher\":{\"@id\":\"https:\\\/\\\/www.ledizioni.it\\\/#organization\"},\"potentialAction\":[{\"@type\":\"SearchAction\",\"target\":{\"@type\":\"EntryPoint\",\"urlTemplate\":\"https:\\\/\\\/www.ledizioni.it\\\/?s={search_term_string}\"},\"query-input\":{\"@type\":\"PropertyValueSpecification\",\"valueRequired\":true,\"valueName\":\"search_term_string\"}}],\"inLanguage\":\"en-GB\"},{\"@type\":\"Organization\",\"@id\":\"https:\\\/\\\/www.ledizioni.it\\\/#organization\",\"name\":\"Ledizioni\",\"url\":\"https:\\\/\\\/www.ledizioni.it\\\/\",\"logo\":{\"@type\":\"ImageObject\",\"inLanguage\":\"en-GB\",\"@id\":\"https:\\\/\\\/www.ledizioni.it\\\/#\\\/schema\\\/logo\\\/image\\\/\",\"url\":\"https:\\\/\\\/www.ledizioni.it\\\/stag\\\/wp-content\\\/uploads\\\/2023\\\/10\\\/newlogoledizioni500x110_2-1.jpg\",\"contentUrl\":\"https:\\\/\\\/www.ledizioni.it\\\/stag\\\/wp-content\\\/uploads\\\/2023\\\/10\\\/newlogoledizioni500x110_2-1.jpg\",\"width\":354,\"height\":87,\"caption\":\"Ledizioni\"},\"image\":{\"@id\":\"https:\\\/\\\/www.ledizioni.it\\\/#\\\/schema\\\/logo\\\/image\\\/\"},\"sameAs\":[\"https:\\\/\\\/www.facebook.com\\\/pages\\\/Ledizioni-LediPublishing\\\/109120559173329\",\"https:\\\/\\\/x.com\\\/ledizioni\"]}]}<\/script>\n<!-- \/ Yoast SEO plugin. -->","yoast_head_json":{"title":"Sara Cerneaz, L'ONEGIN DI GIOVANNI GIUDICI","description":"Un\u2019analisi metrico-variantistica","robots":{"index":"index","follow":"follow","max-snippet":"max-snippet:-1","max-image-preview":"max-image-preview:large","max-video-preview":"max-video-preview:-1"},"canonical":"https:\/\/www.ledizioni.it\/en\/product\/sara-cerneaz-onegin-di-giovanni-giudici\/","og_locale":"en_GB","og_type":"article","og_title":"Sara Cerneaz, L'ONEGIN DI GIOVANNI GIUDICI","og_description":"Un\u2019analisi metrico-variantistica","og_url":"https:\/\/www.ledizioni.it\/en\/product\/sara-cerneaz-onegin-di-giovanni-giudici\/","og_site_name":"Ledizioni","article_publisher":"https:\/\/www.facebook.com\/pages\/Ledizioni-LediPublishing\/109120559173329","article_modified_time":"2021-06-15T15:36:54+00:00","og_image":[{"width":1498,"height":1950,"url":"https:\/\/www.ledizioni.it\/stag\/wp-content\/uploads\/2018\/02\/Cerneaz_cover3D.jpg","type":"image\/jpeg"}],"twitter_card":"summary_large_image","twitter_site":"@ledizioni","twitter_misc":{"Estimated reading time":"1 minute"},"schema":{"@context":"https:\/\/schema.org","@graph":[{"@type":"WebPage","@id":"https:\/\/www.ledizioni.it\/prodotto\/sara-cerneaz-onegin-di-giovanni-giudici\/","url":"https:\/\/www.ledizioni.it\/prodotto\/sara-cerneaz-onegin-di-giovanni-giudici\/","name":"Sara Cerneaz, L'ONEGIN DI GIOVANNI GIUDICI","isPartOf":{"@id":"https:\/\/www.ledizioni.it\/#website"},"primaryImageOfPage":{"@id":"https:\/\/www.ledizioni.it\/prodotto\/sara-cerneaz-onegin-di-giovanni-giudici\/#primaryimage"},"image":{"@id":"https:\/\/www.ledizioni.it\/prodotto\/sara-cerneaz-onegin-di-giovanni-giudici\/#primaryimage"},"thumbnailUrl":"https:\/\/www.ledizioni.it\/stag\/wp-content\/uploads\/2018\/02\/Cerneaz_cover3D.jpg","datePublished":"2018-02-09T10:01:21+00:00","dateModified":"2021-06-15T15:36:54+00:00","description":"Un\u2019analisi metrico-variantistica","breadcrumb":{"@id":"https:\/\/www.ledizioni.it\/prodotto\/sara-cerneaz-onegin-di-giovanni-giudici\/#breadcrumb"},"inLanguage":"en-GB","potentialAction":[{"@type":"ReadAction","target":["https:\/\/www.ledizioni.it\/prodotto\/sara-cerneaz-onegin-di-giovanni-giudici\/"]}]},{"@type":"ImageObject","inLanguage":"en-GB","@id":"https:\/\/www.ledizioni.it\/prodotto\/sara-cerneaz-onegin-di-giovanni-giudici\/#primaryimage","url":"https:\/\/www.ledizioni.it\/stag\/wp-content\/uploads\/2018\/02\/Cerneaz_cover3D.jpg","contentUrl":"https:\/\/www.ledizioni.it\/stag\/wp-content\/uploads\/2018\/02\/Cerneaz_cover3D.jpg","width":1498,"height":1950},{"@type":"BreadcrumbList","@id":"https:\/\/www.ledizioni.it\/prodotto\/sara-cerneaz-onegin-di-giovanni-giudici\/#breadcrumb","itemListElement":[{"@type":"ListItem","position":1,"name":"Shop","item":"https:\/\/www.ledizioni.it\/shop-2\/"},{"@type":"ListItem","position":2,"name":"L&#8217;ONEGIN DI GIOVANNI GIUDICI"}]},{"@type":"WebSite","@id":"https:\/\/www.ledizioni.it\/#website","url":"https:\/\/www.ledizioni.it\/","name":"Ledizioni","description":"The Innovative LediPublishing Company - Casa Editrice Universitaria","publisher":{"@id":"https:\/\/www.ledizioni.it\/#organization"},"potentialAction":[{"@type":"SearchAction","target":{"@type":"EntryPoint","urlTemplate":"https:\/\/www.ledizioni.it\/?s={search_term_string}"},"query-input":{"@type":"PropertyValueSpecification","valueRequired":true,"valueName":"search_term_string"}}],"inLanguage":"en-GB"},{"@type":"Organization","@id":"https:\/\/www.ledizioni.it\/#organization","name":"Ledizioni","url":"https:\/\/www.ledizioni.it\/","logo":{"@type":"ImageObject","inLanguage":"en-GB","@id":"https:\/\/www.ledizioni.it\/#\/schema\/logo\/image\/","url":"https:\/\/www.ledizioni.it\/stag\/wp-content\/uploads\/2023\/10\/newlogoledizioni500x110_2-1.jpg","contentUrl":"https:\/\/www.ledizioni.it\/stag\/wp-content\/uploads\/2023\/10\/newlogoledizioni500x110_2-1.jpg","width":354,"height":87,"caption":"Ledizioni"},"image":{"@id":"https:\/\/www.ledizioni.it\/#\/schema\/logo\/image\/"},"sameAs":["https:\/\/www.facebook.com\/pages\/Ledizioni-LediPublishing\/109120559173329","https:\/\/x.com\/ledizioni"]}]}},"jetpack_sharing_enabled":true,"_links":{"self":[{"href":"https:\/\/www.ledizioni.it\/en\/wp-json\/wp\/v2\/product\/18533","targetHints":{"allow":["GET"]}}],"collection":[{"href":"https:\/\/www.ledizioni.it\/en\/wp-json\/wp\/v2\/product"}],"about":[{"href":"https:\/\/www.ledizioni.it\/en\/wp-json\/wp\/v2\/types\/product"}],"replies":[{"embeddable":true,"href":"https:\/\/www.ledizioni.it\/en\/wp-json\/wp\/v2\/comments?post=18533"}],"version-history":[{"count":0,"href":"https:\/\/www.ledizioni.it\/en\/wp-json\/wp\/v2\/product\/18533\/revisions"}],"wp:featuredmedia":[{"embeddable":true,"href":"https:\/\/www.ledizioni.it\/en\/wp-json\/wp\/v2\/media\/18534"}],"wp:attachment":[{"href":"https:\/\/www.ledizioni.it\/en\/wp-json\/wp\/v2\/media?parent=18533"}],"wp:term":[{"taxonomy":"product_brand","embeddable":true,"href":"https:\/\/www.ledizioni.it\/en\/wp-json\/wp\/v2\/product_brand?post=18533"},{"taxonomy":"product_cat","embeddable":true,"href":"https:\/\/www.ledizioni.it\/en\/wp-json\/wp\/v2\/product_cat?post=18533"},{"taxonomy":"product_tag","embeddable":true,"href":"https:\/\/www.ledizioni.it\/en\/wp-json\/wp\/v2\/product_tag?post=18533"}],"curies":[{"name":"wp","href":"https:\/\/api.w.org\/{rel}","templated":true}]}}