{"id":18596,"date":"2018-02-27T08:23:07","date_gmt":"2018-02-27T08:23:07","guid":{"rendered":"http:\/\/www.ledizioni.it\/?post_type=product&#038;p=18596"},"modified":"2019-10-04T09:34:17","modified_gmt":"2019-10-04T07:34:17","slug":"spagnolo-saluzzo-responsabilita-degli-stati-organizzazioni-internazionali","status":"publish","type":"product","link":"https:\/\/www.ledizioni.it\/en\/product\/spagnolo-saluzzo-responsabilita-degli-stati-organizzazioni-internazionali\/","title":{"rendered":"LA RESPONSABILIT\u00c0 DEGLI STATI E DELLE ORGANIZZAZIONI INTERNAZIONALI"},"content":{"rendered":"<p style=\"text-align: justify;\">[amazon_link asins=&#8217;8867056654&#8242; template=&#8217;PriceLink1&#8242; store=&#8217;ledizioni-21&#8242; marketplace=&#8217;IT&#8217; link_id=&#8217;a04fdba9-d21e-11e8-b2a0-d9a42577df71&#8242;]<\/p>\n<p style=\"text-align: justify;\">Il volume raccoglie una serie di scritti sulla responsabilit\u00e0 internazionale, tutti volti a rispondere ad una generale domanda: come si comportano le regole secondarie del diritto internazionale di fronte ad una realt\u00e0 giuridica e fattuale profondamente mutata rispetto a quella esistente al tempo della loro codificazione?<br \/>\n\u00c8 una realt\u00e0 che esige un ripensamento di obblighi internazionali gi\u00e0 esistenti, se non addirittura l\u2019elaborazione di nuove regole. L\u2019esistenza di nuovi \u2013 o rinnovati \u2013 regimi rende urgente interrogarsi sulle regole di definizione, di attribuzione e di accertamento della responsabilit\u00e0 internazionale derivante dalla loro violazione.<br \/>\nIl volume \u00e8 diviso in tre parti: la prima parte ha ad oggetto la ricostruzione di obblighi internazionali nei contesti pi\u00f9 problematici dell\u2019attuale realt\u00e0 internazionale, tra cui lo sviluppo di nuove tecnologie, il cyberspazio, il cambiamento climatico e i grandi flussi migratori; la seconda parte si concentra sull\u2019elemento soggettivo dell\u2019illecito e guarda in particolar modo alle difficolt\u00e0 che emergono in tema di attribuzione nel contesto di esperienze di gestione delle crisi internazionali attraverso forme di ibridazione tra pubblico e privato o di cooperazione tra pi\u00f9 soggetti internazionali; la terza e ultima parte prende in esame le conseguenze dell\u2019illecito e le questioni relative all\u2019accertamento della responsabilit\u00e0, al fine di valutare l\u2019efficacia delle norme internazionali rispetto ad illeciti di particolare gravit\u00e0 o complessit\u00e0.<\/p>\n<p><strong>DATI BIBLIOGRAFICI<\/strong><br \/>\nCuratori: Andrea Spagnolo, Stefano Saluzzo<br \/>\nEditore: Ledizioni<br \/>\nCollana: <a href=\"http:\/\/www.ledizioni.it\/en\/collane\/diritto\/quaderni-del-dipartimento-giurisprudenza-universita-torino\/\">Quaderni del Dipartimento di Giurisprudenza &#8211; Universit\u00e0 di Torino<\/a><br \/>\nPubblicato in: febbraio 2018<br \/>\nFormato: brossura,420 p. &#8211; PDF in Open Access<br \/>\nISBN: 9788867056651<br \/>\nPrezzo: 28\u20ac<\/p>\n<p><a href=\"https:\/\/www.torrossa.com\/it\/resources\/an\/4334480\"><img decoding=\"async\" class=\"aligncenter wp-image-23912\" src=\"https:\/\/www.ledizioni.it\/stag\/wp-content\/uploads\/2019\/07\/torrossa_web-150x80.jpg\" alt=\"\" width=\"200\" height=\"60\" \/><\/a><\/p>","protected":false},"excerpt":{"rendered":"<p>[amazon_link asins=&#8217;8867056654&#8242; template=&#8217;PriceLink1&#8242; store=&#8217;ledizioni-21&#8242; marketplace=&#8217;IT&#8217; link_id=&#8217;a04fdba9-d21e-11e8-b2a0-d9a42577df71&#8242;] Il volume raccoglie una serie di scritti sulla responsabilit\u00e0 internazionale, tutti volti a rispondere<\/p>","protected":false},"featured_media":18597,"comment_status":"open","ping_status":"closed","template":"","meta":{"_acf_changed":false},"product_brand":[],"product_cat":[1473],"product_tag":[1640,764,1641],"class_list":{"0":"post-18596","1":"product","2":"type-product","3":"status-publish","4":"has-post-thumbnail","6":"product_cat-quaderni-del-dipartimento-di-giurisprudenza","7":"product_tag-diritto-europeo","8":"product_tag-open-access-2","9":"product_tag-unione-europea","10":"pa_formato-cartaceo","11":"pa_formato-ebook-in-pdf","13":"first","14":"instock","15":"featured","16":"shipping-taxable","17":"purchasable","18":"product-type-variable"},"acf":[],"yoast_head":"<!-- This site is optimized with the Yoast SEO plugin v27.4 - https:\/\/yoast.com\/product\/yoast-seo-wordpress\/ -->\n<title>LA RESPONSABILIT\u00c0 DEGLI STATI E DELLE ORGANIZZAZIONI INTERNAZIONALI -<\/title>\n<meta name=\"description\" content=\"Ledizioni - Innovative Publishing. Casa editrice universitaria. Open Access. eBook, ePub. Creative Commons.\" \/>\n<meta name=\"robots\" content=\"index, follow, max-snippet:-1, max-image-preview:large, max-video-preview:-1\" \/>\n<link rel=\"canonical\" href=\"https:\/\/www.ledizioni.it\/en\/product\/spagnolo-saluzzo-responsabilita-degli-stati-organizzazioni-internazionali\/\" \/>\n<meta property=\"og:locale\" content=\"en_GB\" \/>\n<meta property=\"og:type\" content=\"article\" \/>\n<meta property=\"og:title\" content=\"LA RESPONSABILIT\u00c0 DEGLI STATI E DELLE ORGANIZZAZIONI INTERNAZIONALI -\" \/>\n<meta property=\"og:description\" content=\"Ledizioni - Innovative Publishing. Casa editrice universitaria. Open Access. eBook, ePub. Creative Commons.\" \/>\n<meta property=\"og:url\" content=\"https:\/\/www.ledizioni.it\/en\/product\/spagnolo-saluzzo-responsabilita-degli-stati-organizzazioni-internazionali\/\" \/>\n<meta property=\"og:site_name\" content=\"Ledizioni\" \/>\n<meta property=\"article:publisher\" content=\"https:\/\/www.facebook.com\/pages\/Ledizioni-LediPublishing\/109120559173329\" \/>\n<meta property=\"article:modified_time\" content=\"2019-10-04T07:34:17+00:00\" \/>\n<meta property=\"og:image\" content=\"https:\/\/www.ledizioni.it\/stag\/wp-content\/uploads\/2018\/02\/Spagnolo_3D.jpg\" \/>\n\t<meta property=\"og:image:width\" content=\"1300\" \/>\n\t<meta property=\"og:image:height\" content=\"1626\" \/>\n\t<meta property=\"og:image:type\" content=\"image\/jpeg\" \/>\n<meta name=\"twitter:card\" content=\"summary_large_image\" \/>\n<meta name=\"twitter:site\" content=\"@ledizioni\" \/>\n<meta name=\"twitter:label1\" content=\"Estimated reading time\" \/>\n\t<meta name=\"twitter:data1\" content=\"1 minute\" \/>\n<script type=\"application\/ld+json\" class=\"yoast-schema-graph\">{\"@context\":\"https:\\\/\\\/schema.org\",\"@graph\":[{\"@type\":\"WebPage\",\"@id\":\"https:\\\/\\\/www.ledizioni.it\\\/prodotto\\\/spagnolo-saluzzo-responsabilita-degli-stati-organizzazioni-internazionali\\\/\",\"url\":\"https:\\\/\\\/www.ledizioni.it\\\/prodotto\\\/spagnolo-saluzzo-responsabilita-degli-stati-organizzazioni-internazionali\\\/\",\"name\":\"LA RESPONSABILIT\u00c0 DEGLI STATI E DELLE ORGANIZZAZIONI INTERNAZIONALI -\",\"isPartOf\":{\"@id\":\"https:\\\/\\\/www.ledizioni.it\\\/#website\"},\"primaryImageOfPage\":{\"@id\":\"https:\\\/\\\/www.ledizioni.it\\\/prodotto\\\/spagnolo-saluzzo-responsabilita-degli-stati-organizzazioni-internazionali\\\/#primaryimage\"},\"image\":{\"@id\":\"https:\\\/\\\/www.ledizioni.it\\\/prodotto\\\/spagnolo-saluzzo-responsabilita-degli-stati-organizzazioni-internazionali\\\/#primaryimage\"},\"thumbnailUrl\":\"https:\\\/\\\/www.ledizioni.it\\\/stag\\\/wp-content\\\/uploads\\\/2018\\\/02\\\/Spagnolo_3D.jpg\",\"datePublished\":\"2018-02-27T08:23:07+00:00\",\"dateModified\":\"2019-10-04T07:34:17+00:00\",\"description\":\"Ledizioni - Innovative Publishing. Casa editrice universitaria. Open Access. eBook, ePub. Creative Commons.\",\"breadcrumb\":{\"@id\":\"https:\\\/\\\/www.ledizioni.it\\\/prodotto\\\/spagnolo-saluzzo-responsabilita-degli-stati-organizzazioni-internazionali\\\/#breadcrumb\"},\"inLanguage\":\"en-GB\",\"potentialAction\":[{\"@type\":\"ReadAction\",\"target\":[\"https:\\\/\\\/www.ledizioni.it\\\/prodotto\\\/spagnolo-saluzzo-responsabilita-degli-stati-organizzazioni-internazionali\\\/\"]}]},{\"@type\":\"ImageObject\",\"inLanguage\":\"en-GB\",\"@id\":\"https:\\\/\\\/www.ledizioni.it\\\/prodotto\\\/spagnolo-saluzzo-responsabilita-degli-stati-organizzazioni-internazionali\\\/#primaryimage\",\"url\":\"https:\\\/\\\/www.ledizioni.it\\\/stag\\\/wp-content\\\/uploads\\\/2018\\\/02\\\/Spagnolo_3D.jpg\",\"contentUrl\":\"https:\\\/\\\/www.ledizioni.it\\\/stag\\\/wp-content\\\/uploads\\\/2018\\\/02\\\/Spagnolo_3D.jpg\",\"width\":1300,\"height\":1626},{\"@type\":\"BreadcrumbList\",\"@id\":\"https:\\\/\\\/www.ledizioni.it\\\/prodotto\\\/spagnolo-saluzzo-responsabilita-degli-stati-organizzazioni-internazionali\\\/#breadcrumb\",\"itemListElement\":[{\"@type\":\"ListItem\",\"position\":1,\"name\":\"Shop\",\"item\":\"https:\\\/\\\/www.ledizioni.it\\\/shop-2\\\/\"},{\"@type\":\"ListItem\",\"position\":2,\"name\":\"LA RESPONSABILIT\u00c0 DEGLI STATI E DELLE ORGANIZZAZIONI INTERNAZIONALI\"}]},{\"@type\":\"WebSite\",\"@id\":\"https:\\\/\\\/www.ledizioni.it\\\/#website\",\"url\":\"https:\\\/\\\/www.ledizioni.it\\\/\",\"name\":\"Ledizioni\",\"description\":\"The Innovative LediPublishing Company - Casa Editrice Universitaria\",\"publisher\":{\"@id\":\"https:\\\/\\\/www.ledizioni.it\\\/#organization\"},\"potentialAction\":[{\"@type\":\"SearchAction\",\"target\":{\"@type\":\"EntryPoint\",\"urlTemplate\":\"https:\\\/\\\/www.ledizioni.it\\\/?s={search_term_string}\"},\"query-input\":{\"@type\":\"PropertyValueSpecification\",\"valueRequired\":true,\"valueName\":\"search_term_string\"}}],\"inLanguage\":\"en-GB\"},{\"@type\":\"Organization\",\"@id\":\"https:\\\/\\\/www.ledizioni.it\\\/#organization\",\"name\":\"Ledizioni\",\"url\":\"https:\\\/\\\/www.ledizioni.it\\\/\",\"logo\":{\"@type\":\"ImageObject\",\"inLanguage\":\"en-GB\",\"@id\":\"https:\\\/\\\/www.ledizioni.it\\\/#\\\/schema\\\/logo\\\/image\\\/\",\"url\":\"https:\\\/\\\/www.ledizioni.it\\\/stag\\\/wp-content\\\/uploads\\\/2023\\\/10\\\/newlogoledizioni500x110_2-1.jpg\",\"contentUrl\":\"https:\\\/\\\/www.ledizioni.it\\\/stag\\\/wp-content\\\/uploads\\\/2023\\\/10\\\/newlogoledizioni500x110_2-1.jpg\",\"width\":354,\"height\":87,\"caption\":\"Ledizioni\"},\"image\":{\"@id\":\"https:\\\/\\\/www.ledizioni.it\\\/#\\\/schema\\\/logo\\\/image\\\/\"},\"sameAs\":[\"https:\\\/\\\/www.facebook.com\\\/pages\\\/Ledizioni-LediPublishing\\\/109120559173329\",\"https:\\\/\\\/x.com\\\/ledizioni\"]}]}<\/script>\n<!-- \/ Yoast SEO plugin. -->","yoast_head_json":{"title":"LA RESPONSABILIT\u00c0 DEGLI STATI E DELLE ORGANIZZAZIONI INTERNAZIONALI -","description":"Ledizioni - Innovative Publishing. Casa editrice universitaria. Open Access. eBook, ePub. Creative Commons.","robots":{"index":"index","follow":"follow","max-snippet":"max-snippet:-1","max-image-preview":"max-image-preview:large","max-video-preview":"max-video-preview:-1"},"canonical":"https:\/\/www.ledizioni.it\/en\/product\/spagnolo-saluzzo-responsabilita-degli-stati-organizzazioni-internazionali\/","og_locale":"en_GB","og_type":"article","og_title":"LA RESPONSABILIT\u00c0 DEGLI STATI E DELLE ORGANIZZAZIONI INTERNAZIONALI -","og_description":"Ledizioni - Innovative Publishing. Casa editrice universitaria. Open Access. eBook, ePub. Creative Commons.","og_url":"https:\/\/www.ledizioni.it\/en\/product\/spagnolo-saluzzo-responsabilita-degli-stati-organizzazioni-internazionali\/","og_site_name":"Ledizioni","article_publisher":"https:\/\/www.facebook.com\/pages\/Ledizioni-LediPublishing\/109120559173329","article_modified_time":"2019-10-04T07:34:17+00:00","og_image":[{"width":1300,"height":1626,"url":"https:\/\/www.ledizioni.it\/stag\/wp-content\/uploads\/2018\/02\/Spagnolo_3D.jpg","type":"image\/jpeg"}],"twitter_card":"summary_large_image","twitter_site":"@ledizioni","twitter_misc":{"Estimated reading time":"1 minute"},"schema":{"@context":"https:\/\/schema.org","@graph":[{"@type":"WebPage","@id":"https:\/\/www.ledizioni.it\/prodotto\/spagnolo-saluzzo-responsabilita-degli-stati-organizzazioni-internazionali\/","url":"https:\/\/www.ledizioni.it\/prodotto\/spagnolo-saluzzo-responsabilita-degli-stati-organizzazioni-internazionali\/","name":"LA RESPONSABILIT\u00c0 DEGLI STATI E DELLE ORGANIZZAZIONI INTERNAZIONALI -","isPartOf":{"@id":"https:\/\/www.ledizioni.it\/#website"},"primaryImageOfPage":{"@id":"https:\/\/www.ledizioni.it\/prodotto\/spagnolo-saluzzo-responsabilita-degli-stati-organizzazioni-internazionali\/#primaryimage"},"image":{"@id":"https:\/\/www.ledizioni.it\/prodotto\/spagnolo-saluzzo-responsabilita-degli-stati-organizzazioni-internazionali\/#primaryimage"},"thumbnailUrl":"https:\/\/www.ledizioni.it\/stag\/wp-content\/uploads\/2018\/02\/Spagnolo_3D.jpg","datePublished":"2018-02-27T08:23:07+00:00","dateModified":"2019-10-04T07:34:17+00:00","description":"Ledizioni - Innovative Publishing. Casa editrice universitaria. Open Access. eBook, ePub. Creative Commons.","breadcrumb":{"@id":"https:\/\/www.ledizioni.it\/prodotto\/spagnolo-saluzzo-responsabilita-degli-stati-organizzazioni-internazionali\/#breadcrumb"},"inLanguage":"en-GB","potentialAction":[{"@type":"ReadAction","target":["https:\/\/www.ledizioni.it\/prodotto\/spagnolo-saluzzo-responsabilita-degli-stati-organizzazioni-internazionali\/"]}]},{"@type":"ImageObject","inLanguage":"en-GB","@id":"https:\/\/www.ledizioni.it\/prodotto\/spagnolo-saluzzo-responsabilita-degli-stati-organizzazioni-internazionali\/#primaryimage","url":"https:\/\/www.ledizioni.it\/stag\/wp-content\/uploads\/2018\/02\/Spagnolo_3D.jpg","contentUrl":"https:\/\/www.ledizioni.it\/stag\/wp-content\/uploads\/2018\/02\/Spagnolo_3D.jpg","width":1300,"height":1626},{"@type":"BreadcrumbList","@id":"https:\/\/www.ledizioni.it\/prodotto\/spagnolo-saluzzo-responsabilita-degli-stati-organizzazioni-internazionali\/#breadcrumb","itemListElement":[{"@type":"ListItem","position":1,"name":"Shop","item":"https:\/\/www.ledizioni.it\/shop-2\/"},{"@type":"ListItem","position":2,"name":"LA RESPONSABILIT\u00c0 DEGLI STATI E DELLE ORGANIZZAZIONI INTERNAZIONALI"}]},{"@type":"WebSite","@id":"https:\/\/www.ledizioni.it\/#website","url":"https:\/\/www.ledizioni.it\/","name":"Ledizioni","description":"The Innovative LediPublishing Company - Casa Editrice Universitaria","publisher":{"@id":"https:\/\/www.ledizioni.it\/#organization"},"potentialAction":[{"@type":"SearchAction","target":{"@type":"EntryPoint","urlTemplate":"https:\/\/www.ledizioni.it\/?s={search_term_string}"},"query-input":{"@type":"PropertyValueSpecification","valueRequired":true,"valueName":"search_term_string"}}],"inLanguage":"en-GB"},{"@type":"Organization","@id":"https:\/\/www.ledizioni.it\/#organization","name":"Ledizioni","url":"https:\/\/www.ledizioni.it\/","logo":{"@type":"ImageObject","inLanguage":"en-GB","@id":"https:\/\/www.ledizioni.it\/#\/schema\/logo\/image\/","url":"https:\/\/www.ledizioni.it\/stag\/wp-content\/uploads\/2023\/10\/newlogoledizioni500x110_2-1.jpg","contentUrl":"https:\/\/www.ledizioni.it\/stag\/wp-content\/uploads\/2023\/10\/newlogoledizioni500x110_2-1.jpg","width":354,"height":87,"caption":"Ledizioni"},"image":{"@id":"https:\/\/www.ledizioni.it\/#\/schema\/logo\/image\/"},"sameAs":["https:\/\/www.facebook.com\/pages\/Ledizioni-LediPublishing\/109120559173329","https:\/\/x.com\/ledizioni"]}]}},"jetpack_sharing_enabled":true,"_links":{"self":[{"href":"https:\/\/www.ledizioni.it\/en\/wp-json\/wp\/v2\/product\/18596","targetHints":{"allow":["GET"]}}],"collection":[{"href":"https:\/\/www.ledizioni.it\/en\/wp-json\/wp\/v2\/product"}],"about":[{"href":"https:\/\/www.ledizioni.it\/en\/wp-json\/wp\/v2\/types\/product"}],"replies":[{"embeddable":true,"href":"https:\/\/www.ledizioni.it\/en\/wp-json\/wp\/v2\/comments?post=18596"}],"version-history":[{"count":1,"href":"https:\/\/www.ledizioni.it\/en\/wp-json\/wp\/v2\/product\/18596\/revisions"}],"predecessor-version":[{"id":20308,"href":"https:\/\/www.ledizioni.it\/en\/wp-json\/wp\/v2\/product\/18596\/revisions\/20308"}],"wp:featuredmedia":[{"embeddable":true,"href":"https:\/\/www.ledizioni.it\/en\/wp-json\/wp\/v2\/media\/18597"}],"wp:attachment":[{"href":"https:\/\/www.ledizioni.it\/en\/wp-json\/wp\/v2\/media?parent=18596"}],"wp:term":[{"taxonomy":"product_brand","embeddable":true,"href":"https:\/\/www.ledizioni.it\/en\/wp-json\/wp\/v2\/product_brand?post=18596"},{"taxonomy":"product_cat","embeddable":true,"href":"https:\/\/www.ledizioni.it\/en\/wp-json\/wp\/v2\/product_cat?post=18596"},{"taxonomy":"product_tag","embeddable":true,"href":"https:\/\/www.ledizioni.it\/en\/wp-json\/wp\/v2\/product_tag?post=18596"}],"curies":[{"name":"wp","href":"https:\/\/api.w.org\/{rel}","templated":true}]}}