{"id":18693,"date":"2018-03-22T11:41:18","date_gmt":"2018-03-22T11:41:18","guid":{"rendered":"http:\/\/www.ledizioni.it\/?post_type=product&#038;p=18693"},"modified":"2021-05-19T16:59:09","modified_gmt":"2021-05-19T14:59:09","slug":"quaderni-del-master-in-immigrazione-genere-modelli-familiari-e-strategie-di-integrazione-n-4","status":"publish","type":"product","link":"https:\/\/www.ledizioni.it\/en\/product\/quaderni-del-master-in-immigrazione-genere-modelli-familiari-e-strategie-di-integrazione-n-4\/","title":{"rendered":"Quaderni del Master in &#8220;Immigrazione, Genere, Modelli Familiari e Strategie di Integrazione&#8221;, n. 4"},"content":{"rendered":"<p style=\"text-align: justify;\">Il Quaderno vuole essere uno spazio aperto a quanti portano il proprio contributo all\u2019interno del Master di 1\u00b0 livello in \u201cImmigrazione, genere, modelli familiari e strategie di integrazione\u201d promosso nell\u2019ambito del Centro Interdipartimentale MeRGED \u2013 Migrazione e Riconoscimento, Genere, Diversit\u00e0 &#8211; e afferente al Dipartimento di Scienze Politiche e Sociali dell\u2019Universit\u00e0 di Pavia.<br \/>\nQuesto numero accoglie gli atti di un convegno Strategie per un mondo nuovo: prospettive di gestione dei flussi migratori provenienti dall\u2019Africa, che si \u00e8 svolto a Como il 18 febbraio 2017, organizzato dal Centro Relazioni con l\u2019Africa della Societ\u00e0 Geografica Italiana, dall\u2019Universit\u00e0 degli Studi di Pavia, dall\u2019Universit\u00e0 degli Studi dell\u2019Insubria, dall\u2019Universit\u00e0 degli Studi di Sassari, dall\u2019Associazione del Volontariato Comasco-Centro Servizi per il Volontariato e dal Coordinamento Comasco per la Pace.<br \/>\nI movimenti di popolazione hanno contribuito da sempre a disegnare la geografia politica e identitaria delle Nazioni. Antichi ma crescenti flussi migratori in provenienza innanzitutto dal Continente africano stanno in questi anni rafforzando il proprio impatto sull\u2019Europa investendo, in prima battuta, il nostro Paese. L\u2019Italia ha quindi sempre pi\u00f9 necessit\u00e0 di mettere a punto una complessiva e organica strategia in grado di comprendere e gestire al meglio il fenomeno. Dal canto suo, l\u2019Africa subsahariana \u00e8 tuttora la regione economicamente pi\u00f9 arretrata del pianeta, ma \u00e8 anche la realt\u00e0 continentale in pi\u00f9 rapido mutamento. Le riforme economiche e le graduali aperture democratiche degli ultimi anni ne hanno fortemente accelerato i processi di sviluppo, ma le sfide restano numerose e fra esse principalmente la crescita demografica, la persistente fragilit\u00e0 delle istituzioni statuali e democratiche, la permeabilit\u00e0 nei confronti dell\u2019infiltrazione jihadista.<br \/>\nL\u2019incontro \u00e8 stato organizzato in memoria del Professor Gian Paolo Calchi Novati.<\/p>\n<p style=\"text-align: justify;\"><strong>Comitato scientifico:<\/strong><br \/>\nAnna Rita Calabr\u00f2, Marina Chini, Maria Antonietta Confalonieri, Giovanni Cordini, Silvia Illari, Antonio Morone, Maria Assunta Zanetti.<\/p>\n<p><strong>DATI BIBLIOGRAFICI<\/strong><\/p>\n<p>Curatori: Anna Rita Calabr\u00f2 e Massimiliano Mondelli<br \/>\nEditore: Ledizioni<br \/>\nCollana: <a href=\"http:\/\/www.ledizioni.it\/en\/collane\/societa\/quaderni-del-master-immigrazione-genere-modelli-familiari-e-strategie-di-integrazione\/\" target=\"_blank\" rel=\"noopener\">Quaderni del Master in Immigrazione, Genere, Modelli Familiari e Strategie di Integrazione<\/a><br \/>\nFormato: Brossura 17 x 24, 126 p.<br \/>\nPubblicato in: marzo 2018<br \/>\nISBN cartaceo: 9788867057092<br \/>\nISBN ePub:\u00a09788867058938<br \/>\nPrezzo cartaceo: 18,00 \u20ac<br \/>\nPrezzo ePub: 6,99\u00a0\u20ac<\/p>\n<p><a href=\"https:\/\/www.torrossa.com\/it\/resources\/an\/4334624\"><img decoding=\"async\" class=\"aligncenter wp-image-23912\" src=\"https:\/\/www.ledizioni.it\/stag\/wp-content\/uploads\/2019\/07\/torrossa_web-150x80.jpg\" alt=\"\" width=\"200\" height=\"60\" \/><\/a><\/p>","protected":false},"excerpt":{"rendered":"<p>Il Quaderno vuole essere uno spazio aperto a quanti portano il proprio contributo all\u2019interno del Master di 1\u00b0 livello in<\/p>","protected":false},"featured_media":18694,"comment_status":"open","ping_status":"closed","template":"","meta":{"_acf_changed":false},"product_brand":[],"product_cat":[783],"product_tag":[982,987,822,1024],"class_list":{"0":"post-18693","1":"product","2":"type-product","3":"status-publish","4":"has-post-thumbnail","6":"product_cat-quaderni-del-master-in-immigrazione","7":"product_tag-africa","8":"product_tag-europa","9":"product_tag-migrazioni","10":"product_tag-politicainternaz","11":"pa_formato-cartaceo","12":"pa_formato-ebook-in-epub","13":"pa_lingua-francese","14":"pa_lingua-italiano","16":"first","17":"instock","18":"featured","19":"shipping-taxable","20":"purchasable","21":"product-type-variable"},"acf":[],"yoast_head":"<!-- This site is optimized with the Yoast SEO plugin v27.3 - https:\/\/yoast.com\/product\/yoast-seo-wordpress\/ -->\n<title>Quaderni del Master in &quot;Immigrazione, genere, modelli familiari e strategie di integrazione&quot;, n. 4<\/title>\n<meta name=\"description\" content=\"Il quarto della serie di Quaderni del Master in \u201cImmigrazione, Genere, Modelli Familiari e Strategie di Integrazione dell\u2019Universit\u00e0 degli Studi di Pavia\u201d.\" \/>\n<meta name=\"robots\" content=\"index, follow, max-snippet:-1, max-image-preview:large, max-video-preview:-1\" \/>\n<link rel=\"canonical\" href=\"https:\/\/www.ledizioni.it\/en\/product\/quaderni-del-master-in-immigrazione-genere-modelli-familiari-e-strategie-di-integrazione-n-4\/\" \/>\n<meta property=\"og:locale\" content=\"en_GB\" \/>\n<meta property=\"og:type\" content=\"article\" \/>\n<meta property=\"og:title\" content=\"Quaderni del Master in &quot;Immigrazione, genere, modelli familiari e strategie di integrazione&quot;, n. 4\" \/>\n<meta property=\"og:description\" content=\"Il quarto della serie di Quaderni del Master in \u201cImmigrazione, Genere, Modelli Familiari e Strategie di Integrazione dell\u2019Universit\u00e0 degli Studi di Pavia\u201d.\" \/>\n<meta property=\"og:url\" content=\"https:\/\/www.ledizioni.it\/en\/product\/quaderni-del-master-in-immigrazione-genere-modelli-familiari-e-strategie-di-integrazione-n-4\/\" \/>\n<meta property=\"og:site_name\" content=\"Ledizioni\" \/>\n<meta property=\"article:publisher\" content=\"https:\/\/www.facebook.com\/pages\/Ledizioni-LediPublishing\/109120559173329\" \/>\n<meta property=\"article:modified_time\" content=\"2021-05-19T14:59:09+00:00\" \/>\n<meta property=\"og:image\" content=\"https:\/\/www.ledizioni.it\/stag\/wp-content\/uploads\/2018\/03\/Calabro_3D.jpg\" \/>\n\t<meta property=\"og:image:width\" content=\"1100\" \/>\n\t<meta property=\"og:image:height\" content=\"1468\" \/>\n\t<meta property=\"og:image:type\" content=\"image\/jpeg\" \/>\n<meta name=\"twitter:card\" content=\"summary_large_image\" \/>\n<meta name=\"twitter:site\" content=\"@ledizioni\" \/>\n<meta name=\"twitter:label1\" content=\"Estimated reading time\" \/>\n\t<meta name=\"twitter:data1\" content=\"2 minutes\" \/>\n<script type=\"application\/ld+json\" class=\"yoast-schema-graph\">{\"@context\":\"https:\\\/\\\/schema.org\",\"@graph\":[{\"@type\":\"WebPage\",\"@id\":\"https:\\\/\\\/www.ledizioni.it\\\/prodotto\\\/quaderni-del-master-in-immigrazione-genere-modelli-familiari-e-strategie-di-integrazione-n-4\\\/\",\"url\":\"https:\\\/\\\/www.ledizioni.it\\\/prodotto\\\/quaderni-del-master-in-immigrazione-genere-modelli-familiari-e-strategie-di-integrazione-n-4\\\/\",\"name\":\"Quaderni del Master in \\\"Immigrazione, genere, modelli familiari e strategie di integrazione\\\", n. 4\",\"isPartOf\":{\"@id\":\"https:\\\/\\\/www.ledizioni.it\\\/#website\"},\"primaryImageOfPage\":{\"@id\":\"https:\\\/\\\/www.ledizioni.it\\\/prodotto\\\/quaderni-del-master-in-immigrazione-genere-modelli-familiari-e-strategie-di-integrazione-n-4\\\/#primaryimage\"},\"image\":{\"@id\":\"https:\\\/\\\/www.ledizioni.it\\\/prodotto\\\/quaderni-del-master-in-immigrazione-genere-modelli-familiari-e-strategie-di-integrazione-n-4\\\/#primaryimage\"},\"thumbnailUrl\":\"https:\\\/\\\/www.ledizioni.it\\\/stag\\\/wp-content\\\/uploads\\\/2018\\\/03\\\/Calabro_3D.jpg\",\"datePublished\":\"2018-03-22T11:41:18+00:00\",\"dateModified\":\"2021-05-19T14:59:09+00:00\",\"description\":\"Il quarto della serie di Quaderni del Master in \u201cImmigrazione, Genere, Modelli Familiari e Strategie di Integrazione dell\u2019Universit\u00e0 degli Studi di Pavia\u201d.\",\"breadcrumb\":{\"@id\":\"https:\\\/\\\/www.ledizioni.it\\\/prodotto\\\/quaderni-del-master-in-immigrazione-genere-modelli-familiari-e-strategie-di-integrazione-n-4\\\/#breadcrumb\"},\"inLanguage\":\"en-GB\",\"potentialAction\":[{\"@type\":\"ReadAction\",\"target\":[\"https:\\\/\\\/www.ledizioni.it\\\/prodotto\\\/quaderni-del-master-in-immigrazione-genere-modelli-familiari-e-strategie-di-integrazione-n-4\\\/\"]}]},{\"@type\":\"ImageObject\",\"inLanguage\":\"en-GB\",\"@id\":\"https:\\\/\\\/www.ledizioni.it\\\/prodotto\\\/quaderni-del-master-in-immigrazione-genere-modelli-familiari-e-strategie-di-integrazione-n-4\\\/#primaryimage\",\"url\":\"https:\\\/\\\/www.ledizioni.it\\\/stag\\\/wp-content\\\/uploads\\\/2018\\\/03\\\/Calabro_3D.jpg\",\"contentUrl\":\"https:\\\/\\\/www.ledizioni.it\\\/stag\\\/wp-content\\\/uploads\\\/2018\\\/03\\\/Calabro_3D.jpg\",\"width\":1100,\"height\":1468},{\"@type\":\"BreadcrumbList\",\"@id\":\"https:\\\/\\\/www.ledizioni.it\\\/prodotto\\\/quaderni-del-master-in-immigrazione-genere-modelli-familiari-e-strategie-di-integrazione-n-4\\\/#breadcrumb\",\"itemListElement\":[{\"@type\":\"ListItem\",\"position\":1,\"name\":\"Shop\",\"item\":\"https:\\\/\\\/www.ledizioni.it\\\/shop-2\\\/\"},{\"@type\":\"ListItem\",\"position\":2,\"name\":\"Quaderni del Master in &#8220;Immigrazione, Genere, Modelli Familiari e Strategie di Integrazione&#8221;, n. 4\"}]},{\"@type\":\"WebSite\",\"@id\":\"https:\\\/\\\/www.ledizioni.it\\\/#website\",\"url\":\"https:\\\/\\\/www.ledizioni.it\\\/\",\"name\":\"Ledizioni\",\"description\":\"The Innovative LediPublishing Company - Casa Editrice Universitaria\",\"publisher\":{\"@id\":\"https:\\\/\\\/www.ledizioni.it\\\/#organization\"},\"potentialAction\":[{\"@type\":\"SearchAction\",\"target\":{\"@type\":\"EntryPoint\",\"urlTemplate\":\"https:\\\/\\\/www.ledizioni.it\\\/?s={search_term_string}\"},\"query-input\":{\"@type\":\"PropertyValueSpecification\",\"valueRequired\":true,\"valueName\":\"search_term_string\"}}],\"inLanguage\":\"en-GB\"},{\"@type\":\"Organization\",\"@id\":\"https:\\\/\\\/www.ledizioni.it\\\/#organization\",\"name\":\"Ledizioni\",\"url\":\"https:\\\/\\\/www.ledizioni.it\\\/\",\"logo\":{\"@type\":\"ImageObject\",\"inLanguage\":\"en-GB\",\"@id\":\"https:\\\/\\\/www.ledizioni.it\\\/#\\\/schema\\\/logo\\\/image\\\/\",\"url\":\"https:\\\/\\\/www.ledizioni.it\\\/stag\\\/wp-content\\\/uploads\\\/2023\\\/10\\\/newlogoledizioni500x110_2-1.jpg\",\"contentUrl\":\"https:\\\/\\\/www.ledizioni.it\\\/stag\\\/wp-content\\\/uploads\\\/2023\\\/10\\\/newlogoledizioni500x110_2-1.jpg\",\"width\":354,\"height\":87,\"caption\":\"Ledizioni\"},\"image\":{\"@id\":\"https:\\\/\\\/www.ledizioni.it\\\/#\\\/schema\\\/logo\\\/image\\\/\"},\"sameAs\":[\"https:\\\/\\\/www.facebook.com\\\/pages\\\/Ledizioni-LediPublishing\\\/109120559173329\",\"https:\\\/\\\/x.com\\\/ledizioni\"]}]}<\/script>\n<!-- \/ Yoast SEO plugin. -->","yoast_head_json":{"title":"Quaderni del Master in \"Immigrazione, genere, modelli familiari e strategie di integrazione\", n. 4","description":"Il quarto della serie di Quaderni del Master in \u201cImmigrazione, Genere, Modelli Familiari e Strategie di Integrazione dell\u2019Universit\u00e0 degli Studi di Pavia\u201d.","robots":{"index":"index","follow":"follow","max-snippet":"max-snippet:-1","max-image-preview":"max-image-preview:large","max-video-preview":"max-video-preview:-1"},"canonical":"https:\/\/www.ledizioni.it\/en\/product\/quaderni-del-master-in-immigrazione-genere-modelli-familiari-e-strategie-di-integrazione-n-4\/","og_locale":"en_GB","og_type":"article","og_title":"Quaderni del Master in \"Immigrazione, genere, modelli familiari e strategie di integrazione\", n. 4","og_description":"Il quarto della serie di Quaderni del Master in \u201cImmigrazione, Genere, Modelli Familiari e Strategie di Integrazione dell\u2019Universit\u00e0 degli Studi di Pavia\u201d.","og_url":"https:\/\/www.ledizioni.it\/en\/product\/quaderni-del-master-in-immigrazione-genere-modelli-familiari-e-strategie-di-integrazione-n-4\/","og_site_name":"Ledizioni","article_publisher":"https:\/\/www.facebook.com\/pages\/Ledizioni-LediPublishing\/109120559173329","article_modified_time":"2021-05-19T14:59:09+00:00","og_image":[{"width":1100,"height":1468,"url":"https:\/\/www.ledizioni.it\/stag\/wp-content\/uploads\/2018\/03\/Calabro_3D.jpg","type":"image\/jpeg"}],"twitter_card":"summary_large_image","twitter_site":"@ledizioni","twitter_misc":{"Estimated reading time":"2 minutes"},"schema":{"@context":"https:\/\/schema.org","@graph":[{"@type":"WebPage","@id":"https:\/\/www.ledizioni.it\/prodotto\/quaderni-del-master-in-immigrazione-genere-modelli-familiari-e-strategie-di-integrazione-n-4\/","url":"https:\/\/www.ledizioni.it\/prodotto\/quaderni-del-master-in-immigrazione-genere-modelli-familiari-e-strategie-di-integrazione-n-4\/","name":"Quaderni del Master in \"Immigrazione, genere, modelli familiari e strategie di integrazione\", n. 4","isPartOf":{"@id":"https:\/\/www.ledizioni.it\/#website"},"primaryImageOfPage":{"@id":"https:\/\/www.ledizioni.it\/prodotto\/quaderni-del-master-in-immigrazione-genere-modelli-familiari-e-strategie-di-integrazione-n-4\/#primaryimage"},"image":{"@id":"https:\/\/www.ledizioni.it\/prodotto\/quaderni-del-master-in-immigrazione-genere-modelli-familiari-e-strategie-di-integrazione-n-4\/#primaryimage"},"thumbnailUrl":"https:\/\/www.ledizioni.it\/stag\/wp-content\/uploads\/2018\/03\/Calabro_3D.jpg","datePublished":"2018-03-22T11:41:18+00:00","dateModified":"2021-05-19T14:59:09+00:00","description":"Il quarto della serie di Quaderni del Master in \u201cImmigrazione, Genere, Modelli Familiari e Strategie di Integrazione dell\u2019Universit\u00e0 degli Studi di Pavia\u201d.","breadcrumb":{"@id":"https:\/\/www.ledizioni.it\/prodotto\/quaderni-del-master-in-immigrazione-genere-modelli-familiari-e-strategie-di-integrazione-n-4\/#breadcrumb"},"inLanguage":"en-GB","potentialAction":[{"@type":"ReadAction","target":["https:\/\/www.ledizioni.it\/prodotto\/quaderni-del-master-in-immigrazione-genere-modelli-familiari-e-strategie-di-integrazione-n-4\/"]}]},{"@type":"ImageObject","inLanguage":"en-GB","@id":"https:\/\/www.ledizioni.it\/prodotto\/quaderni-del-master-in-immigrazione-genere-modelli-familiari-e-strategie-di-integrazione-n-4\/#primaryimage","url":"https:\/\/www.ledizioni.it\/stag\/wp-content\/uploads\/2018\/03\/Calabro_3D.jpg","contentUrl":"https:\/\/www.ledizioni.it\/stag\/wp-content\/uploads\/2018\/03\/Calabro_3D.jpg","width":1100,"height":1468},{"@type":"BreadcrumbList","@id":"https:\/\/www.ledizioni.it\/prodotto\/quaderni-del-master-in-immigrazione-genere-modelli-familiari-e-strategie-di-integrazione-n-4\/#breadcrumb","itemListElement":[{"@type":"ListItem","position":1,"name":"Shop","item":"https:\/\/www.ledizioni.it\/shop-2\/"},{"@type":"ListItem","position":2,"name":"Quaderni del Master in &#8220;Immigrazione, Genere, Modelli Familiari e Strategie di Integrazione&#8221;, n. 4"}]},{"@type":"WebSite","@id":"https:\/\/www.ledizioni.it\/#website","url":"https:\/\/www.ledizioni.it\/","name":"Ledizioni","description":"The Innovative LediPublishing Company - Casa Editrice Universitaria","publisher":{"@id":"https:\/\/www.ledizioni.it\/#organization"},"potentialAction":[{"@type":"SearchAction","target":{"@type":"EntryPoint","urlTemplate":"https:\/\/www.ledizioni.it\/?s={search_term_string}"},"query-input":{"@type":"PropertyValueSpecification","valueRequired":true,"valueName":"search_term_string"}}],"inLanguage":"en-GB"},{"@type":"Organization","@id":"https:\/\/www.ledizioni.it\/#organization","name":"Ledizioni","url":"https:\/\/www.ledizioni.it\/","logo":{"@type":"ImageObject","inLanguage":"en-GB","@id":"https:\/\/www.ledizioni.it\/#\/schema\/logo\/image\/","url":"https:\/\/www.ledizioni.it\/stag\/wp-content\/uploads\/2023\/10\/newlogoledizioni500x110_2-1.jpg","contentUrl":"https:\/\/www.ledizioni.it\/stag\/wp-content\/uploads\/2023\/10\/newlogoledizioni500x110_2-1.jpg","width":354,"height":87,"caption":"Ledizioni"},"image":{"@id":"https:\/\/www.ledizioni.it\/#\/schema\/logo\/image\/"},"sameAs":["https:\/\/www.facebook.com\/pages\/Ledizioni-LediPublishing\/109120559173329","https:\/\/x.com\/ledizioni"]}]}},"jetpack_sharing_enabled":true,"_links":{"self":[{"href":"https:\/\/www.ledizioni.it\/en\/wp-json\/wp\/v2\/product\/18693","targetHints":{"allow":["GET"]}}],"collection":[{"href":"https:\/\/www.ledizioni.it\/en\/wp-json\/wp\/v2\/product"}],"about":[{"href":"https:\/\/www.ledizioni.it\/en\/wp-json\/wp\/v2\/types\/product"}],"replies":[{"embeddable":true,"href":"https:\/\/www.ledizioni.it\/en\/wp-json\/wp\/v2\/comments?post=18693"}],"version-history":[{"count":1,"href":"https:\/\/www.ledizioni.it\/en\/wp-json\/wp\/v2\/product\/18693\/revisions"}],"predecessor-version":[{"id":20976,"href":"https:\/\/www.ledizioni.it\/en\/wp-json\/wp\/v2\/product\/18693\/revisions\/20976"}],"wp:featuredmedia":[{"embeddable":true,"href":"https:\/\/www.ledizioni.it\/en\/wp-json\/wp\/v2\/media\/18694"}],"wp:attachment":[{"href":"https:\/\/www.ledizioni.it\/en\/wp-json\/wp\/v2\/media?parent=18693"}],"wp:term":[{"taxonomy":"product_brand","embeddable":true,"href":"https:\/\/www.ledizioni.it\/en\/wp-json\/wp\/v2\/product_brand?post=18693"},{"taxonomy":"product_cat","embeddable":true,"href":"https:\/\/www.ledizioni.it\/en\/wp-json\/wp\/v2\/product_cat?post=18693"},{"taxonomy":"product_tag","embeddable":true,"href":"https:\/\/www.ledizioni.it\/en\/wp-json\/wp\/v2\/product_tag?post=18693"}],"curies":[{"name":"wp","href":"https:\/\/api.w.org\/{rel}","templated":true}]}}