{"id":18715,"date":"2018-03-26T13:56:45","date_gmt":"2018-03-26T11:56:45","guid":{"rendered":"http:\/\/www.ledizioni.it\/?post_type=product&#038;p=18715"},"modified":"2021-05-28T17:45:40","modified_gmt":"2021-05-28T15:45:40","slug":"l-scarabelli-s-cappellini-a-cura-di-donde-no-habite-el-olvido","status":"publish","type":"product","link":"https:\/\/www.ledizioni.it\/en\/product\/l-scarabelli-s-cappellini-a-cura-di-donde-no-habite-el-olvido\/","title":{"rendered":"L. Scarabelli, S. Cappellini (a cura di), DONDE NO HABITE EL OLVIDO"},"content":{"rendered":"<p style=\"text-align: justify;\"><em><strong>Herencia y transmisi\u00f3n del testimonio en Chile<\/strong><\/em><\/p>\n<p style=\"text-align: justify;\">\u00bfCu\u00e1l es la funci\u00f3n del testigo frente a las pol\u00edticas del estado? \u00bfCu\u00e1les son las instancias que definen la producci\u00f3n y recepci\u00f3n de su palabra? \u00bfC\u00f3mo visibilizar las huellas del testimonio en una realidad amn\u00e9sica, cada vez m\u00e1s condicionada por el mercado? En la encrucijada entre el territorio jur\u00eddico-pol\u00edtico y literario, los textos aqu\u00ed reunidos se proponen desvelar el \u2018secreto\u2019 de la praxis testimonial, iluminando una serie de obras narrativas que describen los contextos chilenos entre el 1973, a\u00f1o tristemente c\u00e9lebre por el comienzo de la dictadura, y el 2015. La vozde los testigos (Hern\u00e1n Vald\u00e9s, Jorge Montealegre, Rolando Carrasco), la reparaci\u00f3n autobiogr\u00e1fica del dolor (Guillermo N\u00fa\u00f1ez) y la traducci\u00f3n en palabra po\u00e9tica de la resistencia al horror y la violencia (Ra\u00fal Zurita, Diamela Eltit) se suman a la mediaci\u00f3n de la memoria por parte de actores secundarios que, en el proceso de \u2018narrativizaci\u00f3n\u2019, exponen el pasado a nuevas instancias discursivas, reposicionando y redefiniendo sus contornos (Carlos Franz, F\u00e1tima Sime, Luc\u00eda Guerra).<br \/>\nEl conjunto de ensayos refleja una aproximaci\u00f3n a lo testimonial como ejercicio de b\u00fasqueda siempre inacabado, que se realiza en la apertura hacia el otro, en la asunci\u00f3n de sus instancias, en la inclusi\u00f3n, siempre inacabada, en su universo.<\/p>\n<p style=\"text-align: justify;\">Textos de: Ksenija Bilbija; Claudia Borri; Martina Bortignon; Lilianet Brintrup; Giuliana Calabrese; Serena Cappellini; Rub\u00ed Carre\u00f1o Bol\u00edvar; Rose Corral; Diamela Eltit; Maria Alessandra Giovannini; Gladys Ilarregui; Isabel Lipthay; Na\u00edn N\u00f3mez; Jaume Peris Blanes; Carolina Pizarro Cort\u00e9s; Jos\u00e9 Santos Herceg; Laura Scarabelli; Marianna Scaramucci.<\/p>\n<p>&nbsp;<\/p>\n<h3 style=\"text-align: justify;\"><strong>DATI BIBLIOGRAFICI<\/strong><\/h3>\n<p style=\"text-align: justify;\">Autore: Laura Scarabelli, Serena Cappellini (a cura di)<br \/>\nEditore: Ledizioni<br \/>\nCollana: <a title=\"Di\/Segni\" href=\"https:\/\/www.ledizioni.it\/en\/product-category\/letteratura\/disegni\/\">Di\/Segni<\/a><br \/>\nFormato: Brossura, 297 p. &#8211; PDF in Open Access<br \/>\nLingua: spagnolo<br \/>\nPubblicato in: novembre 2017<br \/>\nISBN cartaceo: 9788867057023<br \/>\nPrezzo cartaceo: 28,00 \u20ac<\/p>\n<p><a href=\"https:\/\/www.torrossa.com\/it\/resources\/an\/4375891\"><img decoding=\"async\" class=\"aligncenter wp-image-23912\" src=\"https:\/\/www.ledizioni.it\/stag\/wp-content\/uploads\/2019\/07\/torrossa_web-150x80.jpg\" alt=\"\" width=\"200\" height=\"60\" \/><\/a><\/p>","protected":false},"excerpt":{"rendered":"<p>Herencia y transmisi\u00f3n del testimonio en Chile \u00bfCu\u00e1l es la funci\u00f3n del testigo frente a las pol\u00edticas del estado? \u00bfCu\u00e1les<\/p>","protected":false},"featured_media":18716,"comment_status":"open","ping_status":"closed","template":"","meta":{"_acf_changed":false},"product_brand":[],"product_cat":[1080],"product_tag":[1499,764],"class_list":{"0":"post-18715","1":"product","2":"type-product","3":"status-publish","4":"has-post-thumbnail","6":"product_cat-disegni","7":"product_tag-spagnolo","8":"product_tag-open-access-2","9":"pa_formato-cartaceo","10":"pa_formato-ebook-in-pdf","11":"pa_lingua-spagnolo","13":"first","14":"instock","15":"featured","16":"shipping-taxable","17":"purchasable","18":"product-type-variable"},"acf":[],"yoast_head":"<!-- This site is optimized with the Yoast SEO plugin v27.3 - https:\/\/yoast.com\/product\/yoast-seo-wordpress\/ -->\n<title>L. Scarabelli, S. Cappellini (a cura di), DONDE NO HABITE EL OLVIDO<\/title>\n<meta name=\"description\" content=\"Ledizioni - Innovative Publishing. Casa editrice universitaria. Open Access. eBook, ePub. Creative Commons.\" \/>\n<meta name=\"robots\" content=\"index, follow, max-snippet:-1, max-image-preview:large, max-video-preview:-1\" \/>\n<link rel=\"canonical\" href=\"https:\/\/www.ledizioni.it\/en\/product\/l-scarabelli-s-cappellini-a-cura-di-donde-no-habite-el-olvido\/\" \/>\n<meta property=\"og:locale\" content=\"en_GB\" \/>\n<meta property=\"og:type\" content=\"article\" \/>\n<meta property=\"og:title\" content=\"L. Scarabelli, S. Cappellini (a cura di), DONDE NO HABITE EL OLVIDO\" \/>\n<meta property=\"og:description\" content=\"Ledizioni - Innovative Publishing. Casa editrice universitaria. Open Access. eBook, ePub. Creative Commons.\" \/>\n<meta property=\"og:url\" content=\"https:\/\/www.ledizioni.it\/en\/product\/l-scarabelli-s-cappellini-a-cura-di-donde-no-habite-el-olvido\/\" \/>\n<meta property=\"og:site_name\" content=\"Ledizioni\" \/>\n<meta property=\"article:publisher\" content=\"https:\/\/www.facebook.com\/pages\/Ledizioni-LediPublishing\/109120559173329\" \/>\n<meta property=\"article:modified_time\" content=\"2021-05-28T15:45:40+00:00\" \/>\n<meta property=\"og:image\" content=\"https:\/\/www.ledizioni.it\/stag\/wp-content\/uploads\/2018\/03\/Scarabelli_3D.jpg\" \/>\n\t<meta property=\"og:image:width\" content=\"1100\" \/>\n\t<meta property=\"og:image:height\" content=\"1307\" \/>\n\t<meta property=\"og:image:type\" content=\"image\/jpeg\" \/>\n<meta name=\"twitter:card\" content=\"summary_large_image\" \/>\n<meta name=\"twitter:site\" content=\"@ledizioni\" \/>\n<meta name=\"twitter:label1\" content=\"Estimated reading time\" \/>\n\t<meta name=\"twitter:data1\" content=\"2 minutes\" \/>\n<script type=\"application\/ld+json\" class=\"yoast-schema-graph\">{\"@context\":\"https:\\\/\\\/schema.org\",\"@graph\":[{\"@type\":\"WebPage\",\"@id\":\"https:\\\/\\\/www.ledizioni.it\\\/en\\\/product\\\/l-scarabelli-s-cappellini-a-cura-di-donde-no-habite-el-olvido\\\/\",\"url\":\"https:\\\/\\\/www.ledizioni.it\\\/en\\\/product\\\/l-scarabelli-s-cappellini-a-cura-di-donde-no-habite-el-olvido\\\/\",\"name\":\"L. Scarabelli, S. Cappellini (a cura di), DONDE NO HABITE EL OLVIDO\",\"isPartOf\":{\"@id\":\"https:\\\/\\\/www.ledizioni.it\\\/#website\"},\"primaryImageOfPage\":{\"@id\":\"https:\\\/\\\/www.ledizioni.it\\\/en\\\/product\\\/l-scarabelli-s-cappellini-a-cura-di-donde-no-habite-el-olvido\\\/#primaryimage\"},\"image\":{\"@id\":\"https:\\\/\\\/www.ledizioni.it\\\/en\\\/product\\\/l-scarabelli-s-cappellini-a-cura-di-donde-no-habite-el-olvido\\\/#primaryimage\"},\"thumbnailUrl\":\"https:\\\/\\\/www.ledizioni.it\\\/stag\\\/wp-content\\\/uploads\\\/2018\\\/03\\\/Scarabelli_3D.jpg\",\"datePublished\":\"2018-03-26T11:56:45+00:00\",\"dateModified\":\"2021-05-28T15:45:40+00:00\",\"description\":\"Ledizioni - Innovative Publishing. Casa editrice universitaria. Open Access. eBook, ePub. Creative Commons.\",\"breadcrumb\":{\"@id\":\"https:\\\/\\\/www.ledizioni.it\\\/en\\\/product\\\/l-scarabelli-s-cappellini-a-cura-di-donde-no-habite-el-olvido\\\/#breadcrumb\"},\"inLanguage\":\"en-GB\",\"potentialAction\":[{\"@type\":\"ReadAction\",\"target\":[\"https:\\\/\\\/www.ledizioni.it\\\/en\\\/product\\\/l-scarabelli-s-cappellini-a-cura-di-donde-no-habite-el-olvido\\\/\"]}]},{\"@type\":\"ImageObject\",\"inLanguage\":\"en-GB\",\"@id\":\"https:\\\/\\\/www.ledizioni.it\\\/en\\\/product\\\/l-scarabelli-s-cappellini-a-cura-di-donde-no-habite-el-olvido\\\/#primaryimage\",\"url\":\"https:\\\/\\\/www.ledizioni.it\\\/stag\\\/wp-content\\\/uploads\\\/2018\\\/03\\\/Scarabelli_3D.jpg\",\"contentUrl\":\"https:\\\/\\\/www.ledizioni.it\\\/stag\\\/wp-content\\\/uploads\\\/2018\\\/03\\\/Scarabelli_3D.jpg\",\"width\":1100,\"height\":1307},{\"@type\":\"BreadcrumbList\",\"@id\":\"https:\\\/\\\/www.ledizioni.it\\\/en\\\/product\\\/l-scarabelli-s-cappellini-a-cura-di-donde-no-habite-el-olvido\\\/#breadcrumb\",\"itemListElement\":[{\"@type\":\"ListItem\",\"position\":1,\"name\":\"Shop\",\"item\":\"https:\\\/\\\/www.ledizioni.it\\\/shop-2\\\/\"},{\"@type\":\"ListItem\",\"position\":2,\"name\":\"L. Scarabelli, S. Cappellini (a cura di), DONDE NO HABITE EL OLVIDO\"}]},{\"@type\":\"WebSite\",\"@id\":\"https:\\\/\\\/www.ledizioni.it\\\/#website\",\"url\":\"https:\\\/\\\/www.ledizioni.it\\\/\",\"name\":\"Ledizioni\",\"description\":\"The Innovative LediPublishing Company - Casa Editrice Universitaria\",\"publisher\":{\"@id\":\"https:\\\/\\\/www.ledizioni.it\\\/#organization\"},\"potentialAction\":[{\"@type\":\"SearchAction\",\"target\":{\"@type\":\"EntryPoint\",\"urlTemplate\":\"https:\\\/\\\/www.ledizioni.it\\\/?s={search_term_string}\"},\"query-input\":{\"@type\":\"PropertyValueSpecification\",\"valueRequired\":true,\"valueName\":\"search_term_string\"}}],\"inLanguage\":\"en-GB\"},{\"@type\":\"Organization\",\"@id\":\"https:\\\/\\\/www.ledizioni.it\\\/#organization\",\"name\":\"Ledizioni\",\"url\":\"https:\\\/\\\/www.ledizioni.it\\\/\",\"logo\":{\"@type\":\"ImageObject\",\"inLanguage\":\"en-GB\",\"@id\":\"https:\\\/\\\/www.ledizioni.it\\\/#\\\/schema\\\/logo\\\/image\\\/\",\"url\":\"https:\\\/\\\/www.ledizioni.it\\\/stag\\\/wp-content\\\/uploads\\\/2023\\\/10\\\/newlogoledizioni500x110_2-1.jpg\",\"contentUrl\":\"https:\\\/\\\/www.ledizioni.it\\\/stag\\\/wp-content\\\/uploads\\\/2023\\\/10\\\/newlogoledizioni500x110_2-1.jpg\",\"width\":354,\"height\":87,\"caption\":\"Ledizioni\"},\"image\":{\"@id\":\"https:\\\/\\\/www.ledizioni.it\\\/#\\\/schema\\\/logo\\\/image\\\/\"},\"sameAs\":[\"https:\\\/\\\/www.facebook.com\\\/pages\\\/Ledizioni-LediPublishing\\\/109120559173329\",\"https:\\\/\\\/x.com\\\/ledizioni\"]}]}<\/script>\n<!-- \/ Yoast SEO plugin. -->","yoast_head_json":{"title":"L. Scarabelli, S. Cappellini (a cura di), DONDE NO HABITE EL OLVIDO","description":"Ledizioni - Innovative Publishing. Casa editrice universitaria. Open Access. eBook, ePub. Creative Commons.","robots":{"index":"index","follow":"follow","max-snippet":"max-snippet:-1","max-image-preview":"max-image-preview:large","max-video-preview":"max-video-preview:-1"},"canonical":"https:\/\/www.ledizioni.it\/en\/product\/l-scarabelli-s-cappellini-a-cura-di-donde-no-habite-el-olvido\/","og_locale":"en_GB","og_type":"article","og_title":"L. Scarabelli, S. Cappellini (a cura di), DONDE NO HABITE EL OLVIDO","og_description":"Ledizioni - Innovative Publishing. Casa editrice universitaria. Open Access. eBook, ePub. Creative Commons.","og_url":"https:\/\/www.ledizioni.it\/en\/product\/l-scarabelli-s-cappellini-a-cura-di-donde-no-habite-el-olvido\/","og_site_name":"Ledizioni","article_publisher":"https:\/\/www.facebook.com\/pages\/Ledizioni-LediPublishing\/109120559173329","article_modified_time":"2021-05-28T15:45:40+00:00","og_image":[{"width":1100,"height":1307,"url":"https:\/\/www.ledizioni.it\/stag\/wp-content\/uploads\/2018\/03\/Scarabelli_3D.jpg","type":"image\/jpeg"}],"twitter_card":"summary_large_image","twitter_site":"@ledizioni","twitter_misc":{"Estimated reading time":"2 minutes"},"schema":{"@context":"https:\/\/schema.org","@graph":[{"@type":"WebPage","@id":"https:\/\/www.ledizioni.it\/en\/product\/l-scarabelli-s-cappellini-a-cura-di-donde-no-habite-el-olvido\/","url":"https:\/\/www.ledizioni.it\/en\/product\/l-scarabelli-s-cappellini-a-cura-di-donde-no-habite-el-olvido\/","name":"L. Scarabelli, S. Cappellini (a cura di), DONDE NO HABITE EL OLVIDO","isPartOf":{"@id":"https:\/\/www.ledizioni.it\/#website"},"primaryImageOfPage":{"@id":"https:\/\/www.ledizioni.it\/en\/product\/l-scarabelli-s-cappellini-a-cura-di-donde-no-habite-el-olvido\/#primaryimage"},"image":{"@id":"https:\/\/www.ledizioni.it\/en\/product\/l-scarabelli-s-cappellini-a-cura-di-donde-no-habite-el-olvido\/#primaryimage"},"thumbnailUrl":"https:\/\/www.ledizioni.it\/stag\/wp-content\/uploads\/2018\/03\/Scarabelli_3D.jpg","datePublished":"2018-03-26T11:56:45+00:00","dateModified":"2021-05-28T15:45:40+00:00","description":"Ledizioni - Innovative Publishing. Casa editrice universitaria. Open Access. eBook, ePub. Creative Commons.","breadcrumb":{"@id":"https:\/\/www.ledizioni.it\/en\/product\/l-scarabelli-s-cappellini-a-cura-di-donde-no-habite-el-olvido\/#breadcrumb"},"inLanguage":"en-GB","potentialAction":[{"@type":"ReadAction","target":["https:\/\/www.ledizioni.it\/en\/product\/l-scarabelli-s-cappellini-a-cura-di-donde-no-habite-el-olvido\/"]}]},{"@type":"ImageObject","inLanguage":"en-GB","@id":"https:\/\/www.ledizioni.it\/en\/product\/l-scarabelli-s-cappellini-a-cura-di-donde-no-habite-el-olvido\/#primaryimage","url":"https:\/\/www.ledizioni.it\/stag\/wp-content\/uploads\/2018\/03\/Scarabelli_3D.jpg","contentUrl":"https:\/\/www.ledizioni.it\/stag\/wp-content\/uploads\/2018\/03\/Scarabelli_3D.jpg","width":1100,"height":1307},{"@type":"BreadcrumbList","@id":"https:\/\/www.ledizioni.it\/en\/product\/l-scarabelli-s-cappellini-a-cura-di-donde-no-habite-el-olvido\/#breadcrumb","itemListElement":[{"@type":"ListItem","position":1,"name":"Shop","item":"https:\/\/www.ledizioni.it\/shop-2\/"},{"@type":"ListItem","position":2,"name":"L. Scarabelli, S. Cappellini (a cura di), DONDE NO HABITE EL OLVIDO"}]},{"@type":"WebSite","@id":"https:\/\/www.ledizioni.it\/#website","url":"https:\/\/www.ledizioni.it\/","name":"Ledizioni","description":"The Innovative LediPublishing Company - Casa Editrice Universitaria","publisher":{"@id":"https:\/\/www.ledizioni.it\/#organization"},"potentialAction":[{"@type":"SearchAction","target":{"@type":"EntryPoint","urlTemplate":"https:\/\/www.ledizioni.it\/?s={search_term_string}"},"query-input":{"@type":"PropertyValueSpecification","valueRequired":true,"valueName":"search_term_string"}}],"inLanguage":"en-GB"},{"@type":"Organization","@id":"https:\/\/www.ledizioni.it\/#organization","name":"Ledizioni","url":"https:\/\/www.ledizioni.it\/","logo":{"@type":"ImageObject","inLanguage":"en-GB","@id":"https:\/\/www.ledizioni.it\/#\/schema\/logo\/image\/","url":"https:\/\/www.ledizioni.it\/stag\/wp-content\/uploads\/2023\/10\/newlogoledizioni500x110_2-1.jpg","contentUrl":"https:\/\/www.ledizioni.it\/stag\/wp-content\/uploads\/2023\/10\/newlogoledizioni500x110_2-1.jpg","width":354,"height":87,"caption":"Ledizioni"},"image":{"@id":"https:\/\/www.ledizioni.it\/#\/schema\/logo\/image\/"},"sameAs":["https:\/\/www.facebook.com\/pages\/Ledizioni-LediPublishing\/109120559173329","https:\/\/x.com\/ledizioni"]}]}},"jetpack_sharing_enabled":true,"_links":{"self":[{"href":"https:\/\/www.ledizioni.it\/en\/wp-json\/wp\/v2\/product\/18715","targetHints":{"allow":["GET"]}}],"collection":[{"href":"https:\/\/www.ledizioni.it\/en\/wp-json\/wp\/v2\/product"}],"about":[{"href":"https:\/\/www.ledizioni.it\/en\/wp-json\/wp\/v2\/types\/product"}],"replies":[{"embeddable":true,"href":"https:\/\/www.ledizioni.it\/en\/wp-json\/wp\/v2\/comments?post=18715"}],"version-history":[{"count":1,"href":"https:\/\/www.ledizioni.it\/en\/wp-json\/wp\/v2\/product\/18715\/revisions"}],"predecessor-version":[{"id":26793,"href":"https:\/\/www.ledizioni.it\/en\/wp-json\/wp\/v2\/product\/18715\/revisions\/26793"}],"wp:featuredmedia":[{"embeddable":true,"href":"https:\/\/www.ledizioni.it\/en\/wp-json\/wp\/v2\/media\/18716"}],"wp:attachment":[{"href":"https:\/\/www.ledizioni.it\/en\/wp-json\/wp\/v2\/media?parent=18715"}],"wp:term":[{"taxonomy":"product_brand","embeddable":true,"href":"https:\/\/www.ledizioni.it\/en\/wp-json\/wp\/v2\/product_brand?post=18715"},{"taxonomy":"product_cat","embeddable":true,"href":"https:\/\/www.ledizioni.it\/en\/wp-json\/wp\/v2\/product_cat?post=18715"},{"taxonomy":"product_tag","embeddable":true,"href":"https:\/\/www.ledizioni.it\/en\/wp-json\/wp\/v2\/product_tag?post=18715"}],"curies":[{"name":"wp","href":"https:\/\/api.w.org\/{rel}","templated":true}]}}