{"id":18717,"date":"2018-03-26T14:02:40","date_gmt":"2018-03-26T12:02:40","guid":{"rendered":"http:\/\/www.ledizioni.it\/?post_type=product&#038;p=18717"},"modified":"2021-05-28T17:45:30","modified_gmt":"2021-05-28T15:45:30","slug":"e-perassi-g-calabrese-a-cura-di-donde-no-habite-el-olvido","status":"publish","type":"product","link":"https:\/\/www.ledizioni.it\/en\/product\/e-perassi-g-calabrese-a-cura-di-donde-no-habite-el-olvido\/","title":{"rendered":"E. Perassi, G. Calabrese (a cura di), DONDE NO HABITE EL OLVIDO"},"content":{"rendered":"<p style=\"text-align: justify;\"><em><strong>Herencia y transmisi\u00f3n del testimonio en Argentina<\/strong><\/em><\/p>\n<p style=\"text-align: justify;\">En este libro se recogen los resultados de diversas investigaciones dedicadas al estudio del g\u00e9nero testimonial, en particular a sus huellas en el tiempo. Tanto la vigencia como la herencia dejada por el testimonio son el eje de los estudios que aqu\u00ed se re\u00fanen, para explorar sobre todo los modos y las formas que asume la transmisi\u00f3n de la memoria cuarenta a\u00f1os despu\u00e9s del fin de la dictadura c\u00edvico-militar en la Argentina.<br \/>\nLos resultados de este proceso de investigaci\u00f3n, que es a la vez profunda reflexi\u00f3n y posicionamiento, se presentan en este libro a trav\u00e9s de un recorrido que abarca tanto la escritura de testimonios directos y la narrativa de los Hijos, como las pr\u00e1cticas testimoniales y de denuncia realizadas a trav\u00e9s de recursos cinematogr\u00e1ficos, art\u00edsticos y museales. La experiencia traum\u00e1tica se narra tambi\u00e9n a partir de la primera persona en los cuatro dosieres que cierran el volumen, en que los testigos (Mario Villani, Marco Bechis, Alicia Kozameh, Nora Strejilevich) siguen entreg\u00e1ndonos sus palabras y visiones en formatos variados, desde sus propios textos a las entrevistas y las im\u00e1genes.<\/p>\n<p style=\"text-align: justify;\">Textos de: Marco Bechis; Adriana J. Bergero; Norma Berti; Rike Bolte; Antonella Cancellier; Serena Cappellini; Ana Casado Fern\u00e1ndez; Flavio Fiorani; Ana Forcinito; Caterina Giargia; Alicia Kozameh; Ilaria Magnani; Emilia Perassi; Erna Pfeiffer; Irene Pr\u00fcfer Leske; Fernando Reati; Marie Rosier; Julio Santucho; Marianna Scaramucci; Mar\u00eda A. Semilla Dur\u00e1n; Lucrecia Velasco; Julieta Zarco; Griselda Zuffi.<\/p>\n<p>\u00a0<\/p>\n<h3 style=\"text-align: justify;\"><strong>DATI BIBLIOGRAFICI<\/strong><\/h3>\n<p style=\"text-align: justify;\">Autore: Emilia Perassi, Giuliana Calabrese (a cura di)<br \/>\nEditore: Ledizioni<br \/>\nCollana: <a title=\"Di\/Segni\" href=\"http:\/\/www.ledizioni.it\/en\/collane\/letteratura\/disegni\/\">Di\/Segni<\/a><br \/>\nFormato: Brossura, 351 p. &#8211; PDF in Open Access<br \/>\nLingua: spagnolo<br \/>\nPubblicato in: novembre 2017<br \/>\nISBN cartaceo: 9788867057030<br \/>\nPrezzo cartaceo: 28,00 \u20ac<\/p>\n<p><a href=\"https:\/\/www.torrossa.com\/it\/resources\/an\/4375893\"><img decoding=\"async\" class=\"aligncenter wp-image-23912\" src=\"https:\/\/www.ledizioni.it\/stag\/wp-content\/uploads\/2019\/07\/torrossa_web-150x80.jpg\" alt=\"\" width=\"200\" height=\"60\" \/><\/a><\/p>","protected":false},"excerpt":{"rendered":"<p>Herencia y transmisi\u00f3n del testimonio en Argentina En este libro se recogen los resultados de diversas investigaciones dedicadas al estudio<\/p>","protected":false},"featured_media":18718,"comment_status":"open","ping_status":"closed","template":"","meta":{"_acf_changed":false},"product_brand":[],"product_cat":[1080],"product_tag":[1499,764],"class_list":{"0":"post-18717","1":"product","2":"type-product","3":"status-publish","4":"has-post-thumbnail","6":"product_cat-disegni","7":"product_tag-spagnolo","8":"product_tag-open-access-2","9":"pa_formato-cartaceo","10":"pa_formato-ebook-in-pdf","11":"pa_lingua-spagnolo","13":"first","14":"instock","15":"featured","16":"shipping-taxable","17":"purchasable","18":"product-type-variable"},"acf":[],"yoast_head":"<!-- This site is optimized with the Yoast SEO plugin v27.3 - https:\/\/yoast.com\/product\/yoast-seo-wordpress\/ -->\n<title>E. Perassi, G. Calabrese (a cura di), DONDE NO HABITE EL OLVIDO<\/title>\n<meta name=\"description\" content=\"Ledizioni - Innovative Publishing. Casa editrice universitaria. Open Access. eBook, ePub. Creative Commons.\" \/>\n<meta name=\"robots\" content=\"index, follow, max-snippet:-1, max-image-preview:large, max-video-preview:-1\" \/>\n<link rel=\"canonical\" href=\"https:\/\/www.ledizioni.it\/en\/product\/e-perassi-g-calabrese-a-cura-di-donde-no-habite-el-olvido\/\" \/>\n<meta property=\"og:locale\" content=\"en_GB\" \/>\n<meta property=\"og:type\" content=\"article\" \/>\n<meta property=\"og:title\" content=\"E. Perassi, G. Calabrese (a cura di), DONDE NO HABITE EL OLVIDO\" \/>\n<meta property=\"og:description\" content=\"Ledizioni - Innovative Publishing. Casa editrice universitaria. Open Access. eBook, ePub. Creative Commons.\" \/>\n<meta property=\"og:url\" content=\"https:\/\/www.ledizioni.it\/en\/product\/e-perassi-g-calabrese-a-cura-di-donde-no-habite-el-olvido\/\" \/>\n<meta property=\"og:site_name\" content=\"Ledizioni\" \/>\n<meta property=\"article:publisher\" content=\"https:\/\/www.facebook.com\/pages\/Ledizioni-LediPublishing\/109120559173329\" \/>\n<meta property=\"article:modified_time\" content=\"2021-05-28T15:45:30+00:00\" \/>\n<meta property=\"og:image\" content=\"https:\/\/www.ledizioni.it\/stag\/wp-content\/uploads\/2018\/03\/Perassi_3D.jpg\" \/>\n\t<meta property=\"og:image:width\" content=\"1100\" \/>\n\t<meta property=\"og:image:height\" content=\"1394\" \/>\n\t<meta property=\"og:image:type\" content=\"image\/jpeg\" \/>\n<meta name=\"twitter:card\" content=\"summary_large_image\" \/>\n<meta name=\"twitter:site\" content=\"@ledizioni\" \/>\n<meta name=\"twitter:label1\" content=\"Estimated reading time\" \/>\n\t<meta name=\"twitter:data1\" content=\"1 minute\" \/>\n<script type=\"application\/ld+json\" class=\"yoast-schema-graph\">{\"@context\":\"https:\\\/\\\/schema.org\",\"@graph\":[{\"@type\":\"WebPage\",\"@id\":\"https:\\\/\\\/www.ledizioni.it\\\/prodotto\\\/e-perassi-g-calabrese-a-cura-di-donde-no-habite-el-olvido\\\/\",\"url\":\"https:\\\/\\\/www.ledizioni.it\\\/prodotto\\\/e-perassi-g-calabrese-a-cura-di-donde-no-habite-el-olvido\\\/\",\"name\":\"E. Perassi, G. Calabrese (a cura di), DONDE NO HABITE EL OLVIDO\",\"isPartOf\":{\"@id\":\"https:\\\/\\\/www.ledizioni.it\\\/#website\"},\"primaryImageOfPage\":{\"@id\":\"https:\\\/\\\/www.ledizioni.it\\\/prodotto\\\/e-perassi-g-calabrese-a-cura-di-donde-no-habite-el-olvido\\\/#primaryimage\"},\"image\":{\"@id\":\"https:\\\/\\\/www.ledizioni.it\\\/prodotto\\\/e-perassi-g-calabrese-a-cura-di-donde-no-habite-el-olvido\\\/#primaryimage\"},\"thumbnailUrl\":\"https:\\\/\\\/www.ledizioni.it\\\/stag\\\/wp-content\\\/uploads\\\/2018\\\/03\\\/Perassi_3D.jpg\",\"datePublished\":\"2018-03-26T12:02:40+00:00\",\"dateModified\":\"2021-05-28T15:45:30+00:00\",\"description\":\"Ledizioni - Innovative Publishing. Casa editrice universitaria. Open Access. eBook, ePub. Creative Commons.\",\"breadcrumb\":{\"@id\":\"https:\\\/\\\/www.ledizioni.it\\\/prodotto\\\/e-perassi-g-calabrese-a-cura-di-donde-no-habite-el-olvido\\\/#breadcrumb\"},\"inLanguage\":\"en-GB\",\"potentialAction\":[{\"@type\":\"ReadAction\",\"target\":[\"https:\\\/\\\/www.ledizioni.it\\\/prodotto\\\/e-perassi-g-calabrese-a-cura-di-donde-no-habite-el-olvido\\\/\"]}]},{\"@type\":\"ImageObject\",\"inLanguage\":\"en-GB\",\"@id\":\"https:\\\/\\\/www.ledizioni.it\\\/prodotto\\\/e-perassi-g-calabrese-a-cura-di-donde-no-habite-el-olvido\\\/#primaryimage\",\"url\":\"https:\\\/\\\/www.ledizioni.it\\\/stag\\\/wp-content\\\/uploads\\\/2018\\\/03\\\/Perassi_3D.jpg\",\"contentUrl\":\"https:\\\/\\\/www.ledizioni.it\\\/stag\\\/wp-content\\\/uploads\\\/2018\\\/03\\\/Perassi_3D.jpg\",\"width\":1100,\"height\":1394},{\"@type\":\"BreadcrumbList\",\"@id\":\"https:\\\/\\\/www.ledizioni.it\\\/prodotto\\\/e-perassi-g-calabrese-a-cura-di-donde-no-habite-el-olvido\\\/#breadcrumb\",\"itemListElement\":[{\"@type\":\"ListItem\",\"position\":1,\"name\":\"Shop\",\"item\":\"https:\\\/\\\/www.ledizioni.it\\\/shop-2\\\/\"},{\"@type\":\"ListItem\",\"position\":2,\"name\":\"E. Perassi, G. Calabrese (a cura di), DONDE NO HABITE EL OLVIDO\"}]},{\"@type\":\"WebSite\",\"@id\":\"https:\\\/\\\/www.ledizioni.it\\\/#website\",\"url\":\"https:\\\/\\\/www.ledizioni.it\\\/\",\"name\":\"Ledizioni\",\"description\":\"The Innovative LediPublishing Company - Casa Editrice Universitaria\",\"publisher\":{\"@id\":\"https:\\\/\\\/www.ledizioni.it\\\/#organization\"},\"potentialAction\":[{\"@type\":\"SearchAction\",\"target\":{\"@type\":\"EntryPoint\",\"urlTemplate\":\"https:\\\/\\\/www.ledizioni.it\\\/?s={search_term_string}\"},\"query-input\":{\"@type\":\"PropertyValueSpecification\",\"valueRequired\":true,\"valueName\":\"search_term_string\"}}],\"inLanguage\":\"en-GB\"},{\"@type\":\"Organization\",\"@id\":\"https:\\\/\\\/www.ledizioni.it\\\/#organization\",\"name\":\"Ledizioni\",\"url\":\"https:\\\/\\\/www.ledizioni.it\\\/\",\"logo\":{\"@type\":\"ImageObject\",\"inLanguage\":\"en-GB\",\"@id\":\"https:\\\/\\\/www.ledizioni.it\\\/#\\\/schema\\\/logo\\\/image\\\/\",\"url\":\"https:\\\/\\\/www.ledizioni.it\\\/stag\\\/wp-content\\\/uploads\\\/2023\\\/10\\\/newlogoledizioni500x110_2-1.jpg\",\"contentUrl\":\"https:\\\/\\\/www.ledizioni.it\\\/stag\\\/wp-content\\\/uploads\\\/2023\\\/10\\\/newlogoledizioni500x110_2-1.jpg\",\"width\":354,\"height\":87,\"caption\":\"Ledizioni\"},\"image\":{\"@id\":\"https:\\\/\\\/www.ledizioni.it\\\/#\\\/schema\\\/logo\\\/image\\\/\"},\"sameAs\":[\"https:\\\/\\\/www.facebook.com\\\/pages\\\/Ledizioni-LediPublishing\\\/109120559173329\",\"https:\\\/\\\/x.com\\\/ledizioni\"]}]}<\/script>\n<!-- \/ Yoast SEO plugin. -->","yoast_head_json":{"title":"E. Perassi, G. Calabrese (a cura di), DONDE NO HABITE EL OLVIDO","description":"Ledizioni - Innovative Publishing. Casa editrice universitaria. Open Access. eBook, ePub. Creative Commons.","robots":{"index":"index","follow":"follow","max-snippet":"max-snippet:-1","max-image-preview":"max-image-preview:large","max-video-preview":"max-video-preview:-1"},"canonical":"https:\/\/www.ledizioni.it\/en\/product\/e-perassi-g-calabrese-a-cura-di-donde-no-habite-el-olvido\/","og_locale":"en_GB","og_type":"article","og_title":"E. Perassi, G. Calabrese (a cura di), DONDE NO HABITE EL OLVIDO","og_description":"Ledizioni - Innovative Publishing. Casa editrice universitaria. Open Access. eBook, ePub. Creative Commons.","og_url":"https:\/\/www.ledizioni.it\/en\/product\/e-perassi-g-calabrese-a-cura-di-donde-no-habite-el-olvido\/","og_site_name":"Ledizioni","article_publisher":"https:\/\/www.facebook.com\/pages\/Ledizioni-LediPublishing\/109120559173329","article_modified_time":"2021-05-28T15:45:30+00:00","og_image":[{"width":1100,"height":1394,"url":"https:\/\/www.ledizioni.it\/stag\/wp-content\/uploads\/2018\/03\/Perassi_3D.jpg","type":"image\/jpeg"}],"twitter_card":"summary_large_image","twitter_site":"@ledizioni","twitter_misc":{"Estimated reading time":"1 minute"},"schema":{"@context":"https:\/\/schema.org","@graph":[{"@type":"WebPage","@id":"https:\/\/www.ledizioni.it\/prodotto\/e-perassi-g-calabrese-a-cura-di-donde-no-habite-el-olvido\/","url":"https:\/\/www.ledizioni.it\/prodotto\/e-perassi-g-calabrese-a-cura-di-donde-no-habite-el-olvido\/","name":"E. Perassi, G. Calabrese (a cura di), DONDE NO HABITE EL OLVIDO","isPartOf":{"@id":"https:\/\/www.ledizioni.it\/#website"},"primaryImageOfPage":{"@id":"https:\/\/www.ledizioni.it\/prodotto\/e-perassi-g-calabrese-a-cura-di-donde-no-habite-el-olvido\/#primaryimage"},"image":{"@id":"https:\/\/www.ledizioni.it\/prodotto\/e-perassi-g-calabrese-a-cura-di-donde-no-habite-el-olvido\/#primaryimage"},"thumbnailUrl":"https:\/\/www.ledizioni.it\/stag\/wp-content\/uploads\/2018\/03\/Perassi_3D.jpg","datePublished":"2018-03-26T12:02:40+00:00","dateModified":"2021-05-28T15:45:30+00:00","description":"Ledizioni - Innovative Publishing. Casa editrice universitaria. Open Access. eBook, ePub. Creative Commons.","breadcrumb":{"@id":"https:\/\/www.ledizioni.it\/prodotto\/e-perassi-g-calabrese-a-cura-di-donde-no-habite-el-olvido\/#breadcrumb"},"inLanguage":"en-GB","potentialAction":[{"@type":"ReadAction","target":["https:\/\/www.ledizioni.it\/prodotto\/e-perassi-g-calabrese-a-cura-di-donde-no-habite-el-olvido\/"]}]},{"@type":"ImageObject","inLanguage":"en-GB","@id":"https:\/\/www.ledizioni.it\/prodotto\/e-perassi-g-calabrese-a-cura-di-donde-no-habite-el-olvido\/#primaryimage","url":"https:\/\/www.ledizioni.it\/stag\/wp-content\/uploads\/2018\/03\/Perassi_3D.jpg","contentUrl":"https:\/\/www.ledizioni.it\/stag\/wp-content\/uploads\/2018\/03\/Perassi_3D.jpg","width":1100,"height":1394},{"@type":"BreadcrumbList","@id":"https:\/\/www.ledizioni.it\/prodotto\/e-perassi-g-calabrese-a-cura-di-donde-no-habite-el-olvido\/#breadcrumb","itemListElement":[{"@type":"ListItem","position":1,"name":"Shop","item":"https:\/\/www.ledizioni.it\/shop-2\/"},{"@type":"ListItem","position":2,"name":"E. Perassi, G. Calabrese (a cura di), DONDE NO HABITE EL OLVIDO"}]},{"@type":"WebSite","@id":"https:\/\/www.ledizioni.it\/#website","url":"https:\/\/www.ledizioni.it\/","name":"Ledizioni","description":"The Innovative LediPublishing Company - Casa Editrice Universitaria","publisher":{"@id":"https:\/\/www.ledizioni.it\/#organization"},"potentialAction":[{"@type":"SearchAction","target":{"@type":"EntryPoint","urlTemplate":"https:\/\/www.ledizioni.it\/?s={search_term_string}"},"query-input":{"@type":"PropertyValueSpecification","valueRequired":true,"valueName":"search_term_string"}}],"inLanguage":"en-GB"},{"@type":"Organization","@id":"https:\/\/www.ledizioni.it\/#organization","name":"Ledizioni","url":"https:\/\/www.ledizioni.it\/","logo":{"@type":"ImageObject","inLanguage":"en-GB","@id":"https:\/\/www.ledizioni.it\/#\/schema\/logo\/image\/","url":"https:\/\/www.ledizioni.it\/stag\/wp-content\/uploads\/2023\/10\/newlogoledizioni500x110_2-1.jpg","contentUrl":"https:\/\/www.ledizioni.it\/stag\/wp-content\/uploads\/2023\/10\/newlogoledizioni500x110_2-1.jpg","width":354,"height":87,"caption":"Ledizioni"},"image":{"@id":"https:\/\/www.ledizioni.it\/#\/schema\/logo\/image\/"},"sameAs":["https:\/\/www.facebook.com\/pages\/Ledizioni-LediPublishing\/109120559173329","https:\/\/x.com\/ledizioni"]}]}},"jetpack_sharing_enabled":true,"_links":{"self":[{"href":"https:\/\/www.ledizioni.it\/en\/wp-json\/wp\/v2\/product\/18717","targetHints":{"allow":["GET"]}}],"collection":[{"href":"https:\/\/www.ledizioni.it\/en\/wp-json\/wp\/v2\/product"}],"about":[{"href":"https:\/\/www.ledizioni.it\/en\/wp-json\/wp\/v2\/types\/product"}],"replies":[{"embeddable":true,"href":"https:\/\/www.ledizioni.it\/en\/wp-json\/wp\/v2\/comments?post=18717"}],"version-history":[{"count":1,"href":"https:\/\/www.ledizioni.it\/en\/wp-json\/wp\/v2\/product\/18717\/revisions"}],"predecessor-version":[{"id":93051,"href":"https:\/\/www.ledizioni.it\/en\/wp-json\/wp\/v2\/product\/18717\/revisions\/93051"}],"wp:featuredmedia":[{"embeddable":true,"href":"https:\/\/www.ledizioni.it\/en\/wp-json\/wp\/v2\/media\/18718"}],"wp:attachment":[{"href":"https:\/\/www.ledizioni.it\/en\/wp-json\/wp\/v2\/media?parent=18717"}],"wp:term":[{"taxonomy":"product_brand","embeddable":true,"href":"https:\/\/www.ledizioni.it\/en\/wp-json\/wp\/v2\/product_brand?post=18717"},{"taxonomy":"product_cat","embeddable":true,"href":"https:\/\/www.ledizioni.it\/en\/wp-json\/wp\/v2\/product_cat?post=18717"},{"taxonomy":"product_tag","embeddable":true,"href":"https:\/\/www.ledizioni.it\/en\/wp-json\/wp\/v2\/product_tag?post=18717"}],"curies":[{"name":"wp","href":"https:\/\/api.w.org\/{rel}","templated":true}]}}