{"id":18803,"date":"2018-04-17T12:59:14","date_gmt":"2018-04-17T12:59:14","guid":{"rendered":"http:\/\/www.ledizioni.it\/?post_type=product&#038;p=18803"},"modified":"2021-05-26T16:34:05","modified_gmt":"2021-05-26T14:34:05","slug":"g-viggiani-liberalismo-politico-matrimonio-persone-dello-sesso","status":"publish","type":"product","link":"https:\/\/www.ledizioni.it\/en\/product\/g-viggiani-liberalismo-politico-matrimonio-persone-dello-sesso\/","title":{"rendered":"IL LIBERALISMO POLITICO E IL MATRIMONIO TRA PERSONE DELLO STESSO SESSO"},"content":{"rendered":"<p style=\"text-align: justify;\">L\u2019introduzione del matrimonio tra persone dello stesso sesso \u00e8 oggigiorno una delle questioni pi\u00f9 dibattute in Italia e nel mondo, nonch\u00e9 una delle principali rivendicazioni nell\u2019ambito dei diritti civili. Ma la domanda di riconoscimento di queste unioni, da un lato, e l\u2019apertura di un istituto tradizionalmente riservato alle coppie di persone di sesso diverso, dall\u2019altro, sono richieste che possono essere giustificate all\u2019interno di una societ\u00e0 pluralista? Il volume tenta di rispondere all\u2019interrogativo pesando queste richieste sulla bilancia della pi\u00f9 influente e importante teoria della giustizia del Novecento \u2013 il liberalismo politico di John Rawls \u2013 nella convinzione che le (giuste) ragioni per legiferare debbano precedere l\u2019attivit\u00e0 legislativa.<\/p>\n<p><strong>DATI BIBLIOGRAFICI<\/strong><br \/>\nAutore: Giacomo Viggiani<br \/>\nEditore: Ledizioni<br \/>\nPubblicato in: aprile 2018<br \/>\nFormato: brossura, 270 p. &#8211; ePub<br \/>\nISBN cartaceo: 9788867057528<br \/>\nISBN ePub: 9788867057511<br \/>\nPrezzo cartaceo: 18 \u20ac<br \/>\nPrezzo ePub: 9,99 \u20ac<\/p>\n<p>[amazon_link asins=&#8217;8867057529&#8242; template=&#8217;PriceLink1&#8242; store=&#8217;ledizioni-21&#8242; marketplace=&#8217;IT&#8217; link_id=&#8217;5a0f7e45-c0ad-11e8-9291-1f6f6a08def9&#8242;]<\/p>\n<p><a href=\"https:\/\/www.torrossa.com\/it\/resources\/an\/4386610\"><img decoding=\"async\" class=\"aligncenter wp-image-23912\" src=\"https:\/\/www.ledizioni.it\/stag\/wp-content\/uploads\/2019\/07\/torrossa_web-150x80.jpg\" alt=\"\" width=\"200\" height=\"60\" \/><\/a><\/p>","protected":false},"excerpt":{"rendered":"<p>L\u2019introduzione del matrimonio tra persone dello stesso sesso \u00e8 oggigiorno una delle questioni pi\u00f9 dibattute in Italia e nel mondo,<\/p>","protected":false},"featured_media":18804,"comment_status":"open","ping_status":"closed","template":"","meta":{"_acf_changed":false},"product_brand":[],"product_cat":[566],"product_tag":[1666,1667,1668,1240],"class_list":{"0":"post-18803","1":"product","2":"type-product","3":"status-publish","4":"has-post-thumbnail","6":"product_cat-diritto-2","7":"product_tag-diritti-civili","8":"product_tag-liberalismo","9":"product_tag-uguaglianza","10":"product_tag-unioni-civili","11":"pa_formato-cartaceo","12":"pa_formato-ebook-in-epub","14":"first","15":"instock","16":"featured","17":"shipping-taxable","18":"purchasable","19":"product-type-variable"},"acf":[],"yoast_head":"<!-- This site is optimized with the Yoast SEO plugin v27.3 - https:\/\/yoast.com\/product\/yoast-seo-wordpress\/ -->\n<title>IL LIBERALISMO POLITICO E IL MATRIMONIO TRA PERSONE DELLO STESSO SESSO -<\/title>\n<meta name=\"description\" content=\"Ledizioni - Innovative Publishing. Casa editrice universitaria. Open Access. eBook, ePub. Creative Commons.\" \/>\n<meta name=\"robots\" content=\"index, follow, max-snippet:-1, max-image-preview:large, max-video-preview:-1\" \/>\n<link rel=\"canonical\" href=\"https:\/\/www.ledizioni.it\/en\/product\/g-viggiani-liberalismo-politico-matrimonio-persone-dello-sesso\/\" \/>\n<meta property=\"og:locale\" content=\"en_GB\" \/>\n<meta property=\"og:type\" content=\"article\" \/>\n<meta property=\"og:title\" content=\"IL LIBERALISMO POLITICO E IL MATRIMONIO TRA PERSONE DELLO STESSO SESSO -\" \/>\n<meta property=\"og:description\" content=\"Ledizioni - Innovative Publishing. Casa editrice universitaria. Open Access. eBook, ePub. Creative Commons.\" \/>\n<meta property=\"og:url\" content=\"https:\/\/www.ledizioni.it\/en\/product\/g-viggiani-liberalismo-politico-matrimonio-persone-dello-sesso\/\" \/>\n<meta property=\"og:site_name\" content=\"Ledizioni\" \/>\n<meta property=\"article:publisher\" content=\"https:\/\/www.facebook.com\/pages\/Ledizioni-LediPublishing\/109120559173329\" \/>\n<meta property=\"article:modified_time\" content=\"2021-05-26T14:34:05+00:00\" \/>\n<meta property=\"og:image\" content=\"https:\/\/www.ledizioni.it\/stag\/wp-content\/uploads\/2018\/04\/Viggiani_3D.jpg\" \/>\n\t<meta property=\"og:image:width\" content=\"1100\" \/>\n\t<meta property=\"og:image:height\" content=\"1406\" \/>\n\t<meta property=\"og:image:type\" content=\"image\/jpeg\" \/>\n<meta name=\"twitter:card\" content=\"summary_large_image\" \/>\n<meta name=\"twitter:site\" content=\"@ledizioni\" \/>\n<meta name=\"twitter:label1\" content=\"Estimated reading time\" \/>\n\t<meta name=\"twitter:data1\" content=\"1 minute\" \/>\n<script type=\"application\/ld+json\" class=\"yoast-schema-graph\">{\"@context\":\"https:\\\/\\\/schema.org\",\"@graph\":[{\"@type\":\"WebPage\",\"@id\":\"https:\\\/\\\/www.ledizioni.it\\\/en\\\/product\\\/g-viggiani-liberalismo-politico-matrimonio-persone-dello-sesso\\\/\",\"url\":\"https:\\\/\\\/www.ledizioni.it\\\/en\\\/product\\\/g-viggiani-liberalismo-politico-matrimonio-persone-dello-sesso\\\/\",\"name\":\"IL LIBERALISMO POLITICO E IL MATRIMONIO TRA PERSONE DELLO STESSO SESSO -\",\"isPartOf\":{\"@id\":\"https:\\\/\\\/www.ledizioni.it\\\/#website\"},\"primaryImageOfPage\":{\"@id\":\"https:\\\/\\\/www.ledizioni.it\\\/en\\\/product\\\/g-viggiani-liberalismo-politico-matrimonio-persone-dello-sesso\\\/#primaryimage\"},\"image\":{\"@id\":\"https:\\\/\\\/www.ledizioni.it\\\/en\\\/product\\\/g-viggiani-liberalismo-politico-matrimonio-persone-dello-sesso\\\/#primaryimage\"},\"thumbnailUrl\":\"https:\\\/\\\/www.ledizioni.it\\\/stag\\\/wp-content\\\/uploads\\\/2018\\\/04\\\/Viggiani_3D.jpg\",\"datePublished\":\"2018-04-17T12:59:14+00:00\",\"dateModified\":\"2021-05-26T14:34:05+00:00\",\"description\":\"Ledizioni - Innovative Publishing. Casa editrice universitaria. Open Access. eBook, ePub. Creative Commons.\",\"breadcrumb\":{\"@id\":\"https:\\\/\\\/www.ledizioni.it\\\/en\\\/product\\\/g-viggiani-liberalismo-politico-matrimonio-persone-dello-sesso\\\/#breadcrumb\"},\"inLanguage\":\"en-GB\",\"potentialAction\":[{\"@type\":\"ReadAction\",\"target\":[\"https:\\\/\\\/www.ledizioni.it\\\/en\\\/product\\\/g-viggiani-liberalismo-politico-matrimonio-persone-dello-sesso\\\/\"]}]},{\"@type\":\"ImageObject\",\"inLanguage\":\"en-GB\",\"@id\":\"https:\\\/\\\/www.ledizioni.it\\\/en\\\/product\\\/g-viggiani-liberalismo-politico-matrimonio-persone-dello-sesso\\\/#primaryimage\",\"url\":\"https:\\\/\\\/www.ledizioni.it\\\/stag\\\/wp-content\\\/uploads\\\/2018\\\/04\\\/Viggiani_3D.jpg\",\"contentUrl\":\"https:\\\/\\\/www.ledizioni.it\\\/stag\\\/wp-content\\\/uploads\\\/2018\\\/04\\\/Viggiani_3D.jpg\",\"width\":1100,\"height\":1406},{\"@type\":\"BreadcrumbList\",\"@id\":\"https:\\\/\\\/www.ledizioni.it\\\/en\\\/product\\\/g-viggiani-liberalismo-politico-matrimonio-persone-dello-sesso\\\/#breadcrumb\",\"itemListElement\":[{\"@type\":\"ListItem\",\"position\":1,\"name\":\"Shop\",\"item\":\"https:\\\/\\\/www.ledizioni.it\\\/shop-2\\\/\"},{\"@type\":\"ListItem\",\"position\":2,\"name\":\"IL LIBERALISMO POLITICO E IL MATRIMONIO TRA PERSONE DELLO STESSO SESSO\"}]},{\"@type\":\"WebSite\",\"@id\":\"https:\\\/\\\/www.ledizioni.it\\\/#website\",\"url\":\"https:\\\/\\\/www.ledizioni.it\\\/\",\"name\":\"Ledizioni\",\"description\":\"The Innovative LediPublishing Company - Casa Editrice Universitaria\",\"publisher\":{\"@id\":\"https:\\\/\\\/www.ledizioni.it\\\/#organization\"},\"potentialAction\":[{\"@type\":\"SearchAction\",\"target\":{\"@type\":\"EntryPoint\",\"urlTemplate\":\"https:\\\/\\\/www.ledizioni.it\\\/?s={search_term_string}\"},\"query-input\":{\"@type\":\"PropertyValueSpecification\",\"valueRequired\":true,\"valueName\":\"search_term_string\"}}],\"inLanguage\":\"en-GB\"},{\"@type\":\"Organization\",\"@id\":\"https:\\\/\\\/www.ledizioni.it\\\/#organization\",\"name\":\"Ledizioni\",\"url\":\"https:\\\/\\\/www.ledizioni.it\\\/\",\"logo\":{\"@type\":\"ImageObject\",\"inLanguage\":\"en-GB\",\"@id\":\"https:\\\/\\\/www.ledizioni.it\\\/#\\\/schema\\\/logo\\\/image\\\/\",\"url\":\"https:\\\/\\\/www.ledizioni.it\\\/stag\\\/wp-content\\\/uploads\\\/2023\\\/10\\\/newlogoledizioni500x110_2-1.jpg\",\"contentUrl\":\"https:\\\/\\\/www.ledizioni.it\\\/stag\\\/wp-content\\\/uploads\\\/2023\\\/10\\\/newlogoledizioni500x110_2-1.jpg\",\"width\":354,\"height\":87,\"caption\":\"Ledizioni\"},\"image\":{\"@id\":\"https:\\\/\\\/www.ledizioni.it\\\/#\\\/schema\\\/logo\\\/image\\\/\"},\"sameAs\":[\"https:\\\/\\\/www.facebook.com\\\/pages\\\/Ledizioni-LediPublishing\\\/109120559173329\",\"https:\\\/\\\/x.com\\\/ledizioni\"]}]}<\/script>\n<!-- \/ Yoast SEO plugin. -->","yoast_head_json":{"title":"IL LIBERALISMO POLITICO E IL MATRIMONIO TRA PERSONE DELLO STESSO SESSO -","description":"Ledizioni - Innovative Publishing. Casa editrice universitaria. Open Access. eBook, ePub. Creative Commons.","robots":{"index":"index","follow":"follow","max-snippet":"max-snippet:-1","max-image-preview":"max-image-preview:large","max-video-preview":"max-video-preview:-1"},"canonical":"https:\/\/www.ledizioni.it\/en\/product\/g-viggiani-liberalismo-politico-matrimonio-persone-dello-sesso\/","og_locale":"en_GB","og_type":"article","og_title":"IL LIBERALISMO POLITICO E IL MATRIMONIO TRA PERSONE DELLO STESSO SESSO -","og_description":"Ledizioni - Innovative Publishing. Casa editrice universitaria. Open Access. eBook, ePub. Creative Commons.","og_url":"https:\/\/www.ledizioni.it\/en\/product\/g-viggiani-liberalismo-politico-matrimonio-persone-dello-sesso\/","og_site_name":"Ledizioni","article_publisher":"https:\/\/www.facebook.com\/pages\/Ledizioni-LediPublishing\/109120559173329","article_modified_time":"2021-05-26T14:34:05+00:00","og_image":[{"width":1100,"height":1406,"url":"https:\/\/www.ledizioni.it\/stag\/wp-content\/uploads\/2018\/04\/Viggiani_3D.jpg","type":"image\/jpeg"}],"twitter_card":"summary_large_image","twitter_site":"@ledizioni","twitter_misc":{"Estimated reading time":"1 minute"},"schema":{"@context":"https:\/\/schema.org","@graph":[{"@type":"WebPage","@id":"https:\/\/www.ledizioni.it\/en\/product\/g-viggiani-liberalismo-politico-matrimonio-persone-dello-sesso\/","url":"https:\/\/www.ledizioni.it\/en\/product\/g-viggiani-liberalismo-politico-matrimonio-persone-dello-sesso\/","name":"IL LIBERALISMO POLITICO E IL MATRIMONIO TRA PERSONE DELLO STESSO SESSO -","isPartOf":{"@id":"https:\/\/www.ledizioni.it\/#website"},"primaryImageOfPage":{"@id":"https:\/\/www.ledizioni.it\/en\/product\/g-viggiani-liberalismo-politico-matrimonio-persone-dello-sesso\/#primaryimage"},"image":{"@id":"https:\/\/www.ledizioni.it\/en\/product\/g-viggiani-liberalismo-politico-matrimonio-persone-dello-sesso\/#primaryimage"},"thumbnailUrl":"https:\/\/www.ledizioni.it\/stag\/wp-content\/uploads\/2018\/04\/Viggiani_3D.jpg","datePublished":"2018-04-17T12:59:14+00:00","dateModified":"2021-05-26T14:34:05+00:00","description":"Ledizioni - Innovative Publishing. Casa editrice universitaria. Open Access. eBook, ePub. Creative Commons.","breadcrumb":{"@id":"https:\/\/www.ledizioni.it\/en\/product\/g-viggiani-liberalismo-politico-matrimonio-persone-dello-sesso\/#breadcrumb"},"inLanguage":"en-GB","potentialAction":[{"@type":"ReadAction","target":["https:\/\/www.ledizioni.it\/en\/product\/g-viggiani-liberalismo-politico-matrimonio-persone-dello-sesso\/"]}]},{"@type":"ImageObject","inLanguage":"en-GB","@id":"https:\/\/www.ledizioni.it\/en\/product\/g-viggiani-liberalismo-politico-matrimonio-persone-dello-sesso\/#primaryimage","url":"https:\/\/www.ledizioni.it\/stag\/wp-content\/uploads\/2018\/04\/Viggiani_3D.jpg","contentUrl":"https:\/\/www.ledizioni.it\/stag\/wp-content\/uploads\/2018\/04\/Viggiani_3D.jpg","width":1100,"height":1406},{"@type":"BreadcrumbList","@id":"https:\/\/www.ledizioni.it\/en\/product\/g-viggiani-liberalismo-politico-matrimonio-persone-dello-sesso\/#breadcrumb","itemListElement":[{"@type":"ListItem","position":1,"name":"Shop","item":"https:\/\/www.ledizioni.it\/shop-2\/"},{"@type":"ListItem","position":2,"name":"IL LIBERALISMO POLITICO E IL MATRIMONIO TRA PERSONE DELLO STESSO SESSO"}]},{"@type":"WebSite","@id":"https:\/\/www.ledizioni.it\/#website","url":"https:\/\/www.ledizioni.it\/","name":"Ledizioni","description":"The Innovative LediPublishing Company - Casa Editrice Universitaria","publisher":{"@id":"https:\/\/www.ledizioni.it\/#organization"},"potentialAction":[{"@type":"SearchAction","target":{"@type":"EntryPoint","urlTemplate":"https:\/\/www.ledizioni.it\/?s={search_term_string}"},"query-input":{"@type":"PropertyValueSpecification","valueRequired":true,"valueName":"search_term_string"}}],"inLanguage":"en-GB"},{"@type":"Organization","@id":"https:\/\/www.ledizioni.it\/#organization","name":"Ledizioni","url":"https:\/\/www.ledizioni.it\/","logo":{"@type":"ImageObject","inLanguage":"en-GB","@id":"https:\/\/www.ledizioni.it\/#\/schema\/logo\/image\/","url":"https:\/\/www.ledizioni.it\/stag\/wp-content\/uploads\/2023\/10\/newlogoledizioni500x110_2-1.jpg","contentUrl":"https:\/\/www.ledizioni.it\/stag\/wp-content\/uploads\/2023\/10\/newlogoledizioni500x110_2-1.jpg","width":354,"height":87,"caption":"Ledizioni"},"image":{"@id":"https:\/\/www.ledizioni.it\/#\/schema\/logo\/image\/"},"sameAs":["https:\/\/www.facebook.com\/pages\/Ledizioni-LediPublishing\/109120559173329","https:\/\/x.com\/ledizioni"]}]}},"jetpack_sharing_enabled":true,"_links":{"self":[{"href":"https:\/\/www.ledizioni.it\/en\/wp-json\/wp\/v2\/product\/18803","targetHints":{"allow":["GET"]}}],"collection":[{"href":"https:\/\/www.ledizioni.it\/en\/wp-json\/wp\/v2\/product"}],"about":[{"href":"https:\/\/www.ledizioni.it\/en\/wp-json\/wp\/v2\/types\/product"}],"replies":[{"embeddable":true,"href":"https:\/\/www.ledizioni.it\/en\/wp-json\/wp\/v2\/comments?post=18803"}],"version-history":[{"count":1,"href":"https:\/\/www.ledizioni.it\/en\/wp-json\/wp\/v2\/product\/18803\/revisions"}],"predecessor-version":[{"id":18805,"href":"https:\/\/www.ledizioni.it\/en\/wp-json\/wp\/v2\/product\/18803\/revisions\/18805"}],"wp:featuredmedia":[{"embeddable":true,"href":"https:\/\/www.ledizioni.it\/en\/wp-json\/wp\/v2\/media\/18804"}],"wp:attachment":[{"href":"https:\/\/www.ledizioni.it\/en\/wp-json\/wp\/v2\/media?parent=18803"}],"wp:term":[{"taxonomy":"product_brand","embeddable":true,"href":"https:\/\/www.ledizioni.it\/en\/wp-json\/wp\/v2\/product_brand?post=18803"},{"taxonomy":"product_cat","embeddable":true,"href":"https:\/\/www.ledizioni.it\/en\/wp-json\/wp\/v2\/product_cat?post=18803"},{"taxonomy":"product_tag","embeddable":true,"href":"https:\/\/www.ledizioni.it\/en\/wp-json\/wp\/v2\/product_tag?post=18803"}],"curies":[{"name":"wp","href":"https:\/\/api.w.org\/{rel}","templated":true}]}}