{"id":18856,"date":"2018-06-04T07:53:14","date_gmt":"2018-06-04T07:53:14","guid":{"rendered":"http:\/\/www.ledizioni.it\/?post_type=product&#038;p=18856"},"modified":"2021-06-04T16:56:50","modified_gmt":"2021-06-04T14:56:50","slug":"aliprandi-cronache-dalla-radura","status":"publish","type":"product","link":"https:\/\/www.ledizioni.it\/en\/product\/aliprandi-cronache-dalla-radura\/","title":{"rendered":"CRONACHE DALLA RADURA"},"content":{"rendered":"<p>[amazon_link asins=&#8217;8867057685&#8242; template=&#8217;PriceLink1&#8242; store=&#8217;ledizioni-21&#8242; marketplace=&#8217;IT&#8217; link_id=&#8217;7a9c9f1a-cbaf-11e8-8b45-b5bbb44f88eb&#8217;]<\/p>\n<p style=\"text-align: justify;\">Arriva un momento della nostra esistenza in cui la vita all\u2019interno del castello che ci siamo costruiti non ci appaga pi\u00f9 e si sente il bisogno di uscire ad esplorare la radura che ci sta attorno. Quel luogo simbolico ci disorienta e ci espone a pericoli, ma sentiamo che solo l\u00ec possiamo trovare relazioni autentiche e incontrare \u201cnostri pari\u201d che come noi hanno avuto lo slancio di mettersi in gioco e di esplorare nuove terre.<br \/>\nIn questo libro (completamente diverso dalle sue precedenti opere) Aliprandi ci accompagna in un viaggio ideale nel mondo delle relazioni di coppia come sono oggi, partendo dalla sua personale esperienza e da alcuni interessanti spunti bibliografici. L\u2019opera ci offre una panoramica sui vari livelli di complessit\u00e0 che mettono alla prova le relazioni di coppia in et\u00e0 adulta, sia dal punto di vista individuale sia dal punto di vista sociale; e non perde l\u2019occasione per raccontare qualche storia emblematica di fughe, sabotaggi e incontri magici avvenuti proprio l\u00ec, tra i sentieri della radura.<\/p>\n<p style=\"text-align: justify;\"><strong><em>Simone Aliprandi<\/em><\/strong>, 39 anni, \u00e8 un avvocato specializzato in diritto della propriet\u00e0 intellettuale e diritto delle nuove tecnologie e ha un dottorato di ricerca in Societ\u00e0 dell\u2019informazione; svolge attivit\u00e0 di consulenza e formazione in giro per l\u2019Italia e ha all\u2019attivo diverse pubblicazioni tecniche e divulgative sugli argomenti di sua competenza. Alcuni anni fa \u00e8 uscito a esplorare la radura, e non \u00e8 pi\u00f9 tornato.<\/p>\n<p><strong>DATI BIBLIOGRAFICI<\/strong><br \/>\nAutore: Simone Aliprandi<br \/>\nEditore: Ledizioni<br \/>\nPubblicato nel: giugno 2018<br \/>\nFormato: brossura con alette, 136 p. &#8211; ePub<br \/>\nISBN cartaceo: 9788867057689<br \/>\nISBN ePub: 9788867057795<br \/>\nPrezzo cartaceo: 14,90 \u20ac<br \/>\nPrezzo ePub: 4,99 \u20ac<\/p>\n<p><a href=\"http:\/\/www.ledizioni.it\/stag\/wp-content\/uploads\/2018\/06\/Aliprandi-PrimePagine.pdf\">Scarica le prime pagine<\/a><\/p>\n<p><a href=\"https:\/\/www.torrossa.com\/it\/resources\/an\/4386611\"><img decoding=\"async\" class=\"aligncenter wp-image-23912\" src=\"https:\/\/www.ledizioni.it\/stag\/wp-content\/uploads\/2019\/07\/torrossa_web-150x80.jpg\" alt=\"\" width=\"200\" height=\"60\" \/><\/a><\/p>","protected":false},"excerpt":{"rendered":"<p>[amazon_link asins=&#8217;8867057685&#8242; template=&#8217;PriceLink1&#8242; store=&#8217;ledizioni-21&#8242; marketplace=&#8217;IT&#8217; link_id=&#8217;7a9c9f1a-cbaf-11e8-8b45-b5bbb44f88eb&#8217;] Arriva un momento della nostra esistenza in cui la vita all\u2019interno del castello che<\/p>","protected":false},"featured_media":18912,"comment_status":"open","ping_status":"closed","template":"","meta":{"_acf_changed":false},"product_brand":[],"product_cat":[1037],"product_tag":[1414,1083],"class_list":{"0":"post-18856","1":"product","2":"type-product","3":"status-publish","4":"has-post-thumbnail","6":"product_cat-varia","7":"product_tag-amore","8":"product_tag-relazione","9":"pa_formato-cartaceo","10":"pa_formato-ebook-in-epub","12":"first","13":"instock","14":"featured","15":"shipping-taxable","16":"purchasable","17":"product-type-variable"},"acf":[],"yoast_head":"<!-- This site is optimized with the Yoast SEO plugin v27.3 - https:\/\/yoast.com\/product\/yoast-seo-wordpress\/ -->\n<title>CRONACHE DALLA RADURA -<\/title>\n<meta name=\"description\" content=\"Ledizioni - Innovative Publishing. Casa editrice universitaria. Open Access. eBook, ePub. Creative Commons.\" \/>\n<meta name=\"robots\" content=\"index, follow, max-snippet:-1, max-image-preview:large, max-video-preview:-1\" \/>\n<link rel=\"canonical\" href=\"https:\/\/www.ledizioni.it\/en\/product\/aliprandi-cronache-dalla-radura\/\" \/>\n<meta property=\"og:locale\" content=\"en_GB\" \/>\n<meta property=\"og:type\" content=\"article\" \/>\n<meta property=\"og:title\" content=\"CRONACHE DALLA RADURA -\" \/>\n<meta property=\"og:description\" content=\"Ledizioni - Innovative Publishing. Casa editrice universitaria. Open Access. eBook, ePub. Creative Commons.\" \/>\n<meta property=\"og:url\" content=\"https:\/\/www.ledizioni.it\/en\/product\/aliprandi-cronache-dalla-radura\/\" \/>\n<meta property=\"og:site_name\" content=\"Ledizioni\" \/>\n<meta property=\"article:publisher\" content=\"https:\/\/www.facebook.com\/pages\/Ledizioni-LediPublishing\/109120559173329\" \/>\n<meta property=\"article:modified_time\" content=\"2021-06-04T14:56:50+00:00\" \/>\n<meta property=\"og:image\" content=\"https:\/\/www.ledizioni.it\/stag\/wp-content\/uploads\/2018\/05\/Radura_ok_3D-1.jpg\" \/>\n\t<meta property=\"og:image:width\" content=\"500\" \/>\n\t<meta property=\"og:image:height\" content=\"619\" \/>\n\t<meta property=\"og:image:type\" content=\"image\/jpeg\" \/>\n<meta name=\"twitter:card\" content=\"summary_large_image\" \/>\n<meta name=\"twitter:site\" content=\"@ledizioni\" \/>\n<meta name=\"twitter:label1\" content=\"Estimated reading time\" \/>\n\t<meta name=\"twitter:data1\" content=\"1 minute\" \/>\n<script type=\"application\/ld+json\" class=\"yoast-schema-graph\">{\"@context\":\"https:\\\/\\\/schema.org\",\"@graph\":[{\"@type\":\"WebPage\",\"@id\":\"https:\\\/\\\/www.ledizioni.it\\\/en\\\/product\\\/aliprandi-cronache-dalla-radura\\\/\",\"url\":\"https:\\\/\\\/www.ledizioni.it\\\/en\\\/product\\\/aliprandi-cronache-dalla-radura\\\/\",\"name\":\"CRONACHE DALLA RADURA -\",\"isPartOf\":{\"@id\":\"https:\\\/\\\/www.ledizioni.it\\\/#website\"},\"primaryImageOfPage\":{\"@id\":\"https:\\\/\\\/www.ledizioni.it\\\/en\\\/product\\\/aliprandi-cronache-dalla-radura\\\/#primaryimage\"},\"image\":{\"@id\":\"https:\\\/\\\/www.ledizioni.it\\\/en\\\/product\\\/aliprandi-cronache-dalla-radura\\\/#primaryimage\"},\"thumbnailUrl\":\"https:\\\/\\\/www.ledizioni.it\\\/stag\\\/wp-content\\\/uploads\\\/2018\\\/05\\\/Radura_ok_3D-1.jpg\",\"datePublished\":\"2018-06-04T07:53:14+00:00\",\"dateModified\":\"2021-06-04T14:56:50+00:00\",\"description\":\"Ledizioni - Innovative Publishing. Casa editrice universitaria. Open Access. eBook, ePub. Creative Commons.\",\"breadcrumb\":{\"@id\":\"https:\\\/\\\/www.ledizioni.it\\\/en\\\/product\\\/aliprandi-cronache-dalla-radura\\\/#breadcrumb\"},\"inLanguage\":\"en-GB\",\"potentialAction\":[{\"@type\":\"ReadAction\",\"target\":[\"https:\\\/\\\/www.ledizioni.it\\\/en\\\/product\\\/aliprandi-cronache-dalla-radura\\\/\"]}]},{\"@type\":\"ImageObject\",\"inLanguage\":\"en-GB\",\"@id\":\"https:\\\/\\\/www.ledizioni.it\\\/en\\\/product\\\/aliprandi-cronache-dalla-radura\\\/#primaryimage\",\"url\":\"https:\\\/\\\/www.ledizioni.it\\\/stag\\\/wp-content\\\/uploads\\\/2018\\\/05\\\/Radura_ok_3D-1.jpg\",\"contentUrl\":\"https:\\\/\\\/www.ledizioni.it\\\/stag\\\/wp-content\\\/uploads\\\/2018\\\/05\\\/Radura_ok_3D-1.jpg\",\"width\":500,\"height\":619},{\"@type\":\"BreadcrumbList\",\"@id\":\"https:\\\/\\\/www.ledizioni.it\\\/en\\\/product\\\/aliprandi-cronache-dalla-radura\\\/#breadcrumb\",\"itemListElement\":[{\"@type\":\"ListItem\",\"position\":1,\"name\":\"Shop\",\"item\":\"https:\\\/\\\/www.ledizioni.it\\\/shop-2\\\/\"},{\"@type\":\"ListItem\",\"position\":2,\"name\":\"CRONACHE DALLA RADURA\"}]},{\"@type\":\"WebSite\",\"@id\":\"https:\\\/\\\/www.ledizioni.it\\\/#website\",\"url\":\"https:\\\/\\\/www.ledizioni.it\\\/\",\"name\":\"Ledizioni\",\"description\":\"The Innovative LediPublishing Company - Casa Editrice Universitaria\",\"publisher\":{\"@id\":\"https:\\\/\\\/www.ledizioni.it\\\/#organization\"},\"potentialAction\":[{\"@type\":\"SearchAction\",\"target\":{\"@type\":\"EntryPoint\",\"urlTemplate\":\"https:\\\/\\\/www.ledizioni.it\\\/?s={search_term_string}\"},\"query-input\":{\"@type\":\"PropertyValueSpecification\",\"valueRequired\":true,\"valueName\":\"search_term_string\"}}],\"inLanguage\":\"en-GB\"},{\"@type\":\"Organization\",\"@id\":\"https:\\\/\\\/www.ledizioni.it\\\/#organization\",\"name\":\"Ledizioni\",\"url\":\"https:\\\/\\\/www.ledizioni.it\\\/\",\"logo\":{\"@type\":\"ImageObject\",\"inLanguage\":\"en-GB\",\"@id\":\"https:\\\/\\\/www.ledizioni.it\\\/#\\\/schema\\\/logo\\\/image\\\/\",\"url\":\"https:\\\/\\\/www.ledizioni.it\\\/stag\\\/wp-content\\\/uploads\\\/2023\\\/10\\\/newlogoledizioni500x110_2-1.jpg\",\"contentUrl\":\"https:\\\/\\\/www.ledizioni.it\\\/stag\\\/wp-content\\\/uploads\\\/2023\\\/10\\\/newlogoledizioni500x110_2-1.jpg\",\"width\":354,\"height\":87,\"caption\":\"Ledizioni\"},\"image\":{\"@id\":\"https:\\\/\\\/www.ledizioni.it\\\/#\\\/schema\\\/logo\\\/image\\\/\"},\"sameAs\":[\"https:\\\/\\\/www.facebook.com\\\/pages\\\/Ledizioni-LediPublishing\\\/109120559173329\",\"https:\\\/\\\/x.com\\\/ledizioni\"]}]}<\/script>\n<!-- \/ Yoast SEO plugin. -->","yoast_head_json":{"title":"CRONACHE DALLA RADURA -","description":"Ledizioni - Innovative Publishing. Casa editrice universitaria. Open Access. eBook, ePub. Creative Commons.","robots":{"index":"index","follow":"follow","max-snippet":"max-snippet:-1","max-image-preview":"max-image-preview:large","max-video-preview":"max-video-preview:-1"},"canonical":"https:\/\/www.ledizioni.it\/en\/product\/aliprandi-cronache-dalla-radura\/","og_locale":"en_GB","og_type":"article","og_title":"CRONACHE DALLA RADURA -","og_description":"Ledizioni - Innovative Publishing. Casa editrice universitaria. Open Access. eBook, ePub. Creative Commons.","og_url":"https:\/\/www.ledizioni.it\/en\/product\/aliprandi-cronache-dalla-radura\/","og_site_name":"Ledizioni","article_publisher":"https:\/\/www.facebook.com\/pages\/Ledizioni-LediPublishing\/109120559173329","article_modified_time":"2021-06-04T14:56:50+00:00","og_image":[{"width":500,"height":619,"url":"https:\/\/www.ledizioni.it\/stag\/wp-content\/uploads\/2018\/05\/Radura_ok_3D-1.jpg","type":"image\/jpeg"}],"twitter_card":"summary_large_image","twitter_site":"@ledizioni","twitter_misc":{"Estimated reading time":"1 minute"},"schema":{"@context":"https:\/\/schema.org","@graph":[{"@type":"WebPage","@id":"https:\/\/www.ledizioni.it\/en\/product\/aliprandi-cronache-dalla-radura\/","url":"https:\/\/www.ledizioni.it\/en\/product\/aliprandi-cronache-dalla-radura\/","name":"CRONACHE DALLA RADURA -","isPartOf":{"@id":"https:\/\/www.ledizioni.it\/#website"},"primaryImageOfPage":{"@id":"https:\/\/www.ledizioni.it\/en\/product\/aliprandi-cronache-dalla-radura\/#primaryimage"},"image":{"@id":"https:\/\/www.ledizioni.it\/en\/product\/aliprandi-cronache-dalla-radura\/#primaryimage"},"thumbnailUrl":"https:\/\/www.ledizioni.it\/stag\/wp-content\/uploads\/2018\/05\/Radura_ok_3D-1.jpg","datePublished":"2018-06-04T07:53:14+00:00","dateModified":"2021-06-04T14:56:50+00:00","description":"Ledizioni - Innovative Publishing. Casa editrice universitaria. Open Access. eBook, ePub. Creative Commons.","breadcrumb":{"@id":"https:\/\/www.ledizioni.it\/en\/product\/aliprandi-cronache-dalla-radura\/#breadcrumb"},"inLanguage":"en-GB","potentialAction":[{"@type":"ReadAction","target":["https:\/\/www.ledizioni.it\/en\/product\/aliprandi-cronache-dalla-radura\/"]}]},{"@type":"ImageObject","inLanguage":"en-GB","@id":"https:\/\/www.ledizioni.it\/en\/product\/aliprandi-cronache-dalla-radura\/#primaryimage","url":"https:\/\/www.ledizioni.it\/stag\/wp-content\/uploads\/2018\/05\/Radura_ok_3D-1.jpg","contentUrl":"https:\/\/www.ledizioni.it\/stag\/wp-content\/uploads\/2018\/05\/Radura_ok_3D-1.jpg","width":500,"height":619},{"@type":"BreadcrumbList","@id":"https:\/\/www.ledizioni.it\/en\/product\/aliprandi-cronache-dalla-radura\/#breadcrumb","itemListElement":[{"@type":"ListItem","position":1,"name":"Shop","item":"https:\/\/www.ledizioni.it\/shop-2\/"},{"@type":"ListItem","position":2,"name":"CRONACHE DALLA RADURA"}]},{"@type":"WebSite","@id":"https:\/\/www.ledizioni.it\/#website","url":"https:\/\/www.ledizioni.it\/","name":"Ledizioni","description":"The Innovative LediPublishing Company - Casa Editrice Universitaria","publisher":{"@id":"https:\/\/www.ledizioni.it\/#organization"},"potentialAction":[{"@type":"SearchAction","target":{"@type":"EntryPoint","urlTemplate":"https:\/\/www.ledizioni.it\/?s={search_term_string}"},"query-input":{"@type":"PropertyValueSpecification","valueRequired":true,"valueName":"search_term_string"}}],"inLanguage":"en-GB"},{"@type":"Organization","@id":"https:\/\/www.ledizioni.it\/#organization","name":"Ledizioni","url":"https:\/\/www.ledizioni.it\/","logo":{"@type":"ImageObject","inLanguage":"en-GB","@id":"https:\/\/www.ledizioni.it\/#\/schema\/logo\/image\/","url":"https:\/\/www.ledizioni.it\/stag\/wp-content\/uploads\/2023\/10\/newlogoledizioni500x110_2-1.jpg","contentUrl":"https:\/\/www.ledizioni.it\/stag\/wp-content\/uploads\/2023\/10\/newlogoledizioni500x110_2-1.jpg","width":354,"height":87,"caption":"Ledizioni"},"image":{"@id":"https:\/\/www.ledizioni.it\/#\/schema\/logo\/image\/"},"sameAs":["https:\/\/www.facebook.com\/pages\/Ledizioni-LediPublishing\/109120559173329","https:\/\/x.com\/ledizioni"]}]}},"jetpack_sharing_enabled":true,"_links":{"self":[{"href":"https:\/\/www.ledizioni.it\/en\/wp-json\/wp\/v2\/product\/18856","targetHints":{"allow":["GET"]}}],"collection":[{"href":"https:\/\/www.ledizioni.it\/en\/wp-json\/wp\/v2\/product"}],"about":[{"href":"https:\/\/www.ledizioni.it\/en\/wp-json\/wp\/v2\/types\/product"}],"replies":[{"embeddable":true,"href":"https:\/\/www.ledizioni.it\/en\/wp-json\/wp\/v2\/comments?post=18856"}],"version-history":[{"count":1,"href":"https:\/\/www.ledizioni.it\/en\/wp-json\/wp\/v2\/product\/18856\/revisions"}],"predecessor-version":[{"id":18858,"href":"https:\/\/www.ledizioni.it\/en\/wp-json\/wp\/v2\/product\/18856\/revisions\/18858"}],"wp:featuredmedia":[{"embeddable":true,"href":"https:\/\/www.ledizioni.it\/en\/wp-json\/wp\/v2\/media\/18912"}],"wp:attachment":[{"href":"https:\/\/www.ledizioni.it\/en\/wp-json\/wp\/v2\/media?parent=18856"}],"wp:term":[{"taxonomy":"product_brand","embeddable":true,"href":"https:\/\/www.ledizioni.it\/en\/wp-json\/wp\/v2\/product_brand?post=18856"},{"taxonomy":"product_cat","embeddable":true,"href":"https:\/\/www.ledizioni.it\/en\/wp-json\/wp\/v2\/product_cat?post=18856"},{"taxonomy":"product_tag","embeddable":true,"href":"https:\/\/www.ledizioni.it\/en\/wp-json\/wp\/v2\/product_tag?post=18856"}],"curies":[{"name":"wp","href":"https:\/\/api.w.org\/{rel}","templated":true}]}}