{"id":18885,"date":"2018-05-16T09:57:02","date_gmt":"2018-05-16T09:57:02","guid":{"rendered":"http:\/\/www.ledizioni.it\/?post_type=product&#038;p=18885"},"modified":"2023-06-07T12:29:40","modified_gmt":"2023-06-07T10:29:40","slug":"stefanelli-cesare-de-lollis-filologia-romanza-letterature-comparate","status":"publish","type":"product","link":"https:\/\/www.ledizioni.it\/en\/product\/stefanelli-cesare-de-lollis-filologia-romanza-letterature-comparate\/","title":{"rendered":"CESARE DE LOLLIS TRA FILOLOGIA ROMANZA E LETTERATURE COMPARATE"},"content":{"rendered":"<p>[amazon_link asins=&#8217;8867057650&#8242; template=&#8217;PriceLink1&#8242; store=&#8217;ledizioni-21&#8242; marketplace=&#8217;IT&#8217; link_id=&#8217;b010e248-d08e-11e8-9b06-cdd97aa8ab9d&#8217;]<\/p>\n<p style=\"text-align: justify;\">Cesare De Lollis fu uno dei pi\u00f9 importanti filologi romanzi italiani fra Otto e Novecento. Formatosi all\u2019interno della scuola storica, visse in prima persona la crisi culturale e metodologica di inizio secolo, mettendo in discussione il metodo dei maestri e avvicinandosi all\u2019estetica crociana. La sua concezione della filologia romanza lo port\u00f2 a uscire dai confini del Medioevo e a inoltrarsi nella Modernit\u00e0, con uno sguardo intrinsecamente comparato alle tradizioni letterarie dei paesi romanzi (Italia, Francia e Spagna in particolare). Il volume offre un\u2019approfondita indagine sui pi\u00f9 importanti campi di studio del filologo abruzzese, rintracciando continuit\u00e0 e discontinuit\u00e0 di un percorso critico complesso e variegato.<\/p>\n<p style=\"text-align: justify;\"><strong>DATI BIBLIOGRAFICI<\/strong><br \/>\nAutore: Diego Stefanelli<br \/>\nEditore: Ledizioni<br \/>\nPubblicato in: maggio 2018<br \/>\nFormato: brossura, 390 p.<br \/>\nCollana: <a href=\"http:\/\/www.ledizioni.it\/en\/collane\/letteratura\/biblioteca-carte-romanze\/\">Romance Papers Library<\/a><br \/>\nISBN: 9788867057658<br \/>\nPrezzo: 28 \u20ac<\/p>","protected":false},"excerpt":{"rendered":"<p>[amazon_link asins=&#8217;8867057650&#8242; template=&#8217;PriceLink1&#8242; store=&#8217;ledizioni-21&#8242; marketplace=&#8217;IT&#8217; link_id=&#8217;b010e248-d08e-11e8-9b06-cdd97aa8ab9d&#8217;] Cesare De Lollis fu uno dei pi\u00f9 importanti filologi romanzi italiani fra Otto e<\/p>","protected":false},"featured_media":18886,"comment_status":"open","ping_status":"closed","template":"","meta":{"_acf_changed":false},"product_brand":[],"product_cat":[705],"product_tag":[2487,1698,764],"class_list":{"0":"post-18885","1":"product","2":"type-product","3":"status-publish","4":"has-post-thumbnail","6":"product_cat-biblioteca-di-carte-romanze","7":"product_tag-filologia-romanza","8":"product_tag-letteratura-comparata","9":"product_tag-open-access-2","10":"pa_formato-cartaceo","11":"pa_formato-ebook-in-pdf","13":"first","14":"instock","15":"featured","16":"shipping-taxable","17":"purchasable","18":"product-type-variable"},"acf":[],"yoast_head":"<!-- This site is optimized with the Yoast SEO plugin v27.3 - https:\/\/yoast.com\/product\/yoast-seo-wordpress\/ -->\n<title>CESARE DE LOLLIS TRA FILOLOGIA ROMANZA E LETTERATURE COMPARATE -<\/title>\n<meta name=\"description\" content=\"Ledizioni - Innovative Publishing. Casa editrice universitaria. Open Access. eBook, ePub. Creative Commons.\" \/>\n<meta name=\"robots\" content=\"index, follow, max-snippet:-1, max-image-preview:large, max-video-preview:-1\" \/>\n<link rel=\"canonical\" href=\"https:\/\/www.ledizioni.it\/en\/product\/stefanelli-cesare-de-lollis-filologia-romanza-letterature-comparate\/\" \/>\n<meta property=\"og:locale\" content=\"en_GB\" \/>\n<meta property=\"og:type\" content=\"article\" \/>\n<meta property=\"og:title\" content=\"CESARE DE LOLLIS TRA FILOLOGIA ROMANZA E LETTERATURE COMPARATE -\" \/>\n<meta property=\"og:description\" content=\"Ledizioni - Innovative Publishing. Casa editrice universitaria. Open Access. eBook, ePub. Creative Commons.\" \/>\n<meta property=\"og:url\" content=\"https:\/\/www.ledizioni.it\/en\/product\/stefanelli-cesare-de-lollis-filologia-romanza-letterature-comparate\/\" \/>\n<meta property=\"og:site_name\" content=\"Ledizioni\" \/>\n<meta property=\"article:publisher\" content=\"https:\/\/www.facebook.com\/pages\/Ledizioni-LediPublishing\/109120559173329\" \/>\n<meta property=\"article:modified_time\" content=\"2023-06-07T10:29:40+00:00\" \/>\n<meta property=\"og:image\" content=\"https:\/\/www.ledizioni.it\/stag\/wp-content\/uploads\/2018\/05\/Cover_3D.jpg\" \/>\n\t<meta property=\"og:image:width\" content=\"1100\" \/>\n\t<meta property=\"og:image:height\" content=\"1400\" \/>\n\t<meta property=\"og:image:type\" content=\"image\/jpeg\" \/>\n<meta name=\"twitter:card\" content=\"summary_large_image\" \/>\n<meta name=\"twitter:site\" content=\"@ledizioni\" \/>\n<meta name=\"twitter:label1\" content=\"Estimated reading time\" \/>\n\t<meta name=\"twitter:data1\" content=\"1 minute\" \/>\n<script type=\"application\/ld+json\" class=\"yoast-schema-graph\">{\"@context\":\"https:\\\/\\\/schema.org\",\"@graph\":[{\"@type\":\"WebPage\",\"@id\":\"https:\\\/\\\/www.ledizioni.it\\\/prodotto\\\/stefanelli-cesare-de-lollis-filologia-romanza-letterature-comparate\\\/\",\"url\":\"https:\\\/\\\/www.ledizioni.it\\\/prodotto\\\/stefanelli-cesare-de-lollis-filologia-romanza-letterature-comparate\\\/\",\"name\":\"CESARE DE LOLLIS TRA FILOLOGIA ROMANZA E LETTERATURE COMPARATE -\",\"isPartOf\":{\"@id\":\"https:\\\/\\\/www.ledizioni.it\\\/#website\"},\"primaryImageOfPage\":{\"@id\":\"https:\\\/\\\/www.ledizioni.it\\\/prodotto\\\/stefanelli-cesare-de-lollis-filologia-romanza-letterature-comparate\\\/#primaryimage\"},\"image\":{\"@id\":\"https:\\\/\\\/www.ledizioni.it\\\/prodotto\\\/stefanelli-cesare-de-lollis-filologia-romanza-letterature-comparate\\\/#primaryimage\"},\"thumbnailUrl\":\"https:\\\/\\\/www.ledizioni.it\\\/stag\\\/wp-content\\\/uploads\\\/2018\\\/05\\\/Cover_3D.jpg\",\"datePublished\":\"2018-05-16T09:57:02+00:00\",\"dateModified\":\"2023-06-07T10:29:40+00:00\",\"description\":\"Ledizioni - Innovative Publishing. Casa editrice universitaria. Open Access. eBook, ePub. Creative Commons.\",\"breadcrumb\":{\"@id\":\"https:\\\/\\\/www.ledizioni.it\\\/prodotto\\\/stefanelli-cesare-de-lollis-filologia-romanza-letterature-comparate\\\/#breadcrumb\"},\"inLanguage\":\"en-GB\",\"potentialAction\":[{\"@type\":\"ReadAction\",\"target\":[\"https:\\\/\\\/www.ledizioni.it\\\/prodotto\\\/stefanelli-cesare-de-lollis-filologia-romanza-letterature-comparate\\\/\"]}]},{\"@type\":\"ImageObject\",\"inLanguage\":\"en-GB\",\"@id\":\"https:\\\/\\\/www.ledizioni.it\\\/prodotto\\\/stefanelli-cesare-de-lollis-filologia-romanza-letterature-comparate\\\/#primaryimage\",\"url\":\"https:\\\/\\\/www.ledizioni.it\\\/stag\\\/wp-content\\\/uploads\\\/2018\\\/05\\\/Cover_3D.jpg\",\"contentUrl\":\"https:\\\/\\\/www.ledizioni.it\\\/stag\\\/wp-content\\\/uploads\\\/2018\\\/05\\\/Cover_3D.jpg\",\"width\":1100,\"height\":1400},{\"@type\":\"BreadcrumbList\",\"@id\":\"https:\\\/\\\/www.ledizioni.it\\\/prodotto\\\/stefanelli-cesare-de-lollis-filologia-romanza-letterature-comparate\\\/#breadcrumb\",\"itemListElement\":[{\"@type\":\"ListItem\",\"position\":1,\"name\":\"Shop\",\"item\":\"https:\\\/\\\/www.ledizioni.it\\\/shop-2\\\/\"},{\"@type\":\"ListItem\",\"position\":2,\"name\":\"CESARE DE LOLLIS TRA FILOLOGIA ROMANZA E LETTERATURE COMPARATE\"}]},{\"@type\":\"WebSite\",\"@id\":\"https:\\\/\\\/www.ledizioni.it\\\/#website\",\"url\":\"https:\\\/\\\/www.ledizioni.it\\\/\",\"name\":\"Ledizioni\",\"description\":\"The Innovative LediPublishing Company - Casa Editrice Universitaria\",\"publisher\":{\"@id\":\"https:\\\/\\\/www.ledizioni.it\\\/#organization\"},\"potentialAction\":[{\"@type\":\"SearchAction\",\"target\":{\"@type\":\"EntryPoint\",\"urlTemplate\":\"https:\\\/\\\/www.ledizioni.it\\\/?s={search_term_string}\"},\"query-input\":{\"@type\":\"PropertyValueSpecification\",\"valueRequired\":true,\"valueName\":\"search_term_string\"}}],\"inLanguage\":\"en-GB\"},{\"@type\":\"Organization\",\"@id\":\"https:\\\/\\\/www.ledizioni.it\\\/#organization\",\"name\":\"Ledizioni\",\"url\":\"https:\\\/\\\/www.ledizioni.it\\\/\",\"logo\":{\"@type\":\"ImageObject\",\"inLanguage\":\"en-GB\",\"@id\":\"https:\\\/\\\/www.ledizioni.it\\\/#\\\/schema\\\/logo\\\/image\\\/\",\"url\":\"https:\\\/\\\/www.ledizioni.it\\\/stag\\\/wp-content\\\/uploads\\\/2023\\\/10\\\/newlogoledizioni500x110_2-1.jpg\",\"contentUrl\":\"https:\\\/\\\/www.ledizioni.it\\\/stag\\\/wp-content\\\/uploads\\\/2023\\\/10\\\/newlogoledizioni500x110_2-1.jpg\",\"width\":354,\"height\":87,\"caption\":\"Ledizioni\"},\"image\":{\"@id\":\"https:\\\/\\\/www.ledizioni.it\\\/#\\\/schema\\\/logo\\\/image\\\/\"},\"sameAs\":[\"https:\\\/\\\/www.facebook.com\\\/pages\\\/Ledizioni-LediPublishing\\\/109120559173329\",\"https:\\\/\\\/x.com\\\/ledizioni\"]}]}<\/script>\n<!-- \/ Yoast SEO plugin. -->","yoast_head_json":{"title":"CESARE DE LOLLIS TRA FILOLOGIA ROMANZA E LETTERATURE COMPARATE -","description":"Ledizioni - Innovative Publishing. Casa editrice universitaria. Open Access. eBook, ePub. Creative Commons.","robots":{"index":"index","follow":"follow","max-snippet":"max-snippet:-1","max-image-preview":"max-image-preview:large","max-video-preview":"max-video-preview:-1"},"canonical":"https:\/\/www.ledizioni.it\/en\/product\/stefanelli-cesare-de-lollis-filologia-romanza-letterature-comparate\/","og_locale":"en_GB","og_type":"article","og_title":"CESARE DE LOLLIS TRA FILOLOGIA ROMANZA E LETTERATURE COMPARATE -","og_description":"Ledizioni - Innovative Publishing. Casa editrice universitaria. Open Access. eBook, ePub. Creative Commons.","og_url":"https:\/\/www.ledizioni.it\/en\/product\/stefanelli-cesare-de-lollis-filologia-romanza-letterature-comparate\/","og_site_name":"Ledizioni","article_publisher":"https:\/\/www.facebook.com\/pages\/Ledizioni-LediPublishing\/109120559173329","article_modified_time":"2023-06-07T10:29:40+00:00","og_image":[{"width":1100,"height":1400,"url":"https:\/\/www.ledizioni.it\/stag\/wp-content\/uploads\/2018\/05\/Cover_3D.jpg","type":"image\/jpeg"}],"twitter_card":"summary_large_image","twitter_site":"@ledizioni","twitter_misc":{"Estimated reading time":"1 minute"},"schema":{"@context":"https:\/\/schema.org","@graph":[{"@type":"WebPage","@id":"https:\/\/www.ledizioni.it\/prodotto\/stefanelli-cesare-de-lollis-filologia-romanza-letterature-comparate\/","url":"https:\/\/www.ledizioni.it\/prodotto\/stefanelli-cesare-de-lollis-filologia-romanza-letterature-comparate\/","name":"CESARE DE LOLLIS TRA FILOLOGIA ROMANZA E LETTERATURE COMPARATE -","isPartOf":{"@id":"https:\/\/www.ledizioni.it\/#website"},"primaryImageOfPage":{"@id":"https:\/\/www.ledizioni.it\/prodotto\/stefanelli-cesare-de-lollis-filologia-romanza-letterature-comparate\/#primaryimage"},"image":{"@id":"https:\/\/www.ledizioni.it\/prodotto\/stefanelli-cesare-de-lollis-filologia-romanza-letterature-comparate\/#primaryimage"},"thumbnailUrl":"https:\/\/www.ledizioni.it\/stag\/wp-content\/uploads\/2018\/05\/Cover_3D.jpg","datePublished":"2018-05-16T09:57:02+00:00","dateModified":"2023-06-07T10:29:40+00:00","description":"Ledizioni - Innovative Publishing. Casa editrice universitaria. Open Access. eBook, ePub. Creative Commons.","breadcrumb":{"@id":"https:\/\/www.ledizioni.it\/prodotto\/stefanelli-cesare-de-lollis-filologia-romanza-letterature-comparate\/#breadcrumb"},"inLanguage":"en-GB","potentialAction":[{"@type":"ReadAction","target":["https:\/\/www.ledizioni.it\/prodotto\/stefanelli-cesare-de-lollis-filologia-romanza-letterature-comparate\/"]}]},{"@type":"ImageObject","inLanguage":"en-GB","@id":"https:\/\/www.ledizioni.it\/prodotto\/stefanelli-cesare-de-lollis-filologia-romanza-letterature-comparate\/#primaryimage","url":"https:\/\/www.ledizioni.it\/stag\/wp-content\/uploads\/2018\/05\/Cover_3D.jpg","contentUrl":"https:\/\/www.ledizioni.it\/stag\/wp-content\/uploads\/2018\/05\/Cover_3D.jpg","width":1100,"height":1400},{"@type":"BreadcrumbList","@id":"https:\/\/www.ledizioni.it\/prodotto\/stefanelli-cesare-de-lollis-filologia-romanza-letterature-comparate\/#breadcrumb","itemListElement":[{"@type":"ListItem","position":1,"name":"Shop","item":"https:\/\/www.ledizioni.it\/shop-2\/"},{"@type":"ListItem","position":2,"name":"CESARE DE LOLLIS TRA FILOLOGIA ROMANZA E LETTERATURE COMPARATE"}]},{"@type":"WebSite","@id":"https:\/\/www.ledizioni.it\/#website","url":"https:\/\/www.ledizioni.it\/","name":"Ledizioni","description":"The Innovative LediPublishing Company - Casa Editrice Universitaria","publisher":{"@id":"https:\/\/www.ledizioni.it\/#organization"},"potentialAction":[{"@type":"SearchAction","target":{"@type":"EntryPoint","urlTemplate":"https:\/\/www.ledizioni.it\/?s={search_term_string}"},"query-input":{"@type":"PropertyValueSpecification","valueRequired":true,"valueName":"search_term_string"}}],"inLanguage":"en-GB"},{"@type":"Organization","@id":"https:\/\/www.ledizioni.it\/#organization","name":"Ledizioni","url":"https:\/\/www.ledizioni.it\/","logo":{"@type":"ImageObject","inLanguage":"en-GB","@id":"https:\/\/www.ledizioni.it\/#\/schema\/logo\/image\/","url":"https:\/\/www.ledizioni.it\/stag\/wp-content\/uploads\/2023\/10\/newlogoledizioni500x110_2-1.jpg","contentUrl":"https:\/\/www.ledizioni.it\/stag\/wp-content\/uploads\/2023\/10\/newlogoledizioni500x110_2-1.jpg","width":354,"height":87,"caption":"Ledizioni"},"image":{"@id":"https:\/\/www.ledizioni.it\/#\/schema\/logo\/image\/"},"sameAs":["https:\/\/www.facebook.com\/pages\/Ledizioni-LediPublishing\/109120559173329","https:\/\/x.com\/ledizioni"]}]}},"jetpack_sharing_enabled":true,"_links":{"self":[{"href":"https:\/\/www.ledizioni.it\/en\/wp-json\/wp\/v2\/product\/18885","targetHints":{"allow":["GET"]}}],"collection":[{"href":"https:\/\/www.ledizioni.it\/en\/wp-json\/wp\/v2\/product"}],"about":[{"href":"https:\/\/www.ledizioni.it\/en\/wp-json\/wp\/v2\/types\/product"}],"replies":[{"embeddable":true,"href":"https:\/\/www.ledizioni.it\/en\/wp-json\/wp\/v2\/comments?post=18885"}],"version-history":[{"count":1,"href":"https:\/\/www.ledizioni.it\/en\/wp-json\/wp\/v2\/product\/18885\/revisions"}],"predecessor-version":[{"id":20231,"href":"https:\/\/www.ledizioni.it\/en\/wp-json\/wp\/v2\/product\/18885\/revisions\/20231"}],"wp:featuredmedia":[{"embeddable":true,"href":"https:\/\/www.ledizioni.it\/en\/wp-json\/wp\/v2\/media\/18886"}],"wp:attachment":[{"href":"https:\/\/www.ledizioni.it\/en\/wp-json\/wp\/v2\/media?parent=18885"}],"wp:term":[{"taxonomy":"product_brand","embeddable":true,"href":"https:\/\/www.ledizioni.it\/en\/wp-json\/wp\/v2\/product_brand?post=18885"},{"taxonomy":"product_cat","embeddable":true,"href":"https:\/\/www.ledizioni.it\/en\/wp-json\/wp\/v2\/product_cat?post=18885"},{"taxonomy":"product_tag","embeddable":true,"href":"https:\/\/www.ledizioni.it\/en\/wp-json\/wp\/v2\/product_tag?post=18885"}],"curies":[{"name":"wp","href":"https:\/\/api.w.org\/{rel}","templated":true}]}}