{"id":18892,"date":"2018-05-17T12:38:02","date_gmt":"2018-05-17T12:38:02","guid":{"rendered":"http:\/\/www.ledizioni.it\/?post_type=product&#038;p=18892"},"modified":"2021-05-19T16:57:42","modified_gmt":"2021-05-19T14:57:42","slug":"quaderni-del-master-in-immigrazione-genere-modelli-familiari-e-strategie-di-integrazione-n-5","status":"publish","type":"product","link":"https:\/\/www.ledizioni.it\/en\/product\/quaderni-del-master-in-immigrazione-genere-modelli-familiari-e-strategie-di-integrazione-n-5\/","title":{"rendered":"Quaderni del Master in &#8220;Immigrazione, Genere, Modelli Familiari e Strategie di Integrazione&#8221;, n. 5"},"content":{"rendered":"<p style=\"text-align: justify;\">Il Quaderno vuole essere uno spazio aperto a quanti portano il proprio contributo all\u2019interno del Master di 1\u00b0 livello in \u201cImmigrazione, genere, modelli familiari e strategie di integrazione\u201d promosso nell\u2019ambito del Centro Interdipartimentale MeRGED \u2013 Migrazione e Riconoscimento, Genere, Diversit\u00e0 &#8211; e afferente al Dipartimento di Scienze Politiche e Sociali dell\u2019Universit\u00e0 di Pavia. Ateneo che da alcuni anni considera il tema delle migrazioni una delle sue direttrici strategiche, un impegno nella didattica, la ricerca, la terza missione. Il Master ogni anno si arricchisce della presenza di studiosi, ricercatori ed operatori che indagano e affrontano, con il loro lavoro, i tanti aspetti del fenomeno delle mobilit\u00e0 umane e che mostrano in ci\u00f2 particolare sensibilit\u00e0 ai temi di genere. Il Quaderno, nato con l\u2019intenzione di valorizzare e premiare l\u2019impegno dei nostri studenti pubblicando una sintesi dei loro migliori lavori di tesi, si arricchisce ogni anno del contributo di ricercatori e docenti del master. Questo numero, che inaugura la decima edizione del Master, si apre con un intervento di C\u00e9cile Kyenge il cui titolo Europa nostra. Europa solidale, mette a fuoco i limiti evidenti che le politiche dell\u2019Unione hanno fin qui avuto in tema di immigrazione e le potenzialit\u00e0 che un intervento deciso improntato all\u2019accoglienza e alla solidariet\u00e0 potrebbe rappresentare l\u2019intera Europa. Tra gli altri interventi Governare l\u2019integrazione: il contributo dei consoli e delle comunit\u00e0 migranti, risultato di una tavola rotonda a cui hanno partecipato i Consoli Generali di Messico, Equador e Per\u00f9.<br \/>\nIl Master nasce dalla considerazione che troppo spesso la progettazione e la gestione di interventi a favore dell\u2019integrazione degli immigrati non tengono conto delle differenze di genere e della complessit\u00e0 che definisce l\u2019universo dell\u2019immigrazione, sottovalutando l\u2019urgenza di offrire risposte adeguate alle domande che da l\u00ec provengono. Ci\u00f2 \u00e8 una grave omissione per una serie di motivi: perch\u00e9 alle donne debbono essere destinate misure specifiche volte a combattere il doppio rischio di esclusione sociale a cui sono esposte in quanto donne e in quanto migranti; perch\u00e9 l\u2019esperienza dei Paesi di pi\u00f9 antica immigrazione conferma la funzione stabilizzante e di mediazione tra sfera pubblica e sfera privata che le donne immigrate svolgono all\u2019interno delle loro famiglie; perch\u00e9 come lavoratrici la maggior parte di esse offre servizi di accudimento e assistenza presso le famiglie italiane, svolgendo anche in questo caso un compito insostituibile; perch\u00e9 quanto pi\u00f9 gli immigrati e le loro famiglie saranno integrati nel tessuto sociale del nostro Paese, tanto pi\u00f9 saranno alti i benefici di cui noi, autoctoni e immigrati, potremo godere.<\/p>\n<p style=\"text-align: justify;\"><strong>Comitato scientifico:<\/strong><br \/>\nAnna Rita Calabr\u00f2, Marina Chini, Maria Antonietta Confalonieri, Giovanni Cordini, Silvia Illari, Antonio Morone, Maria Assunta Zanetti.<\/p>\n<p><strong>DATI BIBLIOGRAFICI<\/strong><\/p>\n<p>Curatrice: Anna Rita Calabr\u00f2<br \/>\nEditore: Ledizioni<br \/>\nCollana: <a href=\"https:\/\/www.ledizioni.it\/en\/product-category\/politica\/quaderni-del-master-in-immigrazione\/\" target=\"_blank\" rel=\"noopener\">Quaderni del Master in Immigrazione, Genere, Modelli Familiari e Strategie di Integrazione<\/a><br \/>\nFormato: Brossura 17 x 24, 126 p.<br \/>\nPubblicato in: maggio 2018<br \/>\nISBN cartaceo: 9788867057740<br \/>\nISBN ePub: 9788867057757<br \/>\nPrezzo cartaceo: 18,00 \u20ac<br \/>\nPrezzo ePub: 6,99 \u20ac<\/p>\n<p><a href=\"https:\/\/www.torrossa.com\/it\/resources\/an\/4374859\"><img decoding=\"async\" class=\"aligncenter wp-image-23912\" src=\"https:\/\/www.ledizioni.it\/stag\/wp-content\/uploads\/2019\/07\/torrossa_web-150x80.jpg\" alt=\"\" width=\"200\" height=\"60\" \/><\/a><\/p>","protected":false},"excerpt":{"rendered":"<p>Il Quaderno vuole essere uno spazio aperto a quanti portano il proprio contributo all\u2019interno del Master di 1\u00b0 livello in<\/p>","protected":false},"featured_media":18893,"comment_status":"open","ping_status":"closed","template":"","meta":{"_acf_changed":false},"product_brand":[],"product_cat":[783],"product_tag":[987,822,781,1641],"class_list":{"0":"post-18892","1":"product","2":"type-product","3":"status-publish","4":"has-post-thumbnail","6":"product_cat-quaderni-del-master-in-immigrazione","7":"product_tag-europa","8":"product_tag-migrazioni","9":"product_tag-studi-di-genere","10":"product_tag-unione-europea","11":"pa_formato-cartaceo","12":"pa_formato-ebook-in-epub","13":"pa_lingua-francese","14":"pa_lingua-italiano","16":"first","17":"instock","18":"featured","19":"shipping-taxable","20":"purchasable","21":"product-type-variable"},"acf":[],"yoast_head":"<!-- This site is optimized with the Yoast SEO plugin v27.4 - https:\/\/yoast.com\/product\/yoast-seo-wordpress\/ -->\n<title>Quaderni del Master in &quot;Immigrazione, genere, modelli familiari e strategie di integrazione&quot;, n. 5<\/title>\n<meta name=\"description\" content=\"Il quarto della serie di Quaderni del Master in \u201cImmigrazione, Genere, Modelli Familiari e Strategie di Integrazione dell\u2019Universit\u00e0 degli Studi di Pavia\u201d.\" \/>\n<meta name=\"robots\" content=\"index, follow, max-snippet:-1, max-image-preview:large, max-video-preview:-1\" \/>\n<link rel=\"canonical\" href=\"https:\/\/www.ledizioni.it\/en\/product\/quaderni-del-master-in-immigrazione-genere-modelli-familiari-e-strategie-di-integrazione-n-5\/\" \/>\n<meta property=\"og:locale\" content=\"en_GB\" \/>\n<meta property=\"og:type\" content=\"article\" \/>\n<meta property=\"og:title\" content=\"Quaderni del Master in &quot;Immigrazione, genere, modelli familiari e strategie di integrazione&quot;, n. 5\" \/>\n<meta property=\"og:description\" content=\"Il quarto della serie di Quaderni del Master in \u201cImmigrazione, Genere, Modelli Familiari e Strategie di Integrazione dell\u2019Universit\u00e0 degli Studi di Pavia\u201d.\" \/>\n<meta property=\"og:url\" content=\"https:\/\/www.ledizioni.it\/en\/product\/quaderni-del-master-in-immigrazione-genere-modelli-familiari-e-strategie-di-integrazione-n-5\/\" \/>\n<meta property=\"og:site_name\" content=\"Ledizioni\" \/>\n<meta property=\"article:publisher\" content=\"https:\/\/www.facebook.com\/pages\/Ledizioni-LediPublishing\/109120559173329\" \/>\n<meta property=\"article:modified_time\" content=\"2021-05-19T14:57:42+00:00\" \/>\n<meta property=\"og:image\" content=\"https:\/\/www.ledizioni.it\/stag\/wp-content\/uploads\/2018\/05\/Quaderno5_3D.jpg\" \/>\n\t<meta property=\"og:image:width\" content=\"1100\" \/>\n\t<meta property=\"og:image:height\" content=\"1372\" \/>\n\t<meta property=\"og:image:type\" content=\"image\/jpeg\" \/>\n<meta name=\"twitter:card\" content=\"summary_large_image\" \/>\n<meta name=\"twitter:site\" content=\"@ledizioni\" \/>\n<meta name=\"twitter:label1\" content=\"Estimated reading time\" \/>\n\t<meta name=\"twitter:data1\" content=\"2 minutes\" \/>\n<script type=\"application\/ld+json\" class=\"yoast-schema-graph\">{\"@context\":\"https:\\\/\\\/schema.org\",\"@graph\":[{\"@type\":\"WebPage\",\"@id\":\"https:\\\/\\\/www.ledizioni.it\\\/en\\\/product\\\/quaderni-del-master-in-immigrazione-genere-modelli-familiari-e-strategie-di-integrazione-n-5\\\/\",\"url\":\"https:\\\/\\\/www.ledizioni.it\\\/en\\\/product\\\/quaderni-del-master-in-immigrazione-genere-modelli-familiari-e-strategie-di-integrazione-n-5\\\/\",\"name\":\"Quaderni del Master in \\\"Immigrazione, genere, modelli familiari e strategie di integrazione\\\", n. 5\",\"isPartOf\":{\"@id\":\"https:\\\/\\\/www.ledizioni.it\\\/#website\"},\"primaryImageOfPage\":{\"@id\":\"https:\\\/\\\/www.ledizioni.it\\\/en\\\/product\\\/quaderni-del-master-in-immigrazione-genere-modelli-familiari-e-strategie-di-integrazione-n-5\\\/#primaryimage\"},\"image\":{\"@id\":\"https:\\\/\\\/www.ledizioni.it\\\/en\\\/product\\\/quaderni-del-master-in-immigrazione-genere-modelli-familiari-e-strategie-di-integrazione-n-5\\\/#primaryimage\"},\"thumbnailUrl\":\"https:\\\/\\\/www.ledizioni.it\\\/stag\\\/wp-content\\\/uploads\\\/2018\\\/05\\\/Quaderno5_3D.jpg\",\"datePublished\":\"2018-05-17T12:38:02+00:00\",\"dateModified\":\"2021-05-19T14:57:42+00:00\",\"description\":\"Il quarto della serie di Quaderni del Master in \u201cImmigrazione, Genere, Modelli Familiari e Strategie di Integrazione dell\u2019Universit\u00e0 degli Studi di Pavia\u201d.\",\"breadcrumb\":{\"@id\":\"https:\\\/\\\/www.ledizioni.it\\\/en\\\/product\\\/quaderni-del-master-in-immigrazione-genere-modelli-familiari-e-strategie-di-integrazione-n-5\\\/#breadcrumb\"},\"inLanguage\":\"en-GB\",\"potentialAction\":[{\"@type\":\"ReadAction\",\"target\":[\"https:\\\/\\\/www.ledizioni.it\\\/en\\\/product\\\/quaderni-del-master-in-immigrazione-genere-modelli-familiari-e-strategie-di-integrazione-n-5\\\/\"]}]},{\"@type\":\"ImageObject\",\"inLanguage\":\"en-GB\",\"@id\":\"https:\\\/\\\/www.ledizioni.it\\\/en\\\/product\\\/quaderni-del-master-in-immigrazione-genere-modelli-familiari-e-strategie-di-integrazione-n-5\\\/#primaryimage\",\"url\":\"https:\\\/\\\/www.ledizioni.it\\\/stag\\\/wp-content\\\/uploads\\\/2018\\\/05\\\/Quaderno5_3D.jpg\",\"contentUrl\":\"https:\\\/\\\/www.ledizioni.it\\\/stag\\\/wp-content\\\/uploads\\\/2018\\\/05\\\/Quaderno5_3D.jpg\",\"width\":1100,\"height\":1372},{\"@type\":\"BreadcrumbList\",\"@id\":\"https:\\\/\\\/www.ledizioni.it\\\/en\\\/product\\\/quaderni-del-master-in-immigrazione-genere-modelli-familiari-e-strategie-di-integrazione-n-5\\\/#breadcrumb\",\"itemListElement\":[{\"@type\":\"ListItem\",\"position\":1,\"name\":\"Shop\",\"item\":\"https:\\\/\\\/www.ledizioni.it\\\/shop-2\\\/\"},{\"@type\":\"ListItem\",\"position\":2,\"name\":\"Quaderni del Master in &#8220;Immigrazione, Genere, Modelli Familiari e Strategie di Integrazione&#8221;, n. 5\"}]},{\"@type\":\"WebSite\",\"@id\":\"https:\\\/\\\/www.ledizioni.it\\\/#website\",\"url\":\"https:\\\/\\\/www.ledizioni.it\\\/\",\"name\":\"Ledizioni\",\"description\":\"The Innovative LediPublishing Company - Casa Editrice Universitaria\",\"publisher\":{\"@id\":\"https:\\\/\\\/www.ledizioni.it\\\/#organization\"},\"potentialAction\":[{\"@type\":\"SearchAction\",\"target\":{\"@type\":\"EntryPoint\",\"urlTemplate\":\"https:\\\/\\\/www.ledizioni.it\\\/?s={search_term_string}\"},\"query-input\":{\"@type\":\"PropertyValueSpecification\",\"valueRequired\":true,\"valueName\":\"search_term_string\"}}],\"inLanguage\":\"en-GB\"},{\"@type\":\"Organization\",\"@id\":\"https:\\\/\\\/www.ledizioni.it\\\/#organization\",\"name\":\"Ledizioni\",\"url\":\"https:\\\/\\\/www.ledizioni.it\\\/\",\"logo\":{\"@type\":\"ImageObject\",\"inLanguage\":\"en-GB\",\"@id\":\"https:\\\/\\\/www.ledizioni.it\\\/#\\\/schema\\\/logo\\\/image\\\/\",\"url\":\"https:\\\/\\\/www.ledizioni.it\\\/stag\\\/wp-content\\\/uploads\\\/2023\\\/10\\\/newlogoledizioni500x110_2-1.jpg\",\"contentUrl\":\"https:\\\/\\\/www.ledizioni.it\\\/stag\\\/wp-content\\\/uploads\\\/2023\\\/10\\\/newlogoledizioni500x110_2-1.jpg\",\"width\":354,\"height\":87,\"caption\":\"Ledizioni\"},\"image\":{\"@id\":\"https:\\\/\\\/www.ledizioni.it\\\/#\\\/schema\\\/logo\\\/image\\\/\"},\"sameAs\":[\"https:\\\/\\\/www.facebook.com\\\/pages\\\/Ledizioni-LediPublishing\\\/109120559173329\",\"https:\\\/\\\/x.com\\\/ledizioni\"]}]}<\/script>\n<!-- \/ Yoast SEO plugin. -->","yoast_head_json":{"title":"Quaderni del Master in \"Immigrazione, genere, modelli familiari e strategie di integrazione\", n. 5","description":"Il quarto della serie di Quaderni del Master in \u201cImmigrazione, Genere, Modelli Familiari e Strategie di Integrazione dell\u2019Universit\u00e0 degli Studi di Pavia\u201d.","robots":{"index":"index","follow":"follow","max-snippet":"max-snippet:-1","max-image-preview":"max-image-preview:large","max-video-preview":"max-video-preview:-1"},"canonical":"https:\/\/www.ledizioni.it\/en\/product\/quaderni-del-master-in-immigrazione-genere-modelli-familiari-e-strategie-di-integrazione-n-5\/","og_locale":"en_GB","og_type":"article","og_title":"Quaderni del Master in \"Immigrazione, genere, modelli familiari e strategie di integrazione\", n. 5","og_description":"Il quarto della serie di Quaderni del Master in \u201cImmigrazione, Genere, Modelli Familiari e Strategie di Integrazione dell\u2019Universit\u00e0 degli Studi di Pavia\u201d.","og_url":"https:\/\/www.ledizioni.it\/en\/product\/quaderni-del-master-in-immigrazione-genere-modelli-familiari-e-strategie-di-integrazione-n-5\/","og_site_name":"Ledizioni","article_publisher":"https:\/\/www.facebook.com\/pages\/Ledizioni-LediPublishing\/109120559173329","article_modified_time":"2021-05-19T14:57:42+00:00","og_image":[{"width":1100,"height":1372,"url":"https:\/\/www.ledizioni.it\/stag\/wp-content\/uploads\/2018\/05\/Quaderno5_3D.jpg","type":"image\/jpeg"}],"twitter_card":"summary_large_image","twitter_site":"@ledizioni","twitter_misc":{"Estimated reading time":"2 minutes"},"schema":{"@context":"https:\/\/schema.org","@graph":[{"@type":"WebPage","@id":"https:\/\/www.ledizioni.it\/en\/product\/quaderni-del-master-in-immigrazione-genere-modelli-familiari-e-strategie-di-integrazione-n-5\/","url":"https:\/\/www.ledizioni.it\/en\/product\/quaderni-del-master-in-immigrazione-genere-modelli-familiari-e-strategie-di-integrazione-n-5\/","name":"Quaderni del Master in \"Immigrazione, genere, modelli familiari e strategie di integrazione\", n. 5","isPartOf":{"@id":"https:\/\/www.ledizioni.it\/#website"},"primaryImageOfPage":{"@id":"https:\/\/www.ledizioni.it\/en\/product\/quaderni-del-master-in-immigrazione-genere-modelli-familiari-e-strategie-di-integrazione-n-5\/#primaryimage"},"image":{"@id":"https:\/\/www.ledizioni.it\/en\/product\/quaderni-del-master-in-immigrazione-genere-modelli-familiari-e-strategie-di-integrazione-n-5\/#primaryimage"},"thumbnailUrl":"https:\/\/www.ledizioni.it\/stag\/wp-content\/uploads\/2018\/05\/Quaderno5_3D.jpg","datePublished":"2018-05-17T12:38:02+00:00","dateModified":"2021-05-19T14:57:42+00:00","description":"Il quarto della serie di Quaderni del Master in \u201cImmigrazione, Genere, Modelli Familiari e Strategie di Integrazione dell\u2019Universit\u00e0 degli Studi di Pavia\u201d.","breadcrumb":{"@id":"https:\/\/www.ledizioni.it\/en\/product\/quaderni-del-master-in-immigrazione-genere-modelli-familiari-e-strategie-di-integrazione-n-5\/#breadcrumb"},"inLanguage":"en-GB","potentialAction":[{"@type":"ReadAction","target":["https:\/\/www.ledizioni.it\/en\/product\/quaderni-del-master-in-immigrazione-genere-modelli-familiari-e-strategie-di-integrazione-n-5\/"]}]},{"@type":"ImageObject","inLanguage":"en-GB","@id":"https:\/\/www.ledizioni.it\/en\/product\/quaderni-del-master-in-immigrazione-genere-modelli-familiari-e-strategie-di-integrazione-n-5\/#primaryimage","url":"https:\/\/www.ledizioni.it\/stag\/wp-content\/uploads\/2018\/05\/Quaderno5_3D.jpg","contentUrl":"https:\/\/www.ledizioni.it\/stag\/wp-content\/uploads\/2018\/05\/Quaderno5_3D.jpg","width":1100,"height":1372},{"@type":"BreadcrumbList","@id":"https:\/\/www.ledizioni.it\/en\/product\/quaderni-del-master-in-immigrazione-genere-modelli-familiari-e-strategie-di-integrazione-n-5\/#breadcrumb","itemListElement":[{"@type":"ListItem","position":1,"name":"Shop","item":"https:\/\/www.ledizioni.it\/shop-2\/"},{"@type":"ListItem","position":2,"name":"Quaderni del Master in &#8220;Immigrazione, Genere, Modelli Familiari e Strategie di Integrazione&#8221;, n. 5"}]},{"@type":"WebSite","@id":"https:\/\/www.ledizioni.it\/#website","url":"https:\/\/www.ledizioni.it\/","name":"Ledizioni","description":"The Innovative LediPublishing Company - Casa Editrice Universitaria","publisher":{"@id":"https:\/\/www.ledizioni.it\/#organization"},"potentialAction":[{"@type":"SearchAction","target":{"@type":"EntryPoint","urlTemplate":"https:\/\/www.ledizioni.it\/?s={search_term_string}"},"query-input":{"@type":"PropertyValueSpecification","valueRequired":true,"valueName":"search_term_string"}}],"inLanguage":"en-GB"},{"@type":"Organization","@id":"https:\/\/www.ledizioni.it\/#organization","name":"Ledizioni","url":"https:\/\/www.ledizioni.it\/","logo":{"@type":"ImageObject","inLanguage":"en-GB","@id":"https:\/\/www.ledizioni.it\/#\/schema\/logo\/image\/","url":"https:\/\/www.ledizioni.it\/stag\/wp-content\/uploads\/2023\/10\/newlogoledizioni500x110_2-1.jpg","contentUrl":"https:\/\/www.ledizioni.it\/stag\/wp-content\/uploads\/2023\/10\/newlogoledizioni500x110_2-1.jpg","width":354,"height":87,"caption":"Ledizioni"},"image":{"@id":"https:\/\/www.ledizioni.it\/#\/schema\/logo\/image\/"},"sameAs":["https:\/\/www.facebook.com\/pages\/Ledizioni-LediPublishing\/109120559173329","https:\/\/x.com\/ledizioni"]}]}},"jetpack_sharing_enabled":true,"_links":{"self":[{"href":"https:\/\/www.ledizioni.it\/en\/wp-json\/wp\/v2\/product\/18892","targetHints":{"allow":["GET"]}}],"collection":[{"href":"https:\/\/www.ledizioni.it\/en\/wp-json\/wp\/v2\/product"}],"about":[{"href":"https:\/\/www.ledizioni.it\/en\/wp-json\/wp\/v2\/types\/product"}],"replies":[{"embeddable":true,"href":"https:\/\/www.ledizioni.it\/en\/wp-json\/wp\/v2\/comments?post=18892"}],"version-history":[{"count":1,"href":"https:\/\/www.ledizioni.it\/en\/wp-json\/wp\/v2\/product\/18892\/revisions"}],"predecessor-version":[{"id":38558,"href":"https:\/\/www.ledizioni.it\/en\/wp-json\/wp\/v2\/product\/18892\/revisions\/38558"}],"wp:featuredmedia":[{"embeddable":true,"href":"https:\/\/www.ledizioni.it\/en\/wp-json\/wp\/v2\/media\/18893"}],"wp:attachment":[{"href":"https:\/\/www.ledizioni.it\/en\/wp-json\/wp\/v2\/media?parent=18892"}],"wp:term":[{"taxonomy":"product_brand","embeddable":true,"href":"https:\/\/www.ledizioni.it\/en\/wp-json\/wp\/v2\/product_brand?post=18892"},{"taxonomy":"product_cat","embeddable":true,"href":"https:\/\/www.ledizioni.it\/en\/wp-json\/wp\/v2\/product_cat?post=18892"},{"taxonomy":"product_tag","embeddable":true,"href":"https:\/\/www.ledizioni.it\/en\/wp-json\/wp\/v2\/product_tag?post=18892"}],"curies":[{"name":"wp","href":"https:\/\/api.w.org\/{rel}","templated":true}]}}