{"id":19185,"date":"2018-07-09T10:50:17","date_gmt":"2018-07-09T10:50:17","guid":{"rendered":"http:\/\/www.ledizioni.it\/?post_type=product&#038;p=19185"},"modified":"2019-10-03T16:10:50","modified_gmt":"2019-10-03T14:10:50","slug":"m-villa-a-cura-di-citta-globali-sfida-integrazione","status":"publish","type":"product","link":"https:\/\/www.ledizioni.it\/en\/product\/m-villa-a-cura-di-citta-globali-sfida-integrazione\/","title":{"rendered":"LE CITT\u00c0 GLOBALI E LA SFIDA DELL\u2019 INTEGRAZIONE"},"content":{"rendered":"<p><em><strong>Prefazioni di Paolo Magri e Pierfrancesco Majorino<\/strong><\/em><\/p>\n<p style=\"text-align: justify;\">Nella grande sfida per l\u2019integrazione, le citt\u00e0 europee sono in prima fila. La popolazione straniera nelle citt\u00e0 \u00e8 in costante aumento e gi\u00e0 oggi supera il 30% a Berlino, Vienna e Londra. Le amministrazioni locali giocano dunque un ruolo sempre pi\u00f9 importante nel gestire un\u2019integrazione sempre pi\u00f9 complessa. Integrare gli stranieri richiede infatti l\u2019impegno di coordinamento di politiche che riguardano ambiti molto diversi: prima accoglienza, istruzione, mercato del lavoro, servizi sanitari, contrasto alla segregazione.<br \/>\nQuesto volume affronta il tema della crescente diversit\u00e0 urbana tentando di dare una risposta ad alcune questioni cruciali: a quali problemi vanno incontro le citt\u00e0 nell\u2019affrontare la sfida dell\u2019integrazione? Come si possono valorizzare le esperienze di successo? E in che modo \u00e8 possibile migliorare il dialogo tra le citt\u00e0, le regioni, i governi nazionali e le istituzioni europee?<\/p>\n<p style=\"text-align: justify;\"><em><strong>ISPI.<\/strong><\/em> L\u2019ISPI \u00e8 un think tank indipendente dedicato allo studio delle dinamiche politiche ed economiche internazionali fondato nel 1934. \u00c8 l\u2019unico istituto italiano \u2013 e tra i pochissimi in Europa \u2013 ad affiancare all\u2019attivit\u00e0 di ricerca un significativo impegno nella formazione, nella convegnistica e nell\u2019analisi dei rischi e delle opportunit\u00e0 a livello mondiale per le imprese e le istituzioni. L\u2019ISPI privilegia un approccio interdisciplinare e \u201cpolicy-oriented\u201d reso possibile da un team di ricerca di oltre 50 analisti e pu\u00f2 inoltre contare su un network internazionale di 70 universit\u00e0, think tank e centri di ricerca. Nella classifica redatta dall\u2019Universit\u00e0 di Pennsylvania, l\u2019ISPI si \u00e8 posizionato al primo posto al mondo tra i \u201cThink Tank to Watch\u201d nel 2018.<\/p>\n<p style=\"text-align: justify;\"><strong>DATI BIBLIOGRAFICI<\/strong><\/p>\n<p style=\"text-align: justify;\">Curatore: Matteo Villa<br \/>\nEditore: Ledizioni<br \/>\nCollana: <a href=\"http:\/\/www.ledizioni.it\/en\/collane\/societa\/pubblicazioni-ispi\/\">Pubblicazioni ISPI<\/a><br \/>\nPubblicato in: giugno 2018<br \/>\nLingua: italiano<br \/>\nFormato: brossura 195 p.<br \/>\nISBN cartaceo:\u00a09788867057870<br \/>\nISBN ePub: 9788867057863<br \/>\nPrezzo cartaceo: 12 \u20ac<br \/>\nPrezzo ePub: 6.99 \u20ac<\/p>\n<p>\u00a0<\/p>\n<p><a href=\"http:\/\/www.ledizioni.it\/stag\/wp-content\/uploads\/2018\/07\/estratto.pdf\"><span style=\"color: #0000ff;\"><strong>Leggi l&#8217;estratto<\/strong><\/span><\/a><\/p>\n<p>[amazon_link asins=&#8217;8867057871&#8242; template=&#8217;PriceLink1&#8242; store=&#8217;ledizioni-21&#8242; marketplace=&#8217;IT&#8217; link_id=&#8217;1f6a9c50-b503-11e8-8566-932788d141c9&#8242;]<\/p>\n<p><a href=\"https:\/\/www.torrossa.com\/it\/resources\/an\/4381137\"><img decoding=\"async\" class=\"aligncenter wp-image-23912\" src=\"https:\/\/www.ledizioni.it\/stag\/wp-content\/uploads\/2019\/07\/torrossa_web-150x80.jpg\" alt=\"\" width=\"200\" height=\"60\" \/><\/a><\/p>","protected":false},"excerpt":{"rendered":"<p>Prefazioni di Paolo Magri e Pierfrancesco Majorino Nella grande sfida per l\u2019integrazione, le citt\u00e0 europee sono in prima fila. La<\/p>","protected":false},"featured_media":19186,"comment_status":"open","ping_status":"closed","template":"","meta":{"_acf_changed":false},"product_brand":[],"product_cat":[1345],"product_tag":[1723,858,1024,828],"class_list":{"0":"post-19185","1":"product","2":"type-product","3":"status-publish","4":"has-post-thumbnail","6":"product_cat-pubblicazioni-ispi","7":"product_tag-globalizzazione","8":"product_tag-integrazione","9":"product_tag-politicainternaz","10":"product_tag-citta-2","11":"pa_formato-cartaceo","12":"pa_formato-ebook-in-epub","13":"pa_lingua-inglese","15":"first","16":"instock","17":"featured","18":"shipping-taxable","19":"purchasable","20":"product-type-variable"},"acf":[],"yoast_head":"<!-- This site is optimized with the Yoast SEO plugin v27.4 - https:\/\/yoast.com\/product\/yoast-seo-wordpress\/ -->\n<title>LE CITT\u00c0 GLOBALI E LA SFIDA DELL\u2019 INTEGRAZIONE -<\/title>\n<meta name=\"description\" content=\"Ledizioni - Innovative Publishing. Casa editrice universitaria. Open Access. eBook, ePub. Creative Commons.\" \/>\n<meta name=\"robots\" content=\"index, follow, max-snippet:-1, max-image-preview:large, max-video-preview:-1\" \/>\n<link rel=\"canonical\" href=\"https:\/\/www.ledizioni.it\/en\/product\/m-villa-a-cura-di-citta-globali-sfida-integrazione\/\" \/>\n<meta property=\"og:locale\" content=\"en_GB\" \/>\n<meta property=\"og:type\" content=\"article\" \/>\n<meta property=\"og:title\" content=\"LE CITT\u00c0 GLOBALI E LA SFIDA DELL\u2019 INTEGRAZIONE -\" \/>\n<meta property=\"og:description\" content=\"Ledizioni - Innovative Publishing. Casa editrice universitaria. Open Access. eBook, ePub. Creative Commons.\" \/>\n<meta property=\"og:url\" content=\"https:\/\/www.ledizioni.it\/en\/product\/m-villa-a-cura-di-citta-globali-sfida-integrazione\/\" \/>\n<meta property=\"og:site_name\" content=\"Ledizioni\" \/>\n<meta property=\"article:publisher\" content=\"https:\/\/www.facebook.com\/pages\/Ledizioni-LediPublishing\/109120559173329\" \/>\n<meta property=\"article:modified_time\" content=\"2019-10-03T14:10:50+00:00\" \/>\n<meta property=\"og:image\" content=\"https:\/\/www.ledizioni.it\/stag\/wp-content\/uploads\/2018\/07\/CittaGlobali_3D.jpg\" \/>\n\t<meta property=\"og:image:width\" content=\"500\" \/>\n\t<meta property=\"og:image:height\" content=\"632\" \/>\n\t<meta property=\"og:image:type\" content=\"image\/jpeg\" \/>\n<meta name=\"twitter:card\" content=\"summary_large_image\" \/>\n<meta name=\"twitter:site\" content=\"@ledizioni\" \/>\n<meta name=\"twitter:label1\" content=\"Estimated reading time\" \/>\n\t<meta name=\"twitter:data1\" content=\"2 minutes\" \/>\n<script type=\"application\/ld+json\" class=\"yoast-schema-graph\">{\"@context\":\"https:\\\/\\\/schema.org\",\"@graph\":[{\"@type\":\"WebPage\",\"@id\":\"https:\\\/\\\/www.ledizioni.it\\\/prodotto\\\/m-villa-a-cura-di-citta-globali-sfida-integrazione\\\/\",\"url\":\"https:\\\/\\\/www.ledizioni.it\\\/prodotto\\\/m-villa-a-cura-di-citta-globali-sfida-integrazione\\\/\",\"name\":\"LE CITT\u00c0 GLOBALI E LA SFIDA DELL\u2019 INTEGRAZIONE -\",\"isPartOf\":{\"@id\":\"https:\\\/\\\/www.ledizioni.it\\\/#website\"},\"primaryImageOfPage\":{\"@id\":\"https:\\\/\\\/www.ledizioni.it\\\/prodotto\\\/m-villa-a-cura-di-citta-globali-sfida-integrazione\\\/#primaryimage\"},\"image\":{\"@id\":\"https:\\\/\\\/www.ledizioni.it\\\/prodotto\\\/m-villa-a-cura-di-citta-globali-sfida-integrazione\\\/#primaryimage\"},\"thumbnailUrl\":\"https:\\\/\\\/www.ledizioni.it\\\/stag\\\/wp-content\\\/uploads\\\/2018\\\/07\\\/CittaGlobali_3D.jpg\",\"datePublished\":\"2018-07-09T10:50:17+00:00\",\"dateModified\":\"2019-10-03T14:10:50+00:00\",\"description\":\"Ledizioni - Innovative Publishing. Casa editrice universitaria. Open Access. eBook, ePub. Creative Commons.\",\"breadcrumb\":{\"@id\":\"https:\\\/\\\/www.ledizioni.it\\\/prodotto\\\/m-villa-a-cura-di-citta-globali-sfida-integrazione\\\/#breadcrumb\"},\"inLanguage\":\"en-GB\",\"potentialAction\":[{\"@type\":\"ReadAction\",\"target\":[\"https:\\\/\\\/www.ledizioni.it\\\/prodotto\\\/m-villa-a-cura-di-citta-globali-sfida-integrazione\\\/\"]}]},{\"@type\":\"ImageObject\",\"inLanguage\":\"en-GB\",\"@id\":\"https:\\\/\\\/www.ledizioni.it\\\/prodotto\\\/m-villa-a-cura-di-citta-globali-sfida-integrazione\\\/#primaryimage\",\"url\":\"https:\\\/\\\/www.ledizioni.it\\\/stag\\\/wp-content\\\/uploads\\\/2018\\\/07\\\/CittaGlobali_3D.jpg\",\"contentUrl\":\"https:\\\/\\\/www.ledizioni.it\\\/stag\\\/wp-content\\\/uploads\\\/2018\\\/07\\\/CittaGlobali_3D.jpg\",\"width\":500,\"height\":632},{\"@type\":\"BreadcrumbList\",\"@id\":\"https:\\\/\\\/www.ledizioni.it\\\/prodotto\\\/m-villa-a-cura-di-citta-globali-sfida-integrazione\\\/#breadcrumb\",\"itemListElement\":[{\"@type\":\"ListItem\",\"position\":1,\"name\":\"Shop\",\"item\":\"https:\\\/\\\/www.ledizioni.it\\\/shop-2\\\/\"},{\"@type\":\"ListItem\",\"position\":2,\"name\":\"LE CITT\u00c0 GLOBALI E LA SFIDA DELL\u2019 INTEGRAZIONE\"}]},{\"@type\":\"WebSite\",\"@id\":\"https:\\\/\\\/www.ledizioni.it\\\/#website\",\"url\":\"https:\\\/\\\/www.ledizioni.it\\\/\",\"name\":\"Ledizioni\",\"description\":\"The Innovative LediPublishing Company - Casa Editrice Universitaria\",\"publisher\":{\"@id\":\"https:\\\/\\\/www.ledizioni.it\\\/#organization\"},\"potentialAction\":[{\"@type\":\"SearchAction\",\"target\":{\"@type\":\"EntryPoint\",\"urlTemplate\":\"https:\\\/\\\/www.ledizioni.it\\\/?s={search_term_string}\"},\"query-input\":{\"@type\":\"PropertyValueSpecification\",\"valueRequired\":true,\"valueName\":\"search_term_string\"}}],\"inLanguage\":\"en-GB\"},{\"@type\":\"Organization\",\"@id\":\"https:\\\/\\\/www.ledizioni.it\\\/#organization\",\"name\":\"Ledizioni\",\"url\":\"https:\\\/\\\/www.ledizioni.it\\\/\",\"logo\":{\"@type\":\"ImageObject\",\"inLanguage\":\"en-GB\",\"@id\":\"https:\\\/\\\/www.ledizioni.it\\\/#\\\/schema\\\/logo\\\/image\\\/\",\"url\":\"https:\\\/\\\/www.ledizioni.it\\\/stag\\\/wp-content\\\/uploads\\\/2023\\\/10\\\/newlogoledizioni500x110_2-1.jpg\",\"contentUrl\":\"https:\\\/\\\/www.ledizioni.it\\\/stag\\\/wp-content\\\/uploads\\\/2023\\\/10\\\/newlogoledizioni500x110_2-1.jpg\",\"width\":354,\"height\":87,\"caption\":\"Ledizioni\"},\"image\":{\"@id\":\"https:\\\/\\\/www.ledizioni.it\\\/#\\\/schema\\\/logo\\\/image\\\/\"},\"sameAs\":[\"https:\\\/\\\/www.facebook.com\\\/pages\\\/Ledizioni-LediPublishing\\\/109120559173329\",\"https:\\\/\\\/x.com\\\/ledizioni\"]}]}<\/script>\n<!-- \/ Yoast SEO plugin. -->","yoast_head_json":{"title":"LE CITT\u00c0 GLOBALI E LA SFIDA DELL\u2019 INTEGRAZIONE -","description":"Ledizioni - Innovative Publishing. Casa editrice universitaria. Open Access. eBook, ePub. Creative Commons.","robots":{"index":"index","follow":"follow","max-snippet":"max-snippet:-1","max-image-preview":"max-image-preview:large","max-video-preview":"max-video-preview:-1"},"canonical":"https:\/\/www.ledizioni.it\/en\/product\/m-villa-a-cura-di-citta-globali-sfida-integrazione\/","og_locale":"en_GB","og_type":"article","og_title":"LE CITT\u00c0 GLOBALI E LA SFIDA DELL\u2019 INTEGRAZIONE -","og_description":"Ledizioni - Innovative Publishing. Casa editrice universitaria. Open Access. eBook, ePub. Creative Commons.","og_url":"https:\/\/www.ledizioni.it\/en\/product\/m-villa-a-cura-di-citta-globali-sfida-integrazione\/","og_site_name":"Ledizioni","article_publisher":"https:\/\/www.facebook.com\/pages\/Ledizioni-LediPublishing\/109120559173329","article_modified_time":"2019-10-03T14:10:50+00:00","og_image":[{"width":500,"height":632,"url":"https:\/\/www.ledizioni.it\/stag\/wp-content\/uploads\/2018\/07\/CittaGlobali_3D.jpg","type":"image\/jpeg"}],"twitter_card":"summary_large_image","twitter_site":"@ledizioni","twitter_misc":{"Estimated reading time":"2 minutes"},"schema":{"@context":"https:\/\/schema.org","@graph":[{"@type":"WebPage","@id":"https:\/\/www.ledizioni.it\/prodotto\/m-villa-a-cura-di-citta-globali-sfida-integrazione\/","url":"https:\/\/www.ledizioni.it\/prodotto\/m-villa-a-cura-di-citta-globali-sfida-integrazione\/","name":"LE CITT\u00c0 GLOBALI E LA SFIDA DELL\u2019 INTEGRAZIONE -","isPartOf":{"@id":"https:\/\/www.ledizioni.it\/#website"},"primaryImageOfPage":{"@id":"https:\/\/www.ledizioni.it\/prodotto\/m-villa-a-cura-di-citta-globali-sfida-integrazione\/#primaryimage"},"image":{"@id":"https:\/\/www.ledizioni.it\/prodotto\/m-villa-a-cura-di-citta-globali-sfida-integrazione\/#primaryimage"},"thumbnailUrl":"https:\/\/www.ledizioni.it\/stag\/wp-content\/uploads\/2018\/07\/CittaGlobali_3D.jpg","datePublished":"2018-07-09T10:50:17+00:00","dateModified":"2019-10-03T14:10:50+00:00","description":"Ledizioni - Innovative Publishing. Casa editrice universitaria. Open Access. eBook, ePub. Creative Commons.","breadcrumb":{"@id":"https:\/\/www.ledizioni.it\/prodotto\/m-villa-a-cura-di-citta-globali-sfida-integrazione\/#breadcrumb"},"inLanguage":"en-GB","potentialAction":[{"@type":"ReadAction","target":["https:\/\/www.ledizioni.it\/prodotto\/m-villa-a-cura-di-citta-globali-sfida-integrazione\/"]}]},{"@type":"ImageObject","inLanguage":"en-GB","@id":"https:\/\/www.ledizioni.it\/prodotto\/m-villa-a-cura-di-citta-globali-sfida-integrazione\/#primaryimage","url":"https:\/\/www.ledizioni.it\/stag\/wp-content\/uploads\/2018\/07\/CittaGlobali_3D.jpg","contentUrl":"https:\/\/www.ledizioni.it\/stag\/wp-content\/uploads\/2018\/07\/CittaGlobali_3D.jpg","width":500,"height":632},{"@type":"BreadcrumbList","@id":"https:\/\/www.ledizioni.it\/prodotto\/m-villa-a-cura-di-citta-globali-sfida-integrazione\/#breadcrumb","itemListElement":[{"@type":"ListItem","position":1,"name":"Shop","item":"https:\/\/www.ledizioni.it\/shop-2\/"},{"@type":"ListItem","position":2,"name":"LE CITT\u00c0 GLOBALI E LA SFIDA DELL\u2019 INTEGRAZIONE"}]},{"@type":"WebSite","@id":"https:\/\/www.ledizioni.it\/#website","url":"https:\/\/www.ledizioni.it\/","name":"Ledizioni","description":"The Innovative LediPublishing Company - Casa Editrice Universitaria","publisher":{"@id":"https:\/\/www.ledizioni.it\/#organization"},"potentialAction":[{"@type":"SearchAction","target":{"@type":"EntryPoint","urlTemplate":"https:\/\/www.ledizioni.it\/?s={search_term_string}"},"query-input":{"@type":"PropertyValueSpecification","valueRequired":true,"valueName":"search_term_string"}}],"inLanguage":"en-GB"},{"@type":"Organization","@id":"https:\/\/www.ledizioni.it\/#organization","name":"Ledizioni","url":"https:\/\/www.ledizioni.it\/","logo":{"@type":"ImageObject","inLanguage":"en-GB","@id":"https:\/\/www.ledizioni.it\/#\/schema\/logo\/image\/","url":"https:\/\/www.ledizioni.it\/stag\/wp-content\/uploads\/2023\/10\/newlogoledizioni500x110_2-1.jpg","contentUrl":"https:\/\/www.ledizioni.it\/stag\/wp-content\/uploads\/2023\/10\/newlogoledizioni500x110_2-1.jpg","width":354,"height":87,"caption":"Ledizioni"},"image":{"@id":"https:\/\/www.ledizioni.it\/#\/schema\/logo\/image\/"},"sameAs":["https:\/\/www.facebook.com\/pages\/Ledizioni-LediPublishing\/109120559173329","https:\/\/x.com\/ledizioni"]}]}},"jetpack_sharing_enabled":true,"_links":{"self":[{"href":"https:\/\/www.ledizioni.it\/en\/wp-json\/wp\/v2\/product\/19185","targetHints":{"allow":["GET"]}}],"collection":[{"href":"https:\/\/www.ledizioni.it\/en\/wp-json\/wp\/v2\/product"}],"about":[{"href":"https:\/\/www.ledizioni.it\/en\/wp-json\/wp\/v2\/types\/product"}],"replies":[{"embeddable":true,"href":"https:\/\/www.ledizioni.it\/en\/wp-json\/wp\/v2\/comments?post=19185"}],"version-history":[{"count":1,"href":"https:\/\/www.ledizioni.it\/en\/wp-json\/wp\/v2\/product\/19185\/revisions"}],"predecessor-version":[{"id":19187,"href":"https:\/\/www.ledizioni.it\/en\/wp-json\/wp\/v2\/product\/19185\/revisions\/19187"}],"wp:featuredmedia":[{"embeddable":true,"href":"https:\/\/www.ledizioni.it\/en\/wp-json\/wp\/v2\/media\/19186"}],"wp:attachment":[{"href":"https:\/\/www.ledizioni.it\/en\/wp-json\/wp\/v2\/media?parent=19185"}],"wp:term":[{"taxonomy":"product_brand","embeddable":true,"href":"https:\/\/www.ledizioni.it\/en\/wp-json\/wp\/v2\/product_brand?post=19185"},{"taxonomy":"product_cat","embeddable":true,"href":"https:\/\/www.ledizioni.it\/en\/wp-json\/wp\/v2\/product_cat?post=19185"},{"taxonomy":"product_tag","embeddable":true,"href":"https:\/\/www.ledizioni.it\/en\/wp-json\/wp\/v2\/product_tag?post=19185"}],"curies":[{"name":"wp","href":"https:\/\/api.w.org\/{rel}","templated":true}]}}