{"id":19541,"date":"2018-09-03T09:21:54","date_gmt":"2018-09-03T09:21:54","guid":{"rendered":"http:\/\/www.ledizioni.it\/?post_type=product&#038;p=19541"},"modified":"2021-05-12T17:23:01","modified_gmt":"2021-05-12T15:23:01","slug":"carte-romanze-v-2-n-2-2014","status":"publish","type":"product","link":"https:\/\/www.ledizioni.it\/en\/product\/carte-romanze-v-2-n-2-2014\/","title":{"rendered":"Carte Romanze, V.2, N.2, 2014"},"content":{"rendered":"<p style=\"text-align: justify;\"><strong>Sommario<\/strong><\/p>\n<p style=\"text-align: justify;\"><strong>Notizie dalla redazione<\/strong><\/p>\n<p style=\"text-align: justify;\"><em>Cesare Segre (1928-2014)<\/em> &#8211; Anna Cornagliotti, Alfonso D&#8217;Agostino<\/p>\n<p style=\"text-align: justify;\"><strong>Texts<\/strong><\/p>\n<p style=\"text-align: justify;\"><em>\u00abNavigatio Sancti Brendani\u00bb: volgarizzamento veneziano del ms. Paris, BnF, it. 1708 &#8211; <\/em>Roberto Tagliani<\/p>\n<p style=\"text-align: justify;\"><em>Scipione a corte: Il \u00abCertamen inter Hannibalem et Alexandrum ac Scipionem Aphricanum\u00bb di Filippo Lapaccini &#8211; <\/em>Matteo Bosisio<\/p>\n<p style=\"text-align: justify;\"><strong>Saggi<\/strong><\/p>\n<p style=\"text-align: justify;\"><em>El cuento de Cerciapelleto. Apuntes sobre la primera traducci\u00f3n castellana del \u00abDecamer\u00f3n\u00bb &#8211; <\/em>Beatriz Hern\u00e1n-G\u00f3mez Prieto<\/p>\n<p style=\"text-align: justify;\"><em>\u00a0\u201cJoie de la cort \/ joie de l\u2019acort\u201d. L\u2019armonia degli elementi discordi nell\u2019\u00abErec et Enide\u00bb &#8211; <\/em>Beatrice Barbiellini Amidei<\/p>\n<p style=\"text-align: justify;\"><em>Strategie enunciative nella \u00abCanso de la crozada\u00bb di Guilhem de Tudela &#8211; <\/em>Massimiliano Gaggero<\/p>\n<p style=\"text-align: justify;\"><em>La lirica trobadorica nella Toscana del Duecento. Canali e forme della diffusione &#8211; <\/em>Stefano Resconi<\/p>\n<p style=\"text-align: justify;\"><em>Tra \u00abVita nova\u00bb e rime allegoriche: nota sulla consolatoria di Cino da Pistoia per la morte di Beatrice &#8211; <\/em>Paolo Borsa<\/p>\n<p style=\"text-align: justify;\"><strong>Variet\u00e0, note e discussioni<\/strong><\/p>\n<p style=\"text-align: justify;\"><em>Via Lyon: Parcours de romans et mutations \u00e9ditoriales au XVIe si\u00e8cle. Partie I. L&#8217;\u00e9tape Lyonnaise &#8211; <\/em>Pascale Mounier, Fanny Maillet, Francesco Montorsi, Anne R\u00e9ach-Ng\u00f4<\/p>\n<p style=\"text-align: justify;\"><em>Introduction<\/em> &#8211; Pascale Mounier, Anne R\u00e9ach-Ng\u00f4<\/p>\n<p style=\"text-align: justify;\"><em>Les \u00e9tapes lyonnaises dans le parcours \u00e9ditorial du \u00abClamad\u00e8s\u00bb<\/em> &#8211; Fanny Maillet<\/p>\n<p style=\"text-align: justify;\"><em>\u00abMorgant le geant\u00bb: mise en livre et r\u00e9ception programm\u00e9e de Pulci en <\/em>France &#8211; Pascale Mounier<\/p>\n<p style=\"text-align: justify;\"><em>La production \u00e9ditoriale de Beno\u00eet Rigaud et son catalogue chevaleresque<\/em> &#8211; Francesco Montorsi<\/p>\n<p style=\"text-align: justify;\"><strong>Recensioni e schede<\/strong><\/p>\n<p style=\"text-align: justify;\"><em>Les versions en prose du Purgatoire de Saint Patrice en ancien fran\u00e7ais. \u00c9dition critique, introduction et notes publi\u00e9es par Martina di Febo<\/em>, Paris, Champion, 2013 &#8211; Sonia Maura Barillari<\/p>","protected":false},"excerpt":{"rendered":"<p>Sommario Notizie dalla redazione Cesare Segre (1928-2014) &#8211; Anna Cornagliotti, Alfonso D&#8217;Agostino Testi \u00abNavigatio Sancti Brendani\u00bb: volgarizzamento veneziano del ms.<\/p>","protected":false},"featured_media":19549,"comment_status":"open","ping_status":"closed","template":"","meta":{"_acf_changed":false},"product_brand":[],"product_cat":[1747],"product_tag":[2487],"class_list":{"0":"post-19541","1":"product","2":"type-product","3":"status-publish","4":"has-post-thumbnail","6":"product_cat-carte-romanze","7":"product_tag-filologia-romanza","8":"pa_formato-cartaceo","9":"pa_formato-ebook-in-epub","11":"first","12":"instock","13":"shipping-taxable","14":"purchasable","15":"product-type-simple"},"acf":[],"yoast_head":"<!-- This site is optimized with the Yoast SEO plugin v27.3 - https:\/\/yoast.com\/product\/yoast-seo-wordpress\/ -->\n<title>Carte Romanze, V.2, N.2, 2014 -<\/title>\n<meta name=\"description\" content=\"Ledizioni - Innovative Publishing. Casa editrice universitaria. Open Access. eBook, ePub. Creative Commons.\" \/>\n<meta name=\"robots\" content=\"index, follow, max-snippet:-1, max-image-preview:large, max-video-preview:-1\" \/>\n<link rel=\"canonical\" href=\"https:\/\/www.ledizioni.it\/en\/product\/carte-romanze-v-2-n-2-2014\/\" \/>\n<meta property=\"og:locale\" content=\"en_GB\" \/>\n<meta property=\"og:type\" content=\"article\" \/>\n<meta property=\"og:title\" content=\"Carte Romanze, V.2, N.2, 2014 -\" \/>\n<meta property=\"og:description\" content=\"Ledizioni - Innovative Publishing. Casa editrice universitaria. Open Access. eBook, ePub. Creative Commons.\" \/>\n<meta property=\"og:url\" content=\"https:\/\/www.ledizioni.it\/en\/product\/carte-romanze-v-2-n-2-2014\/\" \/>\n<meta property=\"og:site_name\" content=\"Ledizioni\" \/>\n<meta property=\"article:publisher\" content=\"https:\/\/www.facebook.com\/pages\/Ledizioni-LediPublishing\/109120559173329\" \/>\n<meta property=\"article:modified_time\" content=\"2021-05-12T15:23:01+00:00\" \/>\n<meta property=\"og:image\" content=\"https:\/\/www.ledizioni.it\/stag\/wp-content\/uploads\/2018\/09\/2_2014_3D.png\" \/>\n\t<meta property=\"og:image:width\" content=\"450\" \/>\n\t<meta property=\"og:image:height\" content=\"574\" \/>\n\t<meta property=\"og:image:type\" content=\"image\/png\" \/>\n<meta name=\"twitter:card\" content=\"summary_large_image\" \/>\n<meta name=\"twitter:site\" content=\"@ledizioni\" \/>\n<meta name=\"twitter:label1\" content=\"Estimated reading time\" \/>\n\t<meta name=\"twitter:data1\" content=\"1 minute\" \/>\n<script type=\"application\/ld+json\" class=\"yoast-schema-graph\">{\"@context\":\"https:\\\/\\\/schema.org\",\"@graph\":[{\"@type\":\"WebPage\",\"@id\":\"https:\\\/\\\/www.ledizioni.it\\\/en\\\/product\\\/carte-romanze-v-2-n-2-2014\\\/\",\"url\":\"https:\\\/\\\/www.ledizioni.it\\\/en\\\/product\\\/carte-romanze-v-2-n-2-2014\\\/\",\"name\":\"Carte Romanze, V.2, N.2, 2014 -\",\"isPartOf\":{\"@id\":\"https:\\\/\\\/www.ledizioni.it\\\/#website\"},\"primaryImageOfPage\":{\"@id\":\"https:\\\/\\\/www.ledizioni.it\\\/en\\\/product\\\/carte-romanze-v-2-n-2-2014\\\/#primaryimage\"},\"image\":{\"@id\":\"https:\\\/\\\/www.ledizioni.it\\\/en\\\/product\\\/carte-romanze-v-2-n-2-2014\\\/#primaryimage\"},\"thumbnailUrl\":\"https:\\\/\\\/www.ledizioni.it\\\/stag\\\/wp-content\\\/uploads\\\/2018\\\/09\\\/2_2014_3D.png\",\"datePublished\":\"2018-09-03T09:21:54+00:00\",\"dateModified\":\"2021-05-12T15:23:01+00:00\",\"description\":\"Ledizioni - Innovative Publishing. Casa editrice universitaria. Open Access. eBook, ePub. Creative Commons.\",\"breadcrumb\":{\"@id\":\"https:\\\/\\\/www.ledizioni.it\\\/en\\\/product\\\/carte-romanze-v-2-n-2-2014\\\/#breadcrumb\"},\"inLanguage\":\"en-GB\",\"potentialAction\":[{\"@type\":\"ReadAction\",\"target\":[\"https:\\\/\\\/www.ledizioni.it\\\/en\\\/product\\\/carte-romanze-v-2-n-2-2014\\\/\"]}]},{\"@type\":\"ImageObject\",\"inLanguage\":\"en-GB\",\"@id\":\"https:\\\/\\\/www.ledizioni.it\\\/en\\\/product\\\/carte-romanze-v-2-n-2-2014\\\/#primaryimage\",\"url\":\"https:\\\/\\\/www.ledizioni.it\\\/stag\\\/wp-content\\\/uploads\\\/2018\\\/09\\\/2_2014_3D.png\",\"contentUrl\":\"https:\\\/\\\/www.ledizioni.it\\\/stag\\\/wp-content\\\/uploads\\\/2018\\\/09\\\/2_2014_3D.png\",\"width\":450,\"height\":574},{\"@type\":\"BreadcrumbList\",\"@id\":\"https:\\\/\\\/www.ledizioni.it\\\/en\\\/product\\\/carte-romanze-v-2-n-2-2014\\\/#breadcrumb\",\"itemListElement\":[{\"@type\":\"ListItem\",\"position\":1,\"name\":\"Shop\",\"item\":\"https:\\\/\\\/www.ledizioni.it\\\/shop-2\\\/\"},{\"@type\":\"ListItem\",\"position\":2,\"name\":\"Carte Romanze, V.2, N.2, 2014\"}]},{\"@type\":\"WebSite\",\"@id\":\"https:\\\/\\\/www.ledizioni.it\\\/#website\",\"url\":\"https:\\\/\\\/www.ledizioni.it\\\/\",\"name\":\"Ledizioni\",\"description\":\"The Innovative LediPublishing Company - Casa Editrice Universitaria\",\"publisher\":{\"@id\":\"https:\\\/\\\/www.ledizioni.it\\\/#organization\"},\"potentialAction\":[{\"@type\":\"SearchAction\",\"target\":{\"@type\":\"EntryPoint\",\"urlTemplate\":\"https:\\\/\\\/www.ledizioni.it\\\/?s={search_term_string}\"},\"query-input\":{\"@type\":\"PropertyValueSpecification\",\"valueRequired\":true,\"valueName\":\"search_term_string\"}}],\"inLanguage\":\"en-GB\"},{\"@type\":\"Organization\",\"@id\":\"https:\\\/\\\/www.ledizioni.it\\\/#organization\",\"name\":\"Ledizioni\",\"url\":\"https:\\\/\\\/www.ledizioni.it\\\/\",\"logo\":{\"@type\":\"ImageObject\",\"inLanguage\":\"en-GB\",\"@id\":\"https:\\\/\\\/www.ledizioni.it\\\/#\\\/schema\\\/logo\\\/image\\\/\",\"url\":\"https:\\\/\\\/www.ledizioni.it\\\/stag\\\/wp-content\\\/uploads\\\/2023\\\/10\\\/newlogoledizioni500x110_2-1.jpg\",\"contentUrl\":\"https:\\\/\\\/www.ledizioni.it\\\/stag\\\/wp-content\\\/uploads\\\/2023\\\/10\\\/newlogoledizioni500x110_2-1.jpg\",\"width\":354,\"height\":87,\"caption\":\"Ledizioni\"},\"image\":{\"@id\":\"https:\\\/\\\/www.ledizioni.it\\\/#\\\/schema\\\/logo\\\/image\\\/\"},\"sameAs\":[\"https:\\\/\\\/www.facebook.com\\\/pages\\\/Ledizioni-LediPublishing\\\/109120559173329\",\"https:\\\/\\\/x.com\\\/ledizioni\"]}]}<\/script>\n<!-- \/ Yoast SEO plugin. -->","yoast_head_json":{"title":"Carte Romanze, V.2, N.2, 2014 -","description":"Ledizioni - Innovative Publishing. Casa editrice universitaria. Open Access. eBook, ePub. Creative Commons.","robots":{"index":"index","follow":"follow","max-snippet":"max-snippet:-1","max-image-preview":"max-image-preview:large","max-video-preview":"max-video-preview:-1"},"canonical":"https:\/\/www.ledizioni.it\/en\/product\/carte-romanze-v-2-n-2-2014\/","og_locale":"en_GB","og_type":"article","og_title":"Carte Romanze, V.2, N.2, 2014 -","og_description":"Ledizioni - Innovative Publishing. Casa editrice universitaria. Open Access. eBook, ePub. Creative Commons.","og_url":"https:\/\/www.ledizioni.it\/en\/product\/carte-romanze-v-2-n-2-2014\/","og_site_name":"Ledizioni","article_publisher":"https:\/\/www.facebook.com\/pages\/Ledizioni-LediPublishing\/109120559173329","article_modified_time":"2021-05-12T15:23:01+00:00","og_image":[{"width":450,"height":574,"url":"https:\/\/www.ledizioni.it\/stag\/wp-content\/uploads\/2018\/09\/2_2014_3D.png","type":"image\/png"}],"twitter_card":"summary_large_image","twitter_site":"@ledizioni","twitter_misc":{"Estimated reading time":"1 minute"},"schema":{"@context":"https:\/\/schema.org","@graph":[{"@type":"WebPage","@id":"https:\/\/www.ledizioni.it\/en\/product\/carte-romanze-v-2-n-2-2014\/","url":"https:\/\/www.ledizioni.it\/en\/product\/carte-romanze-v-2-n-2-2014\/","name":"Carte Romanze, V.2, N.2, 2014 -","isPartOf":{"@id":"https:\/\/www.ledizioni.it\/#website"},"primaryImageOfPage":{"@id":"https:\/\/www.ledizioni.it\/en\/product\/carte-romanze-v-2-n-2-2014\/#primaryimage"},"image":{"@id":"https:\/\/www.ledizioni.it\/en\/product\/carte-romanze-v-2-n-2-2014\/#primaryimage"},"thumbnailUrl":"https:\/\/www.ledizioni.it\/stag\/wp-content\/uploads\/2018\/09\/2_2014_3D.png","datePublished":"2018-09-03T09:21:54+00:00","dateModified":"2021-05-12T15:23:01+00:00","description":"Ledizioni - Innovative Publishing. Casa editrice universitaria. Open Access. eBook, ePub. Creative Commons.","breadcrumb":{"@id":"https:\/\/www.ledizioni.it\/en\/product\/carte-romanze-v-2-n-2-2014\/#breadcrumb"},"inLanguage":"en-GB","potentialAction":[{"@type":"ReadAction","target":["https:\/\/www.ledizioni.it\/en\/product\/carte-romanze-v-2-n-2-2014\/"]}]},{"@type":"ImageObject","inLanguage":"en-GB","@id":"https:\/\/www.ledizioni.it\/en\/product\/carte-romanze-v-2-n-2-2014\/#primaryimage","url":"https:\/\/www.ledizioni.it\/stag\/wp-content\/uploads\/2018\/09\/2_2014_3D.png","contentUrl":"https:\/\/www.ledizioni.it\/stag\/wp-content\/uploads\/2018\/09\/2_2014_3D.png","width":450,"height":574},{"@type":"BreadcrumbList","@id":"https:\/\/www.ledizioni.it\/en\/product\/carte-romanze-v-2-n-2-2014\/#breadcrumb","itemListElement":[{"@type":"ListItem","position":1,"name":"Shop","item":"https:\/\/www.ledizioni.it\/shop-2\/"},{"@type":"ListItem","position":2,"name":"Carte Romanze, V.2, N.2, 2014"}]},{"@type":"WebSite","@id":"https:\/\/www.ledizioni.it\/#website","url":"https:\/\/www.ledizioni.it\/","name":"Ledizioni","description":"The Innovative LediPublishing Company - Casa Editrice Universitaria","publisher":{"@id":"https:\/\/www.ledizioni.it\/#organization"},"potentialAction":[{"@type":"SearchAction","target":{"@type":"EntryPoint","urlTemplate":"https:\/\/www.ledizioni.it\/?s={search_term_string}"},"query-input":{"@type":"PropertyValueSpecification","valueRequired":true,"valueName":"search_term_string"}}],"inLanguage":"en-GB"},{"@type":"Organization","@id":"https:\/\/www.ledizioni.it\/#organization","name":"Ledizioni","url":"https:\/\/www.ledizioni.it\/","logo":{"@type":"ImageObject","inLanguage":"en-GB","@id":"https:\/\/www.ledizioni.it\/#\/schema\/logo\/image\/","url":"https:\/\/www.ledizioni.it\/stag\/wp-content\/uploads\/2023\/10\/newlogoledizioni500x110_2-1.jpg","contentUrl":"https:\/\/www.ledizioni.it\/stag\/wp-content\/uploads\/2023\/10\/newlogoledizioni500x110_2-1.jpg","width":354,"height":87,"caption":"Ledizioni"},"image":{"@id":"https:\/\/www.ledizioni.it\/#\/schema\/logo\/image\/"},"sameAs":["https:\/\/www.facebook.com\/pages\/Ledizioni-LediPublishing\/109120559173329","https:\/\/x.com\/ledizioni"]}]}},"jetpack_sharing_enabled":true,"_links":{"self":[{"href":"https:\/\/www.ledizioni.it\/en\/wp-json\/wp\/v2\/product\/19541","targetHints":{"allow":["GET"]}}],"collection":[{"href":"https:\/\/www.ledizioni.it\/en\/wp-json\/wp\/v2\/product"}],"about":[{"href":"https:\/\/www.ledizioni.it\/en\/wp-json\/wp\/v2\/types\/product"}],"replies":[{"embeddable":true,"href":"https:\/\/www.ledizioni.it\/en\/wp-json\/wp\/v2\/comments?post=19541"}],"version-history":[{"count":1,"href":"https:\/\/www.ledizioni.it\/en\/wp-json\/wp\/v2\/product\/19541\/revisions"}],"predecessor-version":[{"id":19543,"href":"https:\/\/www.ledizioni.it\/en\/wp-json\/wp\/v2\/product\/19541\/revisions\/19543"}],"wp:featuredmedia":[{"embeddable":true,"href":"https:\/\/www.ledizioni.it\/en\/wp-json\/wp\/v2\/media\/19549"}],"wp:attachment":[{"href":"https:\/\/www.ledizioni.it\/en\/wp-json\/wp\/v2\/media?parent=19541"}],"wp:term":[{"taxonomy":"product_brand","embeddable":true,"href":"https:\/\/www.ledizioni.it\/en\/wp-json\/wp\/v2\/product_brand?post=19541"},{"taxonomy":"product_cat","embeddable":true,"href":"https:\/\/www.ledizioni.it\/en\/wp-json\/wp\/v2\/product_cat?post=19541"},{"taxonomy":"product_tag","embeddable":true,"href":"https:\/\/www.ledizioni.it\/en\/wp-json\/wp\/v2\/product_tag?post=19541"}],"curies":[{"name":"wp","href":"https:\/\/api.w.org\/{rel}","templated":true}]}}