{"id":19548,"date":"2018-09-03T10:40:39","date_gmt":"2018-09-03T10:40:39","guid":{"rendered":"http:\/\/www.ledizioni.it\/?post_type=product&#038;p=19548"},"modified":"2021-05-12T17:22:22","modified_gmt":"2021-05-12T15:22:22","slug":"carte-romanze-v-3-n-1-2015","status":"publish","type":"product","link":"https:\/\/www.ledizioni.it\/en\/product\/carte-romanze-v-3-n-1-2015\/","title":{"rendered":"Carte Romanze, V.3, N.1, 2015"},"content":{"rendered":"<p style=\"text-align: justify;\"><strong>Sommario<\/strong><\/p>\n<p style=\"text-align: justify;\"><strong>Texts<\/strong><\/p>\n<p style=\"text-align: justify;\"><em>La \u00abromar\u00eda\u00bb cantata da Johan Servando<\/em> &#8211; Riccardo Burgazzi<\/p>\n<p style=\"text-align: justify;\"><em>Itinerar\u00ee peninsulari di Amico e Amelio. Con una versione inedita della \u00abVita\u00bb latina (Philadelphia, PSUL Codex 313)<\/em> &#8211; Luca Sacchi<\/p>\n<p style=\"text-align: justify;\"><strong>Saggi<\/strong><\/p>\n<p style=\"text-align: justify;\"><em>Virgil re-purposed in the Old French \u00abRoman d\u2019Eneas\u00bb<\/em> &#8211; Raymond Cormier<\/p>\n<p style=\"text-align: justify;\"><em>Il volgarizzamento oitanico della \u00abNavigatio Brendani\u00bb nel ms. Paris, BNF, fr. 1553 e il suo modello latino<\/em> &#8211; Giulia De Martino, Rossana Guglielmetti<\/p>\n<p style=\"text-align: justify;\"><em>Il sonetto provenzale di Paolo Lanfranchi tra Raimbaut de Vaqueiras e la corte d\u2019Aragona <\/em>&#8211; Cesare Mascitelli<\/p>\n<p style=\"text-align: justify;\"><em>Il manoscritto Chigiano L VIII 305 della Biblioteca Apostolica Vaticana e la \u00abVita nuova\u00bb<\/em> &#8211; Donato Pirovano<\/p>\n<p style=\"text-align: justify;\"><em>Un (nuovo) \u00abEsopo\u00bb cinquecentesco: la \u00abVita di Esopo\u00bb del conte Giulio Landi<\/em> &#8211; Guglielmo Barucci<\/p>\n<p style=\"text-align: justify;\"><strong>Variet\u00e0, note e discussioni<\/strong><\/p>\n<p style=\"text-align: justify;\"><em>Via Lyon: Parcours de romans et mutations \u00e9ditoriales au XVIe si\u00e8cle. Partie II. La circulation des textes entre Lyon et Paris<\/em> &#8211; Ga\u00eblle Burg, Maria Colombo Timelli, Anne R\u00e9ach-Ng\u00f4, Pascale Mounier<\/p>\n<p style=\"text-align: justify;\"><em>Introduction<\/em> &#8211; Pascale Mounier, Anne R\u00e9ach-Ng\u00f4<\/p>\n<p style=\"text-align: justify;\"><em>De Paris \u00e0 Lyon. Les mutations \u00e9ditoriales du \u00abLancelot du Lac\u00bb<\/em> &#8211; Ga\u00eblle Burg<\/p>\n<p style=\"text-align: justify;\"><em>\u00abValentin et Orson\u00bb, de Paris \u00e0 Lyon<\/em> &#8211; Maria Colombo Timelli<\/p>\n<p style=\"text-align: justify;\"><em>De Pierre de Sainte-Lucie \u00e0 Benoit Rigaud, les mutations 333 lyonnaises du \u00abChevalier de la Croix\u00bb (1534, 1581)<\/em> &#8211; Anne R\u00e9ach-Ng\u00f4<\/p>\n<p style=\"text-align: justify;\"><em>Autografi medievali e filologia. In margine a un convegno paleografico<\/em> &#8211; Paolo Chiesa<\/p>\n<p style=\"text-align: justify;\"><em>Da Chr\u00e9tien de Troyes a Shakespeare (\u00abThe tragedy of King Richard the Third\u00bb, a. I, sc. 2<\/em>) &#8211; Alfonso D&#8217;Agostino<\/p>","protected":false},"excerpt":{"rendered":"<p>Sommario Testi La \u00abromar\u00eda\u00bb cantata da Johan Servando &#8211; Riccardo Burgazzi Itinerar\u00ee peninsulari di Amico e Amelio. Con una versione<\/p>","protected":false},"featured_media":19550,"comment_status":"open","ping_status":"closed","template":"","meta":{"_acf_changed":false},"product_brand":[],"product_cat":[1747],"product_tag":[2487],"class_list":{"0":"post-19548","1":"product","2":"type-product","3":"status-publish","4":"has-post-thumbnail","6":"product_cat-carte-romanze","7":"product_tag-filologia-romanza","8":"pa_formato-cartaceo","9":"pa_formato-ebook-in-epub","11":"first","12":"instock","13":"shipping-taxable","14":"purchasable","15":"product-type-simple"},"acf":[],"yoast_head":"<!-- This site is optimized with the Yoast SEO plugin v27.5 - https:\/\/yoast.com\/product\/yoast-seo-wordpress\/ -->\n<title>Carte Romanze, V.3, N.1, 2015 -<\/title>\n<meta name=\"description\" content=\"Ledizioni - Innovative Publishing. Casa editrice universitaria. Open Access. eBook, ePub. Creative Commons.\" \/>\n<meta name=\"robots\" content=\"index, follow, max-snippet:-1, max-image-preview:large, max-video-preview:-1\" \/>\n<link rel=\"canonical\" href=\"https:\/\/www.ledizioni.it\/en\/product\/carte-romanze-v-3-n-1-2015\/\" \/>\n<meta property=\"og:locale\" content=\"en_GB\" \/>\n<meta property=\"og:type\" content=\"article\" \/>\n<meta property=\"og:title\" content=\"Carte Romanze, V.3, N.1, 2015 -\" \/>\n<meta property=\"og:description\" content=\"Ledizioni - Innovative Publishing. Casa editrice universitaria. Open Access. eBook, ePub. Creative Commons.\" \/>\n<meta property=\"og:url\" content=\"https:\/\/www.ledizioni.it\/en\/product\/carte-romanze-v-3-n-1-2015\/\" \/>\n<meta property=\"og:site_name\" content=\"Ledizioni\" \/>\n<meta property=\"article:publisher\" content=\"https:\/\/www.facebook.com\/pages\/Ledizioni-LediPublishing\/109120559173329\" \/>\n<meta property=\"article:modified_time\" content=\"2021-05-12T15:22:22+00:00\" \/>\n<meta property=\"og:image\" content=\"https:\/\/www.ledizioni.it\/stag\/wp-content\/uploads\/2018\/09\/1_2015_3D.png\" \/>\n\t<meta property=\"og:image:width\" content=\"450\" \/>\n\t<meta property=\"og:image:height\" content=\"574\" \/>\n\t<meta property=\"og:image:type\" content=\"image\/png\" \/>\n<meta name=\"twitter:card\" content=\"summary_large_image\" \/>\n<meta name=\"twitter:site\" content=\"@ledizioni\" \/>\n<meta name=\"twitter:label1\" content=\"Estimated reading time\" \/>\n\t<meta name=\"twitter:data1\" content=\"1 minute\" \/>\n<script type=\"application\/ld+json\" class=\"yoast-schema-graph\">{\"@context\":\"https:\\\/\\\/schema.org\",\"@graph\":[{\"@type\":\"WebPage\",\"@id\":\"https:\\\/\\\/www.ledizioni.it\\\/en\\\/product\\\/carte-romanze-v-3-n-1-2015\\\/\",\"url\":\"https:\\\/\\\/www.ledizioni.it\\\/en\\\/product\\\/carte-romanze-v-3-n-1-2015\\\/\",\"name\":\"Carte Romanze, V.3, N.1, 2015 -\",\"isPartOf\":{\"@id\":\"https:\\\/\\\/www.ledizioni.it\\\/#website\"},\"primaryImageOfPage\":{\"@id\":\"https:\\\/\\\/www.ledizioni.it\\\/en\\\/product\\\/carte-romanze-v-3-n-1-2015\\\/#primaryimage\"},\"image\":{\"@id\":\"https:\\\/\\\/www.ledizioni.it\\\/en\\\/product\\\/carte-romanze-v-3-n-1-2015\\\/#primaryimage\"},\"thumbnailUrl\":\"https:\\\/\\\/www.ledizioni.it\\\/stag\\\/wp-content\\\/uploads\\\/2018\\\/09\\\/1_2015_3D.png\",\"datePublished\":\"2018-09-03T10:40:39+00:00\",\"dateModified\":\"2021-05-12T15:22:22+00:00\",\"description\":\"Ledizioni - Innovative Publishing. Casa editrice universitaria. Open Access. eBook, ePub. Creative Commons.\",\"breadcrumb\":{\"@id\":\"https:\\\/\\\/www.ledizioni.it\\\/en\\\/product\\\/carte-romanze-v-3-n-1-2015\\\/#breadcrumb\"},\"inLanguage\":\"en-GB\",\"potentialAction\":[{\"@type\":\"ReadAction\",\"target\":[\"https:\\\/\\\/www.ledizioni.it\\\/en\\\/product\\\/carte-romanze-v-3-n-1-2015\\\/\"]}]},{\"@type\":\"ImageObject\",\"inLanguage\":\"en-GB\",\"@id\":\"https:\\\/\\\/www.ledizioni.it\\\/en\\\/product\\\/carte-romanze-v-3-n-1-2015\\\/#primaryimage\",\"url\":\"https:\\\/\\\/www.ledizioni.it\\\/stag\\\/wp-content\\\/uploads\\\/2018\\\/09\\\/1_2015_3D.png\",\"contentUrl\":\"https:\\\/\\\/www.ledizioni.it\\\/stag\\\/wp-content\\\/uploads\\\/2018\\\/09\\\/1_2015_3D.png\",\"width\":450,\"height\":574},{\"@type\":\"BreadcrumbList\",\"@id\":\"https:\\\/\\\/www.ledizioni.it\\\/en\\\/product\\\/carte-romanze-v-3-n-1-2015\\\/#breadcrumb\",\"itemListElement\":[{\"@type\":\"ListItem\",\"position\":1,\"name\":\"Shop\",\"item\":\"https:\\\/\\\/www.ledizioni.it\\\/shop-2\\\/\"},{\"@type\":\"ListItem\",\"position\":2,\"name\":\"Carte Romanze, V.3, N.1, 2015\"}]},{\"@type\":\"WebSite\",\"@id\":\"https:\\\/\\\/www.ledizioni.it\\\/#website\",\"url\":\"https:\\\/\\\/www.ledizioni.it\\\/\",\"name\":\"Ledizioni\",\"description\":\"The Innovative LediPublishing Company - Casa Editrice Universitaria\",\"publisher\":{\"@id\":\"https:\\\/\\\/www.ledizioni.it\\\/#organization\"},\"potentialAction\":[{\"@type\":\"SearchAction\",\"target\":{\"@type\":\"EntryPoint\",\"urlTemplate\":\"https:\\\/\\\/www.ledizioni.it\\\/?s={search_term_string}\"},\"query-input\":{\"@type\":\"PropertyValueSpecification\",\"valueRequired\":true,\"valueName\":\"search_term_string\"}}],\"inLanguage\":\"en-GB\"},{\"@type\":\"Organization\",\"@id\":\"https:\\\/\\\/www.ledizioni.it\\\/#organization\",\"name\":\"Ledizioni\",\"url\":\"https:\\\/\\\/www.ledizioni.it\\\/\",\"logo\":{\"@type\":\"ImageObject\",\"inLanguage\":\"en-GB\",\"@id\":\"https:\\\/\\\/www.ledizioni.it\\\/#\\\/schema\\\/logo\\\/image\\\/\",\"url\":\"https:\\\/\\\/www.ledizioni.it\\\/stag\\\/wp-content\\\/uploads\\\/2023\\\/10\\\/newlogoledizioni500x110_2-1.jpg\",\"contentUrl\":\"https:\\\/\\\/www.ledizioni.it\\\/stag\\\/wp-content\\\/uploads\\\/2023\\\/10\\\/newlogoledizioni500x110_2-1.jpg\",\"width\":354,\"height\":87,\"caption\":\"Ledizioni\"},\"image\":{\"@id\":\"https:\\\/\\\/www.ledizioni.it\\\/#\\\/schema\\\/logo\\\/image\\\/\"},\"sameAs\":[\"https:\\\/\\\/www.facebook.com\\\/pages\\\/Ledizioni-LediPublishing\\\/109120559173329\",\"https:\\\/\\\/x.com\\\/ledizioni\"]}]}<\/script>\n<!-- \/ Yoast SEO plugin. -->","yoast_head_json":{"title":"Carte Romanze, V.3, N.1, 2015 -","description":"Ledizioni - Innovative Publishing. Casa editrice universitaria. Open Access. eBook, ePub. Creative Commons.","robots":{"index":"index","follow":"follow","max-snippet":"max-snippet:-1","max-image-preview":"max-image-preview:large","max-video-preview":"max-video-preview:-1"},"canonical":"https:\/\/www.ledizioni.it\/en\/product\/carte-romanze-v-3-n-1-2015\/","og_locale":"en_GB","og_type":"article","og_title":"Carte Romanze, V.3, N.1, 2015 -","og_description":"Ledizioni - Innovative Publishing. Casa editrice universitaria. Open Access. eBook, ePub. Creative Commons.","og_url":"https:\/\/www.ledizioni.it\/en\/product\/carte-romanze-v-3-n-1-2015\/","og_site_name":"Ledizioni","article_publisher":"https:\/\/www.facebook.com\/pages\/Ledizioni-LediPublishing\/109120559173329","article_modified_time":"2021-05-12T15:22:22+00:00","og_image":[{"width":450,"height":574,"url":"https:\/\/www.ledizioni.it\/stag\/wp-content\/uploads\/2018\/09\/1_2015_3D.png","type":"image\/png"}],"twitter_card":"summary_large_image","twitter_site":"@ledizioni","twitter_misc":{"Estimated reading time":"1 minute"},"schema":{"@context":"https:\/\/schema.org","@graph":[{"@type":"WebPage","@id":"https:\/\/www.ledizioni.it\/en\/product\/carte-romanze-v-3-n-1-2015\/","url":"https:\/\/www.ledizioni.it\/en\/product\/carte-romanze-v-3-n-1-2015\/","name":"Carte Romanze, V.3, N.1, 2015 -","isPartOf":{"@id":"https:\/\/www.ledizioni.it\/#website"},"primaryImageOfPage":{"@id":"https:\/\/www.ledizioni.it\/en\/product\/carte-romanze-v-3-n-1-2015\/#primaryimage"},"image":{"@id":"https:\/\/www.ledizioni.it\/en\/product\/carte-romanze-v-3-n-1-2015\/#primaryimage"},"thumbnailUrl":"https:\/\/www.ledizioni.it\/stag\/wp-content\/uploads\/2018\/09\/1_2015_3D.png","datePublished":"2018-09-03T10:40:39+00:00","dateModified":"2021-05-12T15:22:22+00:00","description":"Ledizioni - Innovative Publishing. Casa editrice universitaria. Open Access. eBook, ePub. Creative Commons.","breadcrumb":{"@id":"https:\/\/www.ledizioni.it\/en\/product\/carte-romanze-v-3-n-1-2015\/#breadcrumb"},"inLanguage":"en-GB","potentialAction":[{"@type":"ReadAction","target":["https:\/\/www.ledizioni.it\/en\/product\/carte-romanze-v-3-n-1-2015\/"]}]},{"@type":"ImageObject","inLanguage":"en-GB","@id":"https:\/\/www.ledizioni.it\/en\/product\/carte-romanze-v-3-n-1-2015\/#primaryimage","url":"https:\/\/www.ledizioni.it\/stag\/wp-content\/uploads\/2018\/09\/1_2015_3D.png","contentUrl":"https:\/\/www.ledizioni.it\/stag\/wp-content\/uploads\/2018\/09\/1_2015_3D.png","width":450,"height":574},{"@type":"BreadcrumbList","@id":"https:\/\/www.ledizioni.it\/en\/product\/carte-romanze-v-3-n-1-2015\/#breadcrumb","itemListElement":[{"@type":"ListItem","position":1,"name":"Shop","item":"https:\/\/www.ledizioni.it\/shop-2\/"},{"@type":"ListItem","position":2,"name":"Carte Romanze, V.3, N.1, 2015"}]},{"@type":"WebSite","@id":"https:\/\/www.ledizioni.it\/#website","url":"https:\/\/www.ledizioni.it\/","name":"Ledizioni","description":"The Innovative LediPublishing Company - Casa Editrice Universitaria","publisher":{"@id":"https:\/\/www.ledizioni.it\/#organization"},"potentialAction":[{"@type":"SearchAction","target":{"@type":"EntryPoint","urlTemplate":"https:\/\/www.ledizioni.it\/?s={search_term_string}"},"query-input":{"@type":"PropertyValueSpecification","valueRequired":true,"valueName":"search_term_string"}}],"inLanguage":"en-GB"},{"@type":"Organization","@id":"https:\/\/www.ledizioni.it\/#organization","name":"Ledizioni","url":"https:\/\/www.ledizioni.it\/","logo":{"@type":"ImageObject","inLanguage":"en-GB","@id":"https:\/\/www.ledizioni.it\/#\/schema\/logo\/image\/","url":"https:\/\/www.ledizioni.it\/stag\/wp-content\/uploads\/2023\/10\/newlogoledizioni500x110_2-1.jpg","contentUrl":"https:\/\/www.ledizioni.it\/stag\/wp-content\/uploads\/2023\/10\/newlogoledizioni500x110_2-1.jpg","width":354,"height":87,"caption":"Ledizioni"},"image":{"@id":"https:\/\/www.ledizioni.it\/#\/schema\/logo\/image\/"},"sameAs":["https:\/\/www.facebook.com\/pages\/Ledizioni-LediPublishing\/109120559173329","https:\/\/x.com\/ledizioni"]}]}},"jetpack_sharing_enabled":true,"_links":{"self":[{"href":"https:\/\/www.ledizioni.it\/en\/wp-json\/wp\/v2\/product\/19548","targetHints":{"allow":["GET"]}}],"collection":[{"href":"https:\/\/www.ledizioni.it\/en\/wp-json\/wp\/v2\/product"}],"about":[{"href":"https:\/\/www.ledizioni.it\/en\/wp-json\/wp\/v2\/types\/product"}],"replies":[{"embeddable":true,"href":"https:\/\/www.ledizioni.it\/en\/wp-json\/wp\/v2\/comments?post=19548"}],"version-history":[{"count":0,"href":"https:\/\/www.ledizioni.it\/en\/wp-json\/wp\/v2\/product\/19548\/revisions"}],"wp:featuredmedia":[{"embeddable":true,"href":"https:\/\/www.ledizioni.it\/en\/wp-json\/wp\/v2\/media\/19550"}],"wp:attachment":[{"href":"https:\/\/www.ledizioni.it\/en\/wp-json\/wp\/v2\/media?parent=19548"}],"wp:term":[{"taxonomy":"product_brand","embeddable":true,"href":"https:\/\/www.ledizioni.it\/en\/wp-json\/wp\/v2\/product_brand?post=19548"},{"taxonomy":"product_cat","embeddable":true,"href":"https:\/\/www.ledizioni.it\/en\/wp-json\/wp\/v2\/product_cat?post=19548"},{"taxonomy":"product_tag","embeddable":true,"href":"https:\/\/www.ledizioni.it\/en\/wp-json\/wp\/v2\/product_tag?post=19548"}],"curies":[{"name":"wp","href":"https:\/\/api.w.org\/{rel}","templated":true}]}}