{"id":19747,"date":"2018-09-06T15:20:07","date_gmt":"2018-09-06T13:20:07","guid":{"rendered":"http:\/\/www.ledizioni.it\/?post_type=product&#038;p=19747"},"modified":"2021-06-09T16:56:14","modified_gmt":"2021-06-09T14:56:14","slug":"d-brown-metodo-silva-10-tecniche-essenziali","status":"publish","type":"product","link":"https:\/\/www.ledizioni.it\/en\/product\/d-brown-metodo-silva-10-tecniche-essenziali\/","title":{"rendered":"METODO SILVA. 10 TECNICHE ESSENZIALI"},"content":{"rendered":"<p style=\"text-align: justify;\">Il Metodo Silva prende il nome dal suo originatore, il texano Jos\u00e9 Silva (1914-1999), che a partire dai suoi studi di elettrotecnica ha dedicato la sua ricerca ai sistemi pi\u00f9 efficaci per utilizzare al massimo grado le potenzialit\u00e0 della nostra mente.<br \/>\nQueste 10 tecniche essenziali, ispirate al Metodo Silva, ti porteranno oltre i confini della tua mente. Con questo programma pratico e progressivo imparerai infatti a utilizzare la tua mente in un modo che finora non hai mai fatto: dalla capacit\u00e0 creativa e immaginativa allo sviluppo del tuo magnetismo personale, dal rilassamento profondo fino alla comunicazione extrasensoriale e alla creazione della realt\u00e0 con la mente. Imparerai a controllare e progressivamente dominare i meccanismi subconsci, a utilizzare la tua mente in modo dinamico, proattivo, per risolvere (dissolvere) i problemi i programmi che ti bloccano e per creare volontariamente le migliori condizioni per te. Apprenderai le tecniche grazie al supporto audio. Di ogni tecnica hai infatti la guida in audio passo per passo (per un totale di oltre 10 ore di audio guidati), che puoi ascoltare in streaming con i relativi link e QR code, da qualsiasi tuo dispositivo, in qualsiasi momento tu voglia grazie al download in formato mp3 dei singoli file. In questo modo potrai eseguire ogni tecnica quando vuoi, in tempo reale, e non avrai dubbi su come eseguirla.<br \/>\nLe tecniche contenute nel libro:<br \/>\n1. Andare a livello<br \/>\n2. Programmare la mente in Alfa con le immagini<br \/>\n3. Programmare la mente in Alfa con le affermazioni<br \/>\n4. Sviluppa il tuo magnetismo personale<br \/>\n5. Il rilassamento fisico e mentale<br \/>\n6. Programmare il sonno e i sogni<br \/>\n7. I consiglieri Theta<br \/>\n8. Guarire se stessi<br \/>\n9. Guarire gli altri a distanza<br \/>\n10. Portare beneficio a un\u2019altra persona<\/p>\n<p>&nbsp;<\/p>\n<p style=\"text-align: justify;\"><strong>DATI BIBLIOGRAFICI<\/strong><br \/>\nAutore: David Brown<br \/>\nEditore: Ledizioni<br \/>\nPubblicato in: ottobre 2017<br \/>\nCollana: <a href=\"http:\/\/www.ledizioni.it\/en\/collane\/varia\/crescita-personale\/\">Personal growth<\/a><br \/>\nFormato: brossura, 380 p.<br \/>\nISBN cartaceo: 9788867056262<br \/>\nPrezzo: 21.90\u20ac<\/p>","protected":false},"excerpt":{"rendered":"<p>Il Metodo Silva prende il nome dal suo originatore, il texano Jos\u00e9 Silva (1914-1999), che a partire dai suoi studi<\/p>","protected":false},"featured_media":19748,"comment_status":"open","ping_status":"closed","template":"","meta":{"_acf_changed":false},"product_brand":[],"product_cat":[1467],"product_tag":[848,2110],"class_list":{"0":"post-19747","1":"product","2":"type-product","3":"status-publish","4":"has-post-thumbnail","6":"product_cat-crescita-personale","7":"product_tag-cambiamento","8":"product_tag-sviluppo-personale","10":"first","11":"instock","12":"shipping-taxable","13":"purchasable","14":"product-type-simple"},"acf":[],"yoast_head":"<!-- This site is optimized with the Yoast SEO plugin v27.3 - https:\/\/yoast.com\/product\/yoast-seo-wordpress\/ -->\n<title>METODO SILVA. 10 TECNICHE ESSENZIALI -<\/title>\n<meta name=\"description\" content=\"Ledizioni - Innovative Publishing. Casa editrice universitaria. Open Access. eBook, ePub. Creative Commons.\" \/>\n<meta name=\"robots\" content=\"index, follow, max-snippet:-1, max-image-preview:large, max-video-preview:-1\" \/>\n<link rel=\"canonical\" href=\"https:\/\/www.ledizioni.it\/en\/product\/d-brown-metodo-silva-10-tecniche-essenziali\/\" \/>\n<meta property=\"og:locale\" content=\"en_GB\" \/>\n<meta property=\"og:type\" content=\"article\" \/>\n<meta property=\"og:title\" content=\"METODO SILVA. 10 TECNICHE ESSENZIALI -\" \/>\n<meta property=\"og:description\" content=\"Ledizioni - Innovative Publishing. Casa editrice universitaria. Open Access. eBook, ePub. Creative Commons.\" \/>\n<meta property=\"og:url\" content=\"https:\/\/www.ledizioni.it\/en\/product\/d-brown-metodo-silva-10-tecniche-essenziali\/\" \/>\n<meta property=\"og:site_name\" content=\"Ledizioni\" \/>\n<meta property=\"article:publisher\" content=\"https:\/\/www.facebook.com\/pages\/Ledizioni-LediPublishing\/109120559173329\" \/>\n<meta property=\"article:modified_time\" content=\"2021-06-09T14:56:14+00:00\" \/>\n<meta property=\"og:image\" content=\"https:\/\/www.ledizioni.it\/stag\/wp-content\/uploads\/2018\/09\/metodosilva_3d.jpg\" \/>\n\t<meta property=\"og:image:width\" content=\"400\" \/>\n\t<meta property=\"og:image:height\" content=\"507\" \/>\n\t<meta property=\"og:image:type\" content=\"image\/jpeg\" \/>\n<meta name=\"twitter:card\" content=\"summary_large_image\" \/>\n<meta name=\"twitter:site\" content=\"@ledizioni\" \/>\n<meta name=\"twitter:label1\" content=\"Estimated reading time\" \/>\n\t<meta name=\"twitter:data1\" content=\"1 minute\" \/>\n<script type=\"application\/ld+json\" class=\"yoast-schema-graph\">{\"@context\":\"https:\\\/\\\/schema.org\",\"@graph\":[{\"@type\":\"WebPage\",\"@id\":\"https:\\\/\\\/www.ledizioni.it\\\/prodotto\\\/d-brown-metodo-silva-10-tecniche-essenziali\\\/\",\"url\":\"https:\\\/\\\/www.ledizioni.it\\\/prodotto\\\/d-brown-metodo-silva-10-tecniche-essenziali\\\/\",\"name\":\"METODO SILVA. 10 TECNICHE ESSENZIALI -\",\"isPartOf\":{\"@id\":\"https:\\\/\\\/www.ledizioni.it\\\/#website\"},\"primaryImageOfPage\":{\"@id\":\"https:\\\/\\\/www.ledizioni.it\\\/prodotto\\\/d-brown-metodo-silva-10-tecniche-essenziali\\\/#primaryimage\"},\"image\":{\"@id\":\"https:\\\/\\\/www.ledizioni.it\\\/prodotto\\\/d-brown-metodo-silva-10-tecniche-essenziali\\\/#primaryimage\"},\"thumbnailUrl\":\"https:\\\/\\\/www.ledizioni.it\\\/stag\\\/wp-content\\\/uploads\\\/2018\\\/09\\\/metodosilva_3d.jpg\",\"datePublished\":\"2018-09-06T13:20:07+00:00\",\"dateModified\":\"2021-06-09T14:56:14+00:00\",\"description\":\"Ledizioni - Innovative Publishing. Casa editrice universitaria. Open Access. eBook, ePub. Creative Commons.\",\"breadcrumb\":{\"@id\":\"https:\\\/\\\/www.ledizioni.it\\\/prodotto\\\/d-brown-metodo-silva-10-tecniche-essenziali\\\/#breadcrumb\"},\"inLanguage\":\"en-GB\",\"potentialAction\":[{\"@type\":\"ReadAction\",\"target\":[\"https:\\\/\\\/www.ledizioni.it\\\/prodotto\\\/d-brown-metodo-silva-10-tecniche-essenziali\\\/\"]}]},{\"@type\":\"ImageObject\",\"inLanguage\":\"en-GB\",\"@id\":\"https:\\\/\\\/www.ledizioni.it\\\/prodotto\\\/d-brown-metodo-silva-10-tecniche-essenziali\\\/#primaryimage\",\"url\":\"https:\\\/\\\/www.ledizioni.it\\\/stag\\\/wp-content\\\/uploads\\\/2018\\\/09\\\/metodosilva_3d.jpg\",\"contentUrl\":\"https:\\\/\\\/www.ledizioni.it\\\/stag\\\/wp-content\\\/uploads\\\/2018\\\/09\\\/metodosilva_3d.jpg\",\"width\":400,\"height\":507},{\"@type\":\"BreadcrumbList\",\"@id\":\"https:\\\/\\\/www.ledizioni.it\\\/prodotto\\\/d-brown-metodo-silva-10-tecniche-essenziali\\\/#breadcrumb\",\"itemListElement\":[{\"@type\":\"ListItem\",\"position\":1,\"name\":\"Shop\",\"item\":\"https:\\\/\\\/www.ledizioni.it\\\/shop-2\\\/\"},{\"@type\":\"ListItem\",\"position\":2,\"name\":\"METODO SILVA. 10 TECNICHE ESSENZIALI\"}]},{\"@type\":\"WebSite\",\"@id\":\"https:\\\/\\\/www.ledizioni.it\\\/#website\",\"url\":\"https:\\\/\\\/www.ledizioni.it\\\/\",\"name\":\"Ledizioni\",\"description\":\"The Innovative LediPublishing Company - Casa Editrice Universitaria\",\"publisher\":{\"@id\":\"https:\\\/\\\/www.ledizioni.it\\\/#organization\"},\"potentialAction\":[{\"@type\":\"SearchAction\",\"target\":{\"@type\":\"EntryPoint\",\"urlTemplate\":\"https:\\\/\\\/www.ledizioni.it\\\/?s={search_term_string}\"},\"query-input\":{\"@type\":\"PropertyValueSpecification\",\"valueRequired\":true,\"valueName\":\"search_term_string\"}}],\"inLanguage\":\"en-GB\"},{\"@type\":\"Organization\",\"@id\":\"https:\\\/\\\/www.ledizioni.it\\\/#organization\",\"name\":\"Ledizioni\",\"url\":\"https:\\\/\\\/www.ledizioni.it\\\/\",\"logo\":{\"@type\":\"ImageObject\",\"inLanguage\":\"en-GB\",\"@id\":\"https:\\\/\\\/www.ledizioni.it\\\/#\\\/schema\\\/logo\\\/image\\\/\",\"url\":\"https:\\\/\\\/www.ledizioni.it\\\/stag\\\/wp-content\\\/uploads\\\/2023\\\/10\\\/newlogoledizioni500x110_2-1.jpg\",\"contentUrl\":\"https:\\\/\\\/www.ledizioni.it\\\/stag\\\/wp-content\\\/uploads\\\/2023\\\/10\\\/newlogoledizioni500x110_2-1.jpg\",\"width\":354,\"height\":87,\"caption\":\"Ledizioni\"},\"image\":{\"@id\":\"https:\\\/\\\/www.ledizioni.it\\\/#\\\/schema\\\/logo\\\/image\\\/\"},\"sameAs\":[\"https:\\\/\\\/www.facebook.com\\\/pages\\\/Ledizioni-LediPublishing\\\/109120559173329\",\"https:\\\/\\\/x.com\\\/ledizioni\"]}]}<\/script>\n<!-- \/ Yoast SEO plugin. -->","yoast_head_json":{"title":"METODO SILVA. 10 TECNICHE ESSENZIALI -","description":"Ledizioni - Innovative Publishing. Casa editrice universitaria. Open Access. eBook, ePub. Creative Commons.","robots":{"index":"index","follow":"follow","max-snippet":"max-snippet:-1","max-image-preview":"max-image-preview:large","max-video-preview":"max-video-preview:-1"},"canonical":"https:\/\/www.ledizioni.it\/en\/product\/d-brown-metodo-silva-10-tecniche-essenziali\/","og_locale":"en_GB","og_type":"article","og_title":"METODO SILVA. 10 TECNICHE ESSENZIALI -","og_description":"Ledizioni - Innovative Publishing. Casa editrice universitaria. Open Access. eBook, ePub. Creative Commons.","og_url":"https:\/\/www.ledizioni.it\/en\/product\/d-brown-metodo-silva-10-tecniche-essenziali\/","og_site_name":"Ledizioni","article_publisher":"https:\/\/www.facebook.com\/pages\/Ledizioni-LediPublishing\/109120559173329","article_modified_time":"2021-06-09T14:56:14+00:00","og_image":[{"width":400,"height":507,"url":"https:\/\/www.ledizioni.it\/stag\/wp-content\/uploads\/2018\/09\/metodosilva_3d.jpg","type":"image\/jpeg"}],"twitter_card":"summary_large_image","twitter_site":"@ledizioni","twitter_misc":{"Estimated reading time":"1 minute"},"schema":{"@context":"https:\/\/schema.org","@graph":[{"@type":"WebPage","@id":"https:\/\/www.ledizioni.it\/prodotto\/d-brown-metodo-silva-10-tecniche-essenziali\/","url":"https:\/\/www.ledizioni.it\/prodotto\/d-brown-metodo-silva-10-tecniche-essenziali\/","name":"METODO SILVA. 10 TECNICHE ESSENZIALI -","isPartOf":{"@id":"https:\/\/www.ledizioni.it\/#website"},"primaryImageOfPage":{"@id":"https:\/\/www.ledizioni.it\/prodotto\/d-brown-metodo-silva-10-tecniche-essenziali\/#primaryimage"},"image":{"@id":"https:\/\/www.ledizioni.it\/prodotto\/d-brown-metodo-silva-10-tecniche-essenziali\/#primaryimage"},"thumbnailUrl":"https:\/\/www.ledizioni.it\/stag\/wp-content\/uploads\/2018\/09\/metodosilva_3d.jpg","datePublished":"2018-09-06T13:20:07+00:00","dateModified":"2021-06-09T14:56:14+00:00","description":"Ledizioni - Innovative Publishing. Casa editrice universitaria. Open Access. eBook, ePub. Creative Commons.","breadcrumb":{"@id":"https:\/\/www.ledizioni.it\/prodotto\/d-brown-metodo-silva-10-tecniche-essenziali\/#breadcrumb"},"inLanguage":"en-GB","potentialAction":[{"@type":"ReadAction","target":["https:\/\/www.ledizioni.it\/prodotto\/d-brown-metodo-silva-10-tecniche-essenziali\/"]}]},{"@type":"ImageObject","inLanguage":"en-GB","@id":"https:\/\/www.ledizioni.it\/prodotto\/d-brown-metodo-silva-10-tecniche-essenziali\/#primaryimage","url":"https:\/\/www.ledizioni.it\/stag\/wp-content\/uploads\/2018\/09\/metodosilva_3d.jpg","contentUrl":"https:\/\/www.ledizioni.it\/stag\/wp-content\/uploads\/2018\/09\/metodosilva_3d.jpg","width":400,"height":507},{"@type":"BreadcrumbList","@id":"https:\/\/www.ledizioni.it\/prodotto\/d-brown-metodo-silva-10-tecniche-essenziali\/#breadcrumb","itemListElement":[{"@type":"ListItem","position":1,"name":"Shop","item":"https:\/\/www.ledizioni.it\/shop-2\/"},{"@type":"ListItem","position":2,"name":"METODO SILVA. 10 TECNICHE ESSENZIALI"}]},{"@type":"WebSite","@id":"https:\/\/www.ledizioni.it\/#website","url":"https:\/\/www.ledizioni.it\/","name":"Ledizioni","description":"The Innovative LediPublishing Company - Casa Editrice Universitaria","publisher":{"@id":"https:\/\/www.ledizioni.it\/#organization"},"potentialAction":[{"@type":"SearchAction","target":{"@type":"EntryPoint","urlTemplate":"https:\/\/www.ledizioni.it\/?s={search_term_string}"},"query-input":{"@type":"PropertyValueSpecification","valueRequired":true,"valueName":"search_term_string"}}],"inLanguage":"en-GB"},{"@type":"Organization","@id":"https:\/\/www.ledizioni.it\/#organization","name":"Ledizioni","url":"https:\/\/www.ledizioni.it\/","logo":{"@type":"ImageObject","inLanguage":"en-GB","@id":"https:\/\/www.ledizioni.it\/#\/schema\/logo\/image\/","url":"https:\/\/www.ledizioni.it\/stag\/wp-content\/uploads\/2023\/10\/newlogoledizioni500x110_2-1.jpg","contentUrl":"https:\/\/www.ledizioni.it\/stag\/wp-content\/uploads\/2023\/10\/newlogoledizioni500x110_2-1.jpg","width":354,"height":87,"caption":"Ledizioni"},"image":{"@id":"https:\/\/www.ledizioni.it\/#\/schema\/logo\/image\/"},"sameAs":["https:\/\/www.facebook.com\/pages\/Ledizioni-LediPublishing\/109120559173329","https:\/\/x.com\/ledizioni"]}]}},"jetpack_sharing_enabled":true,"_links":{"self":[{"href":"https:\/\/www.ledizioni.it\/en\/wp-json\/wp\/v2\/product\/19747","targetHints":{"allow":["GET"]}}],"collection":[{"href":"https:\/\/www.ledizioni.it\/en\/wp-json\/wp\/v2\/product"}],"about":[{"href":"https:\/\/www.ledizioni.it\/en\/wp-json\/wp\/v2\/types\/product"}],"replies":[{"embeddable":true,"href":"https:\/\/www.ledizioni.it\/en\/wp-json\/wp\/v2\/comments?post=19747"}],"version-history":[{"count":1,"href":"https:\/\/www.ledizioni.it\/en\/wp-json\/wp\/v2\/product\/19747\/revisions"}],"predecessor-version":[{"id":20914,"href":"https:\/\/www.ledizioni.it\/en\/wp-json\/wp\/v2\/product\/19747\/revisions\/20914"}],"wp:featuredmedia":[{"embeddable":true,"href":"https:\/\/www.ledizioni.it\/en\/wp-json\/wp\/v2\/media\/19748"}],"wp:attachment":[{"href":"https:\/\/www.ledizioni.it\/en\/wp-json\/wp\/v2\/media?parent=19747"}],"wp:term":[{"taxonomy":"product_brand","embeddable":true,"href":"https:\/\/www.ledizioni.it\/en\/wp-json\/wp\/v2\/product_brand?post=19747"},{"taxonomy":"product_cat","embeddable":true,"href":"https:\/\/www.ledizioni.it\/en\/wp-json\/wp\/v2\/product_cat?post=19747"},{"taxonomy":"product_tag","embeddable":true,"href":"https:\/\/www.ledizioni.it\/en\/wp-json\/wp\/v2\/product_tag?post=19747"}],"curies":[{"name":"wp","href":"https:\/\/api.w.org\/{rel}","templated":true}]}}