{"id":19787,"date":"2018-09-10T14:17:07","date_gmt":"2018-09-10T14:17:07","guid":{"rendered":"http:\/\/www.ledizioni.it\/?post_type=product&#038;p=19787"},"modified":"2021-11-22T14:01:10","modified_gmt":"2021-11-22T12:01:10","slug":"m-marzullo-tarquinia-abitato-le-sue-mura","status":"publish","type":"product","link":"https:\/\/www.ledizioni.it\/en\/product\/m-marzullo-tarquinia-abitato-le-sue-mura\/","title":{"rendered":"TARQUINIA. L&#8217;ABITATO E LE SUE MURA"},"content":{"rendered":"<p>[amazon_link asins=&#8217;8867058401&#8242; template=&#8217;PriceLink1&#8242; store=&#8217;ledizioni-21&#8242; marketplace=&#8217;IT&#8217; link_id=&#8217;9f07beb1-c0ad-11e8-9580-2541637a0ca4&#8242;]<\/p>\n<p style=\"text-align: justify;\">Nei primi del Novecento il grande archeologo romano P. Romanelli apriva la grande stagione di ricerche che avrebbero portato in via definitiva a riconoscere nella collina della Civita l\u2019eccezionale sede dell\u2019antica metropoli di Tarquinia. A distanza di pi\u00f9 di settant\u2019anni, le indagini dell\u2019Universit\u00e0 degli Studi di Milano mettevano in luce il fulcro attorno al quale si era aggregata la primigenia comunit\u00e0 tarquiniese al \u2018complesso monumentale\u2019 e iniziavano le operazioni di scavo che avrebbero permesso di rileggere le fasi arcaiche del maestoso tempio poliadico dell\u2019Ara della Regina. I risultati di questi trentennali scavi, raccolti all\u2019interno dei volumi di questa Collana, permettono oggi di seguire i cambiamenti della cultura tarquiniese in rapporto a due contesti chiave che si sviluppano dal Bronzo Finale alla piena et\u00e0 Imperiale. Tuttavia, dal punto di vista urbanistico risultava oramai indispensabile programmare un\u2019indagine che permettesse di studiare il pianoro in diacronia, tenendo conto di tutte le emergenze archeologiche che lo caratterizzano.<br \/>\nIn tal senso la comprensione delle fortificazioni etrusche, costantemente sospese tra simbolo e necessit\u00e0 pragmatica, \u00e8 uno dei temi di grande complessit\u00e0 storica e archeologica che riguardano la citt\u00e0 nel suo complesso e nel rapporto con il territorio. Se a tal proposito l\u2019impresa di P. Romanelli pu\u00f2 considerarsi un caposaldo imprescindibile, numerose informazioni preziose giungono anche dagli eruditi e dagli studiosi che precedettero, e in alcuni casi seguirono, il suo operato. Per questo \u00e8 stato avviato un progetto di documentazione a tutto campo scaturito dal progetto \u201cMura tarquiniesi\u201d afferente al pi\u00f9 ampio progetto PRIN 2008 \u201cMura di legno, mura di terra, mura di pietra: fortificazioni in Etruria\u201d (responsabile nazionale Gilda Bartoloni). Il progetto ha portato alla realizzazione del primo rilievo LiDAR di una metropoli etrusca, attraverso il quale istituire una base dati il pi\u00f9 possibile esaustiva, che permettesse di indagare efficacemente ogni aspetto topografico.<br \/>\nLa prima parte del volume illustra dunque queste tappe: dalla storia delle ricerche e degli interventi, al commento integrale delle informazioni che tali imprese ci hanno lasciato. Successivamente si affrontano gli argomenti legati all\u2019ubicazione, al percorso e alle caratteristiche delle mura, recensite attraverso una specifica ricognizione. L\u2019insieme dei dati porta alla redazione di una nuova \u201cCarta tematica delle mura, degli accessi e delle strade dell\u2019antica Tarquinia\u201d, attraverso la quale affrontare le questioni legate all\u2019urbanistica della citt\u00e0. Si arriva dunque a trattare le fortificazioni in relazione alle fasi storiche dell\u2019abitato, nel tentativo di riguadagnare la materialit\u00e0 dei rapporti che legavano gli edifici alla pi\u00f9 grande scala. In questo modo si possono seguire i passi della collettivit\u00e0 nello stabilire i modi e i tempi di concretizzazione, definizione e sfruttamento della zona da destinare all\u2019insediamento e dei suoi confini, profilando con maggiore distinzione la fisionomia della comunit\u00e0 che contribu\u00ec attivamente a configurare l\u2019aspetto peculiare della citt\u00e0.<\/p>\n<p><strong>DATI BIBLIOGRAFICI<\/strong><br \/>\nAutore: Matilde Marzullo<br \/>\nEditore: Ledizioni<br \/>\nCollana: <a href=\"https:\/\/www.ledizioni.it\/en\/collane\/archeologia\/supplementi-di-tarchna\/\">Tarchna Supplements<\/a> n.8<br \/>\nPubblicato nel: settembre 2018<br \/>\nFormato: brossura con alette, 186 p.<br \/>\nISBN: 9788867058402<br \/>\nPrezzo: 55\u20ac<\/p>\n<p><a href=\"https:\/\/www.torrossa.com\/it\/resources\/an\/4431121\"><img decoding=\"async\" class=\"aligncenter wp-image-23912\" src=\"https:\/\/www.ledizioni.it\/stag\/wp-content\/uploads\/2019\/07\/torrossa_web-150x80.jpg\" alt=\"\" width=\"200\" height=\"60\" \/><\/a><\/p>","protected":false},"excerpt":{"rendered":"<p>[amazon_link asins=&#8217;8867058401&#8242; template=&#8217;PriceLink1&#8242; store=&#8217;ledizioni-21&#8242; marketplace=&#8217;IT&#8217; link_id=&#8217;9f07beb1-c0ad-11e8-9580-2541637a0ca4&#8242;] Nei primi del Novecento il grande archeologo romano P. Romanelli apriva la grande stagione<\/p>","protected":false},"featured_media":19788,"comment_status":"open","ping_status":"closed","template":"","meta":{"_acf_changed":false},"product_brand":[],"product_cat":[2639],"product_tag":[1709,828,1458],"class_list":{"0":"post-19787","1":"product","2":"type-product","3":"status-publish","4":"has-post-thumbnail","6":"product_cat-supplementi-di-tarchna","7":"product_tag-scavi","8":"product_tag-citta-2","9":"product_tag-tarquinia","11":"first","12":"instock","13":"featured","14":"shipping-taxable","15":"purchasable","16":"product-type-simple"},"acf":[],"yoast_head":"<!-- This site is optimized with the Yoast SEO plugin v27.3 - https:\/\/yoast.com\/product\/yoast-seo-wordpress\/ -->\n<title>TARQUINIA. L&#039;ABITATO E LE SUE MURA -<\/title>\n<meta name=\"description\" content=\"Ledizioni - Innovative Publishing. Casa editrice universitaria. Open Access. eBook, ePub. Creative Commons.\" \/>\n<meta name=\"robots\" content=\"index, follow, max-snippet:-1, max-image-preview:large, max-video-preview:-1\" \/>\n<link rel=\"canonical\" href=\"https:\/\/www.ledizioni.it\/en\/product\/m-marzullo-tarquinia-abitato-le-sue-mura\/\" \/>\n<meta property=\"og:locale\" content=\"en_GB\" \/>\n<meta property=\"og:type\" content=\"article\" \/>\n<meta property=\"og:title\" content=\"TARQUINIA. L&#039;ABITATO E LE SUE MURA -\" \/>\n<meta property=\"og:description\" content=\"Ledizioni - Innovative Publishing. Casa editrice universitaria. Open Access. eBook, ePub. Creative Commons.\" \/>\n<meta property=\"og:url\" content=\"https:\/\/www.ledizioni.it\/en\/product\/m-marzullo-tarquinia-abitato-le-sue-mura\/\" \/>\n<meta property=\"og:site_name\" content=\"Ledizioni\" \/>\n<meta property=\"article:publisher\" content=\"https:\/\/www.facebook.com\/pages\/Ledizioni-LediPublishing\/109120559173329\" \/>\n<meta property=\"article:modified_time\" content=\"2021-11-22T12:01:10+00:00\" \/>\n<meta property=\"og:image\" content=\"https:\/\/www.ledizioni.it\/stag\/wp-content\/uploads\/2018\/09\/Copertina-Mura_3D.jpg\" \/>\n\t<meta property=\"og:image:width\" content=\"400\" \/>\n\t<meta property=\"og:image:height\" content=\"498\" \/>\n\t<meta property=\"og:image:type\" content=\"image\/jpeg\" \/>\n<meta name=\"twitter:card\" content=\"summary_large_image\" \/>\n<meta name=\"twitter:site\" content=\"@ledizioni\" \/>\n<meta name=\"twitter:label1\" content=\"Estimated reading time\" \/>\n\t<meta name=\"twitter:data1\" content=\"3 minutes\" \/>\n<script type=\"application\/ld+json\" class=\"yoast-schema-graph\">{\"@context\":\"https:\\\/\\\/schema.org\",\"@graph\":[{\"@type\":\"WebPage\",\"@id\":\"https:\\\/\\\/www.ledizioni.it\\\/en\\\/product\\\/m-marzullo-tarquinia-abitato-le-sue-mura\\\/\",\"url\":\"https:\\\/\\\/www.ledizioni.it\\\/en\\\/product\\\/m-marzullo-tarquinia-abitato-le-sue-mura\\\/\",\"name\":\"TARQUINIA. L'ABITATO E LE SUE MURA -\",\"isPartOf\":{\"@id\":\"https:\\\/\\\/www.ledizioni.it\\\/#website\"},\"primaryImageOfPage\":{\"@id\":\"https:\\\/\\\/www.ledizioni.it\\\/en\\\/product\\\/m-marzullo-tarquinia-abitato-le-sue-mura\\\/#primaryimage\"},\"image\":{\"@id\":\"https:\\\/\\\/www.ledizioni.it\\\/en\\\/product\\\/m-marzullo-tarquinia-abitato-le-sue-mura\\\/#primaryimage\"},\"thumbnailUrl\":\"https:\\\/\\\/www.ledizioni.it\\\/stag\\\/wp-content\\\/uploads\\\/2018\\\/09\\\/Copertina-Mura_3D.jpg\",\"datePublished\":\"2018-09-10T14:17:07+00:00\",\"dateModified\":\"2021-11-22T12:01:10+00:00\",\"description\":\"Ledizioni - Innovative Publishing. Casa editrice universitaria. Open Access. eBook, ePub. Creative Commons.\",\"breadcrumb\":{\"@id\":\"https:\\\/\\\/www.ledizioni.it\\\/en\\\/product\\\/m-marzullo-tarquinia-abitato-le-sue-mura\\\/#breadcrumb\"},\"inLanguage\":\"en-GB\",\"potentialAction\":[{\"@type\":\"ReadAction\",\"target\":[\"https:\\\/\\\/www.ledizioni.it\\\/en\\\/product\\\/m-marzullo-tarquinia-abitato-le-sue-mura\\\/\"]}]},{\"@type\":\"ImageObject\",\"inLanguage\":\"en-GB\",\"@id\":\"https:\\\/\\\/www.ledizioni.it\\\/en\\\/product\\\/m-marzullo-tarquinia-abitato-le-sue-mura\\\/#primaryimage\",\"url\":\"https:\\\/\\\/www.ledizioni.it\\\/stag\\\/wp-content\\\/uploads\\\/2018\\\/09\\\/Copertina-Mura_3D.jpg\",\"contentUrl\":\"https:\\\/\\\/www.ledizioni.it\\\/stag\\\/wp-content\\\/uploads\\\/2018\\\/09\\\/Copertina-Mura_3D.jpg\",\"width\":400,\"height\":498},{\"@type\":\"BreadcrumbList\",\"@id\":\"https:\\\/\\\/www.ledizioni.it\\\/en\\\/product\\\/m-marzullo-tarquinia-abitato-le-sue-mura\\\/#breadcrumb\",\"itemListElement\":[{\"@type\":\"ListItem\",\"position\":1,\"name\":\"Shop\",\"item\":\"https:\\\/\\\/www.ledizioni.it\\\/shop-2\\\/\"},{\"@type\":\"ListItem\",\"position\":2,\"name\":\"TARQUINIA. L&#8217;ABITATO E LE SUE MURA\"}]},{\"@type\":\"WebSite\",\"@id\":\"https:\\\/\\\/www.ledizioni.it\\\/#website\",\"url\":\"https:\\\/\\\/www.ledizioni.it\\\/\",\"name\":\"Ledizioni\",\"description\":\"The Innovative LediPublishing Company - Casa Editrice Universitaria\",\"publisher\":{\"@id\":\"https:\\\/\\\/www.ledizioni.it\\\/#organization\"},\"potentialAction\":[{\"@type\":\"SearchAction\",\"target\":{\"@type\":\"EntryPoint\",\"urlTemplate\":\"https:\\\/\\\/www.ledizioni.it\\\/?s={search_term_string}\"},\"query-input\":{\"@type\":\"PropertyValueSpecification\",\"valueRequired\":true,\"valueName\":\"search_term_string\"}}],\"inLanguage\":\"en-GB\"},{\"@type\":\"Organization\",\"@id\":\"https:\\\/\\\/www.ledizioni.it\\\/#organization\",\"name\":\"Ledizioni\",\"url\":\"https:\\\/\\\/www.ledizioni.it\\\/\",\"logo\":{\"@type\":\"ImageObject\",\"inLanguage\":\"en-GB\",\"@id\":\"https:\\\/\\\/www.ledizioni.it\\\/#\\\/schema\\\/logo\\\/image\\\/\",\"url\":\"https:\\\/\\\/www.ledizioni.it\\\/stag\\\/wp-content\\\/uploads\\\/2023\\\/10\\\/newlogoledizioni500x110_2-1.jpg\",\"contentUrl\":\"https:\\\/\\\/www.ledizioni.it\\\/stag\\\/wp-content\\\/uploads\\\/2023\\\/10\\\/newlogoledizioni500x110_2-1.jpg\",\"width\":354,\"height\":87,\"caption\":\"Ledizioni\"},\"image\":{\"@id\":\"https:\\\/\\\/www.ledizioni.it\\\/#\\\/schema\\\/logo\\\/image\\\/\"},\"sameAs\":[\"https:\\\/\\\/www.facebook.com\\\/pages\\\/Ledizioni-LediPublishing\\\/109120559173329\",\"https:\\\/\\\/x.com\\\/ledizioni\"]}]}<\/script>\n<!-- \/ Yoast SEO plugin. -->","yoast_head_json":{"title":"TARQUINIA. L'ABITATO E LE SUE MURA -","description":"Ledizioni - Innovative Publishing. Casa editrice universitaria. Open Access. eBook, ePub. Creative Commons.","robots":{"index":"index","follow":"follow","max-snippet":"max-snippet:-1","max-image-preview":"max-image-preview:large","max-video-preview":"max-video-preview:-1"},"canonical":"https:\/\/www.ledizioni.it\/en\/product\/m-marzullo-tarquinia-abitato-le-sue-mura\/","og_locale":"en_GB","og_type":"article","og_title":"TARQUINIA. L'ABITATO E LE SUE MURA -","og_description":"Ledizioni - Innovative Publishing. Casa editrice universitaria. Open Access. eBook, ePub. Creative Commons.","og_url":"https:\/\/www.ledizioni.it\/en\/product\/m-marzullo-tarquinia-abitato-le-sue-mura\/","og_site_name":"Ledizioni","article_publisher":"https:\/\/www.facebook.com\/pages\/Ledizioni-LediPublishing\/109120559173329","article_modified_time":"2021-11-22T12:01:10+00:00","og_image":[{"width":400,"height":498,"url":"https:\/\/www.ledizioni.it\/stag\/wp-content\/uploads\/2018\/09\/Copertina-Mura_3D.jpg","type":"image\/jpeg"}],"twitter_card":"summary_large_image","twitter_site":"@ledizioni","twitter_misc":{"Estimated reading time":"3 minutes"},"schema":{"@context":"https:\/\/schema.org","@graph":[{"@type":"WebPage","@id":"https:\/\/www.ledizioni.it\/en\/product\/m-marzullo-tarquinia-abitato-le-sue-mura\/","url":"https:\/\/www.ledizioni.it\/en\/product\/m-marzullo-tarquinia-abitato-le-sue-mura\/","name":"TARQUINIA. L'ABITATO E LE SUE MURA -","isPartOf":{"@id":"https:\/\/www.ledizioni.it\/#website"},"primaryImageOfPage":{"@id":"https:\/\/www.ledizioni.it\/en\/product\/m-marzullo-tarquinia-abitato-le-sue-mura\/#primaryimage"},"image":{"@id":"https:\/\/www.ledizioni.it\/en\/product\/m-marzullo-tarquinia-abitato-le-sue-mura\/#primaryimage"},"thumbnailUrl":"https:\/\/www.ledizioni.it\/stag\/wp-content\/uploads\/2018\/09\/Copertina-Mura_3D.jpg","datePublished":"2018-09-10T14:17:07+00:00","dateModified":"2021-11-22T12:01:10+00:00","description":"Ledizioni - Innovative Publishing. Casa editrice universitaria. Open Access. eBook, ePub. Creative Commons.","breadcrumb":{"@id":"https:\/\/www.ledizioni.it\/en\/product\/m-marzullo-tarquinia-abitato-le-sue-mura\/#breadcrumb"},"inLanguage":"en-GB","potentialAction":[{"@type":"ReadAction","target":["https:\/\/www.ledizioni.it\/en\/product\/m-marzullo-tarquinia-abitato-le-sue-mura\/"]}]},{"@type":"ImageObject","inLanguage":"en-GB","@id":"https:\/\/www.ledizioni.it\/en\/product\/m-marzullo-tarquinia-abitato-le-sue-mura\/#primaryimage","url":"https:\/\/www.ledizioni.it\/stag\/wp-content\/uploads\/2018\/09\/Copertina-Mura_3D.jpg","contentUrl":"https:\/\/www.ledizioni.it\/stag\/wp-content\/uploads\/2018\/09\/Copertina-Mura_3D.jpg","width":400,"height":498},{"@type":"BreadcrumbList","@id":"https:\/\/www.ledizioni.it\/en\/product\/m-marzullo-tarquinia-abitato-le-sue-mura\/#breadcrumb","itemListElement":[{"@type":"ListItem","position":1,"name":"Shop","item":"https:\/\/www.ledizioni.it\/shop-2\/"},{"@type":"ListItem","position":2,"name":"TARQUINIA. L&#8217;ABITATO E LE SUE MURA"}]},{"@type":"WebSite","@id":"https:\/\/www.ledizioni.it\/#website","url":"https:\/\/www.ledizioni.it\/","name":"Ledizioni","description":"The Innovative LediPublishing Company - Casa Editrice Universitaria","publisher":{"@id":"https:\/\/www.ledizioni.it\/#organization"},"potentialAction":[{"@type":"SearchAction","target":{"@type":"EntryPoint","urlTemplate":"https:\/\/www.ledizioni.it\/?s={search_term_string}"},"query-input":{"@type":"PropertyValueSpecification","valueRequired":true,"valueName":"search_term_string"}}],"inLanguage":"en-GB"},{"@type":"Organization","@id":"https:\/\/www.ledizioni.it\/#organization","name":"Ledizioni","url":"https:\/\/www.ledizioni.it\/","logo":{"@type":"ImageObject","inLanguage":"en-GB","@id":"https:\/\/www.ledizioni.it\/#\/schema\/logo\/image\/","url":"https:\/\/www.ledizioni.it\/stag\/wp-content\/uploads\/2023\/10\/newlogoledizioni500x110_2-1.jpg","contentUrl":"https:\/\/www.ledizioni.it\/stag\/wp-content\/uploads\/2023\/10\/newlogoledizioni500x110_2-1.jpg","width":354,"height":87,"caption":"Ledizioni"},"image":{"@id":"https:\/\/www.ledizioni.it\/#\/schema\/logo\/image\/"},"sameAs":["https:\/\/www.facebook.com\/pages\/Ledizioni-LediPublishing\/109120559173329","https:\/\/x.com\/ledizioni"]}]}},"jetpack_sharing_enabled":true,"_links":{"self":[{"href":"https:\/\/www.ledizioni.it\/en\/wp-json\/wp\/v2\/product\/19787","targetHints":{"allow":["GET"]}}],"collection":[{"href":"https:\/\/www.ledizioni.it\/en\/wp-json\/wp\/v2\/product"}],"about":[{"href":"https:\/\/www.ledizioni.it\/en\/wp-json\/wp\/v2\/types\/product"}],"replies":[{"embeddable":true,"href":"https:\/\/www.ledizioni.it\/en\/wp-json\/wp\/v2\/comments?post=19787"}],"version-history":[{"count":0,"href":"https:\/\/www.ledizioni.it\/en\/wp-json\/wp\/v2\/product\/19787\/revisions"}],"wp:featuredmedia":[{"embeddable":true,"href":"https:\/\/www.ledizioni.it\/en\/wp-json\/wp\/v2\/media\/19788"}],"wp:attachment":[{"href":"https:\/\/www.ledizioni.it\/en\/wp-json\/wp\/v2\/media?parent=19787"}],"wp:term":[{"taxonomy":"product_brand","embeddable":true,"href":"https:\/\/www.ledizioni.it\/en\/wp-json\/wp\/v2\/product_brand?post=19787"},{"taxonomy":"product_cat","embeddable":true,"href":"https:\/\/www.ledizioni.it\/en\/wp-json\/wp\/v2\/product_cat?post=19787"},{"taxonomy":"product_tag","embeddable":true,"href":"https:\/\/www.ledizioni.it\/en\/wp-json\/wp\/v2\/product_tag?post=19787"}],"curies":[{"name":"wp","href":"https:\/\/api.w.org\/{rel}","templated":true}]}}