{"id":19881,"date":"2018-09-20T09:35:15","date_gmt":"2018-09-20T09:35:15","guid":{"rendered":"https:\/\/www.ledizioni.it\/?post_type=product&#038;p=19881"},"modified":"2021-05-18T16:38:20","modified_gmt":"2021-05-18T14:38:20","slug":"r-melloni-dottore-guarisco-perche-la-vedo-in-ansia","status":"publish","type":"product","link":"https:\/\/www.ledizioni.it\/en\/product\/r-melloni-dottore-guarisco-perche-la-vedo-in-ansia\/","title":{"rendered":"DOTTORE, GUARISCO PERCH\u00c9 LA VEDO IN ANSIA"},"content":{"rendered":"<p>[amazon_link asins=&#8217;8867058509&#8242; template=&#8217;PriceLink1&#8242; store=&#8217;ledizioni-21&#8242; marketplace=&#8217;IT&#8217; link_id=&#8217;639b8169-cbd8-11e8-bd9b-9b286c7b5b1c&#8217;]<\/p>\n<p style=\"text-align: justify;\">Tutti soffrono d\u2019ansia ovvero nessuno soffre d\u2019ansia? Il malessere psicologico pi\u00f9 diffuso \u00e8 oggi trascurato e resta ingombrante nella vita della persona che ne \u00e8 afflitta come un fardello molto provante, poco conosciuto, poco oggetto di cure, molto verbalizzato. Che cos\u2019\u00e8 l\u2019ansia nevrotica, patologica? \u00c8 una paura lacerante, fuori luogo, che affligge certi aspetti della vita rispetto ai quali ogni prospettiva diviene negativa e che induce a comportamenti che diventano ripetitivi (compulsioni), non pi\u00f9 scelti ma obbligati.<br \/>\nSi pu\u00f2 guarire dall\u2019ansia riguadagnando la propria salute psicologica attraverso un modo di vivere (e di pensare) differente. Questo cambiamento va visto e poi adottato, incoraggiando un diverso modo di rispondere alle paure mal poste dell\u2019ansia e rendendo il processo curativo e risolutivo.<br \/>\nQuesto \u00e8 il centro dell\u2019auto terapia esposta attraverso le tappe di questo libro con un linguaggio nato nella nostra vita quotidiana, in cui \u00e8 necessaria una particolare, costante cura di s\u00e9 psicologica. L\u2019auto terapia \u00e8 nuova dimestichezza verso il proprio modo di pensare. La mente ansiosa, oscura perch\u00e9 immagina sempre il negativo che non si sapr\u00e0 affrontare, precede i fatti ma intanto soffoca. Bisogna imparare a dipanare questa immaginazione terrorizzata rintracciando il bandolo della matassa di quei comportamenti che la condizione ansiosa impone promettendo libert\u00e0 laddove determina prigionia.<br \/>\nPensare bene non ha la pretesa di valutare quello che \u00e8 giusto o sbagliato, ma di poter svolgere e approcciare un proponimento, davanti a una scelta di vita, senza le pressioni logoranti dell\u2019ansia che, mentre suggerisce malamente come evitare il negativo immaginato, porta solo a vivere molto male e a rischiare che la scelta che si effettuer\u00e0, invece di essere nel merito del problema, sia frutto dell\u2019ansia.<\/p>\n<p style=\"text-align: justify;\"><strong><em>\u00a0<\/em><\/strong><\/p>\n<p><strong>DATI BIBLIOGRAFICI<\/strong><br \/>\nAutore: Roberto Melloni<br \/>\nEditore: Ledizioni<br \/>\nPubblicato nel: settembre 2018<br \/>\nFormato: brossura, 102 p.<br \/>\nISBN: 9788867058501<br \/>\nPrezzo: 14 \u20ac<\/p>\n<p><a href=\"https:\/\/www.torrossa.com\/it\/resources\/an\/4426004\"><img decoding=\"async\" class=\"aligncenter wp-image-23912\" src=\"https:\/\/www.ledizioni.it\/stag\/wp-content\/uploads\/2019\/07\/torrossa_web-150x80.jpg\" alt=\"\" width=\"200\" height=\"60\" \/><\/a><\/p>","protected":false},"excerpt":{"rendered":"<p>[amazon_link asins=&#8217;8867058509&#8242; template=&#8217;PriceLink1&#8242; store=&#8217;ledizioni-21&#8242; marketplace=&#8217;IT&#8217; link_id=&#8217;639b8169-cbd8-11e8-bd9b-9b286c7b5b1c&#8217;] Tutti soffrono d\u2019ansia ovvero nessuno soffre d\u2019ansia? Il malessere psicologico pi\u00f9 diffuso \u00e8 oggi<\/p>","protected":false},"featured_media":19882,"comment_status":"open","ping_status":"closed","template":"","meta":{"_acf_changed":false},"product_brand":[],"product_cat":[2537],"product_tag":[848,2481,1502,2538],"class_list":{"0":"post-19881","1":"product","2":"type-product","3":"status-publish","4":"has-post-thumbnail","6":"product_cat-psico","7":"product_tag-cambiamento","8":"product_tag-nevrosi","9":"product_tag-salute","10":"product_tag-salute-psicologica","12":"first","13":"instock","14":"featured","15":"shipping-taxable","16":"purchasable","17":"product-type-simple"},"acf":[],"yoast_head":"<!-- This site is optimized with the Yoast SEO plugin v27.3 - https:\/\/yoast.com\/product\/yoast-seo-wordpress\/ -->\n<title>DOTTORE, GUARISCO PERCH\u00c9 LA VEDO IN ANSIA -<\/title>\n<meta name=\"description\" content=\"Ledizioni - Innovative Publishing. Casa editrice universitaria. Open Access. eBook, ePub. Creative Commons.\" \/>\n<meta name=\"robots\" content=\"index, follow, max-snippet:-1, max-image-preview:large, max-video-preview:-1\" \/>\n<link rel=\"canonical\" href=\"https:\/\/www.ledizioni.it\/en\/product\/r-melloni-dottore-guarisco-perche-la-vedo-in-ansia\/\" \/>\n<meta property=\"og:locale\" content=\"en_GB\" \/>\n<meta property=\"og:type\" content=\"article\" \/>\n<meta property=\"og:title\" content=\"DOTTORE, GUARISCO PERCH\u00c9 LA VEDO IN ANSIA -\" \/>\n<meta property=\"og:description\" content=\"Ledizioni - Innovative Publishing. Casa editrice universitaria. Open Access. eBook, ePub. Creative Commons.\" \/>\n<meta property=\"og:url\" content=\"https:\/\/www.ledizioni.it\/en\/product\/r-melloni-dottore-guarisco-perche-la-vedo-in-ansia\/\" \/>\n<meta property=\"og:site_name\" content=\"Ledizioni\" \/>\n<meta property=\"article:publisher\" content=\"https:\/\/www.facebook.com\/pages\/Ledizioni-LediPublishing\/109120559173329\" \/>\n<meta property=\"article:modified_time\" content=\"2021-05-18T14:38:20+00:00\" \/>\n<meta property=\"og:image\" content=\"https:\/\/www.ledizioni.it\/stag\/wp-content\/uploads\/2018\/09\/Melloni_3D.jpg\" \/>\n\t<meta property=\"og:image:width\" content=\"400\" \/>\n\t<meta property=\"og:image:height\" content=\"507\" \/>\n\t<meta property=\"og:image:type\" content=\"image\/jpeg\" \/>\n<meta name=\"twitter:card\" content=\"summary_large_image\" \/>\n<meta name=\"twitter:site\" content=\"@ledizioni\" \/>\n<meta name=\"twitter:label1\" content=\"Estimated reading time\" \/>\n\t<meta name=\"twitter:data1\" content=\"2 minutes\" \/>\n<script type=\"application\/ld+json\" class=\"yoast-schema-graph\">{\"@context\":\"https:\\\/\\\/schema.org\",\"@graph\":[{\"@type\":\"WebPage\",\"@id\":\"https:\\\/\\\/www.ledizioni.it\\\/prodotto\\\/r-melloni-dottore-guarisco-perche-la-vedo-in-ansia\\\/\",\"url\":\"https:\\\/\\\/www.ledizioni.it\\\/prodotto\\\/r-melloni-dottore-guarisco-perche-la-vedo-in-ansia\\\/\",\"name\":\"DOTTORE, GUARISCO PERCH\u00c9 LA VEDO IN ANSIA -\",\"isPartOf\":{\"@id\":\"https:\\\/\\\/www.ledizioni.it\\\/#website\"},\"primaryImageOfPage\":{\"@id\":\"https:\\\/\\\/www.ledizioni.it\\\/prodotto\\\/r-melloni-dottore-guarisco-perche-la-vedo-in-ansia\\\/#primaryimage\"},\"image\":{\"@id\":\"https:\\\/\\\/www.ledizioni.it\\\/prodotto\\\/r-melloni-dottore-guarisco-perche-la-vedo-in-ansia\\\/#primaryimage\"},\"thumbnailUrl\":\"https:\\\/\\\/www.ledizioni.it\\\/stag\\\/wp-content\\\/uploads\\\/2018\\\/09\\\/Melloni_3D.jpg\",\"datePublished\":\"2018-09-20T09:35:15+00:00\",\"dateModified\":\"2021-05-18T14:38:20+00:00\",\"description\":\"Ledizioni - Innovative Publishing. Casa editrice universitaria. Open Access. eBook, ePub. Creative Commons.\",\"breadcrumb\":{\"@id\":\"https:\\\/\\\/www.ledizioni.it\\\/prodotto\\\/r-melloni-dottore-guarisco-perche-la-vedo-in-ansia\\\/#breadcrumb\"},\"inLanguage\":\"en-GB\",\"potentialAction\":[{\"@type\":\"ReadAction\",\"target\":[\"https:\\\/\\\/www.ledizioni.it\\\/prodotto\\\/r-melloni-dottore-guarisco-perche-la-vedo-in-ansia\\\/\"]}]},{\"@type\":\"ImageObject\",\"inLanguage\":\"en-GB\",\"@id\":\"https:\\\/\\\/www.ledizioni.it\\\/prodotto\\\/r-melloni-dottore-guarisco-perche-la-vedo-in-ansia\\\/#primaryimage\",\"url\":\"https:\\\/\\\/www.ledizioni.it\\\/stag\\\/wp-content\\\/uploads\\\/2018\\\/09\\\/Melloni_3D.jpg\",\"contentUrl\":\"https:\\\/\\\/www.ledizioni.it\\\/stag\\\/wp-content\\\/uploads\\\/2018\\\/09\\\/Melloni_3D.jpg\",\"width\":400,\"height\":507},{\"@type\":\"BreadcrumbList\",\"@id\":\"https:\\\/\\\/www.ledizioni.it\\\/prodotto\\\/r-melloni-dottore-guarisco-perche-la-vedo-in-ansia\\\/#breadcrumb\",\"itemListElement\":[{\"@type\":\"ListItem\",\"position\":1,\"name\":\"Shop\",\"item\":\"https:\\\/\\\/www.ledizioni.it\\\/shop-2\\\/\"},{\"@type\":\"ListItem\",\"position\":2,\"name\":\"DOTTORE, GUARISCO PERCH\u00c9 LA VEDO IN ANSIA\"}]},{\"@type\":\"WebSite\",\"@id\":\"https:\\\/\\\/www.ledizioni.it\\\/#website\",\"url\":\"https:\\\/\\\/www.ledizioni.it\\\/\",\"name\":\"Ledizioni\",\"description\":\"The Innovative LediPublishing Company - Casa Editrice Universitaria\",\"publisher\":{\"@id\":\"https:\\\/\\\/www.ledizioni.it\\\/#organization\"},\"potentialAction\":[{\"@type\":\"SearchAction\",\"target\":{\"@type\":\"EntryPoint\",\"urlTemplate\":\"https:\\\/\\\/www.ledizioni.it\\\/?s={search_term_string}\"},\"query-input\":{\"@type\":\"PropertyValueSpecification\",\"valueRequired\":true,\"valueName\":\"search_term_string\"}}],\"inLanguage\":\"en-GB\"},{\"@type\":\"Organization\",\"@id\":\"https:\\\/\\\/www.ledizioni.it\\\/#organization\",\"name\":\"Ledizioni\",\"url\":\"https:\\\/\\\/www.ledizioni.it\\\/\",\"logo\":{\"@type\":\"ImageObject\",\"inLanguage\":\"en-GB\",\"@id\":\"https:\\\/\\\/www.ledizioni.it\\\/#\\\/schema\\\/logo\\\/image\\\/\",\"url\":\"https:\\\/\\\/www.ledizioni.it\\\/stag\\\/wp-content\\\/uploads\\\/2023\\\/10\\\/newlogoledizioni500x110_2-1.jpg\",\"contentUrl\":\"https:\\\/\\\/www.ledizioni.it\\\/stag\\\/wp-content\\\/uploads\\\/2023\\\/10\\\/newlogoledizioni500x110_2-1.jpg\",\"width\":354,\"height\":87,\"caption\":\"Ledizioni\"},\"image\":{\"@id\":\"https:\\\/\\\/www.ledizioni.it\\\/#\\\/schema\\\/logo\\\/image\\\/\"},\"sameAs\":[\"https:\\\/\\\/www.facebook.com\\\/pages\\\/Ledizioni-LediPublishing\\\/109120559173329\",\"https:\\\/\\\/x.com\\\/ledizioni\"]}]}<\/script>\n<!-- \/ Yoast SEO plugin. -->","yoast_head_json":{"title":"DOTTORE, GUARISCO PERCH\u00c9 LA VEDO IN ANSIA -","description":"Ledizioni - Innovative Publishing. Casa editrice universitaria. Open Access. eBook, ePub. Creative Commons.","robots":{"index":"index","follow":"follow","max-snippet":"max-snippet:-1","max-image-preview":"max-image-preview:large","max-video-preview":"max-video-preview:-1"},"canonical":"https:\/\/www.ledizioni.it\/en\/product\/r-melloni-dottore-guarisco-perche-la-vedo-in-ansia\/","og_locale":"en_GB","og_type":"article","og_title":"DOTTORE, GUARISCO PERCH\u00c9 LA VEDO IN ANSIA -","og_description":"Ledizioni - Innovative Publishing. Casa editrice universitaria. Open Access. eBook, ePub. Creative Commons.","og_url":"https:\/\/www.ledizioni.it\/en\/product\/r-melloni-dottore-guarisco-perche-la-vedo-in-ansia\/","og_site_name":"Ledizioni","article_publisher":"https:\/\/www.facebook.com\/pages\/Ledizioni-LediPublishing\/109120559173329","article_modified_time":"2021-05-18T14:38:20+00:00","og_image":[{"width":400,"height":507,"url":"https:\/\/www.ledizioni.it\/stag\/wp-content\/uploads\/2018\/09\/Melloni_3D.jpg","type":"image\/jpeg"}],"twitter_card":"summary_large_image","twitter_site":"@ledizioni","twitter_misc":{"Estimated reading time":"2 minutes"},"schema":{"@context":"https:\/\/schema.org","@graph":[{"@type":"WebPage","@id":"https:\/\/www.ledizioni.it\/prodotto\/r-melloni-dottore-guarisco-perche-la-vedo-in-ansia\/","url":"https:\/\/www.ledizioni.it\/prodotto\/r-melloni-dottore-guarisco-perche-la-vedo-in-ansia\/","name":"DOTTORE, GUARISCO PERCH\u00c9 LA VEDO IN ANSIA -","isPartOf":{"@id":"https:\/\/www.ledizioni.it\/#website"},"primaryImageOfPage":{"@id":"https:\/\/www.ledizioni.it\/prodotto\/r-melloni-dottore-guarisco-perche-la-vedo-in-ansia\/#primaryimage"},"image":{"@id":"https:\/\/www.ledizioni.it\/prodotto\/r-melloni-dottore-guarisco-perche-la-vedo-in-ansia\/#primaryimage"},"thumbnailUrl":"https:\/\/www.ledizioni.it\/stag\/wp-content\/uploads\/2018\/09\/Melloni_3D.jpg","datePublished":"2018-09-20T09:35:15+00:00","dateModified":"2021-05-18T14:38:20+00:00","description":"Ledizioni - Innovative Publishing. Casa editrice universitaria. Open Access. eBook, ePub. Creative Commons.","breadcrumb":{"@id":"https:\/\/www.ledizioni.it\/prodotto\/r-melloni-dottore-guarisco-perche-la-vedo-in-ansia\/#breadcrumb"},"inLanguage":"en-GB","potentialAction":[{"@type":"ReadAction","target":["https:\/\/www.ledizioni.it\/prodotto\/r-melloni-dottore-guarisco-perche-la-vedo-in-ansia\/"]}]},{"@type":"ImageObject","inLanguage":"en-GB","@id":"https:\/\/www.ledizioni.it\/prodotto\/r-melloni-dottore-guarisco-perche-la-vedo-in-ansia\/#primaryimage","url":"https:\/\/www.ledizioni.it\/stag\/wp-content\/uploads\/2018\/09\/Melloni_3D.jpg","contentUrl":"https:\/\/www.ledizioni.it\/stag\/wp-content\/uploads\/2018\/09\/Melloni_3D.jpg","width":400,"height":507},{"@type":"BreadcrumbList","@id":"https:\/\/www.ledizioni.it\/prodotto\/r-melloni-dottore-guarisco-perche-la-vedo-in-ansia\/#breadcrumb","itemListElement":[{"@type":"ListItem","position":1,"name":"Shop","item":"https:\/\/www.ledizioni.it\/shop-2\/"},{"@type":"ListItem","position":2,"name":"DOTTORE, GUARISCO PERCH\u00c9 LA VEDO IN ANSIA"}]},{"@type":"WebSite","@id":"https:\/\/www.ledizioni.it\/#website","url":"https:\/\/www.ledizioni.it\/","name":"Ledizioni","description":"The Innovative LediPublishing Company - Casa Editrice Universitaria","publisher":{"@id":"https:\/\/www.ledizioni.it\/#organization"},"potentialAction":[{"@type":"SearchAction","target":{"@type":"EntryPoint","urlTemplate":"https:\/\/www.ledizioni.it\/?s={search_term_string}"},"query-input":{"@type":"PropertyValueSpecification","valueRequired":true,"valueName":"search_term_string"}}],"inLanguage":"en-GB"},{"@type":"Organization","@id":"https:\/\/www.ledizioni.it\/#organization","name":"Ledizioni","url":"https:\/\/www.ledizioni.it\/","logo":{"@type":"ImageObject","inLanguage":"en-GB","@id":"https:\/\/www.ledizioni.it\/#\/schema\/logo\/image\/","url":"https:\/\/www.ledizioni.it\/stag\/wp-content\/uploads\/2023\/10\/newlogoledizioni500x110_2-1.jpg","contentUrl":"https:\/\/www.ledizioni.it\/stag\/wp-content\/uploads\/2023\/10\/newlogoledizioni500x110_2-1.jpg","width":354,"height":87,"caption":"Ledizioni"},"image":{"@id":"https:\/\/www.ledizioni.it\/#\/schema\/logo\/image\/"},"sameAs":["https:\/\/www.facebook.com\/pages\/Ledizioni-LediPublishing\/109120559173329","https:\/\/x.com\/ledizioni"]}]}},"jetpack_sharing_enabled":true,"_links":{"self":[{"href":"https:\/\/www.ledizioni.it\/en\/wp-json\/wp\/v2\/product\/19881","targetHints":{"allow":["GET"]}}],"collection":[{"href":"https:\/\/www.ledizioni.it\/en\/wp-json\/wp\/v2\/product"}],"about":[{"href":"https:\/\/www.ledizioni.it\/en\/wp-json\/wp\/v2\/types\/product"}],"replies":[{"embeddable":true,"href":"https:\/\/www.ledizioni.it\/en\/wp-json\/wp\/v2\/comments?post=19881"}],"version-history":[{"count":1,"href":"https:\/\/www.ledizioni.it\/en\/wp-json\/wp\/v2\/product\/19881\/revisions"}],"predecessor-version":[{"id":20171,"href":"https:\/\/www.ledizioni.it\/en\/wp-json\/wp\/v2\/product\/19881\/revisions\/20171"}],"wp:featuredmedia":[{"embeddable":true,"href":"https:\/\/www.ledizioni.it\/en\/wp-json\/wp\/v2\/media\/19882"}],"wp:attachment":[{"href":"https:\/\/www.ledizioni.it\/en\/wp-json\/wp\/v2\/media?parent=19881"}],"wp:term":[{"taxonomy":"product_brand","embeddable":true,"href":"https:\/\/www.ledizioni.it\/en\/wp-json\/wp\/v2\/product_brand?post=19881"},{"taxonomy":"product_cat","embeddable":true,"href":"https:\/\/www.ledizioni.it\/en\/wp-json\/wp\/v2\/product_cat?post=19881"},{"taxonomy":"product_tag","embeddable":true,"href":"https:\/\/www.ledizioni.it\/en\/wp-json\/wp\/v2\/product_tag?post=19881"}],"curies":[{"name":"wp","href":"https:\/\/api.w.org\/{rel}","templated":true}]}}