{"id":19884,"date":"2018-09-20T09:53:29","date_gmt":"2018-09-20T09:53:29","guid":{"rendered":"https:\/\/www.ledizioni.it\/?post_type=product&#038;p=19884"},"modified":"2019-10-04T10:43:05","modified_gmt":"2019-10-04T08:43:05","slug":"cesvi-ispi-migranti-sfida-integrazione","status":"publish","type":"product","link":"https:\/\/www.ledizioni.it\/en\/product\/cesvi-ispi-migranti-sfida-integrazione\/","title":{"rendered":"Cesvi &#8211; Ispi, MIGRANTI: LA SFIDA DELL&#8217;INTEGRAZIONE"},"content":{"rendered":"<p style=\"text-align: justify;\">Se la mobilit\u00e0 umana \u00e8 un diritto inalienabile di ciascun individuo, \u00e8 pur vero che le persone non devono essere costrette a migrare: lavorare per lo sviluppo nei Paesi di origine, transito e interessati dalla migrazione sud-sud, in particolare dell\u2019Africa, da cui proviene un\u2019ampia parte del flusso migratorio, \u00e8 quindi fondamentale, al fine di creare condizioni che incoraggino la sicurezza alimentare, lo sviluppo sostenibile e la resilienza, coinvolgendo la comunit\u00e0, la societ\u00e0 civile e il privato, e affrontando le complessit\u00e0 legate ai cambiamenti climatici.<br \/>\nAl diritto alla mobilit\u00e0 umana si affianca il diritto di ciascuno Stato sovrano a regolare i flussi migratori che attraversano i propri confini. Trovare un equilibrio sostenibile tra questi diritti \u00e8 una sfida per tutti: quello che \u00e8 certo, comunque, \u00e8 che ogni Paese dovrebbe ambire a \u201cgovernare\u201d i processi migratori e non semplicemente subirli. Mentre continuano a susseguirsi le notizie sugli sbarchi, anche se a un ritmo meno sostenuto rispetto al recente passato, \u00e8 giusto fermarsi e riflettere. Dallo scorso anno gli sbarchi in Italia sono diminuiti di oltre l\u201980%, ma negli ultimi cinque anni il numero di rifugiati e altri beneficiari di protezione internazionale \u00e8 aumentato di 180.000 persone, e ci sono ancora circa 130.000 richiedenti asilo in attesa. In pi\u00f9, molte delle persone che si vedono opporre un diniego alla richiesta d\u2019asilo non potranno essere rimpatriate e resteranno in Italia. \u00c8 opportuno quindi chiedersi: esiste una distanza d\u2019integrazione tra i neo arrivati e gli stranieri presenti da tempo in Italia? Conviene investire nell\u2019integrazione di chi \u00e8 sbarcato in Italia negli ultimi anni? E se s\u00ec, con quali risorse?<br \/>\nCon questo paper congiunto, ISPI e Cesvi vogliono suggerire una strada. Che non \u00e8 certo l\u2019unica, ma che apre nuovi scenari e nuove possibilit\u00e0. (Dalla Prefazione)<\/p>\n<p style=\"text-align: justify;\"><strong><em>CESVI<\/em>.<\/strong> Cesvi \u00e8 un\u2019organizzazione umanitaria italiana laica e indipendente, nata a Bergamo nel 1985. Presente in 20 Paesi, opera in tutto il mondo per supportare le popolazioni pi\u00f9 vulnerabili nella promozione dei diritti umani, nel raggiungimento delle loro aspirazioni e per lo sviluppo sostenibile. Nel complesso scenario legato ai flussi migratori, Cesvi \u00e8 impegnato sia nei Paesi di origine, transito e interessati dalla migrazione sud-sud sia in Italia, nella consapevolezza che accanto a strumenti di mitigazione servano anche interventi di sviluppo. Nel nostro Paese, in particolare, realizza progetti per l\u2019integrazione e l\u2019inclusione socioeconomica dei minori stranieri non accompagnati. Premiato tre volte con l\u2019Oscar di Bilancio per la sua trasparenza, \u00e8 parte del network europeo Alliance2015.<\/p>\n<p style=\"text-align: justify;\"><em><strong>ISPI.<\/strong><\/em> L\u2019ISPI \u00e8 un think tank indipendente dedicato allo studio delle dinamiche politiche ed economiche internazionali fondato nel 1934. \u00c8 l\u2019unico istituto italiano \u2013 e tra i pochissimi in Europa \u2013 ad affiancare all\u2019attivit\u00e0 di ricerca un significativo impegno nella formazione, nella convegnistica e nell\u2019analisi dei rischi e delle opportunit\u00e0 a livello mondiale per le imprese e le istituzioni. L\u2019ISPI privilegia un approccio interdisciplinare e \u201cpolicy-oriented\u201d reso possibile da un team di ricerca di oltre 50 analisti e pu\u00f2 inoltre contare su un network internazionale di 70 universit\u00e0, think tank e centri di ricerca. Nella classifica redatta dall\u2019Universit\u00e0 di Pennsylvania, l\u2019ISPI si \u00e8 posizionato al primo posto al mondo tra i \u201cThink Tank to Watch\u201d nel 2018.<\/p>\n<p style=\"text-align: justify;\"><strong>DATI BIBLIOGRAFICI<\/strong><\/p>\n<p style=\"text-align: justify;\">Autori: Matteo Villa (ISPI), Valeria Emmi (Cesvi), Elena Corradi (ISPI)<br \/>\nEditore: Ledizioni<br \/>\nCollana: <a href=\"http:\/\/www.ledizioni.it\/en\/collane\/societa\/pubblicazioni-ispi\/\">Pubblicazioni ISPI<\/a><br \/>\nPubblicato in: settembre 2018<br \/>\nLingua: italiano<br \/>\nFormato: brossura 70 p.<br \/>\nISBN cartaceo:\u00a09788867058488<br \/>\nPrezzo cartaceo: 16 \u20ac<\/p>\n<p>\u00a0<\/p>\n<p><a href=\"https:\/\/www.torrossa.com\/it\/resources\/an\/4431120\"><img decoding=\"async\" class=\"aligncenter wp-image-23912\" src=\"https:\/\/www.ledizioni.it\/stag\/wp-content\/uploads\/2019\/07\/torrossa_web-150x80.jpg\" alt=\"\" width=\"200\" height=\"60\" \/><\/a><\/p>","protected":false},"excerpt":{"rendered":"<p>Se la mobilit\u00e0 umana \u00e8 un diritto inalienabile di ciascun individuo, \u00e8 pur vero che le persone non devono essere<\/p>","protected":false},"featured_media":19887,"comment_status":"open","ping_status":"closed","template":"","meta":{"_acf_changed":false},"product_brand":[],"product_cat":[1345],"product_tag":[858,1628,822,764,1024],"class_list":{"0":"post-19884","1":"product","2":"type-product","3":"status-publish","4":"has-post-thumbnail","6":"product_cat-pubblicazioni-ispi","7":"product_tag-integrazione","8":"product_tag-mediterraneo","9":"product_tag-migrazioni","10":"product_tag-open-access-2","11":"product_tag-politicainternaz","12":"pa_formato-cartaceo","13":"pa_formato-ebook-in-pdf","14":"pa_lingua-inglese","16":"first","17":"instock","18":"featured","19":"shipping-taxable","20":"purchasable","21":"product-type-variable"},"acf":[],"yoast_head":"<!-- This site is optimized with the Yoast SEO plugin v27.3 - https:\/\/yoast.com\/product\/yoast-seo-wordpress\/ -->\n<title>Cesvi - Ispi, MIGRANTI: LA SFIDA DELL&#039;INTEGRAZIONE -<\/title>\n<meta name=\"description\" content=\"Ledizioni - Innovative Publishing. Casa editrice universitaria. Open Access. eBook, ePub. Creative Commons.\" \/>\n<meta name=\"robots\" content=\"index, follow, max-snippet:-1, max-image-preview:large, max-video-preview:-1\" \/>\n<link rel=\"canonical\" href=\"https:\/\/www.ledizioni.it\/en\/product\/cesvi-ispi-migranti-sfida-integrazione\/\" \/>\n<meta property=\"og:locale\" content=\"en_GB\" \/>\n<meta property=\"og:type\" content=\"article\" \/>\n<meta property=\"og:title\" content=\"Cesvi - Ispi, MIGRANTI: LA SFIDA DELL&#039;INTEGRAZIONE -\" \/>\n<meta property=\"og:description\" content=\"Ledizioni - Innovative Publishing. Casa editrice universitaria. Open Access. eBook, ePub. Creative Commons.\" \/>\n<meta property=\"og:url\" content=\"https:\/\/www.ledizioni.it\/en\/product\/cesvi-ispi-migranti-sfida-integrazione\/\" \/>\n<meta property=\"og:site_name\" content=\"Ledizioni\" \/>\n<meta property=\"article:publisher\" content=\"https:\/\/www.facebook.com\/pages\/Ledizioni-LediPublishing\/109120559173329\" \/>\n<meta property=\"article:modified_time\" content=\"2019-10-04T08:43:05+00:00\" \/>\n<meta property=\"og:image\" content=\"https:\/\/www.ledizioni.it\/stag\/wp-content\/uploads\/2018\/09\/Migranti_3D.jpg\" \/>\n\t<meta property=\"og:image:width\" content=\"400\" \/>\n\t<meta property=\"og:image:height\" content=\"520\" \/>\n\t<meta property=\"og:image:type\" content=\"image\/jpeg\" \/>\n<meta name=\"twitter:card\" content=\"summary_large_image\" \/>\n<meta name=\"twitter:site\" content=\"@ledizioni\" \/>\n<meta name=\"twitter:label1\" content=\"Estimated reading time\" \/>\n\t<meta name=\"twitter:data1\" content=\"3 minutes\" \/>\n<script type=\"application\/ld+json\" class=\"yoast-schema-graph\">{\"@context\":\"https:\\\/\\\/schema.org\",\"@graph\":[{\"@type\":\"WebPage\",\"@id\":\"https:\\\/\\\/www.ledizioni.it\\\/en\\\/product\\\/cesvi-ispi-migranti-sfida-integrazione\\\/\",\"url\":\"https:\\\/\\\/www.ledizioni.it\\\/en\\\/product\\\/cesvi-ispi-migranti-sfida-integrazione\\\/\",\"name\":\"Cesvi - Ispi, MIGRANTI: LA SFIDA DELL'INTEGRAZIONE -\",\"isPartOf\":{\"@id\":\"https:\\\/\\\/www.ledizioni.it\\\/#website\"},\"primaryImageOfPage\":{\"@id\":\"https:\\\/\\\/www.ledizioni.it\\\/en\\\/product\\\/cesvi-ispi-migranti-sfida-integrazione\\\/#primaryimage\"},\"image\":{\"@id\":\"https:\\\/\\\/www.ledizioni.it\\\/en\\\/product\\\/cesvi-ispi-migranti-sfida-integrazione\\\/#primaryimage\"},\"thumbnailUrl\":\"https:\\\/\\\/www.ledizioni.it\\\/stag\\\/wp-content\\\/uploads\\\/2018\\\/09\\\/Migranti_3D.jpg\",\"datePublished\":\"2018-09-20T09:53:29+00:00\",\"dateModified\":\"2019-10-04T08:43:05+00:00\",\"description\":\"Ledizioni - Innovative Publishing. Casa editrice universitaria. Open Access. eBook, ePub. Creative Commons.\",\"breadcrumb\":{\"@id\":\"https:\\\/\\\/www.ledizioni.it\\\/en\\\/product\\\/cesvi-ispi-migranti-sfida-integrazione\\\/#breadcrumb\"},\"inLanguage\":\"en-GB\",\"potentialAction\":[{\"@type\":\"ReadAction\",\"target\":[\"https:\\\/\\\/www.ledizioni.it\\\/en\\\/product\\\/cesvi-ispi-migranti-sfida-integrazione\\\/\"]}]},{\"@type\":\"ImageObject\",\"inLanguage\":\"en-GB\",\"@id\":\"https:\\\/\\\/www.ledizioni.it\\\/en\\\/product\\\/cesvi-ispi-migranti-sfida-integrazione\\\/#primaryimage\",\"url\":\"https:\\\/\\\/www.ledizioni.it\\\/stag\\\/wp-content\\\/uploads\\\/2018\\\/09\\\/Migranti_3D.jpg\",\"contentUrl\":\"https:\\\/\\\/www.ledizioni.it\\\/stag\\\/wp-content\\\/uploads\\\/2018\\\/09\\\/Migranti_3D.jpg\",\"width\":400,\"height\":520},{\"@type\":\"BreadcrumbList\",\"@id\":\"https:\\\/\\\/www.ledizioni.it\\\/en\\\/product\\\/cesvi-ispi-migranti-sfida-integrazione\\\/#breadcrumb\",\"itemListElement\":[{\"@type\":\"ListItem\",\"position\":1,\"name\":\"Shop\",\"item\":\"https:\\\/\\\/www.ledizioni.it\\\/shop-2\\\/\"},{\"@type\":\"ListItem\",\"position\":2,\"name\":\"Cesvi &#8211; Ispi, MIGRANTI: LA SFIDA DELL&#8217;INTEGRAZIONE\"}]},{\"@type\":\"WebSite\",\"@id\":\"https:\\\/\\\/www.ledizioni.it\\\/#website\",\"url\":\"https:\\\/\\\/www.ledizioni.it\\\/\",\"name\":\"Ledizioni\",\"description\":\"The Innovative LediPublishing Company - Casa Editrice Universitaria\",\"publisher\":{\"@id\":\"https:\\\/\\\/www.ledizioni.it\\\/#organization\"},\"potentialAction\":[{\"@type\":\"SearchAction\",\"target\":{\"@type\":\"EntryPoint\",\"urlTemplate\":\"https:\\\/\\\/www.ledizioni.it\\\/?s={search_term_string}\"},\"query-input\":{\"@type\":\"PropertyValueSpecification\",\"valueRequired\":true,\"valueName\":\"search_term_string\"}}],\"inLanguage\":\"en-GB\"},{\"@type\":\"Organization\",\"@id\":\"https:\\\/\\\/www.ledizioni.it\\\/#organization\",\"name\":\"Ledizioni\",\"url\":\"https:\\\/\\\/www.ledizioni.it\\\/\",\"logo\":{\"@type\":\"ImageObject\",\"inLanguage\":\"en-GB\",\"@id\":\"https:\\\/\\\/www.ledizioni.it\\\/#\\\/schema\\\/logo\\\/image\\\/\",\"url\":\"https:\\\/\\\/www.ledizioni.it\\\/stag\\\/wp-content\\\/uploads\\\/2023\\\/10\\\/newlogoledizioni500x110_2-1.jpg\",\"contentUrl\":\"https:\\\/\\\/www.ledizioni.it\\\/stag\\\/wp-content\\\/uploads\\\/2023\\\/10\\\/newlogoledizioni500x110_2-1.jpg\",\"width\":354,\"height\":87,\"caption\":\"Ledizioni\"},\"image\":{\"@id\":\"https:\\\/\\\/www.ledizioni.it\\\/#\\\/schema\\\/logo\\\/image\\\/\"},\"sameAs\":[\"https:\\\/\\\/www.facebook.com\\\/pages\\\/Ledizioni-LediPublishing\\\/109120559173329\",\"https:\\\/\\\/x.com\\\/ledizioni\"]}]}<\/script>\n<!-- \/ Yoast SEO plugin. -->","yoast_head_json":{"title":"Cesvi - Ispi, MIGRANTI: LA SFIDA DELL'INTEGRAZIONE -","description":"Ledizioni - Innovative Publishing. Casa editrice universitaria. Open Access. eBook, ePub. Creative Commons.","robots":{"index":"index","follow":"follow","max-snippet":"max-snippet:-1","max-image-preview":"max-image-preview:large","max-video-preview":"max-video-preview:-1"},"canonical":"https:\/\/www.ledizioni.it\/en\/product\/cesvi-ispi-migranti-sfida-integrazione\/","og_locale":"en_GB","og_type":"article","og_title":"Cesvi - Ispi, MIGRANTI: LA SFIDA DELL'INTEGRAZIONE -","og_description":"Ledizioni - Innovative Publishing. Casa editrice universitaria. Open Access. eBook, ePub. Creative Commons.","og_url":"https:\/\/www.ledizioni.it\/en\/product\/cesvi-ispi-migranti-sfida-integrazione\/","og_site_name":"Ledizioni","article_publisher":"https:\/\/www.facebook.com\/pages\/Ledizioni-LediPublishing\/109120559173329","article_modified_time":"2019-10-04T08:43:05+00:00","og_image":[{"width":400,"height":520,"url":"https:\/\/www.ledizioni.it\/stag\/wp-content\/uploads\/2018\/09\/Migranti_3D.jpg","type":"image\/jpeg"}],"twitter_card":"summary_large_image","twitter_site":"@ledizioni","twitter_misc":{"Estimated reading time":"3 minutes"},"schema":{"@context":"https:\/\/schema.org","@graph":[{"@type":"WebPage","@id":"https:\/\/www.ledizioni.it\/en\/product\/cesvi-ispi-migranti-sfida-integrazione\/","url":"https:\/\/www.ledizioni.it\/en\/product\/cesvi-ispi-migranti-sfida-integrazione\/","name":"Cesvi - Ispi, MIGRANTI: LA SFIDA DELL'INTEGRAZIONE -","isPartOf":{"@id":"https:\/\/www.ledizioni.it\/#website"},"primaryImageOfPage":{"@id":"https:\/\/www.ledizioni.it\/en\/product\/cesvi-ispi-migranti-sfida-integrazione\/#primaryimage"},"image":{"@id":"https:\/\/www.ledizioni.it\/en\/product\/cesvi-ispi-migranti-sfida-integrazione\/#primaryimage"},"thumbnailUrl":"https:\/\/www.ledizioni.it\/stag\/wp-content\/uploads\/2018\/09\/Migranti_3D.jpg","datePublished":"2018-09-20T09:53:29+00:00","dateModified":"2019-10-04T08:43:05+00:00","description":"Ledizioni - Innovative Publishing. Casa editrice universitaria. Open Access. eBook, ePub. Creative Commons.","breadcrumb":{"@id":"https:\/\/www.ledizioni.it\/en\/product\/cesvi-ispi-migranti-sfida-integrazione\/#breadcrumb"},"inLanguage":"en-GB","potentialAction":[{"@type":"ReadAction","target":["https:\/\/www.ledizioni.it\/en\/product\/cesvi-ispi-migranti-sfida-integrazione\/"]}]},{"@type":"ImageObject","inLanguage":"en-GB","@id":"https:\/\/www.ledizioni.it\/en\/product\/cesvi-ispi-migranti-sfida-integrazione\/#primaryimage","url":"https:\/\/www.ledizioni.it\/stag\/wp-content\/uploads\/2018\/09\/Migranti_3D.jpg","contentUrl":"https:\/\/www.ledizioni.it\/stag\/wp-content\/uploads\/2018\/09\/Migranti_3D.jpg","width":400,"height":520},{"@type":"BreadcrumbList","@id":"https:\/\/www.ledizioni.it\/en\/product\/cesvi-ispi-migranti-sfida-integrazione\/#breadcrumb","itemListElement":[{"@type":"ListItem","position":1,"name":"Shop","item":"https:\/\/www.ledizioni.it\/shop-2\/"},{"@type":"ListItem","position":2,"name":"Cesvi &#8211; Ispi, MIGRANTI: LA SFIDA DELL&#8217;INTEGRAZIONE"}]},{"@type":"WebSite","@id":"https:\/\/www.ledizioni.it\/#website","url":"https:\/\/www.ledizioni.it\/","name":"Ledizioni","description":"The Innovative LediPublishing Company - Casa Editrice Universitaria","publisher":{"@id":"https:\/\/www.ledizioni.it\/#organization"},"potentialAction":[{"@type":"SearchAction","target":{"@type":"EntryPoint","urlTemplate":"https:\/\/www.ledizioni.it\/?s={search_term_string}"},"query-input":{"@type":"PropertyValueSpecification","valueRequired":true,"valueName":"search_term_string"}}],"inLanguage":"en-GB"},{"@type":"Organization","@id":"https:\/\/www.ledizioni.it\/#organization","name":"Ledizioni","url":"https:\/\/www.ledizioni.it\/","logo":{"@type":"ImageObject","inLanguage":"en-GB","@id":"https:\/\/www.ledizioni.it\/#\/schema\/logo\/image\/","url":"https:\/\/www.ledizioni.it\/stag\/wp-content\/uploads\/2023\/10\/newlogoledizioni500x110_2-1.jpg","contentUrl":"https:\/\/www.ledizioni.it\/stag\/wp-content\/uploads\/2023\/10\/newlogoledizioni500x110_2-1.jpg","width":354,"height":87,"caption":"Ledizioni"},"image":{"@id":"https:\/\/www.ledizioni.it\/#\/schema\/logo\/image\/"},"sameAs":["https:\/\/www.facebook.com\/pages\/Ledizioni-LediPublishing\/109120559173329","https:\/\/x.com\/ledizioni"]}]}},"jetpack_sharing_enabled":true,"_links":{"self":[{"href":"https:\/\/www.ledizioni.it\/en\/wp-json\/wp\/v2\/product\/19884","targetHints":{"allow":["GET"]}}],"collection":[{"href":"https:\/\/www.ledizioni.it\/en\/wp-json\/wp\/v2\/product"}],"about":[{"href":"https:\/\/www.ledizioni.it\/en\/wp-json\/wp\/v2\/types\/product"}],"replies":[{"embeddable":true,"href":"https:\/\/www.ledizioni.it\/en\/wp-json\/wp\/v2\/comments?post=19884"}],"version-history":[{"count":1,"href":"https:\/\/www.ledizioni.it\/en\/wp-json\/wp\/v2\/product\/19884\/revisions"}],"predecessor-version":[{"id":25055,"href":"https:\/\/www.ledizioni.it\/en\/wp-json\/wp\/v2\/product\/19884\/revisions\/25055"}],"wp:featuredmedia":[{"embeddable":true,"href":"https:\/\/www.ledizioni.it\/en\/wp-json\/wp\/v2\/media\/19887"}],"wp:attachment":[{"href":"https:\/\/www.ledizioni.it\/en\/wp-json\/wp\/v2\/media?parent=19884"}],"wp:term":[{"taxonomy":"product_brand","embeddable":true,"href":"https:\/\/www.ledizioni.it\/en\/wp-json\/wp\/v2\/product_brand?post=19884"},{"taxonomy":"product_cat","embeddable":true,"href":"https:\/\/www.ledizioni.it\/en\/wp-json\/wp\/v2\/product_cat?post=19884"},{"taxonomy":"product_tag","embeddable":true,"href":"https:\/\/www.ledizioni.it\/en\/wp-json\/wp\/v2\/product_tag?post=19884"}],"curies":[{"name":"wp","href":"https:\/\/api.w.org\/{rel}","templated":true}]}}