{"id":19913,"date":"2018-09-21T10:25:38","date_gmt":"2018-09-21T10:25:38","guid":{"rendered":"https:\/\/www.ledizioni.it\/?post_type=product&#038;p=19913"},"modified":"2021-06-11T17:10:53","modified_gmt":"2021-06-11T15:10:53","slug":"e-marra-d-diamantini-a-cura-di-urban-graffiti","status":"publish","type":"product","link":"https:\/\/www.ledizioni.it\/en\/product\/e-marra-d-diamantini-a-cura-di-urban-graffiti\/","title":{"rendered":"URBAN GRAFFITI"},"content":{"rendered":"<p style=\"text-align: justify;\">Il volume che vi presentiamo cerca di scandagliare i temi della percezione dei territori in quanto, come ben ricorda David Harvey nel suo \u201cLa crisi della modernit\u00e0\u201d, a partire dall\u2019Illuminismo in poi i territori vengono cartografati, censiti e monitorati in modo analitico, soprattutto a fini fiscali, di governo e controllo del territorio.<br \/>\nLo spazio che prima \u00e8 \u201csconfinato\u201d, (letteralmente senza confini), anche se non infinito, viene delimitato da confini di tipo amministrativo, burocratico, politico, ecc. In realt\u00e0 come dimostrano oggi le grandi realt\u00e0 urbane e metropolitane, \u00e8 molto difficile dire dove inizi e dove finisca una citt\u00e0.<br \/>\nMilano finisce nel quartiere Bicocca e gli abitanti di Sesto San Giovanni non possono essere considerati milanesi, o \u00e8 solo un problema di definizione dei confini? Se non ci fossero i cartelli stradali che indicano che sto passando dal Comune di Milano a quello di Sesto San Giovanni, probabilmente non potremmo capire che stiamo passando da un comune ad un altro e riconoscere in quale ci troviamo.<br \/>\nIl dialogo tra dimensione locale e nazionale attraversa tutto il volume e lo rende uno strumento versatile per lo studio dei percorsi di innovazione territoriale in contesti anche molto differenti, fornendo una serie di spunti di riflessione e di linee guida per pianificare interventi concreti.<\/p>\n<p style=\"text-align: justify;\"><strong><em>Davide Diamantini<\/em><\/strong> \u00e8 professore associato per il Settore Disciplinare di Sociologia dei processi economici, del lavoro, dell\u2019ambiente e del territorio presso il Dipartimento di Scienze Umane per la Formazione dell\u2019Universit\u00e0 di Milano-Bicocca. Insegna \u201cSociologia dell\u2019Innovazione d\u2019Impresa\u201d e si occupa dei fenomeni che caratterizzano la Societ\u00e0 dell\u2019informazione.<\/p>\n<p><strong>DATI BIBLIOGRAFICI<\/strong><br \/>\nA cura di: Ezio Marra, Davide Diamantini<br \/>\nEditore: Ledizioni<br \/>\nPubblicato nel: settembre 2018<br \/>\nCollana: <a href=\"https:\/\/www.ledizioni.it\/en\/product-category\/sociology\/esplorazioni-urbane\/\">Urban Explorations<\/a><br \/>\nFormato: brossura, 187 p.<br \/>\nISBN: 9788867058525<br \/>\nPrezzo: 28 \u20ac<\/p>\n<p><a href=\"https:\/\/www.torrossa.com\/it\/resources\/an\/4452212\"><img decoding=\"async\" class=\"aligncenter wp-image-23912\" src=\"https:\/\/www.ledizioni.it\/stag\/wp-content\/uploads\/2019\/07\/torrossa_web-150x80.jpg\" alt=\"\" width=\"200\" height=\"60\" \/><\/a><\/p>","protected":false},"excerpt":{"rendered":"<p>Il volume che vi presentiamo cerca di scandagliare i temi della percezione dei territori in quanto, come ben ricorda David<\/p>","protected":false},"featured_media":19914,"comment_status":"open","ping_status":"closed","template":"","meta":{"_acf_changed":false},"product_brand":[],"product_cat":[1654],"product_tag":[655,2161,2437,2492,828,527],"class_list":{"0":"post-19913","1":"product","2":"type-product","3":"status-publish","4":"has-post-thumbnail","6":"product_cat-esplorazioni-urbane","7":"product_tag-milano","8":"product_tag-periferie","9":"product_tag-ricerca-sociologica","10":"product_tag-sociologia-del-territorio","11":"product_tag-citta-2","12":"product_tag-territorio","14":"first","15":"instock","16":"shipping-taxable","17":"purchasable","18":"product-type-simple"},"acf":[],"yoast_head":"<!-- This site is optimized with the Yoast SEO plugin v27.5 - https:\/\/yoast.com\/product\/yoast-seo-wordpress\/ -->\n<title>URBAN GRAFFITI -<\/title>\n<meta name=\"description\" content=\"Ledizioni - Innovative Publishing. Casa editrice universitaria. Open Access. eBook, ePub. Creative Commons.\" \/>\n<meta name=\"robots\" content=\"index, follow, max-snippet:-1, max-image-preview:large, max-video-preview:-1\" \/>\n<link rel=\"canonical\" href=\"https:\/\/www.ledizioni.it\/en\/product\/e-marra-d-diamantini-a-cura-di-urban-graffiti\/\" \/>\n<meta property=\"og:locale\" content=\"en_GB\" \/>\n<meta property=\"og:type\" content=\"article\" \/>\n<meta property=\"og:title\" content=\"URBAN GRAFFITI -\" \/>\n<meta property=\"og:description\" content=\"Ledizioni - Innovative Publishing. Casa editrice universitaria. Open Access. eBook, ePub. Creative Commons.\" \/>\n<meta property=\"og:url\" content=\"https:\/\/www.ledizioni.it\/en\/product\/e-marra-d-diamantini-a-cura-di-urban-graffiti\/\" \/>\n<meta property=\"og:site_name\" content=\"Ledizioni\" \/>\n<meta property=\"article:publisher\" content=\"https:\/\/www.facebook.com\/pages\/Ledizioni-LediPublishing\/109120559173329\" \/>\n<meta property=\"article:modified_time\" content=\"2021-06-11T15:10:53+00:00\" \/>\n<meta property=\"og:image\" content=\"https:\/\/www.ledizioni.it\/stag\/wp-content\/uploads\/2018\/09\/Urban_3D.jpg\" \/>\n\t<meta property=\"og:image:width\" content=\"400\" \/>\n\t<meta property=\"og:image:height\" content=\"493\" \/>\n\t<meta property=\"og:image:type\" content=\"image\/jpeg\" \/>\n<meta name=\"twitter:card\" content=\"summary_large_image\" \/>\n<meta name=\"twitter:site\" content=\"@ledizioni\" \/>\n<meta name=\"twitter:label1\" content=\"Estimated reading time\" \/>\n\t<meta name=\"twitter:data1\" content=\"1 minute\" \/>\n<script type=\"application\/ld+json\" class=\"yoast-schema-graph\">{\"@context\":\"https:\\\/\\\/schema.org\",\"@graph\":[{\"@type\":\"WebPage\",\"@id\":\"https:\\\/\\\/www.ledizioni.it\\\/prodotto\\\/e-marra-d-diamantini-a-cura-di-urban-graffiti\\\/\",\"url\":\"https:\\\/\\\/www.ledizioni.it\\\/prodotto\\\/e-marra-d-diamantini-a-cura-di-urban-graffiti\\\/\",\"name\":\"URBAN GRAFFITI -\",\"isPartOf\":{\"@id\":\"https:\\\/\\\/www.ledizioni.it\\\/#website\"},\"primaryImageOfPage\":{\"@id\":\"https:\\\/\\\/www.ledizioni.it\\\/prodotto\\\/e-marra-d-diamantini-a-cura-di-urban-graffiti\\\/#primaryimage\"},\"image\":{\"@id\":\"https:\\\/\\\/www.ledizioni.it\\\/prodotto\\\/e-marra-d-diamantini-a-cura-di-urban-graffiti\\\/#primaryimage\"},\"thumbnailUrl\":\"https:\\\/\\\/www.ledizioni.it\\\/stag\\\/wp-content\\\/uploads\\\/2018\\\/09\\\/Urban_3D.jpg\",\"datePublished\":\"2018-09-21T10:25:38+00:00\",\"dateModified\":\"2021-06-11T15:10:53+00:00\",\"description\":\"Ledizioni - Innovative Publishing. Casa editrice universitaria. Open Access. eBook, ePub. Creative Commons.\",\"breadcrumb\":{\"@id\":\"https:\\\/\\\/www.ledizioni.it\\\/prodotto\\\/e-marra-d-diamantini-a-cura-di-urban-graffiti\\\/#breadcrumb\"},\"inLanguage\":\"en-GB\",\"potentialAction\":[{\"@type\":\"ReadAction\",\"target\":[\"https:\\\/\\\/www.ledizioni.it\\\/prodotto\\\/e-marra-d-diamantini-a-cura-di-urban-graffiti\\\/\"]}]},{\"@type\":\"ImageObject\",\"inLanguage\":\"en-GB\",\"@id\":\"https:\\\/\\\/www.ledizioni.it\\\/prodotto\\\/e-marra-d-diamantini-a-cura-di-urban-graffiti\\\/#primaryimage\",\"url\":\"https:\\\/\\\/www.ledizioni.it\\\/stag\\\/wp-content\\\/uploads\\\/2018\\\/09\\\/Urban_3D.jpg\",\"contentUrl\":\"https:\\\/\\\/www.ledizioni.it\\\/stag\\\/wp-content\\\/uploads\\\/2018\\\/09\\\/Urban_3D.jpg\",\"width\":400,\"height\":493},{\"@type\":\"BreadcrumbList\",\"@id\":\"https:\\\/\\\/www.ledizioni.it\\\/prodotto\\\/e-marra-d-diamantini-a-cura-di-urban-graffiti\\\/#breadcrumb\",\"itemListElement\":[{\"@type\":\"ListItem\",\"position\":1,\"name\":\"Shop\",\"item\":\"https:\\\/\\\/www.ledizioni.it\\\/shop-2\\\/\"},{\"@type\":\"ListItem\",\"position\":2,\"name\":\"URBAN GRAFFITI\"}]},{\"@type\":\"WebSite\",\"@id\":\"https:\\\/\\\/www.ledizioni.it\\\/#website\",\"url\":\"https:\\\/\\\/www.ledizioni.it\\\/\",\"name\":\"Ledizioni\",\"description\":\"The Innovative LediPublishing Company - Casa Editrice Universitaria\",\"publisher\":{\"@id\":\"https:\\\/\\\/www.ledizioni.it\\\/#organization\"},\"potentialAction\":[{\"@type\":\"SearchAction\",\"target\":{\"@type\":\"EntryPoint\",\"urlTemplate\":\"https:\\\/\\\/www.ledizioni.it\\\/?s={search_term_string}\"},\"query-input\":{\"@type\":\"PropertyValueSpecification\",\"valueRequired\":true,\"valueName\":\"search_term_string\"}}],\"inLanguage\":\"en-GB\"},{\"@type\":\"Organization\",\"@id\":\"https:\\\/\\\/www.ledizioni.it\\\/#organization\",\"name\":\"Ledizioni\",\"url\":\"https:\\\/\\\/www.ledizioni.it\\\/\",\"logo\":{\"@type\":\"ImageObject\",\"inLanguage\":\"en-GB\",\"@id\":\"https:\\\/\\\/www.ledizioni.it\\\/#\\\/schema\\\/logo\\\/image\\\/\",\"url\":\"https:\\\/\\\/www.ledizioni.it\\\/stag\\\/wp-content\\\/uploads\\\/2023\\\/10\\\/newlogoledizioni500x110_2-1.jpg\",\"contentUrl\":\"https:\\\/\\\/www.ledizioni.it\\\/stag\\\/wp-content\\\/uploads\\\/2023\\\/10\\\/newlogoledizioni500x110_2-1.jpg\",\"width\":354,\"height\":87,\"caption\":\"Ledizioni\"},\"image\":{\"@id\":\"https:\\\/\\\/www.ledizioni.it\\\/#\\\/schema\\\/logo\\\/image\\\/\"},\"sameAs\":[\"https:\\\/\\\/www.facebook.com\\\/pages\\\/Ledizioni-LediPublishing\\\/109120559173329\",\"https:\\\/\\\/x.com\\\/ledizioni\"]}]}<\/script>\n<!-- \/ Yoast SEO plugin. -->","yoast_head_json":{"title":"URBAN GRAFFITI -","description":"Ledizioni - Innovative Publishing. Casa editrice universitaria. Open Access. eBook, ePub. Creative Commons.","robots":{"index":"index","follow":"follow","max-snippet":"max-snippet:-1","max-image-preview":"max-image-preview:large","max-video-preview":"max-video-preview:-1"},"canonical":"https:\/\/www.ledizioni.it\/en\/product\/e-marra-d-diamantini-a-cura-di-urban-graffiti\/","og_locale":"en_GB","og_type":"article","og_title":"URBAN GRAFFITI -","og_description":"Ledizioni - Innovative Publishing. Casa editrice universitaria. Open Access. eBook, ePub. Creative Commons.","og_url":"https:\/\/www.ledizioni.it\/en\/product\/e-marra-d-diamantini-a-cura-di-urban-graffiti\/","og_site_name":"Ledizioni","article_publisher":"https:\/\/www.facebook.com\/pages\/Ledizioni-LediPublishing\/109120559173329","article_modified_time":"2021-06-11T15:10:53+00:00","og_image":[{"width":400,"height":493,"url":"https:\/\/www.ledizioni.it\/stag\/wp-content\/uploads\/2018\/09\/Urban_3D.jpg","type":"image\/jpeg"}],"twitter_card":"summary_large_image","twitter_site":"@ledizioni","twitter_misc":{"Estimated reading time":"1 minute"},"schema":{"@context":"https:\/\/schema.org","@graph":[{"@type":"WebPage","@id":"https:\/\/www.ledizioni.it\/prodotto\/e-marra-d-diamantini-a-cura-di-urban-graffiti\/","url":"https:\/\/www.ledizioni.it\/prodotto\/e-marra-d-diamantini-a-cura-di-urban-graffiti\/","name":"URBAN GRAFFITI -","isPartOf":{"@id":"https:\/\/www.ledizioni.it\/#website"},"primaryImageOfPage":{"@id":"https:\/\/www.ledizioni.it\/prodotto\/e-marra-d-diamantini-a-cura-di-urban-graffiti\/#primaryimage"},"image":{"@id":"https:\/\/www.ledizioni.it\/prodotto\/e-marra-d-diamantini-a-cura-di-urban-graffiti\/#primaryimage"},"thumbnailUrl":"https:\/\/www.ledizioni.it\/stag\/wp-content\/uploads\/2018\/09\/Urban_3D.jpg","datePublished":"2018-09-21T10:25:38+00:00","dateModified":"2021-06-11T15:10:53+00:00","description":"Ledizioni - Innovative Publishing. Casa editrice universitaria. Open Access. eBook, ePub. Creative Commons.","breadcrumb":{"@id":"https:\/\/www.ledizioni.it\/prodotto\/e-marra-d-diamantini-a-cura-di-urban-graffiti\/#breadcrumb"},"inLanguage":"en-GB","potentialAction":[{"@type":"ReadAction","target":["https:\/\/www.ledizioni.it\/prodotto\/e-marra-d-diamantini-a-cura-di-urban-graffiti\/"]}]},{"@type":"ImageObject","inLanguage":"en-GB","@id":"https:\/\/www.ledizioni.it\/prodotto\/e-marra-d-diamantini-a-cura-di-urban-graffiti\/#primaryimage","url":"https:\/\/www.ledizioni.it\/stag\/wp-content\/uploads\/2018\/09\/Urban_3D.jpg","contentUrl":"https:\/\/www.ledizioni.it\/stag\/wp-content\/uploads\/2018\/09\/Urban_3D.jpg","width":400,"height":493},{"@type":"BreadcrumbList","@id":"https:\/\/www.ledizioni.it\/prodotto\/e-marra-d-diamantini-a-cura-di-urban-graffiti\/#breadcrumb","itemListElement":[{"@type":"ListItem","position":1,"name":"Shop","item":"https:\/\/www.ledizioni.it\/shop-2\/"},{"@type":"ListItem","position":2,"name":"URBAN GRAFFITI"}]},{"@type":"WebSite","@id":"https:\/\/www.ledizioni.it\/#website","url":"https:\/\/www.ledizioni.it\/","name":"Ledizioni","description":"The Innovative LediPublishing Company - Casa Editrice Universitaria","publisher":{"@id":"https:\/\/www.ledizioni.it\/#organization"},"potentialAction":[{"@type":"SearchAction","target":{"@type":"EntryPoint","urlTemplate":"https:\/\/www.ledizioni.it\/?s={search_term_string}"},"query-input":{"@type":"PropertyValueSpecification","valueRequired":true,"valueName":"search_term_string"}}],"inLanguage":"en-GB"},{"@type":"Organization","@id":"https:\/\/www.ledizioni.it\/#organization","name":"Ledizioni","url":"https:\/\/www.ledizioni.it\/","logo":{"@type":"ImageObject","inLanguage":"en-GB","@id":"https:\/\/www.ledizioni.it\/#\/schema\/logo\/image\/","url":"https:\/\/www.ledizioni.it\/stag\/wp-content\/uploads\/2023\/10\/newlogoledizioni500x110_2-1.jpg","contentUrl":"https:\/\/www.ledizioni.it\/stag\/wp-content\/uploads\/2023\/10\/newlogoledizioni500x110_2-1.jpg","width":354,"height":87,"caption":"Ledizioni"},"image":{"@id":"https:\/\/www.ledizioni.it\/#\/schema\/logo\/image\/"},"sameAs":["https:\/\/www.facebook.com\/pages\/Ledizioni-LediPublishing\/109120559173329","https:\/\/x.com\/ledizioni"]}]}},"jetpack_sharing_enabled":true,"_links":{"self":[{"href":"https:\/\/www.ledizioni.it\/en\/wp-json\/wp\/v2\/product\/19913","targetHints":{"allow":["GET"]}}],"collection":[{"href":"https:\/\/www.ledizioni.it\/en\/wp-json\/wp\/v2\/product"}],"about":[{"href":"https:\/\/www.ledizioni.it\/en\/wp-json\/wp\/v2\/types\/product"}],"replies":[{"embeddable":true,"href":"https:\/\/www.ledizioni.it\/en\/wp-json\/wp\/v2\/comments?post=19913"}],"version-history":[{"count":0,"href":"https:\/\/www.ledizioni.it\/en\/wp-json\/wp\/v2\/product\/19913\/revisions"}],"wp:featuredmedia":[{"embeddable":true,"href":"https:\/\/www.ledizioni.it\/en\/wp-json\/wp\/v2\/media\/19914"}],"wp:attachment":[{"href":"https:\/\/www.ledizioni.it\/en\/wp-json\/wp\/v2\/media?parent=19913"}],"wp:term":[{"taxonomy":"product_brand","embeddable":true,"href":"https:\/\/www.ledizioni.it\/en\/wp-json\/wp\/v2\/product_brand?post=19913"},{"taxonomy":"product_cat","embeddable":true,"href":"https:\/\/www.ledizioni.it\/en\/wp-json\/wp\/v2\/product_cat?post=19913"},{"taxonomy":"product_tag","embeddable":true,"href":"https:\/\/www.ledizioni.it\/en\/wp-json\/wp\/v2\/product_tag?post=19913"}],"curies":[{"name":"wp","href":"https:\/\/api.w.org\/{rel}","templated":true}]}}