{"id":20009,"date":"2018-10-01T13:09:02","date_gmt":"2018-10-01T11:09:02","guid":{"rendered":"https:\/\/www.ledizioni.it\/?post_type=product&#038;p=20009"},"modified":"2024-05-14T15:38:56","modified_gmt":"2024-05-14T13:38:56","slug":"come-il-mondo-ha-cambiato-i-social-media","status":"publish","type":"product","link":"https:\/\/www.ledizioni.it\/en\/product\/come-il-mondo-ha-cambiato-i-social-media\/","title":{"rendered":"COME IL MONDO HA CAMBIATO I SOCIAL MEDIA"},"content":{"rendered":"<p style=\"text-align: justify;\"><em>Come il mondo ha cambiato i social media<\/em> \u00e8 il volume complessivo di comparazione dei risultati di un\u2019ampia indagine etnografica, coordinata da Daniel Miller, dall\u2019eloquente titolo \u201cWhy We Post\u201d. Nove ricercatori, incluso Miller, hanno trascorso 15 mesi sul campo, in diversi paesi del mondo (Italia del sud, Turchia sudorientale, due siti in Cina, area rurale e area industriale, Trinidad, Inghilterra, India del sud, Cile settentrionale e Brasile) a osservare e studiare, con un approccio etnografico, i modi in cui le persone usano i social media. \u00c8 un fatto indiscutibile che i social sono entrati nella nostra vita con prepotenza, in modo capillare, per certi aspetti invasivo. Con un linguaggio fluido, talvolta anche colloquiale, il lettore \u00e8 condotto all\u2019interno di un ambito che gli sembra di conoscere, se non altro perch\u00e9 ne siamo tutti, pi\u00f9 o meno, utenti, scoprendo per\u00f2 quanto di valori, di comportamenti culturalmente codificati, di \u2018polizia morale\u2019 ci sia dentro i social media. L\u2019approccio qui presentato parte infatti da un\u2019idea un po\u2019 diversa rispetto a quelle pi\u00f9 diffuse, e avvalorata nel corso della ricerca: se \u00e8 indubbio che i social media hanno cambiato il mondo, la questione pi\u00f9 interessante riguarda per\u00f2 il modo in cui il mondo li ha cambiati.<\/p>\n<p><strong>DATI BIBLIOGRAFICI<\/strong><br \/>\nAutori: Daniel Miller, Elisabetta Costa, Nell Haynes, Tom McDonald, Razvan Nicolescu, Jolynna Sinanan, Juliano Spyer, Sharimam Venkatraman, Xinyuan Wang<br \/>\nEdizione italiana a cura di: Gabriella D\u2019Agostino, Vincenzo Matera<br \/>\nEditore: Ledizioni<br \/>\nPubblicato nel: settembre 2018<br \/>\nFormato: brossura, 324 p.<br \/>\nCollana: <a href=\"https:\/\/www.ledizioni.it\/en\/collane\/antropologia-2\/antropologia-della-contemporaneita-adc\/\">Antropologia della Contemporaneit\u00e0<\/a><br \/>\nISBN: 9788867057832<br \/>\nPrezzo: 18\u20ac<\/p>\n<p>Leggi un <a href=\"https:\/\/www.ledizioni.it\/stag\/wp-content\/uploads\/2018\/10\/Miller_estratto.pdf\">estratto<\/a><\/p>\n<p><a href=\"https:\/\/www.amazon.it\/gp\/product\/8867057839\/ref=as_li_tl?ie=UTF8&amp;camp=3414&amp;creative=21718&amp;creativeASIN=8867057839&amp;linkCode=as2&amp;tag=ledizioni-21&amp;linkId=21587617ce23b3075bd3743ada8c92c3\" target=\"_blank\" rel=\"noopener\"><img decoding=\"async\" class=\"aligncenter size-medium wp-image-23060\" src=\"https:\/\/www.ledizioni.it\/stag\/wp-content\/uploads\/2018\/10\/pulsante-amazon-1-300x104.jpg\" alt=\"\" width=\"300\" height=\"104\" srcset=\"https:\/\/www.ledizioni.it\/stag\/wp-content\/uploads\/2018\/10\/pulsante-amazon-1-300x104.jpg 300w, https:\/\/www.ledizioni.it\/stag\/wp-content\/uploads\/2018\/10\/pulsante-amazon-1-400x139.jpg 400w, https:\/\/www.ledizioni.it\/stag\/wp-content\/uploads\/2018\/10\/pulsante-amazon-1-768x266.jpg 768w, https:\/\/www.ledizioni.it\/stag\/wp-content\/uploads\/2018\/10\/pulsante-amazon-1.jpg 1024w, https:\/\/www.ledizioni.it\/stag\/wp-content\/uploads\/2018\/10\/pulsante-amazon-1-183x63.jpg 183w, https:\/\/www.ledizioni.it\/stag\/wp-content\/uploads\/2018\/10\/pulsante-amazon-1-369x128.jpg 369w\" sizes=\"(max-width: 300px) 100vw, 300px\" \/><\/a><img decoding=\"async\" style=\"border: none !important; margin: 0px !important;\" src=\"\/\/ir-it.amazon-adsystem.com\/e\/ir?t=ledizioni-21&amp;l=am2&amp;o=29&amp;a=8867057839\" alt=\"\" width=\"1\" height=\"1\" border=\"0\" \/><\/p>","protected":false},"excerpt":{"rendered":"<p>Come il mondo ha cambiato i social media \u00e8 il volume complessivo di comparazione dei risultati di un\u2019ampia indagine etnografica,<\/p>","protected":false},"featured_media":20010,"comment_status":"open","ping_status":"closed","template":"","meta":{"_acf_changed":false},"product_brand":[],"product_cat":[1768],"product_tag":[1335,916,853],"class_list":{"0":"post-20009","1":"product","2":"type-product","3":"status-publish","4":"has-post-thumbnail","6":"product_cat-antropologia-della-contemporaneita","7":"product_tag-comunicazione","8":"product_tag-internet","9":"product_tag-social-media","11":"first","12":"instock","13":"featured","14":"shipping-taxable","15":"purchasable","16":"product-type-simple"},"acf":[],"yoast_head":"<!-- This site is optimized with the Yoast SEO plugin v27.5 - https:\/\/yoast.com\/product\/yoast-seo-wordpress\/ -->\n<title>COME IL MONDO HA CAMBIATO I SOCIAL MEDIA -<\/title>\n<meta name=\"description\" content=\"Ledizioni - Innovative Publishing. Casa editrice universitaria. Open Access. eBook, ePub. Creative Commons.\" \/>\n<meta name=\"robots\" content=\"index, follow, max-snippet:-1, max-image-preview:large, max-video-preview:-1\" \/>\n<link rel=\"canonical\" href=\"https:\/\/www.ledizioni.it\/en\/product\/come-il-mondo-ha-cambiato-i-social-media\/\" \/>\n<meta property=\"og:locale\" content=\"en_GB\" \/>\n<meta property=\"og:type\" content=\"article\" \/>\n<meta property=\"og:title\" content=\"COME IL MONDO HA CAMBIATO I SOCIAL MEDIA -\" \/>\n<meta property=\"og:description\" content=\"Ledizioni - Innovative Publishing. Casa editrice universitaria. Open Access. eBook, ePub. Creative Commons.\" \/>\n<meta property=\"og:url\" content=\"https:\/\/www.ledizioni.it\/en\/product\/come-il-mondo-ha-cambiato-i-social-media\/\" \/>\n<meta property=\"og:site_name\" content=\"Ledizioni\" \/>\n<meta property=\"article:publisher\" content=\"https:\/\/www.facebook.com\/pages\/Ledizioni-LediPublishing\/109120559173329\" \/>\n<meta property=\"article:modified_time\" content=\"2024-05-14T13:38:56+00:00\" \/>\n<meta property=\"og:image\" content=\"https:\/\/www.ledizioni.it\/stag\/wp-content\/uploads\/2018\/10\/Miller_media_3D.jpg\" \/>\n\t<meta property=\"og:image:width\" content=\"400\" \/>\n\t<meta property=\"og:image:height\" content=\"526\" \/>\n\t<meta property=\"og:image:type\" content=\"image\/jpeg\" \/>\n<meta name=\"twitter:card\" content=\"summary_large_image\" \/>\n<meta name=\"twitter:site\" content=\"@ledizioni\" \/>\n<meta name=\"twitter:label1\" content=\"Estimated reading time\" \/>\n\t<meta name=\"twitter:data1\" content=\"2 minutes\" \/>\n<script type=\"application\/ld+json\" class=\"yoast-schema-graph\">{\"@context\":\"https:\\\/\\\/schema.org\",\"@graph\":[{\"@type\":\"WebPage\",\"@id\":\"https:\\\/\\\/www.ledizioni.it\\\/prodotto\\\/come-il-mondo-ha-cambiato-i-social-media\\\/\",\"url\":\"https:\\\/\\\/www.ledizioni.it\\\/prodotto\\\/come-il-mondo-ha-cambiato-i-social-media\\\/\",\"name\":\"COME IL MONDO HA CAMBIATO I SOCIAL MEDIA -\",\"isPartOf\":{\"@id\":\"https:\\\/\\\/www.ledizioni.it\\\/#website\"},\"primaryImageOfPage\":{\"@id\":\"https:\\\/\\\/www.ledizioni.it\\\/prodotto\\\/come-il-mondo-ha-cambiato-i-social-media\\\/#primaryimage\"},\"image\":{\"@id\":\"https:\\\/\\\/www.ledizioni.it\\\/prodotto\\\/come-il-mondo-ha-cambiato-i-social-media\\\/#primaryimage\"},\"thumbnailUrl\":\"https:\\\/\\\/www.ledizioni.it\\\/stag\\\/wp-content\\\/uploads\\\/2018\\\/10\\\/Miller_media_3D.jpg\",\"datePublished\":\"2018-10-01T11:09:02+00:00\",\"dateModified\":\"2024-05-14T13:38:56+00:00\",\"description\":\"Ledizioni - Innovative Publishing. Casa editrice universitaria. Open Access. eBook, ePub. Creative Commons.\",\"breadcrumb\":{\"@id\":\"https:\\\/\\\/www.ledizioni.it\\\/prodotto\\\/come-il-mondo-ha-cambiato-i-social-media\\\/#breadcrumb\"},\"inLanguage\":\"en-GB\",\"potentialAction\":[{\"@type\":\"ReadAction\",\"target\":[\"https:\\\/\\\/www.ledizioni.it\\\/prodotto\\\/come-il-mondo-ha-cambiato-i-social-media\\\/\"]}]},{\"@type\":\"ImageObject\",\"inLanguage\":\"en-GB\",\"@id\":\"https:\\\/\\\/www.ledizioni.it\\\/prodotto\\\/come-il-mondo-ha-cambiato-i-social-media\\\/#primaryimage\",\"url\":\"https:\\\/\\\/www.ledizioni.it\\\/stag\\\/wp-content\\\/uploads\\\/2018\\\/10\\\/Miller_media_3D.jpg\",\"contentUrl\":\"https:\\\/\\\/www.ledizioni.it\\\/stag\\\/wp-content\\\/uploads\\\/2018\\\/10\\\/Miller_media_3D.jpg\",\"width\":400,\"height\":526},{\"@type\":\"BreadcrumbList\",\"@id\":\"https:\\\/\\\/www.ledizioni.it\\\/prodotto\\\/come-il-mondo-ha-cambiato-i-social-media\\\/#breadcrumb\",\"itemListElement\":[{\"@type\":\"ListItem\",\"position\":1,\"name\":\"Shop\",\"item\":\"https:\\\/\\\/www.ledizioni.it\\\/shop-2\\\/\"},{\"@type\":\"ListItem\",\"position\":2,\"name\":\"COME IL MONDO HA CAMBIATO I SOCIAL MEDIA\"}]},{\"@type\":\"WebSite\",\"@id\":\"https:\\\/\\\/www.ledizioni.it\\\/#website\",\"url\":\"https:\\\/\\\/www.ledizioni.it\\\/\",\"name\":\"Ledizioni\",\"description\":\"The Innovative LediPublishing Company - Casa Editrice Universitaria\",\"publisher\":{\"@id\":\"https:\\\/\\\/www.ledizioni.it\\\/#organization\"},\"potentialAction\":[{\"@type\":\"SearchAction\",\"target\":{\"@type\":\"EntryPoint\",\"urlTemplate\":\"https:\\\/\\\/www.ledizioni.it\\\/?s={search_term_string}\"},\"query-input\":{\"@type\":\"PropertyValueSpecification\",\"valueRequired\":true,\"valueName\":\"search_term_string\"}}],\"inLanguage\":\"en-GB\"},{\"@type\":\"Organization\",\"@id\":\"https:\\\/\\\/www.ledizioni.it\\\/#organization\",\"name\":\"Ledizioni\",\"url\":\"https:\\\/\\\/www.ledizioni.it\\\/\",\"logo\":{\"@type\":\"ImageObject\",\"inLanguage\":\"en-GB\",\"@id\":\"https:\\\/\\\/www.ledizioni.it\\\/#\\\/schema\\\/logo\\\/image\\\/\",\"url\":\"https:\\\/\\\/www.ledizioni.it\\\/stag\\\/wp-content\\\/uploads\\\/2023\\\/10\\\/newlogoledizioni500x110_2-1.jpg\",\"contentUrl\":\"https:\\\/\\\/www.ledizioni.it\\\/stag\\\/wp-content\\\/uploads\\\/2023\\\/10\\\/newlogoledizioni500x110_2-1.jpg\",\"width\":354,\"height\":87,\"caption\":\"Ledizioni\"},\"image\":{\"@id\":\"https:\\\/\\\/www.ledizioni.it\\\/#\\\/schema\\\/logo\\\/image\\\/\"},\"sameAs\":[\"https:\\\/\\\/www.facebook.com\\\/pages\\\/Ledizioni-LediPublishing\\\/109120559173329\",\"https:\\\/\\\/x.com\\\/ledizioni\"]}]}<\/script>\n<!-- \/ Yoast SEO plugin. -->","yoast_head_json":{"title":"COME IL MONDO HA CAMBIATO I SOCIAL MEDIA -","description":"Ledizioni - Innovative Publishing. Casa editrice universitaria. Open Access. eBook, ePub. Creative Commons.","robots":{"index":"index","follow":"follow","max-snippet":"max-snippet:-1","max-image-preview":"max-image-preview:large","max-video-preview":"max-video-preview:-1"},"canonical":"https:\/\/www.ledizioni.it\/en\/product\/come-il-mondo-ha-cambiato-i-social-media\/","og_locale":"en_GB","og_type":"article","og_title":"COME IL MONDO HA CAMBIATO I SOCIAL MEDIA -","og_description":"Ledizioni - Innovative Publishing. Casa editrice universitaria. Open Access. eBook, ePub. Creative Commons.","og_url":"https:\/\/www.ledizioni.it\/en\/product\/come-il-mondo-ha-cambiato-i-social-media\/","og_site_name":"Ledizioni","article_publisher":"https:\/\/www.facebook.com\/pages\/Ledizioni-LediPublishing\/109120559173329","article_modified_time":"2024-05-14T13:38:56+00:00","og_image":[{"width":400,"height":526,"url":"https:\/\/www.ledizioni.it\/stag\/wp-content\/uploads\/2018\/10\/Miller_media_3D.jpg","type":"image\/jpeg"}],"twitter_card":"summary_large_image","twitter_site":"@ledizioni","twitter_misc":{"Estimated reading time":"2 minutes"},"schema":{"@context":"https:\/\/schema.org","@graph":[{"@type":"WebPage","@id":"https:\/\/www.ledizioni.it\/prodotto\/come-il-mondo-ha-cambiato-i-social-media\/","url":"https:\/\/www.ledizioni.it\/prodotto\/come-il-mondo-ha-cambiato-i-social-media\/","name":"COME IL MONDO HA CAMBIATO I SOCIAL MEDIA -","isPartOf":{"@id":"https:\/\/www.ledizioni.it\/#website"},"primaryImageOfPage":{"@id":"https:\/\/www.ledizioni.it\/prodotto\/come-il-mondo-ha-cambiato-i-social-media\/#primaryimage"},"image":{"@id":"https:\/\/www.ledizioni.it\/prodotto\/come-il-mondo-ha-cambiato-i-social-media\/#primaryimage"},"thumbnailUrl":"https:\/\/www.ledizioni.it\/stag\/wp-content\/uploads\/2018\/10\/Miller_media_3D.jpg","datePublished":"2018-10-01T11:09:02+00:00","dateModified":"2024-05-14T13:38:56+00:00","description":"Ledizioni - Innovative Publishing. Casa editrice universitaria. Open Access. eBook, ePub. Creative Commons.","breadcrumb":{"@id":"https:\/\/www.ledizioni.it\/prodotto\/come-il-mondo-ha-cambiato-i-social-media\/#breadcrumb"},"inLanguage":"en-GB","potentialAction":[{"@type":"ReadAction","target":["https:\/\/www.ledizioni.it\/prodotto\/come-il-mondo-ha-cambiato-i-social-media\/"]}]},{"@type":"ImageObject","inLanguage":"en-GB","@id":"https:\/\/www.ledizioni.it\/prodotto\/come-il-mondo-ha-cambiato-i-social-media\/#primaryimage","url":"https:\/\/www.ledizioni.it\/stag\/wp-content\/uploads\/2018\/10\/Miller_media_3D.jpg","contentUrl":"https:\/\/www.ledizioni.it\/stag\/wp-content\/uploads\/2018\/10\/Miller_media_3D.jpg","width":400,"height":526},{"@type":"BreadcrumbList","@id":"https:\/\/www.ledizioni.it\/prodotto\/come-il-mondo-ha-cambiato-i-social-media\/#breadcrumb","itemListElement":[{"@type":"ListItem","position":1,"name":"Shop","item":"https:\/\/www.ledizioni.it\/shop-2\/"},{"@type":"ListItem","position":2,"name":"COME IL MONDO HA CAMBIATO I SOCIAL MEDIA"}]},{"@type":"WebSite","@id":"https:\/\/www.ledizioni.it\/#website","url":"https:\/\/www.ledizioni.it\/","name":"Ledizioni","description":"The Innovative LediPublishing Company - Casa Editrice Universitaria","publisher":{"@id":"https:\/\/www.ledizioni.it\/#organization"},"potentialAction":[{"@type":"SearchAction","target":{"@type":"EntryPoint","urlTemplate":"https:\/\/www.ledizioni.it\/?s={search_term_string}"},"query-input":{"@type":"PropertyValueSpecification","valueRequired":true,"valueName":"search_term_string"}}],"inLanguage":"en-GB"},{"@type":"Organization","@id":"https:\/\/www.ledizioni.it\/#organization","name":"Ledizioni","url":"https:\/\/www.ledizioni.it\/","logo":{"@type":"ImageObject","inLanguage":"en-GB","@id":"https:\/\/www.ledizioni.it\/#\/schema\/logo\/image\/","url":"https:\/\/www.ledizioni.it\/stag\/wp-content\/uploads\/2023\/10\/newlogoledizioni500x110_2-1.jpg","contentUrl":"https:\/\/www.ledizioni.it\/stag\/wp-content\/uploads\/2023\/10\/newlogoledizioni500x110_2-1.jpg","width":354,"height":87,"caption":"Ledizioni"},"image":{"@id":"https:\/\/www.ledizioni.it\/#\/schema\/logo\/image\/"},"sameAs":["https:\/\/www.facebook.com\/pages\/Ledizioni-LediPublishing\/109120559173329","https:\/\/x.com\/ledizioni"]}]}},"jetpack_sharing_enabled":true,"_links":{"self":[{"href":"https:\/\/www.ledizioni.it\/en\/wp-json\/wp\/v2\/product\/20009","targetHints":{"allow":["GET"]}}],"collection":[{"href":"https:\/\/www.ledizioni.it\/en\/wp-json\/wp\/v2\/product"}],"about":[{"href":"https:\/\/www.ledizioni.it\/en\/wp-json\/wp\/v2\/types\/product"}],"replies":[{"embeddable":true,"href":"https:\/\/www.ledizioni.it\/en\/wp-json\/wp\/v2\/comments?post=20009"}],"version-history":[{"count":1,"href":"https:\/\/www.ledizioni.it\/en\/wp-json\/wp\/v2\/product\/20009\/revisions"}],"predecessor-version":[{"id":65105,"href":"https:\/\/www.ledizioni.it\/en\/wp-json\/wp\/v2\/product\/20009\/revisions\/65105"}],"wp:featuredmedia":[{"embeddable":true,"href":"https:\/\/www.ledizioni.it\/en\/wp-json\/wp\/v2\/media\/20010"}],"wp:attachment":[{"href":"https:\/\/www.ledizioni.it\/en\/wp-json\/wp\/v2\/media?parent=20009"}],"wp:term":[{"taxonomy":"product_brand","embeddable":true,"href":"https:\/\/www.ledizioni.it\/en\/wp-json\/wp\/v2\/product_brand?post=20009"},{"taxonomy":"product_cat","embeddable":true,"href":"https:\/\/www.ledizioni.it\/en\/wp-json\/wp\/v2\/product_cat?post=20009"},{"taxonomy":"product_tag","embeddable":true,"href":"https:\/\/www.ledizioni.it\/en\/wp-json\/wp\/v2\/product_tag?post=20009"}],"curies":[{"name":"wp","href":"https:\/\/api.w.org\/{rel}","templated":true}]}}