{"id":20035,"date":"2018-10-02T12:34:43","date_gmt":"2018-10-02T12:34:43","guid":{"rendered":"https:\/\/www.ledizioni.it\/?post_type=product&#038;p=20035"},"modified":"2021-07-06T18:04:50","modified_gmt":"2021-07-06T16:04:50","slug":"statualita-e-minoranze-meccanismi-di-resistenza-e-integrazione-in-medio-oriente","status":"publish","type":"product","link":"https:\/\/www.ledizioni.it\/en\/product\/statualita-e-minoranze-meccanismi-di-resistenza-e-integrazione-in-medio-oriente\/","title":{"rendered":"STATUALIT\u00c0 E MINORANZE: MECCANISMI DI RESISTENZA E INTEGRAZIONE IN MEDIO ORIENTE"},"content":{"rendered":"<p style=\"text-align: justify;\">L\u2019affermazione e la diffusione del modello di stato nazionale europeo durante il primo Novecento ha innescato in Medio Oriente complessi processi di trasformazione e adattamento nelle comunit\u00e0 etniche, culturali e religiose locali. Nella maggior parte dei casi tale processo si \u00e8 dimostrato strumentale, incompleto e incapace di ricomporre la pluralit\u00e0 socio-identitaria della regione, sollecitando meccanismi di polarizzazione e frammentazione. Muovendo da una prospettiva storica, e guardando al caso dell\u2019Egitto contemporaneo, il volume mostra da un lato le diverse fasi di state-building e nation-building attuate da parte delle \u00e9lite di potere e dall\u2019altro la reazione della comunit\u00e0 copta, che ha sempre cercato di adattare la propria identit\u00e0 a quella assunta dal nuovo stato nazionale.<br \/>\nPartendo dal concetto di <em>mythomoteur<\/em> quale meccanismo mito-simbolico di protezione delle identit\u00e0, l\u2019analisi si sofferma sui tentativi della comunit\u00e0 cristiana d\u2019Egitto di esprimere, in una continua negoziazione, una narrativa identitaria quanto pi\u00f9 legata alla loro origine, ossia al loro essere tanto cristiani quanto egiziani. Tuttavia, nel tentativo di cercare un\u2019integrazione che non annullasse la loro specificit\u00e0 identitaria, i copti hanno mantenuto una contro-narrativa tanto potente da permettere la loro sopravvivenza all\u2019interno dello stato nazionale egiziano.<\/p>\n<p><strong>DATI BIBLIOGRAFICI<\/strong><br \/>\nAutore: Alessia Melcangi<br \/>\nEditore: Ledizioni<br \/>\nPubblicato nel: luglio 2018<br \/>\nFormato: brossura, 238 p.<br \/>\nISBN: 9788867058242<br \/>\nPrezzo: 24\u20ac<\/p>\n<p>Leggi un <a href=\"https:\/\/www.ledizioni.it\/stag\/wp-content\/uploads\/2018\/10\/Melcangi_estratto.pdf\">estratto<\/a><\/p>\n<p><a href=\"https:\/\/www.torrossa.com\/it\/resources\/an\/4419989\"><img decoding=\"async\" class=\"aligncenter wp-image-23912\" src=\"https:\/\/www.ledizioni.it\/stag\/wp-content\/uploads\/2019\/07\/torrossa_web-150x80.jpg\" alt=\"\" width=\"200\" height=\"60\" \/><\/a><\/p>","protected":false},"excerpt":{"rendered":"<p>L\u2019affermazione e la diffusione del modello di stato nazionale europeo durante il primo Novecento ha innescato in Medio Oriente complessi<\/p>","protected":false},"featured_media":20037,"comment_status":"open","ping_status":"closed","template":"","meta":{"_acf_changed":false},"product_brand":[],"product_cat":[1042],"product_tag":[982,858,1772,1769,1536],"class_list":{"0":"post-20035","1":"product","2":"type-product","3":"status-publish","4":"has-post-thumbnail","6":"product_cat-politica","7":"product_tag-africa","8":"product_tag-integrazione","9":"product_tag-medio-oriente","10":"product_tag-minoranze","11":"product_tag-religione","13":"first","14":"instock","15":"featured","16":"shipping-taxable","17":"purchasable","18":"product-type-simple"},"acf":[],"yoast_head":"<!-- This site is optimized with the Yoast SEO plugin v27.4 - https:\/\/yoast.com\/product\/yoast-seo-wordpress\/ -->\n<title>STATUALIT\u00c0 E MINORANZE: MECCANISMI DI RESISTENZA E INTEGRAZIONE IN MEDIO ORIENTE -<\/title>\n<meta name=\"description\" content=\"Ledizioni - Innovative Publishing. Casa editrice universitaria. Open Access. eBook, ePub. Creative Commons.\" \/>\n<meta name=\"robots\" content=\"index, follow, max-snippet:-1, max-image-preview:large, max-video-preview:-1\" \/>\n<link rel=\"canonical\" href=\"https:\/\/www.ledizioni.it\/en\/product\/statualita-e-minoranze-meccanismi-di-resistenza-e-integrazione-in-medio-oriente\/\" \/>\n<meta property=\"og:locale\" content=\"en_GB\" \/>\n<meta property=\"og:type\" content=\"article\" \/>\n<meta property=\"og:title\" content=\"STATUALIT\u00c0 E MINORANZE: MECCANISMI DI RESISTENZA E INTEGRAZIONE IN MEDIO ORIENTE -\" \/>\n<meta property=\"og:description\" content=\"Ledizioni - Innovative Publishing. Casa editrice universitaria. Open Access. eBook, ePub. Creative Commons.\" \/>\n<meta property=\"og:url\" content=\"https:\/\/www.ledizioni.it\/en\/product\/statualita-e-minoranze-meccanismi-di-resistenza-e-integrazione-in-medio-oriente\/\" \/>\n<meta property=\"og:site_name\" content=\"Ledizioni\" \/>\n<meta property=\"article:publisher\" content=\"https:\/\/www.facebook.com\/pages\/Ledizioni-LediPublishing\/109120559173329\" \/>\n<meta property=\"article:modified_time\" content=\"2021-07-06T16:04:50+00:00\" \/>\n<meta property=\"og:image\" content=\"https:\/\/www.ledizioni.it\/stag\/wp-content\/uploads\/2018\/10\/Melcangi_3D.jpg\" \/>\n\t<meta property=\"og:image:width\" content=\"400\" \/>\n\t<meta property=\"og:image:height\" content=\"527\" \/>\n\t<meta property=\"og:image:type\" content=\"image\/jpeg\" \/>\n<meta name=\"twitter:card\" content=\"summary_large_image\" \/>\n<meta name=\"twitter:site\" content=\"@ledizioni\" \/>\n<meta name=\"twitter:label1\" content=\"Estimated reading time\" \/>\n\t<meta name=\"twitter:data1\" content=\"1 minute\" \/>\n<script type=\"application\/ld+json\" class=\"yoast-schema-graph\">{\"@context\":\"https:\\\/\\\/schema.org\",\"@graph\":[{\"@type\":\"WebPage\",\"@id\":\"https:\\\/\\\/www.ledizioni.it\\\/en\\\/product\\\/statualita-e-minoranze-meccanismi-di-resistenza-e-integrazione-in-medio-oriente\\\/\",\"url\":\"https:\\\/\\\/www.ledizioni.it\\\/en\\\/product\\\/statualita-e-minoranze-meccanismi-di-resistenza-e-integrazione-in-medio-oriente\\\/\",\"name\":\"STATUALIT\u00c0 E MINORANZE: MECCANISMI DI RESISTENZA E INTEGRAZIONE IN MEDIO ORIENTE -\",\"isPartOf\":{\"@id\":\"https:\\\/\\\/www.ledizioni.it\\\/#website\"},\"primaryImageOfPage\":{\"@id\":\"https:\\\/\\\/www.ledizioni.it\\\/en\\\/product\\\/statualita-e-minoranze-meccanismi-di-resistenza-e-integrazione-in-medio-oriente\\\/#primaryimage\"},\"image\":{\"@id\":\"https:\\\/\\\/www.ledizioni.it\\\/en\\\/product\\\/statualita-e-minoranze-meccanismi-di-resistenza-e-integrazione-in-medio-oriente\\\/#primaryimage\"},\"thumbnailUrl\":\"https:\\\/\\\/www.ledizioni.it\\\/stag\\\/wp-content\\\/uploads\\\/2018\\\/10\\\/Melcangi_3D.jpg\",\"datePublished\":\"2018-10-02T12:34:43+00:00\",\"dateModified\":\"2021-07-06T16:04:50+00:00\",\"description\":\"Ledizioni - Innovative Publishing. Casa editrice universitaria. Open Access. eBook, ePub. Creative Commons.\",\"breadcrumb\":{\"@id\":\"https:\\\/\\\/www.ledizioni.it\\\/en\\\/product\\\/statualita-e-minoranze-meccanismi-di-resistenza-e-integrazione-in-medio-oriente\\\/#breadcrumb\"},\"inLanguage\":\"en-GB\",\"potentialAction\":[{\"@type\":\"ReadAction\",\"target\":[\"https:\\\/\\\/www.ledizioni.it\\\/en\\\/product\\\/statualita-e-minoranze-meccanismi-di-resistenza-e-integrazione-in-medio-oriente\\\/\"]}]},{\"@type\":\"ImageObject\",\"inLanguage\":\"en-GB\",\"@id\":\"https:\\\/\\\/www.ledizioni.it\\\/en\\\/product\\\/statualita-e-minoranze-meccanismi-di-resistenza-e-integrazione-in-medio-oriente\\\/#primaryimage\",\"url\":\"https:\\\/\\\/www.ledizioni.it\\\/stag\\\/wp-content\\\/uploads\\\/2018\\\/10\\\/Melcangi_3D.jpg\",\"contentUrl\":\"https:\\\/\\\/www.ledizioni.it\\\/stag\\\/wp-content\\\/uploads\\\/2018\\\/10\\\/Melcangi_3D.jpg\",\"width\":400,\"height\":527},{\"@type\":\"BreadcrumbList\",\"@id\":\"https:\\\/\\\/www.ledizioni.it\\\/en\\\/product\\\/statualita-e-minoranze-meccanismi-di-resistenza-e-integrazione-in-medio-oriente\\\/#breadcrumb\",\"itemListElement\":[{\"@type\":\"ListItem\",\"position\":1,\"name\":\"Shop\",\"item\":\"https:\\\/\\\/www.ledizioni.it\\\/shop-2\\\/\"},{\"@type\":\"ListItem\",\"position\":2,\"name\":\"STATUALIT\u00c0 E MINORANZE: MECCANISMI DI RESISTENZA E INTEGRAZIONE IN MEDIO ORIENTE\"}]},{\"@type\":\"WebSite\",\"@id\":\"https:\\\/\\\/www.ledizioni.it\\\/#website\",\"url\":\"https:\\\/\\\/www.ledizioni.it\\\/\",\"name\":\"Ledizioni\",\"description\":\"The Innovative LediPublishing Company - Casa Editrice Universitaria\",\"publisher\":{\"@id\":\"https:\\\/\\\/www.ledizioni.it\\\/#organization\"},\"potentialAction\":[{\"@type\":\"SearchAction\",\"target\":{\"@type\":\"EntryPoint\",\"urlTemplate\":\"https:\\\/\\\/www.ledizioni.it\\\/?s={search_term_string}\"},\"query-input\":{\"@type\":\"PropertyValueSpecification\",\"valueRequired\":true,\"valueName\":\"search_term_string\"}}],\"inLanguage\":\"en-GB\"},{\"@type\":\"Organization\",\"@id\":\"https:\\\/\\\/www.ledizioni.it\\\/#organization\",\"name\":\"Ledizioni\",\"url\":\"https:\\\/\\\/www.ledizioni.it\\\/\",\"logo\":{\"@type\":\"ImageObject\",\"inLanguage\":\"en-GB\",\"@id\":\"https:\\\/\\\/www.ledizioni.it\\\/#\\\/schema\\\/logo\\\/image\\\/\",\"url\":\"https:\\\/\\\/www.ledizioni.it\\\/stag\\\/wp-content\\\/uploads\\\/2023\\\/10\\\/newlogoledizioni500x110_2-1.jpg\",\"contentUrl\":\"https:\\\/\\\/www.ledizioni.it\\\/stag\\\/wp-content\\\/uploads\\\/2023\\\/10\\\/newlogoledizioni500x110_2-1.jpg\",\"width\":354,\"height\":87,\"caption\":\"Ledizioni\"},\"image\":{\"@id\":\"https:\\\/\\\/www.ledizioni.it\\\/#\\\/schema\\\/logo\\\/image\\\/\"},\"sameAs\":[\"https:\\\/\\\/www.facebook.com\\\/pages\\\/Ledizioni-LediPublishing\\\/109120559173329\",\"https:\\\/\\\/x.com\\\/ledizioni\"]}]}<\/script>\n<!-- \/ Yoast SEO plugin. -->","yoast_head_json":{"title":"STATUALIT\u00c0 E MINORANZE: MECCANISMI DI RESISTENZA E INTEGRAZIONE IN MEDIO ORIENTE -","description":"Ledizioni - Innovative Publishing. Casa editrice universitaria. Open Access. eBook, ePub. Creative Commons.","robots":{"index":"index","follow":"follow","max-snippet":"max-snippet:-1","max-image-preview":"max-image-preview:large","max-video-preview":"max-video-preview:-1"},"canonical":"https:\/\/www.ledizioni.it\/en\/product\/statualita-e-minoranze-meccanismi-di-resistenza-e-integrazione-in-medio-oriente\/","og_locale":"en_GB","og_type":"article","og_title":"STATUALIT\u00c0 E MINORANZE: MECCANISMI DI RESISTENZA E INTEGRAZIONE IN MEDIO ORIENTE -","og_description":"Ledizioni - Innovative Publishing. Casa editrice universitaria. Open Access. eBook, ePub. Creative Commons.","og_url":"https:\/\/www.ledizioni.it\/en\/product\/statualita-e-minoranze-meccanismi-di-resistenza-e-integrazione-in-medio-oriente\/","og_site_name":"Ledizioni","article_publisher":"https:\/\/www.facebook.com\/pages\/Ledizioni-LediPublishing\/109120559173329","article_modified_time":"2021-07-06T16:04:50+00:00","og_image":[{"width":400,"height":527,"url":"https:\/\/www.ledizioni.it\/stag\/wp-content\/uploads\/2018\/10\/Melcangi_3D.jpg","type":"image\/jpeg"}],"twitter_card":"summary_large_image","twitter_site":"@ledizioni","twitter_misc":{"Estimated reading time":"1 minute"},"schema":{"@context":"https:\/\/schema.org","@graph":[{"@type":"WebPage","@id":"https:\/\/www.ledizioni.it\/en\/product\/statualita-e-minoranze-meccanismi-di-resistenza-e-integrazione-in-medio-oriente\/","url":"https:\/\/www.ledizioni.it\/en\/product\/statualita-e-minoranze-meccanismi-di-resistenza-e-integrazione-in-medio-oriente\/","name":"STATUALIT\u00c0 E MINORANZE: MECCANISMI DI RESISTENZA E INTEGRAZIONE IN MEDIO ORIENTE -","isPartOf":{"@id":"https:\/\/www.ledizioni.it\/#website"},"primaryImageOfPage":{"@id":"https:\/\/www.ledizioni.it\/en\/product\/statualita-e-minoranze-meccanismi-di-resistenza-e-integrazione-in-medio-oriente\/#primaryimage"},"image":{"@id":"https:\/\/www.ledizioni.it\/en\/product\/statualita-e-minoranze-meccanismi-di-resistenza-e-integrazione-in-medio-oriente\/#primaryimage"},"thumbnailUrl":"https:\/\/www.ledizioni.it\/stag\/wp-content\/uploads\/2018\/10\/Melcangi_3D.jpg","datePublished":"2018-10-02T12:34:43+00:00","dateModified":"2021-07-06T16:04:50+00:00","description":"Ledizioni - Innovative Publishing. Casa editrice universitaria. Open Access. eBook, ePub. Creative Commons.","breadcrumb":{"@id":"https:\/\/www.ledizioni.it\/en\/product\/statualita-e-minoranze-meccanismi-di-resistenza-e-integrazione-in-medio-oriente\/#breadcrumb"},"inLanguage":"en-GB","potentialAction":[{"@type":"ReadAction","target":["https:\/\/www.ledizioni.it\/en\/product\/statualita-e-minoranze-meccanismi-di-resistenza-e-integrazione-in-medio-oriente\/"]}]},{"@type":"ImageObject","inLanguage":"en-GB","@id":"https:\/\/www.ledizioni.it\/en\/product\/statualita-e-minoranze-meccanismi-di-resistenza-e-integrazione-in-medio-oriente\/#primaryimage","url":"https:\/\/www.ledizioni.it\/stag\/wp-content\/uploads\/2018\/10\/Melcangi_3D.jpg","contentUrl":"https:\/\/www.ledizioni.it\/stag\/wp-content\/uploads\/2018\/10\/Melcangi_3D.jpg","width":400,"height":527},{"@type":"BreadcrumbList","@id":"https:\/\/www.ledizioni.it\/en\/product\/statualita-e-minoranze-meccanismi-di-resistenza-e-integrazione-in-medio-oriente\/#breadcrumb","itemListElement":[{"@type":"ListItem","position":1,"name":"Shop","item":"https:\/\/www.ledizioni.it\/shop-2\/"},{"@type":"ListItem","position":2,"name":"STATUALIT\u00c0 E MINORANZE: MECCANISMI DI RESISTENZA E INTEGRAZIONE IN MEDIO ORIENTE"}]},{"@type":"WebSite","@id":"https:\/\/www.ledizioni.it\/#website","url":"https:\/\/www.ledizioni.it\/","name":"Ledizioni","description":"The Innovative LediPublishing Company - Casa Editrice Universitaria","publisher":{"@id":"https:\/\/www.ledizioni.it\/#organization"},"potentialAction":[{"@type":"SearchAction","target":{"@type":"EntryPoint","urlTemplate":"https:\/\/www.ledizioni.it\/?s={search_term_string}"},"query-input":{"@type":"PropertyValueSpecification","valueRequired":true,"valueName":"search_term_string"}}],"inLanguage":"en-GB"},{"@type":"Organization","@id":"https:\/\/www.ledizioni.it\/#organization","name":"Ledizioni","url":"https:\/\/www.ledizioni.it\/","logo":{"@type":"ImageObject","inLanguage":"en-GB","@id":"https:\/\/www.ledizioni.it\/#\/schema\/logo\/image\/","url":"https:\/\/www.ledizioni.it\/stag\/wp-content\/uploads\/2023\/10\/newlogoledizioni500x110_2-1.jpg","contentUrl":"https:\/\/www.ledizioni.it\/stag\/wp-content\/uploads\/2023\/10\/newlogoledizioni500x110_2-1.jpg","width":354,"height":87,"caption":"Ledizioni"},"image":{"@id":"https:\/\/www.ledizioni.it\/#\/schema\/logo\/image\/"},"sameAs":["https:\/\/www.facebook.com\/pages\/Ledizioni-LediPublishing\/109120559173329","https:\/\/x.com\/ledizioni"]}]}},"jetpack_sharing_enabled":true,"_links":{"self":[{"href":"https:\/\/www.ledizioni.it\/en\/wp-json\/wp\/v2\/product\/20035","targetHints":{"allow":["GET"]}}],"collection":[{"href":"https:\/\/www.ledizioni.it\/en\/wp-json\/wp\/v2\/product"}],"about":[{"href":"https:\/\/www.ledizioni.it\/en\/wp-json\/wp\/v2\/types\/product"}],"replies":[{"embeddable":true,"href":"https:\/\/www.ledizioni.it\/en\/wp-json\/wp\/v2\/comments?post=20035"}],"version-history":[{"count":0,"href":"https:\/\/www.ledizioni.it\/en\/wp-json\/wp\/v2\/product\/20035\/revisions"}],"wp:featuredmedia":[{"embeddable":true,"href":"https:\/\/www.ledizioni.it\/en\/wp-json\/wp\/v2\/media\/20037"}],"wp:attachment":[{"href":"https:\/\/www.ledizioni.it\/en\/wp-json\/wp\/v2\/media?parent=20035"}],"wp:term":[{"taxonomy":"product_brand","embeddable":true,"href":"https:\/\/www.ledizioni.it\/en\/wp-json\/wp\/v2\/product_brand?post=20035"},{"taxonomy":"product_cat","embeddable":true,"href":"https:\/\/www.ledizioni.it\/en\/wp-json\/wp\/v2\/product_cat?post=20035"},{"taxonomy":"product_tag","embeddable":true,"href":"https:\/\/www.ledizioni.it\/en\/wp-json\/wp\/v2\/product_tag?post=20035"}],"curies":[{"name":"wp","href":"https:\/\/api.w.org\/{rel}","templated":true}]}}