{"id":20293,"date":"2018-10-17T13:21:26","date_gmt":"2018-10-17T11:21:26","guid":{"rendered":"https:\/\/www.ledizioni.it\/?post_type=product&#038;p=20293"},"modified":"2021-05-26T17:42:08","modified_gmt":"2021-05-26T15:42:08","slug":"itinerari-del-testo-per-stefano-pittaluga","status":"publish","type":"product","link":"https:\/\/www.ledizioni.it\/en\/product\/itinerari-del-testo-per-stefano-pittaluga\/","title":{"rendered":"ITINERARI DEL TESTO. PER STEFANO PITTALUGA (tomo I e II)"},"content":{"rendered":"<p style=\"text-align: justify;\">&#8220;Nella sua lunga attivit\u00e0 di professore [&#8230;] Stefano Pittaluga ha contribuito alla formazione di tanti studenti e studiosi della disciplina [&#8230;] ma il professore \u00e8 stato, e lo \u00e8 tuttora, attivo ideatore e coordinatore di gruppi di ricerca inter-universitari nazionali e locali, oltre che promotore di convegni, giornate di studio, iniziative culturali [&#8230;]. Per tali ragioni il titolo <em>Itinerari del testo<\/em> ci \u00e8 sembrato il pi\u00f9 adatto a rappresentare in poche parole lo spirito con il quale il Professor Pittaluga ha inteso intraprendere il suo personalissimo viaggio nella filologia e nella letteratura. [&#8230;] Il maggior numero dei contributi investe l&#8217;antichit\u00e0 classica greca e latina e l&#8217;et\u00e0 medievale e umanistica, ma ci sono anche tanti altri interventi che riguardano un arco cronologico e tematico molto pi\u00f9 ampio, dalla storia medievale a quella contemporanea, dalla geografia alla linguistica, dalla letteratura italiana del Novecento alla filosofia e fino alla storia del diritto&#8221;. (Dalla premessa)<\/p>\n<p>&nbsp;<\/p>\n<p style=\"text-align: justify;\"><strong>DATI BIBLIOGRAFICI<\/strong><\/p>\n<p style=\"text-align: justify;\">Curatori: Cristina Cocco, Clara Fossati, Attilio Grisafi, Francesco Mosetti Casaretto e Giada Boiani<br \/>\nEditore: Ledizioni<br \/>\nCollana: <a href=\"http:\/\/www.ledizioni.it\/en\/collane\/letteratura\/pubblicazioni-del-d-ar-fi-cl-et\/\">Pubblicazioni del D.AR.FI.CL.ET n.254<\/a><br \/>\nPubblicato nel: settembre 2018<br \/>\nFormato: brossura, 1600 p. (due tomi indivisibili)<br \/>\nISBN cartaceo: 9788867058129<br \/>\nPrezzo cartaceo: 50\u20ac<\/p>\n<p><a href=\"https:\/\/www.amazon.it\/gp\/product\/8867058126\/ref=as_li_tl?ie=UTF8&amp;camp=3414&amp;creative=21718&amp;creativeASIN=8867057839&amp;linkCode=as2&amp;tag=ledizioni-21&amp;linkId=21587617ce23b3075bd3743ada8c92c3\" target=\"_blank\" rel=\"noopener\"><img decoding=\"async\" class=\"aligncenter size-medium wp-image-23060\" src=\"https:\/\/www.ledizioni.it\/stag\/wp-content\/uploads\/2018\/10\/pulsante-amazon-1-300x104.jpg\" alt=\"\" width=\"150\" height=\"50\" \/><\/a><img decoding=\"async\" style=\"border: none !important; margin: 0px !important;\" src=\"\/\/ir-it.amazon-adsystem.com\/e\/ir?t=ledizioni-21&amp;l=am2&amp;o=29&amp;a=8867057839\" alt=\"\" width=\"1\" height=\"1\" border=\"0\" \/><\/p>","protected":false},"excerpt":{"rendered":"<p>&#8220;Nella sua lunga attivit\u00e0 di professore [&#8230;] Stefano Pittaluga ha contribuito alla formazione di tanti studenti e studiosi della disciplina<\/p>","protected":false},"featured_media":20294,"comment_status":"open","ping_status":"closed","template":"","meta":{"_acf_changed":false},"product_brand":[],"product_cat":[944],"product_tag":[1144,950,948],"class_list":{"0":"post-20293","1":"product","2":"type-product","3":"status-publish","4":"has-post-thumbnail","6":"product_cat-pubblicazioni-del-d-ar-fi-cl-et","7":"product_tag-genova","8":"product_tag-grammatica","9":"product_tag-studi-classici","11":"first","12":"instock","13":"featured","14":"shipping-taxable","15":"purchasable","16":"product-type-simple"},"acf":[],"yoast_head":"<!-- This site is optimized with the Yoast SEO plugin v27.3 - https:\/\/yoast.com\/product\/yoast-seo-wordpress\/ -->\n<title>ITINERARI DEL TESTO. PER STEFANO PITTALUGA (tomo I e II) -<\/title>\n<meta name=\"description\" content=\"Ledizioni - Innovative Publishing. Casa editrice universitaria. Open Access. eBook, ePub. Creative Commons.\" \/>\n<meta name=\"robots\" content=\"index, follow, max-snippet:-1, max-image-preview:large, max-video-preview:-1\" \/>\n<link rel=\"canonical\" href=\"https:\/\/www.ledizioni.it\/en\/product\/itinerari-del-testo-per-stefano-pittaluga\/\" \/>\n<meta property=\"og:locale\" content=\"en_GB\" \/>\n<meta property=\"og:type\" content=\"article\" \/>\n<meta property=\"og:title\" content=\"ITINERARI DEL TESTO. PER STEFANO PITTALUGA (tomo I e II) -\" \/>\n<meta property=\"og:description\" content=\"Ledizioni - Innovative Publishing. Casa editrice universitaria. Open Access. eBook, ePub. Creative Commons.\" \/>\n<meta property=\"og:url\" content=\"https:\/\/www.ledizioni.it\/en\/product\/itinerari-del-testo-per-stefano-pittaluga\/\" \/>\n<meta property=\"og:site_name\" content=\"Ledizioni\" \/>\n<meta property=\"article:publisher\" content=\"https:\/\/www.facebook.com\/pages\/Ledizioni-LediPublishing\/109120559173329\" \/>\n<meta property=\"article:modified_time\" content=\"2021-05-26T15:42:08+00:00\" \/>\n<meta property=\"og:image\" content=\"https:\/\/www.ledizioni.it\/stag\/wp-content\/uploads\/2018\/10\/Itinerari_3D.jpg\" \/>\n\t<meta property=\"og:image:width\" content=\"500\" \/>\n\t<meta property=\"og:image:height\" content=\"587\" \/>\n\t<meta property=\"og:image:type\" content=\"image\/jpeg\" \/>\n<meta name=\"twitter:card\" content=\"summary_large_image\" \/>\n<meta name=\"twitter:site\" content=\"@ledizioni\" \/>\n<meta name=\"twitter:label1\" content=\"Estimated reading time\" \/>\n\t<meta name=\"twitter:data1\" content=\"1 minute\" \/>\n<script type=\"application\/ld+json\" class=\"yoast-schema-graph\">{\"@context\":\"https:\\\/\\\/schema.org\",\"@graph\":[{\"@type\":\"WebPage\",\"@id\":\"https:\\\/\\\/www.ledizioni.it\\\/prodotto\\\/itinerari-del-testo-per-stefano-pittaluga\\\/\",\"url\":\"https:\\\/\\\/www.ledizioni.it\\\/prodotto\\\/itinerari-del-testo-per-stefano-pittaluga\\\/\",\"name\":\"ITINERARI DEL TESTO. PER STEFANO PITTALUGA (tomo I e II) -\",\"isPartOf\":{\"@id\":\"https:\\\/\\\/www.ledizioni.it\\\/#website\"},\"primaryImageOfPage\":{\"@id\":\"https:\\\/\\\/www.ledizioni.it\\\/prodotto\\\/itinerari-del-testo-per-stefano-pittaluga\\\/#primaryimage\"},\"image\":{\"@id\":\"https:\\\/\\\/www.ledizioni.it\\\/prodotto\\\/itinerari-del-testo-per-stefano-pittaluga\\\/#primaryimage\"},\"thumbnailUrl\":\"https:\\\/\\\/www.ledizioni.it\\\/stag\\\/wp-content\\\/uploads\\\/2018\\\/10\\\/Itinerari_3D.jpg\",\"datePublished\":\"2018-10-17T11:21:26+00:00\",\"dateModified\":\"2021-05-26T15:42:08+00:00\",\"description\":\"Ledizioni - Innovative Publishing. Casa editrice universitaria. Open Access. eBook, ePub. Creative Commons.\",\"breadcrumb\":{\"@id\":\"https:\\\/\\\/www.ledizioni.it\\\/prodotto\\\/itinerari-del-testo-per-stefano-pittaluga\\\/#breadcrumb\"},\"inLanguage\":\"en-GB\",\"potentialAction\":[{\"@type\":\"ReadAction\",\"target\":[\"https:\\\/\\\/www.ledizioni.it\\\/prodotto\\\/itinerari-del-testo-per-stefano-pittaluga\\\/\"]}]},{\"@type\":\"ImageObject\",\"inLanguage\":\"en-GB\",\"@id\":\"https:\\\/\\\/www.ledizioni.it\\\/prodotto\\\/itinerari-del-testo-per-stefano-pittaluga\\\/#primaryimage\",\"url\":\"https:\\\/\\\/www.ledizioni.it\\\/stag\\\/wp-content\\\/uploads\\\/2018\\\/10\\\/Itinerari_3D.jpg\",\"contentUrl\":\"https:\\\/\\\/www.ledizioni.it\\\/stag\\\/wp-content\\\/uploads\\\/2018\\\/10\\\/Itinerari_3D.jpg\",\"width\":500,\"height\":587},{\"@type\":\"BreadcrumbList\",\"@id\":\"https:\\\/\\\/www.ledizioni.it\\\/prodotto\\\/itinerari-del-testo-per-stefano-pittaluga\\\/#breadcrumb\",\"itemListElement\":[{\"@type\":\"ListItem\",\"position\":1,\"name\":\"Shop\",\"item\":\"https:\\\/\\\/www.ledizioni.it\\\/shop-2\\\/\"},{\"@type\":\"ListItem\",\"position\":2,\"name\":\"ITINERARI DEL TESTO. PER STEFANO PITTALUGA (tomo I e II)\"}]},{\"@type\":\"WebSite\",\"@id\":\"https:\\\/\\\/www.ledizioni.it\\\/#website\",\"url\":\"https:\\\/\\\/www.ledizioni.it\\\/\",\"name\":\"Ledizioni\",\"description\":\"The Innovative LediPublishing Company - Casa Editrice Universitaria\",\"publisher\":{\"@id\":\"https:\\\/\\\/www.ledizioni.it\\\/#organization\"},\"potentialAction\":[{\"@type\":\"SearchAction\",\"target\":{\"@type\":\"EntryPoint\",\"urlTemplate\":\"https:\\\/\\\/www.ledizioni.it\\\/?s={search_term_string}\"},\"query-input\":{\"@type\":\"PropertyValueSpecification\",\"valueRequired\":true,\"valueName\":\"search_term_string\"}}],\"inLanguage\":\"en-GB\"},{\"@type\":\"Organization\",\"@id\":\"https:\\\/\\\/www.ledizioni.it\\\/#organization\",\"name\":\"Ledizioni\",\"url\":\"https:\\\/\\\/www.ledizioni.it\\\/\",\"logo\":{\"@type\":\"ImageObject\",\"inLanguage\":\"en-GB\",\"@id\":\"https:\\\/\\\/www.ledizioni.it\\\/#\\\/schema\\\/logo\\\/image\\\/\",\"url\":\"https:\\\/\\\/www.ledizioni.it\\\/stag\\\/wp-content\\\/uploads\\\/2023\\\/10\\\/newlogoledizioni500x110_2-1.jpg\",\"contentUrl\":\"https:\\\/\\\/www.ledizioni.it\\\/stag\\\/wp-content\\\/uploads\\\/2023\\\/10\\\/newlogoledizioni500x110_2-1.jpg\",\"width\":354,\"height\":87,\"caption\":\"Ledizioni\"},\"image\":{\"@id\":\"https:\\\/\\\/www.ledizioni.it\\\/#\\\/schema\\\/logo\\\/image\\\/\"},\"sameAs\":[\"https:\\\/\\\/www.facebook.com\\\/pages\\\/Ledizioni-LediPublishing\\\/109120559173329\",\"https:\\\/\\\/x.com\\\/ledizioni\"]}]}<\/script>\n<!-- \/ Yoast SEO plugin. -->","yoast_head_json":{"title":"ITINERARI DEL TESTO. PER STEFANO PITTALUGA (tomo I e II) -","description":"Ledizioni - Innovative Publishing. Casa editrice universitaria. Open Access. eBook, ePub. Creative Commons.","robots":{"index":"index","follow":"follow","max-snippet":"max-snippet:-1","max-image-preview":"max-image-preview:large","max-video-preview":"max-video-preview:-1"},"canonical":"https:\/\/www.ledizioni.it\/en\/product\/itinerari-del-testo-per-stefano-pittaluga\/","og_locale":"en_GB","og_type":"article","og_title":"ITINERARI DEL TESTO. PER STEFANO PITTALUGA (tomo I e II) -","og_description":"Ledizioni - Innovative Publishing. Casa editrice universitaria. Open Access. eBook, ePub. Creative Commons.","og_url":"https:\/\/www.ledizioni.it\/en\/product\/itinerari-del-testo-per-stefano-pittaluga\/","og_site_name":"Ledizioni","article_publisher":"https:\/\/www.facebook.com\/pages\/Ledizioni-LediPublishing\/109120559173329","article_modified_time":"2021-05-26T15:42:08+00:00","og_image":[{"width":500,"height":587,"url":"https:\/\/www.ledizioni.it\/stag\/wp-content\/uploads\/2018\/10\/Itinerari_3D.jpg","type":"image\/jpeg"}],"twitter_card":"summary_large_image","twitter_site":"@ledizioni","twitter_misc":{"Estimated reading time":"1 minute"},"schema":{"@context":"https:\/\/schema.org","@graph":[{"@type":"WebPage","@id":"https:\/\/www.ledizioni.it\/prodotto\/itinerari-del-testo-per-stefano-pittaluga\/","url":"https:\/\/www.ledizioni.it\/prodotto\/itinerari-del-testo-per-stefano-pittaluga\/","name":"ITINERARI DEL TESTO. PER STEFANO PITTALUGA (tomo I e II) -","isPartOf":{"@id":"https:\/\/www.ledizioni.it\/#website"},"primaryImageOfPage":{"@id":"https:\/\/www.ledizioni.it\/prodotto\/itinerari-del-testo-per-stefano-pittaluga\/#primaryimage"},"image":{"@id":"https:\/\/www.ledizioni.it\/prodotto\/itinerari-del-testo-per-stefano-pittaluga\/#primaryimage"},"thumbnailUrl":"https:\/\/www.ledizioni.it\/stag\/wp-content\/uploads\/2018\/10\/Itinerari_3D.jpg","datePublished":"2018-10-17T11:21:26+00:00","dateModified":"2021-05-26T15:42:08+00:00","description":"Ledizioni - Innovative Publishing. Casa editrice universitaria. Open Access. eBook, ePub. Creative Commons.","breadcrumb":{"@id":"https:\/\/www.ledizioni.it\/prodotto\/itinerari-del-testo-per-stefano-pittaluga\/#breadcrumb"},"inLanguage":"en-GB","potentialAction":[{"@type":"ReadAction","target":["https:\/\/www.ledizioni.it\/prodotto\/itinerari-del-testo-per-stefano-pittaluga\/"]}]},{"@type":"ImageObject","inLanguage":"en-GB","@id":"https:\/\/www.ledizioni.it\/prodotto\/itinerari-del-testo-per-stefano-pittaluga\/#primaryimage","url":"https:\/\/www.ledizioni.it\/stag\/wp-content\/uploads\/2018\/10\/Itinerari_3D.jpg","contentUrl":"https:\/\/www.ledizioni.it\/stag\/wp-content\/uploads\/2018\/10\/Itinerari_3D.jpg","width":500,"height":587},{"@type":"BreadcrumbList","@id":"https:\/\/www.ledizioni.it\/prodotto\/itinerari-del-testo-per-stefano-pittaluga\/#breadcrumb","itemListElement":[{"@type":"ListItem","position":1,"name":"Shop","item":"https:\/\/www.ledizioni.it\/shop-2\/"},{"@type":"ListItem","position":2,"name":"ITINERARI DEL TESTO. PER STEFANO PITTALUGA (tomo I e II)"}]},{"@type":"WebSite","@id":"https:\/\/www.ledizioni.it\/#website","url":"https:\/\/www.ledizioni.it\/","name":"Ledizioni","description":"The Innovative LediPublishing Company - Casa Editrice Universitaria","publisher":{"@id":"https:\/\/www.ledizioni.it\/#organization"},"potentialAction":[{"@type":"SearchAction","target":{"@type":"EntryPoint","urlTemplate":"https:\/\/www.ledizioni.it\/?s={search_term_string}"},"query-input":{"@type":"PropertyValueSpecification","valueRequired":true,"valueName":"search_term_string"}}],"inLanguage":"en-GB"},{"@type":"Organization","@id":"https:\/\/www.ledizioni.it\/#organization","name":"Ledizioni","url":"https:\/\/www.ledizioni.it\/","logo":{"@type":"ImageObject","inLanguage":"en-GB","@id":"https:\/\/www.ledizioni.it\/#\/schema\/logo\/image\/","url":"https:\/\/www.ledizioni.it\/stag\/wp-content\/uploads\/2023\/10\/newlogoledizioni500x110_2-1.jpg","contentUrl":"https:\/\/www.ledizioni.it\/stag\/wp-content\/uploads\/2023\/10\/newlogoledizioni500x110_2-1.jpg","width":354,"height":87,"caption":"Ledizioni"},"image":{"@id":"https:\/\/www.ledizioni.it\/#\/schema\/logo\/image\/"},"sameAs":["https:\/\/www.facebook.com\/pages\/Ledizioni-LediPublishing\/109120559173329","https:\/\/x.com\/ledizioni"]}]}},"jetpack_sharing_enabled":true,"_links":{"self":[{"href":"https:\/\/www.ledizioni.it\/en\/wp-json\/wp\/v2\/product\/20293","targetHints":{"allow":["GET"]}}],"collection":[{"href":"https:\/\/www.ledizioni.it\/en\/wp-json\/wp\/v2\/product"}],"about":[{"href":"https:\/\/www.ledizioni.it\/en\/wp-json\/wp\/v2\/types\/product"}],"replies":[{"embeddable":true,"href":"https:\/\/www.ledizioni.it\/en\/wp-json\/wp\/v2\/comments?post=20293"}],"version-history":[{"count":1,"href":"https:\/\/www.ledizioni.it\/en\/wp-json\/wp\/v2\/product\/20293\/revisions"}],"predecessor-version":[{"id":20295,"href":"https:\/\/www.ledizioni.it\/en\/wp-json\/wp\/v2\/product\/20293\/revisions\/20295"}],"wp:featuredmedia":[{"embeddable":true,"href":"https:\/\/www.ledizioni.it\/en\/wp-json\/wp\/v2\/media\/20294"}],"wp:attachment":[{"href":"https:\/\/www.ledizioni.it\/en\/wp-json\/wp\/v2\/media?parent=20293"}],"wp:term":[{"taxonomy":"product_brand","embeddable":true,"href":"https:\/\/www.ledizioni.it\/en\/wp-json\/wp\/v2\/product_brand?post=20293"},{"taxonomy":"product_cat","embeddable":true,"href":"https:\/\/www.ledizioni.it\/en\/wp-json\/wp\/v2\/product_cat?post=20293"},{"taxonomy":"product_tag","embeddable":true,"href":"https:\/\/www.ledizioni.it\/en\/wp-json\/wp\/v2\/product_tag?post=20293"}],"curies":[{"name":"wp","href":"https:\/\/api.w.org\/{rel}","templated":true}]}}