{"id":20772,"date":"2018-11-12T14:37:44","date_gmt":"2018-11-12T12:37:44","guid":{"rendered":"https:\/\/www.ledizioni.it\/?post_type=product&#038;p=20772"},"modified":"2021-05-28T17:05:16","modified_gmt":"2021-05-28T15:05:16","slug":"tintas-iii-serie-n-7-2017","status":"publish","type":"product","link":"https:\/\/www.ledizioni.it\/en\/product\/tintas-iii-serie-n-7-2017\/","title":{"rendered":"TINTAS &#8211; III serie, n. 7, 2017"},"content":{"rendered":"<p>\u201cPOES\u00cdA Y VIOLENCIA\u201d. SECCI\u00d3N MONOGR\u00c1FICA<\/p>\n<ul>\n<li>Un guijarro contra la barbarie. Presentaci\u00f3n de \u201cPoes\u00eda y violencia\u201d<br \/>\nEmilia Perassi, Sandra Lorenzano<\/li>\n<li>Silencio, palabra y mudez<br \/>\nJavier Sicilia<\/li>\n<li>La p\u00e9rdida y la destrucci\u00f3n en la poes\u00eda visionaria de Myriam Moscona<br \/>\nNaomi Lindstrom<\/li>\n<li>\u00bfC\u00f3mo escribir poes\u00eda en un pa\u00eds en guerra?<br \/>\nSara Uribe<\/li>\n<li>Voces en off: sobre el desplazamiento del decir po\u00e9tico frente a la violencia. <em>Manca<\/em> de Juana Adcock y <em>Ant\u00edgona Gonz\u00e1lez<\/em> de Sara Uribe<br \/>\nRike Bolte<\/li>\n<li>Poes\u00eda de calle: activismo po\u00e9tico contra la violencia en M\u00e9xico<br \/>\nH\u00e9ctor Dom\u00ednguez Ruvalcaba<\/li>\n<li>\u00abCuerpos s\u00f3lo cuerpos\u00bb: violencias de g\u00e9nero entre fronteras y versos<br \/>\nOswaldo Estrada<\/li>\n<li>Las cenizas de nuestra historia<br \/>\nMaruan Soto Antaki<\/li>\n<li>\u00abLa desbordada ternura\u00bb: poes\u00eda y violencia en El Salvador<br \/>\nLauri Garc\u00eda Due\u00f1as<\/li>\n<li>Papeles de identificaci\u00f3n: <em>Salvoconducto<\/em>, de Adalber Salas Hern\u00e1ndez<br \/>\nAlicia Llarena<\/li>\n<li>Explorar el caos: Jorge Boccanera y la violencia del arte po\u00e9tica<br \/>\nMar\u00eda A. Semilla Dur\u00e1n<\/li>\n<li>Los trabajos de S\u00edsifo. El regreso al instante que relumbra de peligro en la poes\u00eda de hijos de desaparecidos<br \/>\nEmiliano Tavernini<\/li>\n<li><em>Offshore<\/em>, de Juli\u00e1n Axat: los susurros de la memoria<br \/>\nMirian Pino<\/li>\n<\/ul>\n<p>TRASBORDI<\/p>\n<ul>\n<li><em>Sette poesie<\/em> (trad. di Roberta Cardone, Lucilla Cicchetti, Angela Colombo, Marina Enea, Danilo Manera e Marianna Montanaro)<br \/>\nAlicia Llarena<\/li>\n<li><em>Otto poesie<\/em> (trad. di Valentina Avveduto, Michele Cascella, Alice La Morticella, Danilo Manera, Clelia Mumolo, Alice Nagini e Alice Scaccabarozzi)<br \/>\nSandra Lorenzano<\/li>\n<li><em>Cinque poesie da \u201cPersonal &amp; pol\u00edtico\u201d<\/em> (trad. di Erika Crespi, Clelia Mumolo, Marika Nizzero, Alessia Ruggeri e Chiara Savi)<br \/>\nAurora Luque<\/li>\n<li><em>Ventisei poesie<\/em> (trad. di Marina Bianchi ed Erminio Corti)<br \/>\nRosa Silverio<\/li>\n<li><em>Poesie<\/em> (trad. Eleonora Caneva, Mariagrazia Nicol\u00ec, Eleonora Orsini, Camilla Pugnetti, Francesca Santoro, Federica Sarta)<br \/>\nGolgona Anghel, Jorge Reis-S\u00e1, Pedro Mexia<\/li>\n<li><em>L&#8217;assalto e La spia<\/em> (trad. di Simone Cattaneo e Marco Ottaiano)<br \/>\nMart\u00edn de Ugalde<\/li>\n<\/ul>\n<p>NOTE<\/p>\n<ul>\n<li>Lectura de Salvatore Quasimodo<br \/>\nJuan Carlos Abril<\/li>\n<li>Primavera de poetas 2017<br \/>\nSusana Rocha da Silva<\/li>\n<\/ul>\n<p>RECENSIONI<\/p>\n<ul>\n<li>Luis Bagu\u00e9 Qu\u00edlez, <em>Clima mediterr\u00e1neo<\/em>, Madrid, Visor. XXX Premio Tiflos de Poes\u00eda, 2017, 59 pp.<br \/>\nJuan Carlos Abril<\/li>\n<li>Eugenia Straccali y Bruno Crisorio (coords.), con ilustraciones de Federico Ruvituso, <em>Atlas de la poes\u00eda argentina<\/em>, La Plata, EDULP, 2017, 372 pp.<br \/>\nGiuliana Calabrese<\/li>\n<li>Paul Baudry, <em>El arte antiguo de la cetrer\u00eda<\/em>, San Isidro, Ediciones Peisa, 2017, 141 pp.<br \/>\nF\u00e9lix Terrones<\/li>\n<li>Lenin Solano Amb\u00eda, <em>Cementerio P\u00e9re Lachaise<\/em>, Lima, Ediciones Altazor, 2014, 150 pp.<br \/>\nKar\u00edn Chirinos Bravo<\/li>\n<\/ul>\n<p>CREAZIONE<\/p>\n<ul>\n<li><em>Antolog\u00eda po\u00e9tica<\/em><br \/>\nRa\u00fal Zurita, Alicia Kozameh, Alicia Partnoy, Mar\u00eda Teresa Andruetto, Susana Cabuchi, Ana Arzoumanian, Juana Luj\u00e1n, Juli\u00e1n Axat, Noni Benegas, Francisco Layna, Julia Wong, Vladimir Amaya, Otoniel Guevara, Rolando Kattan, Enrique Noriega, A\u00edda Toledo, Hern\u00e1n Bravo Varela, Roc\u00edo Cer\u00f3n, Jos\u00e9 Ram\u00f3n Ruis\u00e1nchez, Mardonio Carballo, David Huerta, Ana Bel\u00e9n L\u00f3pez, (notas biogr\u00e1ficas de Simone Ferrari)<\/li>\n<\/ul>\n<p><strong>RIFERIMENTI BIBLIOGRAFICI<\/strong><\/p>\n<p>Prezzo cartaceo: 25,00\u00a0\u20ac<\/p>","protected":false},"excerpt":{"rendered":"<p>\u201cPOES\u00cdA Y VIOLENCIA\u201d. SECCI\u00d3N MONOGR\u00c1FICA Un guijarro contra la barbarie. Presentaci\u00f3n de \u201cPoes\u00eda y violencia\u201d Emilia Perassi, Sandra Lorenzano Silencio,<\/p>","protected":false},"featured_media":20776,"comment_status":"open","ping_status":"closed","template":"","meta":{"_acf_changed":false},"product_brand":[],"product_cat":[1292],"product_tag":[1296,1295,1294],"class_list":{"0":"post-20772","1":"product","2":"type-product","3":"status-publish","4":"has-post-thumbnail","6":"product_cat-tintas","7":"product_tag-lingue-iberiche","8":"product_tag-portogallo","9":"product_tag-spagna","10":"pa_formato-cartaceo","11":"pa_lingua-spagnolo","13":"first","14":"instock","15":"featured","16":"shipping-taxable","17":"purchasable","18":"product-type-simple"},"acf":[],"yoast_head":"<!-- This site is optimized with the Yoast SEO plugin v27.3 - https:\/\/yoast.com\/product\/yoast-seo-wordpress\/ -->\n<title>TINTAS - III serie, n. 7, 2017 -<\/title>\n<meta name=\"description\" content=\"Ledizioni - Innovative Publishing. Casa editrice universitaria. Open Access. eBook, ePub. Creative Commons.\" \/>\n<meta name=\"robots\" content=\"index, follow, max-snippet:-1, max-image-preview:large, max-video-preview:-1\" \/>\n<link rel=\"canonical\" href=\"https:\/\/www.ledizioni.it\/en\/product\/tintas-iii-serie-n-7-2017\/\" \/>\n<meta property=\"og:locale\" content=\"en_GB\" \/>\n<meta property=\"og:type\" content=\"article\" \/>\n<meta property=\"og:title\" content=\"TINTAS - III serie, n. 7, 2017 -\" \/>\n<meta property=\"og:description\" content=\"Ledizioni - Innovative Publishing. Casa editrice universitaria. Open Access. eBook, ePub. Creative Commons.\" \/>\n<meta property=\"og:url\" content=\"https:\/\/www.ledizioni.it\/en\/product\/tintas-iii-serie-n-7-2017\/\" \/>\n<meta property=\"og:site_name\" content=\"Ledizioni\" \/>\n<meta property=\"article:publisher\" content=\"https:\/\/www.facebook.com\/pages\/Ledizioni-LediPublishing\/109120559173329\" \/>\n<meta property=\"article:modified_time\" content=\"2021-05-28T15:05:16+00:00\" \/>\n<meta property=\"og:image\" content=\"https:\/\/www.ledizioni.it\/stag\/wp-content\/uploads\/2018\/11\/Tintas7_3D.jpg\" \/>\n\t<meta property=\"og:image:width\" content=\"400\" \/>\n\t<meta property=\"og:image:height\" content=\"508\" \/>\n\t<meta property=\"og:image:type\" content=\"image\/jpeg\" \/>\n<meta name=\"twitter:card\" content=\"summary_large_image\" \/>\n<meta name=\"twitter:site\" content=\"@ledizioni\" \/>\n<meta name=\"twitter:label1\" content=\"Estimated reading time\" \/>\n\t<meta name=\"twitter:data1\" content=\"2 minutes\" \/>\n<script type=\"application\/ld+json\" class=\"yoast-schema-graph\">{\"@context\":\"https:\\\/\\\/schema.org\",\"@graph\":[{\"@type\":\"WebPage\",\"@id\":\"https:\\\/\\\/www.ledizioni.it\\\/prodotto\\\/tintas-iii-serie-n-7-2017\\\/\",\"url\":\"https:\\\/\\\/www.ledizioni.it\\\/prodotto\\\/tintas-iii-serie-n-7-2017\\\/\",\"name\":\"TINTAS - III serie, n. 7, 2017 -\",\"isPartOf\":{\"@id\":\"https:\\\/\\\/www.ledizioni.it\\\/#website\"},\"primaryImageOfPage\":{\"@id\":\"https:\\\/\\\/www.ledizioni.it\\\/prodotto\\\/tintas-iii-serie-n-7-2017\\\/#primaryimage\"},\"image\":{\"@id\":\"https:\\\/\\\/www.ledizioni.it\\\/prodotto\\\/tintas-iii-serie-n-7-2017\\\/#primaryimage\"},\"thumbnailUrl\":\"https:\\\/\\\/www.ledizioni.it\\\/stag\\\/wp-content\\\/uploads\\\/2018\\\/11\\\/Tintas7_3D.jpg\",\"datePublished\":\"2018-11-12T12:37:44+00:00\",\"dateModified\":\"2021-05-28T15:05:16+00:00\",\"description\":\"Ledizioni - Innovative Publishing. Casa editrice universitaria. Open Access. eBook, ePub. Creative Commons.\",\"breadcrumb\":{\"@id\":\"https:\\\/\\\/www.ledizioni.it\\\/prodotto\\\/tintas-iii-serie-n-7-2017\\\/#breadcrumb\"},\"inLanguage\":\"en-GB\",\"potentialAction\":[{\"@type\":\"ReadAction\",\"target\":[\"https:\\\/\\\/www.ledizioni.it\\\/prodotto\\\/tintas-iii-serie-n-7-2017\\\/\"]}]},{\"@type\":\"ImageObject\",\"inLanguage\":\"en-GB\",\"@id\":\"https:\\\/\\\/www.ledizioni.it\\\/prodotto\\\/tintas-iii-serie-n-7-2017\\\/#primaryimage\",\"url\":\"https:\\\/\\\/www.ledizioni.it\\\/stag\\\/wp-content\\\/uploads\\\/2018\\\/11\\\/Tintas7_3D.jpg\",\"contentUrl\":\"https:\\\/\\\/www.ledizioni.it\\\/stag\\\/wp-content\\\/uploads\\\/2018\\\/11\\\/Tintas7_3D.jpg\",\"width\":400,\"height\":508},{\"@type\":\"BreadcrumbList\",\"@id\":\"https:\\\/\\\/www.ledizioni.it\\\/prodotto\\\/tintas-iii-serie-n-7-2017\\\/#breadcrumb\",\"itemListElement\":[{\"@type\":\"ListItem\",\"position\":1,\"name\":\"Shop\",\"item\":\"https:\\\/\\\/www.ledizioni.it\\\/shop-2\\\/\"},{\"@type\":\"ListItem\",\"position\":2,\"name\":\"TINTAS &#8211; III serie, n. 7, 2017\"}]},{\"@type\":\"WebSite\",\"@id\":\"https:\\\/\\\/www.ledizioni.it\\\/#website\",\"url\":\"https:\\\/\\\/www.ledizioni.it\\\/\",\"name\":\"Ledizioni\",\"description\":\"The Innovative LediPublishing Company - Casa Editrice Universitaria\",\"publisher\":{\"@id\":\"https:\\\/\\\/www.ledizioni.it\\\/#organization\"},\"potentialAction\":[{\"@type\":\"SearchAction\",\"target\":{\"@type\":\"EntryPoint\",\"urlTemplate\":\"https:\\\/\\\/www.ledizioni.it\\\/?s={search_term_string}\"},\"query-input\":{\"@type\":\"PropertyValueSpecification\",\"valueRequired\":true,\"valueName\":\"search_term_string\"}}],\"inLanguage\":\"en-GB\"},{\"@type\":\"Organization\",\"@id\":\"https:\\\/\\\/www.ledizioni.it\\\/#organization\",\"name\":\"Ledizioni\",\"url\":\"https:\\\/\\\/www.ledizioni.it\\\/\",\"logo\":{\"@type\":\"ImageObject\",\"inLanguage\":\"en-GB\",\"@id\":\"https:\\\/\\\/www.ledizioni.it\\\/#\\\/schema\\\/logo\\\/image\\\/\",\"url\":\"https:\\\/\\\/www.ledizioni.it\\\/stag\\\/wp-content\\\/uploads\\\/2023\\\/10\\\/newlogoledizioni500x110_2-1.jpg\",\"contentUrl\":\"https:\\\/\\\/www.ledizioni.it\\\/stag\\\/wp-content\\\/uploads\\\/2023\\\/10\\\/newlogoledizioni500x110_2-1.jpg\",\"width\":354,\"height\":87,\"caption\":\"Ledizioni\"},\"image\":{\"@id\":\"https:\\\/\\\/www.ledizioni.it\\\/#\\\/schema\\\/logo\\\/image\\\/\"},\"sameAs\":[\"https:\\\/\\\/www.facebook.com\\\/pages\\\/Ledizioni-LediPublishing\\\/109120559173329\",\"https:\\\/\\\/x.com\\\/ledizioni\"]}]}<\/script>\n<!-- \/ Yoast SEO plugin. -->","yoast_head_json":{"title":"TINTAS - III serie, n. 7, 2017 -","description":"Ledizioni - Innovative Publishing. Casa editrice universitaria. Open Access. eBook, ePub. Creative Commons.","robots":{"index":"index","follow":"follow","max-snippet":"max-snippet:-1","max-image-preview":"max-image-preview:large","max-video-preview":"max-video-preview:-1"},"canonical":"https:\/\/www.ledizioni.it\/en\/product\/tintas-iii-serie-n-7-2017\/","og_locale":"en_GB","og_type":"article","og_title":"TINTAS - III serie, n. 7, 2017 -","og_description":"Ledizioni - Innovative Publishing. Casa editrice universitaria. Open Access. eBook, ePub. Creative Commons.","og_url":"https:\/\/www.ledizioni.it\/en\/product\/tintas-iii-serie-n-7-2017\/","og_site_name":"Ledizioni","article_publisher":"https:\/\/www.facebook.com\/pages\/Ledizioni-LediPublishing\/109120559173329","article_modified_time":"2021-05-28T15:05:16+00:00","og_image":[{"width":400,"height":508,"url":"https:\/\/www.ledizioni.it\/stag\/wp-content\/uploads\/2018\/11\/Tintas7_3D.jpg","type":"image\/jpeg"}],"twitter_card":"summary_large_image","twitter_site":"@ledizioni","twitter_misc":{"Estimated reading time":"2 minutes"},"schema":{"@context":"https:\/\/schema.org","@graph":[{"@type":"WebPage","@id":"https:\/\/www.ledizioni.it\/prodotto\/tintas-iii-serie-n-7-2017\/","url":"https:\/\/www.ledizioni.it\/prodotto\/tintas-iii-serie-n-7-2017\/","name":"TINTAS - III serie, n. 7, 2017 -","isPartOf":{"@id":"https:\/\/www.ledizioni.it\/#website"},"primaryImageOfPage":{"@id":"https:\/\/www.ledizioni.it\/prodotto\/tintas-iii-serie-n-7-2017\/#primaryimage"},"image":{"@id":"https:\/\/www.ledizioni.it\/prodotto\/tintas-iii-serie-n-7-2017\/#primaryimage"},"thumbnailUrl":"https:\/\/www.ledizioni.it\/stag\/wp-content\/uploads\/2018\/11\/Tintas7_3D.jpg","datePublished":"2018-11-12T12:37:44+00:00","dateModified":"2021-05-28T15:05:16+00:00","description":"Ledizioni - Innovative Publishing. Casa editrice universitaria. Open Access. eBook, ePub. Creative Commons.","breadcrumb":{"@id":"https:\/\/www.ledizioni.it\/prodotto\/tintas-iii-serie-n-7-2017\/#breadcrumb"},"inLanguage":"en-GB","potentialAction":[{"@type":"ReadAction","target":["https:\/\/www.ledizioni.it\/prodotto\/tintas-iii-serie-n-7-2017\/"]}]},{"@type":"ImageObject","inLanguage":"en-GB","@id":"https:\/\/www.ledizioni.it\/prodotto\/tintas-iii-serie-n-7-2017\/#primaryimage","url":"https:\/\/www.ledizioni.it\/stag\/wp-content\/uploads\/2018\/11\/Tintas7_3D.jpg","contentUrl":"https:\/\/www.ledizioni.it\/stag\/wp-content\/uploads\/2018\/11\/Tintas7_3D.jpg","width":400,"height":508},{"@type":"BreadcrumbList","@id":"https:\/\/www.ledizioni.it\/prodotto\/tintas-iii-serie-n-7-2017\/#breadcrumb","itemListElement":[{"@type":"ListItem","position":1,"name":"Shop","item":"https:\/\/www.ledizioni.it\/shop-2\/"},{"@type":"ListItem","position":2,"name":"TINTAS &#8211; III serie, n. 7, 2017"}]},{"@type":"WebSite","@id":"https:\/\/www.ledizioni.it\/#website","url":"https:\/\/www.ledizioni.it\/","name":"Ledizioni","description":"The Innovative LediPublishing Company - Casa Editrice Universitaria","publisher":{"@id":"https:\/\/www.ledizioni.it\/#organization"},"potentialAction":[{"@type":"SearchAction","target":{"@type":"EntryPoint","urlTemplate":"https:\/\/www.ledizioni.it\/?s={search_term_string}"},"query-input":{"@type":"PropertyValueSpecification","valueRequired":true,"valueName":"search_term_string"}}],"inLanguage":"en-GB"},{"@type":"Organization","@id":"https:\/\/www.ledizioni.it\/#organization","name":"Ledizioni","url":"https:\/\/www.ledizioni.it\/","logo":{"@type":"ImageObject","inLanguage":"en-GB","@id":"https:\/\/www.ledizioni.it\/#\/schema\/logo\/image\/","url":"https:\/\/www.ledizioni.it\/stag\/wp-content\/uploads\/2023\/10\/newlogoledizioni500x110_2-1.jpg","contentUrl":"https:\/\/www.ledizioni.it\/stag\/wp-content\/uploads\/2023\/10\/newlogoledizioni500x110_2-1.jpg","width":354,"height":87,"caption":"Ledizioni"},"image":{"@id":"https:\/\/www.ledizioni.it\/#\/schema\/logo\/image\/"},"sameAs":["https:\/\/www.facebook.com\/pages\/Ledizioni-LediPublishing\/109120559173329","https:\/\/x.com\/ledizioni"]}]}},"jetpack_sharing_enabled":true,"_links":{"self":[{"href":"https:\/\/www.ledizioni.it\/en\/wp-json\/wp\/v2\/product\/20772","targetHints":{"allow":["GET"]}}],"collection":[{"href":"https:\/\/www.ledizioni.it\/en\/wp-json\/wp\/v2\/product"}],"about":[{"href":"https:\/\/www.ledizioni.it\/en\/wp-json\/wp\/v2\/types\/product"}],"replies":[{"embeddable":true,"href":"https:\/\/www.ledizioni.it\/en\/wp-json\/wp\/v2\/comments?post=20772"}],"version-history":[{"count":1,"href":"https:\/\/www.ledizioni.it\/en\/wp-json\/wp\/v2\/product\/20772\/revisions"}],"predecessor-version":[{"id":20777,"href":"https:\/\/www.ledizioni.it\/en\/wp-json\/wp\/v2\/product\/20772\/revisions\/20777"}],"wp:featuredmedia":[{"embeddable":true,"href":"https:\/\/www.ledizioni.it\/en\/wp-json\/wp\/v2\/media\/20776"}],"wp:attachment":[{"href":"https:\/\/www.ledizioni.it\/en\/wp-json\/wp\/v2\/media?parent=20772"}],"wp:term":[{"taxonomy":"product_brand","embeddable":true,"href":"https:\/\/www.ledizioni.it\/en\/wp-json\/wp\/v2\/product_brand?post=20772"},{"taxonomy":"product_cat","embeddable":true,"href":"https:\/\/www.ledizioni.it\/en\/wp-json\/wp\/v2\/product_cat?post=20772"},{"taxonomy":"product_tag","embeddable":true,"href":"https:\/\/www.ledizioni.it\/en\/wp-json\/wp\/v2\/product_tag?post=20772"}],"curies":[{"name":"wp","href":"https:\/\/api.w.org\/{rel}","templated":true}]}}