{"id":20778,"date":"2014-11-12T15:07:03","date_gmt":"2014-11-12T13:07:03","guid":{"rendered":"https:\/\/www.ledizioni.it\/?post_type=product&#038;p=20778"},"modified":"2022-07-05T23:20:08","modified_gmt":"2022-07-05T21:20:08","slug":"tintas-iii-serie-n-4-2014","status":"publish","type":"product","link":"https:\/\/www.ledizioni.it\/en\/product\/tintas-iii-serie-n-4-2014\/","title":{"rendered":"TINTAS &#8211; III serie, n. 4, 2014"},"content":{"rendered":"<p>ARTICOLI<\/p>\n<ul>\n<li>GIULIANA CALABRESE, <em>&#8220;En el umbral de la primavera&#8221;. Un encuentro con la poes\u00eda espa\u00f1ola contempor\u00e1nea.<\/em><\/li>\n<li>ELIDE PITTARELLO,\u00a0<em>\u00abLa habitaci\u00f3n vac\u00eda\u00bb de Juan Vincente Piqueras: sentir, nombrar, suspender<\/em><\/li>\n<li>ENRIC BOU, <em>Josep Pedrals fa volar pardals: &#8220;una met\u00e0fora mutant&#8221;<\/em><\/li>\n<li>LORETTA FRATTALE, <em>Elogio della parola e della poesia performativa in Juan Carlos Mestre<\/em><\/li>\n<li>ANT\u00cdA MARANTE ARIAS, <em>Ana Roman\u00ed y Chus Pato: po\u00e9ticas contro la usurpaci\u00f3n<\/em><\/li>\n<li>CLARA EUGENIA \u00a0PERAG\u00d3N L\u00d3PEZ, <em>Hacia la b\u00fasqueda del placer est\u00e9tico: algunas razones para incorporar los textos po\u00e9ticos en el aula de ELE<\/em><\/li>\n<\/ul>\n<p>TRASBORDI<\/p>\n<ul>\n<li>LUISA CASTRO, <em>Diciannove poesie (1984-2005)<\/em> (trad. di Danilo Manera)<\/li>\n<li>C\u00c9SAR ANTONIO MOLINA, <em>\u00abPor entre los bloques de basalto\u00bb (2012)<\/em> (trad. di Augusto Guarino)<\/li>\n<li>LUIS MARTIN\u00c9Z FALERO, <em>Quattro poesie da<\/em> Fundido en Blanco <em>(2011)<\/em> (trad. di Maria Rosso)<\/li>\n<li>MANUEL FORCANO, <em>Cinque poesie da<\/em> Est\u00e0tues sense cap <em>(2013)<\/em> (trad. di Simone Cattaneo)<\/li>\n<li>\u00c0LVARO VALVERDE, La memoria di Yuste, <em>cinque poesie<\/em> (trad. di Giovanni Scarabello)<\/li>\n<li>JUAN TOM\u00c1S\u00a0\u00c1VILA LAUREL, <em>Dieci poesie (1989-2012)<\/em> (trad. di Danilo Manera)<\/li>\n<li>LEIRE BILBAO, <em>Tre poesie da<\/em> Scanner <em>(2011)<\/em> (trad. di Roberta Gozzi)<\/li>\n<li>JOS\u00c9\u00a0\u00c1NGEL VALENTE, <em>Quattro frammenti di un&#8217;ecfrasi costante<\/em> (trad. di Pietro Taravacci)<\/li>\n<li>BERNARDO ATXAGA, JOSEBA SARRIONANDIA, RIKARDO ARREGI, MIREN AGUR MEABE, KIRMEN URIBE. HARKAITZ CANO, Il giardino dei sensi risvegliati. Antologia di sei posti baschi contemporanei (trad. di Danilo Manera e Roberta Gozzi)<\/li>\n<\/ul>\n<p>INTERVISTA<\/p>\n<ul>\n<li>MIKEL AYERBE, <em>Entrevista a Rikardo Arregi o el fr\u00e1gil equilibrio entre decir, no decir o repetirse<\/em><\/li>\n<\/ul>\n<p>RECENSIONI<\/p>\n<ul>\n<li>Hugo Mujica, <em>Cuando todo calla<\/em> (Juan Carlos Abril)<\/li>\n<li>Jos\u00e9 Mar\u00eda Mic\u00f3, <em>Caleidoscopio<\/em> (Maria Rosso)<\/li>\n<li>Rikardo Arregi, <em>Bitan esan beharra<\/em> (I\u00f1aki Alfaro Vergarechea)<\/li>\n<li>Jos\u00e9 Rafael Lantigua, <em>Territorio de espejos<\/em> (Simone Cattaneo)<\/li>\n<li>Luis Mart\u00ednez Falero, <em>fundido en blanco<\/em> (Alberto Maffini)<\/li>\n<li>Silvia Cuevas Morales, <em>Pienso, luego estorbo&#8230;<\/em> (Sara Chiodaroli)<\/li>\n<li>Sidi Seck, <em>Las sombras en pos del tamarindo<\/em> (Ilaria Rossini)<\/li>\n<\/ul>\n<p>INEDITI<\/p>\n<ul>\n<li>JUAN VINCENTE PIQUERAS, \u00abLa habitaci\u00f3n vac\u00eda\u00bb\u00a0\u00abNombres borrados\u00bb<\/li>\n<li>LUISA CASTRO, \u00abOsetia 2004\u00bb<\/li>\n<li>VINCENTE CERVERA \u00a0SALINAS, \u00abA un libro\u00bb<\/li>\n<li>RIKARDO ARREGI, \u00abMuseo erromantikoak\u00bb<\/li>\n<li>LUIS BAGU\u00c9 QU\u00cdLEZ, \u00abContra lo sublime (Variaci\u00f3n sobre un tema de Kay Ryan)\u00bb<\/li>\n<\/ul>\n<p><strong>RIFERIMENTI BIBLIOGRAFICI<\/strong><\/p>\n<p>Prezzo cartaceo: 25,00\u00a0\u20ac<\/p>","protected":false},"excerpt":{"rendered":"<p>ARTICOLI GIULIANA CALABRESE, &#8220;En el umbral de la primavera&#8221;. Un encuentro con la poes\u00eda espa\u00f1ola contempor\u00e1nea. ELIDE PITTARELLO,\u00a0\u00abLa habitaci\u00f3n vac\u00eda\u00bb<\/p>","protected":false},"featured_media":20779,"comment_status":"open","ping_status":"closed","template":"","meta":{"_acf_changed":false},"product_brand":[],"product_cat":[1292],"product_tag":[1296,1295,1294],"class_list":{"0":"post-20778","1":"product","2":"type-product","3":"status-publish","4":"has-post-thumbnail","6":"product_cat-tintas","7":"product_tag-lingue-iberiche","8":"product_tag-portogallo","9":"product_tag-spagna","10":"pa_formato-cartaceo","11":"pa_lingua-spagnolo","13":"first","14":"instock","15":"featured","16":"shipping-taxable","17":"purchasable","18":"product-type-simple"},"acf":[],"yoast_head":"<!-- This site is optimized with the Yoast SEO plugin v27.3 - https:\/\/yoast.com\/product\/yoast-seo-wordpress\/ -->\n<title>TINTAS - III serie, n. 4, 2014 -<\/title>\n<meta name=\"description\" content=\"Ledizioni - Innovative Publishing. Casa editrice universitaria. Open Access. eBook, ePub. Creative Commons.\" \/>\n<meta name=\"robots\" content=\"index, follow, max-snippet:-1, max-image-preview:large, max-video-preview:-1\" \/>\n<link rel=\"canonical\" href=\"https:\/\/www.ledizioni.it\/en\/product\/tintas-iii-serie-n-4-2014\/\" \/>\n<meta property=\"og:locale\" content=\"en_GB\" \/>\n<meta property=\"og:type\" content=\"article\" \/>\n<meta property=\"og:title\" content=\"TINTAS - III serie, n. 4, 2014 -\" \/>\n<meta property=\"og:description\" content=\"Ledizioni - Innovative Publishing. Casa editrice universitaria. Open Access. eBook, ePub. Creative Commons.\" \/>\n<meta property=\"og:url\" content=\"https:\/\/www.ledizioni.it\/en\/product\/tintas-iii-serie-n-4-2014\/\" \/>\n<meta property=\"og:site_name\" content=\"Ledizioni\" \/>\n<meta property=\"article:publisher\" content=\"https:\/\/www.facebook.com\/pages\/Ledizioni-LediPublishing\/109120559173329\" \/>\n<meta property=\"article:modified_time\" content=\"2022-07-05T21:20:08+00:00\" \/>\n<meta property=\"og:image\" content=\"https:\/\/www.ledizioni.it\/stag\/wp-content\/uploads\/2018\/11\/Copertina_3D.jpg\" \/>\n\t<meta property=\"og:image:width\" content=\"400\" \/>\n\t<meta property=\"og:image:height\" content=\"530\" \/>\n\t<meta property=\"og:image:type\" content=\"image\/jpeg\" \/>\n<meta name=\"twitter:card\" content=\"summary_large_image\" \/>\n<meta name=\"twitter:site\" content=\"@ledizioni\" \/>\n<meta name=\"twitter:label1\" content=\"Estimated reading time\" \/>\n\t<meta name=\"twitter:data1\" content=\"2 minutes\" \/>\n<script type=\"application\/ld+json\" class=\"yoast-schema-graph\">{\"@context\":\"https:\\\/\\\/schema.org\",\"@graph\":[{\"@type\":\"WebPage\",\"@id\":\"https:\\\/\\\/www.ledizioni.it\\\/prodotto\\\/tintas-iii-serie-n-4-2014\\\/\",\"url\":\"https:\\\/\\\/www.ledizioni.it\\\/prodotto\\\/tintas-iii-serie-n-4-2014\\\/\",\"name\":\"TINTAS - III serie, n. 4, 2014 -\",\"isPartOf\":{\"@id\":\"https:\\\/\\\/www.ledizioni.it\\\/#website\"},\"primaryImageOfPage\":{\"@id\":\"https:\\\/\\\/www.ledizioni.it\\\/prodotto\\\/tintas-iii-serie-n-4-2014\\\/#primaryimage\"},\"image\":{\"@id\":\"https:\\\/\\\/www.ledizioni.it\\\/prodotto\\\/tintas-iii-serie-n-4-2014\\\/#primaryimage\"},\"thumbnailUrl\":\"https:\\\/\\\/www.ledizioni.it\\\/stag\\\/wp-content\\\/uploads\\\/2018\\\/11\\\/Copertina_3D.jpg\",\"datePublished\":\"2014-11-12T13:07:03+00:00\",\"dateModified\":\"2022-07-05T21:20:08+00:00\",\"description\":\"Ledizioni - Innovative Publishing. Casa editrice universitaria. Open Access. eBook, ePub. Creative Commons.\",\"breadcrumb\":{\"@id\":\"https:\\\/\\\/www.ledizioni.it\\\/prodotto\\\/tintas-iii-serie-n-4-2014\\\/#breadcrumb\"},\"inLanguage\":\"en-GB\",\"potentialAction\":[{\"@type\":\"ReadAction\",\"target\":[\"https:\\\/\\\/www.ledizioni.it\\\/prodotto\\\/tintas-iii-serie-n-4-2014\\\/\"]}]},{\"@type\":\"ImageObject\",\"inLanguage\":\"en-GB\",\"@id\":\"https:\\\/\\\/www.ledizioni.it\\\/prodotto\\\/tintas-iii-serie-n-4-2014\\\/#primaryimage\",\"url\":\"https:\\\/\\\/www.ledizioni.it\\\/stag\\\/wp-content\\\/uploads\\\/2018\\\/11\\\/Copertina_3D.jpg\",\"contentUrl\":\"https:\\\/\\\/www.ledizioni.it\\\/stag\\\/wp-content\\\/uploads\\\/2018\\\/11\\\/Copertina_3D.jpg\",\"width\":400,\"height\":530},{\"@type\":\"BreadcrumbList\",\"@id\":\"https:\\\/\\\/www.ledizioni.it\\\/prodotto\\\/tintas-iii-serie-n-4-2014\\\/#breadcrumb\",\"itemListElement\":[{\"@type\":\"ListItem\",\"position\":1,\"name\":\"Shop\",\"item\":\"https:\\\/\\\/www.ledizioni.it\\\/shop-2\\\/\"},{\"@type\":\"ListItem\",\"position\":2,\"name\":\"TINTAS &#8211; III serie, n. 4, 2014\"}]},{\"@type\":\"WebSite\",\"@id\":\"https:\\\/\\\/www.ledizioni.it\\\/#website\",\"url\":\"https:\\\/\\\/www.ledizioni.it\\\/\",\"name\":\"Ledizioni\",\"description\":\"The Innovative LediPublishing Company - Casa Editrice Universitaria\",\"publisher\":{\"@id\":\"https:\\\/\\\/www.ledizioni.it\\\/#organization\"},\"potentialAction\":[{\"@type\":\"SearchAction\",\"target\":{\"@type\":\"EntryPoint\",\"urlTemplate\":\"https:\\\/\\\/www.ledizioni.it\\\/?s={search_term_string}\"},\"query-input\":{\"@type\":\"PropertyValueSpecification\",\"valueRequired\":true,\"valueName\":\"search_term_string\"}}],\"inLanguage\":\"en-GB\"},{\"@type\":\"Organization\",\"@id\":\"https:\\\/\\\/www.ledizioni.it\\\/#organization\",\"name\":\"Ledizioni\",\"url\":\"https:\\\/\\\/www.ledizioni.it\\\/\",\"logo\":{\"@type\":\"ImageObject\",\"inLanguage\":\"en-GB\",\"@id\":\"https:\\\/\\\/www.ledizioni.it\\\/#\\\/schema\\\/logo\\\/image\\\/\",\"url\":\"https:\\\/\\\/www.ledizioni.it\\\/stag\\\/wp-content\\\/uploads\\\/2023\\\/10\\\/newlogoledizioni500x110_2-1.jpg\",\"contentUrl\":\"https:\\\/\\\/www.ledizioni.it\\\/stag\\\/wp-content\\\/uploads\\\/2023\\\/10\\\/newlogoledizioni500x110_2-1.jpg\",\"width\":354,\"height\":87,\"caption\":\"Ledizioni\"},\"image\":{\"@id\":\"https:\\\/\\\/www.ledizioni.it\\\/#\\\/schema\\\/logo\\\/image\\\/\"},\"sameAs\":[\"https:\\\/\\\/www.facebook.com\\\/pages\\\/Ledizioni-LediPublishing\\\/109120559173329\",\"https:\\\/\\\/x.com\\\/ledizioni\"]}]}<\/script>\n<!-- \/ Yoast SEO plugin. -->","yoast_head_json":{"title":"TINTAS - III serie, n. 4, 2014 -","description":"Ledizioni - Innovative Publishing. Casa editrice universitaria. Open Access. eBook, ePub. Creative Commons.","robots":{"index":"index","follow":"follow","max-snippet":"max-snippet:-1","max-image-preview":"max-image-preview:large","max-video-preview":"max-video-preview:-1"},"canonical":"https:\/\/www.ledizioni.it\/en\/product\/tintas-iii-serie-n-4-2014\/","og_locale":"en_GB","og_type":"article","og_title":"TINTAS - III serie, n. 4, 2014 -","og_description":"Ledizioni - Innovative Publishing. Casa editrice universitaria. Open Access. eBook, ePub. Creative Commons.","og_url":"https:\/\/www.ledizioni.it\/en\/product\/tintas-iii-serie-n-4-2014\/","og_site_name":"Ledizioni","article_publisher":"https:\/\/www.facebook.com\/pages\/Ledizioni-LediPublishing\/109120559173329","article_modified_time":"2022-07-05T21:20:08+00:00","og_image":[{"width":400,"height":530,"url":"https:\/\/www.ledizioni.it\/stag\/wp-content\/uploads\/2018\/11\/Copertina_3D.jpg","type":"image\/jpeg"}],"twitter_card":"summary_large_image","twitter_site":"@ledizioni","twitter_misc":{"Estimated reading time":"2 minutes"},"schema":{"@context":"https:\/\/schema.org","@graph":[{"@type":"WebPage","@id":"https:\/\/www.ledizioni.it\/prodotto\/tintas-iii-serie-n-4-2014\/","url":"https:\/\/www.ledizioni.it\/prodotto\/tintas-iii-serie-n-4-2014\/","name":"TINTAS - III serie, n. 4, 2014 -","isPartOf":{"@id":"https:\/\/www.ledizioni.it\/#website"},"primaryImageOfPage":{"@id":"https:\/\/www.ledizioni.it\/prodotto\/tintas-iii-serie-n-4-2014\/#primaryimage"},"image":{"@id":"https:\/\/www.ledizioni.it\/prodotto\/tintas-iii-serie-n-4-2014\/#primaryimage"},"thumbnailUrl":"https:\/\/www.ledizioni.it\/stag\/wp-content\/uploads\/2018\/11\/Copertina_3D.jpg","datePublished":"2014-11-12T13:07:03+00:00","dateModified":"2022-07-05T21:20:08+00:00","description":"Ledizioni - Innovative Publishing. Casa editrice universitaria. Open Access. eBook, ePub. Creative Commons.","breadcrumb":{"@id":"https:\/\/www.ledizioni.it\/prodotto\/tintas-iii-serie-n-4-2014\/#breadcrumb"},"inLanguage":"en-GB","potentialAction":[{"@type":"ReadAction","target":["https:\/\/www.ledizioni.it\/prodotto\/tintas-iii-serie-n-4-2014\/"]}]},{"@type":"ImageObject","inLanguage":"en-GB","@id":"https:\/\/www.ledizioni.it\/prodotto\/tintas-iii-serie-n-4-2014\/#primaryimage","url":"https:\/\/www.ledizioni.it\/stag\/wp-content\/uploads\/2018\/11\/Copertina_3D.jpg","contentUrl":"https:\/\/www.ledizioni.it\/stag\/wp-content\/uploads\/2018\/11\/Copertina_3D.jpg","width":400,"height":530},{"@type":"BreadcrumbList","@id":"https:\/\/www.ledizioni.it\/prodotto\/tintas-iii-serie-n-4-2014\/#breadcrumb","itemListElement":[{"@type":"ListItem","position":1,"name":"Shop","item":"https:\/\/www.ledizioni.it\/shop-2\/"},{"@type":"ListItem","position":2,"name":"TINTAS &#8211; III serie, n. 4, 2014"}]},{"@type":"WebSite","@id":"https:\/\/www.ledizioni.it\/#website","url":"https:\/\/www.ledizioni.it\/","name":"Ledizioni","description":"The Innovative LediPublishing Company - Casa Editrice Universitaria","publisher":{"@id":"https:\/\/www.ledizioni.it\/#organization"},"potentialAction":[{"@type":"SearchAction","target":{"@type":"EntryPoint","urlTemplate":"https:\/\/www.ledizioni.it\/?s={search_term_string}"},"query-input":{"@type":"PropertyValueSpecification","valueRequired":true,"valueName":"search_term_string"}}],"inLanguage":"en-GB"},{"@type":"Organization","@id":"https:\/\/www.ledizioni.it\/#organization","name":"Ledizioni","url":"https:\/\/www.ledizioni.it\/","logo":{"@type":"ImageObject","inLanguage":"en-GB","@id":"https:\/\/www.ledizioni.it\/#\/schema\/logo\/image\/","url":"https:\/\/www.ledizioni.it\/stag\/wp-content\/uploads\/2023\/10\/newlogoledizioni500x110_2-1.jpg","contentUrl":"https:\/\/www.ledizioni.it\/stag\/wp-content\/uploads\/2023\/10\/newlogoledizioni500x110_2-1.jpg","width":354,"height":87,"caption":"Ledizioni"},"image":{"@id":"https:\/\/www.ledizioni.it\/#\/schema\/logo\/image\/"},"sameAs":["https:\/\/www.facebook.com\/pages\/Ledizioni-LediPublishing\/109120559173329","https:\/\/x.com\/ledizioni"]}]}},"jetpack_sharing_enabled":true,"_links":{"self":[{"href":"https:\/\/www.ledizioni.it\/en\/wp-json\/wp\/v2\/product\/20778","targetHints":{"allow":["GET"]}}],"collection":[{"href":"https:\/\/www.ledizioni.it\/en\/wp-json\/wp\/v2\/product"}],"about":[{"href":"https:\/\/www.ledizioni.it\/en\/wp-json\/wp\/v2\/types\/product"}],"replies":[{"embeddable":true,"href":"https:\/\/www.ledizioni.it\/en\/wp-json\/wp\/v2\/comments?post=20778"}],"version-history":[{"count":0,"href":"https:\/\/www.ledizioni.it\/en\/wp-json\/wp\/v2\/product\/20778\/revisions"}],"wp:featuredmedia":[{"embeddable":true,"href":"https:\/\/www.ledizioni.it\/en\/wp-json\/wp\/v2\/media\/20779"}],"wp:attachment":[{"href":"https:\/\/www.ledizioni.it\/en\/wp-json\/wp\/v2\/media?parent=20778"}],"wp:term":[{"taxonomy":"product_brand","embeddable":true,"href":"https:\/\/www.ledizioni.it\/en\/wp-json\/wp\/v2\/product_brand?post=20778"},{"taxonomy":"product_cat","embeddable":true,"href":"https:\/\/www.ledizioni.it\/en\/wp-json\/wp\/v2\/product_cat?post=20778"},{"taxonomy":"product_tag","embeddable":true,"href":"https:\/\/www.ledizioni.it\/en\/wp-json\/wp\/v2\/product_tag?post=20778"}],"curies":[{"name":"wp","href":"https:\/\/api.w.org\/{rel}","templated":true}]}}