{"id":20989,"date":"2018-11-23T09:34:06","date_gmt":"2018-11-23T09:34:06","guid":{"rendered":"https:\/\/www.ledizioni.it\/?post_type=product&#038;p=20989"},"modified":"2021-06-03T16:59:46","modified_gmt":"2021-06-03T14:59:46","slug":"la-grande-illusione","status":"publish","type":"product","link":"https:\/\/www.ledizioni.it\/en\/product\/la-grande-illusione\/","title":{"rendered":"LA GRANDE ILLUSIONE"},"content":{"rendered":"<p style=\"text-align: justify;\">1960-1969: anni densi di novit\u00e0, divertenti, elettrizzanti, proiettati verso il futuro. Non si aspira pi\u00f9 a guidare un\u2019utilitaria, si vuole filare su una spider; si \u00e8 certi che il dialogo tra Kennedy e Kruscev garantir\u00e0 pace e sicurezza al mondo intero; i ragazzi del baby boom sono ben nutriti, sani e istruiti.<br \/>\nQuante risate al cinema con la commedia all\u2019italiana! E c\u2019\u00e8 chi sogna di scatenarsi in un twist con Catherine Spaak o Stefania Sandrelli!<br \/>\nCambiano i tempi per tutti, persino per la Chiesa. Anche l\u2019 ottimismo dei giovani non conosce limiti, ma non ammette smentite.<br \/>\nEppure qualcosa non va. Perch\u00e9 nel luglio \u201860 la democrazia vacilla? Come mai nella politica, sopito uno scandalo, ne scoppia un altro? Dove sono finite le riforme? Ci si accorge che il paese va in pezzi: nell\u2019ottobre \u201863 crolla la diga del Vajont; nell\u2019agosto \u201866 frana Agrigento e, tre mesi pi\u00f9 tardi, Firenze \u00e8 sommersa dall\u2019alluvione; nel gennaio \u201868 ha inizio la \u00abvergogna nazionale\u00bb del Belice. Dietro la facciata di modernit\u00e0 e disinvoltura ci sono un paese fragile, una societ\u00e0 divisa, una politica corrotta.<br \/>\nE i giovani, inquieti e ribelli? L\u2019altra faccia dei gioiosi anni Sessanta viene messa a nudo con l\u2019esplosione del \u201868. Dapprima \u00e8 un botto di vitalit\u00e0, una protesta forte; poi \u00e8 il boato della bomba di piazza Fontana a Milano, cui fa seguito, quattro giorni dopo, il \u00absuicidio\u00bb di Giuseppe Pinelli. La grande illusione svanisce nel silenzio e nel lutto.<br \/>\nMarta Boneschi delinea in queste pagine lo spaccato di un altro decennio della nostra storia recente, attingendo ai grandi avvenimenti della scena mondiale e ai piccoli fatti di cronaca, facendo rivivere personaggi e sentimenti di quei memorabili e ingannevoli anni Sessanta.<\/p>\n<h3 style=\"text-align: justify;\"><strong><span style=\"color: #000000;\">DATI BIBLIOGRAFICI<\/span><\/strong><\/h3>\n<p style=\"text-align: justify;\">Autori: Marta Boneschi<br \/>\nEditore: Ledizioni<br \/>\nCollana: <a href=\"https:\/\/www.ledizioni.it\/en\/product-category\/reprints\/storica-reprints\/\">Storica Reprint<\/a><br \/>\nFormato: Brossura, 340 p. &#8211; ePub<br \/>\nPubblicato in: Novembre 2018<br \/>\nISBN cartaceo: 9788867056460<br \/>\nISBN ePub: 9788867058761<br \/>\nPrezzo Cartaceo: 16,90 \u20ac<br \/>\nPrezzo ePub: 6,99 \u20ac<\/p>","protected":false},"excerpt":{"rendered":"<p>1960-1969: anni densi di novit\u00e0, divertenti, elettrizzanti, proiettati verso il futuro. Non si aspira pi\u00f9 a guidare un\u2019utilitaria, si vuole<\/p>","protected":false},"featured_media":20992,"comment_status":"open","ping_status":"closed","template":"","meta":{"_acf_changed":false},"product_brand":[],"product_cat":[559],"product_tag":[1816,2598,1817,846,872],"class_list":{"0":"post-20989","1":"product","2":"type-product","3":"status-publish","4":"has-post-thumbnail","6":"product_cat-storica-reprints","7":"product_tag-anni-sessanta","8":"product_tag-baby-boom","9":"product_tag-consumismo","10":"product_tag-storia-italiana","11":"product_tag-televisione","12":"pa_formato-cartaceo","13":"pa_formato-ebook-in-epub","14":"pa_lingua-italiano","16":"first","17":"instock","18":"featured","19":"shipping-taxable","20":"purchasable","21":"product-type-variable"},"acf":[],"yoast_head":"<!-- This site is optimized with the Yoast SEO plugin v27.3 - https:\/\/yoast.com\/product\/yoast-seo-wordpress\/ -->\n<title>LA GRANDE ILLUSIONE<\/title>\n<meta name=\"description\" content=\"I nostri anni Sessanta\" \/>\n<meta name=\"robots\" content=\"index, follow, max-snippet:-1, max-image-preview:large, max-video-preview:-1\" \/>\n<link rel=\"canonical\" href=\"https:\/\/www.ledizioni.it\/en\/product\/la-grande-illusione\/\" \/>\n<meta property=\"og:locale\" content=\"en_GB\" \/>\n<meta property=\"og:type\" content=\"article\" \/>\n<meta property=\"og:title\" content=\"LA GRANDE ILLUSIONE\" \/>\n<meta property=\"og:description\" content=\"I nostri anni Sessanta\" \/>\n<meta property=\"og:url\" content=\"https:\/\/www.ledizioni.it\/en\/product\/la-grande-illusione\/\" \/>\n<meta property=\"og:site_name\" content=\"Ledizioni\" \/>\n<meta property=\"article:publisher\" content=\"https:\/\/www.facebook.com\/pages\/Ledizioni-LediPublishing\/109120559173329\" \/>\n<meta property=\"article:modified_time\" content=\"2021-06-03T14:59:46+00:00\" \/>\n<meta property=\"og:image\" content=\"https:\/\/www.ledizioni.it\/stag\/wp-content\/uploads\/2018\/11\/Boneschi_Illusione_3D.jpg\" \/>\n\t<meta property=\"og:image:width\" content=\"400\" \/>\n\t<meta property=\"og:image:height\" content=\"498\" \/>\n\t<meta property=\"og:image:type\" content=\"image\/jpeg\" \/>\n<meta name=\"twitter:card\" content=\"summary_large_image\" \/>\n<meta name=\"twitter:site\" content=\"@ledizioni\" \/>\n<meta name=\"twitter:label1\" content=\"Estimated reading time\" \/>\n\t<meta name=\"twitter:data1\" content=\"2 minutes\" \/>\n<script type=\"application\/ld+json\" class=\"yoast-schema-graph\">{\"@context\":\"https:\\\/\\\/schema.org\",\"@graph\":[{\"@type\":\"WebPage\",\"@id\":\"https:\\\/\\\/www.ledizioni.it\\\/prodotto\\\/la-grande-illusione\\\/\",\"url\":\"https:\\\/\\\/www.ledizioni.it\\\/prodotto\\\/la-grande-illusione\\\/\",\"name\":\"LA GRANDE ILLUSIONE\",\"isPartOf\":{\"@id\":\"https:\\\/\\\/www.ledizioni.it\\\/#website\"},\"primaryImageOfPage\":{\"@id\":\"https:\\\/\\\/www.ledizioni.it\\\/prodotto\\\/la-grande-illusione\\\/#primaryimage\"},\"image\":{\"@id\":\"https:\\\/\\\/www.ledizioni.it\\\/prodotto\\\/la-grande-illusione\\\/#primaryimage\"},\"thumbnailUrl\":\"https:\\\/\\\/www.ledizioni.it\\\/stag\\\/wp-content\\\/uploads\\\/2018\\\/11\\\/Boneschi_Illusione_3D.jpg\",\"datePublished\":\"2018-11-23T09:34:06+00:00\",\"dateModified\":\"2021-06-03T14:59:46+00:00\",\"description\":\"I nostri anni Sessanta\",\"breadcrumb\":{\"@id\":\"https:\\\/\\\/www.ledizioni.it\\\/prodotto\\\/la-grande-illusione\\\/#breadcrumb\"},\"inLanguage\":\"en-GB\",\"potentialAction\":[{\"@type\":\"ReadAction\",\"target\":[\"https:\\\/\\\/www.ledizioni.it\\\/prodotto\\\/la-grande-illusione\\\/\"]}]},{\"@type\":\"ImageObject\",\"inLanguage\":\"en-GB\",\"@id\":\"https:\\\/\\\/www.ledizioni.it\\\/prodotto\\\/la-grande-illusione\\\/#primaryimage\",\"url\":\"https:\\\/\\\/www.ledizioni.it\\\/stag\\\/wp-content\\\/uploads\\\/2018\\\/11\\\/Boneschi_Illusione_3D.jpg\",\"contentUrl\":\"https:\\\/\\\/www.ledizioni.it\\\/stag\\\/wp-content\\\/uploads\\\/2018\\\/11\\\/Boneschi_Illusione_3D.jpg\",\"width\":400,\"height\":498},{\"@type\":\"BreadcrumbList\",\"@id\":\"https:\\\/\\\/www.ledizioni.it\\\/prodotto\\\/la-grande-illusione\\\/#breadcrumb\",\"itemListElement\":[{\"@type\":\"ListItem\",\"position\":1,\"name\":\"Shop\",\"item\":\"https:\\\/\\\/www.ledizioni.it\\\/shop-2\\\/\"},{\"@type\":\"ListItem\",\"position\":2,\"name\":\"LA GRANDE ILLUSIONE\"}]},{\"@type\":\"WebSite\",\"@id\":\"https:\\\/\\\/www.ledizioni.it\\\/#website\",\"url\":\"https:\\\/\\\/www.ledizioni.it\\\/\",\"name\":\"Ledizioni\",\"description\":\"The Innovative LediPublishing Company - Casa Editrice Universitaria\",\"publisher\":{\"@id\":\"https:\\\/\\\/www.ledizioni.it\\\/#organization\"},\"potentialAction\":[{\"@type\":\"SearchAction\",\"target\":{\"@type\":\"EntryPoint\",\"urlTemplate\":\"https:\\\/\\\/www.ledizioni.it\\\/?s={search_term_string}\"},\"query-input\":{\"@type\":\"PropertyValueSpecification\",\"valueRequired\":true,\"valueName\":\"search_term_string\"}}],\"inLanguage\":\"en-GB\"},{\"@type\":\"Organization\",\"@id\":\"https:\\\/\\\/www.ledizioni.it\\\/#organization\",\"name\":\"Ledizioni\",\"url\":\"https:\\\/\\\/www.ledizioni.it\\\/\",\"logo\":{\"@type\":\"ImageObject\",\"inLanguage\":\"en-GB\",\"@id\":\"https:\\\/\\\/www.ledizioni.it\\\/#\\\/schema\\\/logo\\\/image\\\/\",\"url\":\"https:\\\/\\\/www.ledizioni.it\\\/stag\\\/wp-content\\\/uploads\\\/2023\\\/10\\\/newlogoledizioni500x110_2-1.jpg\",\"contentUrl\":\"https:\\\/\\\/www.ledizioni.it\\\/stag\\\/wp-content\\\/uploads\\\/2023\\\/10\\\/newlogoledizioni500x110_2-1.jpg\",\"width\":354,\"height\":87,\"caption\":\"Ledizioni\"},\"image\":{\"@id\":\"https:\\\/\\\/www.ledizioni.it\\\/#\\\/schema\\\/logo\\\/image\\\/\"},\"sameAs\":[\"https:\\\/\\\/www.facebook.com\\\/pages\\\/Ledizioni-LediPublishing\\\/109120559173329\",\"https:\\\/\\\/x.com\\\/ledizioni\"]}]}<\/script>\n<!-- \/ Yoast SEO plugin. -->","yoast_head_json":{"title":"LA GRANDE ILLUSIONE","description":"I nostri anni Sessanta","robots":{"index":"index","follow":"follow","max-snippet":"max-snippet:-1","max-image-preview":"max-image-preview:large","max-video-preview":"max-video-preview:-1"},"canonical":"https:\/\/www.ledizioni.it\/en\/product\/la-grande-illusione\/","og_locale":"en_GB","og_type":"article","og_title":"LA GRANDE ILLUSIONE","og_description":"I nostri anni Sessanta","og_url":"https:\/\/www.ledizioni.it\/en\/product\/la-grande-illusione\/","og_site_name":"Ledizioni","article_publisher":"https:\/\/www.facebook.com\/pages\/Ledizioni-LediPublishing\/109120559173329","article_modified_time":"2021-06-03T14:59:46+00:00","og_image":[{"width":400,"height":498,"url":"https:\/\/www.ledizioni.it\/stag\/wp-content\/uploads\/2018\/11\/Boneschi_Illusione_3D.jpg","type":"image\/jpeg"}],"twitter_card":"summary_large_image","twitter_site":"@ledizioni","twitter_misc":{"Estimated reading time":"2 minutes"},"schema":{"@context":"https:\/\/schema.org","@graph":[{"@type":"WebPage","@id":"https:\/\/www.ledizioni.it\/prodotto\/la-grande-illusione\/","url":"https:\/\/www.ledizioni.it\/prodotto\/la-grande-illusione\/","name":"LA GRANDE ILLUSIONE","isPartOf":{"@id":"https:\/\/www.ledizioni.it\/#website"},"primaryImageOfPage":{"@id":"https:\/\/www.ledizioni.it\/prodotto\/la-grande-illusione\/#primaryimage"},"image":{"@id":"https:\/\/www.ledizioni.it\/prodotto\/la-grande-illusione\/#primaryimage"},"thumbnailUrl":"https:\/\/www.ledizioni.it\/stag\/wp-content\/uploads\/2018\/11\/Boneschi_Illusione_3D.jpg","datePublished":"2018-11-23T09:34:06+00:00","dateModified":"2021-06-03T14:59:46+00:00","description":"I nostri anni Sessanta","breadcrumb":{"@id":"https:\/\/www.ledizioni.it\/prodotto\/la-grande-illusione\/#breadcrumb"},"inLanguage":"en-GB","potentialAction":[{"@type":"ReadAction","target":["https:\/\/www.ledizioni.it\/prodotto\/la-grande-illusione\/"]}]},{"@type":"ImageObject","inLanguage":"en-GB","@id":"https:\/\/www.ledizioni.it\/prodotto\/la-grande-illusione\/#primaryimage","url":"https:\/\/www.ledizioni.it\/stag\/wp-content\/uploads\/2018\/11\/Boneschi_Illusione_3D.jpg","contentUrl":"https:\/\/www.ledizioni.it\/stag\/wp-content\/uploads\/2018\/11\/Boneschi_Illusione_3D.jpg","width":400,"height":498},{"@type":"BreadcrumbList","@id":"https:\/\/www.ledizioni.it\/prodotto\/la-grande-illusione\/#breadcrumb","itemListElement":[{"@type":"ListItem","position":1,"name":"Shop","item":"https:\/\/www.ledizioni.it\/shop-2\/"},{"@type":"ListItem","position":2,"name":"LA GRANDE ILLUSIONE"}]},{"@type":"WebSite","@id":"https:\/\/www.ledizioni.it\/#website","url":"https:\/\/www.ledizioni.it\/","name":"Ledizioni","description":"The Innovative LediPublishing Company - Casa Editrice Universitaria","publisher":{"@id":"https:\/\/www.ledizioni.it\/#organization"},"potentialAction":[{"@type":"SearchAction","target":{"@type":"EntryPoint","urlTemplate":"https:\/\/www.ledizioni.it\/?s={search_term_string}"},"query-input":{"@type":"PropertyValueSpecification","valueRequired":true,"valueName":"search_term_string"}}],"inLanguage":"en-GB"},{"@type":"Organization","@id":"https:\/\/www.ledizioni.it\/#organization","name":"Ledizioni","url":"https:\/\/www.ledizioni.it\/","logo":{"@type":"ImageObject","inLanguage":"en-GB","@id":"https:\/\/www.ledizioni.it\/#\/schema\/logo\/image\/","url":"https:\/\/www.ledizioni.it\/stag\/wp-content\/uploads\/2023\/10\/newlogoledizioni500x110_2-1.jpg","contentUrl":"https:\/\/www.ledizioni.it\/stag\/wp-content\/uploads\/2023\/10\/newlogoledizioni500x110_2-1.jpg","width":354,"height":87,"caption":"Ledizioni"},"image":{"@id":"https:\/\/www.ledizioni.it\/#\/schema\/logo\/image\/"},"sameAs":["https:\/\/www.facebook.com\/pages\/Ledizioni-LediPublishing\/109120559173329","https:\/\/x.com\/ledizioni"]}]}},"jetpack_sharing_enabled":true,"_links":{"self":[{"href":"https:\/\/www.ledizioni.it\/en\/wp-json\/wp\/v2\/product\/20989","targetHints":{"allow":["GET"]}}],"collection":[{"href":"https:\/\/www.ledizioni.it\/en\/wp-json\/wp\/v2\/product"}],"about":[{"href":"https:\/\/www.ledizioni.it\/en\/wp-json\/wp\/v2\/types\/product"}],"replies":[{"embeddable":true,"href":"https:\/\/www.ledizioni.it\/en\/wp-json\/wp\/v2\/comments?post=20989"}],"version-history":[{"count":0,"href":"https:\/\/www.ledizioni.it\/en\/wp-json\/wp\/v2\/product\/20989\/revisions"}],"wp:featuredmedia":[{"embeddable":true,"href":"https:\/\/www.ledizioni.it\/en\/wp-json\/wp\/v2\/media\/20992"}],"wp:attachment":[{"href":"https:\/\/www.ledizioni.it\/en\/wp-json\/wp\/v2\/media?parent=20989"}],"wp:term":[{"taxonomy":"product_brand","embeddable":true,"href":"https:\/\/www.ledizioni.it\/en\/wp-json\/wp\/v2\/product_brand?post=20989"},{"taxonomy":"product_cat","embeddable":true,"href":"https:\/\/www.ledizioni.it\/en\/wp-json\/wp\/v2\/product_cat?post=20989"},{"taxonomy":"product_tag","embeddable":true,"href":"https:\/\/www.ledizioni.it\/en\/wp-json\/wp\/v2\/product_tag?post=20989"}],"curies":[{"name":"wp","href":"https:\/\/api.w.org\/{rel}","templated":true}]}}