{"id":21092,"date":"2018-11-28T13:43:40","date_gmt":"2018-11-28T13:43:40","guid":{"rendered":"https:\/\/www.ledizioni.it\/?post_type=product&#038;p=21092"},"modified":"2018-11-28T13:52:49","modified_gmt":"2018-11-28T13:52:49","slug":"cuadernos-aispi-n-11-2018-arte-novisimo-de-estudiar-comedias","status":"publish","type":"product","link":"https:\/\/www.ledizioni.it\/en\/product\/cuadernos-aispi-n-11-2018-arte-novisimo-de-estudiar-comedias\/","title":{"rendered":"Cuadernos AISPI  n. 11\/2018, ARTE NOV\u00cdSIMO DE ESTUDIAR COMEDIAS: LAS HUMANIDADES DIGITALES Y EL TEATRO \u00c1UREO"},"content":{"rendered":"<h3><strong>Cuadernos AISPI: Revista semestral de la Associazione Ispanisti Italiani<br \/>\n<\/strong><\/h3>\n<h3><strong>11\/2018. ARTE NOV\u00cdSIMO DE ESTUDIAR COMEDIAS: LAS HUMANIDADES DIGITALES Y EL TEATRO \u00c1UREO<br \/>\n<\/strong><\/h3>\n<p>&nbsp;<\/p>\n<p style=\"text-align: justify;\"><strong>Editores<\/strong><br \/>\nAlessandro Cassol<br \/>\nS\u00f2nia Boadas<\/p>\n<ul>\n<li style=\"text-align: justify;\">Jos\u00e9 Cam\u00f5es, Jos\u00e9 Pedro Sousa, <em>Arte nuevo de editar comedias en este tiempo digital<\/em><\/li>\n<li style=\"text-align: justify;\">Marco Presotto, <em>La edici\u00f3n cr\u00edtica digital del teatro cl\u00e1sico espa\u00f1ol: <\/em><em>balance y perspectivas<\/em><\/li>\n<li style=\"text-align: justify;\">Fausta Antonucci, <em>El panorama de los sitios web dedicados al teatro \u00e1ureo, desde la experiencia de <\/em>La casa di Lope<\/li>\n<li style=\"text-align: justify;\">Anne Cayuela, Christophe Couderc, <em>El proyecto IDT (Ideas del teatro) sobre paratextos teatrales europeos (Francia, Italia, Espa\u00f1a, siglos XVI y XVII)<\/em><\/li>\n<li style=\"text-align: justify;\">Szilvia Szmuk-Tanenbaum, Michael Agnew, <em>Hacia un cat\u00e1logo colectivo digital de comedias sueltas en bibliotecas acad\u00e9micas norteamericanas: una nueva herramienta de investigaci\u00f3n para el teatro cl\u00e1sico espa\u00f1ol<\/em><\/li>\n<li style=\"text-align: justify;\">Daniel Fern\u00e1ndez Rodr\u00edguez, <em>El n\u00famero de personajes y las unidades de tiempo y lugar en el sistema de g\u00e9neros teatrales de Lope de Vega: el caso de la comedia bizantina<\/em><\/li>\n<li style=\"text-align: justify;\">Teresa Ferrer, <em>Hacia un sistema integrado de bases de datos sobre teatro cl\u00e1sico espa\u00f1ol y pr\u00e1ctica esc\u00e9nica: el proyecto coordinado ASODAT<\/em><\/li>\n<li style=\"text-align: justify;\">Celio Hern\u00e1ndez Tornero, Ver\u00f3nica Romero G\u00f3mez, Joan Andreu S\u00e1nchez Peir\u00f3, Alejandro H\u00e9ctor Toselli Rossi, Enrique Vidal Ruiz, <em>Indexaci\u00f3n y reconocimiento autom\u00e1tico de texto manuscrito <\/em><\/li>\n<\/ul>\n<p style=\"text-align: justify;\"><em><br \/>\n<\/em><strong>RESE\u00d1AS<\/strong><\/p>\n<ul>\n<li style=\"text-align: justify;\">Marina Bianchi,<em> De la Modernidad a la Postmodernidad, Vanguardia y Neovanguardia en Espa\u00f1a<\/em> (Isabel Cort\u00e9s)<\/li>\n<li style=\"text-align: justify;\">Miguel Delibes,<em> Cinque ore con Mario (versione teatrale), a cura di Renata Londero<\/em> (Maria Teresa De Pieri)<\/li>\n<li style=\"text-align: justify;\">Luis G\u00f3mez Canseco,<em> Don Bernardo de Sandoval y Rojas. Dichos, escritos y una vida en verso<\/em> (H\u00e9ctor Brioso Santos)<\/li>\n<li style=\"text-align: justify;\">Manuel Mart\u00ednez Arnaldos, Carmen Mar\u00eda Pujante Segura (eds.), <em>La teor\u00eda literaria ante la narrativa actual <\/em>(Assunta Claudia Scotto di Carlo)<\/li>\n<li style=\"text-align: justify;\">Sebasti\u00e1n Mey, <em>Fabulario, a cura di Maria Rosso; Sebasti\u00e1n Mey, Fabulario, texte \u00e9tabli et pr\u00e9sent\u00e9 par Fernando Copello <\/em>(Silvia Monti)<\/li>\n<li style=\"text-align: justify;\">Alonso Jer\u00f3nimo de Salas Barbadillo, <em>El caballero puntual, edici\u00f3n, estudio y notas de Jos\u00e9 Enrique L\u00f3pez Mart\u00ednez<\/em> (Giovanna Fiordaliso)<\/li>\n<\/ul>\n<p>&nbsp;<\/p>\n<h3><strong>DATI BIBLIOGRAFICI<\/strong><\/h3>\n<p>Curatori: Alessandro Cassol, S\u00f2nia Boadas<br \/>\nEditore: Ledizioni<br \/>\nCollana: <a href=\"http:\/\/www.ledizioni.it\/en\/collane\/letteratura\/cuadernos-aispi\/\" target=\"_blank\" rel=\"noopener\">Cuadernos AISPI<\/a><br \/>\nFormato: Brossura<br \/>\nPubblicato in: novembre 2018<br \/>\nISSN cartaceo: 2283981X<br \/>\nPrezzo cartaceo: 25.00 \u20ac<\/p>","protected":false},"excerpt":{"rendered":"<p>Cuadernos AISPI: Revista semestral de la Associazione Ispanisti Italiani 11\/2018. ARTE NOV\u00cdSIMO DE ESTUDIAR COMEDIAS: LAS HUMANIDADES DIGITALES Y EL<\/p>","protected":false},"featured_media":21093,"comment_status":"open","ping_status":"closed","template":"","meta":{"_acf_changed":false},"product_brand":[],"product_cat":[767],"product_tag":[768],"class_list":{"0":"post-21092","1":"product","2":"type-product","3":"status-publish","4":"has-post-thumbnail","6":"product_cat-cuadernos-aispi","7":"product_tag-ispanisti","8":"pa_formato-cartaceo","9":"pa_lingua-spagnolo","11":"first","12":"instock","13":"shipping-taxable","14":"purchasable","15":"product-type-simple"},"acf":[],"yoast_head":"<!-- This site is optimized with the Yoast SEO plugin v27.4 - https:\/\/yoast.com\/product\/yoast-seo-wordpress\/ -->\n<title>Cuadernos AISPI n. 11\/2018, ARTE NOV\u00cdSIMO DE ESTUDIAR COMEDIAS: LAS HUMANIDADES DIGITALES Y EL TEATRO \u00c1UREO -<\/title>\n<meta name=\"description\" content=\"Cuaderno AISPI n.11\/2018\" \/>\n<meta name=\"robots\" content=\"index, follow, max-snippet:-1, max-image-preview:large, max-video-preview:-1\" \/>\n<link rel=\"canonical\" href=\"https:\/\/www.ledizioni.it\/en\/product\/cuadernos-aispi-n-11-2018-arte-novisimo-de-estudiar-comedias\/\" \/>\n<meta property=\"og:locale\" content=\"en_GB\" \/>\n<meta property=\"og:type\" content=\"article\" \/>\n<meta property=\"og:title\" content=\"Cuadernos AISPI n. 11\/2018, ARTE NOV\u00cdSIMO DE ESTUDIAR COMEDIAS: LAS HUMANIDADES DIGITALES Y EL TEATRO \u00c1UREO -\" \/>\n<meta property=\"og:description\" content=\"Cuaderno AISPI n.11\/2018\" \/>\n<meta property=\"og:url\" content=\"https:\/\/www.ledizioni.it\/en\/product\/cuadernos-aispi-n-11-2018-arte-novisimo-de-estudiar-comedias\/\" \/>\n<meta property=\"og:site_name\" content=\"Ledizioni\" \/>\n<meta property=\"article:publisher\" content=\"https:\/\/www.facebook.com\/pages\/Ledizioni-LediPublishing\/109120559173329\" \/>\n<meta property=\"article:modified_time\" content=\"2018-11-28T13:52:49+00:00\" \/>\n<meta property=\"og:image\" content=\"https:\/\/www.ledizioni.it\/stag\/wp-content\/uploads\/2018\/11\/cuadernosaispi_11_3D.jpg\" \/>\n\t<meta property=\"og:image:width\" content=\"400\" \/>\n\t<meta property=\"og:image:height\" content=\"517\" \/>\n\t<meta property=\"og:image:type\" content=\"image\/jpeg\" \/>\n<meta name=\"twitter:card\" content=\"summary_large_image\" \/>\n<meta name=\"twitter:site\" content=\"@ledizioni\" \/>\n<meta name=\"twitter:label1\" content=\"Estimated reading time\" \/>\n\t<meta name=\"twitter:data1\" content=\"2 minutes\" \/>\n<script type=\"application\/ld+json\" class=\"yoast-schema-graph\">{\"@context\":\"https:\\\/\\\/schema.org\",\"@graph\":[{\"@type\":\"WebPage\",\"@id\":\"https:\\\/\\\/www.ledizioni.it\\\/prodotto\\\/cuadernos-aispi-n-11-2018-arte-novisimo-de-estudiar-comedias\\\/\",\"url\":\"https:\\\/\\\/www.ledizioni.it\\\/prodotto\\\/cuadernos-aispi-n-11-2018-arte-novisimo-de-estudiar-comedias\\\/\",\"name\":\"Cuadernos AISPI n. 11\\\/2018, ARTE NOV\u00cdSIMO DE ESTUDIAR COMEDIAS: LAS HUMANIDADES DIGITALES Y EL TEATRO \u00c1UREO -\",\"isPartOf\":{\"@id\":\"https:\\\/\\\/www.ledizioni.it\\\/#website\"},\"primaryImageOfPage\":{\"@id\":\"https:\\\/\\\/www.ledizioni.it\\\/prodotto\\\/cuadernos-aispi-n-11-2018-arte-novisimo-de-estudiar-comedias\\\/#primaryimage\"},\"image\":{\"@id\":\"https:\\\/\\\/www.ledizioni.it\\\/prodotto\\\/cuadernos-aispi-n-11-2018-arte-novisimo-de-estudiar-comedias\\\/#primaryimage\"},\"thumbnailUrl\":\"https:\\\/\\\/www.ledizioni.it\\\/stag\\\/wp-content\\\/uploads\\\/2018\\\/11\\\/cuadernosaispi_11_3D.jpg\",\"datePublished\":\"2018-11-28T13:43:40+00:00\",\"dateModified\":\"2018-11-28T13:52:49+00:00\",\"description\":\"Cuaderno AISPI n.11\\\/2018\",\"breadcrumb\":{\"@id\":\"https:\\\/\\\/www.ledizioni.it\\\/prodotto\\\/cuadernos-aispi-n-11-2018-arte-novisimo-de-estudiar-comedias\\\/#breadcrumb\"},\"inLanguage\":\"en-GB\",\"potentialAction\":[{\"@type\":\"ReadAction\",\"target\":[\"https:\\\/\\\/www.ledizioni.it\\\/prodotto\\\/cuadernos-aispi-n-11-2018-arte-novisimo-de-estudiar-comedias\\\/\"]}]},{\"@type\":\"ImageObject\",\"inLanguage\":\"en-GB\",\"@id\":\"https:\\\/\\\/www.ledizioni.it\\\/prodotto\\\/cuadernos-aispi-n-11-2018-arte-novisimo-de-estudiar-comedias\\\/#primaryimage\",\"url\":\"https:\\\/\\\/www.ledizioni.it\\\/stag\\\/wp-content\\\/uploads\\\/2018\\\/11\\\/cuadernosaispi_11_3D.jpg\",\"contentUrl\":\"https:\\\/\\\/www.ledizioni.it\\\/stag\\\/wp-content\\\/uploads\\\/2018\\\/11\\\/cuadernosaispi_11_3D.jpg\",\"width\":400,\"height\":517},{\"@type\":\"BreadcrumbList\",\"@id\":\"https:\\\/\\\/www.ledizioni.it\\\/prodotto\\\/cuadernos-aispi-n-11-2018-arte-novisimo-de-estudiar-comedias\\\/#breadcrumb\",\"itemListElement\":[{\"@type\":\"ListItem\",\"position\":1,\"name\":\"Shop\",\"item\":\"https:\\\/\\\/www.ledizioni.it\\\/shop-2\\\/\"},{\"@type\":\"ListItem\",\"position\":2,\"name\":\"Cuadernos AISPI n. 11\\\/2018, ARTE NOV\u00cdSIMO DE ESTUDIAR COMEDIAS: LAS HUMANIDADES DIGITALES Y EL TEATRO \u00c1UREO\"}]},{\"@type\":\"WebSite\",\"@id\":\"https:\\\/\\\/www.ledizioni.it\\\/#website\",\"url\":\"https:\\\/\\\/www.ledizioni.it\\\/\",\"name\":\"Ledizioni\",\"description\":\"The Innovative LediPublishing Company - Casa Editrice Universitaria\",\"publisher\":{\"@id\":\"https:\\\/\\\/www.ledizioni.it\\\/#organization\"},\"potentialAction\":[{\"@type\":\"SearchAction\",\"target\":{\"@type\":\"EntryPoint\",\"urlTemplate\":\"https:\\\/\\\/www.ledizioni.it\\\/?s={search_term_string}\"},\"query-input\":{\"@type\":\"PropertyValueSpecification\",\"valueRequired\":true,\"valueName\":\"search_term_string\"}}],\"inLanguage\":\"en-GB\"},{\"@type\":\"Organization\",\"@id\":\"https:\\\/\\\/www.ledizioni.it\\\/#organization\",\"name\":\"Ledizioni\",\"url\":\"https:\\\/\\\/www.ledizioni.it\\\/\",\"logo\":{\"@type\":\"ImageObject\",\"inLanguage\":\"en-GB\",\"@id\":\"https:\\\/\\\/www.ledizioni.it\\\/#\\\/schema\\\/logo\\\/image\\\/\",\"url\":\"https:\\\/\\\/www.ledizioni.it\\\/stag\\\/wp-content\\\/uploads\\\/2023\\\/10\\\/newlogoledizioni500x110_2-1.jpg\",\"contentUrl\":\"https:\\\/\\\/www.ledizioni.it\\\/stag\\\/wp-content\\\/uploads\\\/2023\\\/10\\\/newlogoledizioni500x110_2-1.jpg\",\"width\":354,\"height\":87,\"caption\":\"Ledizioni\"},\"image\":{\"@id\":\"https:\\\/\\\/www.ledizioni.it\\\/#\\\/schema\\\/logo\\\/image\\\/\"},\"sameAs\":[\"https:\\\/\\\/www.facebook.com\\\/pages\\\/Ledizioni-LediPublishing\\\/109120559173329\",\"https:\\\/\\\/x.com\\\/ledizioni\"]}]}<\/script>\n<!-- \/ Yoast SEO plugin. -->","yoast_head_json":{"title":"Cuadernos AISPI n. 11\/2018, ARTE NOV\u00cdSIMO DE ESTUDIAR COMEDIAS: LAS HUMANIDADES DIGITALES Y EL TEATRO \u00c1UREO -","description":"Cuaderno AISPI n.11\/2018","robots":{"index":"index","follow":"follow","max-snippet":"max-snippet:-1","max-image-preview":"max-image-preview:large","max-video-preview":"max-video-preview:-1"},"canonical":"https:\/\/www.ledizioni.it\/en\/product\/cuadernos-aispi-n-11-2018-arte-novisimo-de-estudiar-comedias\/","og_locale":"en_GB","og_type":"article","og_title":"Cuadernos AISPI n. 11\/2018, ARTE NOV\u00cdSIMO DE ESTUDIAR COMEDIAS: LAS HUMANIDADES DIGITALES Y EL TEATRO \u00c1UREO -","og_description":"Cuaderno AISPI n.11\/2018","og_url":"https:\/\/www.ledizioni.it\/en\/product\/cuadernos-aispi-n-11-2018-arte-novisimo-de-estudiar-comedias\/","og_site_name":"Ledizioni","article_publisher":"https:\/\/www.facebook.com\/pages\/Ledizioni-LediPublishing\/109120559173329","article_modified_time":"2018-11-28T13:52:49+00:00","og_image":[{"width":400,"height":517,"url":"https:\/\/www.ledizioni.it\/stag\/wp-content\/uploads\/2018\/11\/cuadernosaispi_11_3D.jpg","type":"image\/jpeg"}],"twitter_card":"summary_large_image","twitter_site":"@ledizioni","twitter_misc":{"Estimated reading time":"2 minutes"},"schema":{"@context":"https:\/\/schema.org","@graph":[{"@type":"WebPage","@id":"https:\/\/www.ledizioni.it\/prodotto\/cuadernos-aispi-n-11-2018-arte-novisimo-de-estudiar-comedias\/","url":"https:\/\/www.ledizioni.it\/prodotto\/cuadernos-aispi-n-11-2018-arte-novisimo-de-estudiar-comedias\/","name":"Cuadernos AISPI n. 11\/2018, ARTE NOV\u00cdSIMO DE ESTUDIAR COMEDIAS: LAS HUMANIDADES DIGITALES Y EL TEATRO \u00c1UREO -","isPartOf":{"@id":"https:\/\/www.ledizioni.it\/#website"},"primaryImageOfPage":{"@id":"https:\/\/www.ledizioni.it\/prodotto\/cuadernos-aispi-n-11-2018-arte-novisimo-de-estudiar-comedias\/#primaryimage"},"image":{"@id":"https:\/\/www.ledizioni.it\/prodotto\/cuadernos-aispi-n-11-2018-arte-novisimo-de-estudiar-comedias\/#primaryimage"},"thumbnailUrl":"https:\/\/www.ledizioni.it\/stag\/wp-content\/uploads\/2018\/11\/cuadernosaispi_11_3D.jpg","datePublished":"2018-11-28T13:43:40+00:00","dateModified":"2018-11-28T13:52:49+00:00","description":"Cuaderno AISPI n.11\/2018","breadcrumb":{"@id":"https:\/\/www.ledizioni.it\/prodotto\/cuadernos-aispi-n-11-2018-arte-novisimo-de-estudiar-comedias\/#breadcrumb"},"inLanguage":"en-GB","potentialAction":[{"@type":"ReadAction","target":["https:\/\/www.ledizioni.it\/prodotto\/cuadernos-aispi-n-11-2018-arte-novisimo-de-estudiar-comedias\/"]}]},{"@type":"ImageObject","inLanguage":"en-GB","@id":"https:\/\/www.ledizioni.it\/prodotto\/cuadernos-aispi-n-11-2018-arte-novisimo-de-estudiar-comedias\/#primaryimage","url":"https:\/\/www.ledizioni.it\/stag\/wp-content\/uploads\/2018\/11\/cuadernosaispi_11_3D.jpg","contentUrl":"https:\/\/www.ledizioni.it\/stag\/wp-content\/uploads\/2018\/11\/cuadernosaispi_11_3D.jpg","width":400,"height":517},{"@type":"BreadcrumbList","@id":"https:\/\/www.ledizioni.it\/prodotto\/cuadernos-aispi-n-11-2018-arte-novisimo-de-estudiar-comedias\/#breadcrumb","itemListElement":[{"@type":"ListItem","position":1,"name":"Shop","item":"https:\/\/www.ledizioni.it\/shop-2\/"},{"@type":"ListItem","position":2,"name":"Cuadernos AISPI n. 11\/2018, ARTE NOV\u00cdSIMO DE ESTUDIAR COMEDIAS: LAS HUMANIDADES DIGITALES Y EL TEATRO \u00c1UREO"}]},{"@type":"WebSite","@id":"https:\/\/www.ledizioni.it\/#website","url":"https:\/\/www.ledizioni.it\/","name":"Ledizioni","description":"The Innovative LediPublishing Company - Casa Editrice Universitaria","publisher":{"@id":"https:\/\/www.ledizioni.it\/#organization"},"potentialAction":[{"@type":"SearchAction","target":{"@type":"EntryPoint","urlTemplate":"https:\/\/www.ledizioni.it\/?s={search_term_string}"},"query-input":{"@type":"PropertyValueSpecification","valueRequired":true,"valueName":"search_term_string"}}],"inLanguage":"en-GB"},{"@type":"Organization","@id":"https:\/\/www.ledizioni.it\/#organization","name":"Ledizioni","url":"https:\/\/www.ledizioni.it\/","logo":{"@type":"ImageObject","inLanguage":"en-GB","@id":"https:\/\/www.ledizioni.it\/#\/schema\/logo\/image\/","url":"https:\/\/www.ledizioni.it\/stag\/wp-content\/uploads\/2023\/10\/newlogoledizioni500x110_2-1.jpg","contentUrl":"https:\/\/www.ledizioni.it\/stag\/wp-content\/uploads\/2023\/10\/newlogoledizioni500x110_2-1.jpg","width":354,"height":87,"caption":"Ledizioni"},"image":{"@id":"https:\/\/www.ledizioni.it\/#\/schema\/logo\/image\/"},"sameAs":["https:\/\/www.facebook.com\/pages\/Ledizioni-LediPublishing\/109120559173329","https:\/\/x.com\/ledizioni"]}]}},"jetpack_sharing_enabled":true,"_links":{"self":[{"href":"https:\/\/www.ledizioni.it\/en\/wp-json\/wp\/v2\/product\/21092","targetHints":{"allow":["GET"]}}],"collection":[{"href":"https:\/\/www.ledizioni.it\/en\/wp-json\/wp\/v2\/product"}],"about":[{"href":"https:\/\/www.ledizioni.it\/en\/wp-json\/wp\/v2\/types\/product"}],"replies":[{"embeddable":true,"href":"https:\/\/www.ledizioni.it\/en\/wp-json\/wp\/v2\/comments?post=21092"}],"version-history":[{"count":1,"href":"https:\/\/www.ledizioni.it\/en\/wp-json\/wp\/v2\/product\/21092\/revisions"}],"predecessor-version":[{"id":21094,"href":"https:\/\/www.ledizioni.it\/en\/wp-json\/wp\/v2\/product\/21092\/revisions\/21094"}],"wp:featuredmedia":[{"embeddable":true,"href":"https:\/\/www.ledizioni.it\/en\/wp-json\/wp\/v2\/media\/21093"}],"wp:attachment":[{"href":"https:\/\/www.ledizioni.it\/en\/wp-json\/wp\/v2\/media?parent=21092"}],"wp:term":[{"taxonomy":"product_brand","embeddable":true,"href":"https:\/\/www.ledizioni.it\/en\/wp-json\/wp\/v2\/product_brand?post=21092"},{"taxonomy":"product_cat","embeddable":true,"href":"https:\/\/www.ledizioni.it\/en\/wp-json\/wp\/v2\/product_cat?post=21092"},{"taxonomy":"product_tag","embeddable":true,"href":"https:\/\/www.ledizioni.it\/en\/wp-json\/wp\/v2\/product_tag?post=21092"}],"curies":[{"name":"wp","href":"https:\/\/api.w.org\/{rel}","templated":true}]}}