{"id":21211,"date":"2019-07-02T19:16:21","date_gmt":"2019-07-02T17:16:21","guid":{"rendered":"https:\/\/www.ledizioni.it\/?post_type=product&#038;p=21211"},"modified":"2022-09-09T19:53:04","modified_gmt":"2022-09-09T17:53:04","slug":"i-giorni-piu-lunghi-del-secolo-breve","status":"publish","type":"product","link":"https:\/\/www.ledizioni.it\/en\/product\/i-giorni-piu-lunghi-del-secolo-breve\/","title":{"rendered":"I GIORNI PI\u00d9 LUNGHI DEL SECOLO BREVE"},"content":{"rendered":"<p class=\"p1\" style=\"text-align: justify;\"><em><strong><span class=\"s1\">Prefazione di Marco Missiroli<\/span><\/strong><\/em><em><strong><span class=\"s1\"><br \/>\n<\/span><\/strong><\/em><\/p>\n<p class=\"p1\" style=\"text-align: justify;\"><span class=\"s1\">Che cosa sta facendo George Orwell in quel fatale 28 giugno del 1914, mentre a Sarajevo Gavrilo Princip uccide l\u2019Arciduca Francesco Ferdinando e la contessa Sofia? Di sicuro, nelle stesse ore, un avvocato indiano di nome Mohandas Karamchand Gandhi si trova a Citt\u00e0 del Capo, Sudafrica, per discutere un importante progetto di legge.<br \/>\n<\/span><span class=\"s1\">Perch\u00e9 Ernest Hemingway non riesce a partecipare allo sbarco in Normandia mentre il suo amico Robert Capa invece \u00e8 in prima linea? Intanto, mentre a Omaha Beach \u00e8 scoppiato l\u2019inferno, un giovane soldato semplice di nome J.D. Salinger trema di terrore e per farsi coraggio stringe un manoscritto nascosto nella sua giubba.<br \/>\n<\/span><span class=\"s1\">Al teatro The Globe di Stockton-on-Trees il pubblico impazzisce quando un gruppo chiamato The Beatles attacca con \u201cI saw her standing there\u201d, primo pezzo della serata: \u00e8 il 21 novembre 1963 e tutti ignorano che prima della fine del concerto, a qualche fuso orario di distanza, il presidente Usa John Fitgerald Kennedy verr\u00e0 ucciso.<br \/>\n<\/span><span class=\"s1\">Il 9 novembre 1989 anche Kurt Cobain e i Nirvana si preparano a salire su un palco, a D\u00fcsseldorf, ma non possono sapere che a 500 chilometri di distanza sta per crollare il Muro di Berlino.<br \/>\n<\/span><span class=\"s1\">\u201cI giorni pi\u00f9 lunghi del Secolo breve\u201d \u00e8 una strepitosa cavalcata sulle onde del passato recente vista da angolazioni inusuali: l\u2019autore \u00e8 andato a recuperare biografie perdute, ritagli di giornale e video d\u2019epoca e ha costruito un racconto e una cronologia precisi come un orologio, inesorabili come i meccanismi della Storia.<\/span><\/p>\n<p>&nbsp;<\/p>\n<p><strong>DATI BIBLIOGRAFICI<\/strong><br \/>\nAutore: Andrea Coccia<br \/>\nEditore: Ledizioni<br \/>\nPubblicato nel: luglio 2019<br \/>\nFormato: cartaceo, 219 p. &#8211; ePub<br \/>\nISBN cartaceo: 9788867059676<br \/>\nISBN ePub: 9788898194681<br \/>\nPrezzo cartaceo: 16.90 \u20ac<br \/>\nPrezzo ePub: 4.99 \u20ac<\/p>","protected":false},"excerpt":{"rendered":"<p>Prefazione di Marco Missiroli Che cosa sta facendo George Orwell in quel fatale 28 giugno del 1914, mentre a Sarajevo<\/p>","protected":false},"featured_media":23963,"comment_status":"open","ping_status":"closed","template":"","meta":{"_acf_changed":false},"product_brand":[],"product_cat":[2614,384],"product_tag":[678,1203],"class_list":{"0":"post-21211","1":"product","2":"type-product","3":"status-publish","4":"has-post-thumbnail","6":"product_cat-offerte","7":"product_cat-history","8":"product_tag-novecento","9":"product_tag-personaggi","10":"pa_formato-cartaceo","11":"pa_formato-ebook-in-epub","13":"first","14":"instock","15":"sale","16":"featured","17":"shipping-taxable","18":"purchasable","19":"product-type-variable","20":"has-default-attributes"},"acf":[],"yoast_head":"<!-- This site is optimized with the Yoast SEO plugin v27.4 - https:\/\/yoast.com\/product\/yoast-seo-wordpress\/ -->\n<title>I GIORNI PI\u00d9 LUNGHI DEL SECOLO BREVE -<\/title>\n<meta name=\"description\" content=\"Ledizioni - Innovative Publishing. Casa editrice universitaria. Open Access. eBook, ePub. Creative Commons.\" \/>\n<meta name=\"robots\" content=\"index, follow, max-snippet:-1, max-image-preview:large, max-video-preview:-1\" \/>\n<link rel=\"canonical\" href=\"https:\/\/www.ledizioni.it\/en\/product\/i-giorni-piu-lunghi-del-secolo-breve\/\" \/>\n<meta property=\"og:locale\" content=\"en_GB\" \/>\n<meta property=\"og:type\" content=\"article\" \/>\n<meta property=\"og:title\" content=\"I GIORNI PI\u00d9 LUNGHI DEL SECOLO BREVE -\" \/>\n<meta property=\"og:description\" content=\"Ledizioni - Innovative Publishing. Casa editrice universitaria. Open Access. eBook, ePub. Creative Commons.\" \/>\n<meta property=\"og:url\" content=\"https:\/\/www.ledizioni.it\/en\/product\/i-giorni-piu-lunghi-del-secolo-breve\/\" \/>\n<meta property=\"og:site_name\" content=\"Ledizioni\" \/>\n<meta property=\"article:publisher\" content=\"https:\/\/www.facebook.com\/pages\/Ledizioni-LediPublishing\/109120559173329\" \/>\n<meta property=\"article:modified_time\" content=\"2022-09-09T17:53:04+00:00\" \/>\n<meta property=\"og:image\" content=\"https:\/\/www.ledizioni.it\/stag\/wp-content\/uploads\/2018\/12\/Coccia_3D.jpg\" \/>\n\t<meta property=\"og:image:width\" content=\"400\" \/>\n\t<meta property=\"og:image:height\" content=\"520\" \/>\n\t<meta property=\"og:image:type\" content=\"image\/jpeg\" \/>\n<meta name=\"twitter:card\" content=\"summary_large_image\" \/>\n<meta name=\"twitter:site\" content=\"@ledizioni\" \/>\n<meta name=\"twitter:label1\" content=\"Estimated reading time\" \/>\n\t<meta name=\"twitter:data1\" content=\"1 minute\" \/>\n<script type=\"application\/ld+json\" class=\"yoast-schema-graph\">{\"@context\":\"https:\\\/\\\/schema.org\",\"@graph\":[{\"@type\":\"WebPage\",\"@id\":\"https:\\\/\\\/www.ledizioni.it\\\/en\\\/product\\\/i-giorni-piu-lunghi-del-secolo-breve\\\/\",\"url\":\"https:\\\/\\\/www.ledizioni.it\\\/en\\\/product\\\/i-giorni-piu-lunghi-del-secolo-breve\\\/\",\"name\":\"I GIORNI PI\u00d9 LUNGHI DEL SECOLO BREVE -\",\"isPartOf\":{\"@id\":\"https:\\\/\\\/www.ledizioni.it\\\/#website\"},\"primaryImageOfPage\":{\"@id\":\"https:\\\/\\\/www.ledizioni.it\\\/en\\\/product\\\/i-giorni-piu-lunghi-del-secolo-breve\\\/#primaryimage\"},\"image\":{\"@id\":\"https:\\\/\\\/www.ledizioni.it\\\/en\\\/product\\\/i-giorni-piu-lunghi-del-secolo-breve\\\/#primaryimage\"},\"thumbnailUrl\":\"https:\\\/\\\/www.ledizioni.it\\\/stag\\\/wp-content\\\/uploads\\\/2018\\\/12\\\/Coccia_3D.jpg\",\"datePublished\":\"2019-07-02T17:16:21+00:00\",\"dateModified\":\"2022-09-09T17:53:04+00:00\",\"description\":\"Ledizioni - Innovative Publishing. Casa editrice universitaria. Open Access. eBook, ePub. Creative Commons.\",\"breadcrumb\":{\"@id\":\"https:\\\/\\\/www.ledizioni.it\\\/en\\\/product\\\/i-giorni-piu-lunghi-del-secolo-breve\\\/#breadcrumb\"},\"inLanguage\":\"en-GB\",\"potentialAction\":[{\"@type\":\"ReadAction\",\"target\":[\"https:\\\/\\\/www.ledizioni.it\\\/en\\\/product\\\/i-giorni-piu-lunghi-del-secolo-breve\\\/\"]}]},{\"@type\":\"ImageObject\",\"inLanguage\":\"en-GB\",\"@id\":\"https:\\\/\\\/www.ledizioni.it\\\/en\\\/product\\\/i-giorni-piu-lunghi-del-secolo-breve\\\/#primaryimage\",\"url\":\"https:\\\/\\\/www.ledizioni.it\\\/stag\\\/wp-content\\\/uploads\\\/2018\\\/12\\\/Coccia_3D.jpg\",\"contentUrl\":\"https:\\\/\\\/www.ledizioni.it\\\/stag\\\/wp-content\\\/uploads\\\/2018\\\/12\\\/Coccia_3D.jpg\",\"width\":400,\"height\":520},{\"@type\":\"BreadcrumbList\",\"@id\":\"https:\\\/\\\/www.ledizioni.it\\\/en\\\/product\\\/i-giorni-piu-lunghi-del-secolo-breve\\\/#breadcrumb\",\"itemListElement\":[{\"@type\":\"ListItem\",\"position\":1,\"name\":\"Shop\",\"item\":\"https:\\\/\\\/www.ledizioni.it\\\/shop-2\\\/\"},{\"@type\":\"ListItem\",\"position\":2,\"name\":\"I GIORNI PI\u00d9 LUNGHI DEL SECOLO BREVE\"}]},{\"@type\":\"WebSite\",\"@id\":\"https:\\\/\\\/www.ledizioni.it\\\/#website\",\"url\":\"https:\\\/\\\/www.ledizioni.it\\\/\",\"name\":\"Ledizioni\",\"description\":\"The Innovative LediPublishing Company - Casa Editrice Universitaria\",\"publisher\":{\"@id\":\"https:\\\/\\\/www.ledizioni.it\\\/#organization\"},\"potentialAction\":[{\"@type\":\"SearchAction\",\"target\":{\"@type\":\"EntryPoint\",\"urlTemplate\":\"https:\\\/\\\/www.ledizioni.it\\\/?s={search_term_string}\"},\"query-input\":{\"@type\":\"PropertyValueSpecification\",\"valueRequired\":true,\"valueName\":\"search_term_string\"}}],\"inLanguage\":\"en-GB\"},{\"@type\":\"Organization\",\"@id\":\"https:\\\/\\\/www.ledizioni.it\\\/#organization\",\"name\":\"Ledizioni\",\"url\":\"https:\\\/\\\/www.ledizioni.it\\\/\",\"logo\":{\"@type\":\"ImageObject\",\"inLanguage\":\"en-GB\",\"@id\":\"https:\\\/\\\/www.ledizioni.it\\\/#\\\/schema\\\/logo\\\/image\\\/\",\"url\":\"https:\\\/\\\/www.ledizioni.it\\\/stag\\\/wp-content\\\/uploads\\\/2023\\\/10\\\/newlogoledizioni500x110_2-1.jpg\",\"contentUrl\":\"https:\\\/\\\/www.ledizioni.it\\\/stag\\\/wp-content\\\/uploads\\\/2023\\\/10\\\/newlogoledizioni500x110_2-1.jpg\",\"width\":354,\"height\":87,\"caption\":\"Ledizioni\"},\"image\":{\"@id\":\"https:\\\/\\\/www.ledizioni.it\\\/#\\\/schema\\\/logo\\\/image\\\/\"},\"sameAs\":[\"https:\\\/\\\/www.facebook.com\\\/pages\\\/Ledizioni-LediPublishing\\\/109120559173329\",\"https:\\\/\\\/x.com\\\/ledizioni\"]}]}<\/script>\n<!-- \/ Yoast SEO plugin. -->","yoast_head_json":{"title":"I GIORNI PI\u00d9 LUNGHI DEL SECOLO BREVE -","description":"Ledizioni - Innovative Publishing. Casa editrice universitaria. Open Access. eBook, ePub. Creative Commons.","robots":{"index":"index","follow":"follow","max-snippet":"max-snippet:-1","max-image-preview":"max-image-preview:large","max-video-preview":"max-video-preview:-1"},"canonical":"https:\/\/www.ledizioni.it\/en\/product\/i-giorni-piu-lunghi-del-secolo-breve\/","og_locale":"en_GB","og_type":"article","og_title":"I GIORNI PI\u00d9 LUNGHI DEL SECOLO BREVE -","og_description":"Ledizioni - Innovative Publishing. Casa editrice universitaria. Open Access. eBook, ePub. Creative Commons.","og_url":"https:\/\/www.ledizioni.it\/en\/product\/i-giorni-piu-lunghi-del-secolo-breve\/","og_site_name":"Ledizioni","article_publisher":"https:\/\/www.facebook.com\/pages\/Ledizioni-LediPublishing\/109120559173329","article_modified_time":"2022-09-09T17:53:04+00:00","og_image":[{"width":400,"height":520,"url":"https:\/\/www.ledizioni.it\/stag\/wp-content\/uploads\/2018\/12\/Coccia_3D.jpg","type":"image\/jpeg"}],"twitter_card":"summary_large_image","twitter_site":"@ledizioni","twitter_misc":{"Estimated reading time":"1 minute"},"schema":{"@context":"https:\/\/schema.org","@graph":[{"@type":"WebPage","@id":"https:\/\/www.ledizioni.it\/en\/product\/i-giorni-piu-lunghi-del-secolo-breve\/","url":"https:\/\/www.ledizioni.it\/en\/product\/i-giorni-piu-lunghi-del-secolo-breve\/","name":"I GIORNI PI\u00d9 LUNGHI DEL SECOLO BREVE -","isPartOf":{"@id":"https:\/\/www.ledizioni.it\/#website"},"primaryImageOfPage":{"@id":"https:\/\/www.ledizioni.it\/en\/product\/i-giorni-piu-lunghi-del-secolo-breve\/#primaryimage"},"image":{"@id":"https:\/\/www.ledizioni.it\/en\/product\/i-giorni-piu-lunghi-del-secolo-breve\/#primaryimage"},"thumbnailUrl":"https:\/\/www.ledizioni.it\/stag\/wp-content\/uploads\/2018\/12\/Coccia_3D.jpg","datePublished":"2019-07-02T17:16:21+00:00","dateModified":"2022-09-09T17:53:04+00:00","description":"Ledizioni - Innovative Publishing. Casa editrice universitaria. Open Access. eBook, ePub. Creative Commons.","breadcrumb":{"@id":"https:\/\/www.ledizioni.it\/en\/product\/i-giorni-piu-lunghi-del-secolo-breve\/#breadcrumb"},"inLanguage":"en-GB","potentialAction":[{"@type":"ReadAction","target":["https:\/\/www.ledizioni.it\/en\/product\/i-giorni-piu-lunghi-del-secolo-breve\/"]}]},{"@type":"ImageObject","inLanguage":"en-GB","@id":"https:\/\/www.ledizioni.it\/en\/product\/i-giorni-piu-lunghi-del-secolo-breve\/#primaryimage","url":"https:\/\/www.ledizioni.it\/stag\/wp-content\/uploads\/2018\/12\/Coccia_3D.jpg","contentUrl":"https:\/\/www.ledizioni.it\/stag\/wp-content\/uploads\/2018\/12\/Coccia_3D.jpg","width":400,"height":520},{"@type":"BreadcrumbList","@id":"https:\/\/www.ledizioni.it\/en\/product\/i-giorni-piu-lunghi-del-secolo-breve\/#breadcrumb","itemListElement":[{"@type":"ListItem","position":1,"name":"Shop","item":"https:\/\/www.ledizioni.it\/shop-2\/"},{"@type":"ListItem","position":2,"name":"I GIORNI PI\u00d9 LUNGHI DEL SECOLO BREVE"}]},{"@type":"WebSite","@id":"https:\/\/www.ledizioni.it\/#website","url":"https:\/\/www.ledizioni.it\/","name":"Ledizioni","description":"The Innovative LediPublishing Company - Casa Editrice Universitaria","publisher":{"@id":"https:\/\/www.ledizioni.it\/#organization"},"potentialAction":[{"@type":"SearchAction","target":{"@type":"EntryPoint","urlTemplate":"https:\/\/www.ledizioni.it\/?s={search_term_string}"},"query-input":{"@type":"PropertyValueSpecification","valueRequired":true,"valueName":"search_term_string"}}],"inLanguage":"en-GB"},{"@type":"Organization","@id":"https:\/\/www.ledizioni.it\/#organization","name":"Ledizioni","url":"https:\/\/www.ledizioni.it\/","logo":{"@type":"ImageObject","inLanguage":"en-GB","@id":"https:\/\/www.ledizioni.it\/#\/schema\/logo\/image\/","url":"https:\/\/www.ledizioni.it\/stag\/wp-content\/uploads\/2023\/10\/newlogoledizioni500x110_2-1.jpg","contentUrl":"https:\/\/www.ledizioni.it\/stag\/wp-content\/uploads\/2023\/10\/newlogoledizioni500x110_2-1.jpg","width":354,"height":87,"caption":"Ledizioni"},"image":{"@id":"https:\/\/www.ledizioni.it\/#\/schema\/logo\/image\/"},"sameAs":["https:\/\/www.facebook.com\/pages\/Ledizioni-LediPublishing\/109120559173329","https:\/\/x.com\/ledizioni"]}]}},"jetpack_sharing_enabled":true,"_links":{"self":[{"href":"https:\/\/www.ledizioni.it\/en\/wp-json\/wp\/v2\/product\/21211","targetHints":{"allow":["GET"]}}],"collection":[{"href":"https:\/\/www.ledizioni.it\/en\/wp-json\/wp\/v2\/product"}],"about":[{"href":"https:\/\/www.ledizioni.it\/en\/wp-json\/wp\/v2\/types\/product"}],"replies":[{"embeddable":true,"href":"https:\/\/www.ledizioni.it\/en\/wp-json\/wp\/v2\/comments?post=21211"}],"version-history":[{"count":1,"href":"https:\/\/www.ledizioni.it\/en\/wp-json\/wp\/v2\/product\/21211\/revisions"}],"predecessor-version":[{"id":23964,"href":"https:\/\/www.ledizioni.it\/en\/wp-json\/wp\/v2\/product\/21211\/revisions\/23964"}],"wp:featuredmedia":[{"embeddable":true,"href":"https:\/\/www.ledizioni.it\/en\/wp-json\/wp\/v2\/media\/23963"}],"wp:attachment":[{"href":"https:\/\/www.ledizioni.it\/en\/wp-json\/wp\/v2\/media?parent=21211"}],"wp:term":[{"taxonomy":"product_brand","embeddable":true,"href":"https:\/\/www.ledizioni.it\/en\/wp-json\/wp\/v2\/product_brand?post=21211"},{"taxonomy":"product_cat","embeddable":true,"href":"https:\/\/www.ledizioni.it\/en\/wp-json\/wp\/v2\/product_cat?post=21211"},{"taxonomy":"product_tag","embeddable":true,"href":"https:\/\/www.ledizioni.it\/en\/wp-json\/wp\/v2\/product_tag?post=21211"}],"curies":[{"name":"wp","href":"https:\/\/api.w.org\/{rel}","templated":true}]}}