{"id":21283,"date":"2018-12-06T15:42:39","date_gmt":"2018-12-06T15:42:39","guid":{"rendered":"https:\/\/www.ledizioni.it\/?post_type=product&#038;p=21283"},"modified":"2018-12-06T16:12:30","modified_gmt":"2018-12-06T16:12:30","slug":"scacchiera-expo","status":"publish","type":"product","link":"https:\/\/www.ledizioni.it\/en\/product\/scacchiera-expo\/","title":{"rendered":"SCACCHIERA EXPO"},"content":{"rendered":"<p style=\"text-align: justify;\">Milano, 31 ottobre 2015: Expo 2015 si chiude con una rutilante cerimonia che celebra i successi degli ultimi sei mesi. <strong>Milano \u00e8 riuscita a trasmettere in mondovisione un\u2019immagine rinnovata, vincente e dinamica<\/strong>. Ma mentre l\u2019Italia consegna il vessillo della prossima Esposizione Universale al Kazakistan e i padiglioni si mostrano al pubblico per l\u2019ultima volta, la partita iniziata nel 2008 quando Milano riusc\u00ec ad aggiudicarsi la manifestazione \u00e8 ancora lontana dalla conclusione: <strong>qual \u00e8 l\u2019eredit\u00e0 di Expo? Che cosa succeder\u00e0 ai terreni di Rho impiegati per il sito espositivo? Qual \u00e8 il vero impatto di Expo sulla vita pubblica italiana?<\/strong><\/p>\n<p style=\"text-align: justify;\">In \u201cScacchiera Expo\u201d una squadra di giornalisti composta da Lorenzo Bagnoli, Lorenzo Bodrero e Luca Rinaldi srotola davanti al lettore <strong>il film che tutti noi abbiamo vissuto in questi mesi, e lo ricostruisce con lucidit\u00e0 attraverso le polemiche, i ritardi, le inchieste giudiziarie, gli scontri tra poteri dello Stato, le proteste di cittadini pacifici e manifestanti violenti, fino alla vittoria che sembra aver messo tutti d\u2019accordo<\/strong>.<\/p>\n<p style=\"text-align: justify;\">Nelle pagine del libro prima il sito espositivo, poi Milano, e infine tutto il Paese si trasformano in una gigantesca scacchiera dove attori diversi stanno ancora giocando una partita fondamentale, che ha in palio il privilegio di forgiare l\u2019Italia dei prossimi anni. Saremo un po\u2019 pi\u00f9 moderni, un po\u2019 meno legati ai nostri vecchi vizi? Figure come il presidente dell\u2019Autorit\u00e0 Nazionale Anticorruzione Raffaele Cantone e l\u2019ex prefetto di Milano Francesco Paolo Tronca, ormai promosso a commissario di Roma, rappresentano il volto nuovo del Paese? O dietro le luci, i successi e il rinnovamento di Expo si nascondono sempre le solite vecchie cordate di potere?<\/p>\n<p style=\"text-align: justify;\">Senza iscriversi al partito degli expottimisti o allo schieramento degli exposcettici, Bagnoli, Bodrero e Rinaldi scelgono una strada diversa.<br \/>\n<strong>Quella della pura analisi giornalistica.<\/strong><\/p>\n<p>&nbsp;<\/p>\n<p><strong>DATI BIBLIOGRAFICI<\/strong><br \/>\nAutore: Lorenzo Bagnoli; Lorenzo Bodrero; Luca Rinaldi<br \/>\nEditore: Ledizioni<br \/>\nCollana: <a href=\"https:\/\/www.ledizioni.it\/en\/product-category\/scienze-sociali-2\/societa\/informant-long-form-journalism\/\">Informant &#8211; Long Form Journalism<\/a><br \/>\nPubblicato in: novembre 2015<br \/>\nFormato: ePub, 125 p.<br \/>\nISBN: 978-88-98194-44-5<br \/>\nPrezzo: 3.99 \u20ac<\/p>","protected":false},"excerpt":{"rendered":"<p>Milano, 31 ottobre 2015: Expo 2015 si chiude con una rutilante cerimonia che celebra i successi degli ultimi sei mesi.<\/p>","protected":false},"featured_media":21285,"comment_status":"open","ping_status":"closed","template":"","meta":{"_acf_changed":false},"product_brand":[],"product_cat":[1835],"product_tag":[1393,655,856],"class_list":{"0":"post-21283","1":"product","2":"type-product","3":"status-publish","4":"has-post-thumbnail","6":"product_cat-informant-long-form-journalism","7":"product_tag-expo","8":"product_tag-milano","9":"product_tag-potere","10":"pa_formato-ebook-in-epub","12":"first","13":"instock","14":"shipping-taxable","15":"purchasable","16":"product-type-variable","17":"has-default-attributes"},"acf":[],"yoast_head":"<!-- This site is optimized with the Yoast SEO plugin v27.3 - https:\/\/yoast.com\/product\/yoast-seo-wordpress\/ -->\n<title>SCACCHIERA EXPO -<\/title>\n<meta name=\"description\" content=\"Ledizioni - Innovative Publishing. Casa editrice universitaria. Open Access. eBook, ePub. Creative Commons.\" \/>\n<meta name=\"robots\" content=\"index, follow, max-snippet:-1, max-image-preview:large, max-video-preview:-1\" \/>\n<link rel=\"canonical\" href=\"https:\/\/www.ledizioni.it\/en\/product\/scacchiera-expo\/\" \/>\n<meta property=\"og:locale\" content=\"en_GB\" \/>\n<meta property=\"og:type\" content=\"article\" \/>\n<meta property=\"og:title\" content=\"SCACCHIERA EXPO -\" \/>\n<meta property=\"og:description\" content=\"Ledizioni - Innovative Publishing. Casa editrice universitaria. Open Access. eBook, ePub. Creative Commons.\" \/>\n<meta property=\"og:url\" content=\"https:\/\/www.ledizioni.it\/en\/product\/scacchiera-expo\/\" \/>\n<meta property=\"og:site_name\" content=\"Ledizioni\" \/>\n<meta property=\"article:publisher\" content=\"https:\/\/www.facebook.com\/pages\/Ledizioni-LediPublishing\/109120559173329\" \/>\n<meta property=\"article:modified_time\" content=\"2018-12-06T16:12:30+00:00\" \/>\n<meta property=\"og:image\" content=\"https:\/\/www.ledizioni.it\/stag\/wp-content\/uploads\/2018\/12\/expo.jpg\" \/>\n\t<meta property=\"og:image:width\" content=\"472\" \/>\n\t<meta property=\"og:image:height\" content=\"709\" \/>\n\t<meta property=\"og:image:type\" content=\"image\/jpeg\" \/>\n<meta name=\"twitter:card\" content=\"summary_large_image\" \/>\n<meta name=\"twitter:site\" content=\"@ledizioni\" \/>\n<meta name=\"twitter:label1\" content=\"Estimated reading time\" \/>\n\t<meta name=\"twitter:data1\" content=\"2 minutes\" \/>\n<script type=\"application\/ld+json\" class=\"yoast-schema-graph\">{\"@context\":\"https:\\\/\\\/schema.org\",\"@graph\":[{\"@type\":\"WebPage\",\"@id\":\"https:\\\/\\\/www.ledizioni.it\\\/en\\\/product\\\/scacchiera-expo\\\/\",\"url\":\"https:\\\/\\\/www.ledizioni.it\\\/en\\\/product\\\/scacchiera-expo\\\/\",\"name\":\"SCACCHIERA EXPO -\",\"isPartOf\":{\"@id\":\"https:\\\/\\\/www.ledizioni.it\\\/#website\"},\"primaryImageOfPage\":{\"@id\":\"https:\\\/\\\/www.ledizioni.it\\\/en\\\/product\\\/scacchiera-expo\\\/#primaryimage\"},\"image\":{\"@id\":\"https:\\\/\\\/www.ledizioni.it\\\/en\\\/product\\\/scacchiera-expo\\\/#primaryimage\"},\"thumbnailUrl\":\"https:\\\/\\\/www.ledizioni.it\\\/stag\\\/wp-content\\\/uploads\\\/2018\\\/12\\\/expo.jpg\",\"datePublished\":\"2018-12-06T15:42:39+00:00\",\"dateModified\":\"2018-12-06T16:12:30+00:00\",\"description\":\"Ledizioni - Innovative Publishing. Casa editrice universitaria. Open Access. eBook, ePub. Creative Commons.\",\"breadcrumb\":{\"@id\":\"https:\\\/\\\/www.ledizioni.it\\\/en\\\/product\\\/scacchiera-expo\\\/#breadcrumb\"},\"inLanguage\":\"en-GB\",\"potentialAction\":[{\"@type\":\"ReadAction\",\"target\":[\"https:\\\/\\\/www.ledizioni.it\\\/en\\\/product\\\/scacchiera-expo\\\/\"]}]},{\"@type\":\"ImageObject\",\"inLanguage\":\"en-GB\",\"@id\":\"https:\\\/\\\/www.ledizioni.it\\\/en\\\/product\\\/scacchiera-expo\\\/#primaryimage\",\"url\":\"https:\\\/\\\/www.ledizioni.it\\\/stag\\\/wp-content\\\/uploads\\\/2018\\\/12\\\/expo.jpg\",\"contentUrl\":\"https:\\\/\\\/www.ledizioni.it\\\/stag\\\/wp-content\\\/uploads\\\/2018\\\/12\\\/expo.jpg\",\"width\":472,\"height\":709},{\"@type\":\"BreadcrumbList\",\"@id\":\"https:\\\/\\\/www.ledizioni.it\\\/en\\\/product\\\/scacchiera-expo\\\/#breadcrumb\",\"itemListElement\":[{\"@type\":\"ListItem\",\"position\":1,\"name\":\"Shop\",\"item\":\"https:\\\/\\\/www.ledizioni.it\\\/shop-2\\\/\"},{\"@type\":\"ListItem\",\"position\":2,\"name\":\"SCACCHIERA EXPO\"}]},{\"@type\":\"WebSite\",\"@id\":\"https:\\\/\\\/www.ledizioni.it\\\/#website\",\"url\":\"https:\\\/\\\/www.ledizioni.it\\\/\",\"name\":\"Ledizioni\",\"description\":\"The Innovative LediPublishing Company - Casa Editrice Universitaria\",\"publisher\":{\"@id\":\"https:\\\/\\\/www.ledizioni.it\\\/#organization\"},\"potentialAction\":[{\"@type\":\"SearchAction\",\"target\":{\"@type\":\"EntryPoint\",\"urlTemplate\":\"https:\\\/\\\/www.ledizioni.it\\\/?s={search_term_string}\"},\"query-input\":{\"@type\":\"PropertyValueSpecification\",\"valueRequired\":true,\"valueName\":\"search_term_string\"}}],\"inLanguage\":\"en-GB\"},{\"@type\":\"Organization\",\"@id\":\"https:\\\/\\\/www.ledizioni.it\\\/#organization\",\"name\":\"Ledizioni\",\"url\":\"https:\\\/\\\/www.ledizioni.it\\\/\",\"logo\":{\"@type\":\"ImageObject\",\"inLanguage\":\"en-GB\",\"@id\":\"https:\\\/\\\/www.ledizioni.it\\\/#\\\/schema\\\/logo\\\/image\\\/\",\"url\":\"https:\\\/\\\/www.ledizioni.it\\\/stag\\\/wp-content\\\/uploads\\\/2023\\\/10\\\/newlogoledizioni500x110_2-1.jpg\",\"contentUrl\":\"https:\\\/\\\/www.ledizioni.it\\\/stag\\\/wp-content\\\/uploads\\\/2023\\\/10\\\/newlogoledizioni500x110_2-1.jpg\",\"width\":354,\"height\":87,\"caption\":\"Ledizioni\"},\"image\":{\"@id\":\"https:\\\/\\\/www.ledizioni.it\\\/#\\\/schema\\\/logo\\\/image\\\/\"},\"sameAs\":[\"https:\\\/\\\/www.facebook.com\\\/pages\\\/Ledizioni-LediPublishing\\\/109120559173329\",\"https:\\\/\\\/x.com\\\/ledizioni\"]}]}<\/script>\n<!-- \/ Yoast SEO plugin. -->","yoast_head_json":{"title":"SCACCHIERA EXPO -","description":"Ledizioni - Innovative Publishing. Casa editrice universitaria. Open Access. eBook, ePub. Creative Commons.","robots":{"index":"index","follow":"follow","max-snippet":"max-snippet:-1","max-image-preview":"max-image-preview:large","max-video-preview":"max-video-preview:-1"},"canonical":"https:\/\/www.ledizioni.it\/en\/product\/scacchiera-expo\/","og_locale":"en_GB","og_type":"article","og_title":"SCACCHIERA EXPO -","og_description":"Ledizioni - Innovative Publishing. Casa editrice universitaria. Open Access. eBook, ePub. Creative Commons.","og_url":"https:\/\/www.ledizioni.it\/en\/product\/scacchiera-expo\/","og_site_name":"Ledizioni","article_publisher":"https:\/\/www.facebook.com\/pages\/Ledizioni-LediPublishing\/109120559173329","article_modified_time":"2018-12-06T16:12:30+00:00","og_image":[{"width":472,"height":709,"url":"https:\/\/www.ledizioni.it\/stag\/wp-content\/uploads\/2018\/12\/expo.jpg","type":"image\/jpeg"}],"twitter_card":"summary_large_image","twitter_site":"@ledizioni","twitter_misc":{"Estimated reading time":"2 minutes"},"schema":{"@context":"https:\/\/schema.org","@graph":[{"@type":"WebPage","@id":"https:\/\/www.ledizioni.it\/en\/product\/scacchiera-expo\/","url":"https:\/\/www.ledizioni.it\/en\/product\/scacchiera-expo\/","name":"SCACCHIERA EXPO -","isPartOf":{"@id":"https:\/\/www.ledizioni.it\/#website"},"primaryImageOfPage":{"@id":"https:\/\/www.ledizioni.it\/en\/product\/scacchiera-expo\/#primaryimage"},"image":{"@id":"https:\/\/www.ledizioni.it\/en\/product\/scacchiera-expo\/#primaryimage"},"thumbnailUrl":"https:\/\/www.ledizioni.it\/stag\/wp-content\/uploads\/2018\/12\/expo.jpg","datePublished":"2018-12-06T15:42:39+00:00","dateModified":"2018-12-06T16:12:30+00:00","description":"Ledizioni - Innovative Publishing. Casa editrice universitaria. Open Access. eBook, ePub. Creative Commons.","breadcrumb":{"@id":"https:\/\/www.ledizioni.it\/en\/product\/scacchiera-expo\/#breadcrumb"},"inLanguage":"en-GB","potentialAction":[{"@type":"ReadAction","target":["https:\/\/www.ledizioni.it\/en\/product\/scacchiera-expo\/"]}]},{"@type":"ImageObject","inLanguage":"en-GB","@id":"https:\/\/www.ledizioni.it\/en\/product\/scacchiera-expo\/#primaryimage","url":"https:\/\/www.ledizioni.it\/stag\/wp-content\/uploads\/2018\/12\/expo.jpg","contentUrl":"https:\/\/www.ledizioni.it\/stag\/wp-content\/uploads\/2018\/12\/expo.jpg","width":472,"height":709},{"@type":"BreadcrumbList","@id":"https:\/\/www.ledizioni.it\/en\/product\/scacchiera-expo\/#breadcrumb","itemListElement":[{"@type":"ListItem","position":1,"name":"Shop","item":"https:\/\/www.ledizioni.it\/shop-2\/"},{"@type":"ListItem","position":2,"name":"SCACCHIERA EXPO"}]},{"@type":"WebSite","@id":"https:\/\/www.ledizioni.it\/#website","url":"https:\/\/www.ledizioni.it\/","name":"Ledizioni","description":"The Innovative LediPublishing Company - Casa Editrice Universitaria","publisher":{"@id":"https:\/\/www.ledizioni.it\/#organization"},"potentialAction":[{"@type":"SearchAction","target":{"@type":"EntryPoint","urlTemplate":"https:\/\/www.ledizioni.it\/?s={search_term_string}"},"query-input":{"@type":"PropertyValueSpecification","valueRequired":true,"valueName":"search_term_string"}}],"inLanguage":"en-GB"},{"@type":"Organization","@id":"https:\/\/www.ledizioni.it\/#organization","name":"Ledizioni","url":"https:\/\/www.ledizioni.it\/","logo":{"@type":"ImageObject","inLanguage":"en-GB","@id":"https:\/\/www.ledizioni.it\/#\/schema\/logo\/image\/","url":"https:\/\/www.ledizioni.it\/stag\/wp-content\/uploads\/2023\/10\/newlogoledizioni500x110_2-1.jpg","contentUrl":"https:\/\/www.ledizioni.it\/stag\/wp-content\/uploads\/2023\/10\/newlogoledizioni500x110_2-1.jpg","width":354,"height":87,"caption":"Ledizioni"},"image":{"@id":"https:\/\/www.ledizioni.it\/#\/schema\/logo\/image\/"},"sameAs":["https:\/\/www.facebook.com\/pages\/Ledizioni-LediPublishing\/109120559173329","https:\/\/x.com\/ledizioni"]}]}},"jetpack_sharing_enabled":true,"_links":{"self":[{"href":"https:\/\/www.ledizioni.it\/en\/wp-json\/wp\/v2\/product\/21283","targetHints":{"allow":["GET"]}}],"collection":[{"href":"https:\/\/www.ledizioni.it\/en\/wp-json\/wp\/v2\/product"}],"about":[{"href":"https:\/\/www.ledizioni.it\/en\/wp-json\/wp\/v2\/types\/product"}],"replies":[{"embeddable":true,"href":"https:\/\/www.ledizioni.it\/en\/wp-json\/wp\/v2\/comments?post=21283"}],"version-history":[{"count":0,"href":"https:\/\/www.ledizioni.it\/en\/wp-json\/wp\/v2\/product\/21283\/revisions"}],"wp:featuredmedia":[{"embeddable":true,"href":"https:\/\/www.ledizioni.it\/en\/wp-json\/wp\/v2\/media\/21285"}],"wp:attachment":[{"href":"https:\/\/www.ledizioni.it\/en\/wp-json\/wp\/v2\/media?parent=21283"}],"wp:term":[{"taxonomy":"product_brand","embeddable":true,"href":"https:\/\/www.ledizioni.it\/en\/wp-json\/wp\/v2\/product_brand?post=21283"},{"taxonomy":"product_cat","embeddable":true,"href":"https:\/\/www.ledizioni.it\/en\/wp-json\/wp\/v2\/product_cat?post=21283"},{"taxonomy":"product_tag","embeddable":true,"href":"https:\/\/www.ledizioni.it\/en\/wp-json\/wp\/v2\/product_tag?post=21283"}],"curies":[{"name":"wp","href":"https:\/\/api.w.org\/{rel}","templated":true}]}}