{"id":21544,"date":"2018-12-12T14:29:33","date_gmt":"2018-12-12T14:29:33","guid":{"rendered":"https:\/\/www.ledizioni.it\/?post_type=product&#038;p=21544"},"modified":"2018-12-12T14:52:45","modified_gmt":"2018-12-12T14:52:45","slug":"el-espanol-y-su-dinamismo-redes-irradiaciones-y-confluencias","status":"publish","type":"product","link":"https:\/\/www.ledizioni.it\/en\/product\/el-espanol-y-su-dinamismo-redes-irradiaciones-y-confluencias\/","title":{"rendered":"EL ESPA\u00d1OL Y SU DINAMISMO: REDES, IRRADIACIONES Y CONFLUENCIAS"},"content":{"rendered":"<p>&nbsp;<\/p>\n<p>Dall&#8217;introduzione:<\/p>\n<p style=\"text-align: justify;\">\u00abEl presente volumen inaugura la colecci\u00f3n Biblioteca AISPI de Lenguas\u00a0y Literaturas Hisp\u00e1nicas, promovida por la Associazione Ispanisti Italiani\u00a0AISPI y el Centro Virtual Cervantes, para dar nuevo curso a las publicaciones\u00a0de la Asociaci\u00f3n.<br \/>\nEl espa\u00f1ol y su dinamismo: redes, irradiaciones y confluencias recoge e integra\u00a0en un recorrido coherente algunas de las ponencias y conferencias\u00a0plenarias presentadas con ocasi\u00f3n del XXIX congreso de la AISPI, que tuvo\u00a0lugar en Mil\u00e1n en noviembre de 2015 (Redes, irradiaciones y confluencias en\u00a0las culturas hisp\u00e1nicas), sometidas a evaluaci\u00f3n por pares.<br \/>\nEl objetivo del congreso era explorar el concepto de \u201cred\u201d, entendido como\u00a0relaci\u00f3n pluridimensional y recorrido no lineal entre las lenguas, las culturas\u00a0y las literaturas. De ah\u00ed que el dinamismo de la lengua se imponga como elemento\u00a0recurrente en buena parte de los trabajos seleccionados.<br \/>\nEl libro consta de dos partes, que enfocan este tema desde diferentes \u00e1ngulos\u00a0disciplinares. La primera parte lo intepreta en la perspectiva de la variaci\u00f3n<br \/>\ndiacr\u00f3nica, diat\u00f3pica, diastr\u00e1tica y diaf\u00e1sica, tambi\u00e9n en relaci\u00f3n con otras\u00a0lenguas (principalmente el italiano). La segunda parte se dedica a la lengua en\u00a0uso, su funcionamiento y su aplicaci\u00f3n, principalmente a la traducci\u00f3n y a la\u00a0did\u00e1ctica del espa\u00f1ol como lengua extranjera\u00bb.<\/p>\n<p>&nbsp;<\/p>\n<p><strong>DATI BIBLIOGRAFICI:<\/strong><br \/>\nAutore: Maria Vittoria Calvi; Beatriz Hern\u00e1n-G\u00f3mez Prieto;\u00a0Elena Landone<br \/>\nEditore: Ledizioni<br \/>\nPubblicato in: settembre 2018<br \/>\nISBN cartaceo: 9788890789755<br \/>\nCollana: <a href=\"https:\/\/www.ledizioni.it\/en\/collane\/letteratura\/biblioteca-aispi\/\">AISPI Library<\/a><br \/>\nPagine: 407 p.<br \/>\nPrezzo: 28 \u20ac<\/p>","protected":false},"excerpt":{"rendered":"<p>&nbsp; Dall&#8217;introduzione: \u00abEl presente volumen inaugura la colecci\u00f3n Biblioteca AISPI de Lenguas\u00a0y Literaturas Hisp\u00e1nicas, promovida por la Associazione Ispanisti Italiani\u00a0AISPI<\/p>","protected":false},"featured_media":21549,"comment_status":"open","ping_status":"closed","template":"","meta":{"_acf_changed":false},"product_brand":[],"product_cat":[1872],"product_tag":[1499],"class_list":{"0":"post-21544","1":"product","2":"type-product","3":"status-publish","4":"has-post-thumbnail","6":"product_cat-biblioteca-aispi","7":"product_tag-spagnolo","8":"pa_formato-cartaceo","10":"first","11":"instock","12":"shipping-taxable","13":"purchasable","14":"product-type-simple"},"acf":[],"yoast_head":"<!-- This site is optimized with the Yoast SEO plugin v27.3 - https:\/\/yoast.com\/product\/yoast-seo-wordpress\/ -->\n<title>EL ESPA\u00d1OL Y SU DINAMISMO: REDES, IRRADIACIONES Y CONFLUENCIAS -<\/title>\n<meta name=\"description\" content=\"Ledizioni - Innovative Publishing. Casa editrice universitaria. Open Access. eBook, ePub. Creative Commons.\" \/>\n<meta name=\"robots\" content=\"index, follow, max-snippet:-1, max-image-preview:large, max-video-preview:-1\" \/>\n<link rel=\"canonical\" href=\"https:\/\/www.ledizioni.it\/en\/product\/el-espanol-y-su-dinamismo-redes-irradiaciones-y-confluencias\/\" \/>\n<meta property=\"og:locale\" content=\"en_GB\" \/>\n<meta property=\"og:type\" content=\"article\" \/>\n<meta property=\"og:title\" content=\"EL ESPA\u00d1OL Y SU DINAMISMO: REDES, IRRADIACIONES Y CONFLUENCIAS -\" \/>\n<meta property=\"og:description\" content=\"Ledizioni - Innovative Publishing. Casa editrice universitaria. Open Access. eBook, ePub. Creative Commons.\" \/>\n<meta property=\"og:url\" content=\"https:\/\/www.ledizioni.it\/en\/product\/el-espanol-y-su-dinamismo-redes-irradiaciones-y-confluencias\/\" \/>\n<meta property=\"og:site_name\" content=\"Ledizioni\" \/>\n<meta property=\"article:publisher\" content=\"https:\/\/www.facebook.com\/pages\/Ledizioni-LediPublishing\/109120559173329\" \/>\n<meta property=\"article:modified_time\" content=\"2018-12-12T14:52:45+00:00\" \/>\n<meta property=\"og:image\" content=\"https:\/\/www.ledizioni.it\/stag\/wp-content\/uploads\/2018\/12\/elespagnol.jpg\" \/>\n\t<meta property=\"og:image:width\" content=\"400\" \/>\n\t<meta property=\"og:image:height\" content=\"596\" \/>\n\t<meta property=\"og:image:type\" content=\"image\/jpeg\" \/>\n<meta name=\"twitter:card\" content=\"summary_large_image\" \/>\n<meta name=\"twitter:site\" content=\"@ledizioni\" \/>\n<meta name=\"twitter:label1\" content=\"Estimated reading time\" \/>\n\t<meta name=\"twitter:data1\" content=\"1 minute\" \/>\n<script type=\"application\/ld+json\" class=\"yoast-schema-graph\">{\"@context\":\"https:\\\/\\\/schema.org\",\"@graph\":[{\"@type\":\"WebPage\",\"@id\":\"https:\\\/\\\/www.ledizioni.it\\\/prodotto\\\/el-espanol-y-su-dinamismo-redes-irradiaciones-y-confluencias\\\/\",\"url\":\"https:\\\/\\\/www.ledizioni.it\\\/prodotto\\\/el-espanol-y-su-dinamismo-redes-irradiaciones-y-confluencias\\\/\",\"name\":\"EL ESPA\u00d1OL Y SU DINAMISMO: REDES, IRRADIACIONES Y CONFLUENCIAS -\",\"isPartOf\":{\"@id\":\"https:\\\/\\\/www.ledizioni.it\\\/#website\"},\"primaryImageOfPage\":{\"@id\":\"https:\\\/\\\/www.ledizioni.it\\\/prodotto\\\/el-espanol-y-su-dinamismo-redes-irradiaciones-y-confluencias\\\/#primaryimage\"},\"image\":{\"@id\":\"https:\\\/\\\/www.ledizioni.it\\\/prodotto\\\/el-espanol-y-su-dinamismo-redes-irradiaciones-y-confluencias\\\/#primaryimage\"},\"thumbnailUrl\":\"https:\\\/\\\/www.ledizioni.it\\\/stag\\\/wp-content\\\/uploads\\\/2018\\\/12\\\/elespagnol.jpg\",\"datePublished\":\"2018-12-12T14:29:33+00:00\",\"dateModified\":\"2018-12-12T14:52:45+00:00\",\"description\":\"Ledizioni - Innovative Publishing. Casa editrice universitaria. Open Access. eBook, ePub. Creative Commons.\",\"breadcrumb\":{\"@id\":\"https:\\\/\\\/www.ledizioni.it\\\/prodotto\\\/el-espanol-y-su-dinamismo-redes-irradiaciones-y-confluencias\\\/#breadcrumb\"},\"inLanguage\":\"en-GB\",\"potentialAction\":[{\"@type\":\"ReadAction\",\"target\":[\"https:\\\/\\\/www.ledizioni.it\\\/prodotto\\\/el-espanol-y-su-dinamismo-redes-irradiaciones-y-confluencias\\\/\"]}]},{\"@type\":\"ImageObject\",\"inLanguage\":\"en-GB\",\"@id\":\"https:\\\/\\\/www.ledizioni.it\\\/prodotto\\\/el-espanol-y-su-dinamismo-redes-irradiaciones-y-confluencias\\\/#primaryimage\",\"url\":\"https:\\\/\\\/www.ledizioni.it\\\/stag\\\/wp-content\\\/uploads\\\/2018\\\/12\\\/elespagnol.jpg\",\"contentUrl\":\"https:\\\/\\\/www.ledizioni.it\\\/stag\\\/wp-content\\\/uploads\\\/2018\\\/12\\\/elespagnol.jpg\",\"width\":400,\"height\":596},{\"@type\":\"BreadcrumbList\",\"@id\":\"https:\\\/\\\/www.ledizioni.it\\\/prodotto\\\/el-espanol-y-su-dinamismo-redes-irradiaciones-y-confluencias\\\/#breadcrumb\",\"itemListElement\":[{\"@type\":\"ListItem\",\"position\":1,\"name\":\"Shop\",\"item\":\"https:\\\/\\\/www.ledizioni.it\\\/shop-2\\\/\"},{\"@type\":\"ListItem\",\"position\":2,\"name\":\"EL ESPA\u00d1OL Y SU DINAMISMO: REDES, IRRADIACIONES Y CONFLUENCIAS\"}]},{\"@type\":\"WebSite\",\"@id\":\"https:\\\/\\\/www.ledizioni.it\\\/#website\",\"url\":\"https:\\\/\\\/www.ledizioni.it\\\/\",\"name\":\"Ledizioni\",\"description\":\"The Innovative LediPublishing Company - Casa Editrice Universitaria\",\"publisher\":{\"@id\":\"https:\\\/\\\/www.ledizioni.it\\\/#organization\"},\"potentialAction\":[{\"@type\":\"SearchAction\",\"target\":{\"@type\":\"EntryPoint\",\"urlTemplate\":\"https:\\\/\\\/www.ledizioni.it\\\/?s={search_term_string}\"},\"query-input\":{\"@type\":\"PropertyValueSpecification\",\"valueRequired\":true,\"valueName\":\"search_term_string\"}}],\"inLanguage\":\"en-GB\"},{\"@type\":\"Organization\",\"@id\":\"https:\\\/\\\/www.ledizioni.it\\\/#organization\",\"name\":\"Ledizioni\",\"url\":\"https:\\\/\\\/www.ledizioni.it\\\/\",\"logo\":{\"@type\":\"ImageObject\",\"inLanguage\":\"en-GB\",\"@id\":\"https:\\\/\\\/www.ledizioni.it\\\/#\\\/schema\\\/logo\\\/image\\\/\",\"url\":\"https:\\\/\\\/www.ledizioni.it\\\/stag\\\/wp-content\\\/uploads\\\/2023\\\/10\\\/newlogoledizioni500x110_2-1.jpg\",\"contentUrl\":\"https:\\\/\\\/www.ledizioni.it\\\/stag\\\/wp-content\\\/uploads\\\/2023\\\/10\\\/newlogoledizioni500x110_2-1.jpg\",\"width\":354,\"height\":87,\"caption\":\"Ledizioni\"},\"image\":{\"@id\":\"https:\\\/\\\/www.ledizioni.it\\\/#\\\/schema\\\/logo\\\/image\\\/\"},\"sameAs\":[\"https:\\\/\\\/www.facebook.com\\\/pages\\\/Ledizioni-LediPublishing\\\/109120559173329\",\"https:\\\/\\\/x.com\\\/ledizioni\"]}]}<\/script>\n<!-- \/ Yoast SEO plugin. -->","yoast_head_json":{"title":"EL ESPA\u00d1OL Y SU DINAMISMO: REDES, IRRADIACIONES Y CONFLUENCIAS -","description":"Ledizioni - Innovative Publishing. Casa editrice universitaria. Open Access. eBook, ePub. Creative Commons.","robots":{"index":"index","follow":"follow","max-snippet":"max-snippet:-1","max-image-preview":"max-image-preview:large","max-video-preview":"max-video-preview:-1"},"canonical":"https:\/\/www.ledizioni.it\/en\/product\/el-espanol-y-su-dinamismo-redes-irradiaciones-y-confluencias\/","og_locale":"en_GB","og_type":"article","og_title":"EL ESPA\u00d1OL Y SU DINAMISMO: REDES, IRRADIACIONES Y CONFLUENCIAS -","og_description":"Ledizioni - Innovative Publishing. Casa editrice universitaria. Open Access. eBook, ePub. Creative Commons.","og_url":"https:\/\/www.ledizioni.it\/en\/product\/el-espanol-y-su-dinamismo-redes-irradiaciones-y-confluencias\/","og_site_name":"Ledizioni","article_publisher":"https:\/\/www.facebook.com\/pages\/Ledizioni-LediPublishing\/109120559173329","article_modified_time":"2018-12-12T14:52:45+00:00","og_image":[{"width":400,"height":596,"url":"https:\/\/www.ledizioni.it\/stag\/wp-content\/uploads\/2018\/12\/elespagnol.jpg","type":"image\/jpeg"}],"twitter_card":"summary_large_image","twitter_site":"@ledizioni","twitter_misc":{"Estimated reading time":"1 minute"},"schema":{"@context":"https:\/\/schema.org","@graph":[{"@type":"WebPage","@id":"https:\/\/www.ledizioni.it\/prodotto\/el-espanol-y-su-dinamismo-redes-irradiaciones-y-confluencias\/","url":"https:\/\/www.ledizioni.it\/prodotto\/el-espanol-y-su-dinamismo-redes-irradiaciones-y-confluencias\/","name":"EL ESPA\u00d1OL Y SU DINAMISMO: REDES, IRRADIACIONES Y CONFLUENCIAS -","isPartOf":{"@id":"https:\/\/www.ledizioni.it\/#website"},"primaryImageOfPage":{"@id":"https:\/\/www.ledizioni.it\/prodotto\/el-espanol-y-su-dinamismo-redes-irradiaciones-y-confluencias\/#primaryimage"},"image":{"@id":"https:\/\/www.ledizioni.it\/prodotto\/el-espanol-y-su-dinamismo-redes-irradiaciones-y-confluencias\/#primaryimage"},"thumbnailUrl":"https:\/\/www.ledizioni.it\/stag\/wp-content\/uploads\/2018\/12\/elespagnol.jpg","datePublished":"2018-12-12T14:29:33+00:00","dateModified":"2018-12-12T14:52:45+00:00","description":"Ledizioni - Innovative Publishing. Casa editrice universitaria. Open Access. eBook, ePub. Creative Commons.","breadcrumb":{"@id":"https:\/\/www.ledizioni.it\/prodotto\/el-espanol-y-su-dinamismo-redes-irradiaciones-y-confluencias\/#breadcrumb"},"inLanguage":"en-GB","potentialAction":[{"@type":"ReadAction","target":["https:\/\/www.ledizioni.it\/prodotto\/el-espanol-y-su-dinamismo-redes-irradiaciones-y-confluencias\/"]}]},{"@type":"ImageObject","inLanguage":"en-GB","@id":"https:\/\/www.ledizioni.it\/prodotto\/el-espanol-y-su-dinamismo-redes-irradiaciones-y-confluencias\/#primaryimage","url":"https:\/\/www.ledizioni.it\/stag\/wp-content\/uploads\/2018\/12\/elespagnol.jpg","contentUrl":"https:\/\/www.ledizioni.it\/stag\/wp-content\/uploads\/2018\/12\/elespagnol.jpg","width":400,"height":596},{"@type":"BreadcrumbList","@id":"https:\/\/www.ledizioni.it\/prodotto\/el-espanol-y-su-dinamismo-redes-irradiaciones-y-confluencias\/#breadcrumb","itemListElement":[{"@type":"ListItem","position":1,"name":"Shop","item":"https:\/\/www.ledizioni.it\/shop-2\/"},{"@type":"ListItem","position":2,"name":"EL ESPA\u00d1OL Y SU DINAMISMO: REDES, IRRADIACIONES Y CONFLUENCIAS"}]},{"@type":"WebSite","@id":"https:\/\/www.ledizioni.it\/#website","url":"https:\/\/www.ledizioni.it\/","name":"Ledizioni","description":"The Innovative LediPublishing Company - Casa Editrice Universitaria","publisher":{"@id":"https:\/\/www.ledizioni.it\/#organization"},"potentialAction":[{"@type":"SearchAction","target":{"@type":"EntryPoint","urlTemplate":"https:\/\/www.ledizioni.it\/?s={search_term_string}"},"query-input":{"@type":"PropertyValueSpecification","valueRequired":true,"valueName":"search_term_string"}}],"inLanguage":"en-GB"},{"@type":"Organization","@id":"https:\/\/www.ledizioni.it\/#organization","name":"Ledizioni","url":"https:\/\/www.ledizioni.it\/","logo":{"@type":"ImageObject","inLanguage":"en-GB","@id":"https:\/\/www.ledizioni.it\/#\/schema\/logo\/image\/","url":"https:\/\/www.ledizioni.it\/stag\/wp-content\/uploads\/2023\/10\/newlogoledizioni500x110_2-1.jpg","contentUrl":"https:\/\/www.ledizioni.it\/stag\/wp-content\/uploads\/2023\/10\/newlogoledizioni500x110_2-1.jpg","width":354,"height":87,"caption":"Ledizioni"},"image":{"@id":"https:\/\/www.ledizioni.it\/#\/schema\/logo\/image\/"},"sameAs":["https:\/\/www.facebook.com\/pages\/Ledizioni-LediPublishing\/109120559173329","https:\/\/x.com\/ledizioni"]}]}},"jetpack_sharing_enabled":true,"_links":{"self":[{"href":"https:\/\/www.ledizioni.it\/en\/wp-json\/wp\/v2\/product\/21544","targetHints":{"allow":["GET"]}}],"collection":[{"href":"https:\/\/www.ledizioni.it\/en\/wp-json\/wp\/v2\/product"}],"about":[{"href":"https:\/\/www.ledizioni.it\/en\/wp-json\/wp\/v2\/types\/product"}],"replies":[{"embeddable":true,"href":"https:\/\/www.ledizioni.it\/en\/wp-json\/wp\/v2\/comments?post=21544"}],"version-history":[{"count":1,"href":"https:\/\/www.ledizioni.it\/en\/wp-json\/wp\/v2\/product\/21544\/revisions"}],"predecessor-version":[{"id":21547,"href":"https:\/\/www.ledizioni.it\/en\/wp-json\/wp\/v2\/product\/21544\/revisions\/21547"}],"wp:featuredmedia":[{"embeddable":true,"href":"https:\/\/www.ledizioni.it\/en\/wp-json\/wp\/v2\/media\/21549"}],"wp:attachment":[{"href":"https:\/\/www.ledizioni.it\/en\/wp-json\/wp\/v2\/media?parent=21544"}],"wp:term":[{"taxonomy":"product_brand","embeddable":true,"href":"https:\/\/www.ledizioni.it\/en\/wp-json\/wp\/v2\/product_brand?post=21544"},{"taxonomy":"product_cat","embeddable":true,"href":"https:\/\/www.ledizioni.it\/en\/wp-json\/wp\/v2\/product_cat?post=21544"},{"taxonomy":"product_tag","embeddable":true,"href":"https:\/\/www.ledizioni.it\/en\/wp-json\/wp\/v2\/product_tag?post=21544"}],"curies":[{"name":"wp","href":"https:\/\/api.w.org\/{rel}","templated":true}]}}