{"id":22267,"date":"2019-02-15T16:55:39","date_gmt":"2019-02-15T16:55:39","guid":{"rendered":"https:\/\/www.ledizioni.it\/?post_type=product&#038;p=22267"},"modified":"2021-05-21T14:57:45","modified_gmt":"2021-05-21T12:57:45","slug":"milano-di-secolo-in-secolo","status":"publish","type":"product","link":"https:\/\/www.ledizioni.it\/en\/product\/milano-di-secolo-in-secolo\/","title":{"rendered":"MILANO DI SECOLO IN SECOLO"},"content":{"rendered":"<p style=\"text-align: justify;\">L\u2019origine della citt\u00e0 di Milano si perde nella notte dei tempi ed ascende a quei remoti secoli dai quali non \u00e8 trapassato segno alcuno. Occorre risalire alla prima et\u00e0 del ferro per aver notizia della formazione di un importante gruppo di popoli storici tra cui i Celti ad Occidente e gli Insubri al Nord, in un vasto territorio che avrebbe avuto Mediolanum come capitale.<br \/>\nDai rapidi cenni storici di quelle epoche lontane, si passa ad approfondire le vicende dell\u2019Impero romano, con il collasso di quest\u2019ultimo. L\u2019Autore narra delle affascinanti (e spesso inquietanti) vicende di Piazza Vetra, e si sofferma sulle varie Leggende di martiri e santi legati al territorio milanese (Bernardo, Guglielma la Boema e molti altri). Non mancano richiami alle cruente epurazioni dell\u2019Inquisizione, tra roghi degli inquisiti e forche dei condannati. Gli eventi storici proseguono con i Visconti che, nel 1386, fecero partire la costruzione di una delle pi\u00f9 belle chiese d\u2019Italia: Il Duomo di Milano. Dopo i Visconti, l\u2019onore e l\u2019onere dell\u2019imponente costruzione pass\u00f2 agli Sforza; \u00e8 grazie a loro che nel 1456 nacque anche l\u2019Ospedale Maggiore, la C\u00e0 Granda.<br \/>\nTra le opere architettoniche che rendono grande la citt\u00e0 di Milano \u2013 come il Castello, la Galleria e i vari Teatri sorti in citt\u00e0 \u2013 anche il Palazzo Marino, il cui ideatore e proprietario fu il Duca Tomaso Marino, che conobbe grande potenza e ugual sfortuna; quest\u2019ultima lo costrinse ad subire l\u2019esproprio del Palazzo e ad abbandonare i suoi sogni di grandezza.<br \/>\nAvvicinandosi ad epoche pi\u00f9 recenti, l\u2019Autore si sofferma sulla rivoluzione industriale che ebbe, a Milano, pionieri illustri come Carlo Cattaneo, Giuseppe Colombo, Francesco Brioschi ed Eugenio Villoresi, che incisero in modo determinante sullo sviluppo sociale ed economico della Lombardia e dell\u2019intera Italia.<br \/>\nL\u2019Autore sviluppa il racconto di Milano con l\u2019arrivo dei \u201cnuovi barbari\u201d e i loro sessanta bombardamenti (1943) che rasero al suolo un\u2019area di circa 3 milioni di mq, con 250.000 abitazioni colpite o distrutte.<\/p>\n<p><strong>DATI BIBLIOGRAFICI<\/strong><br \/>\nAutore: Eugenio de Fraja Frangipane<br \/>\nEditore: Ledizioni<br \/>\nPubblicato nel: gennaio 2019<br \/>\nFormato: brossura con alette, 490 p.<br \/>\nISBN: 9788867058860<br \/>\nPrezzo: 35\u20ac<\/p>","protected":false},"excerpt":{"rendered":"<p>L\u2019origine della citt\u00e0 di Milano si perde nella notte dei tempi ed ascende a quei remoti secoli dai quali non<\/p>","protected":false},"featured_media":22268,"comment_status":"open","ping_status":"closed","template":"","meta":{"_acf_changed":false},"product_brand":[],"product_cat":[384],"product_tag":[751,1737,655,1904,539],"class_list":{"0":"post-22267","1":"product","2":"type-product","3":"status-publish","4":"has-post-thumbnail","6":"product_cat-history","7":"product_tag-guide-storiche","8":"product_tag-leggende","9":"product_tag-milano","10":"product_tag-storia-di-milano","11":"product_tag-storia-locale","13":"first","14":"instock","15":"featured","16":"shipping-taxable","17":"purchasable","18":"product-type-simple"},"acf":[],"yoast_head":"<!-- This site is optimized with the Yoast SEO plugin v27.3 - https:\/\/yoast.com\/product\/yoast-seo-wordpress\/ -->\n<title>MILANO DI SECOLO IN SECOLO -<\/title>\n<meta name=\"description\" content=\"Ledizioni - Innovative Publishing. Casa editrice universitaria. Open Access. eBook, ePub. Creative Commons.\" \/>\n<meta name=\"robots\" content=\"index, follow, max-snippet:-1, max-image-preview:large, max-video-preview:-1\" \/>\n<link rel=\"canonical\" href=\"https:\/\/www.ledizioni.it\/en\/product\/milano-di-secolo-in-secolo\/\" \/>\n<meta property=\"og:locale\" content=\"en_GB\" \/>\n<meta property=\"og:type\" content=\"article\" \/>\n<meta property=\"og:title\" content=\"MILANO DI SECOLO IN SECOLO -\" \/>\n<meta property=\"og:description\" content=\"Ledizioni - Innovative Publishing. Casa editrice universitaria. Open Access. eBook, ePub. Creative Commons.\" \/>\n<meta property=\"og:url\" content=\"https:\/\/www.ledizioni.it\/en\/product\/milano-di-secolo-in-secolo\/\" \/>\n<meta property=\"og:site_name\" content=\"Ledizioni\" \/>\n<meta property=\"article:publisher\" content=\"https:\/\/www.facebook.com\/pages\/Ledizioni-LediPublishing\/109120559173329\" \/>\n<meta property=\"article:modified_time\" content=\"2021-05-21T12:57:45+00:00\" \/>\n<meta property=\"og:image\" content=\"https:\/\/www.ledizioni.it\/stag\/wp-content\/uploads\/2019\/02\/DeFraja_3D.jpg\" \/>\n\t<meta property=\"og:image:width\" content=\"400\" \/>\n\t<meta property=\"og:image:height\" content=\"509\" \/>\n\t<meta property=\"og:image:type\" content=\"image\/jpeg\" \/>\n<meta name=\"twitter:card\" content=\"summary_large_image\" \/>\n<meta name=\"twitter:site\" content=\"@ledizioni\" \/>\n<meta name=\"twitter:label1\" content=\"Estimated reading time\" \/>\n\t<meta name=\"twitter:data1\" content=\"2 minutes\" \/>\n<script type=\"application\/ld+json\" class=\"yoast-schema-graph\">{\"@context\":\"https:\\\/\\\/schema.org\",\"@graph\":[{\"@type\":\"WebPage\",\"@id\":\"https:\\\/\\\/www.ledizioni.it\\\/en\\\/product\\\/milano-di-secolo-in-secolo\\\/\",\"url\":\"https:\\\/\\\/www.ledizioni.it\\\/en\\\/product\\\/milano-di-secolo-in-secolo\\\/\",\"name\":\"MILANO DI SECOLO IN SECOLO -\",\"isPartOf\":{\"@id\":\"https:\\\/\\\/www.ledizioni.it\\\/#website\"},\"primaryImageOfPage\":{\"@id\":\"https:\\\/\\\/www.ledizioni.it\\\/en\\\/product\\\/milano-di-secolo-in-secolo\\\/#primaryimage\"},\"image\":{\"@id\":\"https:\\\/\\\/www.ledizioni.it\\\/en\\\/product\\\/milano-di-secolo-in-secolo\\\/#primaryimage\"},\"thumbnailUrl\":\"https:\\\/\\\/www.ledizioni.it\\\/stag\\\/wp-content\\\/uploads\\\/2019\\\/02\\\/DeFraja_3D.jpg\",\"datePublished\":\"2019-02-15T16:55:39+00:00\",\"dateModified\":\"2021-05-21T12:57:45+00:00\",\"description\":\"Ledizioni - Innovative Publishing. Casa editrice universitaria. Open Access. eBook, ePub. Creative Commons.\",\"breadcrumb\":{\"@id\":\"https:\\\/\\\/www.ledizioni.it\\\/en\\\/product\\\/milano-di-secolo-in-secolo\\\/#breadcrumb\"},\"inLanguage\":\"en-GB\",\"potentialAction\":[{\"@type\":\"ReadAction\",\"target\":[\"https:\\\/\\\/www.ledizioni.it\\\/en\\\/product\\\/milano-di-secolo-in-secolo\\\/\"]}]},{\"@type\":\"ImageObject\",\"inLanguage\":\"en-GB\",\"@id\":\"https:\\\/\\\/www.ledizioni.it\\\/en\\\/product\\\/milano-di-secolo-in-secolo\\\/#primaryimage\",\"url\":\"https:\\\/\\\/www.ledizioni.it\\\/stag\\\/wp-content\\\/uploads\\\/2019\\\/02\\\/DeFraja_3D.jpg\",\"contentUrl\":\"https:\\\/\\\/www.ledizioni.it\\\/stag\\\/wp-content\\\/uploads\\\/2019\\\/02\\\/DeFraja_3D.jpg\",\"width\":400,\"height\":509},{\"@type\":\"BreadcrumbList\",\"@id\":\"https:\\\/\\\/www.ledizioni.it\\\/en\\\/product\\\/milano-di-secolo-in-secolo\\\/#breadcrumb\",\"itemListElement\":[{\"@type\":\"ListItem\",\"position\":1,\"name\":\"Shop\",\"item\":\"https:\\\/\\\/www.ledizioni.it\\\/shop-2\\\/\"},{\"@type\":\"ListItem\",\"position\":2,\"name\":\"MILANO DI SECOLO IN SECOLO\"}]},{\"@type\":\"WebSite\",\"@id\":\"https:\\\/\\\/www.ledizioni.it\\\/#website\",\"url\":\"https:\\\/\\\/www.ledizioni.it\\\/\",\"name\":\"Ledizioni\",\"description\":\"The Innovative LediPublishing Company - Casa Editrice Universitaria\",\"publisher\":{\"@id\":\"https:\\\/\\\/www.ledizioni.it\\\/#organization\"},\"potentialAction\":[{\"@type\":\"SearchAction\",\"target\":{\"@type\":\"EntryPoint\",\"urlTemplate\":\"https:\\\/\\\/www.ledizioni.it\\\/?s={search_term_string}\"},\"query-input\":{\"@type\":\"PropertyValueSpecification\",\"valueRequired\":true,\"valueName\":\"search_term_string\"}}],\"inLanguage\":\"en-GB\"},{\"@type\":\"Organization\",\"@id\":\"https:\\\/\\\/www.ledizioni.it\\\/#organization\",\"name\":\"Ledizioni\",\"url\":\"https:\\\/\\\/www.ledizioni.it\\\/\",\"logo\":{\"@type\":\"ImageObject\",\"inLanguage\":\"en-GB\",\"@id\":\"https:\\\/\\\/www.ledizioni.it\\\/#\\\/schema\\\/logo\\\/image\\\/\",\"url\":\"https:\\\/\\\/www.ledizioni.it\\\/stag\\\/wp-content\\\/uploads\\\/2023\\\/10\\\/newlogoledizioni500x110_2-1.jpg\",\"contentUrl\":\"https:\\\/\\\/www.ledizioni.it\\\/stag\\\/wp-content\\\/uploads\\\/2023\\\/10\\\/newlogoledizioni500x110_2-1.jpg\",\"width\":354,\"height\":87,\"caption\":\"Ledizioni\"},\"image\":{\"@id\":\"https:\\\/\\\/www.ledizioni.it\\\/#\\\/schema\\\/logo\\\/image\\\/\"},\"sameAs\":[\"https:\\\/\\\/www.facebook.com\\\/pages\\\/Ledizioni-LediPublishing\\\/109120559173329\",\"https:\\\/\\\/x.com\\\/ledizioni\"]}]}<\/script>\n<!-- \/ Yoast SEO plugin. -->","yoast_head_json":{"title":"MILANO DI SECOLO IN SECOLO -","description":"Ledizioni - Innovative Publishing. Casa editrice universitaria. Open Access. eBook, ePub. Creative Commons.","robots":{"index":"index","follow":"follow","max-snippet":"max-snippet:-1","max-image-preview":"max-image-preview:large","max-video-preview":"max-video-preview:-1"},"canonical":"https:\/\/www.ledizioni.it\/en\/product\/milano-di-secolo-in-secolo\/","og_locale":"en_GB","og_type":"article","og_title":"MILANO DI SECOLO IN SECOLO -","og_description":"Ledizioni - Innovative Publishing. Casa editrice universitaria. Open Access. eBook, ePub. Creative Commons.","og_url":"https:\/\/www.ledizioni.it\/en\/product\/milano-di-secolo-in-secolo\/","og_site_name":"Ledizioni","article_publisher":"https:\/\/www.facebook.com\/pages\/Ledizioni-LediPublishing\/109120559173329","article_modified_time":"2021-05-21T12:57:45+00:00","og_image":[{"width":400,"height":509,"url":"https:\/\/www.ledizioni.it\/stag\/wp-content\/uploads\/2019\/02\/DeFraja_3D.jpg","type":"image\/jpeg"}],"twitter_card":"summary_large_image","twitter_site":"@ledizioni","twitter_misc":{"Estimated reading time":"2 minutes"},"schema":{"@context":"https:\/\/schema.org","@graph":[{"@type":"WebPage","@id":"https:\/\/www.ledizioni.it\/en\/product\/milano-di-secolo-in-secolo\/","url":"https:\/\/www.ledizioni.it\/en\/product\/milano-di-secolo-in-secolo\/","name":"MILANO DI SECOLO IN SECOLO -","isPartOf":{"@id":"https:\/\/www.ledizioni.it\/#website"},"primaryImageOfPage":{"@id":"https:\/\/www.ledizioni.it\/en\/product\/milano-di-secolo-in-secolo\/#primaryimage"},"image":{"@id":"https:\/\/www.ledizioni.it\/en\/product\/milano-di-secolo-in-secolo\/#primaryimage"},"thumbnailUrl":"https:\/\/www.ledizioni.it\/stag\/wp-content\/uploads\/2019\/02\/DeFraja_3D.jpg","datePublished":"2019-02-15T16:55:39+00:00","dateModified":"2021-05-21T12:57:45+00:00","description":"Ledizioni - Innovative Publishing. Casa editrice universitaria. Open Access. eBook, ePub. Creative Commons.","breadcrumb":{"@id":"https:\/\/www.ledizioni.it\/en\/product\/milano-di-secolo-in-secolo\/#breadcrumb"},"inLanguage":"en-GB","potentialAction":[{"@type":"ReadAction","target":["https:\/\/www.ledizioni.it\/en\/product\/milano-di-secolo-in-secolo\/"]}]},{"@type":"ImageObject","inLanguage":"en-GB","@id":"https:\/\/www.ledizioni.it\/en\/product\/milano-di-secolo-in-secolo\/#primaryimage","url":"https:\/\/www.ledizioni.it\/stag\/wp-content\/uploads\/2019\/02\/DeFraja_3D.jpg","contentUrl":"https:\/\/www.ledizioni.it\/stag\/wp-content\/uploads\/2019\/02\/DeFraja_3D.jpg","width":400,"height":509},{"@type":"BreadcrumbList","@id":"https:\/\/www.ledizioni.it\/en\/product\/milano-di-secolo-in-secolo\/#breadcrumb","itemListElement":[{"@type":"ListItem","position":1,"name":"Shop","item":"https:\/\/www.ledizioni.it\/shop-2\/"},{"@type":"ListItem","position":2,"name":"MILANO DI SECOLO IN SECOLO"}]},{"@type":"WebSite","@id":"https:\/\/www.ledizioni.it\/#website","url":"https:\/\/www.ledizioni.it\/","name":"Ledizioni","description":"The Innovative LediPublishing Company - Casa Editrice Universitaria","publisher":{"@id":"https:\/\/www.ledizioni.it\/#organization"},"potentialAction":[{"@type":"SearchAction","target":{"@type":"EntryPoint","urlTemplate":"https:\/\/www.ledizioni.it\/?s={search_term_string}"},"query-input":{"@type":"PropertyValueSpecification","valueRequired":true,"valueName":"search_term_string"}}],"inLanguage":"en-GB"},{"@type":"Organization","@id":"https:\/\/www.ledizioni.it\/#organization","name":"Ledizioni","url":"https:\/\/www.ledizioni.it\/","logo":{"@type":"ImageObject","inLanguage":"en-GB","@id":"https:\/\/www.ledizioni.it\/#\/schema\/logo\/image\/","url":"https:\/\/www.ledizioni.it\/stag\/wp-content\/uploads\/2023\/10\/newlogoledizioni500x110_2-1.jpg","contentUrl":"https:\/\/www.ledizioni.it\/stag\/wp-content\/uploads\/2023\/10\/newlogoledizioni500x110_2-1.jpg","width":354,"height":87,"caption":"Ledizioni"},"image":{"@id":"https:\/\/www.ledizioni.it\/#\/schema\/logo\/image\/"},"sameAs":["https:\/\/www.facebook.com\/pages\/Ledizioni-LediPublishing\/109120559173329","https:\/\/x.com\/ledizioni"]}]}},"jetpack_sharing_enabled":true,"_links":{"self":[{"href":"https:\/\/www.ledizioni.it\/en\/wp-json\/wp\/v2\/product\/22267","targetHints":{"allow":["GET"]}}],"collection":[{"href":"https:\/\/www.ledizioni.it\/en\/wp-json\/wp\/v2\/product"}],"about":[{"href":"https:\/\/www.ledizioni.it\/en\/wp-json\/wp\/v2\/types\/product"}],"replies":[{"embeddable":true,"href":"https:\/\/www.ledizioni.it\/en\/wp-json\/wp\/v2\/comments?post=22267"}],"version-history":[{"count":0,"href":"https:\/\/www.ledizioni.it\/en\/wp-json\/wp\/v2\/product\/22267\/revisions"}],"wp:featuredmedia":[{"embeddable":true,"href":"https:\/\/www.ledizioni.it\/en\/wp-json\/wp\/v2\/media\/22268"}],"wp:attachment":[{"href":"https:\/\/www.ledizioni.it\/en\/wp-json\/wp\/v2\/media?parent=22267"}],"wp:term":[{"taxonomy":"product_brand","embeddable":true,"href":"https:\/\/www.ledizioni.it\/en\/wp-json\/wp\/v2\/product_brand?post=22267"},{"taxonomy":"product_cat","embeddable":true,"href":"https:\/\/www.ledizioni.it\/en\/wp-json\/wp\/v2\/product_cat?post=22267"},{"taxonomy":"product_tag","embeddable":true,"href":"https:\/\/www.ledizioni.it\/en\/wp-json\/wp\/v2\/product_tag?post=22267"}],"curies":[{"name":"wp","href":"https:\/\/api.w.org\/{rel}","templated":true}]}}