{"id":22279,"date":"2019-02-18T11:44:43","date_gmt":"2019-02-18T11:44:43","guid":{"rendered":"https:\/\/www.ledizioni.it\/?post_type=product&#038;p=22279"},"modified":"2019-02-18T11:49:36","modified_gmt":"2019-02-18T11:49:36","slug":"quaderni-di-prassi-ecdotiche-della-modernita-letteraria-3-2018","status":"publish","type":"product","link":"https:\/\/www.ledizioni.it\/en\/product\/quaderni-di-prassi-ecdotiche-della-modernita-letteraria-3-2018\/","title":{"rendered":"Quaderni di Prassi Ecdotiche della Modernit\u00e0 Letteraria, 3-2018"},"content":{"rendered":"<p><strong>INDICE<\/strong><\/p>\n<p style=\"text-align: justify;\"><strong><em>Atti del Convegno \u00abManzoni e altri grandi postillatori tra Sette e Ottocento\u00bb<\/em><\/strong><\/p>\n<ul style=\"text-align: justify;\">\n<li>Donatella Martinelli,<em> Presentazione<\/em><\/li>\n<li>Gillian Pink, <em>Voltaire marginalista: una classificazione tipologica delle sue tracce di lettura<\/em><\/li>\n<li>Christian Del Vento, <em>Come leggeva e postillava Alfieri: le postille \u00abdi soglia\u00bb tra \u2018estrazione\u2019 e \u2018marginalizzazione\u2019<\/em><\/li>\n<li>Monica Zanardo, <em>Alfieri e i testi di lingua<\/em><\/li>\n<li>Claudia Bonsi, <em>\u00abLa miglior lezione \u00e8 sempre quella del buon giudizio\u00bb: Monti postillatore dell\u2019<\/em>Eneide<em> del Caro<\/em><\/li>\n<li>Arnaldo Bruni, Ilaria Mangiavacchi, Alessandro Pecoraro, <em>Le postille foscoliane della<\/em> Chioma di Berenice <em>nell\u2019edizione Gambarin<\/em><\/li>\n<li>Chiara Piola Caselli, <em>Note sul postillato del<\/em> Discorso sul testo della Commedia di Dante <em>di Foscolo e commento di una postilla \u2018quacchera\u2019<\/em><\/li>\n<li>Franco D\u2019Intino, <em>La \u00abpurit\u00e0\u00bb della pagina a stampa. Leopardi postillatore a distanza<\/em><\/li>\n<li>Sabina Ghirardi, <em>Le postille manzoniane al<\/em> Dictionnaire des proverbes fran\u00e7ais <em>di Pierre de la M\u00e9sang\u00e8re<\/em><\/li>\n<li>Donatella Martinelli, <em>Dalle orecchie di lettura ai collettori: nel cantiere manzoniano delle postille di lingua<\/em><\/li>\n<\/ul>\n<p style=\"text-align: justify;\"><strong><em>Saggi e accertamenti testuali<\/em><\/strong><\/p>\n<ul style=\"text-align: justify;\">\n<li>Barbara Tanzi Imbri, <em>Per l\u2019edizione dei<\/em> Sermoni <em>di Giuseppe Zanoja<\/em><br \/>\nAlberto Cadioli, <em>\u00abArchitetture di carta\u00bb. La \u201cforma dell\u2019edizione\u201d in alcuni libri di Giacomo Leopardi<\/em><\/li>\n<li>Elena Pierazzo, <em>Il testo \u00e8 morto: lunga vita ai testi. Pluralismo testuale e edizioni digitali<\/em><\/li>\n<li>Stefania Baragetti, <em>Le rime di Giuseppe Parini: problemi testuali<\/em><\/li>\n<\/ul>\n<p style=\"text-align: justify;\"><strong><em>Convegni e incontri aperti<\/em><\/strong><\/p>\n<ul style=\"text-align: justify;\">\n<li>Claudia Bonsi, <em>Liste lessicali e nascita di un lessicografo: il caso di Vincenzo Monti<\/em><\/li>\n<li>Filippo Fonio, <em>De quelques avant-textes et \u00e9pitextes in\u00e9dits du<\/em> Martyre de saint S\u00e9bastien<em> de Gabriele D\u2019Annunzio: une gen\u00e8se \u2018polycentrique\u2019 \u00e0 l\u2019oeuvre<\/em><\/li>\n<li>Lucia Bachelet, <em>Per una nuova edizione critica dei trattati politici alfieriani<\/em><\/li>\n<\/ul>\n<p style=\"text-align: justify;\"><strong><em>Osservatorio sulle edizioni critiche<\/em><\/strong><\/p>\n<ul>\n<li style=\"text-align: justify;\">Alberto Cadioli, Paolo Chiesa, William Spaggiari, Stefano Martinelli Tempesta, Roberto Tagliani, <em>Osservatorio sulle edizioni critiche<\/em><\/li>\n<\/ul>\n<p>&nbsp;<\/p>\n<p><strong>DATI BIBLIOGRAFICI<\/strong><\/p>\n<p>Editore: Ledizioni<br \/>\nPubblicato nel: gennaio 2019<br \/>\nCollana: <a href=\"http:\/\/www.ledizioni.it\/en\/collane\/letteratura\/prassi-ecdotiche-della-modernita-letteraria\/\">Prassi Ecdotiche della Modernit\u00e0 Letteraria<\/a><br \/>\nFormato: brossura, 450 p.<br \/>\nISBN cartaceo: 9788867058815<br \/>\nPrezzo cartaceo: 35\u20ac<\/p>","protected":false},"excerpt":{"rendered":"<p>INDICE Atti del Convegno \u00abManzoni e altri grandi postillatori tra Sette e Ottocento\u00bb Donatella Martinelli, Presentazione Gillian Pink, Voltaire marginalista:<\/p>","protected":false},"featured_media":22280,"comment_status":"closed","ping_status":"closed","template":"","meta":{"_acf_changed":false},"product_brand":[],"product_cat":[1388],"product_tag":[1092,1390],"class_list":{"0":"post-22279","1":"product","2":"type-product","3":"status-publish","4":"has-post-thumbnail","6":"product_cat-prassi-ecdotiche-della-modernita-letteraria","7":"product_tag-critica-letteraria","8":"product_tag-modernita","10":"first","11":"instock","12":"featured","13":"shipping-taxable","14":"purchasable","15":"product-type-simple"},"acf":[],"yoast_head":"<!-- This site is optimized with the Yoast SEO plugin v27.4 - https:\/\/yoast.com\/product\/yoast-seo-wordpress\/ -->\n<title>Quaderni di Prassi Ecdotiche della Modernit\u00e0 Letteraria, 3-2018 -<\/title>\n<meta name=\"description\" content=\"Ledizioni - Innovative Publishing. Casa editrice universitaria. Open Access. eBook, ePub. Creative Commons.\" \/>\n<meta name=\"robots\" content=\"index, follow, max-snippet:-1, max-image-preview:large, max-video-preview:-1\" \/>\n<link rel=\"canonical\" href=\"https:\/\/www.ledizioni.it\/en\/product\/quaderni-di-prassi-ecdotiche-della-modernita-letteraria-3-2018\/\" \/>\n<meta property=\"og:locale\" content=\"en_GB\" \/>\n<meta property=\"og:type\" content=\"article\" \/>\n<meta property=\"og:title\" content=\"Quaderni di Prassi Ecdotiche della Modernit\u00e0 Letteraria, 3-2018 -\" \/>\n<meta property=\"og:description\" content=\"Ledizioni - Innovative Publishing. Casa editrice universitaria. Open Access. eBook, ePub. Creative Commons.\" \/>\n<meta property=\"og:url\" content=\"https:\/\/www.ledizioni.it\/en\/product\/quaderni-di-prassi-ecdotiche-della-modernita-letteraria-3-2018\/\" \/>\n<meta property=\"og:site_name\" content=\"Ledizioni\" \/>\n<meta property=\"article:publisher\" content=\"https:\/\/www.facebook.com\/pages\/Ledizioni-LediPublishing\/109120559173329\" \/>\n<meta property=\"article:modified_time\" content=\"2019-02-18T11:49:36+00:00\" \/>\n<meta property=\"og:image\" content=\"https:\/\/www.ledizioni.it\/stag\/wp-content\/uploads\/2019\/02\/Cover_PEML3_3D.jpg\" \/>\n\t<meta property=\"og:image:width\" content=\"400\" \/>\n\t<meta property=\"og:image:height\" content=\"498\" \/>\n\t<meta property=\"og:image:type\" content=\"image\/jpeg\" \/>\n<meta name=\"twitter:card\" content=\"summary_large_image\" \/>\n<meta name=\"twitter:site\" content=\"@ledizioni\" \/>\n<meta name=\"twitter:label1\" content=\"Estimated reading time\" \/>\n\t<meta name=\"twitter:data1\" content=\"1 minute\" \/>\n<script type=\"application\/ld+json\" class=\"yoast-schema-graph\">{\"@context\":\"https:\\\/\\\/schema.org\",\"@graph\":[{\"@type\":\"WebPage\",\"@id\":\"https:\\\/\\\/www.ledizioni.it\\\/prodotto\\\/quaderni-di-prassi-ecdotiche-della-modernita-letteraria-3-2018\\\/\",\"url\":\"https:\\\/\\\/www.ledizioni.it\\\/prodotto\\\/quaderni-di-prassi-ecdotiche-della-modernita-letteraria-3-2018\\\/\",\"name\":\"Quaderni di Prassi Ecdotiche della Modernit\u00e0 Letteraria, 3-2018 -\",\"isPartOf\":{\"@id\":\"https:\\\/\\\/www.ledizioni.it\\\/#website\"},\"primaryImageOfPage\":{\"@id\":\"https:\\\/\\\/www.ledizioni.it\\\/prodotto\\\/quaderni-di-prassi-ecdotiche-della-modernita-letteraria-3-2018\\\/#primaryimage\"},\"image\":{\"@id\":\"https:\\\/\\\/www.ledizioni.it\\\/prodotto\\\/quaderni-di-prassi-ecdotiche-della-modernita-letteraria-3-2018\\\/#primaryimage\"},\"thumbnailUrl\":\"https:\\\/\\\/www.ledizioni.it\\\/stag\\\/wp-content\\\/uploads\\\/2019\\\/02\\\/Cover_PEML3_3D.jpg\",\"datePublished\":\"2019-02-18T11:44:43+00:00\",\"dateModified\":\"2019-02-18T11:49:36+00:00\",\"description\":\"Ledizioni - Innovative Publishing. Casa editrice universitaria. Open Access. eBook, ePub. Creative Commons.\",\"breadcrumb\":{\"@id\":\"https:\\\/\\\/www.ledizioni.it\\\/prodotto\\\/quaderni-di-prassi-ecdotiche-della-modernita-letteraria-3-2018\\\/#breadcrumb\"},\"inLanguage\":\"en-GB\",\"potentialAction\":[{\"@type\":\"ReadAction\",\"target\":[\"https:\\\/\\\/www.ledizioni.it\\\/prodotto\\\/quaderni-di-prassi-ecdotiche-della-modernita-letteraria-3-2018\\\/\"]}]},{\"@type\":\"ImageObject\",\"inLanguage\":\"en-GB\",\"@id\":\"https:\\\/\\\/www.ledizioni.it\\\/prodotto\\\/quaderni-di-prassi-ecdotiche-della-modernita-letteraria-3-2018\\\/#primaryimage\",\"url\":\"https:\\\/\\\/www.ledizioni.it\\\/stag\\\/wp-content\\\/uploads\\\/2019\\\/02\\\/Cover_PEML3_3D.jpg\",\"contentUrl\":\"https:\\\/\\\/www.ledizioni.it\\\/stag\\\/wp-content\\\/uploads\\\/2019\\\/02\\\/Cover_PEML3_3D.jpg\",\"width\":400,\"height\":498},{\"@type\":\"BreadcrumbList\",\"@id\":\"https:\\\/\\\/www.ledizioni.it\\\/prodotto\\\/quaderni-di-prassi-ecdotiche-della-modernita-letteraria-3-2018\\\/#breadcrumb\",\"itemListElement\":[{\"@type\":\"ListItem\",\"position\":1,\"name\":\"Shop\",\"item\":\"https:\\\/\\\/www.ledizioni.it\\\/shop-2\\\/\"},{\"@type\":\"ListItem\",\"position\":2,\"name\":\"Quaderni di Prassi Ecdotiche della Modernit\u00e0 Letteraria, 3-2018\"}]},{\"@type\":\"WebSite\",\"@id\":\"https:\\\/\\\/www.ledizioni.it\\\/#website\",\"url\":\"https:\\\/\\\/www.ledizioni.it\\\/\",\"name\":\"Ledizioni\",\"description\":\"The Innovative LediPublishing Company - Casa Editrice Universitaria\",\"publisher\":{\"@id\":\"https:\\\/\\\/www.ledizioni.it\\\/#organization\"},\"potentialAction\":[{\"@type\":\"SearchAction\",\"target\":{\"@type\":\"EntryPoint\",\"urlTemplate\":\"https:\\\/\\\/www.ledizioni.it\\\/?s={search_term_string}\"},\"query-input\":{\"@type\":\"PropertyValueSpecification\",\"valueRequired\":true,\"valueName\":\"search_term_string\"}}],\"inLanguage\":\"en-GB\"},{\"@type\":\"Organization\",\"@id\":\"https:\\\/\\\/www.ledizioni.it\\\/#organization\",\"name\":\"Ledizioni\",\"url\":\"https:\\\/\\\/www.ledizioni.it\\\/\",\"logo\":{\"@type\":\"ImageObject\",\"inLanguage\":\"en-GB\",\"@id\":\"https:\\\/\\\/www.ledizioni.it\\\/#\\\/schema\\\/logo\\\/image\\\/\",\"url\":\"https:\\\/\\\/www.ledizioni.it\\\/stag\\\/wp-content\\\/uploads\\\/2023\\\/10\\\/newlogoledizioni500x110_2-1.jpg\",\"contentUrl\":\"https:\\\/\\\/www.ledizioni.it\\\/stag\\\/wp-content\\\/uploads\\\/2023\\\/10\\\/newlogoledizioni500x110_2-1.jpg\",\"width\":354,\"height\":87,\"caption\":\"Ledizioni\"},\"image\":{\"@id\":\"https:\\\/\\\/www.ledizioni.it\\\/#\\\/schema\\\/logo\\\/image\\\/\"},\"sameAs\":[\"https:\\\/\\\/www.facebook.com\\\/pages\\\/Ledizioni-LediPublishing\\\/109120559173329\",\"https:\\\/\\\/x.com\\\/ledizioni\"]}]}<\/script>\n<!-- \/ Yoast SEO plugin. -->","yoast_head_json":{"title":"Quaderni di Prassi Ecdotiche della Modernit\u00e0 Letteraria, 3-2018 -","description":"Ledizioni - Innovative Publishing. Casa editrice universitaria. Open Access. eBook, ePub. Creative Commons.","robots":{"index":"index","follow":"follow","max-snippet":"max-snippet:-1","max-image-preview":"max-image-preview:large","max-video-preview":"max-video-preview:-1"},"canonical":"https:\/\/www.ledizioni.it\/en\/product\/quaderni-di-prassi-ecdotiche-della-modernita-letteraria-3-2018\/","og_locale":"en_GB","og_type":"article","og_title":"Quaderni di Prassi Ecdotiche della Modernit\u00e0 Letteraria, 3-2018 -","og_description":"Ledizioni - Innovative Publishing. Casa editrice universitaria. Open Access. eBook, ePub. Creative Commons.","og_url":"https:\/\/www.ledizioni.it\/en\/product\/quaderni-di-prassi-ecdotiche-della-modernita-letteraria-3-2018\/","og_site_name":"Ledizioni","article_publisher":"https:\/\/www.facebook.com\/pages\/Ledizioni-LediPublishing\/109120559173329","article_modified_time":"2019-02-18T11:49:36+00:00","og_image":[{"width":400,"height":498,"url":"https:\/\/www.ledizioni.it\/stag\/wp-content\/uploads\/2019\/02\/Cover_PEML3_3D.jpg","type":"image\/jpeg"}],"twitter_card":"summary_large_image","twitter_site":"@ledizioni","twitter_misc":{"Estimated reading time":"1 minute"},"schema":{"@context":"https:\/\/schema.org","@graph":[{"@type":"WebPage","@id":"https:\/\/www.ledizioni.it\/prodotto\/quaderni-di-prassi-ecdotiche-della-modernita-letteraria-3-2018\/","url":"https:\/\/www.ledizioni.it\/prodotto\/quaderni-di-prassi-ecdotiche-della-modernita-letteraria-3-2018\/","name":"Quaderni di Prassi Ecdotiche della Modernit\u00e0 Letteraria, 3-2018 -","isPartOf":{"@id":"https:\/\/www.ledizioni.it\/#website"},"primaryImageOfPage":{"@id":"https:\/\/www.ledizioni.it\/prodotto\/quaderni-di-prassi-ecdotiche-della-modernita-letteraria-3-2018\/#primaryimage"},"image":{"@id":"https:\/\/www.ledizioni.it\/prodotto\/quaderni-di-prassi-ecdotiche-della-modernita-letteraria-3-2018\/#primaryimage"},"thumbnailUrl":"https:\/\/www.ledizioni.it\/stag\/wp-content\/uploads\/2019\/02\/Cover_PEML3_3D.jpg","datePublished":"2019-02-18T11:44:43+00:00","dateModified":"2019-02-18T11:49:36+00:00","description":"Ledizioni - Innovative Publishing. Casa editrice universitaria. Open Access. eBook, ePub. Creative Commons.","breadcrumb":{"@id":"https:\/\/www.ledizioni.it\/prodotto\/quaderni-di-prassi-ecdotiche-della-modernita-letteraria-3-2018\/#breadcrumb"},"inLanguage":"en-GB","potentialAction":[{"@type":"ReadAction","target":["https:\/\/www.ledizioni.it\/prodotto\/quaderni-di-prassi-ecdotiche-della-modernita-letteraria-3-2018\/"]}]},{"@type":"ImageObject","inLanguage":"en-GB","@id":"https:\/\/www.ledizioni.it\/prodotto\/quaderni-di-prassi-ecdotiche-della-modernita-letteraria-3-2018\/#primaryimage","url":"https:\/\/www.ledizioni.it\/stag\/wp-content\/uploads\/2019\/02\/Cover_PEML3_3D.jpg","contentUrl":"https:\/\/www.ledizioni.it\/stag\/wp-content\/uploads\/2019\/02\/Cover_PEML3_3D.jpg","width":400,"height":498},{"@type":"BreadcrumbList","@id":"https:\/\/www.ledizioni.it\/prodotto\/quaderni-di-prassi-ecdotiche-della-modernita-letteraria-3-2018\/#breadcrumb","itemListElement":[{"@type":"ListItem","position":1,"name":"Shop","item":"https:\/\/www.ledizioni.it\/shop-2\/"},{"@type":"ListItem","position":2,"name":"Quaderni di Prassi Ecdotiche della Modernit\u00e0 Letteraria, 3-2018"}]},{"@type":"WebSite","@id":"https:\/\/www.ledizioni.it\/#website","url":"https:\/\/www.ledizioni.it\/","name":"Ledizioni","description":"The Innovative LediPublishing Company - Casa Editrice Universitaria","publisher":{"@id":"https:\/\/www.ledizioni.it\/#organization"},"potentialAction":[{"@type":"SearchAction","target":{"@type":"EntryPoint","urlTemplate":"https:\/\/www.ledizioni.it\/?s={search_term_string}"},"query-input":{"@type":"PropertyValueSpecification","valueRequired":true,"valueName":"search_term_string"}}],"inLanguage":"en-GB"},{"@type":"Organization","@id":"https:\/\/www.ledizioni.it\/#organization","name":"Ledizioni","url":"https:\/\/www.ledizioni.it\/","logo":{"@type":"ImageObject","inLanguage":"en-GB","@id":"https:\/\/www.ledizioni.it\/#\/schema\/logo\/image\/","url":"https:\/\/www.ledizioni.it\/stag\/wp-content\/uploads\/2023\/10\/newlogoledizioni500x110_2-1.jpg","contentUrl":"https:\/\/www.ledizioni.it\/stag\/wp-content\/uploads\/2023\/10\/newlogoledizioni500x110_2-1.jpg","width":354,"height":87,"caption":"Ledizioni"},"image":{"@id":"https:\/\/www.ledizioni.it\/#\/schema\/logo\/image\/"},"sameAs":["https:\/\/www.facebook.com\/pages\/Ledizioni-LediPublishing\/109120559173329","https:\/\/x.com\/ledizioni"]}]}},"jetpack_sharing_enabled":true,"_links":{"self":[{"href":"https:\/\/www.ledizioni.it\/en\/wp-json\/wp\/v2\/product\/22279","targetHints":{"allow":["GET"]}}],"collection":[{"href":"https:\/\/www.ledizioni.it\/en\/wp-json\/wp\/v2\/product"}],"about":[{"href":"https:\/\/www.ledizioni.it\/en\/wp-json\/wp\/v2\/types\/product"}],"replies":[{"embeddable":true,"href":"https:\/\/www.ledizioni.it\/en\/wp-json\/wp\/v2\/comments?post=22279"}],"version-history":[{"count":0,"href":"https:\/\/www.ledizioni.it\/en\/wp-json\/wp\/v2\/product\/22279\/revisions"}],"wp:featuredmedia":[{"embeddable":true,"href":"https:\/\/www.ledizioni.it\/en\/wp-json\/wp\/v2\/media\/22280"}],"wp:attachment":[{"href":"https:\/\/www.ledizioni.it\/en\/wp-json\/wp\/v2\/media?parent=22279"}],"wp:term":[{"taxonomy":"product_brand","embeddable":true,"href":"https:\/\/www.ledizioni.it\/en\/wp-json\/wp\/v2\/product_brand?post=22279"},{"taxonomy":"product_cat","embeddable":true,"href":"https:\/\/www.ledizioni.it\/en\/wp-json\/wp\/v2\/product_cat?post=22279"},{"taxonomy":"product_tag","embeddable":true,"href":"https:\/\/www.ledizioni.it\/en\/wp-json\/wp\/v2\/product_tag?post=22279"}],"curies":[{"name":"wp","href":"https:\/\/api.w.org\/{rel}","templated":true}]}}