{"id":22438,"date":"2018-12-30T11:37:56","date_gmt":"2018-12-30T11:37:56","guid":{"rendered":"https:\/\/www.ledizioni.it\/?post_type=product&#038;p=22438"},"modified":"2021-05-20T16:53:07","modified_gmt":"2021-05-20T14:53:07","slug":"donne-ristrette","status":"publish","type":"product","link":"https:\/\/www.ledizioni.it\/en\/product\/donne-ristrette\/","title":{"rendered":"DONNE RISTRETTE"},"content":{"rendered":"<p><a href=\"https:\/\/www.ledizioni.it\/en\/convegno-donne-ristrette\/\"><strong>Convegno del 28 maggio<\/strong><\/a><\/p>\n<p style=\"text-align: justify;\">Il volume nasce dalla volont\u00e0 di unire competenze e sensibilit\u00e0 diverse per posare lo sguardo sull\u2019universo femminile \u201cristretto\u201d, multiforme e nello stesso tempo dotato di una forte identit\u00e0 comune. L\u2019attenzione si sofferma su fattispecie restrittive che rispondono a ragioni diverse, si consumano secondo modalit\u00e0 e tempi propri ed entro luoghi di esecuzione specificamente dedicati. Nessuna di esse, per\u00f2, pu\u00f2 legittimamente abdicare al corredo garantistico attraverso il quale l\u2019art. 13 della nostra Costituzione d\u00e0 sostanza all\u2019inviolabilit\u00e0 della libert\u00e0 personale. Tutte, invece, debbono rispettare il principio di eguaglianza, che non tollera il dissolversi forzato delle diversit\u00e0 sotto un trattamento ciecamente comune: la considerazione delle differenze di genere \u00e8 una condizione essenziale della parit\u00e0 di genere. Nel volume s\u2019incrociano modi diversi d\u2019intendere tale differenza e di accostarsi ad essa nella valutazione dei presupposti e nella disciplina dei modi della restrizione della libert\u00e0 personale nei confronti dell\u2019universo femminile. Alcuni contributi retrospettivi s\u2019incaricano di consentire uno sguardo sulle costanti e sulle variabili che hanno fino ad oggi segnato il cammino delle donne ristrette nel contesto italiano.<br \/>\nSono oggetto di attenzione specifica la restrizione femminile all\u2019interno degli istituti penitenziari e le alternative al carcere, soprattutto legate alla maternit\u00e0; l\u2019internamento negli ospedali psichiatrici giudiziari e la transizione alle residenze per l\u2019esecuzione delle misure di sicurezza; il trattenimento nei centri di permanenza per i rimpatri (ex C.I.E.). Tutte le realt\u00e0 considerate descrivono comunit\u00e0 numericamente esigue. Rispetto agli uomini sono poche le donne detenute, internate, trattenute. E tuttavia esse sono portatrici di esigenze specifiche, che attendono risposte adeguate. I \u201cpiccoli\u201d numeri della popolazione femminile a vario titolo ristretta favoriscono forme di concentrazione delle donne entro un numero limitato di strutture appositamente dedicate.<br \/>\nNe scaturiscono conseguenze di segno diverso, come testimoniano i contributi presenti nel volume. Possono risultare agevolate la considerazione delle specificit\u00e0 legate al genere e la ricerca di modelli d\u2019intervento adeguati oppure possono consolidarsi forme di ghettizzazione ed emarginazione. Al fine di ricostruire lo stato dell\u2019arte e rilevare punti di forza e criticit\u00e0 attraverso un costante raffronto tra norma e realt\u00e0, il volume mira ad integrare dialetticamente contributi che adottano punti di partenza differenti e complementari. L\u2019obiettivo \u00e8 lo sviluppo di un\u2019indagine critica sull\u2019assetto che l\u2019intrecciarsi di una molteplicit\u00e0 di fattori conferisce infine ai bisogni individuali ed alle esigenze collettive che si confrontano quando la necessit\u00e0 di proteggere l\u2019infanzia si traduce nell\u2019esigenza di sottrarre al carcere donne in conflitto con la giustizia penale, il bisogno di cura s\u2019affianca alle istanze di difesa sociale nella coesistenza fra reato e disturbo mentale, l\u2019immigrazione diventa terreno di scontro fra aspirazioni securitarie e tutela dei diritti e delle libert\u00e0 fondamentali della persona.<\/p>\n<p><strong>DATI BIBLIOGRAFICI<\/strong><br \/>\nAutore: Giulia Mantovani<br \/>\nCollana: <a href=\"https:\/\/www.ledizioni.it\/en\/product-category\/diritto-2\/memorie-del-dipartimento-di-giurisprudenza\/\">Memoirs of the Law Department \u2013 University of Turin<\/a><br \/>\nPubblicato in: dicembre 2018<br \/>\nFormato: brossura, 556 p. &#8211; PDF in Open Access<br \/>\nISBN: 9788867058600<br \/>\nPrezzo: 28\u20ac<\/p>\n<p><a href=\"https:\/\/www.torrossa.com\/it\/resources\/an\/4451417\"><img decoding=\"async\" class=\"aligncenter wp-image-23912\" src=\"https:\/\/www.ledizioni.it\/stag\/wp-content\/uploads\/2019\/07\/torrossa_web-150x80.jpg\" alt=\"\" width=\"200\" height=\"60\" \/><\/a><\/p>","protected":false},"excerpt":{"rendered":"<p>Convegno del 28 maggio Il volume nasce dalla volont\u00e0 di unire competenze e sensibilit\u00e0 diverse per posare lo sguardo sull\u2019universo<\/p>","protected":false},"featured_media":22441,"comment_status":"open","ping_status":"closed","template":"","meta":{"_acf_changed":false},"product_brand":[],"product_cat":[1490],"product_tag":[1141,758,554,764,1867,781],"class_list":{"0":"post-22438","1":"product","2":"type-product","3":"status-publish","4":"has-post-thumbnail","6":"product_cat-memorie-del-dipartimento-di-giurisprudenza","7":"product_tag-carcere","8":"product_tag-diritti-umani","9":"product_tag-donne","10":"product_tag-open-access-2","11":"product_tag-privacy","12":"product_tag-studi-di-genere","13":"pa_formato-cartaceo","14":"pa_formato-ebook-in-pdf","16":"first","17":"instock","18":"featured","19":"shipping-taxable","20":"purchasable","21":"product-type-variable"},"acf":[],"yoast_head":"<!-- This site is optimized with the Yoast SEO plugin v27.4 - https:\/\/yoast.com\/product\/yoast-seo-wordpress\/ -->\n<title>DONNE RISTRETTE -<\/title>\n<meta name=\"description\" content=\"Ledizioni - Innovative Publishing. Casa editrice universitaria. Open Access. eBook, ePub. Creative Commons.\" \/>\n<meta name=\"robots\" content=\"index, follow, max-snippet:-1, max-image-preview:large, max-video-preview:-1\" \/>\n<link rel=\"canonical\" href=\"https:\/\/www.ledizioni.it\/en\/product\/donne-ristrette\/\" \/>\n<meta property=\"og:locale\" content=\"en_GB\" \/>\n<meta property=\"og:type\" content=\"article\" \/>\n<meta property=\"og:title\" content=\"DONNE RISTRETTE -\" \/>\n<meta property=\"og:description\" content=\"Ledizioni - Innovative Publishing. Casa editrice universitaria. Open Access. eBook, ePub. Creative Commons.\" \/>\n<meta property=\"og:url\" content=\"https:\/\/www.ledizioni.it\/en\/product\/donne-ristrette\/\" \/>\n<meta property=\"og:site_name\" content=\"Ledizioni\" \/>\n<meta property=\"article:publisher\" content=\"https:\/\/www.facebook.com\/pages\/Ledizioni-LediPublishing\/109120559173329\" \/>\n<meta property=\"article:modified_time\" content=\"2021-05-20T14:53:07+00:00\" \/>\n<meta property=\"og:image\" content=\"https:\/\/www.ledizioni.it\/stag\/wp-content\/uploads\/2019\/03\/Ristrette_3D.jpg\" \/>\n\t<meta property=\"og:image:width\" content=\"400\" \/>\n\t<meta property=\"og:image:height\" content=\"509\" \/>\n\t<meta property=\"og:image:type\" content=\"image\/jpeg\" \/>\n<meta name=\"twitter:card\" content=\"summary_large_image\" \/>\n<meta name=\"twitter:site\" content=\"@ledizioni\" \/>\n<meta name=\"twitter:label1\" content=\"Estimated reading time\" \/>\n\t<meta name=\"twitter:data1\" content=\"2 minutes\" \/>\n<script type=\"application\/ld+json\" class=\"yoast-schema-graph\">{\"@context\":\"https:\\\/\\\/schema.org\",\"@graph\":[{\"@type\":\"WebPage\",\"@id\":\"https:\\\/\\\/www.ledizioni.it\\\/en\\\/product\\\/donne-ristrette\\\/\",\"url\":\"https:\\\/\\\/www.ledizioni.it\\\/en\\\/product\\\/donne-ristrette\\\/\",\"name\":\"DONNE RISTRETTE -\",\"isPartOf\":{\"@id\":\"https:\\\/\\\/www.ledizioni.it\\\/#website\"},\"primaryImageOfPage\":{\"@id\":\"https:\\\/\\\/www.ledizioni.it\\\/en\\\/product\\\/donne-ristrette\\\/#primaryimage\"},\"image\":{\"@id\":\"https:\\\/\\\/www.ledizioni.it\\\/en\\\/product\\\/donne-ristrette\\\/#primaryimage\"},\"thumbnailUrl\":\"https:\\\/\\\/www.ledizioni.it\\\/stag\\\/wp-content\\\/uploads\\\/2019\\\/03\\\/Ristrette_3D.jpg\",\"datePublished\":\"2018-12-30T11:37:56+00:00\",\"dateModified\":\"2021-05-20T14:53:07+00:00\",\"description\":\"Ledizioni - Innovative Publishing. Casa editrice universitaria. Open Access. eBook, ePub. Creative Commons.\",\"breadcrumb\":{\"@id\":\"https:\\\/\\\/www.ledizioni.it\\\/en\\\/product\\\/donne-ristrette\\\/#breadcrumb\"},\"inLanguage\":\"en-GB\",\"potentialAction\":[{\"@type\":\"ReadAction\",\"target\":[\"https:\\\/\\\/www.ledizioni.it\\\/en\\\/product\\\/donne-ristrette\\\/\"]}]},{\"@type\":\"ImageObject\",\"inLanguage\":\"en-GB\",\"@id\":\"https:\\\/\\\/www.ledizioni.it\\\/en\\\/product\\\/donne-ristrette\\\/#primaryimage\",\"url\":\"https:\\\/\\\/www.ledizioni.it\\\/stag\\\/wp-content\\\/uploads\\\/2019\\\/03\\\/Ristrette_3D.jpg\",\"contentUrl\":\"https:\\\/\\\/www.ledizioni.it\\\/stag\\\/wp-content\\\/uploads\\\/2019\\\/03\\\/Ristrette_3D.jpg\",\"width\":400,\"height\":509},{\"@type\":\"BreadcrumbList\",\"@id\":\"https:\\\/\\\/www.ledizioni.it\\\/en\\\/product\\\/donne-ristrette\\\/#breadcrumb\",\"itemListElement\":[{\"@type\":\"ListItem\",\"position\":1,\"name\":\"Shop\",\"item\":\"https:\\\/\\\/www.ledizioni.it\\\/shop-2\\\/\"},{\"@type\":\"ListItem\",\"position\":2,\"name\":\"DONNE RISTRETTE\"}]},{\"@type\":\"WebSite\",\"@id\":\"https:\\\/\\\/www.ledizioni.it\\\/#website\",\"url\":\"https:\\\/\\\/www.ledizioni.it\\\/\",\"name\":\"Ledizioni\",\"description\":\"The Innovative LediPublishing Company - Casa Editrice Universitaria\",\"publisher\":{\"@id\":\"https:\\\/\\\/www.ledizioni.it\\\/#organization\"},\"potentialAction\":[{\"@type\":\"SearchAction\",\"target\":{\"@type\":\"EntryPoint\",\"urlTemplate\":\"https:\\\/\\\/www.ledizioni.it\\\/?s={search_term_string}\"},\"query-input\":{\"@type\":\"PropertyValueSpecification\",\"valueRequired\":true,\"valueName\":\"search_term_string\"}}],\"inLanguage\":\"en-GB\"},{\"@type\":\"Organization\",\"@id\":\"https:\\\/\\\/www.ledizioni.it\\\/#organization\",\"name\":\"Ledizioni\",\"url\":\"https:\\\/\\\/www.ledizioni.it\\\/\",\"logo\":{\"@type\":\"ImageObject\",\"inLanguage\":\"en-GB\",\"@id\":\"https:\\\/\\\/www.ledizioni.it\\\/#\\\/schema\\\/logo\\\/image\\\/\",\"url\":\"https:\\\/\\\/www.ledizioni.it\\\/stag\\\/wp-content\\\/uploads\\\/2023\\\/10\\\/newlogoledizioni500x110_2-1.jpg\",\"contentUrl\":\"https:\\\/\\\/www.ledizioni.it\\\/stag\\\/wp-content\\\/uploads\\\/2023\\\/10\\\/newlogoledizioni500x110_2-1.jpg\",\"width\":354,\"height\":87,\"caption\":\"Ledizioni\"},\"image\":{\"@id\":\"https:\\\/\\\/www.ledizioni.it\\\/#\\\/schema\\\/logo\\\/image\\\/\"},\"sameAs\":[\"https:\\\/\\\/www.facebook.com\\\/pages\\\/Ledizioni-LediPublishing\\\/109120559173329\",\"https:\\\/\\\/x.com\\\/ledizioni\"]}]}<\/script>\n<!-- \/ Yoast SEO plugin. -->","yoast_head_json":{"title":"DONNE RISTRETTE -","description":"Ledizioni - Innovative Publishing. Casa editrice universitaria. Open Access. eBook, ePub. Creative Commons.","robots":{"index":"index","follow":"follow","max-snippet":"max-snippet:-1","max-image-preview":"max-image-preview:large","max-video-preview":"max-video-preview:-1"},"canonical":"https:\/\/www.ledizioni.it\/en\/product\/donne-ristrette\/","og_locale":"en_GB","og_type":"article","og_title":"DONNE RISTRETTE -","og_description":"Ledizioni - Innovative Publishing. Casa editrice universitaria. Open Access. eBook, ePub. Creative Commons.","og_url":"https:\/\/www.ledizioni.it\/en\/product\/donne-ristrette\/","og_site_name":"Ledizioni","article_publisher":"https:\/\/www.facebook.com\/pages\/Ledizioni-LediPublishing\/109120559173329","article_modified_time":"2021-05-20T14:53:07+00:00","og_image":[{"width":400,"height":509,"url":"https:\/\/www.ledizioni.it\/stag\/wp-content\/uploads\/2019\/03\/Ristrette_3D.jpg","type":"image\/jpeg"}],"twitter_card":"summary_large_image","twitter_site":"@ledizioni","twitter_misc":{"Estimated reading time":"2 minutes"},"schema":{"@context":"https:\/\/schema.org","@graph":[{"@type":"WebPage","@id":"https:\/\/www.ledizioni.it\/en\/product\/donne-ristrette\/","url":"https:\/\/www.ledizioni.it\/en\/product\/donne-ristrette\/","name":"DONNE RISTRETTE -","isPartOf":{"@id":"https:\/\/www.ledizioni.it\/#website"},"primaryImageOfPage":{"@id":"https:\/\/www.ledizioni.it\/en\/product\/donne-ristrette\/#primaryimage"},"image":{"@id":"https:\/\/www.ledizioni.it\/en\/product\/donne-ristrette\/#primaryimage"},"thumbnailUrl":"https:\/\/www.ledizioni.it\/stag\/wp-content\/uploads\/2019\/03\/Ristrette_3D.jpg","datePublished":"2018-12-30T11:37:56+00:00","dateModified":"2021-05-20T14:53:07+00:00","description":"Ledizioni - Innovative Publishing. Casa editrice universitaria. Open Access. eBook, ePub. Creative Commons.","breadcrumb":{"@id":"https:\/\/www.ledizioni.it\/en\/product\/donne-ristrette\/#breadcrumb"},"inLanguage":"en-GB","potentialAction":[{"@type":"ReadAction","target":["https:\/\/www.ledizioni.it\/en\/product\/donne-ristrette\/"]}]},{"@type":"ImageObject","inLanguage":"en-GB","@id":"https:\/\/www.ledizioni.it\/en\/product\/donne-ristrette\/#primaryimage","url":"https:\/\/www.ledizioni.it\/stag\/wp-content\/uploads\/2019\/03\/Ristrette_3D.jpg","contentUrl":"https:\/\/www.ledizioni.it\/stag\/wp-content\/uploads\/2019\/03\/Ristrette_3D.jpg","width":400,"height":509},{"@type":"BreadcrumbList","@id":"https:\/\/www.ledizioni.it\/en\/product\/donne-ristrette\/#breadcrumb","itemListElement":[{"@type":"ListItem","position":1,"name":"Shop","item":"https:\/\/www.ledizioni.it\/shop-2\/"},{"@type":"ListItem","position":2,"name":"DONNE RISTRETTE"}]},{"@type":"WebSite","@id":"https:\/\/www.ledizioni.it\/#website","url":"https:\/\/www.ledizioni.it\/","name":"Ledizioni","description":"The Innovative LediPublishing Company - Casa Editrice Universitaria","publisher":{"@id":"https:\/\/www.ledizioni.it\/#organization"},"potentialAction":[{"@type":"SearchAction","target":{"@type":"EntryPoint","urlTemplate":"https:\/\/www.ledizioni.it\/?s={search_term_string}"},"query-input":{"@type":"PropertyValueSpecification","valueRequired":true,"valueName":"search_term_string"}}],"inLanguage":"en-GB"},{"@type":"Organization","@id":"https:\/\/www.ledizioni.it\/#organization","name":"Ledizioni","url":"https:\/\/www.ledizioni.it\/","logo":{"@type":"ImageObject","inLanguage":"en-GB","@id":"https:\/\/www.ledizioni.it\/#\/schema\/logo\/image\/","url":"https:\/\/www.ledizioni.it\/stag\/wp-content\/uploads\/2023\/10\/newlogoledizioni500x110_2-1.jpg","contentUrl":"https:\/\/www.ledizioni.it\/stag\/wp-content\/uploads\/2023\/10\/newlogoledizioni500x110_2-1.jpg","width":354,"height":87,"caption":"Ledizioni"},"image":{"@id":"https:\/\/www.ledizioni.it\/#\/schema\/logo\/image\/"},"sameAs":["https:\/\/www.facebook.com\/pages\/Ledizioni-LediPublishing\/109120559173329","https:\/\/x.com\/ledizioni"]}]}},"jetpack_sharing_enabled":true,"_links":{"self":[{"href":"https:\/\/www.ledizioni.it\/en\/wp-json\/wp\/v2\/product\/22438","targetHints":{"allow":["GET"]}}],"collection":[{"href":"https:\/\/www.ledizioni.it\/en\/wp-json\/wp\/v2\/product"}],"about":[{"href":"https:\/\/www.ledizioni.it\/en\/wp-json\/wp\/v2\/types\/product"}],"replies":[{"embeddable":true,"href":"https:\/\/www.ledizioni.it\/en\/wp-json\/wp\/v2\/comments?post=22438"}],"version-history":[{"count":1,"href":"https:\/\/www.ledizioni.it\/en\/wp-json\/wp\/v2\/product\/22438\/revisions"}],"predecessor-version":[{"id":22466,"href":"https:\/\/www.ledizioni.it\/en\/wp-json\/wp\/v2\/product\/22438\/revisions\/22466"}],"wp:featuredmedia":[{"embeddable":true,"href":"https:\/\/www.ledizioni.it\/en\/wp-json\/wp\/v2\/media\/22441"}],"wp:attachment":[{"href":"https:\/\/www.ledizioni.it\/en\/wp-json\/wp\/v2\/media?parent=22438"}],"wp:term":[{"taxonomy":"product_brand","embeddable":true,"href":"https:\/\/www.ledizioni.it\/en\/wp-json\/wp\/v2\/product_brand?post=22438"},{"taxonomy":"product_cat","embeddable":true,"href":"https:\/\/www.ledizioni.it\/en\/wp-json\/wp\/v2\/product_cat?post=22438"},{"taxonomy":"product_tag","embeddable":true,"href":"https:\/\/www.ledizioni.it\/en\/wp-json\/wp\/v2\/product_tag?post=22438"}],"curies":[{"name":"wp","href":"https:\/\/api.w.org\/{rel}","templated":true}]}}