{"id":23089,"date":"2019-04-24T13:34:28","date_gmt":"2019-04-24T11:34:28","guid":{"rendered":"https:\/\/www.ledizioni.it\/?post_type=product&#038;p=23089"},"modified":"2021-05-27T17:32:00","modified_gmt":"2021-05-27T15:32:00","slug":"la-nuova-legge-elettorale-italiana-e-dubbi-di-costituzionalita","status":"publish","type":"product","link":"https:\/\/www.ledizioni.it\/en\/product\/la-nuova-legge-elettorale-italiana-e-dubbi-di-costituzionalita\/","title":{"rendered":"LA NUOVA LEGGE ELETTORALE ITALIANA E I DUBBI DI COSTITUZIONALIT\u00c0"},"content":{"rendered":"<p style=\"text-align: justify;\">La nuova legge elettorale italiana (novembre 2017) \u00e8 la sesta nella storia della Repubblica e presenta seri motivi di critica sia per la procedura di approvazione che per la dubbia costituzionalit\u00e0 nel merito. Ci\u00f2 a parte la scarsa idoneit\u00e0 al raggiungimento dell\u2019obiettivo di garantire una solida e non fragile base per la governabilit\u00e0 del paese.<br \/>\nIl voto di fiducia, adottato per l\u2019approvazione della legge nei due rami del parlamento, si fonda su un\u2019interpretazione superficiale e disinvolta delle disposizioni pertinenti dei regolamenti parlamentari, avulsa dallo spirito della costituzione e del suo articolo 72, ultimo comma.<br \/>\nLa classe politica, che ha elaborato la nuova legge, non solo non ha tratto insegnamento dalle pi\u00f9 recenti esperienze politiche, ma ha altres\u00ec negletto le linee conduttrici della giurisprudenza costituzionale, ribadite nelle due ultime sentenze in materia, la n. 1 del 2014 e la n. 35 del 2017 (che il presente volume riporta in appendice), che hanno dichiarato la parziale incostituzionalit\u00e0 delle leggi elettorali del dicembre 2005 e del maggio 2015.<\/p>\n<p><strong>DATI BIBLIOGRAFICI<\/strong><br \/>\nAutore: Maria Rosaria Donnarumma<br \/>\nPubblicato nel: aprile 2019<br \/>\nFormato: brossura, 242 p. &#8211; Epub<br \/>\nISBN cartaceo: 9788867059485<br \/>\nISBN ePub: 9788867059492<br \/>\nPrezzo cartaceo: 14 \u20ac<br \/>\nPrezzo ePub: 4,99 \u20ac<br \/>\n<a href=\"https:\/\/www.amazon.it\/gp\/product\/8867059483\/ref=as_li_tl?ie=UTF8&amp;camp=3414&amp;creative=21718&amp;creativeASIN=8867057839&amp;linkCode=as2&amp;tag=ledizioni-21&amp;linkId=21587617ce23b3075bd3743ada8c92c3\" target=\"_blank\" rel=\"noopener\"><img decoding=\"async\" class=\"aligncenter size-medium wp-image-23060\" src=\"https:\/\/www.ledizioni.it\/stag\/wp-content\/uploads\/2018\/10\/pulsante-amazon-1-300x104.jpg\" alt=\"\" width=\"150\" height=\"50\" \/><\/a><img decoding=\"async\" style=\"border: none !important; margin: 0px !important;\" src=\"\/\/ir-it.amazon-adsystem.com\/e\/ir?t=ledizioni-21&amp;l=am2&amp;o=29&amp;a=8867057839\" alt=\"\" width=\"1\" height=\"1\" border=\"0\" \/><\/p>\n<p><a href=\"https:\/\/www.torrossa.com\/it\/resources\/an\/4537799\"><img decoding=\"async\" class=\"aligncenter wp-image-23912\" src=\"https:\/\/www.ledizioni.it\/stag\/wp-content\/uploads\/2019\/07\/torrossa_web-150x80.jpg\" alt=\"\" width=\"200\" height=\"60\" \/><\/a><\/p>","protected":false},"excerpt":{"rendered":"<p>La nuova legge elettorale italiana (novembre 2017) \u00e8 la sesta nella storia della Repubblica e presenta seri motivi di critica<\/p>","protected":false},"featured_media":23092,"comment_status":"open","ping_status":"closed","template":"","meta":{"_acf_changed":false},"product_brand":[],"product_cat":[566],"product_tag":[1008,1830,764],"class_list":{"0":"post-23089","1":"product","2":"type-product","3":"status-publish","4":"has-post-thumbnail","6":"product_cat-diritto-2","7":"product_tag-costituzione","8":"product_tag-elezioni","9":"product_tag-open-access-2","10":"pa_formato-cartaceo","11":"pa_formato-ebook-in-epub","12":"pa_formato-ebook-in-pdf","14":"first","15":"instock","16":"featured","17":"shipping-taxable","18":"purchasable","19":"product-type-variable"},"acf":[],"yoast_head":"<!-- This site is optimized with the Yoast SEO plugin v27.5 - https:\/\/yoast.com\/product\/yoast-seo-wordpress\/ -->\n<title>LA NUOVA LEGGE ELETTORALE ITALIANA E I DUBBI DI COSTITUZIONALIT\u00c0 -<\/title>\n<meta name=\"description\" content=\"Ledizioni - Innovative Publishing. Casa editrice universitaria. Open Access. eBook, ePub. Creative Commons.\" \/>\n<meta name=\"robots\" content=\"index, follow, max-snippet:-1, max-image-preview:large, max-video-preview:-1\" \/>\n<link rel=\"canonical\" href=\"https:\/\/www.ledizioni.it\/en\/product\/la-nuova-legge-elettorale-italiana-e-dubbi-di-costituzionalita\/\" \/>\n<meta property=\"og:locale\" content=\"en_GB\" \/>\n<meta property=\"og:type\" content=\"article\" \/>\n<meta property=\"og:title\" content=\"LA NUOVA LEGGE ELETTORALE ITALIANA E I DUBBI DI COSTITUZIONALIT\u00c0 -\" \/>\n<meta property=\"og:description\" content=\"Ledizioni - Innovative Publishing. Casa editrice universitaria. Open Access. eBook, ePub. Creative Commons.\" \/>\n<meta property=\"og:url\" content=\"https:\/\/www.ledizioni.it\/en\/product\/la-nuova-legge-elettorale-italiana-e-dubbi-di-costituzionalita\/\" \/>\n<meta property=\"og:site_name\" content=\"Ledizioni\" \/>\n<meta property=\"article:publisher\" content=\"https:\/\/www.facebook.com\/pages\/Ledizioni-LediPublishing\/109120559173329\" \/>\n<meta property=\"article:modified_time\" content=\"2021-05-27T15:32:00+00:00\" \/>\n<meta property=\"og:image\" content=\"https:\/\/www.ledizioni.it\/stag\/wp-content\/uploads\/2019\/04\/Donnarumma_3D.jpg\" \/>\n\t<meta property=\"og:image:width\" content=\"400\" \/>\n\t<meta property=\"og:image:height\" content=\"500\" \/>\n\t<meta property=\"og:image:type\" content=\"image\/jpeg\" \/>\n<meta name=\"twitter:card\" content=\"summary_large_image\" \/>\n<meta name=\"twitter:site\" content=\"@ledizioni\" \/>\n<meta name=\"twitter:label1\" content=\"Estimated reading time\" \/>\n\t<meta name=\"twitter:data1\" content=\"1 minute\" \/>\n<script type=\"application\/ld+json\" class=\"yoast-schema-graph\">{\"@context\":\"https:\\\/\\\/schema.org\",\"@graph\":[{\"@type\":\"WebPage\",\"@id\":\"https:\\\/\\\/www.ledizioni.it\\\/prodotto\\\/la-nuova-legge-elettorale-italiana-e-dubbi-di-costituzionalita\\\/\",\"url\":\"https:\\\/\\\/www.ledizioni.it\\\/prodotto\\\/la-nuova-legge-elettorale-italiana-e-dubbi-di-costituzionalita\\\/\",\"name\":\"LA NUOVA LEGGE ELETTORALE ITALIANA E I DUBBI DI COSTITUZIONALIT\u00c0 -\",\"isPartOf\":{\"@id\":\"https:\\\/\\\/www.ledizioni.it\\\/#website\"},\"primaryImageOfPage\":{\"@id\":\"https:\\\/\\\/www.ledizioni.it\\\/prodotto\\\/la-nuova-legge-elettorale-italiana-e-dubbi-di-costituzionalita\\\/#primaryimage\"},\"image\":{\"@id\":\"https:\\\/\\\/www.ledizioni.it\\\/prodotto\\\/la-nuova-legge-elettorale-italiana-e-dubbi-di-costituzionalita\\\/#primaryimage\"},\"thumbnailUrl\":\"https:\\\/\\\/www.ledizioni.it\\\/stag\\\/wp-content\\\/uploads\\\/2019\\\/04\\\/Donnarumma_3D.jpg\",\"datePublished\":\"2019-04-24T11:34:28+00:00\",\"dateModified\":\"2021-05-27T15:32:00+00:00\",\"description\":\"Ledizioni - Innovative Publishing. Casa editrice universitaria. Open Access. eBook, ePub. Creative Commons.\",\"breadcrumb\":{\"@id\":\"https:\\\/\\\/www.ledizioni.it\\\/prodotto\\\/la-nuova-legge-elettorale-italiana-e-dubbi-di-costituzionalita\\\/#breadcrumb\"},\"inLanguage\":\"en-GB\",\"potentialAction\":[{\"@type\":\"ReadAction\",\"target\":[\"https:\\\/\\\/www.ledizioni.it\\\/prodotto\\\/la-nuova-legge-elettorale-italiana-e-dubbi-di-costituzionalita\\\/\"]}]},{\"@type\":\"ImageObject\",\"inLanguage\":\"en-GB\",\"@id\":\"https:\\\/\\\/www.ledizioni.it\\\/prodotto\\\/la-nuova-legge-elettorale-italiana-e-dubbi-di-costituzionalita\\\/#primaryimage\",\"url\":\"https:\\\/\\\/www.ledizioni.it\\\/stag\\\/wp-content\\\/uploads\\\/2019\\\/04\\\/Donnarumma_3D.jpg\",\"contentUrl\":\"https:\\\/\\\/www.ledizioni.it\\\/stag\\\/wp-content\\\/uploads\\\/2019\\\/04\\\/Donnarumma_3D.jpg\",\"width\":400,\"height\":500},{\"@type\":\"BreadcrumbList\",\"@id\":\"https:\\\/\\\/www.ledizioni.it\\\/prodotto\\\/la-nuova-legge-elettorale-italiana-e-dubbi-di-costituzionalita\\\/#breadcrumb\",\"itemListElement\":[{\"@type\":\"ListItem\",\"position\":1,\"name\":\"Shop\",\"item\":\"https:\\\/\\\/www.ledizioni.it\\\/shop-2\\\/\"},{\"@type\":\"ListItem\",\"position\":2,\"name\":\"LA NUOVA LEGGE ELETTORALE ITALIANA E I DUBBI DI COSTITUZIONALIT\u00c0\"}]},{\"@type\":\"WebSite\",\"@id\":\"https:\\\/\\\/www.ledizioni.it\\\/#website\",\"url\":\"https:\\\/\\\/www.ledizioni.it\\\/\",\"name\":\"Ledizioni\",\"description\":\"The Innovative LediPublishing Company - Casa Editrice Universitaria\",\"publisher\":{\"@id\":\"https:\\\/\\\/www.ledizioni.it\\\/#organization\"},\"potentialAction\":[{\"@type\":\"SearchAction\",\"target\":{\"@type\":\"EntryPoint\",\"urlTemplate\":\"https:\\\/\\\/www.ledizioni.it\\\/?s={search_term_string}\"},\"query-input\":{\"@type\":\"PropertyValueSpecification\",\"valueRequired\":true,\"valueName\":\"search_term_string\"}}],\"inLanguage\":\"en-GB\"},{\"@type\":\"Organization\",\"@id\":\"https:\\\/\\\/www.ledizioni.it\\\/#organization\",\"name\":\"Ledizioni\",\"url\":\"https:\\\/\\\/www.ledizioni.it\\\/\",\"logo\":{\"@type\":\"ImageObject\",\"inLanguage\":\"en-GB\",\"@id\":\"https:\\\/\\\/www.ledizioni.it\\\/#\\\/schema\\\/logo\\\/image\\\/\",\"url\":\"https:\\\/\\\/www.ledizioni.it\\\/stag\\\/wp-content\\\/uploads\\\/2023\\\/10\\\/newlogoledizioni500x110_2-1.jpg\",\"contentUrl\":\"https:\\\/\\\/www.ledizioni.it\\\/stag\\\/wp-content\\\/uploads\\\/2023\\\/10\\\/newlogoledizioni500x110_2-1.jpg\",\"width\":354,\"height\":87,\"caption\":\"Ledizioni\"},\"image\":{\"@id\":\"https:\\\/\\\/www.ledizioni.it\\\/#\\\/schema\\\/logo\\\/image\\\/\"},\"sameAs\":[\"https:\\\/\\\/www.facebook.com\\\/pages\\\/Ledizioni-LediPublishing\\\/109120559173329\",\"https:\\\/\\\/x.com\\\/ledizioni\"]}]}<\/script>\n<!-- \/ Yoast SEO plugin. -->","yoast_head_json":{"title":"LA NUOVA LEGGE ELETTORALE ITALIANA E I DUBBI DI COSTITUZIONALIT\u00c0 -","description":"Ledizioni - Innovative Publishing. Casa editrice universitaria. Open Access. eBook, ePub. Creative Commons.","robots":{"index":"index","follow":"follow","max-snippet":"max-snippet:-1","max-image-preview":"max-image-preview:large","max-video-preview":"max-video-preview:-1"},"canonical":"https:\/\/www.ledizioni.it\/en\/product\/la-nuova-legge-elettorale-italiana-e-dubbi-di-costituzionalita\/","og_locale":"en_GB","og_type":"article","og_title":"LA NUOVA LEGGE ELETTORALE ITALIANA E I DUBBI DI COSTITUZIONALIT\u00c0 -","og_description":"Ledizioni - Innovative Publishing. Casa editrice universitaria. Open Access. eBook, ePub. Creative Commons.","og_url":"https:\/\/www.ledizioni.it\/en\/product\/la-nuova-legge-elettorale-italiana-e-dubbi-di-costituzionalita\/","og_site_name":"Ledizioni","article_publisher":"https:\/\/www.facebook.com\/pages\/Ledizioni-LediPublishing\/109120559173329","article_modified_time":"2021-05-27T15:32:00+00:00","og_image":[{"width":400,"height":500,"url":"https:\/\/www.ledizioni.it\/stag\/wp-content\/uploads\/2019\/04\/Donnarumma_3D.jpg","type":"image\/jpeg"}],"twitter_card":"summary_large_image","twitter_site":"@ledizioni","twitter_misc":{"Estimated reading time":"1 minute"},"schema":{"@context":"https:\/\/schema.org","@graph":[{"@type":"WebPage","@id":"https:\/\/www.ledizioni.it\/prodotto\/la-nuova-legge-elettorale-italiana-e-dubbi-di-costituzionalita\/","url":"https:\/\/www.ledizioni.it\/prodotto\/la-nuova-legge-elettorale-italiana-e-dubbi-di-costituzionalita\/","name":"LA NUOVA LEGGE ELETTORALE ITALIANA E I DUBBI DI COSTITUZIONALIT\u00c0 -","isPartOf":{"@id":"https:\/\/www.ledizioni.it\/#website"},"primaryImageOfPage":{"@id":"https:\/\/www.ledizioni.it\/prodotto\/la-nuova-legge-elettorale-italiana-e-dubbi-di-costituzionalita\/#primaryimage"},"image":{"@id":"https:\/\/www.ledizioni.it\/prodotto\/la-nuova-legge-elettorale-italiana-e-dubbi-di-costituzionalita\/#primaryimage"},"thumbnailUrl":"https:\/\/www.ledizioni.it\/stag\/wp-content\/uploads\/2019\/04\/Donnarumma_3D.jpg","datePublished":"2019-04-24T11:34:28+00:00","dateModified":"2021-05-27T15:32:00+00:00","description":"Ledizioni - Innovative Publishing. Casa editrice universitaria. Open Access. eBook, ePub. Creative Commons.","breadcrumb":{"@id":"https:\/\/www.ledizioni.it\/prodotto\/la-nuova-legge-elettorale-italiana-e-dubbi-di-costituzionalita\/#breadcrumb"},"inLanguage":"en-GB","potentialAction":[{"@type":"ReadAction","target":["https:\/\/www.ledizioni.it\/prodotto\/la-nuova-legge-elettorale-italiana-e-dubbi-di-costituzionalita\/"]}]},{"@type":"ImageObject","inLanguage":"en-GB","@id":"https:\/\/www.ledizioni.it\/prodotto\/la-nuova-legge-elettorale-italiana-e-dubbi-di-costituzionalita\/#primaryimage","url":"https:\/\/www.ledizioni.it\/stag\/wp-content\/uploads\/2019\/04\/Donnarumma_3D.jpg","contentUrl":"https:\/\/www.ledizioni.it\/stag\/wp-content\/uploads\/2019\/04\/Donnarumma_3D.jpg","width":400,"height":500},{"@type":"BreadcrumbList","@id":"https:\/\/www.ledizioni.it\/prodotto\/la-nuova-legge-elettorale-italiana-e-dubbi-di-costituzionalita\/#breadcrumb","itemListElement":[{"@type":"ListItem","position":1,"name":"Shop","item":"https:\/\/www.ledizioni.it\/shop-2\/"},{"@type":"ListItem","position":2,"name":"LA NUOVA LEGGE ELETTORALE ITALIANA E I DUBBI DI COSTITUZIONALIT\u00c0"}]},{"@type":"WebSite","@id":"https:\/\/www.ledizioni.it\/#website","url":"https:\/\/www.ledizioni.it\/","name":"Ledizioni","description":"The Innovative LediPublishing Company - Casa Editrice Universitaria","publisher":{"@id":"https:\/\/www.ledizioni.it\/#organization"},"potentialAction":[{"@type":"SearchAction","target":{"@type":"EntryPoint","urlTemplate":"https:\/\/www.ledizioni.it\/?s={search_term_string}"},"query-input":{"@type":"PropertyValueSpecification","valueRequired":true,"valueName":"search_term_string"}}],"inLanguage":"en-GB"},{"@type":"Organization","@id":"https:\/\/www.ledizioni.it\/#organization","name":"Ledizioni","url":"https:\/\/www.ledizioni.it\/","logo":{"@type":"ImageObject","inLanguage":"en-GB","@id":"https:\/\/www.ledizioni.it\/#\/schema\/logo\/image\/","url":"https:\/\/www.ledizioni.it\/stag\/wp-content\/uploads\/2023\/10\/newlogoledizioni500x110_2-1.jpg","contentUrl":"https:\/\/www.ledizioni.it\/stag\/wp-content\/uploads\/2023\/10\/newlogoledizioni500x110_2-1.jpg","width":354,"height":87,"caption":"Ledizioni"},"image":{"@id":"https:\/\/www.ledizioni.it\/#\/schema\/logo\/image\/"},"sameAs":["https:\/\/www.facebook.com\/pages\/Ledizioni-LediPublishing\/109120559173329","https:\/\/x.com\/ledizioni"]}]}},"jetpack_sharing_enabled":true,"_links":{"self":[{"href":"https:\/\/www.ledizioni.it\/en\/wp-json\/wp\/v2\/product\/23089","targetHints":{"allow":["GET"]}}],"collection":[{"href":"https:\/\/www.ledizioni.it\/en\/wp-json\/wp\/v2\/product"}],"about":[{"href":"https:\/\/www.ledizioni.it\/en\/wp-json\/wp\/v2\/types\/product"}],"replies":[{"embeddable":true,"href":"https:\/\/www.ledizioni.it\/en\/wp-json\/wp\/v2\/comments?post=23089"}],"version-history":[{"count":0,"href":"https:\/\/www.ledizioni.it\/en\/wp-json\/wp\/v2\/product\/23089\/revisions"}],"wp:featuredmedia":[{"embeddable":true,"href":"https:\/\/www.ledizioni.it\/en\/wp-json\/wp\/v2\/media\/23092"}],"wp:attachment":[{"href":"https:\/\/www.ledizioni.it\/en\/wp-json\/wp\/v2\/media?parent=23089"}],"wp:term":[{"taxonomy":"product_brand","embeddable":true,"href":"https:\/\/www.ledizioni.it\/en\/wp-json\/wp\/v2\/product_brand?post=23089"},{"taxonomy":"product_cat","embeddable":true,"href":"https:\/\/www.ledizioni.it\/en\/wp-json\/wp\/v2\/product_cat?post=23089"},{"taxonomy":"product_tag","embeddable":true,"href":"https:\/\/www.ledizioni.it\/en\/wp-json\/wp\/v2\/product_tag?post=23089"}],"curies":[{"name":"wp","href":"https:\/\/api.w.org\/{rel}","templated":true}]}}