{"id":23322,"date":"2019-05-14T12:35:42","date_gmt":"2019-05-14T10:35:42","guid":{"rendered":"https:\/\/www.ledizioni.it\/?post_type=product&#038;p=23322"},"modified":"2022-07-11T17:18:07","modified_gmt":"2022-07-11T15:18:07","slug":"quaderni-di-comparatismi-vol-1-2016","status":"publish","type":"product","link":"https:\/\/www.ledizioni.it\/en\/product\/quaderni-di-comparatismi-vol-1-2016\/","title":{"rendered":"QUADERNI DI \u00abCOMPARATISMI\u00bb VOL. 1\/2016"},"content":{"rendered":"<p style=\"text-align: justify;\"><strong>La narrazione: stato dell&#8217;arte<\/strong><\/p>\n<ul style=\"text-align: justify;\">\n<li><em>Identity Exists Only in Its Modes: The Flexible Subject and the Interpretative Mind Against Semi-Cognitive \u201cSciences\u201d<\/em><br \/>\nGiovanni Bottiroli<\/li>\n<li><em>La fiction migliora le prestazioni cognitive?<\/em><br \/>\nStefano Calabrese<\/li>\n<li><em>Narratologia vs Poetica. Appunti in margine a <\/em>Theory of the Lyric<em> di Jonathan Culler<\/em><br \/>\nPaolo Giovannetti<\/li>\n<li><em>Narrare e nominare. Il valore dei nomi propri nella scrittura letteraria<\/em><br \/>\nLaura Neri<\/li>\n<li><em>Forme piccole di narratore e skaz: Boris \u00c8jchenbaum legge Nikolaj Leskov<\/em><br \/>\nStefania Irene Sini<\/li>\n<li><em>Testi disordinati: incompiute, contro-storie, errori nella narrativa USA contemporanea<\/em><br \/>\nFabio Vittorini<\/li>\n<li><em>Storytelling e Digital Journalism. Il caso della rivoluzione libica<\/em><br \/>\nGiovanna Zaganelli<\/li>\n<li><em>Nello stomaco dell\u2019inghiottone. Saggio sull\u2019intreccio del racconto, dall\u2019acronia al ridispiegarsi della temporalit\u00e0<\/em><br \/>\nStefano Ballerio<\/li>\n<li><em>Gli specchi di <\/em>Lolita<em>. Un\u2019ipotesi di lettura tra neuroretorica e traduzione intersemiotica<\/em><br \/>\nAndrea Chiurato<\/li>\n<li><em>Destini raccontati: quando la narratologia incontra l\u2019interculturalismo<\/em><br \/>\nValentina Conti<\/li>\n<li><em>\u00abThrough other eyes\u00bb. Visione e rappresentazione in <\/em>Palestine <em>di Joe Sacco<\/em><br \/>\nGiada Nardozza<\/li>\n<li><em>Mythocritique et hypertextualit\u00e9 : le cas des Quatre Cavaliers de l\u2019Apocalypse dans la s\u00e9rie t\u00e9l\u00e9vis\u00e9e<\/em> Supernatural<br \/>\nChristos Nikou<\/li>\n<li><em>Annotazioni sui fondamenti epistemologici della narratologia<\/em><br \/>\nFederico Pianzola<\/li>\n<li><em>On Fantasy\u2019s Transmediality: A Cognitive Approach<\/em><br \/>\nSimone Rebora<\/li>\n<li><em>Letteratura e finzione videoludica: The Stanley Parable e la narrazione letteraria<\/em><br \/>\nMartin Ringot<\/li>\n<li><em>Blending e narrativit\u00e0<\/em><br \/>\nRoberto Rossi<\/li>\n<li><em>Pour une red\u00e9finition des recherches narratologiques contemporaines<\/em><br \/>\nAntonino Sorci<\/li>\n<\/ul>\n<p style=\"text-align: justify;\"><strong>Saggi<\/strong><\/p>\n<ul>\n<li style=\"text-align: justify;\"><em>Problemi di \u2018personae\u2019. Sulla recente teoria del personaggio nel mondo anglofono (2003-2016)<\/em><br \/>\nAlberto Comparini<\/li>\n<li style=\"text-align: justify;\"><em>La sessualit\u00e0 come modalit\u00e0 della narrazione nei romanzi di Stefano Benni<\/em><br \/>\nFrancesca Nava<\/li>\n<li style=\"text-align: justify;\"><em>Brave New World and the Scientific Dictatorship: Utopia or Dystopia?<\/em><br \/>\nNic Panagopoulos<\/li>\n<\/ul>","protected":false},"excerpt":{"rendered":"<p>La narrazione: stato dell&#8217;arte Identity Exists Only in Its Modes: The Flexible Subject and the Interpretative Mind Against Semi-Cognitive \u201cSciences\u201d<\/p>","protected":false},"featured_media":23324,"comment_status":"open","ping_status":"closed","template":"","meta":{"_acf_changed":false},"product_brand":[],"product_cat":[1936],"product_tag":[1092,1698,764],"class_list":{"0":"post-23322","1":"product","2":"type-product","3":"status-publish","4":"has-post-thumbnail","6":"product_cat-quaderni-di-comparatismi","7":"product_tag-critica-letteraria","8":"product_tag-letteratura-comparata","9":"product_tag-open-access-2","10":"pa_formato-cartaceo","11":"pa_formato-ebook-in-pdf","13":"first","14":"instock","15":"shipping-taxable","16":"purchasable","17":"product-type-variable"},"acf":[],"yoast_head":"<!-- This site is optimized with the Yoast SEO plugin v27.4 - https:\/\/yoast.com\/product\/yoast-seo-wordpress\/ -->\n<title>QUADERNI DI \u00abCOMPARATISMI\u00bb VOL. 1\/2016 -<\/title>\n<meta name=\"description\" content=\"Ledizioni - Innovative Publishing. Casa editrice universitaria. Open Access. eBook, ePub. Creative Commons.\" \/>\n<meta name=\"robots\" content=\"index, follow, max-snippet:-1, max-image-preview:large, max-video-preview:-1\" \/>\n<link rel=\"canonical\" href=\"https:\/\/www.ledizioni.it\/en\/product\/quaderni-di-comparatismi-vol-1-2016\/\" \/>\n<meta property=\"og:locale\" content=\"en_GB\" \/>\n<meta property=\"og:type\" content=\"article\" \/>\n<meta property=\"og:title\" content=\"QUADERNI DI \u00abCOMPARATISMI\u00bb VOL. 1\/2016 -\" \/>\n<meta property=\"og:description\" content=\"Ledizioni - Innovative Publishing. Casa editrice universitaria. Open Access. eBook, ePub. Creative Commons.\" \/>\n<meta property=\"og:url\" content=\"https:\/\/www.ledizioni.it\/en\/product\/quaderni-di-comparatismi-vol-1-2016\/\" \/>\n<meta property=\"og:site_name\" content=\"Ledizioni\" \/>\n<meta property=\"article:publisher\" content=\"https:\/\/www.facebook.com\/pages\/Ledizioni-LediPublishing\/109120559173329\" \/>\n<meta property=\"article:modified_time\" content=\"2022-07-11T15:18:07+00:00\" \/>\n<meta property=\"og:image\" content=\"https:\/\/www.ledizioni.it\/stag\/wp-content\/uploads\/2019\/05\/Copertina_2016_3D.jpg\" \/>\n\t<meta property=\"og:image:width\" content=\"400\" \/>\n\t<meta property=\"og:image:height\" content=\"493\" \/>\n\t<meta property=\"og:image:type\" content=\"image\/jpeg\" \/>\n<meta name=\"twitter:card\" content=\"summary_large_image\" \/>\n<meta name=\"twitter:site\" content=\"@ledizioni\" \/>\n<meta name=\"twitter:label1\" content=\"Estimated reading time\" \/>\n\t<meta name=\"twitter:data1\" content=\"1 minute\" \/>\n<script type=\"application\/ld+json\" class=\"yoast-schema-graph\">{\"@context\":\"https:\\\/\\\/schema.org\",\"@graph\":[{\"@type\":\"WebPage\",\"@id\":\"https:\\\/\\\/www.ledizioni.it\\\/en\\\/product\\\/quaderni-di-comparatismi-vol-1-2016\\\/\",\"url\":\"https:\\\/\\\/www.ledizioni.it\\\/en\\\/product\\\/quaderni-di-comparatismi-vol-1-2016\\\/\",\"name\":\"QUADERNI DI \u00abCOMPARATISMI\u00bb VOL. 1\\\/2016 -\",\"isPartOf\":{\"@id\":\"https:\\\/\\\/www.ledizioni.it\\\/#website\"},\"primaryImageOfPage\":{\"@id\":\"https:\\\/\\\/www.ledizioni.it\\\/en\\\/product\\\/quaderni-di-comparatismi-vol-1-2016\\\/#primaryimage\"},\"image\":{\"@id\":\"https:\\\/\\\/www.ledizioni.it\\\/en\\\/product\\\/quaderni-di-comparatismi-vol-1-2016\\\/#primaryimage\"},\"thumbnailUrl\":\"https:\\\/\\\/www.ledizioni.it\\\/stag\\\/wp-content\\\/uploads\\\/2019\\\/05\\\/Copertina_2016_3D.jpg\",\"datePublished\":\"2019-05-14T10:35:42+00:00\",\"dateModified\":\"2022-07-11T15:18:07+00:00\",\"description\":\"Ledizioni - Innovative Publishing. Casa editrice universitaria. Open Access. eBook, ePub. Creative Commons.\",\"breadcrumb\":{\"@id\":\"https:\\\/\\\/www.ledizioni.it\\\/en\\\/product\\\/quaderni-di-comparatismi-vol-1-2016\\\/#breadcrumb\"},\"inLanguage\":\"en-GB\",\"potentialAction\":[{\"@type\":\"ReadAction\",\"target\":[\"https:\\\/\\\/www.ledizioni.it\\\/en\\\/product\\\/quaderni-di-comparatismi-vol-1-2016\\\/\"]}]},{\"@type\":\"ImageObject\",\"inLanguage\":\"en-GB\",\"@id\":\"https:\\\/\\\/www.ledizioni.it\\\/en\\\/product\\\/quaderni-di-comparatismi-vol-1-2016\\\/#primaryimage\",\"url\":\"https:\\\/\\\/www.ledizioni.it\\\/stag\\\/wp-content\\\/uploads\\\/2019\\\/05\\\/Copertina_2016_3D.jpg\",\"contentUrl\":\"https:\\\/\\\/www.ledizioni.it\\\/stag\\\/wp-content\\\/uploads\\\/2019\\\/05\\\/Copertina_2016_3D.jpg\",\"width\":400,\"height\":493},{\"@type\":\"BreadcrumbList\",\"@id\":\"https:\\\/\\\/www.ledizioni.it\\\/en\\\/product\\\/quaderni-di-comparatismi-vol-1-2016\\\/#breadcrumb\",\"itemListElement\":[{\"@type\":\"ListItem\",\"position\":1,\"name\":\"Shop\",\"item\":\"https:\\\/\\\/www.ledizioni.it\\\/shop-2\\\/\"},{\"@type\":\"ListItem\",\"position\":2,\"name\":\"QUADERNI DI \u00abCOMPARATISMI\u00bb VOL. 1\\\/2016\"}]},{\"@type\":\"WebSite\",\"@id\":\"https:\\\/\\\/www.ledizioni.it\\\/#website\",\"url\":\"https:\\\/\\\/www.ledizioni.it\\\/\",\"name\":\"Ledizioni\",\"description\":\"The Innovative LediPublishing Company - Casa Editrice Universitaria\",\"publisher\":{\"@id\":\"https:\\\/\\\/www.ledizioni.it\\\/#organization\"},\"potentialAction\":[{\"@type\":\"SearchAction\",\"target\":{\"@type\":\"EntryPoint\",\"urlTemplate\":\"https:\\\/\\\/www.ledizioni.it\\\/?s={search_term_string}\"},\"query-input\":{\"@type\":\"PropertyValueSpecification\",\"valueRequired\":true,\"valueName\":\"search_term_string\"}}],\"inLanguage\":\"en-GB\"},{\"@type\":\"Organization\",\"@id\":\"https:\\\/\\\/www.ledizioni.it\\\/#organization\",\"name\":\"Ledizioni\",\"url\":\"https:\\\/\\\/www.ledizioni.it\\\/\",\"logo\":{\"@type\":\"ImageObject\",\"inLanguage\":\"en-GB\",\"@id\":\"https:\\\/\\\/www.ledizioni.it\\\/#\\\/schema\\\/logo\\\/image\\\/\",\"url\":\"https:\\\/\\\/www.ledizioni.it\\\/stag\\\/wp-content\\\/uploads\\\/2023\\\/10\\\/newlogoledizioni500x110_2-1.jpg\",\"contentUrl\":\"https:\\\/\\\/www.ledizioni.it\\\/stag\\\/wp-content\\\/uploads\\\/2023\\\/10\\\/newlogoledizioni500x110_2-1.jpg\",\"width\":354,\"height\":87,\"caption\":\"Ledizioni\"},\"image\":{\"@id\":\"https:\\\/\\\/www.ledizioni.it\\\/#\\\/schema\\\/logo\\\/image\\\/\"},\"sameAs\":[\"https:\\\/\\\/www.facebook.com\\\/pages\\\/Ledizioni-LediPublishing\\\/109120559173329\",\"https:\\\/\\\/x.com\\\/ledizioni\"]}]}<\/script>\n<!-- \/ Yoast SEO plugin. -->","yoast_head_json":{"title":"QUADERNI DI \u00abCOMPARATISMI\u00bb VOL. 1\/2016 -","description":"Ledizioni - Innovative Publishing. Casa editrice universitaria. Open Access. eBook, ePub. Creative Commons.","robots":{"index":"index","follow":"follow","max-snippet":"max-snippet:-1","max-image-preview":"max-image-preview:large","max-video-preview":"max-video-preview:-1"},"canonical":"https:\/\/www.ledizioni.it\/en\/product\/quaderni-di-comparatismi-vol-1-2016\/","og_locale":"en_GB","og_type":"article","og_title":"QUADERNI DI \u00abCOMPARATISMI\u00bb VOL. 1\/2016 -","og_description":"Ledizioni - Innovative Publishing. Casa editrice universitaria. Open Access. eBook, ePub. Creative Commons.","og_url":"https:\/\/www.ledizioni.it\/en\/product\/quaderni-di-comparatismi-vol-1-2016\/","og_site_name":"Ledizioni","article_publisher":"https:\/\/www.facebook.com\/pages\/Ledizioni-LediPublishing\/109120559173329","article_modified_time":"2022-07-11T15:18:07+00:00","og_image":[{"width":400,"height":493,"url":"https:\/\/www.ledizioni.it\/stag\/wp-content\/uploads\/2019\/05\/Copertina_2016_3D.jpg","type":"image\/jpeg"}],"twitter_card":"summary_large_image","twitter_site":"@ledizioni","twitter_misc":{"Estimated reading time":"1 minute"},"schema":{"@context":"https:\/\/schema.org","@graph":[{"@type":"WebPage","@id":"https:\/\/www.ledizioni.it\/en\/product\/quaderni-di-comparatismi-vol-1-2016\/","url":"https:\/\/www.ledizioni.it\/en\/product\/quaderni-di-comparatismi-vol-1-2016\/","name":"QUADERNI DI \u00abCOMPARATISMI\u00bb VOL. 1\/2016 -","isPartOf":{"@id":"https:\/\/www.ledizioni.it\/#website"},"primaryImageOfPage":{"@id":"https:\/\/www.ledizioni.it\/en\/product\/quaderni-di-comparatismi-vol-1-2016\/#primaryimage"},"image":{"@id":"https:\/\/www.ledizioni.it\/en\/product\/quaderni-di-comparatismi-vol-1-2016\/#primaryimage"},"thumbnailUrl":"https:\/\/www.ledizioni.it\/stag\/wp-content\/uploads\/2019\/05\/Copertina_2016_3D.jpg","datePublished":"2019-05-14T10:35:42+00:00","dateModified":"2022-07-11T15:18:07+00:00","description":"Ledizioni - Innovative Publishing. Casa editrice universitaria. Open Access. eBook, ePub. Creative Commons.","breadcrumb":{"@id":"https:\/\/www.ledizioni.it\/en\/product\/quaderni-di-comparatismi-vol-1-2016\/#breadcrumb"},"inLanguage":"en-GB","potentialAction":[{"@type":"ReadAction","target":["https:\/\/www.ledizioni.it\/en\/product\/quaderni-di-comparatismi-vol-1-2016\/"]}]},{"@type":"ImageObject","inLanguage":"en-GB","@id":"https:\/\/www.ledizioni.it\/en\/product\/quaderni-di-comparatismi-vol-1-2016\/#primaryimage","url":"https:\/\/www.ledizioni.it\/stag\/wp-content\/uploads\/2019\/05\/Copertina_2016_3D.jpg","contentUrl":"https:\/\/www.ledizioni.it\/stag\/wp-content\/uploads\/2019\/05\/Copertina_2016_3D.jpg","width":400,"height":493},{"@type":"BreadcrumbList","@id":"https:\/\/www.ledizioni.it\/en\/product\/quaderni-di-comparatismi-vol-1-2016\/#breadcrumb","itemListElement":[{"@type":"ListItem","position":1,"name":"Shop","item":"https:\/\/www.ledizioni.it\/shop-2\/"},{"@type":"ListItem","position":2,"name":"QUADERNI DI \u00abCOMPARATISMI\u00bb VOL. 1\/2016"}]},{"@type":"WebSite","@id":"https:\/\/www.ledizioni.it\/#website","url":"https:\/\/www.ledizioni.it\/","name":"Ledizioni","description":"The Innovative LediPublishing Company - Casa Editrice Universitaria","publisher":{"@id":"https:\/\/www.ledizioni.it\/#organization"},"potentialAction":[{"@type":"SearchAction","target":{"@type":"EntryPoint","urlTemplate":"https:\/\/www.ledizioni.it\/?s={search_term_string}"},"query-input":{"@type":"PropertyValueSpecification","valueRequired":true,"valueName":"search_term_string"}}],"inLanguage":"en-GB"},{"@type":"Organization","@id":"https:\/\/www.ledizioni.it\/#organization","name":"Ledizioni","url":"https:\/\/www.ledizioni.it\/","logo":{"@type":"ImageObject","inLanguage":"en-GB","@id":"https:\/\/www.ledizioni.it\/#\/schema\/logo\/image\/","url":"https:\/\/www.ledizioni.it\/stag\/wp-content\/uploads\/2023\/10\/newlogoledizioni500x110_2-1.jpg","contentUrl":"https:\/\/www.ledizioni.it\/stag\/wp-content\/uploads\/2023\/10\/newlogoledizioni500x110_2-1.jpg","width":354,"height":87,"caption":"Ledizioni"},"image":{"@id":"https:\/\/www.ledizioni.it\/#\/schema\/logo\/image\/"},"sameAs":["https:\/\/www.facebook.com\/pages\/Ledizioni-LediPublishing\/109120559173329","https:\/\/x.com\/ledizioni"]}]}},"jetpack_sharing_enabled":true,"_links":{"self":[{"href":"https:\/\/www.ledizioni.it\/en\/wp-json\/wp\/v2\/product\/23322","targetHints":{"allow":["GET"]}}],"collection":[{"href":"https:\/\/www.ledizioni.it\/en\/wp-json\/wp\/v2\/product"}],"about":[{"href":"https:\/\/www.ledizioni.it\/en\/wp-json\/wp\/v2\/types\/product"}],"replies":[{"embeddable":true,"href":"https:\/\/www.ledizioni.it\/en\/wp-json\/wp\/v2\/comments?post=23322"}],"version-history":[{"count":0,"href":"https:\/\/www.ledizioni.it\/en\/wp-json\/wp\/v2\/product\/23322\/revisions"}],"wp:featuredmedia":[{"embeddable":true,"href":"https:\/\/www.ledizioni.it\/en\/wp-json\/wp\/v2\/media\/23324"}],"wp:attachment":[{"href":"https:\/\/www.ledizioni.it\/en\/wp-json\/wp\/v2\/media?parent=23322"}],"wp:term":[{"taxonomy":"product_brand","embeddable":true,"href":"https:\/\/www.ledizioni.it\/en\/wp-json\/wp\/v2\/product_brand?post=23322"},{"taxonomy":"product_cat","embeddable":true,"href":"https:\/\/www.ledizioni.it\/en\/wp-json\/wp\/v2\/product_cat?post=23322"},{"taxonomy":"product_tag","embeddable":true,"href":"https:\/\/www.ledizioni.it\/en\/wp-json\/wp\/v2\/product_tag?post=23322"}],"curies":[{"name":"wp","href":"https:\/\/api.w.org\/{rel}","templated":true}]}}