{"id":23328,"date":"2019-05-14T12:48:42","date_gmt":"2019-05-14T10:48:42","guid":{"rendered":"https:\/\/www.ledizioni.it\/?post_type=product&#038;p=23328"},"modified":"2022-07-11T17:18:18","modified_gmt":"2022-07-11T15:18:18","slug":"quaderni-di-comparatismi-vol-2-2017","status":"publish","type":"product","link":"https:\/\/www.ledizioni.it\/en\/product\/quaderni-di-comparatismi-vol-2-2017\/","title":{"rendered":"QUADERNI DI \u00abCOMPARATISMI\u00bb VOL. 2\/2017"},"content":{"rendered":"<p style=\"text-align: justify;\"><strong>TRADUZIONE INTERSEMIOTICA E NUOVE FORME DI TESTUALIT\u00c0 \u2013 INTERSEMIOTIC TRANSLATION AND NEW FORMS OF TEXTUALITY<br \/>\n<\/strong><\/p>\n<ul>\n<li style=\"text-align: justify;\"><em>Testo, intersemiosi, intermedialit\u00e0. Un\u2019introduzione<\/em><br \/>\nFabio Vittorini<\/li>\n<li style=\"text-align: justify;\"><em>Non \u00e8 detta l\u2019ultima parola. Il rapporto tra testo e immagine in<\/em> Point Omega, La carte et le territoire <em>and<\/em> Autopsia dell&#8217;ossessione<br \/>\nEdoardo Camassa<\/li>\n<li style=\"text-align: justify;\"><em>Per una fenomenologia dell\u2019iconotesto narrativo ipercontemporaneo<\/em><br \/>\nGiuseppe Carrara<\/li>\n<li style=\"text-align: justify;\"><em>Visual storytelling: morfologia e interculturalismo<\/em><br \/>\nValentina Conti<\/li>\n<li style=\"text-align: justify;\"><em>On Jakobson\u2019s Intersemiotic Translations in Asterix Comics<\/em><br \/>\nAdriano Clayton da Silva<\/li>\n<li style=\"text-align: justify;\"><em>Words and Music Boundaries: Conrad Aiken and his Ambiguous Musicality of Poetry<\/em><br \/>\nMarcin Stawiarski<\/li>\n<li style=\"text-align: justify;\"><em>La topologia dell\u2019immagine: un silent book di David Wiesner<\/em><br \/>\nSerena Zaniboni<\/li>\n<\/ul>\n<p style=\"text-align: justify;\"><strong>Saggi<\/strong><\/p>\n<ul>\n<li style=\"text-align: justify;\"><em>Storytelling: teorie innovative per lo sviluppo della socialit\u00e0 nei soggetti autistici<\/em><br \/>\nAlessandra Borghi<\/li>\n<li style=\"text-align: justify;\"><em>La rappresentazione delle emozioni<\/em><br \/>\nStefano Calabrese<\/li>\n<li style=\"text-align: justify;\"><em>Il barocco \u2018cosale\u2019 di Carlo Emilio Gadda<\/em><br \/>\nMarco Carmello<\/li>\n<li style=\"text-align: justify;\"><em>L\u2019etica della virt\u00f9 nei dialoghi di Charles P\u00e9guy, Alfred D\u00f6blin e Carlo Michelstaedter<\/em><br \/>\nAlberto Comparini<\/li>\n<li style=\"text-align: justify;\"><em>Perdono e intimit\u00e0 in due storie d\u2019amore: L\u2019uomo che guarda e<\/em> Suite francese. <em>I tentativi di superare le barriere narcisistiche all\u2019amore nelle teorie di Massimo Recalcati e di Fran\u00e7ois Jullien<\/em><br \/>\nDarwine Delvecchio<\/li>\n<li style=\"text-align: justify;\"><em>Rendering Literary Proper Names in Another Language: The Works of Flann O\u2019Brien as a Case in Point<\/em><br \/>\nFrancesco Laurenti<\/li>\n<li style=\"text-align: justify;\"><em>La comunicazione \u2018difficile\u2019: un prototipo di storia come strumento terapeutico<\/em><br \/>\nMaria Francesca Luziatelli<\/li>\n<li style=\"text-align: justify;\"><em>The thinking eye: from Semir Zeki to John Onians<\/em><br \/>\nDenitza Roumenova Nedkova<\/li>\n<\/ul>","protected":false},"excerpt":{"rendered":"<p>TRADUZIONE INTERSEMIOTICA E NUOVE FORME DI TESTUALIT\u00c0 \u2013 INTERSEMIOTIC TRANSLATION AND NEW FORMS OF TEXTUALITY Testo, intersemiosi, intermedialit\u00e0. Un\u2019introduzione Fabio<\/p>","protected":false},"featured_media":23329,"comment_status":"open","ping_status":"closed","template":"","meta":{"_acf_changed":false},"product_brand":[],"product_cat":[1936],"product_tag":[1092,1698,764],"class_list":{"0":"post-23328","1":"product","2":"type-product","3":"status-publish","4":"has-post-thumbnail","6":"product_cat-quaderni-di-comparatismi","7":"product_tag-critica-letteraria","8":"product_tag-letteratura-comparata","9":"product_tag-open-access-2","10":"pa_formato-cartaceo","11":"pa_formato-ebook-in-pdf","13":"first","14":"instock","15":"shipping-taxable","16":"purchasable","17":"product-type-variable"},"acf":[],"yoast_head":"<!-- This site is optimized with the Yoast SEO plugin v27.3 - https:\/\/yoast.com\/product\/yoast-seo-wordpress\/ -->\n<title>QUADERNI DI \u00abCOMPARATISMI\u00bb VOL. 2\/2017 -<\/title>\n<meta name=\"description\" content=\"Ledizioni - Innovative Publishing. Casa editrice universitaria. Open Access. eBook, ePub. Creative Commons.\" \/>\n<meta name=\"robots\" content=\"index, follow, max-snippet:-1, max-image-preview:large, max-video-preview:-1\" \/>\n<link rel=\"canonical\" href=\"https:\/\/www.ledizioni.it\/en\/product\/quaderni-di-comparatismi-vol-2-2017\/\" \/>\n<meta property=\"og:locale\" content=\"en_GB\" \/>\n<meta property=\"og:type\" content=\"article\" \/>\n<meta property=\"og:title\" content=\"QUADERNI DI \u00abCOMPARATISMI\u00bb VOL. 2\/2017 -\" \/>\n<meta property=\"og:description\" content=\"Ledizioni - Innovative Publishing. Casa editrice universitaria. Open Access. eBook, ePub. Creative Commons.\" \/>\n<meta property=\"og:url\" content=\"https:\/\/www.ledizioni.it\/en\/product\/quaderni-di-comparatismi-vol-2-2017\/\" \/>\n<meta property=\"og:site_name\" content=\"Ledizioni\" \/>\n<meta property=\"article:publisher\" content=\"https:\/\/www.facebook.com\/pages\/Ledizioni-LediPublishing\/109120559173329\" \/>\n<meta property=\"article:modified_time\" content=\"2022-07-11T15:18:18+00:00\" \/>\n<meta property=\"og:image\" content=\"https:\/\/www.ledizioni.it\/stag\/wp-content\/uploads\/2019\/05\/Copertina_2017_3D.jpg\" \/>\n\t<meta property=\"og:image:width\" content=\"400\" \/>\n\t<meta property=\"og:image:height\" content=\"498\" \/>\n\t<meta property=\"og:image:type\" content=\"image\/jpeg\" \/>\n<meta name=\"twitter:card\" content=\"summary_large_image\" \/>\n<meta name=\"twitter:site\" content=\"@ledizioni\" \/>\n<meta name=\"twitter:label1\" content=\"Estimated reading time\" \/>\n\t<meta name=\"twitter:data1\" content=\"1 minute\" \/>\n<script type=\"application\/ld+json\" class=\"yoast-schema-graph\">{\"@context\":\"https:\\\/\\\/schema.org\",\"@graph\":[{\"@type\":\"WebPage\",\"@id\":\"https:\\\/\\\/www.ledizioni.it\\\/en\\\/product\\\/quaderni-di-comparatismi-vol-2-2017\\\/\",\"url\":\"https:\\\/\\\/www.ledizioni.it\\\/en\\\/product\\\/quaderni-di-comparatismi-vol-2-2017\\\/\",\"name\":\"QUADERNI DI \u00abCOMPARATISMI\u00bb VOL. 2\\\/2017 -\",\"isPartOf\":{\"@id\":\"https:\\\/\\\/www.ledizioni.it\\\/#website\"},\"primaryImageOfPage\":{\"@id\":\"https:\\\/\\\/www.ledizioni.it\\\/en\\\/product\\\/quaderni-di-comparatismi-vol-2-2017\\\/#primaryimage\"},\"image\":{\"@id\":\"https:\\\/\\\/www.ledizioni.it\\\/en\\\/product\\\/quaderni-di-comparatismi-vol-2-2017\\\/#primaryimage\"},\"thumbnailUrl\":\"https:\\\/\\\/www.ledizioni.it\\\/stag\\\/wp-content\\\/uploads\\\/2019\\\/05\\\/Copertina_2017_3D.jpg\",\"datePublished\":\"2019-05-14T10:48:42+00:00\",\"dateModified\":\"2022-07-11T15:18:18+00:00\",\"description\":\"Ledizioni - Innovative Publishing. Casa editrice universitaria. Open Access. eBook, ePub. Creative Commons.\",\"breadcrumb\":{\"@id\":\"https:\\\/\\\/www.ledizioni.it\\\/en\\\/product\\\/quaderni-di-comparatismi-vol-2-2017\\\/#breadcrumb\"},\"inLanguage\":\"en-GB\",\"potentialAction\":[{\"@type\":\"ReadAction\",\"target\":[\"https:\\\/\\\/www.ledizioni.it\\\/en\\\/product\\\/quaderni-di-comparatismi-vol-2-2017\\\/\"]}]},{\"@type\":\"ImageObject\",\"inLanguage\":\"en-GB\",\"@id\":\"https:\\\/\\\/www.ledizioni.it\\\/en\\\/product\\\/quaderni-di-comparatismi-vol-2-2017\\\/#primaryimage\",\"url\":\"https:\\\/\\\/www.ledizioni.it\\\/stag\\\/wp-content\\\/uploads\\\/2019\\\/05\\\/Copertina_2017_3D.jpg\",\"contentUrl\":\"https:\\\/\\\/www.ledizioni.it\\\/stag\\\/wp-content\\\/uploads\\\/2019\\\/05\\\/Copertina_2017_3D.jpg\",\"width\":400,\"height\":498},{\"@type\":\"BreadcrumbList\",\"@id\":\"https:\\\/\\\/www.ledizioni.it\\\/en\\\/product\\\/quaderni-di-comparatismi-vol-2-2017\\\/#breadcrumb\",\"itemListElement\":[{\"@type\":\"ListItem\",\"position\":1,\"name\":\"Shop\",\"item\":\"https:\\\/\\\/www.ledizioni.it\\\/shop-2\\\/\"},{\"@type\":\"ListItem\",\"position\":2,\"name\":\"QUADERNI DI \u00abCOMPARATISMI\u00bb VOL. 2\\\/2017\"}]},{\"@type\":\"WebSite\",\"@id\":\"https:\\\/\\\/www.ledizioni.it\\\/#website\",\"url\":\"https:\\\/\\\/www.ledizioni.it\\\/\",\"name\":\"Ledizioni\",\"description\":\"The Innovative LediPublishing Company - Casa Editrice Universitaria\",\"publisher\":{\"@id\":\"https:\\\/\\\/www.ledizioni.it\\\/#organization\"},\"potentialAction\":[{\"@type\":\"SearchAction\",\"target\":{\"@type\":\"EntryPoint\",\"urlTemplate\":\"https:\\\/\\\/www.ledizioni.it\\\/?s={search_term_string}\"},\"query-input\":{\"@type\":\"PropertyValueSpecification\",\"valueRequired\":true,\"valueName\":\"search_term_string\"}}],\"inLanguage\":\"en-GB\"},{\"@type\":\"Organization\",\"@id\":\"https:\\\/\\\/www.ledizioni.it\\\/#organization\",\"name\":\"Ledizioni\",\"url\":\"https:\\\/\\\/www.ledizioni.it\\\/\",\"logo\":{\"@type\":\"ImageObject\",\"inLanguage\":\"en-GB\",\"@id\":\"https:\\\/\\\/www.ledizioni.it\\\/#\\\/schema\\\/logo\\\/image\\\/\",\"url\":\"https:\\\/\\\/www.ledizioni.it\\\/stag\\\/wp-content\\\/uploads\\\/2023\\\/10\\\/newlogoledizioni500x110_2-1.jpg\",\"contentUrl\":\"https:\\\/\\\/www.ledizioni.it\\\/stag\\\/wp-content\\\/uploads\\\/2023\\\/10\\\/newlogoledizioni500x110_2-1.jpg\",\"width\":354,\"height\":87,\"caption\":\"Ledizioni\"},\"image\":{\"@id\":\"https:\\\/\\\/www.ledizioni.it\\\/#\\\/schema\\\/logo\\\/image\\\/\"},\"sameAs\":[\"https:\\\/\\\/www.facebook.com\\\/pages\\\/Ledizioni-LediPublishing\\\/109120559173329\",\"https:\\\/\\\/x.com\\\/ledizioni\"]}]}<\/script>\n<!-- \/ Yoast SEO plugin. -->","yoast_head_json":{"title":"QUADERNI DI \u00abCOMPARATISMI\u00bb VOL. 2\/2017 -","description":"Ledizioni - Innovative Publishing. Casa editrice universitaria. Open Access. eBook, ePub. Creative Commons.","robots":{"index":"index","follow":"follow","max-snippet":"max-snippet:-1","max-image-preview":"max-image-preview:large","max-video-preview":"max-video-preview:-1"},"canonical":"https:\/\/www.ledizioni.it\/en\/product\/quaderni-di-comparatismi-vol-2-2017\/","og_locale":"en_GB","og_type":"article","og_title":"QUADERNI DI \u00abCOMPARATISMI\u00bb VOL. 2\/2017 -","og_description":"Ledizioni - Innovative Publishing. Casa editrice universitaria. Open Access. eBook, ePub. Creative Commons.","og_url":"https:\/\/www.ledizioni.it\/en\/product\/quaderni-di-comparatismi-vol-2-2017\/","og_site_name":"Ledizioni","article_publisher":"https:\/\/www.facebook.com\/pages\/Ledizioni-LediPublishing\/109120559173329","article_modified_time":"2022-07-11T15:18:18+00:00","og_image":[{"width":400,"height":498,"url":"https:\/\/www.ledizioni.it\/stag\/wp-content\/uploads\/2019\/05\/Copertina_2017_3D.jpg","type":"image\/jpeg"}],"twitter_card":"summary_large_image","twitter_site":"@ledizioni","twitter_misc":{"Estimated reading time":"1 minute"},"schema":{"@context":"https:\/\/schema.org","@graph":[{"@type":"WebPage","@id":"https:\/\/www.ledizioni.it\/en\/product\/quaderni-di-comparatismi-vol-2-2017\/","url":"https:\/\/www.ledizioni.it\/en\/product\/quaderni-di-comparatismi-vol-2-2017\/","name":"QUADERNI DI \u00abCOMPARATISMI\u00bb VOL. 2\/2017 -","isPartOf":{"@id":"https:\/\/www.ledizioni.it\/#website"},"primaryImageOfPage":{"@id":"https:\/\/www.ledizioni.it\/en\/product\/quaderni-di-comparatismi-vol-2-2017\/#primaryimage"},"image":{"@id":"https:\/\/www.ledizioni.it\/en\/product\/quaderni-di-comparatismi-vol-2-2017\/#primaryimage"},"thumbnailUrl":"https:\/\/www.ledizioni.it\/stag\/wp-content\/uploads\/2019\/05\/Copertina_2017_3D.jpg","datePublished":"2019-05-14T10:48:42+00:00","dateModified":"2022-07-11T15:18:18+00:00","description":"Ledizioni - Innovative Publishing. Casa editrice universitaria. Open Access. eBook, ePub. Creative Commons.","breadcrumb":{"@id":"https:\/\/www.ledizioni.it\/en\/product\/quaderni-di-comparatismi-vol-2-2017\/#breadcrumb"},"inLanguage":"en-GB","potentialAction":[{"@type":"ReadAction","target":["https:\/\/www.ledizioni.it\/en\/product\/quaderni-di-comparatismi-vol-2-2017\/"]}]},{"@type":"ImageObject","inLanguage":"en-GB","@id":"https:\/\/www.ledizioni.it\/en\/product\/quaderni-di-comparatismi-vol-2-2017\/#primaryimage","url":"https:\/\/www.ledizioni.it\/stag\/wp-content\/uploads\/2019\/05\/Copertina_2017_3D.jpg","contentUrl":"https:\/\/www.ledizioni.it\/stag\/wp-content\/uploads\/2019\/05\/Copertina_2017_3D.jpg","width":400,"height":498},{"@type":"BreadcrumbList","@id":"https:\/\/www.ledizioni.it\/en\/product\/quaderni-di-comparatismi-vol-2-2017\/#breadcrumb","itemListElement":[{"@type":"ListItem","position":1,"name":"Shop","item":"https:\/\/www.ledizioni.it\/shop-2\/"},{"@type":"ListItem","position":2,"name":"QUADERNI DI \u00abCOMPARATISMI\u00bb VOL. 2\/2017"}]},{"@type":"WebSite","@id":"https:\/\/www.ledizioni.it\/#website","url":"https:\/\/www.ledizioni.it\/","name":"Ledizioni","description":"The Innovative LediPublishing Company - Casa Editrice Universitaria","publisher":{"@id":"https:\/\/www.ledizioni.it\/#organization"},"potentialAction":[{"@type":"SearchAction","target":{"@type":"EntryPoint","urlTemplate":"https:\/\/www.ledizioni.it\/?s={search_term_string}"},"query-input":{"@type":"PropertyValueSpecification","valueRequired":true,"valueName":"search_term_string"}}],"inLanguage":"en-GB"},{"@type":"Organization","@id":"https:\/\/www.ledizioni.it\/#organization","name":"Ledizioni","url":"https:\/\/www.ledizioni.it\/","logo":{"@type":"ImageObject","inLanguage":"en-GB","@id":"https:\/\/www.ledizioni.it\/#\/schema\/logo\/image\/","url":"https:\/\/www.ledizioni.it\/stag\/wp-content\/uploads\/2023\/10\/newlogoledizioni500x110_2-1.jpg","contentUrl":"https:\/\/www.ledizioni.it\/stag\/wp-content\/uploads\/2023\/10\/newlogoledizioni500x110_2-1.jpg","width":354,"height":87,"caption":"Ledizioni"},"image":{"@id":"https:\/\/www.ledizioni.it\/#\/schema\/logo\/image\/"},"sameAs":["https:\/\/www.facebook.com\/pages\/Ledizioni-LediPublishing\/109120559173329","https:\/\/x.com\/ledizioni"]}]}},"jetpack_sharing_enabled":true,"_links":{"self":[{"href":"https:\/\/www.ledizioni.it\/en\/wp-json\/wp\/v2\/product\/23328","targetHints":{"allow":["GET"]}}],"collection":[{"href":"https:\/\/www.ledizioni.it\/en\/wp-json\/wp\/v2\/product"}],"about":[{"href":"https:\/\/www.ledizioni.it\/en\/wp-json\/wp\/v2\/types\/product"}],"replies":[{"embeddable":true,"href":"https:\/\/www.ledizioni.it\/en\/wp-json\/wp\/v2\/comments?post=23328"}],"version-history":[{"count":0,"href":"https:\/\/www.ledizioni.it\/en\/wp-json\/wp\/v2\/product\/23328\/revisions"}],"wp:featuredmedia":[{"embeddable":true,"href":"https:\/\/www.ledizioni.it\/en\/wp-json\/wp\/v2\/media\/23329"}],"wp:attachment":[{"href":"https:\/\/www.ledizioni.it\/en\/wp-json\/wp\/v2\/media?parent=23328"}],"wp:term":[{"taxonomy":"product_brand","embeddable":true,"href":"https:\/\/www.ledizioni.it\/en\/wp-json\/wp\/v2\/product_brand?post=23328"},{"taxonomy":"product_cat","embeddable":true,"href":"https:\/\/www.ledizioni.it\/en\/wp-json\/wp\/v2\/product_cat?post=23328"},{"taxonomy":"product_tag","embeddable":true,"href":"https:\/\/www.ledizioni.it\/en\/wp-json\/wp\/v2\/product_tag?post=23328"}],"curies":[{"name":"wp","href":"https:\/\/api.w.org\/{rel}","templated":true}]}}