{"id":23659,"date":"2019-06-03T14:12:34","date_gmt":"2019-06-03T12:12:34","guid":{"rendered":"https:\/\/www.ledizioni.it\/?post_type=product&#038;p=23659"},"modified":"2024-03-29T13:45:52","modified_gmt":"2024-03-29T11:45:52","slug":"ateneo-di-salo-memorie-2015-2018","status":"publish","type":"product","link":"https:\/\/www.ledizioni.it\/en\/product\/ateneo-di-salo-memorie-2015-2018\/","title":{"rendered":"ATENEO DI SAL\u00d2: MEMORIE, 2015 &#8211; 2018"},"content":{"rendered":"<p style=\"text-align: justify;\">&#8220;In questi ultimi quattro anni, che hanno visto la conclusione delle celebrazioni del 450\u00b0 anniversario di fondazione del nostro Ateneo sotto la presidenza di Pino Mongiello e l\u2019avvio e lo sviluppo di nuove, importanti e impegnative iniziative, \u00e8 stato fatto davvero molto.<br \/>\nAbbiamo organizzato giornate speciali dedicate alle presentazioni di libri, incontri sull\u2019arte, concerti, tenuto convegni, tavole rotonde, seminari e promosso scavi archeologici nell\u2019ambito dell\u2019ampio e ambizioso progetto Storia di Sal\u00f2 e dintorni.<br \/>\nAbbiamo ideato e attuato specifici progetti per decine e decine di studenti del nostro territorio in seno al programma ministeriale \u00abalternanza scuola-lavoro\u00bb e una borsa di studio sulla teoria del colore di Harald Kueppers, incentivato studi, ricerche e pubblicazioni, incrementato, inventariato e catalogato nuovi fondi d\u2019archivio e biblioteca.<br \/>\nSiamo entrati a far parte del Comitato Interaccademico nazionale, della Societ\u00e0 Storica italiana, abbiamo condiviso le iniziative \u00abDiCultHer\u00bb del Ministero della Pubblica Istruzione e \u00abProgetti internazionali\u00bb del Ministero degli Affari Esteri.<br \/>\nMeno eclatante, certamente, ma altrettanto impegnativo, \u00e8 stato il lavoro di gestione istituzionale: l\u2019aggiornamento dello Statuto, il perfezionamento del contratto con la nostra bibliotecaria, l\u2019alienazione di una piccola porzione di Palazzo Girardi (il negozietto) che ha consentito di saldare debiti pregressi, la locazione di spazi ad uso ufficio alla Comunit\u00e0 del Garda che dar\u00e0 nuovo respiro economico, la ricerca incessante di contributi e finanziamenti. E, sul finire del 2018, si \u00e8 realizzato il trasferimento della sede, e quindi dell\u2019ingente patrimonio librario e archivistico della nostra Istituzione, da palazzo Fantoni al palazzo della Cultura di via Leonesio. [&#8230;]<br \/>\nVede ora la luce, anche se in ritardo rispetto ai tempi prefissati, un nuovo numero delle \u00abMemorie\u00bb che accoglie saggi ricchi di spunti e novit\u00e0, in linea con la tradizione del passato, ma aperto al futuro in un dialogo sempre pi\u00f9 diretto con il lettore&#8221;. (Dalla Presentazione)<\/p>\n<p><strong>DATI BIBLIOGRAFICI<\/strong><br \/>\nAutore: Ateneo di Sal\u00f2<br \/>\nEditore: Ledizioni<br \/>\nPubblicato nel: maggio 2019<br \/>\nFormato: brossura, 473 p.<br \/>\nISBN: 9788867059560<br \/>\nPrezzo: 35 \u20ac<\/p>","protected":false},"excerpt":{"rendered":"<p>&#8220;In questi ultimi quattro anni, che hanno visto la conclusione delle celebrazioni del 450\u00b0 anniversario di fondazione del nostro Ateneo<\/p>","protected":false},"featured_media":23660,"comment_status":"open","ping_status":"closed","template":"","meta":{"_acf_changed":false},"product_brand":[],"product_cat":[3025],"product_tag":[],"class_list":{"0":"post-23659","1":"product","2":"type-product","3":"status-publish","4":"has-post-thumbnail","6":"product_cat-pubblicazioni-dellateneo-di-salo","8":"first","9":"instock","10":"featured","11":"shipping-taxable","12":"purchasable","13":"product-type-simple"},"acf":[],"yoast_head":"<!-- This site is optimized with the Yoast SEO plugin v27.3 - https:\/\/yoast.com\/product\/yoast-seo-wordpress\/ -->\n<title>ATENEO DI SAL\u00d2: MEMORIE, 2015 - 2018 -<\/title>\n<meta name=\"description\" content=\"Ledizioni - Innovative Publishing. Casa editrice universitaria. Open Access. eBook, ePub. Creative Commons.\" \/>\n<meta name=\"robots\" content=\"index, follow, max-snippet:-1, max-image-preview:large, max-video-preview:-1\" \/>\n<link rel=\"canonical\" href=\"https:\/\/www.ledizioni.it\/en\/product\/ateneo-di-salo-memorie-2015-2018\/\" \/>\n<meta property=\"og:locale\" content=\"en_GB\" \/>\n<meta property=\"og:type\" content=\"article\" \/>\n<meta property=\"og:title\" content=\"ATENEO DI SAL\u00d2: MEMORIE, 2015 - 2018 -\" \/>\n<meta property=\"og:description\" content=\"Ledizioni - Innovative Publishing. Casa editrice universitaria. Open Access. eBook, ePub. Creative Commons.\" \/>\n<meta property=\"og:url\" content=\"https:\/\/www.ledizioni.it\/en\/product\/ateneo-di-salo-memorie-2015-2018\/\" \/>\n<meta property=\"og:site_name\" content=\"Ledizioni\" \/>\n<meta property=\"article:publisher\" content=\"https:\/\/www.facebook.com\/pages\/Ledizioni-LediPublishing\/109120559173329\" \/>\n<meta property=\"article:modified_time\" content=\"2024-03-29T11:45:52+00:00\" \/>\n<meta property=\"og:image\" content=\"https:\/\/www.ledizioni.it\/stag\/wp-content\/uploads\/2019\/06\/AteneoSalo_3D.jpg\" \/>\n\t<meta property=\"og:image:width\" content=\"400\" \/>\n\t<meta property=\"og:image:height\" content=\"513\" \/>\n\t<meta property=\"og:image:type\" content=\"image\/jpeg\" \/>\n<meta name=\"twitter:card\" content=\"summary_large_image\" \/>\n<meta name=\"twitter:site\" content=\"@ledizioni\" \/>\n<meta name=\"twitter:label1\" content=\"Estimated reading time\" \/>\n\t<meta name=\"twitter:data1\" content=\"2 minutes\" \/>\n<script type=\"application\/ld+json\" class=\"yoast-schema-graph\">{\"@context\":\"https:\\\/\\\/schema.org\",\"@graph\":[{\"@type\":\"WebPage\",\"@id\":\"https:\\\/\\\/www.ledizioni.it\\\/prodotto\\\/ateneo-di-salo-memorie-2015-2018\\\/\",\"url\":\"https:\\\/\\\/www.ledizioni.it\\\/prodotto\\\/ateneo-di-salo-memorie-2015-2018\\\/\",\"name\":\"ATENEO DI SAL\u00d2: MEMORIE, 2015 - 2018 -\",\"isPartOf\":{\"@id\":\"https:\\\/\\\/www.ledizioni.it\\\/#website\"},\"primaryImageOfPage\":{\"@id\":\"https:\\\/\\\/www.ledizioni.it\\\/prodotto\\\/ateneo-di-salo-memorie-2015-2018\\\/#primaryimage\"},\"image\":{\"@id\":\"https:\\\/\\\/www.ledizioni.it\\\/prodotto\\\/ateneo-di-salo-memorie-2015-2018\\\/#primaryimage\"},\"thumbnailUrl\":\"https:\\\/\\\/www.ledizioni.it\\\/stag\\\/wp-content\\\/uploads\\\/2019\\\/06\\\/AteneoSalo_3D.jpg\",\"datePublished\":\"2019-06-03T12:12:34+00:00\",\"dateModified\":\"2024-03-29T11:45:52+00:00\",\"description\":\"Ledizioni - Innovative Publishing. Casa editrice universitaria. Open Access. eBook, ePub. Creative Commons.\",\"breadcrumb\":{\"@id\":\"https:\\\/\\\/www.ledizioni.it\\\/prodotto\\\/ateneo-di-salo-memorie-2015-2018\\\/#breadcrumb\"},\"inLanguage\":\"en-GB\",\"potentialAction\":[{\"@type\":\"ReadAction\",\"target\":[\"https:\\\/\\\/www.ledizioni.it\\\/prodotto\\\/ateneo-di-salo-memorie-2015-2018\\\/\"]}]},{\"@type\":\"ImageObject\",\"inLanguage\":\"en-GB\",\"@id\":\"https:\\\/\\\/www.ledizioni.it\\\/prodotto\\\/ateneo-di-salo-memorie-2015-2018\\\/#primaryimage\",\"url\":\"https:\\\/\\\/www.ledizioni.it\\\/stag\\\/wp-content\\\/uploads\\\/2019\\\/06\\\/AteneoSalo_3D.jpg\",\"contentUrl\":\"https:\\\/\\\/www.ledizioni.it\\\/stag\\\/wp-content\\\/uploads\\\/2019\\\/06\\\/AteneoSalo_3D.jpg\",\"width\":400,\"height\":513},{\"@type\":\"BreadcrumbList\",\"@id\":\"https:\\\/\\\/www.ledizioni.it\\\/prodotto\\\/ateneo-di-salo-memorie-2015-2018\\\/#breadcrumb\",\"itemListElement\":[{\"@type\":\"ListItem\",\"position\":1,\"name\":\"Shop\",\"item\":\"https:\\\/\\\/www.ledizioni.it\\\/shop-2\\\/\"},{\"@type\":\"ListItem\",\"position\":2,\"name\":\"ATENEO DI SAL\u00d2: MEMORIE, 2015 &#8211; 2018\"}]},{\"@type\":\"WebSite\",\"@id\":\"https:\\\/\\\/www.ledizioni.it\\\/#website\",\"url\":\"https:\\\/\\\/www.ledizioni.it\\\/\",\"name\":\"Ledizioni\",\"description\":\"The Innovative LediPublishing Company - Casa Editrice Universitaria\",\"publisher\":{\"@id\":\"https:\\\/\\\/www.ledizioni.it\\\/#organization\"},\"potentialAction\":[{\"@type\":\"SearchAction\",\"target\":{\"@type\":\"EntryPoint\",\"urlTemplate\":\"https:\\\/\\\/www.ledizioni.it\\\/?s={search_term_string}\"},\"query-input\":{\"@type\":\"PropertyValueSpecification\",\"valueRequired\":true,\"valueName\":\"search_term_string\"}}],\"inLanguage\":\"en-GB\"},{\"@type\":\"Organization\",\"@id\":\"https:\\\/\\\/www.ledizioni.it\\\/#organization\",\"name\":\"Ledizioni\",\"url\":\"https:\\\/\\\/www.ledizioni.it\\\/\",\"logo\":{\"@type\":\"ImageObject\",\"inLanguage\":\"en-GB\",\"@id\":\"https:\\\/\\\/www.ledizioni.it\\\/#\\\/schema\\\/logo\\\/image\\\/\",\"url\":\"https:\\\/\\\/www.ledizioni.it\\\/stag\\\/wp-content\\\/uploads\\\/2023\\\/10\\\/newlogoledizioni500x110_2-1.jpg\",\"contentUrl\":\"https:\\\/\\\/www.ledizioni.it\\\/stag\\\/wp-content\\\/uploads\\\/2023\\\/10\\\/newlogoledizioni500x110_2-1.jpg\",\"width\":354,\"height\":87,\"caption\":\"Ledizioni\"},\"image\":{\"@id\":\"https:\\\/\\\/www.ledizioni.it\\\/#\\\/schema\\\/logo\\\/image\\\/\"},\"sameAs\":[\"https:\\\/\\\/www.facebook.com\\\/pages\\\/Ledizioni-LediPublishing\\\/109120559173329\",\"https:\\\/\\\/x.com\\\/ledizioni\"]}]}<\/script>\n<!-- \/ Yoast SEO plugin. -->","yoast_head_json":{"title":"ATENEO DI SAL\u00d2: MEMORIE, 2015 - 2018 -","description":"Ledizioni - Innovative Publishing. Casa editrice universitaria. Open Access. eBook, ePub. Creative Commons.","robots":{"index":"index","follow":"follow","max-snippet":"max-snippet:-1","max-image-preview":"max-image-preview:large","max-video-preview":"max-video-preview:-1"},"canonical":"https:\/\/www.ledizioni.it\/en\/product\/ateneo-di-salo-memorie-2015-2018\/","og_locale":"en_GB","og_type":"article","og_title":"ATENEO DI SAL\u00d2: MEMORIE, 2015 - 2018 -","og_description":"Ledizioni - Innovative Publishing. Casa editrice universitaria. Open Access. eBook, ePub. Creative Commons.","og_url":"https:\/\/www.ledizioni.it\/en\/product\/ateneo-di-salo-memorie-2015-2018\/","og_site_name":"Ledizioni","article_publisher":"https:\/\/www.facebook.com\/pages\/Ledizioni-LediPublishing\/109120559173329","article_modified_time":"2024-03-29T11:45:52+00:00","og_image":[{"width":400,"height":513,"url":"https:\/\/www.ledizioni.it\/stag\/wp-content\/uploads\/2019\/06\/AteneoSalo_3D.jpg","type":"image\/jpeg"}],"twitter_card":"summary_large_image","twitter_site":"@ledizioni","twitter_misc":{"Estimated reading time":"2 minutes"},"schema":{"@context":"https:\/\/schema.org","@graph":[{"@type":"WebPage","@id":"https:\/\/www.ledizioni.it\/prodotto\/ateneo-di-salo-memorie-2015-2018\/","url":"https:\/\/www.ledizioni.it\/prodotto\/ateneo-di-salo-memorie-2015-2018\/","name":"ATENEO DI SAL\u00d2: MEMORIE, 2015 - 2018 -","isPartOf":{"@id":"https:\/\/www.ledizioni.it\/#website"},"primaryImageOfPage":{"@id":"https:\/\/www.ledizioni.it\/prodotto\/ateneo-di-salo-memorie-2015-2018\/#primaryimage"},"image":{"@id":"https:\/\/www.ledizioni.it\/prodotto\/ateneo-di-salo-memorie-2015-2018\/#primaryimage"},"thumbnailUrl":"https:\/\/www.ledizioni.it\/stag\/wp-content\/uploads\/2019\/06\/AteneoSalo_3D.jpg","datePublished":"2019-06-03T12:12:34+00:00","dateModified":"2024-03-29T11:45:52+00:00","description":"Ledizioni - Innovative Publishing. Casa editrice universitaria. Open Access. eBook, ePub. Creative Commons.","breadcrumb":{"@id":"https:\/\/www.ledizioni.it\/prodotto\/ateneo-di-salo-memorie-2015-2018\/#breadcrumb"},"inLanguage":"en-GB","potentialAction":[{"@type":"ReadAction","target":["https:\/\/www.ledizioni.it\/prodotto\/ateneo-di-salo-memorie-2015-2018\/"]}]},{"@type":"ImageObject","inLanguage":"en-GB","@id":"https:\/\/www.ledizioni.it\/prodotto\/ateneo-di-salo-memorie-2015-2018\/#primaryimage","url":"https:\/\/www.ledizioni.it\/stag\/wp-content\/uploads\/2019\/06\/AteneoSalo_3D.jpg","contentUrl":"https:\/\/www.ledizioni.it\/stag\/wp-content\/uploads\/2019\/06\/AteneoSalo_3D.jpg","width":400,"height":513},{"@type":"BreadcrumbList","@id":"https:\/\/www.ledizioni.it\/prodotto\/ateneo-di-salo-memorie-2015-2018\/#breadcrumb","itemListElement":[{"@type":"ListItem","position":1,"name":"Shop","item":"https:\/\/www.ledizioni.it\/shop-2\/"},{"@type":"ListItem","position":2,"name":"ATENEO DI SAL\u00d2: MEMORIE, 2015 &#8211; 2018"}]},{"@type":"WebSite","@id":"https:\/\/www.ledizioni.it\/#website","url":"https:\/\/www.ledizioni.it\/","name":"Ledizioni","description":"The Innovative LediPublishing Company - Casa Editrice Universitaria","publisher":{"@id":"https:\/\/www.ledizioni.it\/#organization"},"potentialAction":[{"@type":"SearchAction","target":{"@type":"EntryPoint","urlTemplate":"https:\/\/www.ledizioni.it\/?s={search_term_string}"},"query-input":{"@type":"PropertyValueSpecification","valueRequired":true,"valueName":"search_term_string"}}],"inLanguage":"en-GB"},{"@type":"Organization","@id":"https:\/\/www.ledizioni.it\/#organization","name":"Ledizioni","url":"https:\/\/www.ledizioni.it\/","logo":{"@type":"ImageObject","inLanguage":"en-GB","@id":"https:\/\/www.ledizioni.it\/#\/schema\/logo\/image\/","url":"https:\/\/www.ledizioni.it\/stag\/wp-content\/uploads\/2023\/10\/newlogoledizioni500x110_2-1.jpg","contentUrl":"https:\/\/www.ledizioni.it\/stag\/wp-content\/uploads\/2023\/10\/newlogoledizioni500x110_2-1.jpg","width":354,"height":87,"caption":"Ledizioni"},"image":{"@id":"https:\/\/www.ledizioni.it\/#\/schema\/logo\/image\/"},"sameAs":["https:\/\/www.facebook.com\/pages\/Ledizioni-LediPublishing\/109120559173329","https:\/\/x.com\/ledizioni"]}]}},"jetpack_sharing_enabled":true,"_links":{"self":[{"href":"https:\/\/www.ledizioni.it\/en\/wp-json\/wp\/v2\/product\/23659","targetHints":{"allow":["GET"]}}],"collection":[{"href":"https:\/\/www.ledizioni.it\/en\/wp-json\/wp\/v2\/product"}],"about":[{"href":"https:\/\/www.ledizioni.it\/en\/wp-json\/wp\/v2\/types\/product"}],"replies":[{"embeddable":true,"href":"https:\/\/www.ledizioni.it\/en\/wp-json\/wp\/v2\/comments?post=23659"}],"version-history":[{"count":1,"href":"https:\/\/www.ledizioni.it\/en\/wp-json\/wp\/v2\/product\/23659\/revisions"}],"predecessor-version":[{"id":64047,"href":"https:\/\/www.ledizioni.it\/en\/wp-json\/wp\/v2\/product\/23659\/revisions\/64047"}],"wp:featuredmedia":[{"embeddable":true,"href":"https:\/\/www.ledizioni.it\/en\/wp-json\/wp\/v2\/media\/23660"}],"wp:attachment":[{"href":"https:\/\/www.ledizioni.it\/en\/wp-json\/wp\/v2\/media?parent=23659"}],"wp:term":[{"taxonomy":"product_brand","embeddable":true,"href":"https:\/\/www.ledizioni.it\/en\/wp-json\/wp\/v2\/product_brand?post=23659"},{"taxonomy":"product_cat","embeddable":true,"href":"https:\/\/www.ledizioni.it\/en\/wp-json\/wp\/v2\/product_cat?post=23659"},{"taxonomy":"product_tag","embeddable":true,"href":"https:\/\/www.ledizioni.it\/en\/wp-json\/wp\/v2\/product_tag?post=23659"}],"curies":[{"name":"wp","href":"https:\/\/api.w.org\/{rel}","templated":true}]}}