{"id":23969,"date":"2019-07-03T10:43:31","date_gmt":"2019-07-03T08:43:31","guid":{"rendered":"https:\/\/www.ledizioni.it\/?post_type=product&#038;p=23969"},"modified":"2022-10-26T12:03:56","modified_gmt":"2022-10-26T10:03:56","slug":"cortocircuito","status":"publish","type":"product","link":"https:\/\/www.ledizioni.it\/en\/product\/cortocircuito\/","title":{"rendered":"CORTOCIRCUITO"},"content":{"rendered":"<p style=\"text-align: justify;\">Da Di Maio e Salvini, da Trump alla Brexit, lo stile di comunicazione politica dove chi grida di pi\u00f9 ha ragione, dove chi \u00e8 pi\u00f9 sicuro trionfa e dove la battuta conta pi\u00f9 dell\u2019approfondimento \u00e8 diventato quello comune. \u00c8 lo schema politica-social media ed \u00e8 in cortocircuito. In campo ci sono \u201cLoro\u201d, i populisti che impongono i temi perlopi\u00f9 marginali di cui parlare. Nel mezzo TV e giornali capaci di amplificare il rumore e generare ulteriore disordine informativo. All\u2019ultimo posto i cittadini, ovvero i \u201cNoi\u201d, che reagiscono scandalizzati a ogni provocazione schierandosi e commentando provvedimento del Ministro del Lavoro come se fosse un outfit di Chiara Ferragni. Quando e come si \u00e8 creato questo stile di comunicazione? Chi sono gli attori e perch\u00e9 \u00e8 importante fermarlo? In questo pamphlet dal taglio narrativo, Gabriele Ferraresi racconta casi significativi degli ultimi mesi e insieme all\u2019analisi di sociologi, linguisti e filosofi cerca di capire i meccanismi di questa strategia di amplificazione del segnale basata sull&#8217;indignazione dei \u201cbuoni\u201d, che si galvanizzano a colpi di condivisioni su Facebook, retweet e commenti su Instagram. Un meccanismo consolatorio ma inutile: serve forse a contarsi, a sentirsi meno soli, ma andrebbe fatto con cautela. Perch\u00e9 \u00e8 esattamente il carburante di cui hanno bisogno \u201cLoro\u201d. Glielo stiamo regalando e sarebbe il caso di smettere.<\/p>\n<p><strong>DATI BIBLIOGRAFICI<\/strong><br \/>\nAutore: Gabriele Ferraresi<br \/>\nEditore: Ledizioni<br \/>\nPubblicato nel: luglio 2019<br \/>\nCollana: <a href=\"https:\/\/www.ledizioni.it\/en\/product-category\/politica\/il-quant\/\">Il Quant<\/a><br \/>\nFormato: brossura, 111 p. &#8211; ePub<br \/>\nISBN cartaceo: 9788867059683<br \/>\nISBN ePub: 9788867059621<br \/>\nPrezzo cartaceo: 14,90 \u20ac<br \/>\nPrezzo ePub: 4,99 \u20ac<\/p>\n<p><a href=\"https:\/\/www.ledizioni.it\/stag\/wp-content\/uploads\/2019\/07\/Estratto_Ferraresi.pdf\">Leggi un estratto<\/a><\/p>","protected":false},"excerpt":{"rendered":"<p>Da Di Maio e Salvini, da Trump alla Brexit, lo stile di comunicazione politica dove chi grida di pi\u00f9 ha<\/p>","protected":false},"featured_media":23970,"comment_status":"open","ping_status":"closed","template":"","meta":{"_acf_changed":false},"product_brand":[],"product_cat":[1952,2614],"product_tag":[1335,2527,1068,1838,792,916,1649,853,872],"class_list":{"0":"post-23969","1":"product","2":"type-product","3":"status-publish","4":"has-post-thumbnail","6":"product_cat-il-quant","7":"product_cat-offerte","8":"product_tag-comunicazione","9":"product_tag-comunicazione-e-politica","10":"product_tag-facebook","11":"product_tag-giornali","12":"product_tag-linguaggio","13":"product_tag-internet","14":"product_tag-propaganda","15":"product_tag-social-media","16":"product_tag-televisione","17":"pa_formato-cartaceo","18":"pa_formato-ebook-in-epub","20":"first","21":"instock","22":"sale","23":"featured","24":"shipping-taxable","25":"purchasable","26":"product-type-variable"},"acf":[],"yoast_head":"<!-- This site is optimized with the Yoast SEO plugin v27.4 - https:\/\/yoast.com\/product\/yoast-seo-wordpress\/ -->\n<title>CORTOCIRCUITO -<\/title>\n<meta name=\"description\" content=\"Ledizioni - Innovative Publishing. Casa editrice universitaria. Open Access. eBook, ePub. Creative Commons.\" \/>\n<meta name=\"robots\" content=\"index, follow, max-snippet:-1, max-image-preview:large, max-video-preview:-1\" \/>\n<link rel=\"canonical\" href=\"https:\/\/www.ledizioni.it\/en\/product\/cortocircuito\/\" \/>\n<meta property=\"og:locale\" content=\"en_GB\" \/>\n<meta property=\"og:type\" content=\"article\" \/>\n<meta property=\"og:title\" content=\"CORTOCIRCUITO -\" \/>\n<meta property=\"og:description\" content=\"Ledizioni - Innovative Publishing. Casa editrice universitaria. Open Access. eBook, ePub. Creative Commons.\" \/>\n<meta property=\"og:url\" content=\"https:\/\/www.ledizioni.it\/en\/product\/cortocircuito\/\" \/>\n<meta property=\"og:site_name\" content=\"Ledizioni\" \/>\n<meta property=\"article:publisher\" content=\"https:\/\/www.facebook.com\/pages\/Ledizioni-LediPublishing\/109120559173329\" \/>\n<meta property=\"article:modified_time\" content=\"2022-10-26T10:03:56+00:00\" \/>\n<meta property=\"og:image\" content=\"https:\/\/www.ledizioni.it\/stag\/wp-content\/uploads\/2019\/07\/Cover_Ferraresi_3D.jpg\" \/>\n\t<meta property=\"og:image:width\" content=\"400\" \/>\n\t<meta property=\"og:image:height\" content=\"504\" \/>\n\t<meta property=\"og:image:type\" content=\"image\/jpeg\" \/>\n<meta name=\"twitter:card\" content=\"summary_large_image\" \/>\n<meta name=\"twitter:site\" content=\"@ledizioni\" \/>\n<meta name=\"twitter:label1\" content=\"Estimated reading time\" \/>\n\t<meta name=\"twitter:data1\" content=\"1 minute\" \/>\n<script type=\"application\/ld+json\" class=\"yoast-schema-graph\">{\"@context\":\"https:\\\/\\\/schema.org\",\"@graph\":[{\"@type\":\"WebPage\",\"@id\":\"https:\\\/\\\/www.ledizioni.it\\\/prodotto\\\/cortocircuito\\\/\",\"url\":\"https:\\\/\\\/www.ledizioni.it\\\/prodotto\\\/cortocircuito\\\/\",\"name\":\"CORTOCIRCUITO -\",\"isPartOf\":{\"@id\":\"https:\\\/\\\/www.ledizioni.it\\\/#website\"},\"primaryImageOfPage\":{\"@id\":\"https:\\\/\\\/www.ledizioni.it\\\/prodotto\\\/cortocircuito\\\/#primaryimage\"},\"image\":{\"@id\":\"https:\\\/\\\/www.ledizioni.it\\\/prodotto\\\/cortocircuito\\\/#primaryimage\"},\"thumbnailUrl\":\"https:\\\/\\\/www.ledizioni.it\\\/stag\\\/wp-content\\\/uploads\\\/2019\\\/07\\\/Cover_Ferraresi_3D.jpg\",\"datePublished\":\"2019-07-03T08:43:31+00:00\",\"dateModified\":\"2022-10-26T10:03:56+00:00\",\"description\":\"Ledizioni - Innovative Publishing. Casa editrice universitaria. Open Access. eBook, ePub. Creative Commons.\",\"breadcrumb\":{\"@id\":\"https:\\\/\\\/www.ledizioni.it\\\/prodotto\\\/cortocircuito\\\/#breadcrumb\"},\"inLanguage\":\"en-GB\",\"potentialAction\":[{\"@type\":\"ReadAction\",\"target\":[\"https:\\\/\\\/www.ledizioni.it\\\/prodotto\\\/cortocircuito\\\/\"]}]},{\"@type\":\"ImageObject\",\"inLanguage\":\"en-GB\",\"@id\":\"https:\\\/\\\/www.ledizioni.it\\\/prodotto\\\/cortocircuito\\\/#primaryimage\",\"url\":\"https:\\\/\\\/www.ledizioni.it\\\/stag\\\/wp-content\\\/uploads\\\/2019\\\/07\\\/Cover_Ferraresi_3D.jpg\",\"contentUrl\":\"https:\\\/\\\/www.ledizioni.it\\\/stag\\\/wp-content\\\/uploads\\\/2019\\\/07\\\/Cover_Ferraresi_3D.jpg\",\"width\":400,\"height\":504},{\"@type\":\"BreadcrumbList\",\"@id\":\"https:\\\/\\\/www.ledizioni.it\\\/prodotto\\\/cortocircuito\\\/#breadcrumb\",\"itemListElement\":[{\"@type\":\"ListItem\",\"position\":1,\"name\":\"Shop\",\"item\":\"https:\\\/\\\/www.ledizioni.it\\\/shop-2\\\/\"},{\"@type\":\"ListItem\",\"position\":2,\"name\":\"CORTOCIRCUITO\"}]},{\"@type\":\"WebSite\",\"@id\":\"https:\\\/\\\/www.ledizioni.it\\\/#website\",\"url\":\"https:\\\/\\\/www.ledizioni.it\\\/\",\"name\":\"Ledizioni\",\"description\":\"The Innovative LediPublishing Company - Casa Editrice Universitaria\",\"publisher\":{\"@id\":\"https:\\\/\\\/www.ledizioni.it\\\/#organization\"},\"potentialAction\":[{\"@type\":\"SearchAction\",\"target\":{\"@type\":\"EntryPoint\",\"urlTemplate\":\"https:\\\/\\\/www.ledizioni.it\\\/?s={search_term_string}\"},\"query-input\":{\"@type\":\"PropertyValueSpecification\",\"valueRequired\":true,\"valueName\":\"search_term_string\"}}],\"inLanguage\":\"en-GB\"},{\"@type\":\"Organization\",\"@id\":\"https:\\\/\\\/www.ledizioni.it\\\/#organization\",\"name\":\"Ledizioni\",\"url\":\"https:\\\/\\\/www.ledizioni.it\\\/\",\"logo\":{\"@type\":\"ImageObject\",\"inLanguage\":\"en-GB\",\"@id\":\"https:\\\/\\\/www.ledizioni.it\\\/#\\\/schema\\\/logo\\\/image\\\/\",\"url\":\"https:\\\/\\\/www.ledizioni.it\\\/stag\\\/wp-content\\\/uploads\\\/2023\\\/10\\\/newlogoledizioni500x110_2-1.jpg\",\"contentUrl\":\"https:\\\/\\\/www.ledizioni.it\\\/stag\\\/wp-content\\\/uploads\\\/2023\\\/10\\\/newlogoledizioni500x110_2-1.jpg\",\"width\":354,\"height\":87,\"caption\":\"Ledizioni\"},\"image\":{\"@id\":\"https:\\\/\\\/www.ledizioni.it\\\/#\\\/schema\\\/logo\\\/image\\\/\"},\"sameAs\":[\"https:\\\/\\\/www.facebook.com\\\/pages\\\/Ledizioni-LediPublishing\\\/109120559173329\",\"https:\\\/\\\/x.com\\\/ledizioni\"]}]}<\/script>\n<!-- \/ Yoast SEO plugin. -->","yoast_head_json":{"title":"CORTOCIRCUITO -","description":"Ledizioni - Innovative Publishing. Casa editrice universitaria. Open Access. eBook, ePub. Creative Commons.","robots":{"index":"index","follow":"follow","max-snippet":"max-snippet:-1","max-image-preview":"max-image-preview:large","max-video-preview":"max-video-preview:-1"},"canonical":"https:\/\/www.ledizioni.it\/en\/product\/cortocircuito\/","og_locale":"en_GB","og_type":"article","og_title":"CORTOCIRCUITO -","og_description":"Ledizioni - Innovative Publishing. Casa editrice universitaria. Open Access. eBook, ePub. Creative Commons.","og_url":"https:\/\/www.ledizioni.it\/en\/product\/cortocircuito\/","og_site_name":"Ledizioni","article_publisher":"https:\/\/www.facebook.com\/pages\/Ledizioni-LediPublishing\/109120559173329","article_modified_time":"2022-10-26T10:03:56+00:00","og_image":[{"width":400,"height":504,"url":"https:\/\/www.ledizioni.it\/stag\/wp-content\/uploads\/2019\/07\/Cover_Ferraresi_3D.jpg","type":"image\/jpeg"}],"twitter_card":"summary_large_image","twitter_site":"@ledizioni","twitter_misc":{"Estimated reading time":"1 minute"},"schema":{"@context":"https:\/\/schema.org","@graph":[{"@type":"WebPage","@id":"https:\/\/www.ledizioni.it\/prodotto\/cortocircuito\/","url":"https:\/\/www.ledizioni.it\/prodotto\/cortocircuito\/","name":"CORTOCIRCUITO -","isPartOf":{"@id":"https:\/\/www.ledizioni.it\/#website"},"primaryImageOfPage":{"@id":"https:\/\/www.ledizioni.it\/prodotto\/cortocircuito\/#primaryimage"},"image":{"@id":"https:\/\/www.ledizioni.it\/prodotto\/cortocircuito\/#primaryimage"},"thumbnailUrl":"https:\/\/www.ledizioni.it\/stag\/wp-content\/uploads\/2019\/07\/Cover_Ferraresi_3D.jpg","datePublished":"2019-07-03T08:43:31+00:00","dateModified":"2022-10-26T10:03:56+00:00","description":"Ledizioni - Innovative Publishing. Casa editrice universitaria. Open Access. eBook, ePub. Creative Commons.","breadcrumb":{"@id":"https:\/\/www.ledizioni.it\/prodotto\/cortocircuito\/#breadcrumb"},"inLanguage":"en-GB","potentialAction":[{"@type":"ReadAction","target":["https:\/\/www.ledizioni.it\/prodotto\/cortocircuito\/"]}]},{"@type":"ImageObject","inLanguage":"en-GB","@id":"https:\/\/www.ledizioni.it\/prodotto\/cortocircuito\/#primaryimage","url":"https:\/\/www.ledizioni.it\/stag\/wp-content\/uploads\/2019\/07\/Cover_Ferraresi_3D.jpg","contentUrl":"https:\/\/www.ledizioni.it\/stag\/wp-content\/uploads\/2019\/07\/Cover_Ferraresi_3D.jpg","width":400,"height":504},{"@type":"BreadcrumbList","@id":"https:\/\/www.ledizioni.it\/prodotto\/cortocircuito\/#breadcrumb","itemListElement":[{"@type":"ListItem","position":1,"name":"Shop","item":"https:\/\/www.ledizioni.it\/shop-2\/"},{"@type":"ListItem","position":2,"name":"CORTOCIRCUITO"}]},{"@type":"WebSite","@id":"https:\/\/www.ledizioni.it\/#website","url":"https:\/\/www.ledizioni.it\/","name":"Ledizioni","description":"The Innovative LediPublishing Company - Casa Editrice Universitaria","publisher":{"@id":"https:\/\/www.ledizioni.it\/#organization"},"potentialAction":[{"@type":"SearchAction","target":{"@type":"EntryPoint","urlTemplate":"https:\/\/www.ledizioni.it\/?s={search_term_string}"},"query-input":{"@type":"PropertyValueSpecification","valueRequired":true,"valueName":"search_term_string"}}],"inLanguage":"en-GB"},{"@type":"Organization","@id":"https:\/\/www.ledizioni.it\/#organization","name":"Ledizioni","url":"https:\/\/www.ledizioni.it\/","logo":{"@type":"ImageObject","inLanguage":"en-GB","@id":"https:\/\/www.ledizioni.it\/#\/schema\/logo\/image\/","url":"https:\/\/www.ledizioni.it\/stag\/wp-content\/uploads\/2023\/10\/newlogoledizioni500x110_2-1.jpg","contentUrl":"https:\/\/www.ledizioni.it\/stag\/wp-content\/uploads\/2023\/10\/newlogoledizioni500x110_2-1.jpg","width":354,"height":87,"caption":"Ledizioni"},"image":{"@id":"https:\/\/www.ledizioni.it\/#\/schema\/logo\/image\/"},"sameAs":["https:\/\/www.facebook.com\/pages\/Ledizioni-LediPublishing\/109120559173329","https:\/\/x.com\/ledizioni"]}]}},"jetpack_sharing_enabled":true,"_links":{"self":[{"href":"https:\/\/www.ledizioni.it\/en\/wp-json\/wp\/v2\/product\/23969","targetHints":{"allow":["GET"]}}],"collection":[{"href":"https:\/\/www.ledizioni.it\/en\/wp-json\/wp\/v2\/product"}],"about":[{"href":"https:\/\/www.ledizioni.it\/en\/wp-json\/wp\/v2\/types\/product"}],"replies":[{"embeddable":true,"href":"https:\/\/www.ledizioni.it\/en\/wp-json\/wp\/v2\/comments?post=23969"}],"version-history":[{"count":1,"href":"https:\/\/www.ledizioni.it\/en\/wp-json\/wp\/v2\/product\/23969\/revisions"}],"predecessor-version":[{"id":24156,"href":"https:\/\/www.ledizioni.it\/en\/wp-json\/wp\/v2\/product\/23969\/revisions\/24156"}],"wp:featuredmedia":[{"embeddable":true,"href":"https:\/\/www.ledizioni.it\/en\/wp-json\/wp\/v2\/media\/23970"}],"wp:attachment":[{"href":"https:\/\/www.ledizioni.it\/en\/wp-json\/wp\/v2\/media?parent=23969"}],"wp:term":[{"taxonomy":"product_brand","embeddable":true,"href":"https:\/\/www.ledizioni.it\/en\/wp-json\/wp\/v2\/product_brand?post=23969"},{"taxonomy":"product_cat","embeddable":true,"href":"https:\/\/www.ledizioni.it\/en\/wp-json\/wp\/v2\/product_cat?post=23969"},{"taxonomy":"product_tag","embeddable":true,"href":"https:\/\/www.ledizioni.it\/en\/wp-json\/wp\/v2\/product_tag?post=23969"}],"curies":[{"name":"wp","href":"https:\/\/api.w.org\/{rel}","templated":true}]}}