{"id":24070,"date":"2019-07-11T11:33:31","date_gmt":"2019-07-11T09:33:31","guid":{"rendered":"https:\/\/www.ledizioni.it\/?post_type=product&#038;p=24070"},"modified":"2024-01-25T04:43:52","modified_gmt":"2024-01-25T02:43:52","slug":"scienza-e-tecnologia-superare-il-gender-gap","status":"publish","type":"product","link":"https:\/\/www.ledizioni.it\/en\/product\/scienza-e-tecnologia-superare-il-gender-gap\/","title":{"rendered":"SCIENZA E TECNOLOGIA: SUPERARE IL GENDER GAP"},"content":{"rendered":"<p style=\"text-align: justify;\">Donne e lavoro costituiscono da sempre un binomio complesso, particolarmente segnato oggi dalle rapide trasformazioni tecnologiche della quarta rivoluzione industriale. La persistenza di stereotipi di genere e la scarsa presenza femminile nei percorsi formativi e educativi tecnico scientifici, i cosiddetti settori STEM (Science, Technology, Engeenring and Math) condiziona la loro partecipazione ad un mercato del lavoro qualificato. Di che genere sar\u00e0 la quarta rivoluzione industriale, come superare il divario di genere nelle STEM? Quanto tempo ci vorr\u00e0 e quali sono le competenze richieste? Il futuro \u00e8 gi\u00e0 dentro la scuola di oggi nelle sue metodologie e nei suoi contenuti? Queste e molte altre sono le domande a cui il libro cerca di dare una riposta. La base empirica \u00e8 una ricerca che ha coinvolto una rete di studenti e docenti di scuole superiori torinesi, imprese ricercatori e istituzioni. Si \u00e8 quindi costruito un percorso di formazione orientato al coinvolgimento di ragazze e ragazzi come cittadini attivi e partecipi della quarta rivoluzione industriale. Il volume offre uno strumento di riflessione per docenti, studenti, genitori, studiosi, operatori politici e sociali, interessati ad affrontare in una ottica di eguaglianza di opportunit\u00e0 le sfide che le trasformazioni socio economiche portano con s\u00e9.<\/p>\n<p><strong>DATI BIBLIOGRAFICI<\/strong><br \/>\nAutori: Mariella Berra, Giulia Maria Cavaletto<br \/>\nEditore: Ledizioni<br \/>\nCollana: <a href=\"https:\/\/www.ledizioni.it\/en\/collane\/467-2\/esplorazioni-urbane\/\">Esplorazioni urbane<\/a><br \/>\nPubblicato nel: giugno 2019<br \/>\nFormato: brossura, 90 p.<br \/>\nISBN cartaceo: 9788867059751<br \/>\nISBN ePub: 9788855260442<br \/>\nPrezzo cartaceo: 14 \u20ac<br \/>\nPrezzo ePub: 6,99 \u20ac<\/p>","protected":false},"excerpt":{"rendered":"<p>Donne e lavoro costituiscono da sempre un binomio complesso, particolarmente segnato oggi dalle rapide trasformazioni tecnologiche della quarta rivoluzione industriale.<\/p>","protected":false},"featured_media":24071,"comment_status":"open","ping_status":"closed","template":"","meta":{"_acf_changed":false},"product_brand":[],"product_cat":[1654,27],"product_tag":[554,764,1574,1018],"class_list":{"0":"post-24070","1":"product","2":"type-product","3":"status-publish","4":"has-post-thumbnail","6":"product_cat-esplorazioni-urbane","7":"product_cat-sociology","8":"product_tag-donne","9":"product_tag-open-access-2","10":"product_tag-scienza","11":"product_tag-tecnologia","12":"pa_formato-cartaceo","13":"pa_formato-ebook-in-epub","14":"pa_formato-ebook-in-pdf","16":"first","17":"instock","18":"featured","19":"shipping-taxable","20":"purchasable","21":"product-type-variable"},"acf":[],"yoast_head":"<!-- This site is optimized with the Yoast SEO plugin v27.3 - https:\/\/yoast.com\/product\/yoast-seo-wordpress\/ -->\n<title>SCIENZA E TECNOLOGIA: SUPERARE IL GENDER GAP -<\/title>\n<meta name=\"description\" content=\"Ledizioni - Innovative Publishing. Casa editrice universitaria. Open Access. eBook, ePub. Creative Commons.\" \/>\n<meta name=\"robots\" content=\"index, follow, max-snippet:-1, max-image-preview:large, max-video-preview:-1\" \/>\n<link rel=\"canonical\" href=\"https:\/\/www.ledizioni.it\/en\/product\/scienza-e-tecnologia-superare-il-gender-gap\/\" \/>\n<meta property=\"og:locale\" content=\"en_GB\" \/>\n<meta property=\"og:type\" content=\"article\" \/>\n<meta property=\"og:title\" content=\"SCIENZA E TECNOLOGIA: SUPERARE IL GENDER GAP -\" \/>\n<meta property=\"og:description\" content=\"Ledizioni - Innovative Publishing. Casa editrice universitaria. Open Access. eBook, ePub. Creative Commons.\" \/>\n<meta property=\"og:url\" content=\"https:\/\/www.ledizioni.it\/en\/product\/scienza-e-tecnologia-superare-il-gender-gap\/\" \/>\n<meta property=\"og:site_name\" content=\"Ledizioni\" \/>\n<meta property=\"article:publisher\" content=\"https:\/\/www.facebook.com\/pages\/Ledizioni-LediPublishing\/109120559173329\" \/>\n<meta property=\"article:modified_time\" content=\"2024-01-25T02:43:52+00:00\" \/>\n<meta property=\"og:image\" content=\"https:\/\/www.ledizioni.it\/stag\/wp-content\/uploads\/2019\/07\/MBerra_3D.jpg\" \/>\n\t<meta property=\"og:image:width\" content=\"400\" \/>\n\t<meta property=\"og:image:height\" content=\"532\" \/>\n\t<meta property=\"og:image:type\" content=\"image\/jpeg\" \/>\n<meta name=\"twitter:card\" content=\"summary_large_image\" \/>\n<meta name=\"twitter:site\" content=\"@ledizioni\" \/>\n<meta name=\"twitter:label1\" content=\"Estimated reading time\" \/>\n\t<meta name=\"twitter:data1\" content=\"1 minute\" \/>\n<script type=\"application\/ld+json\" class=\"yoast-schema-graph\">{\"@context\":\"https:\\\/\\\/schema.org\",\"@graph\":[{\"@type\":\"WebPage\",\"@id\":\"https:\\\/\\\/www.ledizioni.it\\\/en\\\/product\\\/scienza-e-tecnologia-superare-il-gender-gap\\\/\",\"url\":\"https:\\\/\\\/www.ledizioni.it\\\/en\\\/product\\\/scienza-e-tecnologia-superare-il-gender-gap\\\/\",\"name\":\"SCIENZA E TECNOLOGIA: SUPERARE IL GENDER GAP -\",\"isPartOf\":{\"@id\":\"https:\\\/\\\/www.ledizioni.it\\\/#website\"},\"primaryImageOfPage\":{\"@id\":\"https:\\\/\\\/www.ledizioni.it\\\/en\\\/product\\\/scienza-e-tecnologia-superare-il-gender-gap\\\/#primaryimage\"},\"image\":{\"@id\":\"https:\\\/\\\/www.ledizioni.it\\\/en\\\/product\\\/scienza-e-tecnologia-superare-il-gender-gap\\\/#primaryimage\"},\"thumbnailUrl\":\"https:\\\/\\\/www.ledizioni.it\\\/stag\\\/wp-content\\\/uploads\\\/2019\\\/07\\\/MBerra_3D.jpg\",\"datePublished\":\"2019-07-11T09:33:31+00:00\",\"dateModified\":\"2024-01-25T02:43:52+00:00\",\"description\":\"Ledizioni - Innovative Publishing. Casa editrice universitaria. Open Access. eBook, ePub. Creative Commons.\",\"breadcrumb\":{\"@id\":\"https:\\\/\\\/www.ledizioni.it\\\/en\\\/product\\\/scienza-e-tecnologia-superare-il-gender-gap\\\/#breadcrumb\"},\"inLanguage\":\"en-GB\",\"potentialAction\":[{\"@type\":\"ReadAction\",\"target\":[\"https:\\\/\\\/www.ledizioni.it\\\/en\\\/product\\\/scienza-e-tecnologia-superare-il-gender-gap\\\/\"]}]},{\"@type\":\"ImageObject\",\"inLanguage\":\"en-GB\",\"@id\":\"https:\\\/\\\/www.ledizioni.it\\\/en\\\/product\\\/scienza-e-tecnologia-superare-il-gender-gap\\\/#primaryimage\",\"url\":\"https:\\\/\\\/www.ledizioni.it\\\/stag\\\/wp-content\\\/uploads\\\/2019\\\/07\\\/MBerra_3D.jpg\",\"contentUrl\":\"https:\\\/\\\/www.ledizioni.it\\\/stag\\\/wp-content\\\/uploads\\\/2019\\\/07\\\/MBerra_3D.jpg\",\"width\":400,\"height\":532},{\"@type\":\"BreadcrumbList\",\"@id\":\"https:\\\/\\\/www.ledizioni.it\\\/en\\\/product\\\/scienza-e-tecnologia-superare-il-gender-gap\\\/#breadcrumb\",\"itemListElement\":[{\"@type\":\"ListItem\",\"position\":1,\"name\":\"Shop\",\"item\":\"https:\\\/\\\/www.ledizioni.it\\\/shop-2\\\/\"},{\"@type\":\"ListItem\",\"position\":2,\"name\":\"SCIENZA E TECNOLOGIA: SUPERARE IL GENDER GAP\"}]},{\"@type\":\"WebSite\",\"@id\":\"https:\\\/\\\/www.ledizioni.it\\\/#website\",\"url\":\"https:\\\/\\\/www.ledizioni.it\\\/\",\"name\":\"Ledizioni\",\"description\":\"The Innovative LediPublishing Company - Casa Editrice Universitaria\",\"publisher\":{\"@id\":\"https:\\\/\\\/www.ledizioni.it\\\/#organization\"},\"potentialAction\":[{\"@type\":\"SearchAction\",\"target\":{\"@type\":\"EntryPoint\",\"urlTemplate\":\"https:\\\/\\\/www.ledizioni.it\\\/?s={search_term_string}\"},\"query-input\":{\"@type\":\"PropertyValueSpecification\",\"valueRequired\":true,\"valueName\":\"search_term_string\"}}],\"inLanguage\":\"en-GB\"},{\"@type\":\"Organization\",\"@id\":\"https:\\\/\\\/www.ledizioni.it\\\/#organization\",\"name\":\"Ledizioni\",\"url\":\"https:\\\/\\\/www.ledizioni.it\\\/\",\"logo\":{\"@type\":\"ImageObject\",\"inLanguage\":\"en-GB\",\"@id\":\"https:\\\/\\\/www.ledizioni.it\\\/#\\\/schema\\\/logo\\\/image\\\/\",\"url\":\"https:\\\/\\\/www.ledizioni.it\\\/stag\\\/wp-content\\\/uploads\\\/2023\\\/10\\\/newlogoledizioni500x110_2-1.jpg\",\"contentUrl\":\"https:\\\/\\\/www.ledizioni.it\\\/stag\\\/wp-content\\\/uploads\\\/2023\\\/10\\\/newlogoledizioni500x110_2-1.jpg\",\"width\":354,\"height\":87,\"caption\":\"Ledizioni\"},\"image\":{\"@id\":\"https:\\\/\\\/www.ledizioni.it\\\/#\\\/schema\\\/logo\\\/image\\\/\"},\"sameAs\":[\"https:\\\/\\\/www.facebook.com\\\/pages\\\/Ledizioni-LediPublishing\\\/109120559173329\",\"https:\\\/\\\/x.com\\\/ledizioni\"]}]}<\/script>\n<!-- \/ Yoast SEO plugin. -->","yoast_head_json":{"title":"SCIENZA E TECNOLOGIA: SUPERARE IL GENDER GAP -","description":"Ledizioni - Innovative Publishing. Casa editrice universitaria. Open Access. eBook, ePub. Creative Commons.","robots":{"index":"index","follow":"follow","max-snippet":"max-snippet:-1","max-image-preview":"max-image-preview:large","max-video-preview":"max-video-preview:-1"},"canonical":"https:\/\/www.ledizioni.it\/en\/product\/scienza-e-tecnologia-superare-il-gender-gap\/","og_locale":"en_GB","og_type":"article","og_title":"SCIENZA E TECNOLOGIA: SUPERARE IL GENDER GAP -","og_description":"Ledizioni - Innovative Publishing. Casa editrice universitaria. Open Access. eBook, ePub. Creative Commons.","og_url":"https:\/\/www.ledizioni.it\/en\/product\/scienza-e-tecnologia-superare-il-gender-gap\/","og_site_name":"Ledizioni","article_publisher":"https:\/\/www.facebook.com\/pages\/Ledizioni-LediPublishing\/109120559173329","article_modified_time":"2024-01-25T02:43:52+00:00","og_image":[{"width":400,"height":532,"url":"https:\/\/www.ledizioni.it\/stag\/wp-content\/uploads\/2019\/07\/MBerra_3D.jpg","type":"image\/jpeg"}],"twitter_card":"summary_large_image","twitter_site":"@ledizioni","twitter_misc":{"Estimated reading time":"1 minute"},"schema":{"@context":"https:\/\/schema.org","@graph":[{"@type":"WebPage","@id":"https:\/\/www.ledizioni.it\/en\/product\/scienza-e-tecnologia-superare-il-gender-gap\/","url":"https:\/\/www.ledizioni.it\/en\/product\/scienza-e-tecnologia-superare-il-gender-gap\/","name":"SCIENZA E TECNOLOGIA: SUPERARE IL GENDER GAP -","isPartOf":{"@id":"https:\/\/www.ledizioni.it\/#website"},"primaryImageOfPage":{"@id":"https:\/\/www.ledizioni.it\/en\/product\/scienza-e-tecnologia-superare-il-gender-gap\/#primaryimage"},"image":{"@id":"https:\/\/www.ledizioni.it\/en\/product\/scienza-e-tecnologia-superare-il-gender-gap\/#primaryimage"},"thumbnailUrl":"https:\/\/www.ledizioni.it\/stag\/wp-content\/uploads\/2019\/07\/MBerra_3D.jpg","datePublished":"2019-07-11T09:33:31+00:00","dateModified":"2024-01-25T02:43:52+00:00","description":"Ledizioni - Innovative Publishing. Casa editrice universitaria. Open Access. eBook, ePub. Creative Commons.","breadcrumb":{"@id":"https:\/\/www.ledizioni.it\/en\/product\/scienza-e-tecnologia-superare-il-gender-gap\/#breadcrumb"},"inLanguage":"en-GB","potentialAction":[{"@type":"ReadAction","target":["https:\/\/www.ledizioni.it\/en\/product\/scienza-e-tecnologia-superare-il-gender-gap\/"]}]},{"@type":"ImageObject","inLanguage":"en-GB","@id":"https:\/\/www.ledizioni.it\/en\/product\/scienza-e-tecnologia-superare-il-gender-gap\/#primaryimage","url":"https:\/\/www.ledizioni.it\/stag\/wp-content\/uploads\/2019\/07\/MBerra_3D.jpg","contentUrl":"https:\/\/www.ledizioni.it\/stag\/wp-content\/uploads\/2019\/07\/MBerra_3D.jpg","width":400,"height":532},{"@type":"BreadcrumbList","@id":"https:\/\/www.ledizioni.it\/en\/product\/scienza-e-tecnologia-superare-il-gender-gap\/#breadcrumb","itemListElement":[{"@type":"ListItem","position":1,"name":"Shop","item":"https:\/\/www.ledizioni.it\/shop-2\/"},{"@type":"ListItem","position":2,"name":"SCIENZA E TECNOLOGIA: SUPERARE IL GENDER GAP"}]},{"@type":"WebSite","@id":"https:\/\/www.ledizioni.it\/#website","url":"https:\/\/www.ledizioni.it\/","name":"Ledizioni","description":"The Innovative LediPublishing Company - Casa Editrice Universitaria","publisher":{"@id":"https:\/\/www.ledizioni.it\/#organization"},"potentialAction":[{"@type":"SearchAction","target":{"@type":"EntryPoint","urlTemplate":"https:\/\/www.ledizioni.it\/?s={search_term_string}"},"query-input":{"@type":"PropertyValueSpecification","valueRequired":true,"valueName":"search_term_string"}}],"inLanguage":"en-GB"},{"@type":"Organization","@id":"https:\/\/www.ledizioni.it\/#organization","name":"Ledizioni","url":"https:\/\/www.ledizioni.it\/","logo":{"@type":"ImageObject","inLanguage":"en-GB","@id":"https:\/\/www.ledizioni.it\/#\/schema\/logo\/image\/","url":"https:\/\/www.ledizioni.it\/stag\/wp-content\/uploads\/2023\/10\/newlogoledizioni500x110_2-1.jpg","contentUrl":"https:\/\/www.ledizioni.it\/stag\/wp-content\/uploads\/2023\/10\/newlogoledizioni500x110_2-1.jpg","width":354,"height":87,"caption":"Ledizioni"},"image":{"@id":"https:\/\/www.ledizioni.it\/#\/schema\/logo\/image\/"},"sameAs":["https:\/\/www.facebook.com\/pages\/Ledizioni-LediPublishing\/109120559173329","https:\/\/x.com\/ledizioni"]}]}},"jetpack_sharing_enabled":true,"_links":{"self":[{"href":"https:\/\/www.ledizioni.it\/en\/wp-json\/wp\/v2\/product\/24070","targetHints":{"allow":["GET"]}}],"collection":[{"href":"https:\/\/www.ledizioni.it\/en\/wp-json\/wp\/v2\/product"}],"about":[{"href":"https:\/\/www.ledizioni.it\/en\/wp-json\/wp\/v2\/types\/product"}],"replies":[{"embeddable":true,"href":"https:\/\/www.ledizioni.it\/en\/wp-json\/wp\/v2\/comments?post=24070"}],"version-history":[{"count":1,"href":"https:\/\/www.ledizioni.it\/en\/wp-json\/wp\/v2\/product\/24070\/revisions"}],"predecessor-version":[{"id":24075,"href":"https:\/\/www.ledizioni.it\/en\/wp-json\/wp\/v2\/product\/24070\/revisions\/24075"}],"wp:featuredmedia":[{"embeddable":true,"href":"https:\/\/www.ledizioni.it\/en\/wp-json\/wp\/v2\/media\/24071"}],"wp:attachment":[{"href":"https:\/\/www.ledizioni.it\/en\/wp-json\/wp\/v2\/media?parent=24070"}],"wp:term":[{"taxonomy":"product_brand","embeddable":true,"href":"https:\/\/www.ledizioni.it\/en\/wp-json\/wp\/v2\/product_brand?post=24070"},{"taxonomy":"product_cat","embeddable":true,"href":"https:\/\/www.ledizioni.it\/en\/wp-json\/wp\/v2\/product_cat?post=24070"},{"taxonomy":"product_tag","embeddable":true,"href":"https:\/\/www.ledizioni.it\/en\/wp-json\/wp\/v2\/product_tag?post=24070"}],"curies":[{"name":"wp","href":"https:\/\/api.w.org\/{rel}","templated":true}]}}