{"id":24442,"date":"2019-08-01T17:49:34","date_gmt":"2019-08-01T15:49:34","guid":{"rendered":"https:\/\/www.ledizioni.it\/?post_type=product&#038;p=24442"},"modified":"2022-07-11T17:21:12","modified_gmt":"2022-07-11T15:21:12","slug":"rivista-italiana-di-paleontologia-e-stratigrafia-vol-125-n-2-july-2019","status":"publish","type":"product","link":"https:\/\/www.ledizioni.it\/en\/product\/rivista-italiana-di-paleontologia-e-stratigrafia-vol-125-n-2-july-2019\/","title":{"rendered":"Rivista Italiana di Paleontologia e Stratigrafia, vol. 125, N.2 &#8211; July 2019"},"content":{"rendered":"<p style=\"text-align: justify;\"><strong>CONTENTS<\/strong><\/p>\n<ul>\n<li style=\"text-align: justify;\">Schlagintweit F., Kadivar Z. &amp; Rashidi K. &#8211; <em>Some microfossils (Dasycladales, benthic foraminifera, sponges) from the Upper Jurassic Mozduran Formation (NE Iran, Kopet-Dagh) and their biostratigraphic and palaeobiogeographic importance<\/em><\/li>\n<li style=\"text-align: justify;\">Selden P.A., Simonetto l. &amp; Marsiglio G. &#8211; <em>An effaced horseshoe crab (Arthropoda: Chelicerata: Xiphosura) from the Upper Carboniferous of the Carnic Alps (Friuli, NE Italy)<\/em><\/li>\n<li style=\"text-align: justify;\">Renesto S. &amp; Kustatscher E. &#8211; <em>A coelacanth fish from the Anisian (Middle Triassic) of the Dolomites<\/em><\/li>\n<li style=\"text-align: justify;\">Schwarzhans W. &amp; Ohe F. &#8211; <em>Lanternfish otoliths (Teleostei, Myctophidae) from the Pliocene and Pleistocene of Japan<\/em><\/li>\n<li style=\"text-align: justify;\">J\u00f3zsa \u0160. &#8211; <em>Early Tithonian deep-water colonization by benthic foraminifera in the Magura Basin (Pieniny Klippen Belt, Western Carpathians): a clue to the origins of deep-water foraminifera<\/em><\/li>\n<li style=\"text-align: justify;\">Ho\u015fg\u00f6r \u0130. &amp; Yilmaz \u0130.\u00f6. &#8211; <em>Paleogeographic northeastern limits of Aphrodina dutrugei (Cocquand, 1862) (Heterodonta, Bivalvia) from the Cenomanian of the Arabian Platform<\/em><\/li>\n<li style=\"text-align: justify;\">Parent H., Garrido A.C., Scherzinger A., Schweigert G. &amp; Brambilla l. &#8211; <em>Ammonites of the subfamily Zapaliinae from the Lower Tithonian of Estancia Mar\u00eda Juana, Vaca Muerta Formation (Portada Covunco Member), Neuqu\u00e9n Basin, Argentina<\/em><\/li>\n<li style=\"text-align: justify;\">Fonnesu M. &amp; Felletti F. &#8211; <em>Facies and architecture of a sand-rich turbidite system in an evolving collisional-trench basin: a case history from the Upper Cretaceous-Palaeocene Gottero System (Nw Apennines)<\/em><\/li>\n<li style=\"text-align: justify;\">Cherin M., Azzar\u00e0 B., Breda M., Brobia Ansoleaga A., Buzi C., Pandolfi l. &amp; Pazzaglia F. &#8211; <em>Large mammal remains from the Early Pleistocene site of Podere San Lorenzo (Perugia, central Italy)<\/em><\/li>\n<li style=\"text-align: justify;\">Khalifa B.K., Za\u00efbi C., Bonnin J., Carbonel P., Zouari K., Mnif T. &amp; Kamoun F. &#8211; <em>Holocene environment changes in the Hachichina Wetland (Gulf of Gabes, Tunisia) evidenced by Foraminifera and Ostracoda, geochemical proxies and sedimentological analyses<\/em><strong><br \/>\n<\/strong><\/li>\n<\/ul>","protected":false},"excerpt":{"rendered":"<p>CONTENTS Schlagintweit F., Kadivar Z. &amp; Rashidi K. &#8211; Some microfossils (Dasycladales, benthic foraminifera, sponges) from the Upper Jurassic Mozduran<\/p>","protected":false},"featured_media":24443,"comment_status":"open","ping_status":"closed","template":"","meta":{"_acf_changed":false},"product_brand":[],"product_cat":[1274],"product_tag":[764,1275],"class_list":{"0":"post-24442","1":"product","2":"type-product","3":"status-publish","4":"has-post-thumbnail","6":"product_cat-rivista-italiana-di-paleontologia-e-stratigrafia","7":"product_tag-open-access-2","8":"product_tag-terra","9":"pa_formato-cartaceo","10":"pa_formato-ebook-in-pdf","11":"pa_lingua-inglese","13":"first","14":"instock","15":"featured","16":"shipping-taxable","17":"purchasable","18":"product-type-variable"},"acf":[],"yoast_head":"<!-- This site is optimized with the Yoast SEO plugin v27.3 - https:\/\/yoast.com\/product\/yoast-seo-wordpress\/ -->\n<title>Rivista Italiana di Paleontologia e Stratigrafia, vol. 125, N.2 - July 2019 -<\/title>\n<meta name=\"description\" content=\"Ledizioni - Innovative Publishing. Casa editrice universitaria. Open Access. eBook, ePub. Creative Commons.\" \/>\n<meta name=\"robots\" content=\"index, follow, max-snippet:-1, max-image-preview:large, max-video-preview:-1\" \/>\n<link rel=\"canonical\" href=\"https:\/\/www.ledizioni.it\/en\/product\/rivista-italiana-di-paleontologia-e-stratigrafia-vol-125-n-2-july-2019\/\" \/>\n<meta property=\"og:locale\" content=\"en_GB\" \/>\n<meta property=\"og:type\" content=\"article\" \/>\n<meta property=\"og:title\" content=\"Rivista Italiana di Paleontologia e Stratigrafia, vol. 125, N.2 - July 2019 -\" \/>\n<meta property=\"og:description\" content=\"Ledizioni - Innovative Publishing. Casa editrice universitaria. Open Access. eBook, ePub. Creative Commons.\" \/>\n<meta property=\"og:url\" content=\"https:\/\/www.ledizioni.it\/en\/product\/rivista-italiana-di-paleontologia-e-stratigrafia-vol-125-n-2-july-2019\/\" \/>\n<meta property=\"og:site_name\" content=\"Ledizioni\" \/>\n<meta property=\"article:publisher\" content=\"https:\/\/www.facebook.com\/pages\/Ledizioni-LediPublishing\/109120559173329\" \/>\n<meta property=\"article:modified_time\" content=\"2022-07-11T15:21:12+00:00\" \/>\n<meta property=\"og:image\" content=\"https:\/\/www.ledizioni.it\/stag\/wp-content\/uploads\/2019\/08\/Paleo219_3D.jpg\" \/>\n\t<meta property=\"og:image:width\" content=\"400\" \/>\n\t<meta property=\"og:image:height\" content=\"502\" \/>\n\t<meta property=\"og:image:type\" content=\"image\/jpeg\" \/>\n<meta name=\"twitter:card\" content=\"summary_large_image\" \/>\n<meta name=\"twitter:site\" content=\"@ledizioni\" \/>\n<meta name=\"twitter:label1\" content=\"Estimated reading time\" \/>\n\t<meta name=\"twitter:data1\" content=\"1 minute\" \/>\n<script type=\"application\/ld+json\" class=\"yoast-schema-graph\">{\"@context\":\"https:\\\/\\\/schema.org\",\"@graph\":[{\"@type\":\"WebPage\",\"@id\":\"https:\\\/\\\/www.ledizioni.it\\\/prodotto\\\/rivista-italiana-di-paleontologia-e-stratigrafia-vol-125-n-2-july-2019\\\/\",\"url\":\"https:\\\/\\\/www.ledizioni.it\\\/prodotto\\\/rivista-italiana-di-paleontologia-e-stratigrafia-vol-125-n-2-july-2019\\\/\",\"name\":\"Rivista Italiana di Paleontologia e Stratigrafia, vol. 125, N.2 - July 2019 -\",\"isPartOf\":{\"@id\":\"https:\\\/\\\/www.ledizioni.it\\\/#website\"},\"primaryImageOfPage\":{\"@id\":\"https:\\\/\\\/www.ledizioni.it\\\/prodotto\\\/rivista-italiana-di-paleontologia-e-stratigrafia-vol-125-n-2-july-2019\\\/#primaryimage\"},\"image\":{\"@id\":\"https:\\\/\\\/www.ledizioni.it\\\/prodotto\\\/rivista-italiana-di-paleontologia-e-stratigrafia-vol-125-n-2-july-2019\\\/#primaryimage\"},\"thumbnailUrl\":\"https:\\\/\\\/www.ledizioni.it\\\/stag\\\/wp-content\\\/uploads\\\/2019\\\/08\\\/Paleo219_3D.jpg\",\"datePublished\":\"2019-08-01T15:49:34+00:00\",\"dateModified\":\"2022-07-11T15:21:12+00:00\",\"description\":\"Ledizioni - Innovative Publishing. Casa editrice universitaria. Open Access. eBook, ePub. Creative Commons.\",\"breadcrumb\":{\"@id\":\"https:\\\/\\\/www.ledizioni.it\\\/prodotto\\\/rivista-italiana-di-paleontologia-e-stratigrafia-vol-125-n-2-july-2019\\\/#breadcrumb\"},\"inLanguage\":\"en-GB\",\"potentialAction\":[{\"@type\":\"ReadAction\",\"target\":[\"https:\\\/\\\/www.ledizioni.it\\\/prodotto\\\/rivista-italiana-di-paleontologia-e-stratigrafia-vol-125-n-2-july-2019\\\/\"]}]},{\"@type\":\"ImageObject\",\"inLanguage\":\"en-GB\",\"@id\":\"https:\\\/\\\/www.ledizioni.it\\\/prodotto\\\/rivista-italiana-di-paleontologia-e-stratigrafia-vol-125-n-2-july-2019\\\/#primaryimage\",\"url\":\"https:\\\/\\\/www.ledizioni.it\\\/stag\\\/wp-content\\\/uploads\\\/2019\\\/08\\\/Paleo219_3D.jpg\",\"contentUrl\":\"https:\\\/\\\/www.ledizioni.it\\\/stag\\\/wp-content\\\/uploads\\\/2019\\\/08\\\/Paleo219_3D.jpg\",\"width\":400,\"height\":502},{\"@type\":\"BreadcrumbList\",\"@id\":\"https:\\\/\\\/www.ledizioni.it\\\/prodotto\\\/rivista-italiana-di-paleontologia-e-stratigrafia-vol-125-n-2-july-2019\\\/#breadcrumb\",\"itemListElement\":[{\"@type\":\"ListItem\",\"position\":1,\"name\":\"Shop\",\"item\":\"https:\\\/\\\/www.ledizioni.it\\\/shop-2\\\/\"},{\"@type\":\"ListItem\",\"position\":2,\"name\":\"Rivista Italiana di Paleontologia e Stratigrafia, vol. 125, N.2 &#8211; July 2019\"}]},{\"@type\":\"WebSite\",\"@id\":\"https:\\\/\\\/www.ledizioni.it\\\/#website\",\"url\":\"https:\\\/\\\/www.ledizioni.it\\\/\",\"name\":\"Ledizioni\",\"description\":\"The Innovative LediPublishing Company - Casa Editrice Universitaria\",\"publisher\":{\"@id\":\"https:\\\/\\\/www.ledizioni.it\\\/#organization\"},\"potentialAction\":[{\"@type\":\"SearchAction\",\"target\":{\"@type\":\"EntryPoint\",\"urlTemplate\":\"https:\\\/\\\/www.ledizioni.it\\\/?s={search_term_string}\"},\"query-input\":{\"@type\":\"PropertyValueSpecification\",\"valueRequired\":true,\"valueName\":\"search_term_string\"}}],\"inLanguage\":\"en-GB\"},{\"@type\":\"Organization\",\"@id\":\"https:\\\/\\\/www.ledizioni.it\\\/#organization\",\"name\":\"Ledizioni\",\"url\":\"https:\\\/\\\/www.ledizioni.it\\\/\",\"logo\":{\"@type\":\"ImageObject\",\"inLanguage\":\"en-GB\",\"@id\":\"https:\\\/\\\/www.ledizioni.it\\\/#\\\/schema\\\/logo\\\/image\\\/\",\"url\":\"https:\\\/\\\/www.ledizioni.it\\\/stag\\\/wp-content\\\/uploads\\\/2023\\\/10\\\/newlogoledizioni500x110_2-1.jpg\",\"contentUrl\":\"https:\\\/\\\/www.ledizioni.it\\\/stag\\\/wp-content\\\/uploads\\\/2023\\\/10\\\/newlogoledizioni500x110_2-1.jpg\",\"width\":354,\"height\":87,\"caption\":\"Ledizioni\"},\"image\":{\"@id\":\"https:\\\/\\\/www.ledizioni.it\\\/#\\\/schema\\\/logo\\\/image\\\/\"},\"sameAs\":[\"https:\\\/\\\/www.facebook.com\\\/pages\\\/Ledizioni-LediPublishing\\\/109120559173329\",\"https:\\\/\\\/x.com\\\/ledizioni\"]}]}<\/script>\n<!-- \/ Yoast SEO plugin. -->","yoast_head_json":{"title":"Rivista Italiana di Paleontologia e Stratigrafia, vol. 125, N.2 - July 2019 -","description":"Ledizioni - Innovative Publishing. Casa editrice universitaria. Open Access. eBook, ePub. Creative Commons.","robots":{"index":"index","follow":"follow","max-snippet":"max-snippet:-1","max-image-preview":"max-image-preview:large","max-video-preview":"max-video-preview:-1"},"canonical":"https:\/\/www.ledizioni.it\/en\/product\/rivista-italiana-di-paleontologia-e-stratigrafia-vol-125-n-2-july-2019\/","og_locale":"en_GB","og_type":"article","og_title":"Rivista Italiana di Paleontologia e Stratigrafia, vol. 125, N.2 - July 2019 -","og_description":"Ledizioni - Innovative Publishing. Casa editrice universitaria. Open Access. eBook, ePub. Creative Commons.","og_url":"https:\/\/www.ledizioni.it\/en\/product\/rivista-italiana-di-paleontologia-e-stratigrafia-vol-125-n-2-july-2019\/","og_site_name":"Ledizioni","article_publisher":"https:\/\/www.facebook.com\/pages\/Ledizioni-LediPublishing\/109120559173329","article_modified_time":"2022-07-11T15:21:12+00:00","og_image":[{"width":400,"height":502,"url":"https:\/\/www.ledizioni.it\/stag\/wp-content\/uploads\/2019\/08\/Paleo219_3D.jpg","type":"image\/jpeg"}],"twitter_card":"summary_large_image","twitter_site":"@ledizioni","twitter_misc":{"Estimated reading time":"1 minute"},"schema":{"@context":"https:\/\/schema.org","@graph":[{"@type":"WebPage","@id":"https:\/\/www.ledizioni.it\/prodotto\/rivista-italiana-di-paleontologia-e-stratigrafia-vol-125-n-2-july-2019\/","url":"https:\/\/www.ledizioni.it\/prodotto\/rivista-italiana-di-paleontologia-e-stratigrafia-vol-125-n-2-july-2019\/","name":"Rivista Italiana di Paleontologia e Stratigrafia, vol. 125, N.2 - July 2019 -","isPartOf":{"@id":"https:\/\/www.ledizioni.it\/#website"},"primaryImageOfPage":{"@id":"https:\/\/www.ledizioni.it\/prodotto\/rivista-italiana-di-paleontologia-e-stratigrafia-vol-125-n-2-july-2019\/#primaryimage"},"image":{"@id":"https:\/\/www.ledizioni.it\/prodotto\/rivista-italiana-di-paleontologia-e-stratigrafia-vol-125-n-2-july-2019\/#primaryimage"},"thumbnailUrl":"https:\/\/www.ledizioni.it\/stag\/wp-content\/uploads\/2019\/08\/Paleo219_3D.jpg","datePublished":"2019-08-01T15:49:34+00:00","dateModified":"2022-07-11T15:21:12+00:00","description":"Ledizioni - Innovative Publishing. Casa editrice universitaria. Open Access. eBook, ePub. Creative Commons.","breadcrumb":{"@id":"https:\/\/www.ledizioni.it\/prodotto\/rivista-italiana-di-paleontologia-e-stratigrafia-vol-125-n-2-july-2019\/#breadcrumb"},"inLanguage":"en-GB","potentialAction":[{"@type":"ReadAction","target":["https:\/\/www.ledizioni.it\/prodotto\/rivista-italiana-di-paleontologia-e-stratigrafia-vol-125-n-2-july-2019\/"]}]},{"@type":"ImageObject","inLanguage":"en-GB","@id":"https:\/\/www.ledizioni.it\/prodotto\/rivista-italiana-di-paleontologia-e-stratigrafia-vol-125-n-2-july-2019\/#primaryimage","url":"https:\/\/www.ledizioni.it\/stag\/wp-content\/uploads\/2019\/08\/Paleo219_3D.jpg","contentUrl":"https:\/\/www.ledizioni.it\/stag\/wp-content\/uploads\/2019\/08\/Paleo219_3D.jpg","width":400,"height":502},{"@type":"BreadcrumbList","@id":"https:\/\/www.ledizioni.it\/prodotto\/rivista-italiana-di-paleontologia-e-stratigrafia-vol-125-n-2-july-2019\/#breadcrumb","itemListElement":[{"@type":"ListItem","position":1,"name":"Shop","item":"https:\/\/www.ledizioni.it\/shop-2\/"},{"@type":"ListItem","position":2,"name":"Rivista Italiana di Paleontologia e Stratigrafia, vol. 125, N.2 &#8211; July 2019"}]},{"@type":"WebSite","@id":"https:\/\/www.ledizioni.it\/#website","url":"https:\/\/www.ledizioni.it\/","name":"Ledizioni","description":"The Innovative LediPublishing Company - Casa Editrice Universitaria","publisher":{"@id":"https:\/\/www.ledizioni.it\/#organization"},"potentialAction":[{"@type":"SearchAction","target":{"@type":"EntryPoint","urlTemplate":"https:\/\/www.ledizioni.it\/?s={search_term_string}"},"query-input":{"@type":"PropertyValueSpecification","valueRequired":true,"valueName":"search_term_string"}}],"inLanguage":"en-GB"},{"@type":"Organization","@id":"https:\/\/www.ledizioni.it\/#organization","name":"Ledizioni","url":"https:\/\/www.ledizioni.it\/","logo":{"@type":"ImageObject","inLanguage":"en-GB","@id":"https:\/\/www.ledizioni.it\/#\/schema\/logo\/image\/","url":"https:\/\/www.ledizioni.it\/stag\/wp-content\/uploads\/2023\/10\/newlogoledizioni500x110_2-1.jpg","contentUrl":"https:\/\/www.ledizioni.it\/stag\/wp-content\/uploads\/2023\/10\/newlogoledizioni500x110_2-1.jpg","width":354,"height":87,"caption":"Ledizioni"},"image":{"@id":"https:\/\/www.ledizioni.it\/#\/schema\/logo\/image\/"},"sameAs":["https:\/\/www.facebook.com\/pages\/Ledizioni-LediPublishing\/109120559173329","https:\/\/x.com\/ledizioni"]}]}},"jetpack_sharing_enabled":true,"_links":{"self":[{"href":"https:\/\/www.ledizioni.it\/en\/wp-json\/wp\/v2\/product\/24442","targetHints":{"allow":["GET"]}}],"collection":[{"href":"https:\/\/www.ledizioni.it\/en\/wp-json\/wp\/v2\/product"}],"about":[{"href":"https:\/\/www.ledizioni.it\/en\/wp-json\/wp\/v2\/types\/product"}],"replies":[{"embeddable":true,"href":"https:\/\/www.ledizioni.it\/en\/wp-json\/wp\/v2\/comments?post=24442"}],"version-history":[{"count":0,"href":"https:\/\/www.ledizioni.it\/en\/wp-json\/wp\/v2\/product\/24442\/revisions"}],"wp:featuredmedia":[{"embeddable":true,"href":"https:\/\/www.ledizioni.it\/en\/wp-json\/wp\/v2\/media\/24443"}],"wp:attachment":[{"href":"https:\/\/www.ledizioni.it\/en\/wp-json\/wp\/v2\/media?parent=24442"}],"wp:term":[{"taxonomy":"product_brand","embeddable":true,"href":"https:\/\/www.ledizioni.it\/en\/wp-json\/wp\/v2\/product_brand?post=24442"},{"taxonomy":"product_cat","embeddable":true,"href":"https:\/\/www.ledizioni.it\/en\/wp-json\/wp\/v2\/product_cat?post=24442"},{"taxonomy":"product_tag","embeddable":true,"href":"https:\/\/www.ledizioni.it\/en\/wp-json\/wp\/v2\/product_tag?post=24442"}],"curies":[{"name":"wp","href":"https:\/\/api.w.org\/{rel}","templated":true}]}}