{"id":25588,"date":"2019-10-17T16:06:11","date_gmt":"2019-10-17T14:06:11","guid":{"rendered":"https:\/\/www.ledizioni.it\/?post_type=product&#038;p=25588"},"modified":"2019-10-17T16:11:13","modified_gmt":"2019-10-17T14:11:13","slug":"cuadernos-aispi-n-13-2019-entre-oriente-y-occidente","status":"publish","type":"product","link":"https:\/\/www.ledizioni.it\/en\/product\/cuadernos-aispi-n-13-2019-entre-oriente-y-occidente\/","title":{"rendered":"Cuadernos AISPI  n. 13\/2019, ENTRE ORIENTE Y OCCIDENTE: LA FIGURA DE LA MUJER (CRISTIANA, MUSULMANA Y JUD\u00cdA) EN LAS LETRAS HISP\u00c1NICAS"},"content":{"rendered":"<h3><strong>Cuadernos AISPI: Revista semestral de la Associazione Ispanisti Italiani<br \/>\n<\/strong><\/h3>\n<h3 style=\"text-align: justify;\"><strong>13\/2019. ENTRE ORIENTE Y OCCIDENTE: LA FIGURA DE LA MUJER (CRISTIANA, MUSULMANA Y JUD\u00cdA) EN LAS LETRAS HISP\u00c1NICAS<br \/>\n<\/strong><\/h3>\n<p style=\"text-align: justify;\"><strong>Editores<\/strong><br \/>\nMarcella Trambaioli<br \/>\nLeman G\u00fcrlek<\/p>\n<p style=\"text-align: justify;\">SECCI\u00d3N MONOGR\u00c1FICA<\/p>\n<ul>\n<li style=\"text-align: justify;\">Paola Bellomi, <em>Luna huye, huye. La mujer sefard\u00ed en el drama<\/em> La informante (1983)<em> de Paloma D\u00edaz-M\u00e1s<\/em><\/li>\n<li style=\"text-align: justify;\">Alessia Cassani, <em>Rebeld\u00eda y tradici\u00f3n en Novia que te vea de Rosa Niss\u00e1n<\/em><\/li>\n<li style=\"text-align: justify;\">Francesca Coppola, <em>Santa Casilda: los amores tr\u00e1gicos de una princesa mora que se convirti\u00f3 al cristianismo<\/em><\/li>\n<li style=\"text-align: justify;\">Fran\u00e7oise Gilbert, <em>La figura de la reina pagana Cenobia de Calder\u00f3n a trav\u00e9s del prisma cristiano: entre variedades de Fortuna y responsabilidad personal<\/em><\/li>\n<li style=\"text-align: justify;\">Alberto Maffini, <em>Benina. Mujer santa para las tres religiones monote\u00edstas<\/em><\/li>\n<li style=\"text-align: justify;\">Teresa Rodr\u00edguez,<em> Amor de mujeres desde la frontera: construcci\u00f3n y funcionalidad dram\u00e1tica de Elvira y Arminda en<\/em> La Campana de Arag\u00f3n <em>de Lope de Vega<\/em><\/li>\n<li style=\"text-align: justify;\">Debora Vaccari, <em>Elena y F\u00e1tima: la contraposici\u00f3n de dos mujeres en<\/em><br \/>\nEl bastardo de Ceuta <em>de Juan Grajales<\/em><\/li>\n<\/ul>\n<p>SECCI\u00d3N GENERAL<\/p>\n<ul>\n<li>Jean-Fran\u00e7ois Botrel, <em>La Europa de los hispanistas<\/em><\/li>\n<li>Antonio Gargano, <em>Giuseppe Mazzocchi e le \u201cmolte strade\u201d di fare Filologia<\/em><\/li>\n<li>Stefano Pradel,<em> La huella quevediana en \u201cSer\u00e1n ceniza&#8230;\u201d de J. \u00c1. Valente<\/em><\/li>\n<\/ul>\n<p style=\"text-align: justify;\">RESE\u00d1AS<\/p>\n<ul>\n<li style=\"text-align: justify;\">Lope de Vega Carpio, <em>Comedias, Parte XVII<\/em>, eds. Daniele Crivellari, Eugenio Maggi (Francesca Leonetti)<\/li>\n<li style=\"text-align: justify;\">Loretta Frattale, <em>Il suono impossibile della poesia. Rafael Alberti e la poesia dipinta<\/em> (Silvia Monti)<\/li>\n<li style=\"text-align: justify;\">Antonio S\u00e1nchez Jim\u00e9nez, <em>Lope: el verso y la vida<\/em> (Mar\u00eda Heredia Mantis)<\/li>\n<li style=\"text-align: justify;\">Marco Santagata, <em>Dante. La novela de su vida<\/em>, traducci\u00f3n de Giovanna Gabriele (Mar\u00eda Heredia Mantis)<\/li>\n<li style=\"text-align: justify;\">Francisco Ram\u00edrez Santacruz, <em>Sor Juana In\u00e9s de la Cruz. La resistencia del deseo<\/em> (Mar\u00eda Heredia Mantis)<\/li>\n<li style=\"text-align: justify;\">Jorge Urrutia, <em>Ser\u00e1 presente lo que ya es pasado (Antolog\u00eda 1966-2016)<\/em>, Introducci\u00f3n de Consuelo Trivi\u00f1o Anzola (Maria Caterina Ruta)<\/li>\n<\/ul>\n<h3><strong>DATI BIBLIOGRAFICI<\/strong><\/h3>\n<p>Curatori: Marcella Trambaioli, Leman G\u00fcrlek<br \/>\nEditore: Ledizioni<br \/>\nCollana: <a href=\"http:\/\/www.ledizioni.it\/en\/collane\/letteratura\/cuadernos-aispi\/\" target=\"_blank\" rel=\"noopener\">Cuadernos AISPI<\/a><br \/>\nFormato: Brossura<br \/>\nPubblicato in: settembre 2019<br \/>\nISSN cartaceo: 2283981X<br \/>\nPrezzo cartaceo: 25.00 \u20ac<\/p>","protected":false},"excerpt":{"rendered":"<p>Cuadernos AISPI: Revista semestral de la Associazione Ispanisti Italiani 13\/2019. ENTRE ORIENTE Y OCCIDENTE: LA FIGURA DE LA MUJER (CRISTIANA,<\/p>","protected":false},"featured_media":25589,"comment_status":"open","ping_status":"closed","template":"","meta":{"_acf_changed":false},"product_brand":[],"product_cat":[767],"product_tag":[768],"class_list":{"0":"post-25588","1":"product","2":"type-product","3":"status-publish","4":"has-post-thumbnail","6":"product_cat-cuadernos-aispi","7":"product_tag-ispanisti","8":"pa_formato-cartaceo","9":"pa_lingua-spagnolo","11":"first","12":"instock","13":"shipping-taxable","14":"purchasable","15":"product-type-simple"},"acf":[],"yoast_head":"<!-- This site is optimized with the Yoast SEO plugin v27.4 - https:\/\/yoast.com\/product\/yoast-seo-wordpress\/ -->\n<title>Cuadernos AISPI n. 13\/2019, ENTRE ORIENTE Y OCCIDENTE: LA FIGURA DE LA MUJER (CRISTIANA, MUSULMANA Y JUD\u00cdA) EN LAS LETRAS HISP\u00c1NICAS -<\/title>\n<meta name=\"description\" content=\"Ledizioni - Innovative Publishing. Casa editrice universitaria. Open Access. eBook, ePub. Creative Commons.\" \/>\n<meta name=\"robots\" content=\"index, follow, max-snippet:-1, max-image-preview:large, max-video-preview:-1\" \/>\n<link rel=\"canonical\" href=\"https:\/\/www.ledizioni.it\/en\/product\/cuadernos-aispi-n-13-2019-entre-oriente-y-occidente\/\" \/>\n<meta property=\"og:locale\" content=\"en_GB\" \/>\n<meta property=\"og:type\" content=\"article\" \/>\n<meta property=\"og:title\" content=\"Cuadernos AISPI n. 13\/2019, ENTRE ORIENTE Y OCCIDENTE: LA FIGURA DE LA MUJER (CRISTIANA, MUSULMANA Y JUD\u00cdA) EN LAS LETRAS HISP\u00c1NICAS -\" \/>\n<meta property=\"og:description\" content=\"Ledizioni - Innovative Publishing. Casa editrice universitaria. Open Access. eBook, ePub. Creative Commons.\" \/>\n<meta property=\"og:url\" content=\"https:\/\/www.ledizioni.it\/en\/product\/cuadernos-aispi-n-13-2019-entre-oriente-y-occidente\/\" \/>\n<meta property=\"og:site_name\" content=\"Ledizioni\" \/>\n<meta property=\"article:publisher\" content=\"https:\/\/www.facebook.com\/pages\/Ledizioni-LediPublishing\/109120559173329\" \/>\n<meta property=\"article:modified_time\" content=\"2019-10-17T14:11:13+00:00\" \/>\n<meta property=\"og:image\" content=\"https:\/\/www.ledizioni.it\/stag\/wp-content\/uploads\/2019\/10\/aispi_1_2019_3d.jpg\" \/>\n\t<meta property=\"og:image:width\" content=\"400\" \/>\n\t<meta property=\"og:image:height\" content=\"500\" \/>\n\t<meta property=\"og:image:type\" content=\"image\/jpeg\" \/>\n<meta name=\"twitter:card\" content=\"summary_large_image\" \/>\n<meta name=\"twitter:site\" content=\"@ledizioni\" \/>\n<meta name=\"twitter:label1\" content=\"Estimated reading time\" \/>\n\t<meta name=\"twitter:data1\" content=\"2 minutes\" \/>\n<script type=\"application\/ld+json\" class=\"yoast-schema-graph\">{\"@context\":\"https:\\\/\\\/schema.org\",\"@graph\":[{\"@type\":\"WebPage\",\"@id\":\"https:\\\/\\\/www.ledizioni.it\\\/en\\\/product\\\/cuadernos-aispi-n-13-2019-entre-oriente-y-occidente\\\/\",\"url\":\"https:\\\/\\\/www.ledizioni.it\\\/en\\\/product\\\/cuadernos-aispi-n-13-2019-entre-oriente-y-occidente\\\/\",\"name\":\"Cuadernos AISPI n. 13\\\/2019, ENTRE ORIENTE Y OCCIDENTE: LA FIGURA DE LA MUJER (CRISTIANA, MUSULMANA Y JUD\u00cdA) EN LAS LETRAS HISP\u00c1NICAS -\",\"isPartOf\":{\"@id\":\"https:\\\/\\\/www.ledizioni.it\\\/#website\"},\"primaryImageOfPage\":{\"@id\":\"https:\\\/\\\/www.ledizioni.it\\\/en\\\/product\\\/cuadernos-aispi-n-13-2019-entre-oriente-y-occidente\\\/#primaryimage\"},\"image\":{\"@id\":\"https:\\\/\\\/www.ledizioni.it\\\/en\\\/product\\\/cuadernos-aispi-n-13-2019-entre-oriente-y-occidente\\\/#primaryimage\"},\"thumbnailUrl\":\"https:\\\/\\\/www.ledizioni.it\\\/stag\\\/wp-content\\\/uploads\\\/2019\\\/10\\\/aispi_1_2019_3d.jpg\",\"datePublished\":\"2019-10-17T14:06:11+00:00\",\"dateModified\":\"2019-10-17T14:11:13+00:00\",\"description\":\"Ledizioni - Innovative Publishing. Casa editrice universitaria. Open Access. eBook, ePub. Creative Commons.\",\"breadcrumb\":{\"@id\":\"https:\\\/\\\/www.ledizioni.it\\\/en\\\/product\\\/cuadernos-aispi-n-13-2019-entre-oriente-y-occidente\\\/#breadcrumb\"},\"inLanguage\":\"en-GB\",\"potentialAction\":[{\"@type\":\"ReadAction\",\"target\":[\"https:\\\/\\\/www.ledizioni.it\\\/en\\\/product\\\/cuadernos-aispi-n-13-2019-entre-oriente-y-occidente\\\/\"]}]},{\"@type\":\"ImageObject\",\"inLanguage\":\"en-GB\",\"@id\":\"https:\\\/\\\/www.ledizioni.it\\\/en\\\/product\\\/cuadernos-aispi-n-13-2019-entre-oriente-y-occidente\\\/#primaryimage\",\"url\":\"https:\\\/\\\/www.ledizioni.it\\\/stag\\\/wp-content\\\/uploads\\\/2019\\\/10\\\/aispi_1_2019_3d.jpg\",\"contentUrl\":\"https:\\\/\\\/www.ledizioni.it\\\/stag\\\/wp-content\\\/uploads\\\/2019\\\/10\\\/aispi_1_2019_3d.jpg\",\"width\":400,\"height\":500},{\"@type\":\"BreadcrumbList\",\"@id\":\"https:\\\/\\\/www.ledizioni.it\\\/en\\\/product\\\/cuadernos-aispi-n-13-2019-entre-oriente-y-occidente\\\/#breadcrumb\",\"itemListElement\":[{\"@type\":\"ListItem\",\"position\":1,\"name\":\"Shop\",\"item\":\"https:\\\/\\\/www.ledizioni.it\\\/shop-2\\\/\"},{\"@type\":\"ListItem\",\"position\":2,\"name\":\"Cuadernos AISPI n. 13\\\/2019, ENTRE ORIENTE Y OCCIDENTE: LA FIGURA DE LA MUJER (CRISTIANA, MUSULMANA Y JUD\u00cdA) EN LAS LETRAS HISP\u00c1NICAS\"}]},{\"@type\":\"WebSite\",\"@id\":\"https:\\\/\\\/www.ledizioni.it\\\/#website\",\"url\":\"https:\\\/\\\/www.ledizioni.it\\\/\",\"name\":\"Ledizioni\",\"description\":\"The Innovative LediPublishing Company - Casa Editrice Universitaria\",\"publisher\":{\"@id\":\"https:\\\/\\\/www.ledizioni.it\\\/#organization\"},\"potentialAction\":[{\"@type\":\"SearchAction\",\"target\":{\"@type\":\"EntryPoint\",\"urlTemplate\":\"https:\\\/\\\/www.ledizioni.it\\\/?s={search_term_string}\"},\"query-input\":{\"@type\":\"PropertyValueSpecification\",\"valueRequired\":true,\"valueName\":\"search_term_string\"}}],\"inLanguage\":\"en-GB\"},{\"@type\":\"Organization\",\"@id\":\"https:\\\/\\\/www.ledizioni.it\\\/#organization\",\"name\":\"Ledizioni\",\"url\":\"https:\\\/\\\/www.ledizioni.it\\\/\",\"logo\":{\"@type\":\"ImageObject\",\"inLanguage\":\"en-GB\",\"@id\":\"https:\\\/\\\/www.ledizioni.it\\\/#\\\/schema\\\/logo\\\/image\\\/\",\"url\":\"https:\\\/\\\/www.ledizioni.it\\\/stag\\\/wp-content\\\/uploads\\\/2023\\\/10\\\/newlogoledizioni500x110_2-1.jpg\",\"contentUrl\":\"https:\\\/\\\/www.ledizioni.it\\\/stag\\\/wp-content\\\/uploads\\\/2023\\\/10\\\/newlogoledizioni500x110_2-1.jpg\",\"width\":354,\"height\":87,\"caption\":\"Ledizioni\"},\"image\":{\"@id\":\"https:\\\/\\\/www.ledizioni.it\\\/#\\\/schema\\\/logo\\\/image\\\/\"},\"sameAs\":[\"https:\\\/\\\/www.facebook.com\\\/pages\\\/Ledizioni-LediPublishing\\\/109120559173329\",\"https:\\\/\\\/x.com\\\/ledizioni\"]}]}<\/script>\n<!-- \/ Yoast SEO plugin. -->","yoast_head_json":{"title":"Cuadernos AISPI n. 13\/2019, ENTRE ORIENTE Y OCCIDENTE: LA FIGURA DE LA MUJER (CRISTIANA, MUSULMANA Y JUD\u00cdA) EN LAS LETRAS HISP\u00c1NICAS -","description":"Ledizioni - Innovative Publishing. Casa editrice universitaria. Open Access. eBook, ePub. Creative Commons.","robots":{"index":"index","follow":"follow","max-snippet":"max-snippet:-1","max-image-preview":"max-image-preview:large","max-video-preview":"max-video-preview:-1"},"canonical":"https:\/\/www.ledizioni.it\/en\/product\/cuadernos-aispi-n-13-2019-entre-oriente-y-occidente\/","og_locale":"en_GB","og_type":"article","og_title":"Cuadernos AISPI n. 13\/2019, ENTRE ORIENTE Y OCCIDENTE: LA FIGURA DE LA MUJER (CRISTIANA, MUSULMANA Y JUD\u00cdA) EN LAS LETRAS HISP\u00c1NICAS -","og_description":"Ledizioni - Innovative Publishing. Casa editrice universitaria. Open Access. eBook, ePub. Creative Commons.","og_url":"https:\/\/www.ledizioni.it\/en\/product\/cuadernos-aispi-n-13-2019-entre-oriente-y-occidente\/","og_site_name":"Ledizioni","article_publisher":"https:\/\/www.facebook.com\/pages\/Ledizioni-LediPublishing\/109120559173329","article_modified_time":"2019-10-17T14:11:13+00:00","og_image":[{"width":400,"height":500,"url":"https:\/\/www.ledizioni.it\/stag\/wp-content\/uploads\/2019\/10\/aispi_1_2019_3d.jpg","type":"image\/jpeg"}],"twitter_card":"summary_large_image","twitter_site":"@ledizioni","twitter_misc":{"Estimated reading time":"2 minutes"},"schema":{"@context":"https:\/\/schema.org","@graph":[{"@type":"WebPage","@id":"https:\/\/www.ledizioni.it\/en\/product\/cuadernos-aispi-n-13-2019-entre-oriente-y-occidente\/","url":"https:\/\/www.ledizioni.it\/en\/product\/cuadernos-aispi-n-13-2019-entre-oriente-y-occidente\/","name":"Cuadernos AISPI n. 13\/2019, ENTRE ORIENTE Y OCCIDENTE: LA FIGURA DE LA MUJER (CRISTIANA, MUSULMANA Y JUD\u00cdA) EN LAS LETRAS HISP\u00c1NICAS -","isPartOf":{"@id":"https:\/\/www.ledizioni.it\/#website"},"primaryImageOfPage":{"@id":"https:\/\/www.ledizioni.it\/en\/product\/cuadernos-aispi-n-13-2019-entre-oriente-y-occidente\/#primaryimage"},"image":{"@id":"https:\/\/www.ledizioni.it\/en\/product\/cuadernos-aispi-n-13-2019-entre-oriente-y-occidente\/#primaryimage"},"thumbnailUrl":"https:\/\/www.ledizioni.it\/stag\/wp-content\/uploads\/2019\/10\/aispi_1_2019_3d.jpg","datePublished":"2019-10-17T14:06:11+00:00","dateModified":"2019-10-17T14:11:13+00:00","description":"Ledizioni - Innovative Publishing. Casa editrice universitaria. Open Access. eBook, ePub. Creative Commons.","breadcrumb":{"@id":"https:\/\/www.ledizioni.it\/en\/product\/cuadernos-aispi-n-13-2019-entre-oriente-y-occidente\/#breadcrumb"},"inLanguage":"en-GB","potentialAction":[{"@type":"ReadAction","target":["https:\/\/www.ledizioni.it\/en\/product\/cuadernos-aispi-n-13-2019-entre-oriente-y-occidente\/"]}]},{"@type":"ImageObject","inLanguage":"en-GB","@id":"https:\/\/www.ledizioni.it\/en\/product\/cuadernos-aispi-n-13-2019-entre-oriente-y-occidente\/#primaryimage","url":"https:\/\/www.ledizioni.it\/stag\/wp-content\/uploads\/2019\/10\/aispi_1_2019_3d.jpg","contentUrl":"https:\/\/www.ledizioni.it\/stag\/wp-content\/uploads\/2019\/10\/aispi_1_2019_3d.jpg","width":400,"height":500},{"@type":"BreadcrumbList","@id":"https:\/\/www.ledizioni.it\/en\/product\/cuadernos-aispi-n-13-2019-entre-oriente-y-occidente\/#breadcrumb","itemListElement":[{"@type":"ListItem","position":1,"name":"Shop","item":"https:\/\/www.ledizioni.it\/shop-2\/"},{"@type":"ListItem","position":2,"name":"Cuadernos AISPI n. 13\/2019, ENTRE ORIENTE Y OCCIDENTE: LA FIGURA DE LA MUJER (CRISTIANA, MUSULMANA Y JUD\u00cdA) EN LAS LETRAS HISP\u00c1NICAS"}]},{"@type":"WebSite","@id":"https:\/\/www.ledizioni.it\/#website","url":"https:\/\/www.ledizioni.it\/","name":"Ledizioni","description":"The Innovative LediPublishing Company - Casa Editrice Universitaria","publisher":{"@id":"https:\/\/www.ledizioni.it\/#organization"},"potentialAction":[{"@type":"SearchAction","target":{"@type":"EntryPoint","urlTemplate":"https:\/\/www.ledizioni.it\/?s={search_term_string}"},"query-input":{"@type":"PropertyValueSpecification","valueRequired":true,"valueName":"search_term_string"}}],"inLanguage":"en-GB"},{"@type":"Organization","@id":"https:\/\/www.ledizioni.it\/#organization","name":"Ledizioni","url":"https:\/\/www.ledizioni.it\/","logo":{"@type":"ImageObject","inLanguage":"en-GB","@id":"https:\/\/www.ledizioni.it\/#\/schema\/logo\/image\/","url":"https:\/\/www.ledizioni.it\/stag\/wp-content\/uploads\/2023\/10\/newlogoledizioni500x110_2-1.jpg","contentUrl":"https:\/\/www.ledizioni.it\/stag\/wp-content\/uploads\/2023\/10\/newlogoledizioni500x110_2-1.jpg","width":354,"height":87,"caption":"Ledizioni"},"image":{"@id":"https:\/\/www.ledizioni.it\/#\/schema\/logo\/image\/"},"sameAs":["https:\/\/www.facebook.com\/pages\/Ledizioni-LediPublishing\/109120559173329","https:\/\/x.com\/ledizioni"]}]}},"jetpack_sharing_enabled":true,"_links":{"self":[{"href":"https:\/\/www.ledizioni.it\/en\/wp-json\/wp\/v2\/product\/25588","targetHints":{"allow":["GET"]}}],"collection":[{"href":"https:\/\/www.ledizioni.it\/en\/wp-json\/wp\/v2\/product"}],"about":[{"href":"https:\/\/www.ledizioni.it\/en\/wp-json\/wp\/v2\/types\/product"}],"replies":[{"embeddable":true,"href":"https:\/\/www.ledizioni.it\/en\/wp-json\/wp\/v2\/comments?post=25588"}],"version-history":[{"count":0,"href":"https:\/\/www.ledizioni.it\/en\/wp-json\/wp\/v2\/product\/25588\/revisions"}],"wp:featuredmedia":[{"embeddable":true,"href":"https:\/\/www.ledizioni.it\/en\/wp-json\/wp\/v2\/media\/25589"}],"wp:attachment":[{"href":"https:\/\/www.ledizioni.it\/en\/wp-json\/wp\/v2\/media?parent=25588"}],"wp:term":[{"taxonomy":"product_brand","embeddable":true,"href":"https:\/\/www.ledizioni.it\/en\/wp-json\/wp\/v2\/product_brand?post=25588"},{"taxonomy":"product_cat","embeddable":true,"href":"https:\/\/www.ledizioni.it\/en\/wp-json\/wp\/v2\/product_cat?post=25588"},{"taxonomy":"product_tag","embeddable":true,"href":"https:\/\/www.ledizioni.it\/en\/wp-json\/wp\/v2\/product_tag?post=25588"}],"curies":[{"name":"wp","href":"https:\/\/api.w.org\/{rel}","templated":true}]}}