{"id":26493,"date":"2020-01-07T12:18:03","date_gmt":"2020-01-07T10:18:03","guid":{"rendered":"https:\/\/www.ledizioni.it\/?post_type=product&#038;p=26493"},"modified":"2024-01-13T14:03:31","modified_gmt":"2024-01-13T12:03:31","slug":"rivista-italiana-di-paleontologia-e-stratigrafia-vol-125-n-3-november-2019","status":"publish","type":"product","link":"https:\/\/www.ledizioni.it\/en\/product\/rivista-italiana-di-paleontologia-e-stratigrafia-vol-125-n-3-november-2019\/","title":{"rendered":"Rivista Italiana di Paleontologia e Stratigrafia, vol. 125, N.3 &#8211; November 2019"},"content":{"rendered":"<p style=\"text-align: justify;\"><strong>CONTENTS<\/strong><\/p>\n<ul>\n<li style=\"text-align: justify;\">Macfarlan D.A.B. &#8211; <em>Early Jurassic terebratulide brachiopods from Zealandia<\/em><\/li>\n<li style=\"text-align: justify;\">Bitner M.A. &#8211; <em>Recent brachiopods from the Tonga Islands, SW Pacific: taxonomy and biogeography<\/em><\/li>\n<li style=\"text-align: justify;\">Wu H.T., Zhang Y. &amp; Sun Y.-l. &#8211; <em>A mixed Permian-Triassic boundary brachiopod fauna from Guizhou Province, South China<\/em><\/li>\n<li style=\"text-align: justify;\">Taddei Ruggiero E., Serio C. &amp; Raia P. &#8211; <em>On the validity of Terebratula sinuosa (Brocchi)<\/em><\/li>\n<li style=\"text-align: justify;\">Jin J., Mikulic D. &amp; Kluessendorf J. &#8211; <em>Virgianid brachiopods of the Michigan Basin, and its implications for post-extinction diversification of the Silurian pentameride fauna in Laurentia<\/em><\/li>\n<li style=\"text-align: justify;\">Lavi\u00e9 f.J., Serra F. &amp; Feltes N.A. &#8211;<em> Linguliform microbrachiopods from Las Aguaditas and Las Chacritas formations (Middle-Upper Ordovician) of Argentine Precordillera<\/em><\/li>\n<li style=\"text-align: justify;\">Harper E.M., Lamare M.D. &amp; Lee D.E. &#8211; <em>Patterns of unrepaired shell damage in Recent brachiopods from Fiordland (New Zealand)<\/em><\/li>\n<li style=\"text-align: justify;\">Stadtmauer D. &amp; Butts S. &#8211; <em>Paleoecology and functional morphology of the Permian lyttoniid brachiopod Pirgulia<\/em><\/li>\n<li style=\"text-align: justify;\">Yuan Z., Sun Y., Shen B., Xing C., Liu W., Yang R., Qin S. &amp; Bali\u0144ski A. &#8211; <em>An<\/em> in situ <em>preserved Early Carboniferous (Serpukhovian) brachiopod community in Southern Guizhou, China<\/em><\/li>\n<li style=\"text-align: justify;\">V\u00f6r\u00f6s A., Kocsis \u00c1.T. &amp; P\u00e0lfy J. &#8211; <em>Mass extinctions and clade extinctions in the history of brachiopods: brief review and a post-Paleozoic case study<\/em><\/li>\n<li style=\"text-align: justify;\">Zhang Y.-C., Zhan R.-B., Sproat C.S. &amp; Huang B. &#8211;<em> Late Ordovician brachiopod Rongatrypa xichuanensis from Xichuan, Henan Province, Central China<\/em><\/li>\n<li style=\"text-align: justify;\">Jansen U. &#8211; <em>Pragian-Emsian brachiopods from the Rhenish Massif (Germany): new data on evolution and biostratigraphy<\/em><\/li>\n<li style=\"text-align: justify;\">Leone F. &amp; Benedetto J.l. &#8211; <em>Phylogenetic relationships of the Silurian Afro-South American brachiopods Anabaia, Harringtonina and Clarkeia: new insights from their ontogeny<\/em><\/li>\n<li style=\"text-align: justify;\">Brand U., Bitner M.A., Logan A., Azmy K., Crippa G., Angiolini l., Colin P., Griesshaber E., Harper E.M., Taddei Ruggiero e. &amp; H\u00e4ussermann V. &#8211; <em>Brachiopod-based oxygen-isotope thermometer: update and review<\/em><\/li>\n<li style=\"text-align: justify;\">Mottequin B. &amp; Cisterna G.A. &#8211; <em>Comments on some Syringothyridoidea (Brachiopoda) from the Carboniferous of North Africa<\/em><\/li>\n<li style=\"text-align: justify;\">Cisterna G.A., Sterren A.F., Shi G.R, Halpern K. &amp; Balseiro D. &#8211; <em>Brachiopod assemblages of the Eurydesma Fauna in glacial-deglacial sequences from Argentina and Australia<\/em><\/li>\n<\/ul>","protected":false},"excerpt":{"rendered":"<p>CONTENTS Macfarlan D.A.B. &#8211; Early Jurassic terebratulide brachiopods from Zealandia Bitner M.A. &#8211; Recent brachiopods from the Tonga Islands, SW<\/p>","protected":false},"featured_media":26494,"comment_status":"open","ping_status":"closed","template":"","meta":{"_acf_changed":false},"product_brand":[],"product_cat":[1274],"product_tag":[764,1275],"class_list":{"0":"post-26493","1":"product","2":"type-product","3":"status-publish","4":"has-post-thumbnail","6":"product_cat-rivista-italiana-di-paleontologia-e-stratigrafia","7":"product_tag-open-access-2","8":"product_tag-terra","9":"pa_formato-cartaceo","10":"pa_formato-ebook-in-pdf","11":"pa_lingua-inglese","13":"first","14":"instock","15":"featured","16":"shipping-taxable","17":"purchasable","18":"product-type-variable"},"acf":[],"yoast_head":"<!-- This site is optimized with the Yoast SEO plugin v27.4 - https:\/\/yoast.com\/product\/yoast-seo-wordpress\/ -->\n<title>Rivista Italiana di Paleontologia e Stratigrafia, vol. 125, N.3 - November 2019 -<\/title>\n<meta name=\"description\" content=\"Ledizioni - Innovative Publishing. Casa editrice universitaria. Open Access. eBook, ePub. Creative Commons.\" \/>\n<meta name=\"robots\" content=\"index, follow, max-snippet:-1, max-image-preview:large, max-video-preview:-1\" \/>\n<link rel=\"canonical\" href=\"https:\/\/www.ledizioni.it\/en\/product\/rivista-italiana-di-paleontologia-e-stratigrafia-vol-125-n-3-november-2019\/\" \/>\n<meta property=\"og:locale\" content=\"en_GB\" \/>\n<meta property=\"og:type\" content=\"article\" \/>\n<meta property=\"og:title\" content=\"Rivista Italiana di Paleontologia e Stratigrafia, vol. 125, N.3 - November 2019 -\" \/>\n<meta property=\"og:description\" content=\"Ledizioni - Innovative Publishing. Casa editrice universitaria. Open Access. eBook, ePub. Creative Commons.\" \/>\n<meta property=\"og:url\" content=\"https:\/\/www.ledizioni.it\/en\/product\/rivista-italiana-di-paleontologia-e-stratigrafia-vol-125-n-3-november-2019\/\" \/>\n<meta property=\"og:site_name\" content=\"Ledizioni\" \/>\n<meta property=\"article:publisher\" content=\"https:\/\/www.facebook.com\/pages\/Ledizioni-LediPublishing\/109120559173329\" \/>\n<meta property=\"article:modified_time\" content=\"2024-01-13T12:03:31+00:00\" \/>\n<meta property=\"og:image\" content=\"https:\/\/www.ledizioni.it\/stag\/wp-content\/uploads\/2020\/01\/Paleo_3_2019_3D.jpg\" \/>\n\t<meta property=\"og:image:width\" content=\"500\" \/>\n\t<meta property=\"og:image:height\" content=\"664\" \/>\n\t<meta property=\"og:image:type\" content=\"image\/jpeg\" \/>\n<meta name=\"twitter:card\" content=\"summary_large_image\" \/>\n<meta name=\"twitter:site\" content=\"@ledizioni\" \/>\n<meta name=\"twitter:label1\" content=\"Estimated reading time\" \/>\n\t<meta name=\"twitter:data1\" content=\"2 minutes\" \/>\n<script type=\"application\/ld+json\" class=\"yoast-schema-graph\">{\"@context\":\"https:\\\/\\\/schema.org\",\"@graph\":[{\"@type\":\"WebPage\",\"@id\":\"https:\\\/\\\/www.ledizioni.it\\\/prodotto\\\/rivista-italiana-di-paleontologia-e-stratigrafia-vol-125-n-3-november-2019\\\/\",\"url\":\"https:\\\/\\\/www.ledizioni.it\\\/prodotto\\\/rivista-italiana-di-paleontologia-e-stratigrafia-vol-125-n-3-november-2019\\\/\",\"name\":\"Rivista Italiana di Paleontologia e Stratigrafia, vol. 125, N.3 - November 2019 -\",\"isPartOf\":{\"@id\":\"https:\\\/\\\/www.ledizioni.it\\\/#website\"},\"primaryImageOfPage\":{\"@id\":\"https:\\\/\\\/www.ledizioni.it\\\/prodotto\\\/rivista-italiana-di-paleontologia-e-stratigrafia-vol-125-n-3-november-2019\\\/#primaryimage\"},\"image\":{\"@id\":\"https:\\\/\\\/www.ledizioni.it\\\/prodotto\\\/rivista-italiana-di-paleontologia-e-stratigrafia-vol-125-n-3-november-2019\\\/#primaryimage\"},\"thumbnailUrl\":\"https:\\\/\\\/www.ledizioni.it\\\/stag\\\/wp-content\\\/uploads\\\/2020\\\/01\\\/Paleo_3_2019_3D.jpg\",\"datePublished\":\"2020-01-07T10:18:03+00:00\",\"dateModified\":\"2024-01-13T12:03:31+00:00\",\"description\":\"Ledizioni - Innovative Publishing. Casa editrice universitaria. Open Access. eBook, ePub. Creative Commons.\",\"breadcrumb\":{\"@id\":\"https:\\\/\\\/www.ledizioni.it\\\/prodotto\\\/rivista-italiana-di-paleontologia-e-stratigrafia-vol-125-n-3-november-2019\\\/#breadcrumb\"},\"inLanguage\":\"en-GB\",\"potentialAction\":[{\"@type\":\"ReadAction\",\"target\":[\"https:\\\/\\\/www.ledizioni.it\\\/prodotto\\\/rivista-italiana-di-paleontologia-e-stratigrafia-vol-125-n-3-november-2019\\\/\"]}]},{\"@type\":\"ImageObject\",\"inLanguage\":\"en-GB\",\"@id\":\"https:\\\/\\\/www.ledizioni.it\\\/prodotto\\\/rivista-italiana-di-paleontologia-e-stratigrafia-vol-125-n-3-november-2019\\\/#primaryimage\",\"url\":\"https:\\\/\\\/www.ledizioni.it\\\/stag\\\/wp-content\\\/uploads\\\/2020\\\/01\\\/Paleo_3_2019_3D.jpg\",\"contentUrl\":\"https:\\\/\\\/www.ledizioni.it\\\/stag\\\/wp-content\\\/uploads\\\/2020\\\/01\\\/Paleo_3_2019_3D.jpg\",\"width\":500,\"height\":664},{\"@type\":\"BreadcrumbList\",\"@id\":\"https:\\\/\\\/www.ledizioni.it\\\/prodotto\\\/rivista-italiana-di-paleontologia-e-stratigrafia-vol-125-n-3-november-2019\\\/#breadcrumb\",\"itemListElement\":[{\"@type\":\"ListItem\",\"position\":1,\"name\":\"Shop\",\"item\":\"https:\\\/\\\/www.ledizioni.it\\\/shop-2\\\/\"},{\"@type\":\"ListItem\",\"position\":2,\"name\":\"Rivista Italiana di Paleontologia e Stratigrafia, vol. 125, N.3 &#8211; November 2019\"}]},{\"@type\":\"WebSite\",\"@id\":\"https:\\\/\\\/www.ledizioni.it\\\/#website\",\"url\":\"https:\\\/\\\/www.ledizioni.it\\\/\",\"name\":\"Ledizioni\",\"description\":\"The Innovative LediPublishing Company - Casa Editrice Universitaria\",\"publisher\":{\"@id\":\"https:\\\/\\\/www.ledizioni.it\\\/#organization\"},\"potentialAction\":[{\"@type\":\"SearchAction\",\"target\":{\"@type\":\"EntryPoint\",\"urlTemplate\":\"https:\\\/\\\/www.ledizioni.it\\\/?s={search_term_string}\"},\"query-input\":{\"@type\":\"PropertyValueSpecification\",\"valueRequired\":true,\"valueName\":\"search_term_string\"}}],\"inLanguage\":\"en-GB\"},{\"@type\":\"Organization\",\"@id\":\"https:\\\/\\\/www.ledizioni.it\\\/#organization\",\"name\":\"Ledizioni\",\"url\":\"https:\\\/\\\/www.ledizioni.it\\\/\",\"logo\":{\"@type\":\"ImageObject\",\"inLanguage\":\"en-GB\",\"@id\":\"https:\\\/\\\/www.ledizioni.it\\\/#\\\/schema\\\/logo\\\/image\\\/\",\"url\":\"https:\\\/\\\/www.ledizioni.it\\\/stag\\\/wp-content\\\/uploads\\\/2023\\\/10\\\/newlogoledizioni500x110_2-1.jpg\",\"contentUrl\":\"https:\\\/\\\/www.ledizioni.it\\\/stag\\\/wp-content\\\/uploads\\\/2023\\\/10\\\/newlogoledizioni500x110_2-1.jpg\",\"width\":354,\"height\":87,\"caption\":\"Ledizioni\"},\"image\":{\"@id\":\"https:\\\/\\\/www.ledizioni.it\\\/#\\\/schema\\\/logo\\\/image\\\/\"},\"sameAs\":[\"https:\\\/\\\/www.facebook.com\\\/pages\\\/Ledizioni-LediPublishing\\\/109120559173329\",\"https:\\\/\\\/x.com\\\/ledizioni\"]}]}<\/script>\n<!-- \/ Yoast SEO plugin. -->","yoast_head_json":{"title":"Rivista Italiana di Paleontologia e Stratigrafia, vol. 125, N.3 - November 2019 -","description":"Ledizioni - Innovative Publishing. Casa editrice universitaria. Open Access. eBook, ePub. Creative Commons.","robots":{"index":"index","follow":"follow","max-snippet":"max-snippet:-1","max-image-preview":"max-image-preview:large","max-video-preview":"max-video-preview:-1"},"canonical":"https:\/\/www.ledizioni.it\/en\/product\/rivista-italiana-di-paleontologia-e-stratigrafia-vol-125-n-3-november-2019\/","og_locale":"en_GB","og_type":"article","og_title":"Rivista Italiana di Paleontologia e Stratigrafia, vol. 125, N.3 - November 2019 -","og_description":"Ledizioni - Innovative Publishing. Casa editrice universitaria. Open Access. eBook, ePub. Creative Commons.","og_url":"https:\/\/www.ledizioni.it\/en\/product\/rivista-italiana-di-paleontologia-e-stratigrafia-vol-125-n-3-november-2019\/","og_site_name":"Ledizioni","article_publisher":"https:\/\/www.facebook.com\/pages\/Ledizioni-LediPublishing\/109120559173329","article_modified_time":"2024-01-13T12:03:31+00:00","og_image":[{"width":500,"height":664,"url":"https:\/\/www.ledizioni.it\/stag\/wp-content\/uploads\/2020\/01\/Paleo_3_2019_3D.jpg","type":"image\/jpeg"}],"twitter_card":"summary_large_image","twitter_site":"@ledizioni","twitter_misc":{"Estimated reading time":"2 minutes"},"schema":{"@context":"https:\/\/schema.org","@graph":[{"@type":"WebPage","@id":"https:\/\/www.ledizioni.it\/prodotto\/rivista-italiana-di-paleontologia-e-stratigrafia-vol-125-n-3-november-2019\/","url":"https:\/\/www.ledizioni.it\/prodotto\/rivista-italiana-di-paleontologia-e-stratigrafia-vol-125-n-3-november-2019\/","name":"Rivista Italiana di Paleontologia e Stratigrafia, vol. 125, N.3 - November 2019 -","isPartOf":{"@id":"https:\/\/www.ledizioni.it\/#website"},"primaryImageOfPage":{"@id":"https:\/\/www.ledizioni.it\/prodotto\/rivista-italiana-di-paleontologia-e-stratigrafia-vol-125-n-3-november-2019\/#primaryimage"},"image":{"@id":"https:\/\/www.ledizioni.it\/prodotto\/rivista-italiana-di-paleontologia-e-stratigrafia-vol-125-n-3-november-2019\/#primaryimage"},"thumbnailUrl":"https:\/\/www.ledizioni.it\/stag\/wp-content\/uploads\/2020\/01\/Paleo_3_2019_3D.jpg","datePublished":"2020-01-07T10:18:03+00:00","dateModified":"2024-01-13T12:03:31+00:00","description":"Ledizioni - Innovative Publishing. Casa editrice universitaria. Open Access. eBook, ePub. Creative Commons.","breadcrumb":{"@id":"https:\/\/www.ledizioni.it\/prodotto\/rivista-italiana-di-paleontologia-e-stratigrafia-vol-125-n-3-november-2019\/#breadcrumb"},"inLanguage":"en-GB","potentialAction":[{"@type":"ReadAction","target":["https:\/\/www.ledizioni.it\/prodotto\/rivista-italiana-di-paleontologia-e-stratigrafia-vol-125-n-3-november-2019\/"]}]},{"@type":"ImageObject","inLanguage":"en-GB","@id":"https:\/\/www.ledizioni.it\/prodotto\/rivista-italiana-di-paleontologia-e-stratigrafia-vol-125-n-3-november-2019\/#primaryimage","url":"https:\/\/www.ledizioni.it\/stag\/wp-content\/uploads\/2020\/01\/Paleo_3_2019_3D.jpg","contentUrl":"https:\/\/www.ledizioni.it\/stag\/wp-content\/uploads\/2020\/01\/Paleo_3_2019_3D.jpg","width":500,"height":664},{"@type":"BreadcrumbList","@id":"https:\/\/www.ledizioni.it\/prodotto\/rivista-italiana-di-paleontologia-e-stratigrafia-vol-125-n-3-november-2019\/#breadcrumb","itemListElement":[{"@type":"ListItem","position":1,"name":"Shop","item":"https:\/\/www.ledizioni.it\/shop-2\/"},{"@type":"ListItem","position":2,"name":"Rivista Italiana di Paleontologia e Stratigrafia, vol. 125, N.3 &#8211; November 2019"}]},{"@type":"WebSite","@id":"https:\/\/www.ledizioni.it\/#website","url":"https:\/\/www.ledizioni.it\/","name":"Ledizioni","description":"The Innovative LediPublishing Company - Casa Editrice Universitaria","publisher":{"@id":"https:\/\/www.ledizioni.it\/#organization"},"potentialAction":[{"@type":"SearchAction","target":{"@type":"EntryPoint","urlTemplate":"https:\/\/www.ledizioni.it\/?s={search_term_string}"},"query-input":{"@type":"PropertyValueSpecification","valueRequired":true,"valueName":"search_term_string"}}],"inLanguage":"en-GB"},{"@type":"Organization","@id":"https:\/\/www.ledizioni.it\/#organization","name":"Ledizioni","url":"https:\/\/www.ledizioni.it\/","logo":{"@type":"ImageObject","inLanguage":"en-GB","@id":"https:\/\/www.ledizioni.it\/#\/schema\/logo\/image\/","url":"https:\/\/www.ledizioni.it\/stag\/wp-content\/uploads\/2023\/10\/newlogoledizioni500x110_2-1.jpg","contentUrl":"https:\/\/www.ledizioni.it\/stag\/wp-content\/uploads\/2023\/10\/newlogoledizioni500x110_2-1.jpg","width":354,"height":87,"caption":"Ledizioni"},"image":{"@id":"https:\/\/www.ledizioni.it\/#\/schema\/logo\/image\/"},"sameAs":["https:\/\/www.facebook.com\/pages\/Ledizioni-LediPublishing\/109120559173329","https:\/\/x.com\/ledizioni"]}]}},"jetpack_sharing_enabled":true,"_links":{"self":[{"href":"https:\/\/www.ledizioni.it\/en\/wp-json\/wp\/v2\/product\/26493","targetHints":{"allow":["GET"]}}],"collection":[{"href":"https:\/\/www.ledizioni.it\/en\/wp-json\/wp\/v2\/product"}],"about":[{"href":"https:\/\/www.ledizioni.it\/en\/wp-json\/wp\/v2\/types\/product"}],"replies":[{"embeddable":true,"href":"https:\/\/www.ledizioni.it\/en\/wp-json\/wp\/v2\/comments?post=26493"}],"version-history":[{"count":0,"href":"https:\/\/www.ledizioni.it\/en\/wp-json\/wp\/v2\/product\/26493\/revisions"}],"wp:featuredmedia":[{"embeddable":true,"href":"https:\/\/www.ledizioni.it\/en\/wp-json\/wp\/v2\/media\/26494"}],"wp:attachment":[{"href":"https:\/\/www.ledizioni.it\/en\/wp-json\/wp\/v2\/media?parent=26493"}],"wp:term":[{"taxonomy":"product_brand","embeddable":true,"href":"https:\/\/www.ledizioni.it\/en\/wp-json\/wp\/v2\/product_brand?post=26493"},{"taxonomy":"product_cat","embeddable":true,"href":"https:\/\/www.ledizioni.it\/en\/wp-json\/wp\/v2\/product_cat?post=26493"},{"taxonomy":"product_tag","embeddable":true,"href":"https:\/\/www.ledizioni.it\/en\/wp-json\/wp\/v2\/product_tag?post=26493"}],"curies":[{"name":"wp","href":"https:\/\/api.w.org\/{rel}","templated":true}]}}