{"id":26946,"date":"2020-01-28T10:50:19","date_gmt":"2020-01-28T08:50:19","guid":{"rendered":"https:\/\/www.ledizioni.it\/?post_type=product&#038;p=26946"},"modified":"2022-07-11T17:23:11","modified_gmt":"2022-07-11T15:23:11","slug":"testimoni-dell-ingegno","status":"publish","type":"product","link":"https:\/\/www.ledizioni.it\/en\/product\/testimoni-dell-ingegno\/","title":{"rendered":"TESTIMONI DELL&#8217;INGEGNO"},"content":{"rendered":"<p style=\"text-align: justify;\">&#8220;Registrando i progressi recenti degli studi sull\u2019epistolografia di Antico Regime, Paolo Procaccioli concludeva con un invito ad \u00abassecondare un contesto tanto favorevole\u00bb e ad \u00abarricchirlo con proposte di analisi che consentano una penetrazione sempre pi\u00f9 consapevole \u2013 sempre pi\u00f9 criticamente consapevole \u2013 dell\u2019oggetto e del fenomeno\u00bb. A neanche un anno di distanza dalla pubblicazione di queste parole, raccolgo qui una corposa e corale risposta a quell\u2019invito.<br \/>\nIl titolo, anzitutto: Reti epistolari e libri di lettere, nella consapevolezza, ormai dato acquisito, che lo studio delle prime vada unito allo studio dei secondi. L\u2019intento con cui \u00e8 nata la base dati Archilet (www.archilet.it), quando ancora \u2013 almeno per l\u2019epistolografia \u2013 le Digital Humanities erano ai primordi in Italia, era quello di rendere tracciabili i commerci epistolari, ricostruendone in rete la rete: cos\u00ec, lo studio di prima mano delle lettere ha offerto una messe di dati interrogabili in pi\u00f9 direzioni, con un incremento decisivo per la conoscenza non solo e non tanto dei flussi epistolari, quanto dei contenuti e delle informazioni. La struttura della base dati, per\u00f2, ha fatto s\u00ec che le singole unit\u00e0 epistolari venissero, appunto, \u2018singolarizzate\u2019, con l\u2019esito di mettere in secondo piano tutta una serie di aspetti riconducibili all\u2019originaria pertinenza delle unit\u00e0 individuali a un insieme collettivo, dotato di una struttura e di una sequenza, risultato di una selezione e di un\u2019orchestrazione consapevoli. Il libro di lettere, insomma, dopo essere stato scorporato per analizzare una a una le singole missive, \u00e8 tornato prepotentemente a farsi sentire, chiedendo di essere ricostruito e interpretato, di essere riconosciuto nel suo ruolo di portavoce di significati ulteriori, che sbalzano in rilievo non i contenuti ma le architetture, l\u2019immagine da offrire ai nuovi destinatari \u2013 diversi e pi\u00f9 numerosi di quelli cui in origine erano dirette le lettere \u2013, il ruolo e l\u2019immagine dell\u2019architetto, sia egli l\u2019autore o un curatore.&#8221; (Dalla Premessa)<\/p>\n<p><strong>DATI BIBLIOGRAFICI<\/strong><br \/>\nA cura di: Clizia Carminati<br \/>\nMarchio editoriale: Archilet<br \/>\nPubblicato nel: gennaio 2020<br \/>\nCollana: <a href=\"https:\/\/www.ledizioni.it\/en\/product-category\/italianistica\/edizioni-di-archilet\/\">Archilet Publications<\/a><br \/>\nFormato: brossura con alette, 515 p.<br \/>\nISBN: 9788899614041<br \/>\nPrezzo: 40 \u20ac<\/p>\n<p>[button link=&#8221;https:\/\/www.ledizioni.it\/download\/33299\/&#8221; style=&#8221;download&#8221; color=&#8221;red&#8221;]Scarica Introduzione e Primo capitolo[\/button]<\/p>","protected":false},"excerpt":{"rendered":"<p>&#8220;Registrando i progressi recenti degli studi sull\u2019epistolografia di Antico Regime, Paolo Procaccioli concludeva con un invito ad \u00abassecondare un contesto<\/p>","protected":false},"featured_media":26949,"comment_status":"open","ping_status":"closed","template":"","meta":{"_acf_changed":false},"product_brand":[],"product_cat":[1944],"product_tag":[1946,817,764,1947],"class_list":{"0":"post-26946","1":"product","2":"type-product","3":"status-publish","4":"has-post-thumbnail","6":"product_cat-edizioni-di-archilet","7":"product_tag-antico-regime","8":"product_tag-epistolari","9":"product_tag-open-access-2","10":"product_tag-viterbo","11":"pa_formato-cartaceo","12":"pa_formato-ebook-in-pdf","14":"first","15":"instock","16":"featured","17":"shipping-taxable","18":"purchasable","19":"product-type-variable"},"acf":[],"yoast_head":"<!-- This site is optimized with the Yoast SEO plugin v27.4 - https:\/\/yoast.com\/product\/yoast-seo-wordpress\/ -->\n<title>TESTIMONI DELL&#039;INGEGNO -<\/title>\n<meta name=\"description\" content=\"Ledizioni - Innovative Publishing. Casa editrice universitaria. Open Access. eBook, ePub. Creative Commons.\" \/>\n<meta name=\"robots\" content=\"index, follow, max-snippet:-1, max-image-preview:large, max-video-preview:-1\" \/>\n<link rel=\"canonical\" href=\"https:\/\/www.ledizioni.it\/en\/product\/testimoni-dell-ingegno\/\" \/>\n<meta property=\"og:locale\" content=\"en_GB\" \/>\n<meta property=\"og:type\" content=\"article\" \/>\n<meta property=\"og:title\" content=\"TESTIMONI DELL&#039;INGEGNO -\" \/>\n<meta property=\"og:description\" content=\"Ledizioni - Innovative Publishing. Casa editrice universitaria. Open Access. eBook, ePub. Creative Commons.\" \/>\n<meta property=\"og:url\" content=\"https:\/\/www.ledizioni.it\/en\/product\/testimoni-dell-ingegno\/\" \/>\n<meta property=\"og:site_name\" content=\"Ledizioni\" \/>\n<meta property=\"article:publisher\" content=\"https:\/\/www.facebook.com\/pages\/Ledizioni-LediPublishing\/109120559173329\" \/>\n<meta property=\"article:modified_time\" content=\"2022-07-11T15:23:11+00:00\" \/>\n<meta property=\"og:image\" content=\"https:\/\/www.ledizioni.it\/stag\/wp-content\/uploads\/2020\/01\/Carminati_3D.jpg\" \/>\n\t<meta property=\"og:image:width\" content=\"500\" \/>\n\t<meta property=\"og:image:height\" content=\"626\" \/>\n\t<meta property=\"og:image:type\" content=\"image\/jpeg\" \/>\n<meta name=\"twitter:card\" content=\"summary_large_image\" \/>\n<meta name=\"twitter:site\" content=\"@ledizioni\" \/>\n<meta name=\"twitter:label1\" content=\"Estimated reading time\" \/>\n\t<meta name=\"twitter:data1\" content=\"2 minutes\" \/>\n<script type=\"application\/ld+json\" class=\"yoast-schema-graph\">{\"@context\":\"https:\\\/\\\/schema.org\",\"@graph\":[{\"@type\":\"WebPage\",\"@id\":\"https:\\\/\\\/www.ledizioni.it\\\/en\\\/product\\\/testimoni-dell-ingegno\\\/\",\"url\":\"https:\\\/\\\/www.ledizioni.it\\\/en\\\/product\\\/testimoni-dell-ingegno\\\/\",\"name\":\"TESTIMONI DELL'INGEGNO -\",\"isPartOf\":{\"@id\":\"https:\\\/\\\/www.ledizioni.it\\\/#website\"},\"primaryImageOfPage\":{\"@id\":\"https:\\\/\\\/www.ledizioni.it\\\/en\\\/product\\\/testimoni-dell-ingegno\\\/#primaryimage\"},\"image\":{\"@id\":\"https:\\\/\\\/www.ledizioni.it\\\/en\\\/product\\\/testimoni-dell-ingegno\\\/#primaryimage\"},\"thumbnailUrl\":\"https:\\\/\\\/www.ledizioni.it\\\/stag\\\/wp-content\\\/uploads\\\/2020\\\/01\\\/Carminati_3D.jpg\",\"datePublished\":\"2020-01-28T08:50:19+00:00\",\"dateModified\":\"2022-07-11T15:23:11+00:00\",\"description\":\"Ledizioni - Innovative Publishing. Casa editrice universitaria. Open Access. eBook, ePub. Creative Commons.\",\"breadcrumb\":{\"@id\":\"https:\\\/\\\/www.ledizioni.it\\\/en\\\/product\\\/testimoni-dell-ingegno\\\/#breadcrumb\"},\"inLanguage\":\"en-GB\",\"potentialAction\":[{\"@type\":\"ReadAction\",\"target\":[\"https:\\\/\\\/www.ledizioni.it\\\/en\\\/product\\\/testimoni-dell-ingegno\\\/\"]}]},{\"@type\":\"ImageObject\",\"inLanguage\":\"en-GB\",\"@id\":\"https:\\\/\\\/www.ledizioni.it\\\/en\\\/product\\\/testimoni-dell-ingegno\\\/#primaryimage\",\"url\":\"https:\\\/\\\/www.ledizioni.it\\\/stag\\\/wp-content\\\/uploads\\\/2020\\\/01\\\/Carminati_3D.jpg\",\"contentUrl\":\"https:\\\/\\\/www.ledizioni.it\\\/stag\\\/wp-content\\\/uploads\\\/2020\\\/01\\\/Carminati_3D.jpg\",\"width\":500,\"height\":626},{\"@type\":\"BreadcrumbList\",\"@id\":\"https:\\\/\\\/www.ledizioni.it\\\/en\\\/product\\\/testimoni-dell-ingegno\\\/#breadcrumb\",\"itemListElement\":[{\"@type\":\"ListItem\",\"position\":1,\"name\":\"Shop\",\"item\":\"https:\\\/\\\/www.ledizioni.it\\\/shop-2\\\/\"},{\"@type\":\"ListItem\",\"position\":2,\"name\":\"TESTIMONI DELL&#8217;INGEGNO\"}]},{\"@type\":\"WebSite\",\"@id\":\"https:\\\/\\\/www.ledizioni.it\\\/#website\",\"url\":\"https:\\\/\\\/www.ledizioni.it\\\/\",\"name\":\"Ledizioni\",\"description\":\"The Innovative LediPublishing Company - Casa Editrice Universitaria\",\"publisher\":{\"@id\":\"https:\\\/\\\/www.ledizioni.it\\\/#organization\"},\"potentialAction\":[{\"@type\":\"SearchAction\",\"target\":{\"@type\":\"EntryPoint\",\"urlTemplate\":\"https:\\\/\\\/www.ledizioni.it\\\/?s={search_term_string}\"},\"query-input\":{\"@type\":\"PropertyValueSpecification\",\"valueRequired\":true,\"valueName\":\"search_term_string\"}}],\"inLanguage\":\"en-GB\"},{\"@type\":\"Organization\",\"@id\":\"https:\\\/\\\/www.ledizioni.it\\\/#organization\",\"name\":\"Ledizioni\",\"url\":\"https:\\\/\\\/www.ledizioni.it\\\/\",\"logo\":{\"@type\":\"ImageObject\",\"inLanguage\":\"en-GB\",\"@id\":\"https:\\\/\\\/www.ledizioni.it\\\/#\\\/schema\\\/logo\\\/image\\\/\",\"url\":\"https:\\\/\\\/www.ledizioni.it\\\/stag\\\/wp-content\\\/uploads\\\/2023\\\/10\\\/newlogoledizioni500x110_2-1.jpg\",\"contentUrl\":\"https:\\\/\\\/www.ledizioni.it\\\/stag\\\/wp-content\\\/uploads\\\/2023\\\/10\\\/newlogoledizioni500x110_2-1.jpg\",\"width\":354,\"height\":87,\"caption\":\"Ledizioni\"},\"image\":{\"@id\":\"https:\\\/\\\/www.ledizioni.it\\\/#\\\/schema\\\/logo\\\/image\\\/\"},\"sameAs\":[\"https:\\\/\\\/www.facebook.com\\\/pages\\\/Ledizioni-LediPublishing\\\/109120559173329\",\"https:\\\/\\\/x.com\\\/ledizioni\"]}]}<\/script>\n<!-- \/ Yoast SEO plugin. -->","yoast_head_json":{"title":"TESTIMONI DELL'INGEGNO -","description":"Ledizioni - Innovative Publishing. Casa editrice universitaria. Open Access. eBook, ePub. Creative Commons.","robots":{"index":"index","follow":"follow","max-snippet":"max-snippet:-1","max-image-preview":"max-image-preview:large","max-video-preview":"max-video-preview:-1"},"canonical":"https:\/\/www.ledizioni.it\/en\/product\/testimoni-dell-ingegno\/","og_locale":"en_GB","og_type":"article","og_title":"TESTIMONI DELL'INGEGNO -","og_description":"Ledizioni - Innovative Publishing. Casa editrice universitaria. Open Access. eBook, ePub. Creative Commons.","og_url":"https:\/\/www.ledizioni.it\/en\/product\/testimoni-dell-ingegno\/","og_site_name":"Ledizioni","article_publisher":"https:\/\/www.facebook.com\/pages\/Ledizioni-LediPublishing\/109120559173329","article_modified_time":"2022-07-11T15:23:11+00:00","og_image":[{"width":500,"height":626,"url":"https:\/\/www.ledizioni.it\/stag\/wp-content\/uploads\/2020\/01\/Carminati_3D.jpg","type":"image\/jpeg"}],"twitter_card":"summary_large_image","twitter_site":"@ledizioni","twitter_misc":{"Estimated reading time":"2 minutes"},"schema":{"@context":"https:\/\/schema.org","@graph":[{"@type":"WebPage","@id":"https:\/\/www.ledizioni.it\/en\/product\/testimoni-dell-ingegno\/","url":"https:\/\/www.ledizioni.it\/en\/product\/testimoni-dell-ingegno\/","name":"TESTIMONI DELL'INGEGNO -","isPartOf":{"@id":"https:\/\/www.ledizioni.it\/#website"},"primaryImageOfPage":{"@id":"https:\/\/www.ledizioni.it\/en\/product\/testimoni-dell-ingegno\/#primaryimage"},"image":{"@id":"https:\/\/www.ledizioni.it\/en\/product\/testimoni-dell-ingegno\/#primaryimage"},"thumbnailUrl":"https:\/\/www.ledizioni.it\/stag\/wp-content\/uploads\/2020\/01\/Carminati_3D.jpg","datePublished":"2020-01-28T08:50:19+00:00","dateModified":"2022-07-11T15:23:11+00:00","description":"Ledizioni - Innovative Publishing. Casa editrice universitaria. Open Access. eBook, ePub. Creative Commons.","breadcrumb":{"@id":"https:\/\/www.ledizioni.it\/en\/product\/testimoni-dell-ingegno\/#breadcrumb"},"inLanguage":"en-GB","potentialAction":[{"@type":"ReadAction","target":["https:\/\/www.ledizioni.it\/en\/product\/testimoni-dell-ingegno\/"]}]},{"@type":"ImageObject","inLanguage":"en-GB","@id":"https:\/\/www.ledizioni.it\/en\/product\/testimoni-dell-ingegno\/#primaryimage","url":"https:\/\/www.ledizioni.it\/stag\/wp-content\/uploads\/2020\/01\/Carminati_3D.jpg","contentUrl":"https:\/\/www.ledizioni.it\/stag\/wp-content\/uploads\/2020\/01\/Carminati_3D.jpg","width":500,"height":626},{"@type":"BreadcrumbList","@id":"https:\/\/www.ledizioni.it\/en\/product\/testimoni-dell-ingegno\/#breadcrumb","itemListElement":[{"@type":"ListItem","position":1,"name":"Shop","item":"https:\/\/www.ledizioni.it\/shop-2\/"},{"@type":"ListItem","position":2,"name":"TESTIMONI DELL&#8217;INGEGNO"}]},{"@type":"WebSite","@id":"https:\/\/www.ledizioni.it\/#website","url":"https:\/\/www.ledizioni.it\/","name":"Ledizioni","description":"The Innovative LediPublishing Company - Casa Editrice Universitaria","publisher":{"@id":"https:\/\/www.ledizioni.it\/#organization"},"potentialAction":[{"@type":"SearchAction","target":{"@type":"EntryPoint","urlTemplate":"https:\/\/www.ledizioni.it\/?s={search_term_string}"},"query-input":{"@type":"PropertyValueSpecification","valueRequired":true,"valueName":"search_term_string"}}],"inLanguage":"en-GB"},{"@type":"Organization","@id":"https:\/\/www.ledizioni.it\/#organization","name":"Ledizioni","url":"https:\/\/www.ledizioni.it\/","logo":{"@type":"ImageObject","inLanguage":"en-GB","@id":"https:\/\/www.ledizioni.it\/#\/schema\/logo\/image\/","url":"https:\/\/www.ledizioni.it\/stag\/wp-content\/uploads\/2023\/10\/newlogoledizioni500x110_2-1.jpg","contentUrl":"https:\/\/www.ledizioni.it\/stag\/wp-content\/uploads\/2023\/10\/newlogoledizioni500x110_2-1.jpg","width":354,"height":87,"caption":"Ledizioni"},"image":{"@id":"https:\/\/www.ledizioni.it\/#\/schema\/logo\/image\/"},"sameAs":["https:\/\/www.facebook.com\/pages\/Ledizioni-LediPublishing\/109120559173329","https:\/\/x.com\/ledizioni"]}]}},"jetpack_sharing_enabled":true,"_links":{"self":[{"href":"https:\/\/www.ledizioni.it\/en\/wp-json\/wp\/v2\/product\/26946","targetHints":{"allow":["GET"]}}],"collection":[{"href":"https:\/\/www.ledizioni.it\/en\/wp-json\/wp\/v2\/product"}],"about":[{"href":"https:\/\/www.ledizioni.it\/en\/wp-json\/wp\/v2\/types\/product"}],"replies":[{"embeddable":true,"href":"https:\/\/www.ledizioni.it\/en\/wp-json\/wp\/v2\/comments?post=26946"}],"version-history":[{"count":1,"href":"https:\/\/www.ledizioni.it\/en\/wp-json\/wp\/v2\/product\/26946\/revisions"}],"predecessor-version":[{"id":26950,"href":"https:\/\/www.ledizioni.it\/en\/wp-json\/wp\/v2\/product\/26946\/revisions\/26950"}],"wp:featuredmedia":[{"embeddable":true,"href":"https:\/\/www.ledizioni.it\/en\/wp-json\/wp\/v2\/media\/26949"}],"wp:attachment":[{"href":"https:\/\/www.ledizioni.it\/en\/wp-json\/wp\/v2\/media?parent=26946"}],"wp:term":[{"taxonomy":"product_brand","embeddable":true,"href":"https:\/\/www.ledizioni.it\/en\/wp-json\/wp\/v2\/product_brand?post=26946"},{"taxonomy":"product_cat","embeddable":true,"href":"https:\/\/www.ledizioni.it\/en\/wp-json\/wp\/v2\/product_cat?post=26946"},{"taxonomy":"product_tag","embeddable":true,"href":"https:\/\/www.ledizioni.it\/en\/wp-json\/wp\/v2\/product_tag?post=26946"}],"curies":[{"name":"wp","href":"https:\/\/api.w.org\/{rel}","templated":true}]}}