{"id":27337,"date":"2020-02-27T11:02:16","date_gmt":"2020-02-27T09:02:16","guid":{"rendered":"https:\/\/www.ledizioni.it\/?post_type=product&#038;p=27337"},"modified":"2021-06-09T16:44:39","modified_gmt":"2021-06-09T14:44:39","slug":"come-usare-le-forze-della-tua-mente","status":"publish","type":"product","link":"https:\/\/www.ledizioni.it\/en\/product\/come-usare-le-forze-della-tua-mente\/","title":{"rendered":"COME USARE LE FORZE DELLA TUA MENTE"},"content":{"rendered":"<p style=\"text-align: justify;\">Qual \u00e8 il segreto per ottenere una vita felice e piena? Quali sono le forze per migliorare se stessi e diventare ci\u00f2 che si desidera essere? Lo spiegano le pagine illuminanti di questo libro che, grazie a esempi e metodi pratici, delinea un percorso verso la scoperta e l\u2019uso delle forze della mente.<br \/>\nDalla concentrazione all\u2019immaginazione, dalla volont\u00e0 alla creativit\u00e0: ogni facolt\u00e0 mentale \u00e8 una forza ineguagliabile che conduce verso la piena realizzazione di s\u00e9.<br \/>\n\u201c<em>Lo scopo delle pagine che seguiranno non sar\u00e0 solo quello di presentare e discutere dei nostri poteri e delle nostre possibilit\u00e0, ma sar\u00e0 soprattutto quello di presentare i metodi pratici attraverso i quali questi ultimi possono essere applicati. Nell\u2019accostarsi a una materia di tale spessore \u00e8 necessario per\u00f2 dichiarare, almeno inizialmente, delle cose che possono a prima vista sembrare infondate o esagerate. Il lettore attento e volenteroso scoprir\u00e0, andando avanti con la lettura, che non solo nessuna affermazione \u00e8 infondata o esagerata, ma che \u2013 anzi \u2013 \u00e8 stata fatta molte altre volte e in maniera ancora pi\u00f9 decisa.<\/em>\u201d (L\u2019autore)<\/p>\n<p style=\"text-align: justify;\"><strong>DATI BIBLIOGRAFICI<\/strong><br \/>\nAutore: Christian D. Larson<br \/>\nEditore: Ledizioni<br \/>\nPubblicato in: 2019<br \/>\nCollana: <a href=\"https:\/\/www.ledizioni.it\/en\/product-category\/varia\/crescita-personale\/\">Personal growth<\/a><br \/>\nFormato: brossura, 215 p.<br \/>\nISBN cartaceo: 9788867058716<br \/>\nPrezzo: 18.90\u20ac<\/p>","protected":false},"excerpt":{"rendered":"<p>Qual \u00e8 il segreto per ottenere una vita felice e piena? Quali sono le forze per migliorare se stessi e<\/p>","protected":false},"featured_media":27339,"comment_status":"open","ping_status":"closed","template":"","meta":{"_acf_changed":false},"product_brand":[],"product_cat":[1467],"product_tag":[2101,1754,2110,2562],"class_list":{"0":"post-27337","1":"product","2":"type-product","3":"status-publish","4":"has-post-thumbnail","6":"product_cat-crescita-personale","7":"product_tag-realizzazione","8":"product_tag-scienza-della-mente","9":"product_tag-sviluppo-personale","10":"product_tag-visualizzazione","12":"first","13":"instock","14":"shipping-taxable","15":"purchasable","16":"product-type-simple"},"acf":[],"yoast_head":"<!-- This site is optimized with the Yoast SEO plugin v27.4 - https:\/\/yoast.com\/product\/yoast-seo-wordpress\/ -->\n<title>COME USARE LE FORZE DELLA TUA MENTE -<\/title>\n<meta name=\"description\" content=\"Ledizioni - Innovative Publishing. Casa editrice universitaria. Open Access. eBook, ePub. Creative Commons.\" \/>\n<meta name=\"robots\" content=\"index, follow, max-snippet:-1, max-image-preview:large, max-video-preview:-1\" \/>\n<link rel=\"canonical\" href=\"https:\/\/www.ledizioni.it\/en\/product\/come-usare-le-forze-della-tua-mente\/\" \/>\n<meta property=\"og:locale\" content=\"en_GB\" \/>\n<meta property=\"og:type\" content=\"article\" \/>\n<meta property=\"og:title\" content=\"COME USARE LE FORZE DELLA TUA MENTE -\" \/>\n<meta property=\"og:description\" content=\"Ledizioni - Innovative Publishing. Casa editrice universitaria. Open Access. eBook, ePub. Creative Commons.\" \/>\n<meta property=\"og:url\" content=\"https:\/\/www.ledizioni.it\/en\/product\/come-usare-le-forze-della-tua-mente\/\" \/>\n<meta property=\"og:site_name\" content=\"Ledizioni\" \/>\n<meta property=\"article:publisher\" content=\"https:\/\/www.facebook.com\/pages\/Ledizioni-LediPublishing\/109120559173329\" \/>\n<meta property=\"article:modified_time\" content=\"2021-06-09T14:44:39+00:00\" \/>\n<meta property=\"og:image\" content=\"https:\/\/www.ledizioni.it\/stag\/wp-content\/uploads\/2020\/02\/forze_3D.jpg\" \/>\n\t<meta property=\"og:image:width\" content=\"400\" \/>\n\t<meta property=\"og:image:height\" content=\"517\" \/>\n\t<meta property=\"og:image:type\" content=\"image\/jpeg\" \/>\n<meta name=\"twitter:card\" content=\"summary_large_image\" \/>\n<meta name=\"twitter:site\" content=\"@ledizioni\" \/>\n<meta name=\"twitter:label1\" content=\"Estimated reading time\" \/>\n\t<meta name=\"twitter:data1\" content=\"1 minute\" \/>\n<script type=\"application\/ld+json\" class=\"yoast-schema-graph\">{\"@context\":\"https:\\\/\\\/schema.org\",\"@graph\":[{\"@type\":\"WebPage\",\"@id\":\"https:\\\/\\\/www.ledizioni.it\\\/prodotto\\\/come-usare-le-forze-della-tua-mente\\\/\",\"url\":\"https:\\\/\\\/www.ledizioni.it\\\/prodotto\\\/come-usare-le-forze-della-tua-mente\\\/\",\"name\":\"COME USARE LE FORZE DELLA TUA MENTE -\",\"isPartOf\":{\"@id\":\"https:\\\/\\\/www.ledizioni.it\\\/#website\"},\"primaryImageOfPage\":{\"@id\":\"https:\\\/\\\/www.ledizioni.it\\\/prodotto\\\/come-usare-le-forze-della-tua-mente\\\/#primaryimage\"},\"image\":{\"@id\":\"https:\\\/\\\/www.ledizioni.it\\\/prodotto\\\/come-usare-le-forze-della-tua-mente\\\/#primaryimage\"},\"thumbnailUrl\":\"https:\\\/\\\/www.ledizioni.it\\\/stag\\\/wp-content\\\/uploads\\\/2020\\\/02\\\/forze_3D.jpg\",\"datePublished\":\"2020-02-27T09:02:16+00:00\",\"dateModified\":\"2021-06-09T14:44:39+00:00\",\"description\":\"Ledizioni - Innovative Publishing. Casa editrice universitaria. Open Access. eBook, ePub. Creative Commons.\",\"breadcrumb\":{\"@id\":\"https:\\\/\\\/www.ledizioni.it\\\/prodotto\\\/come-usare-le-forze-della-tua-mente\\\/#breadcrumb\"},\"inLanguage\":\"en-GB\",\"potentialAction\":[{\"@type\":\"ReadAction\",\"target\":[\"https:\\\/\\\/www.ledizioni.it\\\/prodotto\\\/come-usare-le-forze-della-tua-mente\\\/\"]}]},{\"@type\":\"ImageObject\",\"inLanguage\":\"en-GB\",\"@id\":\"https:\\\/\\\/www.ledizioni.it\\\/prodotto\\\/come-usare-le-forze-della-tua-mente\\\/#primaryimage\",\"url\":\"https:\\\/\\\/www.ledizioni.it\\\/stag\\\/wp-content\\\/uploads\\\/2020\\\/02\\\/forze_3D.jpg\",\"contentUrl\":\"https:\\\/\\\/www.ledizioni.it\\\/stag\\\/wp-content\\\/uploads\\\/2020\\\/02\\\/forze_3D.jpg\",\"width\":400,\"height\":517},{\"@type\":\"BreadcrumbList\",\"@id\":\"https:\\\/\\\/www.ledizioni.it\\\/prodotto\\\/come-usare-le-forze-della-tua-mente\\\/#breadcrumb\",\"itemListElement\":[{\"@type\":\"ListItem\",\"position\":1,\"name\":\"Shop\",\"item\":\"https:\\\/\\\/www.ledizioni.it\\\/shop-2\\\/\"},{\"@type\":\"ListItem\",\"position\":2,\"name\":\"COME USARE LE FORZE DELLA TUA MENTE\"}]},{\"@type\":\"WebSite\",\"@id\":\"https:\\\/\\\/www.ledizioni.it\\\/#website\",\"url\":\"https:\\\/\\\/www.ledizioni.it\\\/\",\"name\":\"Ledizioni\",\"description\":\"The Innovative LediPublishing Company - Casa Editrice Universitaria\",\"publisher\":{\"@id\":\"https:\\\/\\\/www.ledizioni.it\\\/#organization\"},\"potentialAction\":[{\"@type\":\"SearchAction\",\"target\":{\"@type\":\"EntryPoint\",\"urlTemplate\":\"https:\\\/\\\/www.ledizioni.it\\\/?s={search_term_string}\"},\"query-input\":{\"@type\":\"PropertyValueSpecification\",\"valueRequired\":true,\"valueName\":\"search_term_string\"}}],\"inLanguage\":\"en-GB\"},{\"@type\":\"Organization\",\"@id\":\"https:\\\/\\\/www.ledizioni.it\\\/#organization\",\"name\":\"Ledizioni\",\"url\":\"https:\\\/\\\/www.ledizioni.it\\\/\",\"logo\":{\"@type\":\"ImageObject\",\"inLanguage\":\"en-GB\",\"@id\":\"https:\\\/\\\/www.ledizioni.it\\\/#\\\/schema\\\/logo\\\/image\\\/\",\"url\":\"https:\\\/\\\/www.ledizioni.it\\\/stag\\\/wp-content\\\/uploads\\\/2023\\\/10\\\/newlogoledizioni500x110_2-1.jpg\",\"contentUrl\":\"https:\\\/\\\/www.ledizioni.it\\\/stag\\\/wp-content\\\/uploads\\\/2023\\\/10\\\/newlogoledizioni500x110_2-1.jpg\",\"width\":354,\"height\":87,\"caption\":\"Ledizioni\"},\"image\":{\"@id\":\"https:\\\/\\\/www.ledizioni.it\\\/#\\\/schema\\\/logo\\\/image\\\/\"},\"sameAs\":[\"https:\\\/\\\/www.facebook.com\\\/pages\\\/Ledizioni-LediPublishing\\\/109120559173329\",\"https:\\\/\\\/x.com\\\/ledizioni\"]}]}<\/script>\n<!-- \/ Yoast SEO plugin. -->","yoast_head_json":{"title":"COME USARE LE FORZE DELLA TUA MENTE -","description":"Ledizioni - Innovative Publishing. Casa editrice universitaria. Open Access. eBook, ePub. Creative Commons.","robots":{"index":"index","follow":"follow","max-snippet":"max-snippet:-1","max-image-preview":"max-image-preview:large","max-video-preview":"max-video-preview:-1"},"canonical":"https:\/\/www.ledizioni.it\/en\/product\/come-usare-le-forze-della-tua-mente\/","og_locale":"en_GB","og_type":"article","og_title":"COME USARE LE FORZE DELLA TUA MENTE -","og_description":"Ledizioni - Innovative Publishing. Casa editrice universitaria. Open Access. eBook, ePub. Creative Commons.","og_url":"https:\/\/www.ledizioni.it\/en\/product\/come-usare-le-forze-della-tua-mente\/","og_site_name":"Ledizioni","article_publisher":"https:\/\/www.facebook.com\/pages\/Ledizioni-LediPublishing\/109120559173329","article_modified_time":"2021-06-09T14:44:39+00:00","og_image":[{"width":400,"height":517,"url":"https:\/\/www.ledizioni.it\/stag\/wp-content\/uploads\/2020\/02\/forze_3D.jpg","type":"image\/jpeg"}],"twitter_card":"summary_large_image","twitter_site":"@ledizioni","twitter_misc":{"Estimated reading time":"1 minute"},"schema":{"@context":"https:\/\/schema.org","@graph":[{"@type":"WebPage","@id":"https:\/\/www.ledizioni.it\/prodotto\/come-usare-le-forze-della-tua-mente\/","url":"https:\/\/www.ledizioni.it\/prodotto\/come-usare-le-forze-della-tua-mente\/","name":"COME USARE LE FORZE DELLA TUA MENTE -","isPartOf":{"@id":"https:\/\/www.ledizioni.it\/#website"},"primaryImageOfPage":{"@id":"https:\/\/www.ledizioni.it\/prodotto\/come-usare-le-forze-della-tua-mente\/#primaryimage"},"image":{"@id":"https:\/\/www.ledizioni.it\/prodotto\/come-usare-le-forze-della-tua-mente\/#primaryimage"},"thumbnailUrl":"https:\/\/www.ledizioni.it\/stag\/wp-content\/uploads\/2020\/02\/forze_3D.jpg","datePublished":"2020-02-27T09:02:16+00:00","dateModified":"2021-06-09T14:44:39+00:00","description":"Ledizioni - Innovative Publishing. Casa editrice universitaria. Open Access. eBook, ePub. Creative Commons.","breadcrumb":{"@id":"https:\/\/www.ledizioni.it\/prodotto\/come-usare-le-forze-della-tua-mente\/#breadcrumb"},"inLanguage":"en-GB","potentialAction":[{"@type":"ReadAction","target":["https:\/\/www.ledizioni.it\/prodotto\/come-usare-le-forze-della-tua-mente\/"]}]},{"@type":"ImageObject","inLanguage":"en-GB","@id":"https:\/\/www.ledizioni.it\/prodotto\/come-usare-le-forze-della-tua-mente\/#primaryimage","url":"https:\/\/www.ledizioni.it\/stag\/wp-content\/uploads\/2020\/02\/forze_3D.jpg","contentUrl":"https:\/\/www.ledizioni.it\/stag\/wp-content\/uploads\/2020\/02\/forze_3D.jpg","width":400,"height":517},{"@type":"BreadcrumbList","@id":"https:\/\/www.ledizioni.it\/prodotto\/come-usare-le-forze-della-tua-mente\/#breadcrumb","itemListElement":[{"@type":"ListItem","position":1,"name":"Shop","item":"https:\/\/www.ledizioni.it\/shop-2\/"},{"@type":"ListItem","position":2,"name":"COME USARE LE FORZE DELLA TUA MENTE"}]},{"@type":"WebSite","@id":"https:\/\/www.ledizioni.it\/#website","url":"https:\/\/www.ledizioni.it\/","name":"Ledizioni","description":"The Innovative LediPublishing Company - Casa Editrice Universitaria","publisher":{"@id":"https:\/\/www.ledizioni.it\/#organization"},"potentialAction":[{"@type":"SearchAction","target":{"@type":"EntryPoint","urlTemplate":"https:\/\/www.ledizioni.it\/?s={search_term_string}"},"query-input":{"@type":"PropertyValueSpecification","valueRequired":true,"valueName":"search_term_string"}}],"inLanguage":"en-GB"},{"@type":"Organization","@id":"https:\/\/www.ledizioni.it\/#organization","name":"Ledizioni","url":"https:\/\/www.ledizioni.it\/","logo":{"@type":"ImageObject","inLanguage":"en-GB","@id":"https:\/\/www.ledizioni.it\/#\/schema\/logo\/image\/","url":"https:\/\/www.ledizioni.it\/stag\/wp-content\/uploads\/2023\/10\/newlogoledizioni500x110_2-1.jpg","contentUrl":"https:\/\/www.ledizioni.it\/stag\/wp-content\/uploads\/2023\/10\/newlogoledizioni500x110_2-1.jpg","width":354,"height":87,"caption":"Ledizioni"},"image":{"@id":"https:\/\/www.ledizioni.it\/#\/schema\/logo\/image\/"},"sameAs":["https:\/\/www.facebook.com\/pages\/Ledizioni-LediPublishing\/109120559173329","https:\/\/x.com\/ledizioni"]}]}},"jetpack_sharing_enabled":true,"_links":{"self":[{"href":"https:\/\/www.ledizioni.it\/en\/wp-json\/wp\/v2\/product\/27337","targetHints":{"allow":["GET"]}}],"collection":[{"href":"https:\/\/www.ledizioni.it\/en\/wp-json\/wp\/v2\/product"}],"about":[{"href":"https:\/\/www.ledizioni.it\/en\/wp-json\/wp\/v2\/types\/product"}],"replies":[{"embeddable":true,"href":"https:\/\/www.ledizioni.it\/en\/wp-json\/wp\/v2\/comments?post=27337"}],"version-history":[{"count":1,"href":"https:\/\/www.ledizioni.it\/en\/wp-json\/wp\/v2\/product\/27337\/revisions"}],"predecessor-version":[{"id":38836,"href":"https:\/\/www.ledizioni.it\/en\/wp-json\/wp\/v2\/product\/27337\/revisions\/38836"}],"wp:featuredmedia":[{"embeddable":true,"href":"https:\/\/www.ledizioni.it\/en\/wp-json\/wp\/v2\/media\/27339"}],"wp:attachment":[{"href":"https:\/\/www.ledizioni.it\/en\/wp-json\/wp\/v2\/media?parent=27337"}],"wp:term":[{"taxonomy":"product_brand","embeddable":true,"href":"https:\/\/www.ledizioni.it\/en\/wp-json\/wp\/v2\/product_brand?post=27337"},{"taxonomy":"product_cat","embeddable":true,"href":"https:\/\/www.ledizioni.it\/en\/wp-json\/wp\/v2\/product_cat?post=27337"},{"taxonomy":"product_tag","embeddable":true,"href":"https:\/\/www.ledizioni.it\/en\/wp-json\/wp\/v2\/product_tag?post=27337"}],"curies":[{"name":"wp","href":"https:\/\/api.w.org\/{rel}","templated":true}]}}