{"id":31,"date":"2013-07-04T20:36:37","date_gmt":"2013-07-04T18:36:37","guid":{"rendered":"http:\/\/www.ledizioni.it\/stag\/?post_type=product&#038;p=31"},"modified":"2021-05-19T16:26:03","modified_gmt":"2021-05-19T14:26:03","slug":"laura-longoni-agostino-petrillo-fiumara","status":"publish","type":"product","link":"https:\/\/www.ledizioni.it\/en\/product\/laura-longoni-agostino-petrillo-fiumara\/","title":{"rendered":"FIUMARA. IL NUOVO POLO URBANO E LA CITTA&#8217;"},"content":{"rendered":"<p style=\"text-align: justify;\">Siamo veramente di fronte ad una sorta di \u201cultima stagione\u201d degli shopping malls?<br \/>\nCerto negli Stati Uniti la creazione di nuovi centri \u00e8 in calo costante a partire dalla meta degli anni Novanta, mentre alcuni centri commerciali gi\u00e0 esistenti vengono ridimensionati o smantellati e trasformati in altro, ma probabilmente \u00e8 troppo presto per celebrare un loro funerale definitivo Se \u00e8 vero che gli shopping malls hanno profondamente mutato le abitudini di vita degli americani, \u00e8 anche vero che in Europa e in Italia il loro impatto \u00e8 stato molto pi\u00f9 circoscritto. Il centro commerciale stesso pu\u00f2 avere una funzione rivitalizzante di parti di citt\u00e0 abbandonate e trascurate. Una valutazione non demonizzante, come quella che viene svolta in questo volume, dell\u2019azione svolta dai centri commerciali, che tenga conto di aspetti positivi e negativi della loro creazione, sottolineando le modificazioni che una collocazione interna alla citt\u00e0 pu\u00f2 comportare per la citt\u00e0 stessa, \u00e8 perci\u00f2 importantissima.<\/p>\n<h3><\/h3>\n<p><strong><span style=\"color: #000000;\">DATI BIBLI<\/span><span style=\"color: #000000;\">OGRAFICI<\/span><\/strong><\/p>\n<p>Autori: Laura Longoni, Agostino Petrillo<br \/>\nEditore: Ledizioni<br \/>\nCollana: <a title=\"interventi\" href=\"https:\/\/www.ledizioni.it\/en\/product-category\/sociology\/interventions\/\">Interventions<\/a><br \/>\nFormato: Brossura<br \/>\nPubblicato in: Ottobre 2012<br \/>\nISBN: 9788867050413(cartaceo)<br \/>\nPrezzo cartaceo: 28,00 \u20ac<\/p>\n<p><a href=\"http:\/\/www.mondadoristore.it\/Fiumara-nuovo-polo-urbano-Agostino-Petrillo-Laura-Longoni\/eai978886705041\/\" target=\"_blank\" rel=\"noopener\"><img decoding=\"async\" class=\"alignnone size-full wp-image-14398 aligncenter\" src=\"http:\/\/www.ledizioni.it\/stag\/wp-content\/uploads\/2012\/06\/red-podok.jpg\" alt=\"Pod MondadoriStore\" width=\"200\" height=\"82\" \/><\/a><\/p>\n<p><a href=\"https:\/\/www.torrossa.com\/it\/resources\/an\/3052403\"><img decoding=\"async\" class=\"aligncenter wp-image-23912\" src=\"https:\/\/www.ledizioni.it\/stag\/wp-content\/uploads\/2019\/07\/torrossa_web-150x80.jpg\" alt=\"\" width=\"200\" height=\"60\" \/><\/a><\/p>","protected":false},"excerpt":{"rendered":"<p>Siamo veramente di fronte ad una sorta di \u201cultima stagione\u201d degli shopping malls? Certo negli Stati Uniti la creazione di<\/p>","protected":false},"featured_media":32,"comment_status":"open","ping_status":"closed","template":"","meta":{"_acf_changed":false},"product_brand":[],"product_cat":[26],"product_tag":[2492,828],"class_list":{"0":"post-31","1":"product","2":"type-product","3":"status-publish","4":"has-post-thumbnail","6":"product_cat-interventions","7":"product_tag-sociologia-del-territorio","8":"product_tag-citta-2","9":"pa_formato-cartaceo","10":"pa_lingua-italiano","12":"first","13":"instock","14":"shipping-taxable","15":"purchasable","16":"product-type-simple"},"acf":[],"yoast_head":"<!-- This site is optimized with the Yoast SEO plugin v27.3 - https:\/\/yoast.com\/product\/yoast-seo-wordpress\/ -->\n<title>FIUMARA. IL NUOVO POLO URBANO E LA CITTA&#039; -<\/title>\n<meta name=\"description\" content=\"Ledizioni - Innovative Publishing. Casa editrice universitaria. Open Access. eBook, ePub. Creative Commons.\" \/>\n<meta name=\"robots\" content=\"index, follow, max-snippet:-1, max-image-preview:large, max-video-preview:-1\" \/>\n<link rel=\"canonical\" href=\"https:\/\/www.ledizioni.it\/en\/product\/laura-longoni-agostino-petrillo-fiumara\/\" \/>\n<meta property=\"og:locale\" content=\"en_GB\" \/>\n<meta property=\"og:type\" content=\"article\" \/>\n<meta property=\"og:title\" content=\"FIUMARA. IL NUOVO POLO URBANO E LA CITTA&#039; -\" \/>\n<meta property=\"og:description\" content=\"Ledizioni - Innovative Publishing. Casa editrice universitaria. Open Access. eBook, ePub. Creative Commons.\" \/>\n<meta property=\"og:url\" content=\"https:\/\/www.ledizioni.it\/en\/product\/laura-longoni-agostino-petrillo-fiumara\/\" \/>\n<meta property=\"og:site_name\" content=\"Ledizioni\" \/>\n<meta property=\"article:publisher\" content=\"https:\/\/www.facebook.com\/pages\/Ledizioni-LediPublishing\/109120559173329\" \/>\n<meta property=\"article:modified_time\" content=\"2021-05-19T14:26:03+00:00\" \/>\n<meta property=\"og:image\" content=\"https:\/\/www.ledizioni.it\/stag\/wp-content\/uploads\/2013\/07\/copertina3d-730x1024.jpg\" \/>\n\t<meta property=\"og:image:width\" content=\"730\" \/>\n\t<meta property=\"og:image:height\" content=\"1024\" \/>\n\t<meta property=\"og:image:type\" content=\"image\/jpeg\" \/>\n<meta name=\"twitter:card\" content=\"summary_large_image\" \/>\n<meta name=\"twitter:site\" content=\"@ledizioni\" \/>\n<meta name=\"twitter:label1\" content=\"Estimated reading time\" \/>\n\t<meta name=\"twitter:data1\" content=\"1 minute\" \/>\n<script type=\"application\/ld+json\" class=\"yoast-schema-graph\">{\"@context\":\"https:\\\/\\\/schema.org\",\"@graph\":[{\"@type\":\"WebPage\",\"@id\":\"https:\\\/\\\/www.ledizioni.it\\\/en\\\/product\\\/laura-longoni-agostino-petrillo-fiumara\\\/\",\"url\":\"https:\\\/\\\/www.ledizioni.it\\\/en\\\/product\\\/laura-longoni-agostino-petrillo-fiumara\\\/\",\"name\":\"FIUMARA. IL NUOVO POLO URBANO E LA CITTA' -\",\"isPartOf\":{\"@id\":\"https:\\\/\\\/www.ledizioni.it\\\/#website\"},\"primaryImageOfPage\":{\"@id\":\"https:\\\/\\\/www.ledizioni.it\\\/en\\\/product\\\/laura-longoni-agostino-petrillo-fiumara\\\/#primaryimage\"},\"image\":{\"@id\":\"https:\\\/\\\/www.ledizioni.it\\\/en\\\/product\\\/laura-longoni-agostino-petrillo-fiumara\\\/#primaryimage\"},\"thumbnailUrl\":\"https:\\\/\\\/www.ledizioni.it\\\/stag\\\/wp-content\\\/uploads\\\/2013\\\/07\\\/copertina3d-730x1024.jpg\",\"datePublished\":\"2013-07-04T18:36:37+00:00\",\"dateModified\":\"2021-05-19T14:26:03+00:00\",\"description\":\"Ledizioni - Innovative Publishing. Casa editrice universitaria. Open Access. eBook, ePub. Creative Commons.\",\"breadcrumb\":{\"@id\":\"https:\\\/\\\/www.ledizioni.it\\\/en\\\/product\\\/laura-longoni-agostino-petrillo-fiumara\\\/#breadcrumb\"},\"inLanguage\":\"en-GB\",\"potentialAction\":[{\"@type\":\"ReadAction\",\"target\":[\"https:\\\/\\\/www.ledizioni.it\\\/en\\\/product\\\/laura-longoni-agostino-petrillo-fiumara\\\/\"]}]},{\"@type\":\"ImageObject\",\"inLanguage\":\"en-GB\",\"@id\":\"https:\\\/\\\/www.ledizioni.it\\\/en\\\/product\\\/laura-longoni-agostino-petrillo-fiumara\\\/#primaryimage\",\"url\":\"https:\\\/\\\/www.ledizioni.it\\\/stag\\\/wp-content\\\/uploads\\\/2013\\\/07\\\/copertina3d-730x1024.jpg\",\"contentUrl\":\"https:\\\/\\\/www.ledizioni.it\\\/stag\\\/wp-content\\\/uploads\\\/2013\\\/07\\\/copertina3d-730x1024.jpg\",\"width\":730,\"height\":1024},{\"@type\":\"BreadcrumbList\",\"@id\":\"https:\\\/\\\/www.ledizioni.it\\\/en\\\/product\\\/laura-longoni-agostino-petrillo-fiumara\\\/#breadcrumb\",\"itemListElement\":[{\"@type\":\"ListItem\",\"position\":1,\"name\":\"Shop\",\"item\":\"https:\\\/\\\/www.ledizioni.it\\\/shop-2\\\/\"},{\"@type\":\"ListItem\",\"position\":2,\"name\":\"FIUMARA. IL NUOVO POLO URBANO E LA CITTA&#8217;\"}]},{\"@type\":\"WebSite\",\"@id\":\"https:\\\/\\\/www.ledizioni.it\\\/#website\",\"url\":\"https:\\\/\\\/www.ledizioni.it\\\/\",\"name\":\"Ledizioni\",\"description\":\"The Innovative LediPublishing Company - Casa Editrice Universitaria\",\"publisher\":{\"@id\":\"https:\\\/\\\/www.ledizioni.it\\\/#organization\"},\"potentialAction\":[{\"@type\":\"SearchAction\",\"target\":{\"@type\":\"EntryPoint\",\"urlTemplate\":\"https:\\\/\\\/www.ledizioni.it\\\/?s={search_term_string}\"},\"query-input\":{\"@type\":\"PropertyValueSpecification\",\"valueRequired\":true,\"valueName\":\"search_term_string\"}}],\"inLanguage\":\"en-GB\"},{\"@type\":\"Organization\",\"@id\":\"https:\\\/\\\/www.ledizioni.it\\\/#organization\",\"name\":\"Ledizioni\",\"url\":\"https:\\\/\\\/www.ledizioni.it\\\/\",\"logo\":{\"@type\":\"ImageObject\",\"inLanguage\":\"en-GB\",\"@id\":\"https:\\\/\\\/www.ledizioni.it\\\/#\\\/schema\\\/logo\\\/image\\\/\",\"url\":\"https:\\\/\\\/www.ledizioni.it\\\/stag\\\/wp-content\\\/uploads\\\/2023\\\/10\\\/newlogoledizioni500x110_2-1.jpg\",\"contentUrl\":\"https:\\\/\\\/www.ledizioni.it\\\/stag\\\/wp-content\\\/uploads\\\/2023\\\/10\\\/newlogoledizioni500x110_2-1.jpg\",\"width\":354,\"height\":87,\"caption\":\"Ledizioni\"},\"image\":{\"@id\":\"https:\\\/\\\/www.ledizioni.it\\\/#\\\/schema\\\/logo\\\/image\\\/\"},\"sameAs\":[\"https:\\\/\\\/www.facebook.com\\\/pages\\\/Ledizioni-LediPublishing\\\/109120559173329\",\"https:\\\/\\\/x.com\\\/ledizioni\"]}]}<\/script>\n<!-- \/ Yoast SEO plugin. -->","yoast_head_json":{"title":"FIUMARA. IL NUOVO POLO URBANO E LA CITTA' -","description":"Ledizioni - Innovative Publishing. Casa editrice universitaria. Open Access. eBook, ePub. Creative Commons.","robots":{"index":"index","follow":"follow","max-snippet":"max-snippet:-1","max-image-preview":"max-image-preview:large","max-video-preview":"max-video-preview:-1"},"canonical":"https:\/\/www.ledizioni.it\/en\/product\/laura-longoni-agostino-petrillo-fiumara\/","og_locale":"en_GB","og_type":"article","og_title":"FIUMARA. IL NUOVO POLO URBANO E LA CITTA' -","og_description":"Ledizioni - Innovative Publishing. Casa editrice universitaria. Open Access. eBook, ePub. Creative Commons.","og_url":"https:\/\/www.ledizioni.it\/en\/product\/laura-longoni-agostino-petrillo-fiumara\/","og_site_name":"Ledizioni","article_publisher":"https:\/\/www.facebook.com\/pages\/Ledizioni-LediPublishing\/109120559173329","article_modified_time":"2021-05-19T14:26:03+00:00","og_image":[{"width":730,"height":1024,"url":"https:\/\/www.ledizioni.it\/stag\/wp-content\/uploads\/2013\/07\/copertina3d-730x1024.jpg","type":"image\/jpeg"}],"twitter_card":"summary_large_image","twitter_site":"@ledizioni","twitter_misc":{"Estimated reading time":"1 minute"},"schema":{"@context":"https:\/\/schema.org","@graph":[{"@type":"WebPage","@id":"https:\/\/www.ledizioni.it\/en\/product\/laura-longoni-agostino-petrillo-fiumara\/","url":"https:\/\/www.ledizioni.it\/en\/product\/laura-longoni-agostino-petrillo-fiumara\/","name":"FIUMARA. IL NUOVO POLO URBANO E LA CITTA' -","isPartOf":{"@id":"https:\/\/www.ledizioni.it\/#website"},"primaryImageOfPage":{"@id":"https:\/\/www.ledizioni.it\/en\/product\/laura-longoni-agostino-petrillo-fiumara\/#primaryimage"},"image":{"@id":"https:\/\/www.ledizioni.it\/en\/product\/laura-longoni-agostino-petrillo-fiumara\/#primaryimage"},"thumbnailUrl":"https:\/\/www.ledizioni.it\/stag\/wp-content\/uploads\/2013\/07\/copertina3d-730x1024.jpg","datePublished":"2013-07-04T18:36:37+00:00","dateModified":"2021-05-19T14:26:03+00:00","description":"Ledizioni - Innovative Publishing. Casa editrice universitaria. Open Access. eBook, ePub. Creative Commons.","breadcrumb":{"@id":"https:\/\/www.ledizioni.it\/en\/product\/laura-longoni-agostino-petrillo-fiumara\/#breadcrumb"},"inLanguage":"en-GB","potentialAction":[{"@type":"ReadAction","target":["https:\/\/www.ledizioni.it\/en\/product\/laura-longoni-agostino-petrillo-fiumara\/"]}]},{"@type":"ImageObject","inLanguage":"en-GB","@id":"https:\/\/www.ledizioni.it\/en\/product\/laura-longoni-agostino-petrillo-fiumara\/#primaryimage","url":"https:\/\/www.ledizioni.it\/stag\/wp-content\/uploads\/2013\/07\/copertina3d-730x1024.jpg","contentUrl":"https:\/\/www.ledizioni.it\/stag\/wp-content\/uploads\/2013\/07\/copertina3d-730x1024.jpg","width":730,"height":1024},{"@type":"BreadcrumbList","@id":"https:\/\/www.ledizioni.it\/en\/product\/laura-longoni-agostino-petrillo-fiumara\/#breadcrumb","itemListElement":[{"@type":"ListItem","position":1,"name":"Shop","item":"https:\/\/www.ledizioni.it\/shop-2\/"},{"@type":"ListItem","position":2,"name":"FIUMARA. IL NUOVO POLO URBANO E LA CITTA&#8217;"}]},{"@type":"WebSite","@id":"https:\/\/www.ledizioni.it\/#website","url":"https:\/\/www.ledizioni.it\/","name":"Ledizioni","description":"The Innovative LediPublishing Company - Casa Editrice Universitaria","publisher":{"@id":"https:\/\/www.ledizioni.it\/#organization"},"potentialAction":[{"@type":"SearchAction","target":{"@type":"EntryPoint","urlTemplate":"https:\/\/www.ledizioni.it\/?s={search_term_string}"},"query-input":{"@type":"PropertyValueSpecification","valueRequired":true,"valueName":"search_term_string"}}],"inLanguage":"en-GB"},{"@type":"Organization","@id":"https:\/\/www.ledizioni.it\/#organization","name":"Ledizioni","url":"https:\/\/www.ledizioni.it\/","logo":{"@type":"ImageObject","inLanguage":"en-GB","@id":"https:\/\/www.ledizioni.it\/#\/schema\/logo\/image\/","url":"https:\/\/www.ledizioni.it\/stag\/wp-content\/uploads\/2023\/10\/newlogoledizioni500x110_2-1.jpg","contentUrl":"https:\/\/www.ledizioni.it\/stag\/wp-content\/uploads\/2023\/10\/newlogoledizioni500x110_2-1.jpg","width":354,"height":87,"caption":"Ledizioni"},"image":{"@id":"https:\/\/www.ledizioni.it\/#\/schema\/logo\/image\/"},"sameAs":["https:\/\/www.facebook.com\/pages\/Ledizioni-LediPublishing\/109120559173329","https:\/\/x.com\/ledizioni"]}]}},"jetpack_sharing_enabled":true,"_links":{"self":[{"href":"https:\/\/www.ledizioni.it\/en\/wp-json\/wp\/v2\/product\/31","targetHints":{"allow":["GET"]}}],"collection":[{"href":"https:\/\/www.ledizioni.it\/en\/wp-json\/wp\/v2\/product"}],"about":[{"href":"https:\/\/www.ledizioni.it\/en\/wp-json\/wp\/v2\/types\/product"}],"replies":[{"embeddable":true,"href":"https:\/\/www.ledizioni.it\/en\/wp-json\/wp\/v2\/comments?post=31"}],"version-history":[{"count":1,"href":"https:\/\/www.ledizioni.it\/en\/wp-json\/wp\/v2\/product\/31\/revisions"}],"predecessor-version":[{"id":6865,"href":"https:\/\/www.ledizioni.it\/en\/wp-json\/wp\/v2\/product\/31\/revisions\/6865"}],"wp:featuredmedia":[{"embeddable":true,"href":"https:\/\/www.ledizioni.it\/en\/wp-json\/wp\/v2\/media\/32"}],"wp:attachment":[{"href":"https:\/\/www.ledizioni.it\/en\/wp-json\/wp\/v2\/media?parent=31"}],"wp:term":[{"taxonomy":"product_brand","embeddable":true,"href":"https:\/\/www.ledizioni.it\/en\/wp-json\/wp\/v2\/product_brand?post=31"},{"taxonomy":"product_cat","embeddable":true,"href":"https:\/\/www.ledizioni.it\/en\/wp-json\/wp\/v2\/product_cat?post=31"},{"taxonomy":"product_tag","embeddable":true,"href":"https:\/\/www.ledizioni.it\/en\/wp-json\/wp\/v2\/product_tag?post=31"}],"curies":[{"name":"wp","href":"https:\/\/api.w.org\/{rel}","templated":true}]}}