{"id":31272,"date":"2020-07-06T09:56:30","date_gmt":"2020-07-06T07:56:30","guid":{"rendered":"https:\/\/www.ledizioni.it\/?post_type=product&#038;p=31272"},"modified":"2021-04-28T16:36:09","modified_gmt":"2021-04-28T14:36:09","slug":"efficienza-energetica-degli-edifici-storici","status":"publish","type":"product","link":"https:\/\/www.ledizioni.it\/en\/product\/efficienza-energetica-degli-edifici-storici\/","title":{"rendered":"EFFICIENZA ENERGETICA DEGLI EDIFICI STORICI"},"content":{"rendered":"<p style=\"text-align: justify;\">Il libro illustra la sostenibilit\u00e0 degli interventi esistenti sul patrimonio costruito con l\u2019obiettivo di individuare e valutare le operazioni che possano garantire un adeguato livello di miglioramento energetico parallelamente alla tutela dei caratteri morfologici, materici ed architettonici propri dell\u2019edificato storico.<br \/>\nIl tema dell\u2019efficientamento energetico del patrimonio costruito \u00e8 attualmente molto dibattuto, in modo particolare nel contesto italiano, dove, dagli inizi degli anni Ottanta del Novecento, il mercato edilizio \u00e8 in gran parte concentrato sulle attivit\u00e0 di recupero dell\u2019esistente. La questione risulta di maggiore respiro se si considera inoltre che tra questi ultimi non figurano solamente gli edifici cosiddetti \u201cdi pregio\u201d tutelati dal Codice dei Beni Culturali e del Paesaggio, ma anche i numerosi beni non vincolati dalla legislazione nazionale che tuttavia possiedono caratteristiche peculiari da salvaguardare nella loro integrit\u00e0 materica e architettonica.<br \/>\nLe acquisizioni teoriche hanno mutato la prassi operativa che prende sempre pi\u00f9 spesso avvio da una meticolosa conoscenza dell\u2019oggetto sul quale si vuole operare: intervenire sul patrimonio storico significa progettarne le azioni dopo accurate anamnesi e diagnosi. Il libro mette a punto uno strumento in grado di guidare nell\u2019individuazione degli interventi di miglioramento energetico pi\u00f9 adatti alle necessit\u00e0. Ci\u00f2 avviene attraverso un tracciato schedografico specificamente approntato, da un lato per sistematizzare le informazioni acquisite, dall\u2019altro per valutare e rendere raffrontabili gli interventi di retrofit energetico. I quattro parametri individuati per tali finalit\u00e0 sono: compatibilit\u00e0, efficacia, durabilit\u00e0 ed economicit\u00e0.<br \/>\nIn questo contesto si inquadra cos\u00ec il progetto di miglioramento energetico, che pu\u00f2 essere annoverato tra gli interventi fondamentali per ridare funzionalit\u00e0, opportunit\u00e0 e ruolo agli edifici del nostro passato all\u2019interno della societ\u00e0 contemporanea.<\/p>\n<p><strong>DATI BIBLIOGRAFICI<\/strong><br \/>\nAutore: Andrea Garzulino<br \/>\nEditore: Ledizioni<br \/>\nPubblicato nel: dicembre 2019<br \/>\nFormato: brossura con alette, 166 p.<br \/>\nISBN cartaceo: 9788855261616<br \/>\nPrezzo cartaceo: 30 \u20ac<br \/>\n<a href=\"http:\/\/digital.casalini.it\/9788855261616\"><img decoding=\"async\" class=\"aligncenter wp-image-23912\" src=\"https:\/\/www.ledizioni.it\/stag\/wp-content\/uploads\/2019\/07\/torrossa_web-150x80.jpg\" alt=\"\" width=\"200\" height=\"60\" \/><\/a><\/p>","protected":false},"excerpt":{"rendered":"<p>Il libro illustra la sostenibilit\u00e0 degli interventi esistenti sul patrimonio costruito con l\u2019obiettivo di individuare e valutare le operazioni che<\/p>","protected":false},"featured_media":31273,"comment_status":"open","ping_status":"closed","template":"","meta":{"_acf_changed":false},"product_brand":[],"product_cat":[2456],"product_tag":[1410,2200,2099],"class_list":{"0":"post-31272","1":"product","2":"type-product","3":"status-publish","4":"has-post-thumbnail","6":"product_cat-beni","7":"product_tag-architettura","8":"product_tag-edifici-storici","9":"product_tag-energia","11":"first","12":"instock","13":"featured","14":"shipping-taxable","15":"purchasable","16":"product-type-simple"},"acf":[],"yoast_head":"<!-- This site is optimized with the Yoast SEO plugin v27.4 - https:\/\/yoast.com\/product\/yoast-seo-wordpress\/ -->\n<title>EFFICIENZA ENERGETICA DEGLI EDIFICI STORICI -<\/title>\n<meta name=\"description\" content=\"Ledizioni - Innovative Publishing. Casa editrice universitaria. Open Access. eBook, ePub. Creative Commons.\" \/>\n<meta name=\"robots\" content=\"index, follow, max-snippet:-1, max-image-preview:large, max-video-preview:-1\" \/>\n<link rel=\"canonical\" href=\"https:\/\/www.ledizioni.it\/en\/product\/efficienza-energetica-degli-edifici-storici\/\" \/>\n<meta property=\"og:locale\" content=\"en_GB\" \/>\n<meta property=\"og:type\" content=\"article\" \/>\n<meta property=\"og:title\" content=\"EFFICIENZA ENERGETICA DEGLI EDIFICI STORICI -\" \/>\n<meta property=\"og:description\" content=\"Ledizioni - Innovative Publishing. Casa editrice universitaria. Open Access. eBook, ePub. Creative Commons.\" \/>\n<meta property=\"og:url\" content=\"https:\/\/www.ledizioni.it\/en\/product\/efficienza-energetica-degli-edifici-storici\/\" \/>\n<meta property=\"og:site_name\" content=\"Ledizioni\" \/>\n<meta property=\"article:publisher\" content=\"https:\/\/www.facebook.com\/pages\/Ledizioni-LediPublishing\/109120559173329\" \/>\n<meta property=\"article:modified_time\" content=\"2021-04-28T14:36:09+00:00\" \/>\n<meta property=\"og:image\" content=\"https:\/\/www.ledizioni.it\/stag\/wp-content\/uploads\/2020\/07\/Garzulino_3D.jpg\" \/>\n\t<meta property=\"og:image:width\" content=\"500\" \/>\n\t<meta property=\"og:image:height\" content=\"623\" \/>\n\t<meta property=\"og:image:type\" content=\"image\/jpeg\" \/>\n<meta name=\"twitter:card\" content=\"summary_large_image\" \/>\n<meta name=\"twitter:site\" content=\"@ledizioni\" \/>\n<meta name=\"twitter:label1\" content=\"Estimated reading time\" \/>\n\t<meta name=\"twitter:data1\" content=\"1 minute\" \/>\n<script type=\"application\/ld+json\" class=\"yoast-schema-graph\">{\"@context\":\"https:\\\/\\\/schema.org\",\"@graph\":[{\"@type\":\"WebPage\",\"@id\":\"https:\\\/\\\/www.ledizioni.it\\\/en\\\/product\\\/efficienza-energetica-degli-edifici-storici\\\/\",\"url\":\"https:\\\/\\\/www.ledizioni.it\\\/en\\\/product\\\/efficienza-energetica-degli-edifici-storici\\\/\",\"name\":\"EFFICIENZA ENERGETICA DEGLI EDIFICI STORICI -\",\"isPartOf\":{\"@id\":\"https:\\\/\\\/www.ledizioni.it\\\/#website\"},\"primaryImageOfPage\":{\"@id\":\"https:\\\/\\\/www.ledizioni.it\\\/en\\\/product\\\/efficienza-energetica-degli-edifici-storici\\\/#primaryimage\"},\"image\":{\"@id\":\"https:\\\/\\\/www.ledizioni.it\\\/en\\\/product\\\/efficienza-energetica-degli-edifici-storici\\\/#primaryimage\"},\"thumbnailUrl\":\"https:\\\/\\\/www.ledizioni.it\\\/stag\\\/wp-content\\\/uploads\\\/2020\\\/07\\\/Garzulino_3D.jpg\",\"datePublished\":\"2020-07-06T07:56:30+00:00\",\"dateModified\":\"2021-04-28T14:36:09+00:00\",\"description\":\"Ledizioni - Innovative Publishing. Casa editrice universitaria. Open Access. eBook, ePub. Creative Commons.\",\"breadcrumb\":{\"@id\":\"https:\\\/\\\/www.ledizioni.it\\\/en\\\/product\\\/efficienza-energetica-degli-edifici-storici\\\/#breadcrumb\"},\"inLanguage\":\"en-GB\",\"potentialAction\":[{\"@type\":\"ReadAction\",\"target\":[\"https:\\\/\\\/www.ledizioni.it\\\/en\\\/product\\\/efficienza-energetica-degli-edifici-storici\\\/\"]}]},{\"@type\":\"ImageObject\",\"inLanguage\":\"en-GB\",\"@id\":\"https:\\\/\\\/www.ledizioni.it\\\/en\\\/product\\\/efficienza-energetica-degli-edifici-storici\\\/#primaryimage\",\"url\":\"https:\\\/\\\/www.ledizioni.it\\\/stag\\\/wp-content\\\/uploads\\\/2020\\\/07\\\/Garzulino_3D.jpg\",\"contentUrl\":\"https:\\\/\\\/www.ledizioni.it\\\/stag\\\/wp-content\\\/uploads\\\/2020\\\/07\\\/Garzulino_3D.jpg\",\"width\":500,\"height\":623},{\"@type\":\"BreadcrumbList\",\"@id\":\"https:\\\/\\\/www.ledizioni.it\\\/en\\\/product\\\/efficienza-energetica-degli-edifici-storici\\\/#breadcrumb\",\"itemListElement\":[{\"@type\":\"ListItem\",\"position\":1,\"name\":\"Shop\",\"item\":\"https:\\\/\\\/www.ledizioni.it\\\/shop-2\\\/\"},{\"@type\":\"ListItem\",\"position\":2,\"name\":\"EFFICIENZA ENERGETICA DEGLI EDIFICI STORICI\"}]},{\"@type\":\"WebSite\",\"@id\":\"https:\\\/\\\/www.ledizioni.it\\\/#website\",\"url\":\"https:\\\/\\\/www.ledizioni.it\\\/\",\"name\":\"Ledizioni\",\"description\":\"The Innovative LediPublishing Company - Casa Editrice Universitaria\",\"publisher\":{\"@id\":\"https:\\\/\\\/www.ledizioni.it\\\/#organization\"},\"potentialAction\":[{\"@type\":\"SearchAction\",\"target\":{\"@type\":\"EntryPoint\",\"urlTemplate\":\"https:\\\/\\\/www.ledizioni.it\\\/?s={search_term_string}\"},\"query-input\":{\"@type\":\"PropertyValueSpecification\",\"valueRequired\":true,\"valueName\":\"search_term_string\"}}],\"inLanguage\":\"en-GB\"},{\"@type\":\"Organization\",\"@id\":\"https:\\\/\\\/www.ledizioni.it\\\/#organization\",\"name\":\"Ledizioni\",\"url\":\"https:\\\/\\\/www.ledizioni.it\\\/\",\"logo\":{\"@type\":\"ImageObject\",\"inLanguage\":\"en-GB\",\"@id\":\"https:\\\/\\\/www.ledizioni.it\\\/#\\\/schema\\\/logo\\\/image\\\/\",\"url\":\"https:\\\/\\\/www.ledizioni.it\\\/stag\\\/wp-content\\\/uploads\\\/2023\\\/10\\\/newlogoledizioni500x110_2-1.jpg\",\"contentUrl\":\"https:\\\/\\\/www.ledizioni.it\\\/stag\\\/wp-content\\\/uploads\\\/2023\\\/10\\\/newlogoledizioni500x110_2-1.jpg\",\"width\":354,\"height\":87,\"caption\":\"Ledizioni\"},\"image\":{\"@id\":\"https:\\\/\\\/www.ledizioni.it\\\/#\\\/schema\\\/logo\\\/image\\\/\"},\"sameAs\":[\"https:\\\/\\\/www.facebook.com\\\/pages\\\/Ledizioni-LediPublishing\\\/109120559173329\",\"https:\\\/\\\/x.com\\\/ledizioni\"]}]}<\/script>\n<!-- \/ Yoast SEO plugin. -->","yoast_head_json":{"title":"EFFICIENZA ENERGETICA DEGLI EDIFICI STORICI -","description":"Ledizioni - Innovative Publishing. Casa editrice universitaria. Open Access. eBook, ePub. Creative Commons.","robots":{"index":"index","follow":"follow","max-snippet":"max-snippet:-1","max-image-preview":"max-image-preview:large","max-video-preview":"max-video-preview:-1"},"canonical":"https:\/\/www.ledizioni.it\/en\/product\/efficienza-energetica-degli-edifici-storici\/","og_locale":"en_GB","og_type":"article","og_title":"EFFICIENZA ENERGETICA DEGLI EDIFICI STORICI -","og_description":"Ledizioni - Innovative Publishing. Casa editrice universitaria. Open Access. eBook, ePub. Creative Commons.","og_url":"https:\/\/www.ledizioni.it\/en\/product\/efficienza-energetica-degli-edifici-storici\/","og_site_name":"Ledizioni","article_publisher":"https:\/\/www.facebook.com\/pages\/Ledizioni-LediPublishing\/109120559173329","article_modified_time":"2021-04-28T14:36:09+00:00","og_image":[{"width":500,"height":623,"url":"https:\/\/www.ledizioni.it\/stag\/wp-content\/uploads\/2020\/07\/Garzulino_3D.jpg","type":"image\/jpeg"}],"twitter_card":"summary_large_image","twitter_site":"@ledizioni","twitter_misc":{"Estimated reading time":"1 minute"},"schema":{"@context":"https:\/\/schema.org","@graph":[{"@type":"WebPage","@id":"https:\/\/www.ledizioni.it\/en\/product\/efficienza-energetica-degli-edifici-storici\/","url":"https:\/\/www.ledizioni.it\/en\/product\/efficienza-energetica-degli-edifici-storici\/","name":"EFFICIENZA ENERGETICA DEGLI EDIFICI STORICI -","isPartOf":{"@id":"https:\/\/www.ledizioni.it\/#website"},"primaryImageOfPage":{"@id":"https:\/\/www.ledizioni.it\/en\/product\/efficienza-energetica-degli-edifici-storici\/#primaryimage"},"image":{"@id":"https:\/\/www.ledizioni.it\/en\/product\/efficienza-energetica-degli-edifici-storici\/#primaryimage"},"thumbnailUrl":"https:\/\/www.ledizioni.it\/stag\/wp-content\/uploads\/2020\/07\/Garzulino_3D.jpg","datePublished":"2020-07-06T07:56:30+00:00","dateModified":"2021-04-28T14:36:09+00:00","description":"Ledizioni - Innovative Publishing. Casa editrice universitaria. Open Access. eBook, ePub. Creative Commons.","breadcrumb":{"@id":"https:\/\/www.ledizioni.it\/en\/product\/efficienza-energetica-degli-edifici-storici\/#breadcrumb"},"inLanguage":"en-GB","potentialAction":[{"@type":"ReadAction","target":["https:\/\/www.ledizioni.it\/en\/product\/efficienza-energetica-degli-edifici-storici\/"]}]},{"@type":"ImageObject","inLanguage":"en-GB","@id":"https:\/\/www.ledizioni.it\/en\/product\/efficienza-energetica-degli-edifici-storici\/#primaryimage","url":"https:\/\/www.ledizioni.it\/stag\/wp-content\/uploads\/2020\/07\/Garzulino_3D.jpg","contentUrl":"https:\/\/www.ledizioni.it\/stag\/wp-content\/uploads\/2020\/07\/Garzulino_3D.jpg","width":500,"height":623},{"@type":"BreadcrumbList","@id":"https:\/\/www.ledizioni.it\/en\/product\/efficienza-energetica-degli-edifici-storici\/#breadcrumb","itemListElement":[{"@type":"ListItem","position":1,"name":"Shop","item":"https:\/\/www.ledizioni.it\/shop-2\/"},{"@type":"ListItem","position":2,"name":"EFFICIENZA ENERGETICA DEGLI EDIFICI STORICI"}]},{"@type":"WebSite","@id":"https:\/\/www.ledizioni.it\/#website","url":"https:\/\/www.ledizioni.it\/","name":"Ledizioni","description":"The Innovative LediPublishing Company - Casa Editrice Universitaria","publisher":{"@id":"https:\/\/www.ledizioni.it\/#organization"},"potentialAction":[{"@type":"SearchAction","target":{"@type":"EntryPoint","urlTemplate":"https:\/\/www.ledizioni.it\/?s={search_term_string}"},"query-input":{"@type":"PropertyValueSpecification","valueRequired":true,"valueName":"search_term_string"}}],"inLanguage":"en-GB"},{"@type":"Organization","@id":"https:\/\/www.ledizioni.it\/#organization","name":"Ledizioni","url":"https:\/\/www.ledizioni.it\/","logo":{"@type":"ImageObject","inLanguage":"en-GB","@id":"https:\/\/www.ledizioni.it\/#\/schema\/logo\/image\/","url":"https:\/\/www.ledizioni.it\/stag\/wp-content\/uploads\/2023\/10\/newlogoledizioni500x110_2-1.jpg","contentUrl":"https:\/\/www.ledizioni.it\/stag\/wp-content\/uploads\/2023\/10\/newlogoledizioni500x110_2-1.jpg","width":354,"height":87,"caption":"Ledizioni"},"image":{"@id":"https:\/\/www.ledizioni.it\/#\/schema\/logo\/image\/"},"sameAs":["https:\/\/www.facebook.com\/pages\/Ledizioni-LediPublishing\/109120559173329","https:\/\/x.com\/ledizioni"]}]}},"jetpack_sharing_enabled":true,"_links":{"self":[{"href":"https:\/\/www.ledizioni.it\/en\/wp-json\/wp\/v2\/product\/31272","targetHints":{"allow":["GET"]}}],"collection":[{"href":"https:\/\/www.ledizioni.it\/en\/wp-json\/wp\/v2\/product"}],"about":[{"href":"https:\/\/www.ledizioni.it\/en\/wp-json\/wp\/v2\/types\/product"}],"replies":[{"embeddable":true,"href":"https:\/\/www.ledizioni.it\/en\/wp-json\/wp\/v2\/comments?post=31272"}],"version-history":[{"count":0,"href":"https:\/\/www.ledizioni.it\/en\/wp-json\/wp\/v2\/product\/31272\/revisions"}],"wp:featuredmedia":[{"embeddable":true,"href":"https:\/\/www.ledizioni.it\/en\/wp-json\/wp\/v2\/media\/31273"}],"wp:attachment":[{"href":"https:\/\/www.ledizioni.it\/en\/wp-json\/wp\/v2\/media?parent=31272"}],"wp:term":[{"taxonomy":"product_brand","embeddable":true,"href":"https:\/\/www.ledizioni.it\/en\/wp-json\/wp\/v2\/product_brand?post=31272"},{"taxonomy":"product_cat","embeddable":true,"href":"https:\/\/www.ledizioni.it\/en\/wp-json\/wp\/v2\/product_cat?post=31272"},{"taxonomy":"product_tag","embeddable":true,"href":"https:\/\/www.ledizioni.it\/en\/wp-json\/wp\/v2\/product_tag?post=31272"}],"curies":[{"name":"wp","href":"https:\/\/api.w.org\/{rel}","templated":true}]}}