{"id":31525,"date":"2020-07-23T12:09:37","date_gmt":"2020-07-23T10:09:37","guid":{"rendered":"https:\/\/www.ledizioni.it\/?post_type=product&#038;p=31525"},"modified":"2021-06-11T17:13:38","modified_gmt":"2021-06-11T15:13:38","slug":"lezione-regia-teatrale","status":"publish","type":"product","link":"https:\/\/www.ledizioni.it\/en\/product\/lezione-regia-teatrale\/","title":{"rendered":"A LEZIONE DI REGIA TEATRALE &#8211; Quaderno n. 1"},"content":{"rendered":"<p style=\"text-align: justify;\">Il panorama della regia nell\u2019ambito dello spettacolo dal vivo del terzo millennio \u00e8 quanto mai articolato per numero di proposte, soluzioni espressive, modalit\u00e0 di produzione. \u00c8 molto difficile, dunque, classificare i fenomeni spettacolari entro i limiti del teatro di regia tradizionale.<br \/>\nEcco, allora, l\u2019idea di proporre una serie di esercizi di lettura di spettacoli che, in modo diverso, hanno indicato una via nello studio delle dinamiche produttive e registiche del teatro contemporaneo.<br \/>\nCiascuno degli allestimenti \u2018raccontati\u2019 propone sulla scena alcuni archetipi dello spettacolo teatrale coraggiosamente rinnovati: l\u2019uso della parola, il rapporto col pubblico, i codici visivi e molto altro.<br \/>\nUn canto e controcanto alla contemporaneit\u00e0 che mescola performer e attori, scenografie e installazioni, periferie e melodramma in un pastiche di suggestioni che ci auguriamo possa incuriosire i giovani grazie alla forza espressiva imprevedibile e immediata che li caratterizza.<\/p>\n<p style=\"text-align: justify;\"><strong>DATI BIBLIOGRAFICI<\/strong><br \/>\nA cura di: Nadia Palazzo<br \/>\nEditore: Ledizioni<br \/>\nPubblicato nel: luglio 2020<br \/>\nCollana: <a href=\"https:\/\/www.ledizioni.it\/en\/product-category\/teatro-scienze-umane-2\/regia\/\">Direction<\/a>, <a href=\"https:\/\/www.ledizioni.it\/en\/product-category\/didattica-scienze-umane-2\/manuali\/\">Manuals<\/a><br \/>\nFormato: brossura, 124 p. &#8211; ePub<br \/>\nISBN cartaceo: <span data-sheets-formula-bar-text-style=\"font-size:13px;color:#000000;font-weight:normal;text-decoration:none;font-family:'Arial';font-style:normal;text-decoration-skip-ink:none;\">9788855262859<\/span><br \/>\nISBN ePub: <span data-sheets-formula-bar-text-style=\"font-size:13px;color:#000000;font-weight:normal;text-decoration:none;font-family:'Arial';font-style:normal;text-decoration-skip-ink:none;\">9788855262507<\/span><br \/>\nPrezzo cartaceo: 12,90 \u20ac<br \/>\nPrezzo ePub: 6,99 \u20ac<\/p>","protected":false},"excerpt":{"rendered":"<p>Il panorama della regia nell\u2019ambito dello spettacolo dal vivo del terzo millennio \u00e8 quanto mai articolato per numero di proposte,<\/p>","protected":false},"featured_media":31529,"comment_status":"open","ping_status":"closed","template":"","meta":{"_acf_changed":false},"product_brand":[],"product_cat":[1029,2475],"product_tag":[1310,2224,1041],"class_list":{"0":"post-31525","1":"product","2":"type-product","3":"status-publish","4":"has-post-thumbnail","6":"product_cat-manuali","7":"product_cat-regia","8":"product_tag-formazione","9":"product_tag-regia-teatrale","10":"product_tag-teatro","11":"pa_formato-cartaceo","12":"pa_formato-ebook-in-epub","14":"first","15":"instock","16":"featured","17":"shipping-taxable","18":"purchasable","19":"product-type-variable"},"acf":[],"yoast_head":"<!-- This site is optimized with the Yoast SEO plugin v27.4 - https:\/\/yoast.com\/product\/yoast-seo-wordpress\/ -->\n<title>A LEZIONE DI REGIA TEATRALE - Quaderno n. 1 -<\/title>\n<meta name=\"description\" content=\"Ledizioni - Innovative Publishing. Casa editrice universitaria. Open Access. eBook, ePub. Creative Commons.\" \/>\n<meta name=\"robots\" content=\"index, follow, max-snippet:-1, max-image-preview:large, max-video-preview:-1\" \/>\n<link rel=\"canonical\" href=\"https:\/\/www.ledizioni.it\/en\/product\/lezione-regia-teatrale\/\" \/>\n<meta property=\"og:locale\" content=\"en_GB\" \/>\n<meta property=\"og:type\" content=\"article\" \/>\n<meta property=\"og:title\" content=\"A LEZIONE DI REGIA TEATRALE - Quaderno n. 1 -\" \/>\n<meta property=\"og:description\" content=\"Ledizioni - Innovative Publishing. Casa editrice universitaria. Open Access. eBook, ePub. Creative Commons.\" \/>\n<meta property=\"og:url\" content=\"https:\/\/www.ledizioni.it\/en\/product\/lezione-regia-teatrale\/\" \/>\n<meta property=\"og:site_name\" content=\"Ledizioni\" \/>\n<meta property=\"article:publisher\" content=\"https:\/\/www.facebook.com\/pages\/Ledizioni-LediPublishing\/109120559173329\" \/>\n<meta property=\"article:modified_time\" content=\"2021-06-11T15:13:38+00:00\" \/>\n<meta property=\"og:image\" content=\"https:\/\/www.ledizioni.it\/stag\/wp-content\/uploads\/2020\/07\/Garavaglia_3D.jpg\" \/>\n\t<meta property=\"og:image:width\" content=\"500\" \/>\n\t<meta property=\"og:image:height\" content=\"615\" \/>\n\t<meta property=\"og:image:type\" content=\"image\/jpeg\" \/>\n<meta name=\"twitter:card\" content=\"summary_large_image\" \/>\n<meta name=\"twitter:site\" content=\"@ledizioni\" \/>\n<meta name=\"twitter:label1\" content=\"Estimated reading time\" \/>\n\t<meta name=\"twitter:data1\" content=\"1 minute\" \/>\n<script type=\"application\/ld+json\" class=\"yoast-schema-graph\">{\"@context\":\"https:\\\/\\\/schema.org\",\"@graph\":[{\"@type\":\"WebPage\",\"@id\":\"https:\\\/\\\/www.ledizioni.it\\\/prodotto\\\/lezione-regia-teatrale\\\/\",\"url\":\"https:\\\/\\\/www.ledizioni.it\\\/prodotto\\\/lezione-regia-teatrale\\\/\",\"name\":\"A LEZIONE DI REGIA TEATRALE - Quaderno n. 1 -\",\"isPartOf\":{\"@id\":\"https:\\\/\\\/www.ledizioni.it\\\/#website\"},\"primaryImageOfPage\":{\"@id\":\"https:\\\/\\\/www.ledizioni.it\\\/prodotto\\\/lezione-regia-teatrale\\\/#primaryimage\"},\"image\":{\"@id\":\"https:\\\/\\\/www.ledizioni.it\\\/prodotto\\\/lezione-regia-teatrale\\\/#primaryimage\"},\"thumbnailUrl\":\"https:\\\/\\\/www.ledizioni.it\\\/stag\\\/wp-content\\\/uploads\\\/2020\\\/07\\\/Garavaglia_3D.jpg\",\"datePublished\":\"2020-07-23T10:09:37+00:00\",\"dateModified\":\"2021-06-11T15:13:38+00:00\",\"description\":\"Ledizioni - Innovative Publishing. Casa editrice universitaria. Open Access. eBook, ePub. Creative Commons.\",\"breadcrumb\":{\"@id\":\"https:\\\/\\\/www.ledizioni.it\\\/prodotto\\\/lezione-regia-teatrale\\\/#breadcrumb\"},\"inLanguage\":\"en-GB\",\"potentialAction\":[{\"@type\":\"ReadAction\",\"target\":[\"https:\\\/\\\/www.ledizioni.it\\\/prodotto\\\/lezione-regia-teatrale\\\/\"]}]},{\"@type\":\"ImageObject\",\"inLanguage\":\"en-GB\",\"@id\":\"https:\\\/\\\/www.ledizioni.it\\\/prodotto\\\/lezione-regia-teatrale\\\/#primaryimage\",\"url\":\"https:\\\/\\\/www.ledizioni.it\\\/stag\\\/wp-content\\\/uploads\\\/2020\\\/07\\\/Garavaglia_3D.jpg\",\"contentUrl\":\"https:\\\/\\\/www.ledizioni.it\\\/stag\\\/wp-content\\\/uploads\\\/2020\\\/07\\\/Garavaglia_3D.jpg\",\"width\":500,\"height\":615},{\"@type\":\"BreadcrumbList\",\"@id\":\"https:\\\/\\\/www.ledizioni.it\\\/prodotto\\\/lezione-regia-teatrale\\\/#breadcrumb\",\"itemListElement\":[{\"@type\":\"ListItem\",\"position\":1,\"name\":\"Shop\",\"item\":\"https:\\\/\\\/www.ledizioni.it\\\/shop-2\\\/\"},{\"@type\":\"ListItem\",\"position\":2,\"name\":\"A LEZIONE DI REGIA TEATRALE &#8211; Quaderno n. 1\"}]},{\"@type\":\"WebSite\",\"@id\":\"https:\\\/\\\/www.ledizioni.it\\\/#website\",\"url\":\"https:\\\/\\\/www.ledizioni.it\\\/\",\"name\":\"Ledizioni\",\"description\":\"The Innovative LediPublishing Company - Casa Editrice Universitaria\",\"publisher\":{\"@id\":\"https:\\\/\\\/www.ledizioni.it\\\/#organization\"},\"potentialAction\":[{\"@type\":\"SearchAction\",\"target\":{\"@type\":\"EntryPoint\",\"urlTemplate\":\"https:\\\/\\\/www.ledizioni.it\\\/?s={search_term_string}\"},\"query-input\":{\"@type\":\"PropertyValueSpecification\",\"valueRequired\":true,\"valueName\":\"search_term_string\"}}],\"inLanguage\":\"en-GB\"},{\"@type\":\"Organization\",\"@id\":\"https:\\\/\\\/www.ledizioni.it\\\/#organization\",\"name\":\"Ledizioni\",\"url\":\"https:\\\/\\\/www.ledizioni.it\\\/\",\"logo\":{\"@type\":\"ImageObject\",\"inLanguage\":\"en-GB\",\"@id\":\"https:\\\/\\\/www.ledizioni.it\\\/#\\\/schema\\\/logo\\\/image\\\/\",\"url\":\"https:\\\/\\\/www.ledizioni.it\\\/stag\\\/wp-content\\\/uploads\\\/2023\\\/10\\\/newlogoledizioni500x110_2-1.jpg\",\"contentUrl\":\"https:\\\/\\\/www.ledizioni.it\\\/stag\\\/wp-content\\\/uploads\\\/2023\\\/10\\\/newlogoledizioni500x110_2-1.jpg\",\"width\":354,\"height\":87,\"caption\":\"Ledizioni\"},\"image\":{\"@id\":\"https:\\\/\\\/www.ledizioni.it\\\/#\\\/schema\\\/logo\\\/image\\\/\"},\"sameAs\":[\"https:\\\/\\\/www.facebook.com\\\/pages\\\/Ledizioni-LediPublishing\\\/109120559173329\",\"https:\\\/\\\/x.com\\\/ledizioni\"]}]}<\/script>\n<!-- \/ Yoast SEO plugin. -->","yoast_head_json":{"title":"A LEZIONE DI REGIA TEATRALE - Quaderno n. 1 -","description":"Ledizioni - Innovative Publishing. Casa editrice universitaria. Open Access. eBook, ePub. Creative Commons.","robots":{"index":"index","follow":"follow","max-snippet":"max-snippet:-1","max-image-preview":"max-image-preview:large","max-video-preview":"max-video-preview:-1"},"canonical":"https:\/\/www.ledizioni.it\/en\/product\/lezione-regia-teatrale\/","og_locale":"en_GB","og_type":"article","og_title":"A LEZIONE DI REGIA TEATRALE - Quaderno n. 1 -","og_description":"Ledizioni - Innovative Publishing. Casa editrice universitaria. Open Access. eBook, ePub. Creative Commons.","og_url":"https:\/\/www.ledizioni.it\/en\/product\/lezione-regia-teatrale\/","og_site_name":"Ledizioni","article_publisher":"https:\/\/www.facebook.com\/pages\/Ledizioni-LediPublishing\/109120559173329","article_modified_time":"2021-06-11T15:13:38+00:00","og_image":[{"width":500,"height":615,"url":"https:\/\/www.ledizioni.it\/stag\/wp-content\/uploads\/2020\/07\/Garavaglia_3D.jpg","type":"image\/jpeg"}],"twitter_card":"summary_large_image","twitter_site":"@ledizioni","twitter_misc":{"Estimated reading time":"1 minute"},"schema":{"@context":"https:\/\/schema.org","@graph":[{"@type":"WebPage","@id":"https:\/\/www.ledizioni.it\/prodotto\/lezione-regia-teatrale\/","url":"https:\/\/www.ledizioni.it\/prodotto\/lezione-regia-teatrale\/","name":"A LEZIONE DI REGIA TEATRALE - Quaderno n. 1 -","isPartOf":{"@id":"https:\/\/www.ledizioni.it\/#website"},"primaryImageOfPage":{"@id":"https:\/\/www.ledizioni.it\/prodotto\/lezione-regia-teatrale\/#primaryimage"},"image":{"@id":"https:\/\/www.ledizioni.it\/prodotto\/lezione-regia-teatrale\/#primaryimage"},"thumbnailUrl":"https:\/\/www.ledizioni.it\/stag\/wp-content\/uploads\/2020\/07\/Garavaglia_3D.jpg","datePublished":"2020-07-23T10:09:37+00:00","dateModified":"2021-06-11T15:13:38+00:00","description":"Ledizioni - Innovative Publishing. Casa editrice universitaria. Open Access. eBook, ePub. Creative Commons.","breadcrumb":{"@id":"https:\/\/www.ledizioni.it\/prodotto\/lezione-regia-teatrale\/#breadcrumb"},"inLanguage":"en-GB","potentialAction":[{"@type":"ReadAction","target":["https:\/\/www.ledizioni.it\/prodotto\/lezione-regia-teatrale\/"]}]},{"@type":"ImageObject","inLanguage":"en-GB","@id":"https:\/\/www.ledizioni.it\/prodotto\/lezione-regia-teatrale\/#primaryimage","url":"https:\/\/www.ledizioni.it\/stag\/wp-content\/uploads\/2020\/07\/Garavaglia_3D.jpg","contentUrl":"https:\/\/www.ledizioni.it\/stag\/wp-content\/uploads\/2020\/07\/Garavaglia_3D.jpg","width":500,"height":615},{"@type":"BreadcrumbList","@id":"https:\/\/www.ledizioni.it\/prodotto\/lezione-regia-teatrale\/#breadcrumb","itemListElement":[{"@type":"ListItem","position":1,"name":"Shop","item":"https:\/\/www.ledizioni.it\/shop-2\/"},{"@type":"ListItem","position":2,"name":"A LEZIONE DI REGIA TEATRALE &#8211; Quaderno n. 1"}]},{"@type":"WebSite","@id":"https:\/\/www.ledizioni.it\/#website","url":"https:\/\/www.ledizioni.it\/","name":"Ledizioni","description":"The Innovative LediPublishing Company - Casa Editrice Universitaria","publisher":{"@id":"https:\/\/www.ledizioni.it\/#organization"},"potentialAction":[{"@type":"SearchAction","target":{"@type":"EntryPoint","urlTemplate":"https:\/\/www.ledizioni.it\/?s={search_term_string}"},"query-input":{"@type":"PropertyValueSpecification","valueRequired":true,"valueName":"search_term_string"}}],"inLanguage":"en-GB"},{"@type":"Organization","@id":"https:\/\/www.ledizioni.it\/#organization","name":"Ledizioni","url":"https:\/\/www.ledizioni.it\/","logo":{"@type":"ImageObject","inLanguage":"en-GB","@id":"https:\/\/www.ledizioni.it\/#\/schema\/logo\/image\/","url":"https:\/\/www.ledizioni.it\/stag\/wp-content\/uploads\/2023\/10\/newlogoledizioni500x110_2-1.jpg","contentUrl":"https:\/\/www.ledizioni.it\/stag\/wp-content\/uploads\/2023\/10\/newlogoledizioni500x110_2-1.jpg","width":354,"height":87,"caption":"Ledizioni"},"image":{"@id":"https:\/\/www.ledizioni.it\/#\/schema\/logo\/image\/"},"sameAs":["https:\/\/www.facebook.com\/pages\/Ledizioni-LediPublishing\/109120559173329","https:\/\/x.com\/ledizioni"]}]}},"jetpack_sharing_enabled":true,"_links":{"self":[{"href":"https:\/\/www.ledizioni.it\/en\/wp-json\/wp\/v2\/product\/31525","targetHints":{"allow":["GET"]}}],"collection":[{"href":"https:\/\/www.ledizioni.it\/en\/wp-json\/wp\/v2\/product"}],"about":[{"href":"https:\/\/www.ledizioni.it\/en\/wp-json\/wp\/v2\/types\/product"}],"replies":[{"embeddable":true,"href":"https:\/\/www.ledizioni.it\/en\/wp-json\/wp\/v2\/comments?post=31525"}],"version-history":[{"count":1,"href":"https:\/\/www.ledizioni.it\/en\/wp-json\/wp\/v2\/product\/31525\/revisions"}],"predecessor-version":[{"id":38341,"href":"https:\/\/www.ledizioni.it\/en\/wp-json\/wp\/v2\/product\/31525\/revisions\/38341"}],"wp:featuredmedia":[{"embeddable":true,"href":"https:\/\/www.ledizioni.it\/en\/wp-json\/wp\/v2\/media\/31529"}],"wp:attachment":[{"href":"https:\/\/www.ledizioni.it\/en\/wp-json\/wp\/v2\/media?parent=31525"}],"wp:term":[{"taxonomy":"product_brand","embeddable":true,"href":"https:\/\/www.ledizioni.it\/en\/wp-json\/wp\/v2\/product_brand?post=31525"},{"taxonomy":"product_cat","embeddable":true,"href":"https:\/\/www.ledizioni.it\/en\/wp-json\/wp\/v2\/product_cat?post=31525"},{"taxonomy":"product_tag","embeddable":true,"href":"https:\/\/www.ledizioni.it\/en\/wp-json\/wp\/v2\/product_tag?post=31525"}],"curies":[{"name":"wp","href":"https:\/\/api.w.org\/{rel}","templated":true}]}}