{"id":31594,"date":"2020-07-30T16:09:44","date_gmt":"2020-07-30T14:09:44","guid":{"rendered":"https:\/\/www.ledizioni.it\/?post_type=product&#038;p=31594"},"modified":"2022-07-09T19:53:24","modified_gmt":"2022-07-09T17:53:24","slug":"cuadernos-aispi-n-14-2019-formacion-palabras-espanol-italiano","status":"publish","type":"product","link":"https:\/\/www.ledizioni.it\/en\/product\/cuadernos-aispi-n-14-2019-formacion-palabras-espanol-italiano\/","title":{"rendered":"Cuadernos AISPI  n. 14\/2019, LA FORMACI\u00d3N DE PALABRAS EN ESPA\u00d1OL E ITALIANO"},"content":{"rendered":"<h3><strong>Cuadernos AISPI: Revista semestral de la Associazione Ispanisti Italiani<br \/>\n<\/strong><\/h3>\n<h3 style=\"text-align: justify;\"><strong>14\/2019. LA FORMACI\u00d3N DE PALABRAS EN ESPA\u00d1OL E ITALIANO<br \/>\n<\/strong><\/h3>\n<p style=\"text-align: justify;\"><strong>Editores<\/strong><br \/>\nFlorencio del Barrio de la Rosa<br \/>\nDavid Serrano-Dolader<\/p>\n<p style=\"text-align: justify;\">SECCI\u00d3N MONOGR\u00c1FICA<\/p>\n<ul>\n<li style=\"text-align: justify;\">F\u00e9lix Rodr\u00edguez Gonz\u00e1lez, Jos\u00e9 A. S\u00e1nchez Fajardo, Carla Marello, <em>El tratamiento lexicogr\u00e1fico de las palabras truncadas en espa\u00f1ol e italiano<\/em><\/li>\n<li style=\"text-align: justify;\">Gianluca Pontrandolfo, <em>La derivaci\u00f3n nominal deadjetival en el lenguaje de los jueces espa\u00f1oles e italianos entre abstracci\u00f3n y evaluaci\u00f3n<\/em><\/li>\n<li style=\"text-align: justify;\">Antonella d\u2019Angelis, <em>Formaci\u00f3n y usos de los sufijos diminutivos italianos -atto\/-(ic)iattolo, -ello, -iccio, -icciolo, -olo, -ognolo, -otto, -ucolo y sus equivalentes espa\u00f1oles<\/em><\/li>\n<li style=\"text-align: justify;\">Ignacio Arroyo Hern\u00e1ndez, <em>Adjetivos denominales en -ado y -ato. Una aproximaci\u00f3n contrastiva espa\u00f1ol-italiano<\/em><\/li>\n<\/ul>\n<p>SECCI\u00d3N GENERAL<\/p>\n<ul>\n<li style=\"text-align: justify;\">Paula Bouzas, Uta Helfrich, <em>Repercusiones del verbo recordar en el discurson period\u00edstico: su uso como verbo de comunicaci\u00f3n en textos informativos<\/em><\/li>\n<li style=\"text-align: justify;\">Mar\u00eda Natividad Braceras Pe\u00f1a, <em>An\u00e1lisis de Noticias Judiciales del CGPJ, las notas de,prensa sobre resoluciones judiciales del Poder Judicial espa\u00f1ol<\/em><\/li>\n<\/ul>\n<p style=\"text-align: justify;\">RESE\u00d1AS<\/p>\n<ul>\n<li style=\"text-align: justify;\">Juan Carlos Barbero, Felisa Bermejo, F\u00e9lix San Vicente \u2022 Contrastiva. Grammatica della lingua spagnola (Mat\u00edas Hidalgo Gallardo)<\/li>\n<li style=\"text-align: justify;\">Alessia Cassani, Mar\u00eda Jos\u00e9 Flores Requejo, Giovanna Scocozza (eds.) \u2022 Estudios hisp\u00e1nicos contempor\u00e1neos (Andr\u00e9s Ortega Garrido)<\/li>\n<li style=\"text-align: justify;\">Cecilio Garriga, Mar\u00eda Luisa Pascual y Mar\u00eda Betulia Pedraza (eds.) \u2022 Lengua de la ciencia y lenguajes de especialidad (Jorge Leiva Rojo)<\/li>\n<li style=\"text-align: justify;\">Sara Robles \u00c1vila, Antonio Moreno-Ortiz (eds.) \u2022 Comunicaci\u00f3n mediada por ordenador: la lengua, el discurso y la imagen (Javier Fern\u00e1ndez Cruz)<\/li>\n<\/ul>\n<h3><strong>DATI BIBLIOGRAFICI<\/strong><\/h3>\n<p>Curatori: Florencio del Barrio de la Rosa, David Serrano-Dolader<br \/>\nEditore: Ledizioni<br \/>\nCollana: <a href=\"http:\/\/www.ledizioni.it\/en\/collane\/letteratura\/cuadernos-aispi\/\" target=\"_blank\" rel=\"noopener\">Cuadernos AISPI<\/a><br \/>\nFormato: Brossura<br \/>\nPubblicato in: febbraio 2020<br \/>\nISSN cartaceo: 2283981X<br \/>\nPrezzo cartaceo: 25.00 \u20ac<\/p>","protected":false},"excerpt":{"rendered":"<p>Cuadernos AISPI: Revista semestral de la Associazione Ispanisti Italiani 14\/2019. LA FORMACI\u00d3N DE PALABRAS EN ESPA\u00d1OL E ITALIANO Editores Florencio<\/p>","protected":false},"featured_media":31595,"comment_status":"open","ping_status":"closed","template":"","meta":{"_acf_changed":false},"product_brand":[],"product_cat":[767],"product_tag":[768,1499],"class_list":{"0":"post-31594","1":"product","2":"type-product","3":"status-publish","4":"has-post-thumbnail","6":"product_cat-cuadernos-aispi","7":"product_tag-ispanisti","8":"product_tag-spagnolo","9":"pa_formato-cartaceo","10":"pa_lingua-spagnolo","12":"first","13":"instock","14":"shipping-taxable","15":"purchasable","16":"product-type-simple"},"acf":[],"yoast_head":"<!-- This site is optimized with the Yoast SEO plugin v27.4 - https:\/\/yoast.com\/product\/yoast-seo-wordpress\/ -->\n<title>Cuadernos AISPI n. 14\/2019, LA FORMACI\u00d3N DE PALABRAS EN ESPA\u00d1OL E ITALIANO -<\/title>\n<meta name=\"description\" content=\"Ledizioni - Innovative Publishing. Casa editrice universitaria. Open Access. eBook, ePub. Creative Commons.\" \/>\n<meta name=\"robots\" content=\"index, follow, max-snippet:-1, max-image-preview:large, max-video-preview:-1\" \/>\n<link rel=\"canonical\" href=\"https:\/\/www.ledizioni.it\/en\/product\/cuadernos-aispi-n-14-2019-formacion-palabras-espanol-italiano\/\" \/>\n<meta property=\"og:locale\" content=\"en_GB\" \/>\n<meta property=\"og:type\" content=\"article\" \/>\n<meta property=\"og:title\" content=\"Cuadernos AISPI n. 14\/2019, LA FORMACI\u00d3N DE PALABRAS EN ESPA\u00d1OL E ITALIANO -\" \/>\n<meta property=\"og:description\" content=\"Ledizioni - Innovative Publishing. Casa editrice universitaria. Open Access. eBook, ePub. Creative Commons.\" \/>\n<meta property=\"og:url\" content=\"https:\/\/www.ledizioni.it\/en\/product\/cuadernos-aispi-n-14-2019-formacion-palabras-espanol-italiano\/\" \/>\n<meta property=\"og:site_name\" content=\"Ledizioni\" \/>\n<meta property=\"article:publisher\" content=\"https:\/\/www.facebook.com\/pages\/Ledizioni-LediPublishing\/109120559173329\" \/>\n<meta property=\"article:modified_time\" content=\"2022-07-09T17:53:24+00:00\" \/>\n<meta property=\"og:image\" content=\"https:\/\/www.ledizioni.it\/stag\/wp-content\/uploads\/2020\/07\/Aispi14_3D.jpg\" \/>\n\t<meta property=\"og:image:width\" content=\"500\" \/>\n\t<meta property=\"og:image:height\" content=\"670\" \/>\n\t<meta property=\"og:image:type\" content=\"image\/jpeg\" \/>\n<meta name=\"twitter:card\" content=\"summary_large_image\" \/>\n<meta name=\"twitter:site\" content=\"@ledizioni\" \/>\n<meta name=\"twitter:label1\" content=\"Estimated reading time\" \/>\n\t<meta name=\"twitter:data1\" content=\"1 minute\" \/>\n<script type=\"application\/ld+json\" class=\"yoast-schema-graph\">{\"@context\":\"https:\\\/\\\/schema.org\",\"@graph\":[{\"@type\":\"WebPage\",\"@id\":\"https:\\\/\\\/www.ledizioni.it\\\/prodotto\\\/cuadernos-aispi-n-14-2019-formacion-palabras-espanol-italiano\\\/\",\"url\":\"https:\\\/\\\/www.ledizioni.it\\\/prodotto\\\/cuadernos-aispi-n-14-2019-formacion-palabras-espanol-italiano\\\/\",\"name\":\"Cuadernos AISPI n. 14\\\/2019, LA FORMACI\u00d3N DE PALABRAS EN ESPA\u00d1OL E ITALIANO -\",\"isPartOf\":{\"@id\":\"https:\\\/\\\/www.ledizioni.it\\\/#website\"},\"primaryImageOfPage\":{\"@id\":\"https:\\\/\\\/www.ledizioni.it\\\/prodotto\\\/cuadernos-aispi-n-14-2019-formacion-palabras-espanol-italiano\\\/#primaryimage\"},\"image\":{\"@id\":\"https:\\\/\\\/www.ledizioni.it\\\/prodotto\\\/cuadernos-aispi-n-14-2019-formacion-palabras-espanol-italiano\\\/#primaryimage\"},\"thumbnailUrl\":\"https:\\\/\\\/www.ledizioni.it\\\/stag\\\/wp-content\\\/uploads\\\/2020\\\/07\\\/Aispi14_3D.jpg\",\"datePublished\":\"2020-07-30T14:09:44+00:00\",\"dateModified\":\"2022-07-09T17:53:24+00:00\",\"description\":\"Ledizioni - Innovative Publishing. Casa editrice universitaria. Open Access. eBook, ePub. Creative Commons.\",\"breadcrumb\":{\"@id\":\"https:\\\/\\\/www.ledizioni.it\\\/prodotto\\\/cuadernos-aispi-n-14-2019-formacion-palabras-espanol-italiano\\\/#breadcrumb\"},\"inLanguage\":\"en-GB\",\"potentialAction\":[{\"@type\":\"ReadAction\",\"target\":[\"https:\\\/\\\/www.ledizioni.it\\\/prodotto\\\/cuadernos-aispi-n-14-2019-formacion-palabras-espanol-italiano\\\/\"]}]},{\"@type\":\"ImageObject\",\"inLanguage\":\"en-GB\",\"@id\":\"https:\\\/\\\/www.ledizioni.it\\\/prodotto\\\/cuadernos-aispi-n-14-2019-formacion-palabras-espanol-italiano\\\/#primaryimage\",\"url\":\"https:\\\/\\\/www.ledizioni.it\\\/stag\\\/wp-content\\\/uploads\\\/2020\\\/07\\\/Aispi14_3D.jpg\",\"contentUrl\":\"https:\\\/\\\/www.ledizioni.it\\\/stag\\\/wp-content\\\/uploads\\\/2020\\\/07\\\/Aispi14_3D.jpg\",\"width\":500,\"height\":670},{\"@type\":\"BreadcrumbList\",\"@id\":\"https:\\\/\\\/www.ledizioni.it\\\/prodotto\\\/cuadernos-aispi-n-14-2019-formacion-palabras-espanol-italiano\\\/#breadcrumb\",\"itemListElement\":[{\"@type\":\"ListItem\",\"position\":1,\"name\":\"Shop\",\"item\":\"https:\\\/\\\/www.ledizioni.it\\\/shop-2\\\/\"},{\"@type\":\"ListItem\",\"position\":2,\"name\":\"Cuadernos AISPI n. 14\\\/2019, LA FORMACI\u00d3N DE PALABRAS EN ESPA\u00d1OL E ITALIANO\"}]},{\"@type\":\"WebSite\",\"@id\":\"https:\\\/\\\/www.ledizioni.it\\\/#website\",\"url\":\"https:\\\/\\\/www.ledizioni.it\\\/\",\"name\":\"Ledizioni\",\"description\":\"The Innovative LediPublishing Company - Casa Editrice Universitaria\",\"publisher\":{\"@id\":\"https:\\\/\\\/www.ledizioni.it\\\/#organization\"},\"potentialAction\":[{\"@type\":\"SearchAction\",\"target\":{\"@type\":\"EntryPoint\",\"urlTemplate\":\"https:\\\/\\\/www.ledizioni.it\\\/?s={search_term_string}\"},\"query-input\":{\"@type\":\"PropertyValueSpecification\",\"valueRequired\":true,\"valueName\":\"search_term_string\"}}],\"inLanguage\":\"en-GB\"},{\"@type\":\"Organization\",\"@id\":\"https:\\\/\\\/www.ledizioni.it\\\/#organization\",\"name\":\"Ledizioni\",\"url\":\"https:\\\/\\\/www.ledizioni.it\\\/\",\"logo\":{\"@type\":\"ImageObject\",\"inLanguage\":\"en-GB\",\"@id\":\"https:\\\/\\\/www.ledizioni.it\\\/#\\\/schema\\\/logo\\\/image\\\/\",\"url\":\"https:\\\/\\\/www.ledizioni.it\\\/stag\\\/wp-content\\\/uploads\\\/2023\\\/10\\\/newlogoledizioni500x110_2-1.jpg\",\"contentUrl\":\"https:\\\/\\\/www.ledizioni.it\\\/stag\\\/wp-content\\\/uploads\\\/2023\\\/10\\\/newlogoledizioni500x110_2-1.jpg\",\"width\":354,\"height\":87,\"caption\":\"Ledizioni\"},\"image\":{\"@id\":\"https:\\\/\\\/www.ledizioni.it\\\/#\\\/schema\\\/logo\\\/image\\\/\"},\"sameAs\":[\"https:\\\/\\\/www.facebook.com\\\/pages\\\/Ledizioni-LediPublishing\\\/109120559173329\",\"https:\\\/\\\/x.com\\\/ledizioni\"]}]}<\/script>\n<!-- \/ Yoast SEO plugin. -->","yoast_head_json":{"title":"Cuadernos AISPI n. 14\/2019, LA FORMACI\u00d3N DE PALABRAS EN ESPA\u00d1OL E ITALIANO -","description":"Ledizioni - Innovative Publishing. Casa editrice universitaria. Open Access. eBook, ePub. Creative Commons.","robots":{"index":"index","follow":"follow","max-snippet":"max-snippet:-1","max-image-preview":"max-image-preview:large","max-video-preview":"max-video-preview:-1"},"canonical":"https:\/\/www.ledizioni.it\/en\/product\/cuadernos-aispi-n-14-2019-formacion-palabras-espanol-italiano\/","og_locale":"en_GB","og_type":"article","og_title":"Cuadernos AISPI n. 14\/2019, LA FORMACI\u00d3N DE PALABRAS EN ESPA\u00d1OL E ITALIANO -","og_description":"Ledizioni - Innovative Publishing. Casa editrice universitaria. Open Access. eBook, ePub. Creative Commons.","og_url":"https:\/\/www.ledizioni.it\/en\/product\/cuadernos-aispi-n-14-2019-formacion-palabras-espanol-italiano\/","og_site_name":"Ledizioni","article_publisher":"https:\/\/www.facebook.com\/pages\/Ledizioni-LediPublishing\/109120559173329","article_modified_time":"2022-07-09T17:53:24+00:00","og_image":[{"width":500,"height":670,"url":"https:\/\/www.ledizioni.it\/stag\/wp-content\/uploads\/2020\/07\/Aispi14_3D.jpg","type":"image\/jpeg"}],"twitter_card":"summary_large_image","twitter_site":"@ledizioni","twitter_misc":{"Estimated reading time":"1 minute"},"schema":{"@context":"https:\/\/schema.org","@graph":[{"@type":"WebPage","@id":"https:\/\/www.ledizioni.it\/prodotto\/cuadernos-aispi-n-14-2019-formacion-palabras-espanol-italiano\/","url":"https:\/\/www.ledizioni.it\/prodotto\/cuadernos-aispi-n-14-2019-formacion-palabras-espanol-italiano\/","name":"Cuadernos AISPI n. 14\/2019, LA FORMACI\u00d3N DE PALABRAS EN ESPA\u00d1OL E ITALIANO -","isPartOf":{"@id":"https:\/\/www.ledizioni.it\/#website"},"primaryImageOfPage":{"@id":"https:\/\/www.ledizioni.it\/prodotto\/cuadernos-aispi-n-14-2019-formacion-palabras-espanol-italiano\/#primaryimage"},"image":{"@id":"https:\/\/www.ledizioni.it\/prodotto\/cuadernos-aispi-n-14-2019-formacion-palabras-espanol-italiano\/#primaryimage"},"thumbnailUrl":"https:\/\/www.ledizioni.it\/stag\/wp-content\/uploads\/2020\/07\/Aispi14_3D.jpg","datePublished":"2020-07-30T14:09:44+00:00","dateModified":"2022-07-09T17:53:24+00:00","description":"Ledizioni - Innovative Publishing. Casa editrice universitaria. Open Access. eBook, ePub. Creative Commons.","breadcrumb":{"@id":"https:\/\/www.ledizioni.it\/prodotto\/cuadernos-aispi-n-14-2019-formacion-palabras-espanol-italiano\/#breadcrumb"},"inLanguage":"en-GB","potentialAction":[{"@type":"ReadAction","target":["https:\/\/www.ledizioni.it\/prodotto\/cuadernos-aispi-n-14-2019-formacion-palabras-espanol-italiano\/"]}]},{"@type":"ImageObject","inLanguage":"en-GB","@id":"https:\/\/www.ledizioni.it\/prodotto\/cuadernos-aispi-n-14-2019-formacion-palabras-espanol-italiano\/#primaryimage","url":"https:\/\/www.ledizioni.it\/stag\/wp-content\/uploads\/2020\/07\/Aispi14_3D.jpg","contentUrl":"https:\/\/www.ledizioni.it\/stag\/wp-content\/uploads\/2020\/07\/Aispi14_3D.jpg","width":500,"height":670},{"@type":"BreadcrumbList","@id":"https:\/\/www.ledizioni.it\/prodotto\/cuadernos-aispi-n-14-2019-formacion-palabras-espanol-italiano\/#breadcrumb","itemListElement":[{"@type":"ListItem","position":1,"name":"Shop","item":"https:\/\/www.ledizioni.it\/shop-2\/"},{"@type":"ListItem","position":2,"name":"Cuadernos AISPI n. 14\/2019, LA FORMACI\u00d3N DE PALABRAS EN ESPA\u00d1OL E ITALIANO"}]},{"@type":"WebSite","@id":"https:\/\/www.ledizioni.it\/#website","url":"https:\/\/www.ledizioni.it\/","name":"Ledizioni","description":"The Innovative LediPublishing Company - Casa Editrice Universitaria","publisher":{"@id":"https:\/\/www.ledizioni.it\/#organization"},"potentialAction":[{"@type":"SearchAction","target":{"@type":"EntryPoint","urlTemplate":"https:\/\/www.ledizioni.it\/?s={search_term_string}"},"query-input":{"@type":"PropertyValueSpecification","valueRequired":true,"valueName":"search_term_string"}}],"inLanguage":"en-GB"},{"@type":"Organization","@id":"https:\/\/www.ledizioni.it\/#organization","name":"Ledizioni","url":"https:\/\/www.ledizioni.it\/","logo":{"@type":"ImageObject","inLanguage":"en-GB","@id":"https:\/\/www.ledizioni.it\/#\/schema\/logo\/image\/","url":"https:\/\/www.ledizioni.it\/stag\/wp-content\/uploads\/2023\/10\/newlogoledizioni500x110_2-1.jpg","contentUrl":"https:\/\/www.ledizioni.it\/stag\/wp-content\/uploads\/2023\/10\/newlogoledizioni500x110_2-1.jpg","width":354,"height":87,"caption":"Ledizioni"},"image":{"@id":"https:\/\/www.ledizioni.it\/#\/schema\/logo\/image\/"},"sameAs":["https:\/\/www.facebook.com\/pages\/Ledizioni-LediPublishing\/109120559173329","https:\/\/x.com\/ledizioni"]}]}},"jetpack_sharing_enabled":true,"_links":{"self":[{"href":"https:\/\/www.ledizioni.it\/en\/wp-json\/wp\/v2\/product\/31594","targetHints":{"allow":["GET"]}}],"collection":[{"href":"https:\/\/www.ledizioni.it\/en\/wp-json\/wp\/v2\/product"}],"about":[{"href":"https:\/\/www.ledizioni.it\/en\/wp-json\/wp\/v2\/types\/product"}],"replies":[{"embeddable":true,"href":"https:\/\/www.ledizioni.it\/en\/wp-json\/wp\/v2\/comments?post=31594"}],"version-history":[{"count":0,"href":"https:\/\/www.ledizioni.it\/en\/wp-json\/wp\/v2\/product\/31594\/revisions"}],"wp:featuredmedia":[{"embeddable":true,"href":"https:\/\/www.ledizioni.it\/en\/wp-json\/wp\/v2\/media\/31595"}],"wp:attachment":[{"href":"https:\/\/www.ledizioni.it\/en\/wp-json\/wp\/v2\/media?parent=31594"}],"wp:term":[{"taxonomy":"product_brand","embeddable":true,"href":"https:\/\/www.ledizioni.it\/en\/wp-json\/wp\/v2\/product_brand?post=31594"},{"taxonomy":"product_cat","embeddable":true,"href":"https:\/\/www.ledizioni.it\/en\/wp-json\/wp\/v2\/product_cat?post=31594"},{"taxonomy":"product_tag","embeddable":true,"href":"https:\/\/www.ledizioni.it\/en\/wp-json\/wp\/v2\/product_tag?post=31594"}],"curies":[{"name":"wp","href":"https:\/\/api.w.org\/{rel}","templated":true}]}}