{"id":31846,"date":"2020-08-25T14:53:47","date_gmt":"2020-08-25T12:53:47","guid":{"rendered":"https:\/\/www.ledizioni.it\/?post_type=product&#038;p=31846"},"modified":"2024-01-09T17:19:07","modified_gmt":"2024-01-09T15:19:07","slug":"la-nullita-parziale-nei-contratti-del-consumatore","status":"publish","type":"product","link":"https:\/\/www.ledizioni.it\/en\/product\/la-nullita-parziale-nei-contratti-del-consumatore\/","title":{"rendered":"LA NULLIT\u00c0 PARZIALE NEI CONTRATTI DEL CONSUMATORE"},"content":{"rendered":"<p style=\"text-align: justify;\">Lo scritto analizza l\u2019istituto della nullit\u00e0 parziale esaminando il tipo di giudizio che l\u2019interprete deve compiere per valutare l\u2019intenzione dei contraenti in merito al contratto privo della parte nulla. I metodi interpretativi soggettivi si alternano nella giurisprudenza a metodi interpretativi oggettivi che ignorano la reale intenzione delle parti per prediligere l\u2019esame del testo contratto.<br \/>\nIl testo, effettuata una ricognizione sulla nullit\u00e0 in generale, esamina esaurientemente anche il tema della nullit\u00e0 di protezione, essa ha una importante funzione riequilibratrice dell\u2019assetto degli interessi codificato nel contratto. La normativa sulla nullit\u00e0 parziale fa da spalla e consente l\u2019attuazione della funzione riequilibratrice della nullit\u00e0 di protezione. La comparsa delle nullit\u00e0 di protezione ha portato il nostro ordinamento ad una evoluzione del concetto di autonomia contrattuale che non pu\u00f2 pi\u00f9 essere visto come terra deserta che norme imperative possono solo lambire e nella quale vige la legge del pi\u00f9 forte, ma come luogo di interazione di interessi privatistici e pubblicistici, sicch\u00e9 il grave squilibrio contrattuale causato dalla maggiore forza economica di una delle parti viene sanzionato.<br \/>\nL\u2019autonomia contrattuale deve essere oggi intesa in senso moderno e soprattutto pieno come determinazione della parte libera da coazioni di natura economica che vanno contro i suoi interessi.<\/p>\n<p><strong>DATI BIBLIOGRAFICI<\/strong><br \/>\nAutore: Flavio Takanen<br \/>\nEditore: Ledizioni<br \/>\nPubblicato nel: luglio 2020<br \/>\nFormato: brossura, 221 p.<br \/>\nISBN: 9788855262835<br \/>\nPrezzo: 28 \u20ac<\/p>","protected":false},"excerpt":{"rendered":"<p>Lo scritto analizza l\u2019istituto della nullit\u00e0 parziale esaminando il tipo di giudizio che l\u2019interprete deve compiere per valutare l\u2019intenzione dei<\/p>","protected":false},"featured_media":31852,"comment_status":"open","ping_status":"closed","template":"","meta":{"_acf_changed":false},"product_brand":[],"product_cat":[566],"product_tag":[2242,2554,1755],"class_list":{"0":"post-31846","1":"product","2":"type-product","3":"status-publish","4":"has-post-thumbnail","6":"product_cat-diritto-2","7":"product_tag-contratti","8":"product_tag-diritto-privato","9":"product_tag-giurisprudenza","11":"first","12":"instock","13":"featured","14":"shipping-taxable","15":"purchasable","16":"product-type-simple"},"acf":[],"yoast_head":"<!-- This site is optimized with the Yoast SEO plugin v27.3 - https:\/\/yoast.com\/product\/yoast-seo-wordpress\/ -->\n<title>LA NULLIT\u00c0 PARZIALE NEI CONTRATTI DEL CONSUMATORE -<\/title>\n<meta name=\"description\" content=\"Ledizioni - Innovative Publishing. Casa editrice universitaria. Open Access. eBook, ePub. Creative Commons.\" \/>\n<meta name=\"robots\" content=\"index, follow, max-snippet:-1, max-image-preview:large, max-video-preview:-1\" \/>\n<link rel=\"canonical\" href=\"https:\/\/www.ledizioni.it\/en\/product\/la-nullita-parziale-nei-contratti-del-consumatore\/\" \/>\n<meta property=\"og:locale\" content=\"en_GB\" \/>\n<meta property=\"og:type\" content=\"article\" \/>\n<meta property=\"og:title\" content=\"LA NULLIT\u00c0 PARZIALE NEI CONTRATTI DEL CONSUMATORE -\" \/>\n<meta property=\"og:description\" content=\"Ledizioni - Innovative Publishing. Casa editrice universitaria. Open Access. eBook, ePub. Creative Commons.\" \/>\n<meta property=\"og:url\" content=\"https:\/\/www.ledizioni.it\/en\/product\/la-nullita-parziale-nei-contratti-del-consumatore\/\" \/>\n<meta property=\"og:site_name\" content=\"Ledizioni\" \/>\n<meta property=\"article:publisher\" content=\"https:\/\/www.facebook.com\/pages\/Ledizioni-LediPublishing\/109120559173329\" \/>\n<meta property=\"article:modified_time\" content=\"2024-01-09T15:19:07+00:00\" \/>\n<meta property=\"og:image\" content=\"https:\/\/www.ledizioni.it\/stag\/wp-content\/uploads\/2020\/08\/Takanen_3D.jpg\" \/>\n\t<meta property=\"og:image:width\" content=\"500\" \/>\n\t<meta property=\"og:image:height\" content=\"626\" \/>\n\t<meta property=\"og:image:type\" content=\"image\/jpeg\" \/>\n<meta name=\"twitter:card\" content=\"summary_large_image\" \/>\n<meta name=\"twitter:site\" content=\"@ledizioni\" \/>\n<meta name=\"twitter:label1\" content=\"Estimated reading time\" \/>\n\t<meta name=\"twitter:data1\" content=\"1 minute\" \/>\n<script type=\"application\/ld+json\" class=\"yoast-schema-graph\">{\"@context\":\"https:\\\/\\\/schema.org\",\"@graph\":[{\"@type\":\"WebPage\",\"@id\":\"https:\\\/\\\/www.ledizioni.it\\\/en\\\/product\\\/la-nullita-parziale-nei-contratti-del-consumatore\\\/\",\"url\":\"https:\\\/\\\/www.ledizioni.it\\\/en\\\/product\\\/la-nullita-parziale-nei-contratti-del-consumatore\\\/\",\"name\":\"LA NULLIT\u00c0 PARZIALE NEI CONTRATTI DEL CONSUMATORE -\",\"isPartOf\":{\"@id\":\"https:\\\/\\\/www.ledizioni.it\\\/#website\"},\"primaryImageOfPage\":{\"@id\":\"https:\\\/\\\/www.ledizioni.it\\\/en\\\/product\\\/la-nullita-parziale-nei-contratti-del-consumatore\\\/#primaryimage\"},\"image\":{\"@id\":\"https:\\\/\\\/www.ledizioni.it\\\/en\\\/product\\\/la-nullita-parziale-nei-contratti-del-consumatore\\\/#primaryimage\"},\"thumbnailUrl\":\"https:\\\/\\\/www.ledizioni.it\\\/stag\\\/wp-content\\\/uploads\\\/2020\\\/08\\\/Takanen_3D.jpg\",\"datePublished\":\"2020-08-25T12:53:47+00:00\",\"dateModified\":\"2024-01-09T15:19:07+00:00\",\"description\":\"Ledizioni - Innovative Publishing. Casa editrice universitaria. Open Access. eBook, ePub. Creative Commons.\",\"breadcrumb\":{\"@id\":\"https:\\\/\\\/www.ledizioni.it\\\/en\\\/product\\\/la-nullita-parziale-nei-contratti-del-consumatore\\\/#breadcrumb\"},\"inLanguage\":\"en-GB\",\"potentialAction\":[{\"@type\":\"ReadAction\",\"target\":[\"https:\\\/\\\/www.ledizioni.it\\\/en\\\/product\\\/la-nullita-parziale-nei-contratti-del-consumatore\\\/\"]}]},{\"@type\":\"ImageObject\",\"inLanguage\":\"en-GB\",\"@id\":\"https:\\\/\\\/www.ledizioni.it\\\/en\\\/product\\\/la-nullita-parziale-nei-contratti-del-consumatore\\\/#primaryimage\",\"url\":\"https:\\\/\\\/www.ledizioni.it\\\/stag\\\/wp-content\\\/uploads\\\/2020\\\/08\\\/Takanen_3D.jpg\",\"contentUrl\":\"https:\\\/\\\/www.ledizioni.it\\\/stag\\\/wp-content\\\/uploads\\\/2020\\\/08\\\/Takanen_3D.jpg\",\"width\":500,\"height\":626},{\"@type\":\"BreadcrumbList\",\"@id\":\"https:\\\/\\\/www.ledizioni.it\\\/en\\\/product\\\/la-nullita-parziale-nei-contratti-del-consumatore\\\/#breadcrumb\",\"itemListElement\":[{\"@type\":\"ListItem\",\"position\":1,\"name\":\"Shop\",\"item\":\"https:\\\/\\\/www.ledizioni.it\\\/shop-2\\\/\"},{\"@type\":\"ListItem\",\"position\":2,\"name\":\"LA NULLIT\u00c0 PARZIALE NEI CONTRATTI DEL CONSUMATORE\"}]},{\"@type\":\"WebSite\",\"@id\":\"https:\\\/\\\/www.ledizioni.it\\\/#website\",\"url\":\"https:\\\/\\\/www.ledizioni.it\\\/\",\"name\":\"Ledizioni\",\"description\":\"The Innovative LediPublishing Company - Casa Editrice Universitaria\",\"publisher\":{\"@id\":\"https:\\\/\\\/www.ledizioni.it\\\/#organization\"},\"potentialAction\":[{\"@type\":\"SearchAction\",\"target\":{\"@type\":\"EntryPoint\",\"urlTemplate\":\"https:\\\/\\\/www.ledizioni.it\\\/?s={search_term_string}\"},\"query-input\":{\"@type\":\"PropertyValueSpecification\",\"valueRequired\":true,\"valueName\":\"search_term_string\"}}],\"inLanguage\":\"en-GB\"},{\"@type\":\"Organization\",\"@id\":\"https:\\\/\\\/www.ledizioni.it\\\/#organization\",\"name\":\"Ledizioni\",\"url\":\"https:\\\/\\\/www.ledizioni.it\\\/\",\"logo\":{\"@type\":\"ImageObject\",\"inLanguage\":\"en-GB\",\"@id\":\"https:\\\/\\\/www.ledizioni.it\\\/#\\\/schema\\\/logo\\\/image\\\/\",\"url\":\"https:\\\/\\\/www.ledizioni.it\\\/stag\\\/wp-content\\\/uploads\\\/2023\\\/10\\\/newlogoledizioni500x110_2-1.jpg\",\"contentUrl\":\"https:\\\/\\\/www.ledizioni.it\\\/stag\\\/wp-content\\\/uploads\\\/2023\\\/10\\\/newlogoledizioni500x110_2-1.jpg\",\"width\":354,\"height\":87,\"caption\":\"Ledizioni\"},\"image\":{\"@id\":\"https:\\\/\\\/www.ledizioni.it\\\/#\\\/schema\\\/logo\\\/image\\\/\"},\"sameAs\":[\"https:\\\/\\\/www.facebook.com\\\/pages\\\/Ledizioni-LediPublishing\\\/109120559173329\",\"https:\\\/\\\/x.com\\\/ledizioni\"]}]}<\/script>\n<!-- \/ Yoast SEO plugin. -->","yoast_head_json":{"title":"LA NULLIT\u00c0 PARZIALE NEI CONTRATTI DEL CONSUMATORE -","description":"Ledizioni - Innovative Publishing. Casa editrice universitaria. Open Access. eBook, ePub. Creative Commons.","robots":{"index":"index","follow":"follow","max-snippet":"max-snippet:-1","max-image-preview":"max-image-preview:large","max-video-preview":"max-video-preview:-1"},"canonical":"https:\/\/www.ledizioni.it\/en\/product\/la-nullita-parziale-nei-contratti-del-consumatore\/","og_locale":"en_GB","og_type":"article","og_title":"LA NULLIT\u00c0 PARZIALE NEI CONTRATTI DEL CONSUMATORE -","og_description":"Ledizioni - Innovative Publishing. Casa editrice universitaria. Open Access. eBook, ePub. Creative Commons.","og_url":"https:\/\/www.ledizioni.it\/en\/product\/la-nullita-parziale-nei-contratti-del-consumatore\/","og_site_name":"Ledizioni","article_publisher":"https:\/\/www.facebook.com\/pages\/Ledizioni-LediPublishing\/109120559173329","article_modified_time":"2024-01-09T15:19:07+00:00","og_image":[{"width":500,"height":626,"url":"https:\/\/www.ledizioni.it\/stag\/wp-content\/uploads\/2020\/08\/Takanen_3D.jpg","type":"image\/jpeg"}],"twitter_card":"summary_large_image","twitter_site":"@ledizioni","twitter_misc":{"Estimated reading time":"1 minute"},"schema":{"@context":"https:\/\/schema.org","@graph":[{"@type":"WebPage","@id":"https:\/\/www.ledizioni.it\/en\/product\/la-nullita-parziale-nei-contratti-del-consumatore\/","url":"https:\/\/www.ledizioni.it\/en\/product\/la-nullita-parziale-nei-contratti-del-consumatore\/","name":"LA NULLIT\u00c0 PARZIALE NEI CONTRATTI DEL CONSUMATORE -","isPartOf":{"@id":"https:\/\/www.ledizioni.it\/#website"},"primaryImageOfPage":{"@id":"https:\/\/www.ledizioni.it\/en\/product\/la-nullita-parziale-nei-contratti-del-consumatore\/#primaryimage"},"image":{"@id":"https:\/\/www.ledizioni.it\/en\/product\/la-nullita-parziale-nei-contratti-del-consumatore\/#primaryimage"},"thumbnailUrl":"https:\/\/www.ledizioni.it\/stag\/wp-content\/uploads\/2020\/08\/Takanen_3D.jpg","datePublished":"2020-08-25T12:53:47+00:00","dateModified":"2024-01-09T15:19:07+00:00","description":"Ledizioni - Innovative Publishing. Casa editrice universitaria. Open Access. eBook, ePub. Creative Commons.","breadcrumb":{"@id":"https:\/\/www.ledizioni.it\/en\/product\/la-nullita-parziale-nei-contratti-del-consumatore\/#breadcrumb"},"inLanguage":"en-GB","potentialAction":[{"@type":"ReadAction","target":["https:\/\/www.ledizioni.it\/en\/product\/la-nullita-parziale-nei-contratti-del-consumatore\/"]}]},{"@type":"ImageObject","inLanguage":"en-GB","@id":"https:\/\/www.ledizioni.it\/en\/product\/la-nullita-parziale-nei-contratti-del-consumatore\/#primaryimage","url":"https:\/\/www.ledizioni.it\/stag\/wp-content\/uploads\/2020\/08\/Takanen_3D.jpg","contentUrl":"https:\/\/www.ledizioni.it\/stag\/wp-content\/uploads\/2020\/08\/Takanen_3D.jpg","width":500,"height":626},{"@type":"BreadcrumbList","@id":"https:\/\/www.ledizioni.it\/en\/product\/la-nullita-parziale-nei-contratti-del-consumatore\/#breadcrumb","itemListElement":[{"@type":"ListItem","position":1,"name":"Shop","item":"https:\/\/www.ledizioni.it\/shop-2\/"},{"@type":"ListItem","position":2,"name":"LA NULLIT\u00c0 PARZIALE NEI CONTRATTI DEL CONSUMATORE"}]},{"@type":"WebSite","@id":"https:\/\/www.ledizioni.it\/#website","url":"https:\/\/www.ledizioni.it\/","name":"Ledizioni","description":"The Innovative LediPublishing Company - Casa Editrice Universitaria","publisher":{"@id":"https:\/\/www.ledizioni.it\/#organization"},"potentialAction":[{"@type":"SearchAction","target":{"@type":"EntryPoint","urlTemplate":"https:\/\/www.ledizioni.it\/?s={search_term_string}"},"query-input":{"@type":"PropertyValueSpecification","valueRequired":true,"valueName":"search_term_string"}}],"inLanguage":"en-GB"},{"@type":"Organization","@id":"https:\/\/www.ledizioni.it\/#organization","name":"Ledizioni","url":"https:\/\/www.ledizioni.it\/","logo":{"@type":"ImageObject","inLanguage":"en-GB","@id":"https:\/\/www.ledizioni.it\/#\/schema\/logo\/image\/","url":"https:\/\/www.ledizioni.it\/stag\/wp-content\/uploads\/2023\/10\/newlogoledizioni500x110_2-1.jpg","contentUrl":"https:\/\/www.ledizioni.it\/stag\/wp-content\/uploads\/2023\/10\/newlogoledizioni500x110_2-1.jpg","width":354,"height":87,"caption":"Ledizioni"},"image":{"@id":"https:\/\/www.ledizioni.it\/#\/schema\/logo\/image\/"},"sameAs":["https:\/\/www.facebook.com\/pages\/Ledizioni-LediPublishing\/109120559173329","https:\/\/x.com\/ledizioni"]}]}},"jetpack_sharing_enabled":true,"_links":{"self":[{"href":"https:\/\/www.ledizioni.it\/en\/wp-json\/wp\/v2\/product\/31846","targetHints":{"allow":["GET"]}}],"collection":[{"href":"https:\/\/www.ledizioni.it\/en\/wp-json\/wp\/v2\/product"}],"about":[{"href":"https:\/\/www.ledizioni.it\/en\/wp-json\/wp\/v2\/types\/product"}],"replies":[{"embeddable":true,"href":"https:\/\/www.ledizioni.it\/en\/wp-json\/wp\/v2\/comments?post=31846"}],"version-history":[{"count":0,"href":"https:\/\/www.ledizioni.it\/en\/wp-json\/wp\/v2\/product\/31846\/revisions"}],"wp:featuredmedia":[{"embeddable":true,"href":"https:\/\/www.ledizioni.it\/en\/wp-json\/wp\/v2\/media\/31852"}],"wp:attachment":[{"href":"https:\/\/www.ledizioni.it\/en\/wp-json\/wp\/v2\/media?parent=31846"}],"wp:term":[{"taxonomy":"product_brand","embeddable":true,"href":"https:\/\/www.ledizioni.it\/en\/wp-json\/wp\/v2\/product_brand?post=31846"},{"taxonomy":"product_cat","embeddable":true,"href":"https:\/\/www.ledizioni.it\/en\/wp-json\/wp\/v2\/product_cat?post=31846"},{"taxonomy":"product_tag","embeddable":true,"href":"https:\/\/www.ledizioni.it\/en\/wp-json\/wp\/v2\/product_tag?post=31846"}],"curies":[{"name":"wp","href":"https:\/\/api.w.org\/{rel}","templated":true}]}}