{"id":32006,"date":"2020-08-31T17:32:58","date_gmt":"2020-08-31T15:32:58","guid":{"rendered":"https:\/\/www.ledizioni.it\/?post_type=product&#038;p=32006"},"modified":"2021-07-01T09:43:25","modified_gmt":"2021-07-01T07:43:25","slug":"aristonothos-16-2020","status":"publish","type":"product","link":"https:\/\/www.ledizioni.it\/en\/product\/aristonothos-16-2020\/","title":{"rendered":"ARISTONOTHOS 16, 2020"},"content":{"rendered":"<ul>\n<li style=\"text-align: justify;\"><em>L\u2019iconographie navale en Italie tyrrh\u00e9nienne. (\u00c2ge du Bronze final \u2013 \u00c9poque archa\u00efque) <\/em>&#8211; Sol\u00e8ne Chevalier<\/li>\n<li style=\"text-align: justify;\"><em>Laminette plumbee iscritte da Himera &#8211; <\/em>Stefano Vassallo, A.M. Gabriella Calascibetta, Antonietta Brugnone<\/li>\n<li style=\"text-align: justify;\"><em>Dischi in lamina nella prima et\u00e0 del Ferro: il caso della necropoli di Chiavari &#8211; <\/em>Selene Busnelli<\/li>\n<li style=\"text-align: justify;\"><em>Ceppi in ferro da sepolture e da santuari (VIII-I sec. a.C.). Problemi di interpretazione &#8211; <\/em>Pier Giovanni Guzzo<\/li>\n<li style=\"text-align: justify;\"><em>Appunti sul segno dipinto sull\u2019Uovo di Struzzo tarquiniese: siglum o motivo decorativo? <\/em>&#8211; Eleonora Mina<\/li>\n<\/ul>\n<p>STUDI SUI SIGLA<em><br \/>\n<\/em><\/p>\n<ul>\n<li style=\"text-align: justify;\"><em>International Etruscan Sigla Project: premesse, sviluppi, lineamenti teorici <\/em>&#8211; Giovanna Bagnasco Gianni<\/li>\n<li style=\"text-align: justify;\"><em>La questione della resa grafica dei numerali etruschi: appunti e considerazioni<\/em> &#8211; Jennifer Alvino<\/li>\n<li style=\"text-align: justify;\"><em>Sigla da Pyrgi. Segni, marchi e contrassegni dal complesso santuariale e dal quartiere \u2018pubblico-cerimoniale\u2019 <\/em>&#8211; Laura M. Michetti, Elisa Abbondanzieri, Veronica Bartolomei<\/li>\n<li style=\"text-align: justify;\"><em>Le anfore a doppia spirale con sigla: i casi da contesti tombali di area etrusca, falisca e laziale <\/em>&#8211; Jennifer Alvino, Chiara Mottolese<\/li>\n<li style=\"text-align: justify;\"><em>Graffiti dai contesti abitativi e funerari della citt\u00e0 etrusca di Adria:<br \/>\nil segno a croce &#8211;<\/em> Andrea Gaucci<\/li>\n<li style=\"text-align: justify;\"><em>I sigla nella cultura di Golasecca: il caso del comprensorio proto-urbano di Castelletto Ticino-Sesto Calende-Golasecca<\/em> &#8211; Elena Barbieri<\/li>\n<li style=\"text-align: justify;\"><em>Gli ossi retici e l\u2019Etruria: un breve excursus sulle fonti<\/em> &#8211; Erica Abate<\/li>\n<\/ul>\n<p>&nbsp;<\/p>\n<p style=\"text-align: justify;\"><strong>DATI BIBLIOGRAFICI<\/strong><\/p>\n<p>Editore: Ledizioni<br \/>\nRivista: <a href=\"http:\/\/www.ledizioni.it\/en\/collane\/archeologia\/aristonothos\/\">Aristonothos<br \/>\n<\/a>Formato: brossura, 532 p.<br \/>\nPubblicato nel: luglio 2020<br \/>\nISSN: 2037 &#8211; 4488<br \/>\nPrezzo cartaceo: 35 \u20ac<\/p>","protected":false},"excerpt":{"rendered":"<p>L\u2019iconographie navale en Italie tyrrh\u00e9nienne. (\u00c2ge du Bronze final \u2013 \u00c9poque archa\u00efque) &#8211; Sol\u00e8ne Chevalier Laminette plumbee iscritte da Himera<\/p>","protected":false},"featured_media":32010,"comment_status":"open","ping_status":"closed","template":"","meta":{"_acf_changed":false},"product_brand":[],"product_cat":[1378],"product_tag":[1628],"class_list":{"0":"post-32006","1":"product","2":"type-product","3":"status-publish","4":"has-post-thumbnail","6":"product_cat-aristonothos","7":"product_tag-mediterraneo","8":"pa_formato-cartaceo","10":"first","11":"instock","12":"featured","13":"shipping-taxable","14":"purchasable","15":"product-type-simple"},"acf":[],"yoast_head":"<!-- This site is optimized with the Yoast SEO plugin v27.4 - https:\/\/yoast.com\/product\/yoast-seo-wordpress\/ -->\n<title>ARISTONOTHOS 16, 2020 -<\/title>\n<meta name=\"description\" content=\"Ledizioni - Innovative Publishing. Casa editrice universitaria. Open Access. eBook, ePub. Creative Commons.\" \/>\n<meta name=\"robots\" content=\"index, follow, max-snippet:-1, max-image-preview:large, max-video-preview:-1\" \/>\n<link rel=\"canonical\" href=\"https:\/\/www.ledizioni.it\/en\/product\/aristonothos-16-2020\/\" \/>\n<meta property=\"og:locale\" content=\"en_GB\" \/>\n<meta property=\"og:type\" content=\"article\" \/>\n<meta property=\"og:title\" content=\"ARISTONOTHOS 16, 2020 -\" \/>\n<meta property=\"og:description\" content=\"Ledizioni - Innovative Publishing. Casa editrice universitaria. Open Access. eBook, ePub. Creative Commons.\" \/>\n<meta property=\"og:url\" content=\"https:\/\/www.ledizioni.it\/en\/product\/aristonothos-16-2020\/\" \/>\n<meta property=\"og:site_name\" content=\"Ledizioni\" \/>\n<meta property=\"article:publisher\" content=\"https:\/\/www.facebook.com\/pages\/Ledizioni-LediPublishing\/109120559173329\" \/>\n<meta property=\"article:modified_time\" content=\"2021-07-01T07:43:25+00:00\" \/>\n<meta property=\"og:image\" content=\"https:\/\/www.ledizioni.it\/stag\/wp-content\/uploads\/2020\/08\/Aristonothos_16_3D.jpg\" \/>\n\t<meta property=\"og:image:width\" content=\"500\" \/>\n\t<meta property=\"og:image:height\" content=\"646\" \/>\n\t<meta property=\"og:image:type\" content=\"image\/jpeg\" \/>\n<meta name=\"twitter:card\" content=\"summary_large_image\" \/>\n<meta name=\"twitter:site\" content=\"@ledizioni\" \/>\n<meta name=\"twitter:label1\" content=\"Estimated reading time\" \/>\n\t<meta name=\"twitter:data1\" content=\"1 minute\" \/>\n<script type=\"application\/ld+json\" class=\"yoast-schema-graph\">{\"@context\":\"https:\\\/\\\/schema.org\",\"@graph\":[{\"@type\":\"WebPage\",\"@id\":\"https:\\\/\\\/www.ledizioni.it\\\/prodotto\\\/aristonothos-16-2020\\\/\",\"url\":\"https:\\\/\\\/www.ledizioni.it\\\/prodotto\\\/aristonothos-16-2020\\\/\",\"name\":\"ARISTONOTHOS 16, 2020 -\",\"isPartOf\":{\"@id\":\"https:\\\/\\\/www.ledizioni.it\\\/#website\"},\"primaryImageOfPage\":{\"@id\":\"https:\\\/\\\/www.ledizioni.it\\\/prodotto\\\/aristonothos-16-2020\\\/#primaryimage\"},\"image\":{\"@id\":\"https:\\\/\\\/www.ledizioni.it\\\/prodotto\\\/aristonothos-16-2020\\\/#primaryimage\"},\"thumbnailUrl\":\"https:\\\/\\\/www.ledizioni.it\\\/stag\\\/wp-content\\\/uploads\\\/2020\\\/08\\\/Aristonothos_16_3D.jpg\",\"datePublished\":\"2020-08-31T15:32:58+00:00\",\"dateModified\":\"2021-07-01T07:43:25+00:00\",\"description\":\"Ledizioni - Innovative Publishing. Casa editrice universitaria. Open Access. eBook, ePub. Creative Commons.\",\"breadcrumb\":{\"@id\":\"https:\\\/\\\/www.ledizioni.it\\\/prodotto\\\/aristonothos-16-2020\\\/#breadcrumb\"},\"inLanguage\":\"en-GB\",\"potentialAction\":[{\"@type\":\"ReadAction\",\"target\":[\"https:\\\/\\\/www.ledizioni.it\\\/prodotto\\\/aristonothos-16-2020\\\/\"]}]},{\"@type\":\"ImageObject\",\"inLanguage\":\"en-GB\",\"@id\":\"https:\\\/\\\/www.ledizioni.it\\\/prodotto\\\/aristonothos-16-2020\\\/#primaryimage\",\"url\":\"https:\\\/\\\/www.ledizioni.it\\\/stag\\\/wp-content\\\/uploads\\\/2020\\\/08\\\/Aristonothos_16_3D.jpg\",\"contentUrl\":\"https:\\\/\\\/www.ledizioni.it\\\/stag\\\/wp-content\\\/uploads\\\/2020\\\/08\\\/Aristonothos_16_3D.jpg\",\"width\":500,\"height\":646},{\"@type\":\"BreadcrumbList\",\"@id\":\"https:\\\/\\\/www.ledizioni.it\\\/prodotto\\\/aristonothos-16-2020\\\/#breadcrumb\",\"itemListElement\":[{\"@type\":\"ListItem\",\"position\":1,\"name\":\"Shop\",\"item\":\"https:\\\/\\\/www.ledizioni.it\\\/shop-2\\\/\"},{\"@type\":\"ListItem\",\"position\":2,\"name\":\"ARISTONOTHOS 16, 2020\"}]},{\"@type\":\"WebSite\",\"@id\":\"https:\\\/\\\/www.ledizioni.it\\\/#website\",\"url\":\"https:\\\/\\\/www.ledizioni.it\\\/\",\"name\":\"Ledizioni\",\"description\":\"The Innovative LediPublishing Company - Casa Editrice Universitaria\",\"publisher\":{\"@id\":\"https:\\\/\\\/www.ledizioni.it\\\/#organization\"},\"potentialAction\":[{\"@type\":\"SearchAction\",\"target\":{\"@type\":\"EntryPoint\",\"urlTemplate\":\"https:\\\/\\\/www.ledizioni.it\\\/?s={search_term_string}\"},\"query-input\":{\"@type\":\"PropertyValueSpecification\",\"valueRequired\":true,\"valueName\":\"search_term_string\"}}],\"inLanguage\":\"en-GB\"},{\"@type\":\"Organization\",\"@id\":\"https:\\\/\\\/www.ledizioni.it\\\/#organization\",\"name\":\"Ledizioni\",\"url\":\"https:\\\/\\\/www.ledizioni.it\\\/\",\"logo\":{\"@type\":\"ImageObject\",\"inLanguage\":\"en-GB\",\"@id\":\"https:\\\/\\\/www.ledizioni.it\\\/#\\\/schema\\\/logo\\\/image\\\/\",\"url\":\"https:\\\/\\\/www.ledizioni.it\\\/stag\\\/wp-content\\\/uploads\\\/2023\\\/10\\\/newlogoledizioni500x110_2-1.jpg\",\"contentUrl\":\"https:\\\/\\\/www.ledizioni.it\\\/stag\\\/wp-content\\\/uploads\\\/2023\\\/10\\\/newlogoledizioni500x110_2-1.jpg\",\"width\":354,\"height\":87,\"caption\":\"Ledizioni\"},\"image\":{\"@id\":\"https:\\\/\\\/www.ledizioni.it\\\/#\\\/schema\\\/logo\\\/image\\\/\"},\"sameAs\":[\"https:\\\/\\\/www.facebook.com\\\/pages\\\/Ledizioni-LediPublishing\\\/109120559173329\",\"https:\\\/\\\/x.com\\\/ledizioni\"]}]}<\/script>\n<!-- \/ Yoast SEO plugin. -->","yoast_head_json":{"title":"ARISTONOTHOS 16, 2020 -","description":"Ledizioni - Innovative Publishing. Casa editrice universitaria. Open Access. eBook, ePub. Creative Commons.","robots":{"index":"index","follow":"follow","max-snippet":"max-snippet:-1","max-image-preview":"max-image-preview:large","max-video-preview":"max-video-preview:-1"},"canonical":"https:\/\/www.ledizioni.it\/en\/product\/aristonothos-16-2020\/","og_locale":"en_GB","og_type":"article","og_title":"ARISTONOTHOS 16, 2020 -","og_description":"Ledizioni - Innovative Publishing. Casa editrice universitaria. Open Access. eBook, ePub. Creative Commons.","og_url":"https:\/\/www.ledizioni.it\/en\/product\/aristonothos-16-2020\/","og_site_name":"Ledizioni","article_publisher":"https:\/\/www.facebook.com\/pages\/Ledizioni-LediPublishing\/109120559173329","article_modified_time":"2021-07-01T07:43:25+00:00","og_image":[{"width":500,"height":646,"url":"https:\/\/www.ledizioni.it\/stag\/wp-content\/uploads\/2020\/08\/Aristonothos_16_3D.jpg","type":"image\/jpeg"}],"twitter_card":"summary_large_image","twitter_site":"@ledizioni","twitter_misc":{"Estimated reading time":"1 minute"},"schema":{"@context":"https:\/\/schema.org","@graph":[{"@type":"WebPage","@id":"https:\/\/www.ledizioni.it\/prodotto\/aristonothos-16-2020\/","url":"https:\/\/www.ledizioni.it\/prodotto\/aristonothos-16-2020\/","name":"ARISTONOTHOS 16, 2020 -","isPartOf":{"@id":"https:\/\/www.ledizioni.it\/#website"},"primaryImageOfPage":{"@id":"https:\/\/www.ledizioni.it\/prodotto\/aristonothos-16-2020\/#primaryimage"},"image":{"@id":"https:\/\/www.ledizioni.it\/prodotto\/aristonothos-16-2020\/#primaryimage"},"thumbnailUrl":"https:\/\/www.ledizioni.it\/stag\/wp-content\/uploads\/2020\/08\/Aristonothos_16_3D.jpg","datePublished":"2020-08-31T15:32:58+00:00","dateModified":"2021-07-01T07:43:25+00:00","description":"Ledizioni - Innovative Publishing. Casa editrice universitaria. Open Access. eBook, ePub. Creative Commons.","breadcrumb":{"@id":"https:\/\/www.ledizioni.it\/prodotto\/aristonothos-16-2020\/#breadcrumb"},"inLanguage":"en-GB","potentialAction":[{"@type":"ReadAction","target":["https:\/\/www.ledizioni.it\/prodotto\/aristonothos-16-2020\/"]}]},{"@type":"ImageObject","inLanguage":"en-GB","@id":"https:\/\/www.ledizioni.it\/prodotto\/aristonothos-16-2020\/#primaryimage","url":"https:\/\/www.ledizioni.it\/stag\/wp-content\/uploads\/2020\/08\/Aristonothos_16_3D.jpg","contentUrl":"https:\/\/www.ledizioni.it\/stag\/wp-content\/uploads\/2020\/08\/Aristonothos_16_3D.jpg","width":500,"height":646},{"@type":"BreadcrumbList","@id":"https:\/\/www.ledizioni.it\/prodotto\/aristonothos-16-2020\/#breadcrumb","itemListElement":[{"@type":"ListItem","position":1,"name":"Shop","item":"https:\/\/www.ledizioni.it\/shop-2\/"},{"@type":"ListItem","position":2,"name":"ARISTONOTHOS 16, 2020"}]},{"@type":"WebSite","@id":"https:\/\/www.ledizioni.it\/#website","url":"https:\/\/www.ledizioni.it\/","name":"Ledizioni","description":"The Innovative LediPublishing Company - Casa Editrice Universitaria","publisher":{"@id":"https:\/\/www.ledizioni.it\/#organization"},"potentialAction":[{"@type":"SearchAction","target":{"@type":"EntryPoint","urlTemplate":"https:\/\/www.ledizioni.it\/?s={search_term_string}"},"query-input":{"@type":"PropertyValueSpecification","valueRequired":true,"valueName":"search_term_string"}}],"inLanguage":"en-GB"},{"@type":"Organization","@id":"https:\/\/www.ledizioni.it\/#organization","name":"Ledizioni","url":"https:\/\/www.ledizioni.it\/","logo":{"@type":"ImageObject","inLanguage":"en-GB","@id":"https:\/\/www.ledizioni.it\/#\/schema\/logo\/image\/","url":"https:\/\/www.ledizioni.it\/stag\/wp-content\/uploads\/2023\/10\/newlogoledizioni500x110_2-1.jpg","contentUrl":"https:\/\/www.ledizioni.it\/stag\/wp-content\/uploads\/2023\/10\/newlogoledizioni500x110_2-1.jpg","width":354,"height":87,"caption":"Ledizioni"},"image":{"@id":"https:\/\/www.ledizioni.it\/#\/schema\/logo\/image\/"},"sameAs":["https:\/\/www.facebook.com\/pages\/Ledizioni-LediPublishing\/109120559173329","https:\/\/x.com\/ledizioni"]}]}},"jetpack_sharing_enabled":true,"_links":{"self":[{"href":"https:\/\/www.ledizioni.it\/en\/wp-json\/wp\/v2\/product\/32006","targetHints":{"allow":["GET"]}}],"collection":[{"href":"https:\/\/www.ledizioni.it\/en\/wp-json\/wp\/v2\/product"}],"about":[{"href":"https:\/\/www.ledizioni.it\/en\/wp-json\/wp\/v2\/types\/product"}],"replies":[{"embeddable":true,"href":"https:\/\/www.ledizioni.it\/en\/wp-json\/wp\/v2\/comments?post=32006"}],"version-history":[{"count":0,"href":"https:\/\/www.ledizioni.it\/en\/wp-json\/wp\/v2\/product\/32006\/revisions"}],"wp:featuredmedia":[{"embeddable":true,"href":"https:\/\/www.ledizioni.it\/en\/wp-json\/wp\/v2\/media\/32010"}],"wp:attachment":[{"href":"https:\/\/www.ledizioni.it\/en\/wp-json\/wp\/v2\/media?parent=32006"}],"wp:term":[{"taxonomy":"product_brand","embeddable":true,"href":"https:\/\/www.ledizioni.it\/en\/wp-json\/wp\/v2\/product_brand?post=32006"},{"taxonomy":"product_cat","embeddable":true,"href":"https:\/\/www.ledizioni.it\/en\/wp-json\/wp\/v2\/product_cat?post=32006"},{"taxonomy":"product_tag","embeddable":true,"href":"https:\/\/www.ledizioni.it\/en\/wp-json\/wp\/v2\/product_tag?post=32006"}],"curies":[{"name":"wp","href":"https:\/\/api.w.org\/{rel}","templated":true}]}}